{"id":3072,"date":"2025-02-01T20:28:45","date_gmt":"2025-02-01T18:28:45","guid":{"rendered":"https:\/\/zbranebudai.sk\/?post_type=product&#038;p=3072"},"modified":"2025-08-31T03:56:31","modified_gmt":"2025-08-31T01:56:31","slug":"pulsar-termion-2-xq35-pro-hokamera-celtavcso","status":"publish","type":"product","link":"https:\/\/zbranebudai.sk\/hu\/product\/pulsar-thermion-2-xq35-pro-hokamera-celtavcso\/","title":{"rendered":"Pulsar THERMION 2 XQ35 PRO h\u0151kamer\u00e1s c\u00e9lt\u00e1vcs\u0151"},"content":{"rendered":"<h2 class=\"text-center font-weight-bold\"><strong>F50\/1.0 nagy f\u00e9ny\u00e1tereszt\u0151 k\u00e9pess\u00e9g\u0171 objekt\u00edv<\/strong><\/h2>\n<p>A h\u0151kamer\u00e1s optika tulajdons\u00e1gai d\u00f6nt\u0151 hat\u00e1ssal vannak arra, hogy a h\u0151kamera m\u00e9g a legalacsonyabb szint\u0171 h\u0151sug\u00e1rz\u00e1st is k\u00e9pes-e r\u00f6gz\u00edteni. A t\u00f6k\u00e9letes \u00e9rz\u00e9kel\u00e9st a Thermion 2 LRF (F\/1,0) objekt\u00edv \u00e9s a nagy \u00e9rz\u00e9kenys\u00e9g\u0171 h\u0151\u00e9rz\u00e9kel\u0151 kombin\u00e1ci\u00f3ja biztos\u00edtja. A Thermion 2 LRF mindig a legjobb min\u0151s\u00e9g\u0171, legr\u00e9szletesebb \u00e9s nagy kontraszt\u00fa k\u00e9peket ny\u00fajtja a felhaszn\u00e1l\u00f3knak, m\u00e9g es\u0151ben vagy k\u00f6dben is, amikor a megfigyelt helysz\u00edn kontrasztja minim\u00e1lis.<\/p>\n<h2 class=\"text-center font-weight-bold\"><strong>Hossz\u00fa, ak\u00e1r 2300 m-es \u00e9rz\u00e9kel\u00e9si tartom\u00e1ny<\/strong><\/h2>\n<p>A nagy \u00e1tereszt\u0151k\u00e9pess\u00e9g\u0171 F50\/1,0 rekeszny\u00edl\u00e1s\u00fa objekt\u00edv \u00e9s a rendk\u00edv\u00fcl \u00e9rz\u00e9keny h\u0151k\u00e9p\u00e9rz\u00e9kel\u0151k kombin\u00e1ci\u00f3ja kiv\u00e9teles \u00e9szlel\u00e9si k\u00e9pess\u00e9get biztos\u00edt. Egy szabv\u00e1nyos, 1,8 m magas t\u00e1rgy 1800-2300 m t\u00e1vols\u00e1gb\u00f3l, teljes s\u00f6t\u00e9ts\u00e9gben is \u00e9rz\u00e9kelhet\u0151.<\/p>\n<h2 class=\"text-center font-weight-bold\">Ak\u00e1r 10 \u00f3r\u00e1s akkumul\u00e1tor-\u00fczemid\u0151 egyetlen felt\u00f6lt\u00e9ssel<\/h2>\n<p>A Thermion 2 LRF k\u00e9t \u00fajrat\u00f6lthet\u0151 akkumul\u00e1torral m\u0171k\u00f6dik: az egyik be\u00e9p\u00edtett, 4,9 Ah kapacit\u00e1s\u00fa, a m\u00e1sik cser\u00e9lhet\u0151, 2 Ah kapacit\u00e1s\u00fa. Egy felt\u00f6lt\u00e9s ak\u00e1r 10 \u00f3r\u00e1s akkumul\u00e1tor-\u00fczemid\u0151t is garant\u00e1l, ami a c\u00e9lt\u00e1vcs\u0151 akt\u00edv haszn\u00e1lat\u00e1nak idej\u00e9t fedezi vad\u00e1szat k\u00f6zben. A cser\u00e9lhet\u0151 akkumul\u00e1tor test\u00e9n tal\u00e1lhat\u00f3, pontos poz\u00edcion\u00e1l\u00e1sra szolg\u00e1l\u00f3 dombor\u00edt\u00e1s lehet\u0151v\u00e9 teszi a lemer\u00fclt akkumul\u00e1tor gyors \u00e9s biztos cser\u00e9j\u00e9t egy \u00fajjal a teljes s\u00f6t\u00e9ts\u00e9gben, k\u00f6d ut\u00e1n.<\/p>\n<h2 class=\"text-center font-weight-bold\"><strong>Nagy pontoss\u00e1g\u00fa, k\u00e9toldalas lencsef\u00f3kusz\u00e1l\u00e1s<\/strong><\/h2>\n<p>A bels\u0151 f\u00f3kusz\u00e1l\u00f3 mechanizmussal ell\u00e1tott objekt\u00edv b\u00e1rmilyen t\u00e1vols\u00e1gb\u00f3l \u00e9les \u00e9s tiszta k\u00e9pet biztos\u00edt. Az ergonomikus f\u00f3kusz\u00e1l\u00f3 kerekek a jobb \u00e9s bal oldalon tal\u00e1lhat\u00f3k, \u00edgy a f\u00f3kusz\u00e1l\u00e1s a jobb- \u00e9s balkezes felhaszn\u00e1l\u00f3k sz\u00e1m\u00e1ra is egyszer\u0171.<\/p>\n<h2 class=\"text-center font-weight-bold\"><strong>Pontos<\/strong><\/h2>\n<h3 class=\"font-weight-bold\"><strong>V\u00e1ltoz\u00f3 nagy\u00edt\u00e1s<\/strong><\/h3>\n<p>A Thermion 2 LRF alapnagy\u00edt\u00e1sa a modellt\u0151l f\u00fcgg\u0151en 4x-r\u0151l 8x-ra n\u00f6velhet\u0151. A nagy\u00edt\u00e1s vagy fokozatosan, 2x-szel megszorozva, vagy folyamatosan v\u00e1ltoztathat\u00f3, \u00edgy a nagy\u00edt\u00e1s \u00e9s a l\u00e1t\u00f3mez\u0151 ide\u00e1lis ar\u00e1nya az adott helyzetre be\u00e1ll\u00edthat\u00f3.<\/p>\n<h3 class=\"font-weight-bold\">Pontos c\u00e9lz\u00e1s k\u00e9p-a-k\u00e9pben m\u00f3dban<\/h3>\n<p>A \"k\u00e9p a k\u00e9pben\" funkci\u00f3 lehet\u0151v\u00e9 teszi a l\u00f6v\u00e9sz sz\u00e1m\u00e1ra, hogy a k\u00f6vetkez\u0151 ablakban a kereszt pontos el\u0151n\u00e9zet\u00e9t l\u00e1ssa. A keret, amely a teljes kijelz\u0151ter\u00fcletnek mind\u00f6ssze 10 % r\u00e9sz\u00e9t foglalja el, a c\u00e9lpont \u00e9s a kereszt nagy\u00edtott k\u00e9p\u00e9t jelen\u00edti meg, lehet\u0151v\u00e9 t\u00e9ve a felhaszn\u00e1l\u00f3 sz\u00e1m\u00e1ra, hogy a c\u00e9lz\u00e1si ter\u00fcleten l\u00e9v\u0151 k\u00e9pet k\u00f6zelr\u0151l megfigyelje, mik\u00f6zben a teljes l\u00e1t\u00f3mez\u0151t vizu\u00e1lisan ellen\u0151rizheti.<\/p>\n<h3 class=\"font-weight-bold\"><strong>10 alakra szabott tananyagb\u00f3l v\u00e1laszthat\u00f3 9 sz\u00ednkombin\u00e1ci\u00f3ban<\/strong><\/h3>\n<p>A c\u00e9lkeresztvonalak elektronikusan a c\u00e9lt\u00e1bla k\u00e9p\u00e9vel azonos kijelz\u0151s\u00edkon jelennek meg. A Thermion 2 LRF mem\u00f3ri\u00e1ja a r\u00f3zsasz\u00edn c\u00e9lt\u00e1vcs\u0151-t\u00edpusok (klasszikus, ballisztikus, sk\u00e1l\u00e1zhat\u00f3) t\u00edz konfigur\u00e1ci\u00f3j\u00e1t tartalmazza, amelyek kilenc sz\u00ednkombin\u00e1ci\u00f3ban \u00e1llnak rendelkez\u00e9sre.<\/p>\n<h3 class=\"font-weight-bold\"><strong>5 egyedi t\u00fczel\u00e9si profil \/ 50 t\u00fczel\u00e9si t\u00e1vols\u00e1g<\/strong><\/h3>\n<p>A l\u00f6v\u00e9si \u00e9rt\u00e9kek az egyes l\u00f6v\u0151k profilj\u00e1ban vannak t\u00e1rolva. A Thermion 2 LRF bels\u0151 mem\u00f3ri\u00e1ja ak\u00e1r \u00f6t l\u0151profil is lehet, amelyek t\u00f6bb fegyvert\u00edpushoz vagy t\u00f6lt\u00e9nyt\u00edpushoz haszn\u00e1lhat\u00f3k. Minden profil legfeljebb t\u00edz t\u00e1vols\u00e1gi l\u00f6v\u00e9st tartalmazhat.<\/p>\n<h2 class=\"text-center font-weight-bold\"><strong>Tart\u00f3s \u00e9s megb\u00edzhat\u00f3<\/strong><\/h2>\n<h3 class=\"font-weight-bold\">Szerel\u00e9s szabv\u00e1nyos 30 mm-es gy\u0171r\u0171kre<\/h3>\n<p>A Thermion 2 LRF vizu\u00e1lis eszt\u00e9tik\u00e1t k\u00edn\u00e1l b\u00e1rmely vad\u00e1szfegyveren. K\u00edv\u00fclr\u0151l a c\u00e9lt\u00e1vcs\u0151 egy klasszikus nappali c\u00e9lt\u00e1vcs\u0151re hasonl\u00edt egy 30 mm-es cs\u0151ben Ez a forma biztos\u00edtja a rugalmass\u00e1got a c\u00e9lt\u00e1vcs\u0151 vad\u00e1szpusk\u00e1kra t\u00f6rt\u00e9n\u0151 felszerel\u00e9s\u00e9hez a bev\u00e1lt klasszikus gy\u0171r\u0171kkel.<\/p>\n<h3 class=\"font-weight-bold\"><strong>Azonnali ind\u00edt\u00e1s<\/strong><\/h3>\n<p>A bekapcsol\u00f3gomb megnyom\u00e1sa ut\u00e1n mind\u00f6ssze 3 m\u00e1sodperccel a Thermion 2 LRF teljesen haszn\u00e1latra k\u00e9sz.<\/p>\n<h3 class=\"font-weight-bold\"><strong>Teljesen IPX7 v\u00edz\u00e1ll\u00f3<\/strong><\/h3>\n<p>A Thermion 2 LRF c\u00e9lz\u00f3k\u00e9sz\u00fcl\u00e9kek IPX7 v\u00edz\u00e1ll\u00f3ak, \u00edgy magas p\u00e1ratartalomban \u00e9s er\u0151s es\u0151ben is m\u0171k\u00f6dnek, \u00e9s f\u00e9l \u00f3r\u00e1n \u00e1t kib\u00edrj\u00e1k az ak\u00e1r 1 m\u00e9ter m\u00e9ly v\u00edzbe mer\u00fcl\u00e9st is.<\/p>\n<h3 class=\"font-weight-bold\"><strong>Nagy visszar\u00fag\u00e1s\u00e1ll\u00f3s\u00e1g: 12 kaliber, 9,3\u00d764, .375H&amp;H<\/strong><\/h3>\n<p>A Thermion 2 LRF termikus c\u00e9lz\u00f3k\u00e9sz\u00fcl\u00e9kek rendk\u00edv\u00fcl \u00fct\u00e9s\u00e1ll\u00f3ak, \u00e9s 9,3\u00d764, .30-06, .300, .375H&amp;H stb. kaliber\u0171 vad\u00e1szpusk\u00e1khoz, valamint simacs\u00f6v\u0171 s\u00f6r\u00e9tes pusk\u00e1khoz \u00e9s l\u00e9gpusk\u00e1khoz is haszn\u00e1lhat\u00f3k.<\/p>\n<h3 class=\"font-weight-bold\"><strong>M\u0171k\u00f6d\u00e9si h\u0151m\u00e9rs\u00e9klet-tartom\u00e1ny: -25 \u00e9s +50 \u00b0C k\u00f6z\u00f6tt<\/strong><\/h3>\n<p>A Thermion 2 LRF c\u00e9lz\u00f3k\u00e9sz\u00fcl\u00e9keket \u00fagy tervezt\u00e9k, hogy sz\u00e9les h\u0151m\u00e9rs\u00e9klet-tartom\u00e1nyban -25 \u00e9s +50 \u00b0C k\u00f6z\u00f6tt m\u0171k\u00f6djenek. A fagy\u00e1ll\u00f3 AMOLED kijelz\u0151 gyors reakci\u00f3k\u00e9szs\u00e9ggel t\u0171nik ki, \u00e9s \u00e9les k\u00e9pet biztos\u00edt a mozg\u00f3 c\u00e9lpontban \u00e9s a mozg\u00f3 c\u00e9lponton t\u00f6rt\u00e9n\u0151 megtekint\u00e9skor egyar\u00e1nt.<\/p>\n<h2 class=\"text-center font-weight-bold\"><strong>F\u00e9nyk\u00e9p- \u00e9s videofelv\u00e9tel<\/strong><\/h2>\n<p>\u0150rizze meg a legjobb vad\u00e1szpillanatait, \u00e9s ossza meg azokat bar\u00e1taival \u00e9s vad\u00e1szt\u00e1rsaival. Egyetlen gombnyom\u00e1ssal meg\u00f6r\u00f6k\u00edthet egy izgalmas pillanatot, vagy elind\u00edthatja a vide\u00f3felv\u00e9telt. A 16 GB-os bels\u0151 mem\u00f3ria t\u00f6bb \u00f3r\u00e1nyi vide\u00f3 \u00e9s t\u00f6bb t\u00edzezer f\u00e9nyk\u00e9p t\u00e1rol\u00e1s\u00e1ra ny\u00fajt lehet\u0151s\u00e9get.<\/p>\n<table class=\"parametry table table-striped\" style=\"height: 1100px;\" width=\"1179\" cellspacing=\"0\" cellpadding=\"2\">\n<tbody>\n<tr class=\"odd\">\n<th scope=\"row\"><abbr title=\" T\u00e1vcs\u0151 nagy\u00edt\u00e1s \">Nagy\u00edt\u00e1s<\/abbr>:<\/th>\n<td>2,5 - 10x<\/td>\n<\/tr>\n<tr class=\"even\">\n<th scope=\"row\">Digit\u00e1lis nagy\u00edt\u00e1s:<\/th>\n<td>4<\/td>\n<\/tr>\n<tr class=\"odd\">\n<th scope=\"row\">Mikrobolom\u00e9ter:<\/th>\n<td>384\u00d7288 px<\/td>\n<\/tr>\n<tr class=\"even\">\n<th scope=\"row\"><abbr title=\" Az \u00e9rz\u00e9kel\u0151 azon k\u00e9pess\u00e9ge, hogy a lehet\u0151 legkisebb h\u0151m\u00e9rs\u00e9klet-k\u00fcl\u00f6nbs\u00e9ggel k\u00e9pes megk\u00fcl\u00f6nb\u00f6ztetni k\u00e9t k\u00f6zeli pontot. \">NETD<\/abbr>:<\/th>\n<td>&lt;25mK<\/td>\n<\/tr>\n<tr class=\"odd\">\n<th scope=\"row\">Pixel m\u00e9ret:<\/th>\n<td>17 \u00b5m<\/td>\n<\/tr>\n<tr class=\"odd\">\n<th scope=\"row\">Kijelz\u0151 t\u00edpusa: A kijelz\u0151 t\u00edpusa:<\/th>\n<td>AMOLED HD<\/td>\n<\/tr>\n<tr class=\"even\">\n<th scope=\"row\">Kijelz\u0151 felbont\u00e1sa:<\/th>\n<td>1024\u00d7768<\/td>\n<\/tr>\n<tr class=\"odd\">\n<th scope=\"row\">K\u00e9pkocka sebess\u00e9g:<\/th>\n<td>50 Hz<\/td>\n<\/tr>\n<tr class=\"even\">\n<th scope=\"row\">\u00c9rz\u00e9kel\u00e9si t\u00e1vols\u00e1g:<\/th>\n<td>1800m<\/td>\n<\/tr>\n<tr class=\"odd\">\n<th scope=\"row\">F\u00f3kuszt\u00e1vols\u00e1g:<\/th>\n<td>50 mm<\/td>\n<\/tr>\n<tr class=\"even\">\n<th scope=\"row\">Objekt\u00edv param\u00e9terek:<\/th>\n<td>F50\/1.0<\/td>\n<\/tr>\n<tr class=\"odd\">\n<th scope=\"row\">Betekint\u00e9si sz\u00f6g:<\/th>\n<td>7.5\u00d75.6\u00b0<\/td>\n<\/tr>\n<tr class=\"even\">\n<th scope=\"row\">L\u00e1t\u00f3mez\u0151 100 m\u00e9teren:<\/th>\n<td>13.1\u00d79.8 m<\/td>\n<\/tr>\n<tr class=\"odd\">\n<th scope=\"row\"><abbr title=\" A szemt\u00e1vols\u00e1g az a t\u00e1vols\u00e1g az okul\u00e1r utols\u00f3 lencs\u00e9je \u00e9s a megfigyel\u0151 szeme k\u00f6z\u00f6tt, amelyn\u00e9l a teljes l\u00e1t\u00f3mez\u0151 k\u00e9nyelmesen l\u00e1that\u00f3. \">Szemkiemel\u00e9s<\/abbr>:<\/th>\n<td>50mm<\/td>\n<\/tr>\n<tr class=\"even\">\n<th scope=\"row\">T\u00e1pegys\u00e9g:<\/th>\n<td>3.0 - 4.2V, bels\u0151 4.9Ah, k\u00fcls\u0151 2Ah (Li-ion akkumul\u00e1torok) V<\/td>\n<\/tr>\n<tr class=\"odd\">\n<th scope=\"row\">K\u00fcls\u0151 t\u00e1pegys\u00e9g:<\/th>\n<td>5V, 9V (USB-C)<\/td>\n<\/tr>\n<tr class=\"even\">\n<th scope=\"row\">VIDE\u00d3:<\/th>\n<td>Igen<\/td>\n<\/tr>\n<tr class=\"odd\">\n<th scope=\"row\">Mem\u00f3ria m\u00e9rete:<\/th>\n<td>16 Gb<\/td>\n<\/tr>\n<tr class=\"even\">\n<th scope=\"row\">Vide\u00f3\/f\u00e9nyk\u00e9p form\u00e1tum:<\/th>\n<td>.mp4 \/.jpg<\/td>\n<\/tr>\n<tr class=\"odd\">\n<th scope=\"row\">Vide\u00f3\/Fot\u00f3 felbont\u00e1s:<\/th>\n<td>1024\u00d7768<\/td>\n<\/tr>\n<tr class=\"even\">\n<th scope=\"row\">Cs\u0151\u00e1tm\u00e9r\u0151:<\/th>\n<td>30 mm<\/td>\n<\/tr>\n<tr class=\"odd\">\n<th scope=\"row\">Jav\u00edt\u00e1si l\u00e9p\u00e9s:<\/th>\n<td>13 - 3x, 6.5 - 6x, 3.25 - 12x mm\/100m<\/td>\n<\/tr>\n<tr class=\"even\">\n<th scope=\"row\">A horizont\u00e1lis kiigaz\u00edt\u00e1s m\u00e9rt\u00e9ke:<\/th>\n<td>90MOA<\/td>\n<\/tr>\n<tr class=\"odd\">\n<th scope=\"row\">A horizont\u00e1lis kiigaz\u00edt\u00e1s m\u00e9rt\u00e9ke:<\/th>\n<td>2600mm\/100m<\/td>\n<\/tr>\n<tr class=\"even\">\n<th scope=\"row\">A f\u00fcgg\u0151leges egyenget\u00e9s m\u00e9rt\u00e9ke:<\/th>\n<td>90MOA<\/td>\n<\/tr>\n<tr class=\"odd\">\n<th scope=\"row\">A f\u00fcgg\u0151leges egyenget\u00e9s m\u00e9rt\u00e9ke:<\/th>\n<td>2600mm\/100m<\/td>\n<\/tr>\n<tr class=\"even\">\n<th scope=\"row\">A l\u00e1ncfonal t\u00edpusa:<\/th>\n<td>10 b\u00e1zis<\/td>\n<\/tr>\n<tr class=\"odd\">\n<th scope=\"row\">Visszar\u00fag\u00e1ssal szembeni ellen\u00e1ll\u00e1s:<\/th>\n<td>6000J<\/td>\n<\/tr>\n<tr class=\"even\">\n<th scope=\"row\">Anyag:<\/th>\n<td>Alum\u00ednium \u00f6tv\u00f6zet<\/td>\n<\/tr>\n<tr class=\"odd\">\n<th scope=\"row\">V\u00edz\u00e1ll\u00f3s\u00e1g:<\/th>\n<td>IPX7<\/td>\n<\/tr>\n<tr class=\"even\">\n<th scope=\"row\">\u00dczemi h\u0151m\u00e9rs\u00e9klet:<\/th>\n<td>-25 ... +50 \u00b0C<\/td>\n<\/tr>\n<tr class=\"odd\">\n<th scope=\"row\">Wi-Fi:<\/th>\n<td>2,4 \/ 5 GHz<\/td>\n<\/tr>\n<tr class=\"even\">\n<th scope=\"row\">USB, t\u00edpus:<\/th>\n<td>USB-C<\/td>\n<\/tr>\n<tr class=\"odd\">\n<th scope=\"row\">M\u0171k\u00f6d\u00e9si id\u0151 ( t22\u00b0C-on):<\/th>\n<td>10 \u00f3ra.<\/td>\n<\/tr>\n<tr class=\"even\">\n<th scope=\"row\">M\u00e9retek:<\/th>\n<td>420\u00d778.5\u00d794.5mm<\/td>\n<\/tr>\n<tr class=\"odd\">\n<th scope=\"row\">S\u00faly:<\/th>\n<td>0,97kg<\/td>\n<\/tr>\n<\/tbody>\n<\/table>\n<p><a href=\"https:\/\/www.pulsar-nv.com\/glo\/products\/33\/thermal-imaging-riflescopes\/thermion-2\/\">https:\/\/www.pulsar-nv.com\/glo\/products\/33\/thermal-imaging-riflescopes\/thermion-2\/<\/a><\/p>","protected":false},"excerpt":{"rendered":"<p>A NETD &lt;25mK h\u0151\u00e9rz\u00e9kel\u0151 t\u00f6k\u00e9letes r\u00e9szletfelismer\u00e9st biztos\u00edt m\u00e9g a legnehezebb id\u0151j\u00e1r\u00e1si k\u00f6r\u00fclm\u00e9nyek k\u00f6z\u00f6tt is, ahol a h\u0151m\u00e9rs\u00e9klet-kontraszt alacsony. A legkisebb h\u0151m\u00e9rs\u00e9kletk\u00fcl\u00f6nbs\u00e9gek is j\u00f3l l\u00e1that\u00f3ak lesznek es\u0151ben, k\u00f6dben vagy hideg reggelen, a h\u0151kamer\u00e1s felv\u00e9telek k\u00e9sz\u00edt\u00e9s\u00e9hez legnehezebb k\u00f6r\u00fclm\u00e9nyek k\u00f6z\u00f6tt.<\/p>","protected":false},"featured_media":3180,"template":"","meta":{"_gspb_post_css":""},"product_brand":[317],"product_cat":[21,144,329],"product_tag":[172,362,356],"class_list":{"0":"post-3072","1":"product","2":"type-product","3":"status-publish","4":"has-post-thumbnail","6":"product_brand-pulsar","7":"product_cat-optika","8":"product_cat-termovizie","9":"product_cat-termovizne-puskohlady","10":"product_tag-pulsar","11":"product_tag-termovizny-puskohlad","12":"product_tag-thermion","14":"first","15":"instock","16":"taxable","17":"shipping-taxable","18":"purchasable","19":"product-type-simple"},"ct_brands":[{"id":317,"name":"Pulsar","slug":"pulzar"}],"_links":{"self":[{"href":"https:\/\/zbranebudai.sk\/hu\/wp-json\/wp\/v2\/product\/3072","targetHints":{"allow":["GET"]}}],"collection":[{"href":"https:\/\/zbranebudai.sk\/hu\/wp-json\/wp\/v2\/product"}],"about":[{"href":"https:\/\/zbranebudai.sk\/hu\/wp-json\/wp\/v2\/types\/product"}],"wp:featuredmedia":[{"embeddable":true,"href":"https:\/\/zbranebudai.sk\/hu\/wp-json\/wp\/v2\/media\/3180"}],"wp:attachment":[{"href":"https:\/\/zbranebudai.sk\/hu\/wp-json\/wp\/v2\/media?parent=3072"}],"wp:term":[{"taxonomy":"product_brand","embeddable":true,"href":"https:\/\/zbranebudai.sk\/hu\/wp-json\/wp\/v2\/product_brand?post=3072"},{"taxonomy":"product_cat","embeddable":true,"href":"https:\/\/zbranebudai.sk\/hu\/wp-json\/wp\/v2\/product_cat?post=3072"},{"taxonomy":"product_tag","embeddable":true,"href":"https:\/\/zbranebudai.sk\/hu\/wp-json\/wp\/v2\/product_tag?post=3072"}],"curies":[{"name":"wp","href":"https:\/\/api.w.org\/{rel}","templated":true}]}}