{"id":3071,"date":"2025-02-01T20:28:45","date_gmt":"2025-02-01T18:28:45","guid":{"rendered":"https:\/\/zbranebudai.sk\/?post_type=product&#038;p=3071"},"modified":"2025-08-31T03:56:31","modified_gmt":"2025-08-31T01:56:31","slug":"pulsar-thermion-2-xp50-pro-hokamera-celtavcso","status":"publish","type":"product","link":"https:\/\/zbranebudai.sk\/hu\/product\/pulsar-thermion-2-xp50-pro-hokamera-celtavcso\/","title":{"rendered":"Pulsar THERMION 2 XP50 PRO h\u0151kamer\u00e1s c\u00e9lt\u00e1vcs\u0151"},"content":{"rendered":"<p>NAGY LENCS\u00c9VEL A h\u0151kamer\u00e1s optika tulajdons\u00e1gai d\u00f6nt\u0151 hat\u00e1ssal vannak arra, hogy egy h\u0151kamer\u00e1val m\u00e9g a legalacsonyabb h\u0151sug\u00e1rz\u00e1s is r\u00f6gz\u00edthet\u0151. A Thermion 2 XP50 (F\/1,0) objekt\u00edvvel \u00e9s a nagy \u00e9rz\u00e9kenys\u00e9g\u0171 \u00e9rz\u00e9kel\u0151vel kombin\u00e1lt Thermion 2 XP50 (F\/1,0) objekt\u00edvvel t\u00f6k\u00e9letes \u00e9rz\u00e9kel\u00e9s \u00e9rhet\u0151 el. A Thermion 2 XP50 modellek mindig a legjobb min\u0151s\u00e9g\u0171, legr\u00e9szletesebb \u00e9s nagy kontraszt\u00fa k\u00e9peket ny\u00fajtj\u00e1k a felhaszn\u00e1l\u00f3knak, m\u00e9g es\u0151ben vagy k\u00f6dben is, amikor a megfigyelt jelenet kontrasztja minim\u00e1lis.<\/p>\n<p>T\u00f6k\u00e9letes k\u00e9p<\/p>\n<p>STANDARD MEGJELEN\u00c9S \u00c9S TELEP\u00cdT\u00c9S<\/p>\n<p>A Thermion 2 c\u00e9lt\u00e1vcs\u00f6vek alakja teljesen megegyezik a hagyom\u00e1nyos nappali c\u00e9lt\u00e1vcs\u00f6vek\u00e9vel, \u00e9s szerkezet\u00fcket \u00fagy tervezt\u00e9k, hogy k\u00f6nnyen kezelhet\u0151 \u00e9s probl\u00e9mamentes legyen a felszerel\u00e9s\u00fck. A fegyverhez val\u00f3 r\u00f6gz\u00edt\u00e9s\u00fckh\u00f6z nincs sz\u00fcks\u00e9g speci\u00e1lis r\u00f6gz\u00edt\u00e9sre, hanem a norm\u00e1l 30 mm-es r\u00f6gz\u00edt\u0151f\u00fclekre, ugyan\u00fagy, mint a nappali ir\u00e1nyz\u00e9kok eset\u00e9ben.  Nagyszer\u0171 \u00e9szlel\u00e9si k\u00e9pess\u00e9g A kiv\u00e1l\u00f3 min\u0151s\u00e9g\u0171 germ\u00e1nium optika a fejlett h\u0151m\u00e9rs\u00e9klet-\u00e9rz\u00e9kel\u0151vel egy\u00fctt t\u00f6k\u00e9letes felt\u00e9teleket teremt ahhoz, hogy a Thermionem objektumok \u00e9szlel\u00e9si k\u00e9pess\u00e9g\u00e9t ak\u00e1r 1800 m\u00e9teres t\u00e1vols\u00e1gokra is kiterjessze, m\u00e9g teljes s\u00f6t\u00e9ts\u00e9gben is.<\/p>\n<p>Nagy kaliber\u0171 fegyverekhez k\u00e9sz\u00fclt.<\/p>\n<p>Minden Thermion 2 mechanikai visszar\u00fag\u00e1s\u00e1ll\u00f3s\u00e1g\u00e1t 6000 Joule-ig tesztelt\u00e9k, ez\u00e9rt hib\u00e1tlanul m\u0171k\u00f6dik nagy kaliber\u0171 fegyvereken, p\u00e9ld\u00e1ul .375 H&amp;H, 12-es kaliber\u0171 \u00e9s 9,3\u00d764-es fegyvereken.  Tart\u00f3s, megb\u00edzhat\u00f3, teljesen f\u00e9mb\u0151l k\u00e9sz\u00fclt. A Thermion 2 ir\u00e1nyz\u00e9k tart\u00f3s, m\u00e9gis k\u00f6nny\u0171, teljesen f\u00e9mszerkezet\u0171. A c\u00e9lt\u00e1vcs\u0151 alkatr\u00e9szei prec\u00edzi\u00f3s pontoss\u00e1ggal k\u00e9sz\u00fclnek, biztos\u00edtva az \u00e9vekig tart\u00f3 hib\u00e1tlan m\u0171k\u00f6d\u00e9st a legk\u00fcl\u00f6nb\u00f6z\u0151bb \u00e9ghajlaton \u00e9s bevethet\u0151s\u00e9get m\u00e9g neh\u00e9z terepen is. IPX7 A m\u0171szer megfelel az IPX7 v\u00edz\u00e1ll\u00f3s\u00e1gi szabv\u00e1nynak, amely garant\u00e1lja a v\u00edz\u00e1ll\u00f3s\u00e1got er\u0151s es\u0151, h\u00f3 \u00e9s egy\u00e9b kedvez\u0151tlen id\u0151j\u00e1r\u00e1si k\u00f6r\u00fclm\u00e9nyek k\u00f6z\u00f6tt. A Thermion 2 megb\u00edzhat\u00f3an t\u00f6m\u00edtett, \u00e9s m\u00e9g akkor is m\u0171k\u00f6d\u0151k\u00e9pes marad, ha 30 percig ak\u00e1r 1 m\u00e9ter m\u00e9ly v\u00edzbe mer\u00fcl.<\/p>\n<p>TISZTA K\u00c9P! V\u00e1ltoz\u00f3 digit\u00e1lis zoom<\/p>\n<p>Ak\u00e1r 8x digit\u00e1lis zoom, jobb c\u00e9lz\u00e1st \u00e9s \u00e1ltal\u00e1nos c\u00e9lfelismer\u00e9st biztos\u00edt nagyobb t\u00e1vols\u00e1gokra. A Thermion 2 felhaszn\u00e1l\u00f3i profilok lehet\u0151v\u00e9 teszi 5 l\u00f6v\u00e9si profil t\u00e1rol\u00e1s\u00e1t a bels\u0151 mem\u00f3ri\u00e1ban, egyenk\u00e9nt 10 k\u00fcl\u00f6nb\u00f6z\u0151 t\u00e1vols\u00e1ghoz. A haszn\u00e1lt fegyvert\u0151l vagy l\u0151szert\u0151l f\u00fcgg\u0151en a t\u00fczel\u00e9si minta gyors v\u00e1ltoztat\u00e1sa elv\u00e9gezhet\u0151. K\u00e9p a k\u00e9pben A K\u00e9p a k\u00e9pben (PiP) funkci\u00f3 egy kisebb ablakot jelen\u00edt meg fel\u00fcl, a k\u00e9p k\u00f6zep\u00e9n nagyobb nagy\u00edt\u00e1ssal. Az ablak a l\u00e1t\u00f3mez\u0151nek csak 10% r\u00e9sz\u00e9t foglalja el, \u00e9s nem takarja el az \u00f6sszk\u00e9pet.<\/p>\n<table dir=\"ltr\" border=\"1\" cellspacing=\"0\" cellpadding=\"0\" data-sheets-root=\"1\" data-sheets-baot=\"1\">\n<colgroup>\n<col width=\"375\" \/>\n<col width=\"437\" \/><\/colgroup>\n<tbody>\n<tr>\n<td>Nagy\u00edt\u00e1s<\/td>\n<td>2 - 16\u00d7<\/td>\n<\/tr>\n<tr>\n<td>Mikrobolom\u00e9ter<\/td>\n<td>640\u00d7480 px<\/td>\n<\/tr>\n<tr>\n<td>NETD<\/td>\n<td>&lt; 25mK<\/td>\n<\/tr>\n<tr>\n<td>Pixel m\u00e9ret<\/td>\n<td>17 \u00b5m<\/td>\n<\/tr>\n<tr>\n<td>Megjelen\u00edt\u00e9s t\u00edpusa<\/td>\n<td>AMOLED HD<\/td>\n<\/tr>\n<tr>\n<td>K\u00e9pkocka sebess\u00e9g<\/td>\n<td>50 Hz<\/td>\n<\/tr>\n<tr>\n<td>\u00c9rz\u00e9kel\u00e9si t\u00e1vols\u00e1g<\/td>\n<td>1800 m<\/td>\n<\/tr>\n<tr>\n<td>Gy\u00fajt\u00f3t\u00e1vols\u00e1g<\/td>\n<td>50 mm<\/td>\n<\/tr>\n<tr>\n<td>Objekt\u00edv param\u00e9terek<\/td>\n<td>F50\/1.0<\/td>\n<\/tr>\n<tr>\n<td>N\u00e9z\u00e9si sz\u00f6g<\/td>\n<td>12.4\u00d79.3\u00b0<\/td>\n<\/tr>\n<tr>\n<td>L\u00e1t\u00f3mez\u0151 100 m-en<\/td>\n<td>21.8\u00d716.3 m<\/td>\n<\/tr>\n<tr>\n<td>Szemkiemel\u00e9s<\/td>\n<td>50 mm<\/td>\n<\/tr>\n<tr>\n<td>Teljes\u00edtm\u00e9ny<\/td>\n<td>3.0 - 4.2V, mini B-Pack (Li-ion)<\/td>\n<\/tr>\n<tr>\n<td>K\u00fcls\u0151 t\u00e1pegys\u00e9g<\/td>\n<td>5V - USB<\/td>\n<\/tr>\n<tr>\n<td>Vide\u00f3felvev\u0151<\/td>\n<td>Igen<\/td>\n<\/tr>\n<tr>\n<td>Mem\u00f3ria m\u00e9rete<\/td>\n<td>16 GB<\/td>\n<\/tr>\n<tr>\n<td>Vide\u00f3\/Fot\u00f3 form\u00e1tum<\/td>\n<td>.mp4 \/.jpg<\/td>\n<\/tr>\n<tr>\n<td>Vide\u00f3\/F\u00e9nyk\u00e9p felbont\u00e1s<\/td>\n<td>1024\u00d7768 px<\/td>\n<\/tr>\n<tr>\n<td>Helyre\u00e1ll\u00edt\u00e1si l\u00e9p\u00e9s<\/td>\n<td>21 mm\/100 m<\/td>\n<\/tr>\n<tr>\n<td>Visszar\u00fag\u00e1ssal szembeni ellen\u00e1ll\u00e1s<\/td>\n<td>6000J<\/td>\n<\/tr>\n<tr>\n<td>V\u00edz\u00e1ll\u00f3<\/td>\n<td>IPX7<\/td>\n<\/tr>\n<tr>\n<td>\u00dczemi h\u0151m\u00e9rs\u00e9kletek<\/td>\n<td>-25 ... +50 \u00b0C<\/td>\n<\/tr>\n<tr>\n<td>Wi-Fi<\/td>\n<td>Igen<\/td>\n<\/tr>\n<tr>\n<td>USB, t\u00edpus<\/td>\n<td>mikro USB<\/td>\n<\/tr>\n<tr>\n<td>T\u00e1vir\u00e1ny\u00edt\u00f3<\/td>\n<td>Igen<\/td>\n<\/tr>\n<tr>\n<td>M\u0171k\u00f6d\u00e9si id\u0151 (22\u00b0C-on)<\/td>\n<td>5+ \u00f3ra.<\/td>\n<\/tr>\n<tr>\n<td>M\u00e9retek<\/td>\n<td>416\u00d778\u00d783 mm<\/td>\n<\/tr>\n<tr>\n<td>S\u00faly<\/td>\n<td>0,9 kg<\/td>\n<\/tr>\n<\/tbody>\n<\/table>\n<p><a href=\"https:\/\/www.pulsar-nv.com\/glo\/products\/33\/thermal-imaging-riflescopes\/thermion-2\/\">https:\/\/www.pulsar-nv.com\/glo\/products\/33\/thermal-imaging-riflescopes\/thermion-2\/<\/a><\/p>","protected":false},"excerpt":{"rendered":"<p><strong>Nagy \u00e9rz\u00e9kenys\u00e9g\u0171 \u00e9rz\u00e9kel\u0151<\/strong>\u00a0<strong>Thermion 2<\/strong>\u00a0mikrobolom\u00e9tert haszn\u00e1l, amelynek NETD-\u00e9rz\u00e9kenys\u00e9ge &lt;25 millikelvin (mK), ami az \u00e9rz\u00e9kel\u0151 azon k\u00e9pess\u00e9g\u00e9t jellemzi, hogy a lehet\u0151 legkisebb h\u0151m\u00e9rs\u00e9kletk\u00fcl\u00f6nbs\u00e9ggel k\u00e9pes megk\u00fcl\u00f6nb\u00f6ztetni k\u00e9t k\u00f6zeli pontot.\u00a0<strong>Min\u00e9l alacsonyabb a NETD-\u00e9rt\u00e9k<\/strong>, ann\u00e1l jobban k\u00e9pes az \u00e9rz\u00e9kel\u0151 a t\u00e1rgyak kis h\u0151m\u00e9rs\u00e9kletk\u00fcl\u00f6nbs\u00e9geit r\u00f6gz\u00edteni \u00e9s elk\u00fcl\u00f6n\u00edteni a k\u00f6rnyezeti h\u0151zajt\u00f3l. P\u00e9ld\u00e1ul csapad\u00e9k, k\u00f6d vagy hideg reggelek idej\u00e9n, amikor a k\u00f6rnyezet alacsony h\u0151m\u00e9rs\u00e9kleti kontraszt\u00fa, \u00e9s ezek a legnehezebb k\u00f6r\u00fclm\u00e9nyek a h\u0151k\u00e9palkot\u00e1s sz\u00e1m\u00e1ra, ebben az esetben a nagy \u00e9rz\u00e9kenys\u00e9gnek k\u00f6sz\u00f6nhet\u0151en az \u00e9rz\u00e9kel\u0151 k\u00e9pes lesz megk\u00fcl\u00f6nb\u00f6ztetni a legkisebb h\u0151m\u00e9rs\u00e9kleti k\u00fcl\u00f6nbs\u00e9geket, \u00e9s a l\u00e1tv\u00e1ny jobb kontraszt\u00fa, tiszta k\u00e9pet ny\u00fajt a vad\u00e1sznak.<\/p>","protected":false},"featured_media":3177,"template":"","meta":{"_gspb_post_css":""},"product_brand":[317],"product_cat":[21,144,329],"product_tag":[172,362,356],"class_list":{"0":"post-3071","1":"product","2":"type-product","3":"status-publish","4":"has-post-thumbnail","6":"product_brand-pulsar","7":"product_cat-optika","8":"product_cat-termovizie","9":"product_cat-termovizne-puskohlady","10":"product_tag-pulsar","11":"product_tag-termovizny-puskohlad","12":"product_tag-thermion","14":"first","15":"instock","16":"taxable","17":"shipping-taxable","18":"purchasable","19":"product-type-simple"},"ct_brands":[{"id":317,"name":"Pulsar","slug":"pulzar"}],"_links":{"self":[{"href":"https:\/\/zbranebudai.sk\/hu\/wp-json\/wp\/v2\/product\/3071","targetHints":{"allow":["GET"]}}],"collection":[{"href":"https:\/\/zbranebudai.sk\/hu\/wp-json\/wp\/v2\/product"}],"about":[{"href":"https:\/\/zbranebudai.sk\/hu\/wp-json\/wp\/v2\/types\/product"}],"wp:featuredmedia":[{"embeddable":true,"href":"https:\/\/zbranebudai.sk\/hu\/wp-json\/wp\/v2\/media\/3177"}],"wp:attachment":[{"href":"https:\/\/zbranebudai.sk\/hu\/wp-json\/wp\/v2\/media?parent=3071"}],"wp:term":[{"taxonomy":"product_brand","embeddable":true,"href":"https:\/\/zbranebudai.sk\/hu\/wp-json\/wp\/v2\/product_brand?post=3071"},{"taxonomy":"product_cat","embeddable":true,"href":"https:\/\/zbranebudai.sk\/hu\/wp-json\/wp\/v2\/product_cat?post=3071"},{"taxonomy":"product_tag","embeddable":true,"href":"https:\/\/zbranebudai.sk\/hu\/wp-json\/wp\/v2\/product_tag?post=3071"}],"curies":[{"name":"wp","href":"https:\/\/api.w.org\/{rel}","templated":true}]}}