{"id":3059,"date":"2025-02-01T20:28:19","date_gmt":"2025-02-01T18:28:19","guid":{"rendered":"https:\/\/zbranebudai.sk\/?post_type=product&#038;p=3059"},"modified":"2025-08-31T03:56:31","modified_gmt":"2025-08-31T01:56:31","slug":"pulsar-thermion-2-lrf-xl50-hokamera-celtavcso","status":"publish","type":"product","link":"https:\/\/zbranebudai.sk\/hu\/product\/pulsar-thermion-2-lrf-xl50-hokamera-celtavcso\/","title":{"rendered":"Pulsar THERMION 2 LRF XL50 h\u0151kamer\u00e1s l\u00e1t\u00f3sz\u00f6g"},"content":{"rendered":"<section class=\"section-5\">\n<p class=\"text-center font-weight-bold p-headline\"><span data-darkreader-inline-color=\"\">Extr\u00e9m r\u00e9szletgazdag k\u00e9p nagy zoom eset\u00e9n<\/span><\/p>\n<p class=\"text-center col-10\"><span data-darkreader-inline-color=\"\">Az 1,75-14x-es v\u00e1ltoztathat\u00f3 nagy\u00edt\u00e1s (digit\u00e1lis zoom x8) jobb f\u00f3kusz\u00e1l\u00e1st \u00e9s \u00f6sszess\u00e9g\u00e9ben jobb t\u00e1rgyfelismer\u00e9st biztos\u00edt nagy t\u00e1vols\u00e1gokr\u00f3l. A HD-\u00e9rz\u00e9kel\u0151 lehet\u0151v\u00e9 teszi a k\u00e9p nagyfok\u00fa r\u00e9szletess\u00e9g\u00e9nek meg\u0151rz\u00e9s\u00e9t a teljes nagy\u00edt\u00e1si tartom\u00e1nyban. A nagy\u00edt\u00e1s vagy fokozatosan, 2\u00d7-es l\u00e9p\u00e9sekben, vagy folyamatosan v\u00e1ltozik, hogy a FOV\/nagy\u00edt\u00e1s ar\u00e1nyt az egyes helyzetekhez igaz\u00edtsa.<\/span><\/p>\n<p class=\"text-center font-weight-bold p-headline\"><span data-darkreader-inline-color=\"\">Pontos l\u00e9zeres t\u00e1vols\u00e1gm\u00e9r\u00e9s<\/span><\/p>\n<p class=\"text-center col-10\"><span data-darkreader-inline-color=\"\">A c\u00e9lt\u00e1vols\u00e1g meg\u00e9rt\u00e9se a j\u00f3 d\u00f6nt\u00e9shozatal alapvet\u0151 t\u00e9nyez\u0151je. A kompakt, ak\u00e1r 800 m\u00e9teres hat\u00f3t\u00e1vols\u00e1g\u00fa l\u00e9zeres t\u00e1vols\u00e1gm\u00e9r\u0151 z\u00f6kken\u0151mentesen integr\u00e1l\u00f3dik a c\u00e9lt\u00e1vcs\u0151 karcs\u00fa kialak\u00edt\u00e1s\u00e1ba, a vev\u0151 \u00e9s az ad\u00f3 egyetlen optikai csatorn\u00e1s lencs\u00e9ben kapott helyet.<\/span><\/p>\n<p class=\"text-center font-weight-bold p-headline\"><span data-darkreader-inline-color=\"\">Integr\u00e1lt ballisztikai sz\u00e1mol\u00f3g\u00e9p a nagy hat\u00f3t\u00e1vols\u00e1g\u00fa l\u00f6v\u00e9sekhez<\/span><\/p>\n<p class=\"text-center col-10\"><span data-darkreader-inline-color=\"\">A Thermion 2 LRF b\u00e1rmilyen t\u00e1vols\u00e1gr\u00f3l pontos l\u00f6v\u00e9st biztos\u00edt. A be\u00e9p\u00edtett l\u00e9zeres t\u00e1vols\u00e1gm\u00e9r\u0151 pontos t\u00e1vols\u00e1g\u00e9rz\u00e9kel\u00e9st ad a vad\u00e1sznak a c\u00e9lpont t\u00e1vols\u00e1g\u00e1r\u00f3l, m\u00edg egy kifinomult bels\u0151 ballisztikai algoritmus kisz\u00e1m\u00edtja a javasolt POA-t a pontos t\u00e1vl\u00f6v\u00e9shez. Egyszer\u0171en hozzon l\u00e9tre egy ballisztikai profilt a l\u0151felszerel\u00e9s\u00e9r\u0151l, t\u00f6ltse fel azt a Thermion mem\u00f3ri\u00e1j\u00e1ba a Stream Vision Ballistics App seg\u00edts\u00e9g\u00e9vel, \u00e9s a Thermion 2 LRF XL50-et egy rendk\u00edv\u00fcl pontos \u00e9s hat\u00e9kony t\u00e1vl\u00f6v\u0151 eszk\u00f6zz\u00e9 alak\u00edthatja.<\/span><\/p>\n<p class=\"text-center font-weight-bold p-headline\"><span data-darkreader-inline-color=\"\">Sz\u00e9les l\u00e1t\u00f3mez\u0151 a k\u00f6nny\u0171 keres\u00e9shez<\/span><\/p>\n<p class=\"text-center col-10\"><span data-darkreader-inline-color=\"\">A Thermion 2 LRF XL50 sz\u00e9les l\u00e1t\u00f3mez\u0151t k\u00edn\u00e1l a k\u00f6nny\u0171 c\u00e9lz\u00e1sra \u00e9s c\u00e9lz\u00e1sra. A nagym\u00e9ret\u0171 \u00e9rz\u00e9kel\u0151 kiegyens\u00falyozott l\u00e1t\u00f3mez\u0151\/nagy\u00edt\u00e1s ar\u00e1nyt tesz lehet\u0151v\u00e9 m\u00e9g nagy zoomszintek mellett is.<\/span><\/p>\n<p class=\"text-center font-weight-bold p-headline\"><span data-darkreader-inline-color=\"\">Pr\u00e9mium HD min\u0151s\u00e9g\u0171 germ\u00e1nium optika<\/span><\/p>\n<p class=\"text-center col-8\"><span data-darkreader-inline-color=\"\">Az F50\/1,0 germ\u00e1nium lencs\u00e9vel ell\u00e1tott Thermion 2 LRF XL50 h\u0151kamer\u00e1s l\u00e1t\u00f3mez\u0151je val\u00f3ban kiterjeszti a HD h\u0151kamer\u00e1s \u00e9rz\u00e9kel\u0151 el\u0151nyeit, tiszta \u00e9s r\u00e9szletes k\u00e9pet biztos\u00edtva. Az aszf\u00e9rikus lencs\u00e9k \u00e9s a diffrakt\u00edv optikai elemek haszn\u00e1lata fenntartja a magas f\u00e9nyer\u0151ss\u00e9gi ar\u00e1nyt, \u00e9s k\u00e9pes \u00e9les \u00e9s pontos k\u00e9pet vet\u00edteni a teljes \u00e9rz\u00e9kel\u0151ter\u00fcletre.<\/span><\/p>\n<p><span data-darkreader-inline-color=\"\">Forradalmi HD, f\u00e9nyes, h\u0151k\u00e9pes h\u0151kamera<\/span><\/p>\n<\/section>\n<p class=\"text-center font-weight-bold p-headline\"><span data-darkreader-inline-color=\"\">Prec\u00edz k\u00e9toldalas lencsef\u00f3kusz\u00e1l\u00e1s<\/span><\/p>\n<p class=\"text-center col-8\"><span data-darkreader-inline-color=\"\">Az \u00e9rz\u00e9kel\u0151t\u0151l a kijelz\u0151re t\u00f6rt\u00e9n\u0151 pixelenk\u00e9nti k\u00e9p\u00e1tvitelnek k\u00f6sz\u00f6nhet\u0151en a k\u00e9p \u00e9less\u00e9ge a lehet\u0151 leg\u00e9lesebb. Az \u00e1ll\u00edthat\u00f3 \u00e9rz\u00e9kel\u0151\u00e9rz\u00e9kenys\u00e9g-er\u0151s\u00edt\u00e9s az \u00faj sz\u0171r\u0151algoritmusokkal kombin\u00e1lva nagyszer\u0171 megjelen\u00edt\u00e9si lehet\u0151s\u00e9geket k\u00edn\u00e1l a vad\u00e1sznak a legk\u00fcl\u00f6nb\u00f6z\u0151bb id\u0151j\u00e1r\u00e1si \u00e9s h\u0151m\u00e9rs\u00e9kleti k\u00f6r\u00fclm\u00e9nyek k\u00f6z\u00f6tt. Az er\u0151s\u00edt\u00e9s be\u00e1ll\u00edt\u00e1sa seg\u00edt a tr\u00f3fe\u00e1s vad jellemz\u0151inek meghat\u00e1roz\u00e1s\u00e1ban, \u00e9s biztos\u00edtja a l\u00e1t\u00f3mez\u0151ben l\u00e9v\u0151 meleg t\u00e1rgyak \u00e9s h\u00e1tterek tiszta megjelen\u00edt\u00e9s\u00e9t.<img decoding=\"async\" src=\"https:\/\/www.pulsar-nv.com\/data\/public\/thumbnails\/2022\/03\/resize_2266x736_d3_sensor.png\" alt=\"\" \/><\/span><\/p>\n<p class=\"text-center font-weight-bold p-headline\"><span data-darkreader-inline-color=\"\">Progressz\u00edv k\u00e9pfeldolgoz\u00e1si m\u00f3dszer<\/span><\/p>\n<p class=\"text-center col-8\"><span data-darkreader-inline-color=\"\">Az \u00e9rz\u00e9kel\u0151t\u0151l a kijelz\u0151re t\u00f6rt\u00e9n\u0151 pixelenk\u00e9nti k\u00e9p\u00e1tvitelnek k\u00f6sz\u00f6nhet\u0151en a k\u00e9p \u00e9less\u00e9ge a lehet\u0151 leg\u00e9lesebb. Az \u00e1ll\u00edthat\u00f3 \u00e9rz\u00e9kel\u0151\u00e9rz\u00e9kenys\u00e9g-er\u0151s\u00edt\u00e9s az \u00faj sz\u0171r\u0151algoritmusokkal kombin\u00e1lva nagyszer\u0171 megjelen\u00edt\u00e9si lehet\u0151s\u00e9geket k\u00edn\u00e1l a vad\u00e1sznak a legk\u00fcl\u00f6nb\u00f6z\u0151bb id\u0151j\u00e1r\u00e1si \u00e9s h\u0151m\u00e9rs\u00e9kleti k\u00f6r\u00fclm\u00e9nyek k\u00f6z\u00f6tt. Az er\u0151s\u00edt\u00e9s be\u00e1ll\u00edt\u00e1sa seg\u00edt a tr\u00f3fe\u00e1s vad jellemz\u0151inek meghat\u00e1roz\u00e1s\u00e1ban, \u00e9s biztos\u00edtja a l\u00e1t\u00f3mez\u0151ben l\u00e9v\u0151 meleg t\u00e1rgyak \u00e9s h\u00e1tterek tiszta megjelen\u00edt\u00e9s\u00e9t.<\/span><\/p>\n<p class=\"text-center font-weight-bold p-headline\"><span data-darkreader-inline-color=\"\">Vezet\u00e9k n\u00e9lk\u00fcli t\u00e1vir\u00e1ny\u00edt\u00f3val egy\u00fctt<\/span><\/p>\n<p class=\"text-center col-8\"><span data-darkreader-inline-color=\"\">A Pulsar BT Bluetooth vezet\u00e9k n\u00e9lk\u00fcli t\u00e1vir\u00e1ny\u00edt\u00f3 teljesen megkett\u0151zi a szabv\u00e1nyos l\u00e1t\u00f3gombokat. A t\u00e1vir\u00e1ny\u00edt\u00f3 kiv\u00e1l\u00f3 ergon\u00f3mi\u00e1val rendelkezik - a gombok a leggyakrabban haszn\u00e1lt funkci\u00f3kat aktiv\u00e1lj\u00e1k, m\u00edg a k\u00f3dol\u00f3 forgat\u00e1sa vagy megnyom\u00e1sa a pontos be\u00e1ll\u00edt\u00e1si \u00e9s men\u00fcmozg\u00e1st v\u00e9gzi. A gombok \u00e9s a k\u00f3dol\u00f3 kialak\u00edt\u00e1sa, m\u00e9rete \u00e9s elhelyezked\u00e9se a puszta k\u00e9zzel \u00e9s keszty\u0171s k\u00e9zzel t\u00f6rt\u00e9n\u0151 haszn\u00e1lathoz egyar\u00e1nt igazodik. A vad\u00e1sznak minim\u00e1lis mozdulatra van sz\u00fcks\u00e9ge a c\u00e9lt\u00e1vcs\u0151 m\u0171k\u00f6dtet\u00e9s\u00e9hez, \u00edgy a lehet\u0151 legjobban a vad\u00e1szatra koncentr\u00e1lhat, mik\u00f6zben a t\u00e1vvez\u00e9rl\u0151 a fegyver alkarj\u00e1n vagy a fegyver sz\u00e1r\u00e1n b\u00e1rmely k\u00e9nyelmes helyen tal\u00e1lhat\u00f3.<\/span><\/p>\n<table class=\"parametry table table-striped\" style=\"height: 1070px;\" width=\"1058\" cellspacing=\"0\" cellpadding=\"2\">\n<tbody>\n<tr class=\"odd\">\n<th scope=\"row\"><span data-darkreader-inline-color=\"\"><abbr title=\"T\u00e1vcs\u0151 nagy\u00edt\u00e1s \">Nagy\u00edt\u00e1s<\/abbr>\u00a0:<\/span><\/th>\n<td><span data-darkreader-inline-color=\"\">1.75 - 14x<\/span><\/td>\n<\/tr>\n<tr class=\"even\">\n<th scope=\"row\"><span data-darkreader-inline-color=\"\">Digit\u00e1lis nagy\u00edt\u00e1s:<\/span><\/th>\n<td><span data-darkreader-inline-color=\"\">4<\/span><\/td>\n<\/tr>\n<tr class=\"odd\">\n<th scope=\"row\"><span data-darkreader-inline-color=\"\">Mikrobolom\u00e9ter:<\/span><\/th>\n<td><span data-darkreader-inline-color=\"\">1024\u00d7768 px<\/span><\/td>\n<\/tr>\n<tr class=\"even\">\n<th scope=\"row\"><span data-darkreader-inline-color=\"\"><abbr title=\"Az \u00e9rz\u00e9kel\u0151 azon k\u00e9pess\u00e9ge, hogy a lehet\u0151 legkisebb h\u0151m\u00e9rs\u00e9klet-k\u00fcl\u00f6nbs\u00e9ggel k\u00e9pes megk\u00fcl\u00f6nb\u00f6ztetni k\u00e9t k\u00f6zeli pontot.\">NETD<\/abbr>\u00a0:<\/span><\/th>\n<td><span data-darkreader-inline-color=\"\">&lt;35mK<\/span><\/td>\n<\/tr>\n<tr class=\"odd\">\n<th scope=\"row\"><span data-darkreader-inline-color=\"\">Pixeloszt\u00e1s:<\/span><\/th>\n<td><span data-darkreader-inline-color=\"\">12 \u00b5m<\/span><\/td>\n<\/tr>\n<tr class=\"even\">\n<th scope=\"row\"><span data-darkreader-inline-color=\"\">M\u00e9r\u00e9si t\u00e1vols\u00e1g:<\/span><\/th>\n<td><span data-darkreader-inline-color=\"\">800 m<\/span><\/td>\n<\/tr>\n<tr class=\"odd\">\n<th scope=\"row\"><span data-darkreader-inline-color=\"\">T\u00e1vm\u00e9r\u0151:<\/span><\/th>\n<td><span data-darkreader-inline-color=\"\">l\u00e9zer, 905nm<\/span><\/td>\n<\/tr>\n<tr class=\"even\">\n<th scope=\"row\"><span data-darkreader-inline-color=\"\">M\u00e9r\u00e9si pontoss\u00e1g:<\/span><\/th>\n<td><span data-darkreader-inline-color=\"\">1 m<\/span><\/td>\n<\/tr>\n<tr class=\"odd\">\n<th scope=\"row\"><span data-darkreader-inline-color=\"\">Kijelz\u0151 felbont\u00e1sa:<\/span><\/th>\n<td><span data-darkreader-inline-color=\"\">1024\u00d7768 px<\/span><\/td>\n<\/tr>\n<tr class=\"even\">\n<th scope=\"row\"><span data-darkreader-inline-color=\"\">K\u00e9pkocka sebess\u00e9g:<\/span><\/th>\n<td><span data-darkreader-inline-color=\"\">50 Hz<\/span><\/td>\n<\/tr>\n<tr class=\"odd\">\n<th scope=\"row\"><span data-darkreader-inline-color=\"\">Kijelz\u0151 t\u00edpusa: A kijelz\u0151 t\u00edpusa:<\/span><\/th>\n<td><span data-darkreader-inline-color=\"\">AMOLED<\/span><\/td>\n<\/tr>\n<tr class=\"even\">\n<th scope=\"row\"><span data-darkreader-inline-color=\"\">\u00c9rz\u00e9kel\u00e9si t\u00e1vols\u00e1g:<\/span><\/th>\n<td><span data-darkreader-inline-color=\"\">2300m<\/span><\/td>\n<\/tr>\n<tr class=\"odd\">\n<th scope=\"row\"><span data-darkreader-inline-color=\"\">Objekt\u00edv param\u00e9terek:<\/span><\/th>\n<td><span data-darkreader-inline-color=\"\">F50\/1.0<\/span><\/td>\n<\/tr>\n<tr class=\"even\">\n<th scope=\"row\"><span data-darkreader-inline-color=\"\">Betekint\u00e9si sz\u00f6g:<\/span><\/th>\n<td><span data-darkreader-inline-color=\"\">14\u00d710.5\u00b0<\/span><\/td>\n<\/tr>\n<tr class=\"odd\">\n<th scope=\"row\"><span data-darkreader-inline-color=\"\">L\u00e1t\u00f3mez\u0151 100 m\u00e9teren:<\/span><\/th>\n<td><span data-darkreader-inline-color=\"\">24.6\u00d718.4 m<\/span><\/td>\n<\/tr>\n<tr class=\"even\">\n<th scope=\"row\"><span data-darkreader-inline-color=\"\"><abbr title=\"Az okul\u00e1r reliefje az a t\u00e1vols\u00e1g az okul\u00e1r utols\u00f3 lencs\u00e9je \u00e9s a megfigyel\u0151 szeme k\u00f6z\u00f6tt, amelyben a teljes l\u00e1t\u00f3mez\u0151 k\u00e9nyelmesen l\u00e1that\u00f3.\">Szemkiemel\u00e9s<\/abbr>\u00a0:<\/span><\/th>\n<td><span data-darkreader-inline-color=\"\">50mm<\/span><\/td>\n<\/tr>\n<tr class=\"odd\">\n<th scope=\"row\"><span data-darkreader-inline-color=\"\">T\u00e1pegys\u00e9g:<\/span><\/th>\n<td><span data-darkreader-inline-color=\"\">3.0 - 4.2V, bels\u0151 4.9Ah, k\u00fcls\u0151 2Ah (Li-ion akkumul\u00e1torok) V<\/span><\/td>\n<\/tr>\n<tr class=\"even\">\n<th scope=\"row\"><span data-darkreader-inline-color=\"\">K\u00fcls\u0151 t\u00e1pegys\u00e9g:<\/span><\/th>\n<td><span data-darkreader-inline-color=\"\">5V, 9V (USB-C)<\/span><\/td>\n<\/tr>\n<tr class=\"odd\">\n<th scope=\"row\"><span data-darkreader-inline-color=\"\">VIDE\u00d3:<\/span><\/th>\n<td><span data-darkreader-inline-color=\"\">Igen<\/span><\/td>\n<\/tr>\n<tr class=\"even\">\n<th scope=\"row\"><span data-darkreader-inline-color=\"\">Mem\u00f3ria m\u00e9rete:<\/span><\/th>\n<td><span data-darkreader-inline-color=\"\">64 Gb<\/span><\/td>\n<\/tr>\n<tr class=\"odd\">\n<th scope=\"row\"><span data-darkreader-inline-color=\"\">Vide\u00f3\/f\u00e9nyk\u00e9p form\u00e1tum:<\/span><\/th>\n<td><span data-darkreader-inline-color=\"\">.mp4 \/.jpg<\/span><\/td>\n<\/tr>\n<tr class=\"even\">\n<th scope=\"row\"><span data-darkreader-inline-color=\"\">Vide\u00f3\/f\u00e9nyk\u00e9p felbont\u00e1s:<\/span><\/th>\n<td><span data-darkreader-inline-color=\"\">1024\u00d7768<\/span><\/td>\n<\/tr>\n<tr class=\"odd\">\n<th scope=\"row\"><span data-darkreader-inline-color=\"\">Cs\u0151\u00e1tm\u00e9r\u0151:<\/span><\/th>\n<td><span data-darkreader-inline-color=\"\">30 mm<\/span><\/td>\n<\/tr>\n<tr class=\"even\">\n<th scope=\"row\"><span data-darkreader-inline-color=\"\">Jav\u00edt\u00e1si l\u00e9p\u00e9s:<\/span><\/th>\n<td><span data-darkreader-inline-color=\"\">24 - 1,75x, 12 - 3,5x, 6 - 7x, 3 - 14x mm\/100m<\/span><\/td>\n<\/tr>\n<tr class=\"odd\">\n<th scope=\"row\"><span data-darkreader-inline-color=\"\">A horizont\u00e1lis kiigaz\u00edt\u00e1s m\u00e9rt\u00e9ke:<\/span><\/th>\n<td><span data-darkreader-inline-color=\"\">4800mm\/100m<\/span><\/td>\n<\/tr>\n<tr class=\"even\">\n<th scope=\"row\"><span data-darkreader-inline-color=\"\">A f\u00fcgg\u0151leges egyenget\u00e9s m\u00e9rt\u00e9ke:<\/span><\/th>\n<td><span data-darkreader-inline-color=\"\">4800mm\/100m<\/span><\/td>\n<\/tr>\n<tr class=\"odd\">\n<th scope=\"row\"><span data-darkreader-inline-color=\"\">Keresztt\u00edpus:<\/span><\/th>\n<td><span data-darkreader-inline-color=\"\">10 b\u00e1zis<\/span><\/td>\n<\/tr>\n<tr class=\"even\">\n<th scope=\"row\"><span data-darkreader-inline-color=\"\">Visszar\u00fag\u00e1ssal szembeni ellen\u00e1ll\u00e1s:<\/span><\/th>\n<td><span data-darkreader-inline-color=\"\">6000J<\/span><\/td>\n<\/tr>\n<tr class=\"odd\">\n<th scope=\"row\"><span data-darkreader-inline-color=\"\">Anyag:<\/span><\/th>\n<td><span data-darkreader-inline-color=\"\">Alum\u00ednium \u00f6tv\u00f6zet<\/span><\/td>\n<\/tr>\n<tr class=\"even\">\n<th scope=\"row\"><span data-darkreader-inline-color=\"\">V\u00edz\u00e1ll\u00f3s\u00e1g:<\/span><\/th>\n<td><span data-darkreader-inline-color=\"\">IPX7<\/span><\/td>\n<\/tr>\n<tr class=\"odd\">\n<th scope=\"row\"><span data-darkreader-inline-color=\"\">\u00dczemi h\u0151m\u00e9rs\u00e9klet:<\/span><\/th>\n<td><span data-darkreader-inline-color=\"\">-25 ... +50 \u00b0C<\/span><\/td>\n<\/tr>\n<tr class=\"even\">\n<th scope=\"row\"><span data-darkreader-inline-color=\"\">Wi-Fi:<\/span><\/th>\n<td><span data-darkreader-inline-color=\"\">2,4\/5 GHz<\/span><\/td>\n<\/tr>\n<tr class=\"odd\">\n<th scope=\"row\"><span data-darkreader-inline-color=\"\">USB, t\u00edpus:<\/span><\/th>\n<td><span data-darkreader-inline-color=\"\">USB-C<\/span><\/td>\n<\/tr>\n<tr class=\"even\">\n<th scope=\"row\"><span data-darkreader-inline-color=\"\">T\u00e1vir\u00e1ny\u00edt\u00f3:<\/span><\/th>\n<td><span data-darkreader-inline-color=\"\">Igen, Bluetooth, BLE 4.2, IEEE 802.15.1, 2.4GHz<\/span><\/td>\n<\/tr>\n<tr class=\"odd\">\n<th scope=\"row\"><span data-darkreader-inline-color=\"\">M\u0171k\u00f6d\u00e9si id\u0151 (t22\u00b0C-on):<\/span><\/th>\n<td><span data-darkreader-inline-color=\"\">7 \u00f3ra.<\/span><\/td>\n<\/tr>\n<tr class=\"even\">\n<th scope=\"row\"><span data-darkreader-inline-color=\"\">M\u00e9retek:<\/span><\/th>\n<td><span data-darkreader-inline-color=\"\">426\u00d778.5\u00d794.5mm<\/span><\/td>\n<\/tr>\n<tr class=\"odd\">\n<th scope=\"row\"><span data-darkreader-inline-color=\"\">S\u00faly:<\/span><\/th>\n<td><span data-darkreader-inline-color=\"\">1.03 (elemekkel egy\u00fctt)kg<\/span><\/td>\n<\/tr>\n<\/tbody>\n<\/table>\n<p><a href=\"https:\/\/www.pulsar-nv.com\/glo\/products\/33\/thermal-imaging-riflescopes\/thermion-2-lrf-xl50\/\">https:\/\/www.pulsar-nv.com\/glo\/products\/33\/thermal-imaging-riflescopes\/thermion-2-lrf-xl50\/<\/a><\/p>","protected":false},"excerpt":{"rendered":"<p class=\"text-center col-10\"><span data-darkreader-inline-color=\"\">A Thermion 2 LRF XL50 a legmagasabb szint\u0171 h\u0151kamer\u00e1s k\u00e9palkot\u00e1st k\u00edn\u00e1lja. Az \u00faj 1024\u00d7768 pixeles h\u0151\u00e9rz\u00e9kel\u0151 \u00e1ltal gener\u00e1lt k\u00e9p nagy felbont\u00e1s\u00fa \u00e9s r\u00e9szletgazdag, amely ide\u00e1lis a tr\u00f3fe\u00e1k kompromisszumok n\u00e9lk\u00fcli azonos\u00edt\u00e1s\u00e1hoz. A vadak sziluettjei, v\u00e9gtagjai \u00e9s viselked\u00e9s\u00e9nek saj\u00e1toss\u00e1gai j\u00f3l l\u00e1that\u00f3k \u00e9s k\u00f6nnyen megk\u00fcl\u00f6nb\u00f6ztethet\u0151k.<\/span><\/p>","protected":false},"featured_media":3161,"template":"","meta":{"_gspb_post_css":""},"product_brand":[317],"product_cat":[21,144,326],"product_tag":[172,345,356],"class_list":{"0":"post-3059","1":"product","2":"type-product","3":"status-publish","4":"has-post-thumbnail","6":"product_brand-pulsar","7":"product_cat-optika","8":"product_cat-termovizie","9":"product_cat-termovizne-zameriavace","10":"product_tag-pulsar","11":"product_tag-termovizny-zameriavac","12":"product_tag-thermion","14":"first","15":"instock","16":"taxable","17":"shipping-taxable","18":"purchasable","19":"product-type-simple"},"ct_brands":[{"id":317,"name":"Pulsar","slug":"pulzar"}],"_links":{"self":[{"href":"https:\/\/zbranebudai.sk\/hu\/wp-json\/wp\/v2\/product\/3059","targetHints":{"allow":["GET"]}}],"collection":[{"href":"https:\/\/zbranebudai.sk\/hu\/wp-json\/wp\/v2\/product"}],"about":[{"href":"https:\/\/zbranebudai.sk\/hu\/wp-json\/wp\/v2\/types\/product"}],"wp:featuredmedia":[{"embeddable":true,"href":"https:\/\/zbranebudai.sk\/hu\/wp-json\/wp\/v2\/media\/3161"}],"wp:attachment":[{"href":"https:\/\/zbranebudai.sk\/hu\/wp-json\/wp\/v2\/media?parent=3059"}],"wp:term":[{"taxonomy":"product_brand","embeddable":true,"href":"https:\/\/zbranebudai.sk\/hu\/wp-json\/wp\/v2\/product_brand?post=3059"},{"taxonomy":"product_cat","embeddable":true,"href":"https:\/\/zbranebudai.sk\/hu\/wp-json\/wp\/v2\/product_cat?post=3059"},{"taxonomy":"product_tag","embeddable":true,"href":"https:\/\/zbranebudai.sk\/hu\/wp-json\/wp\/v2\/product_tag?post=3059"}],"curies":[{"name":"wp","href":"https:\/\/api.w.org\/{rel}","templated":true}]}}