{"id":3038,"date":"2025-02-01T20:27:45","date_gmt":"2025-02-01T18:27:45","guid":{"rendered":"https:\/\/zbranebudai.sk\/?post_type=product&#038;p=3038"},"modified":"2025-08-31T03:56:31","modified_gmt":"2025-08-31T01:56:31","slug":"pulsar-thermion-2-lrf-xg50-hokamera-celtavcso","status":"publish","type":"product","link":"https:\/\/zbranebudai.sk\/hu\/product\/pulsar-thermion-2-lrf-xg50-hokamera-celtavcso\/","title":{"rendered":"Pulsar THERMION 2 LRF XG50 h\u0151kamer\u00e1s t\u00e1vcs\u0151"},"content":{"rendered":"<section class=\"section-4\">\n<p class=\"text-center col-8\">\u00c9les, nagy kontraszt\u00fa h\u0151k\u00e9p az \u00e1llatok, v\u00e9gtagjaik \u00e9s m\u00e9g a legapr\u00f3bb r\u00e9szletek, p\u00e9ld\u00e1ul \u00e1gak, levelek, f\u0171 \u00e9s terept\u00e1rgyak jobb azonos\u00edt\u00e1s\u00e1hoz.<\/p>\n<\/section>\n<section class=\"section-2\">\n<p class=\"text-center font-weight-bold\">P\u00e1ratlan h\u0151\u00e9rz\u00e9kenys\u00e9g\u0171 \u00e9rz\u00e9kel\u0151<\/p>\n<p class=\"text-center col-8\">A NETD &lt;25mK h\u0151\u00e9rz\u00e9kel\u0151 t\u00f6k\u00e9letes r\u00e9szletfelismer\u00e9st biztos\u00edt m\u00e9g a legnehezebb id\u0151j\u00e1r\u00e1si k\u00f6r\u00fclm\u00e9nyek k\u00f6z\u00f6tt is, ahol a h\u0151m\u00e9rs\u00e9klet-kontraszt alacsony. A legkisebb h\u0151m\u00e9rs\u00e9kletk\u00fcl\u00f6nbs\u00e9gek is j\u00f3l l\u00e1that\u00f3ak lesznek es\u0151ben, k\u00f6dben vagy hideg reggelen, a h\u0151kamer\u00e1s felv\u00e9telek k\u00e9sz\u00edt\u00e9s\u00e9hez legnehezebb k\u00f6r\u00fclm\u00e9nyek k\u00f6z\u00f6tt.<\/p>\n<\/section>\n<section class=\"section-4\">\n<p class=\"text-center font-weight-bold\">F50\/1.0 nagy f\u00e9ny\u00e1tereszt\u0151 k\u00e9pess\u00e9g\u0171 objekt\u00edv<\/p>\n<p class=\"text-center col-8\">A h\u0151kamer\u00e1s optika tulajdons\u00e1gai d\u00f6nt\u0151 hat\u00e1ssal vannak arra, hogy a h\u0151kamera m\u00e9g a legalacsonyabb szint\u0171 h\u0151sug\u00e1rz\u00e1st is k\u00e9pes-e r\u00f6gz\u00edteni. A t\u00f6k\u00e9letes \u00e9rz\u00e9kel\u00e9st a lencse biztos\u00edtja\u00a0<strong>Thermion 2 LRF<\/strong>\u00a0(F\/1,0) egy nagy \u00e9rz\u00e9kenys\u00e9g\u0171 h\u0151\u00e9rz\u00e9kel\u0151vel kombin\u00e1lva. Szemrev\u00e9telez\u00e9s\u00a0<strong>Thermion 2 LRF<\/strong> mindig a legjobb min\u0151s\u00e9g\u0171, legr\u00e9szletesebb \u00e9s legkontrasztosabb k\u00e9peket biztos\u00edtja a felhaszn\u00e1l\u00f3k sz\u00e1m\u00e1ra, m\u00e9g es\u0151ben vagy k\u00f6dben is, amikor a jelenet kontrasztja minim\u00e1lis.<\/p>\n<\/section>\n<section class=\"section-5\">\n<p class=\"text-center font-weight-bold\">Nagy \u00e9rz\u00e9kel\u00e9si tartom\u00e1ny, ak\u00e1r 2300 m<\/p>\n<p class=\"text-center col-8\">A nagy \u00e1tereszt\u0151k\u00e9pess\u00e9g\u0171 F50\/1,0 rekeszny\u00edl\u00e1s\u00fa objekt\u00edv \u00e9s a rendk\u00edv\u00fcl \u00e9rz\u00e9keny h\u0151k\u00e9p\u00e9rz\u00e9kel\u0151k kombin\u00e1ci\u00f3ja kiv\u00e9teles \u00e9szlel\u00e9si k\u00e9pess\u00e9get biztos\u00edt. Egy szabv\u00e1nyos, 1,8 m magas t\u00e1rgy 1800-2300 m t\u00e1vols\u00e1gb\u00f3l, teljes s\u00f6t\u00e9ts\u00e9gben is \u00e9rz\u00e9kelhet\u0151.<\/p>\n<\/section>\n<section class=\"section-4\">\n<p class=\"text-center font-weight-bold\">Ak\u00e1r 10 \u00f3r\u00e1s akkumul\u00e1tor-\u00fczemid\u0151 egyetlen felt\u00f6lt\u00e9ssel<\/p>\n<p class=\"text-center col-8\"><strong>Thermion 2 LRF<\/strong> k\u00e9t \u00fajrat\u00f6lthet\u0151 akkumul\u00e1torral m\u0171k\u00f6dik: az egyik be\u00e9p\u00edtett, 4,9 Ah kapacit\u00e1s\u00fa, a m\u00e1sik cser\u00e9lhet\u0151, 2 Ah kapacit\u00e1s\u00fa. Egy felt\u00f6lt\u00e9s ak\u00e1r 10 \u00f3r\u00e1s akkumul\u00e1tor-\u00fczemid\u0151t garant\u00e1l, ami a c\u00e9lt\u00e1vcs\u0151 akt\u00edv haszn\u00e1lat\u00e1nak idej\u00e9t fedezi vad\u00e1szat k\u00f6zben. A cser\u00e9lhet\u0151 akkumul\u00e1tor test\u00e9n tal\u00e1lhat\u00f3, pontos pozicion\u00e1l\u00e1sra szolg\u00e1l\u00f3 dombor\u00edt\u00e1s lehet\u0151v\u00e9 teszi a lemer\u00fclt akkumul\u00e1tor gyors \u00e9s biztos cser\u00e9j\u00e9t egy \u00fajjal a teljes s\u00f6t\u00e9ts\u00e9gben, k\u00f6d ut\u00e1n.<\/p>\n<\/section>\n<section class=\"section-5\">\n<p class=\"text-center font-weight-bold\">Nagy pontoss\u00e1g\u00fa, k\u00e9toldalas lencsef\u00f3kusz\u00e1l\u00e1s<\/p>\n<p class=\"text-center col-8\">A bels\u0151 f\u00f3kusz\u00e1l\u00f3 mechanizmussal ell\u00e1tott objekt\u00edv b\u00e1rmilyen t\u00e1vols\u00e1gb\u00f3l \u00e9les \u00e9s tiszta k\u00e9pet biztos\u00edt. Az ergonomikus f\u00f3kusz\u00e1l\u00f3 kerekek a jobb \u00e9s bal oldalon tal\u00e1lhat\u00f3k, \u00edgy a f\u00f3kusz\u00e1l\u00e1s a jobb- \u00e9s balkezes felhaszn\u00e1l\u00f3k sz\u00e1m\u00e1ra is egyszer\u0171.<\/p>\n<\/section>\n<table class=\"parametry table table-striped\" style=\"height: 1086px;\" width=\"1248\" cellspacing=\"0\" cellpadding=\"2\">\n<tbody>\n<tr class=\"odd\">\n<th scope=\"row\"><abbr title=\" T\u00e1vcs\u0151 nagy\u00edt\u00e1s \">Nagy\u00edt\u00e1s<\/abbr>:<\/th>\n<td>3 - 24x<\/td>\n<\/tr>\n<tr class=\"even\">\n<th scope=\"row\">Digit\u00e1lis nagy\u00edt\u00e1s:<\/th>\n<td>8<\/td>\n<\/tr>\n<tr class=\"odd\">\n<th scope=\"row\">Mikrobolom\u00e9ter:<\/th>\n<td>640\u00d7480 px<\/td>\n<\/tr>\n<tr class=\"even\">\n<th scope=\"row\"><abbr title=\" Az \u00e9rz\u00e9kel\u0151 azon k\u00e9pess\u00e9ge, hogy a lehet\u0151 legkisebb h\u0151m\u00e9rs\u00e9klet-k\u00fcl\u00f6nbs\u00e9ggel k\u00e9pes megk\u00fcl\u00f6nb\u00f6ztetni k\u00e9t k\u00f6zeli pontot. \">NETD<\/abbr>:<\/th>\n<td>&lt;25mK<\/td>\n<\/tr>\n<tr class=\"odd\">\n<th scope=\"row\">Pixel m\u00e9ret:<\/th>\n<td>17 \u00b5m<\/td>\n<\/tr>\n<tr class=\"even\">\n<th scope=\"row\">M\u00e9r\u00e9si t\u00e1vols\u00e1g:<\/th>\n<td>800 m<\/td>\n<\/tr>\n<tr class=\"odd\">\n<th scope=\"row\">T\u00e1vm\u00e9r\u0151:<\/th>\n<td>l\u00e9zer, 905nm<\/td>\n<\/tr>\n<tr class=\"even\">\n<th scope=\"row\">M\u00e9r\u00e9si pontoss\u00e1g:<\/th>\n<td>1 m<\/td>\n<\/tr>\n<tr class=\"odd\">\n<th scope=\"row\">Kijelz\u0151 t\u00edpusa: A kijelz\u0151 t\u00edpusa:<\/th>\n<td>AMOLED HD<\/td>\n<\/tr>\n<tr class=\"even\">\n<th scope=\"row\">Kijelz\u0151 felbont\u00e1sa:<\/th>\n<td>1024\u00d7768<\/td>\n<\/tr>\n<tr class=\"odd\">\n<th scope=\"row\">K\u00e9pkocka sebess\u00e9g:<\/th>\n<td>50 Hz<\/td>\n<\/tr>\n<tr class=\"even\">\n<th scope=\"row\">\u00c9rz\u00e9kel\u00e9si t\u00e1vols\u00e1g:<\/th>\n<td>1800m<\/td>\n<\/tr>\n<tr class=\"odd\">\n<th scope=\"row\">F\u00f3kuszt\u00e1vols\u00e1g:<\/th>\n<td>50 mm<\/td>\n<\/tr>\n<tr class=\"even\">\n<th scope=\"row\">Objekt\u00edv param\u00e9terek:<\/th>\n<td>F50\/1.0<\/td>\n<\/tr>\n<tr class=\"odd\">\n<th scope=\"row\">Betekint\u00e9si sz\u00f6g:<\/th>\n<td>12.4\u00d79.3\u00b0<\/td>\n<\/tr>\n<tr class=\"even\">\n<th scope=\"row\">L\u00e1t\u00f3mez\u0151 100 m\u00e9teren:<\/th>\n<td>21.8\u00d716.3 m<\/td>\n<\/tr>\n<tr class=\"odd\">\n<th scope=\"row\"><abbr title=\" A szemt\u00e1vols\u00e1g az a t\u00e1vols\u00e1g az okul\u00e1r utols\u00f3 lencs\u00e9je \u00e9s a megfigyel\u0151 szeme k\u00f6z\u00f6tt, amelyn\u00e9l a teljes l\u00e1t\u00f3mez\u0151 k\u00e9nyelmesen l\u00e1that\u00f3. \">Szemkiemel\u00e9s<\/abbr>:<\/th>\n<td>50mm<\/td>\n<\/tr>\n<tr class=\"even\">\n<th scope=\"row\">T\u00e1pegys\u00e9g:<\/th>\n<td>3.0 - 4.2V, bels\u0151 4.9Ah, k\u00fcls\u0151 2Ah (Li-ion akkumul\u00e1torok) V<\/td>\n<\/tr>\n<tr class=\"odd\">\n<th scope=\"row\">K\u00fcls\u0151 t\u00e1pegys\u00e9g:<\/th>\n<td>5V, 9V (USB-C)<\/td>\n<\/tr>\n<tr class=\"even\">\n<th scope=\"row\">VIDE\u00d3:<\/th>\n<td>Igen<\/td>\n<\/tr>\n<tr class=\"odd\">\n<th scope=\"row\">Mem\u00f3ria m\u00e9rete:<\/th>\n<td>16 Gb<\/td>\n<\/tr>\n<tr class=\"even\">\n<th scope=\"row\">Vide\u00f3\/f\u00e9nyk\u00e9p form\u00e1tum:<\/th>\n<td>.mp4 \/.jpg<\/td>\n<\/tr>\n<tr class=\"odd\">\n<th scope=\"row\">Vide\u00f3\/Fot\u00f3 felbont\u00e1s:<\/th>\n<td>1024\u00d7768<\/td>\n<\/tr>\n<tr class=\"even\">\n<th scope=\"row\">Cs\u0151\u00e1tm\u00e9r\u0151:<\/th>\n<td>30 mm<\/td>\n<\/tr>\n<tr class=\"odd\">\n<th scope=\"row\">Jav\u00edt\u00e1si l\u00e9p\u00e9s:<\/th>\n<td>21 mm\/100m<\/td>\n<\/tr>\n<tr class=\"even\">\n<th scope=\"row\">A horizont\u00e1lis kiigaz\u00edt\u00e1s m\u00e9rt\u00e9ke:<\/th>\n<td>150MOA<\/td>\n<\/tr>\n<tr class=\"odd\">\n<th scope=\"row\">A horizont\u00e1lis kiigaz\u00edt\u00e1s m\u00e9rt\u00e9ke:<\/th>\n<td>4200mm\/100m<\/td>\n<\/tr>\n<tr class=\"even\">\n<th scope=\"row\">A f\u00fcgg\u0151leges egyenget\u00e9s m\u00e9rt\u00e9ke:<\/th>\n<td>150MOA<\/td>\n<\/tr>\n<tr class=\"odd\">\n<th scope=\"row\">A f\u00fcgg\u0151leges egyenget\u00e9s m\u00e9rt\u00e9ke:<\/th>\n<td>4200mm\/100m<\/td>\n<\/tr>\n<tr class=\"even\">\n<th scope=\"row\">Keresztt\u00edpus:<\/th>\n<td>10 b\u00e1zis<\/td>\n<\/tr>\n<tr class=\"odd\">\n<th scope=\"row\">Visszar\u00fag\u00e1ssal szembeni ellen\u00e1ll\u00e1s:<\/th>\n<td>6000J<\/td>\n<\/tr>\n<tr class=\"even\">\n<th scope=\"row\">Anyag:<\/th>\n<td>Alum\u00ednium \u00f6tv\u00f6zet<\/td>\n<\/tr>\n<tr class=\"odd\">\n<th scope=\"row\">V\u00edz\u00e1ll\u00f3s\u00e1g:<\/th>\n<td>IPX7<\/td>\n<\/tr>\n<tr class=\"even\">\n<th scope=\"row\">\u00dczemi h\u0151m\u00e9rs\u00e9klet:<\/th>\n<td>-25 ... +50 \u00b0C<\/td>\n<\/tr>\n<tr class=\"odd\">\n<th scope=\"row\">Wi-Fi:<\/th>\n<td>2,4 \/ 5 GHz<\/td>\n<\/tr>\n<tr class=\"even\">\n<th scope=\"row\">USB, t\u00edpus:<\/th>\n<td>USB-C<\/td>\n<\/tr>\n<tr class=\"odd\">\n<th scope=\"row\">M\u0171k\u00f6d\u00e9si id\u0151 ( t22\u00b0C-on):<\/th>\n<td>10 \u00f3ra.<\/td>\n<\/tr>\n<tr class=\"even\">\n<th scope=\"row\">M\u00e9retek:<\/th>\n<td>420\u00d778.5\u00d794.5mm<\/td>\n<\/tr>\n<tr class=\"odd\">\n<th scope=\"row\">S\u00faly:<\/th>\n<td>0,97kg<\/td>\n<\/tr>\n<\/tbody>\n<\/table>\n<p><a href=\"https:\/\/www.pulsar-nv.com\/glo\/products\/33\/thermal-imaging-riflescopes\/thermion-2-lrf\/\">https:\/\/www.pulsar-nv.com\/glo\/products\/33\/thermal-imaging-riflescopes\/thermion-2-lrf\/<\/a><\/p>","protected":false},"excerpt":{"rendered":"<p>A l\u00e9zeres t\u00e1vols\u00e1gm\u00e9r\u0151 t\u00f6k\u00e9letesen beleilleszkedik a c\u00e9lt\u00e1vcs\u0151 karcs\u00fa form\u00e1j\u00e1ba. A t\u00e1vols\u00e1gm\u00e9r\u0151 kompakt, a vev\u0151 \u00e9s az ad\u00f3 egy optikai csatorn\u00e1ban tal\u00e1lhat\u00f3. Ak\u00e1r 800 m\u00e9teres m\u00e9r\u00e9si t\u00e1vols\u00e1ggal\u00a0<strong>Thermion 2 LRF<\/strong>\u00a0pontos inform\u00e1ci\u00f3t ny\u00fajt a vad\u00e1sznak a vad\u00e1szhelyen l\u00e9v\u0151 t\u00e1vols\u00e1gokr\u00f3l, \u00e9s seg\u00edt a pontos l\u00f6v\u00e9s megt\u00e9tel\u00e9ben.<\/p>","protected":false},"featured_media":3159,"template":"","meta":{"_gspb_post_css":""},"product_brand":[317],"product_cat":[21,144,329],"product_tag":[172,362,356],"class_list":{"0":"post-3038","1":"product","2":"type-product","3":"status-publish","4":"has-post-thumbnail","6":"product_brand-pulsar","7":"product_cat-optika","8":"product_cat-termovizie","9":"product_cat-termovizne-puskohlady","10":"product_tag-pulsar","11":"product_tag-termovizny-puskohlad","12":"product_tag-thermion","14":"first","15":"instock","16":"taxable","17":"shipping-taxable","18":"purchasable","19":"product-type-simple"},"ct_brands":[{"id":317,"name":"Pulsar","slug":"pulzar"}],"_links":{"self":[{"href":"https:\/\/zbranebudai.sk\/hu\/wp-json\/wp\/v2\/product\/3038","targetHints":{"allow":["GET"]}}],"collection":[{"href":"https:\/\/zbranebudai.sk\/hu\/wp-json\/wp\/v2\/product"}],"about":[{"href":"https:\/\/zbranebudai.sk\/hu\/wp-json\/wp\/v2\/types\/product"}],"wp:featuredmedia":[{"embeddable":true,"href":"https:\/\/zbranebudai.sk\/hu\/wp-json\/wp\/v2\/media\/3159"}],"wp:attachment":[{"href":"https:\/\/zbranebudai.sk\/hu\/wp-json\/wp\/v2\/media?parent=3038"}],"wp:term":[{"taxonomy":"product_brand","embeddable":true,"href":"https:\/\/zbranebudai.sk\/hu\/wp-json\/wp\/v2\/product_brand?post=3038"},{"taxonomy":"product_cat","embeddable":true,"href":"https:\/\/zbranebudai.sk\/hu\/wp-json\/wp\/v2\/product_cat?post=3038"},{"taxonomy":"product_tag","embeddable":true,"href":"https:\/\/zbranebudai.sk\/hu\/wp-json\/wp\/v2\/product_tag?post=3038"}],"curies":[{"name":"wp","href":"https:\/\/api.w.org\/{rel}","templated":true}]}}