{"id":3037,"date":"2025-02-01T20:27:45","date_gmt":"2025-02-01T18:27:45","guid":{"rendered":"https:\/\/zbranebudai.sk\/?post_type=product&#038;p=3037"},"modified":"2025-08-31T03:56:31","modified_gmt":"2025-08-31T01:56:31","slug":"pulsar-thermion-duo-dxp50-multispectralis-celtavcso","status":"publish","type":"product","link":"https:\/\/zbranebudai.sk\/hu\/product\/pulsar-thermion-duo-dxp50-multispektralis-celtavcso\/","title":{"rendered":"Pulsar THERMION DUO DXP50 Multispektr\u00e1lis l\u00e1t\u00f3mez\u0151"},"content":{"rendered":"<p class=\"text-center font-weight-bold p-headline\">Nappali \u00e9s \u00e9jszakai haszn\u00e1lat<\/p>\n<p>Sok vad\u00e1sz sz\u00e1m\u00e1ra a Thermion Duo DXP lesz az egyetlen optikai c\u00e9lz\u00e1si lehet\u0151s\u00e9g a vad\u00e1szathoz a nap b\u00e1rmely szak\u00e1ban, \u00e9jjel \u00e9s b\u00e1rmilyen id\u0151j\u00e1r\u00e1si k\u00f6r\u00fclm\u00e9nyek k\u00f6z\u00f6tt. A Thermion Duo DXP h\u0151v\u00e9d\u0151 c\u00e9lkereszt a Pulsar optika fejleszt\u00e9se sor\u00e1n haszn\u00e1lt legjobb megold\u00e1sokra \u00e9s alkatr\u00e9szekre \u00e9p\u00fcl, hogy jobban b\u00edrja az \u00e9jszakai vad\u00e1szat viszontags\u00e1gait. A teljes s\u00f6t\u00e9ts\u00e9g, az es\u0151 vagy a k\u00f6d nem fogja megakad\u00e1lyozni a Thermion Duo DXP c\u00e9lkeresztet abban, hogy megtal\u00e1lja a vadat \u00e9s leolvassa tr\u00f3fe\u00e1j\u00e1t. A 4K felbont\u00e1s\u00fa digit\u00e1lis csatorna teljes sz\u00ednes k\u00e9palkot\u00e1st biztos\u00edt a nappali vad\u00e1szathoz.<\/p>\n<p class=\"text-center font-weight-bold p-headline\">Teljes sz\u00edn\u0171 4K \u00e9rz\u00e9kel\u0151 a nappali vad\u00e1szathoz<\/p>\n<p class=\"text-center col-10\">A nappali digit\u00e1lis csatorna \u00e9lesen \u00e1br\u00e1zolja a t\u00e1rgyakat 10 m\u00e9teres vagy ann\u00e1l nagyobb t\u00e1vols\u00e1gb\u00f3l. A Thermion Duo DXP nappali l\u00e1t\u00f3sz\u00f6gk\u00e9nt val\u00f3 haszn\u00e1lata mindig egyszer\u0171 \u00e9s k\u00e9nyelmes, mivel az objekt\u00edv nem ig\u00e9nyel f\u00f3kusz\u00e1l\u00e1st. A 4K CMOS \u00e9rz\u00e9kel\u0151 a teljes nagy\u00edt\u00e1si tartom\u00e1nyban kiv\u00e1l\u00f3 r\u00e9szletess\u00e9get \u00e9s t\u00e1rgyazonos\u00edt\u00e1st biztos\u00edt. A Thermion Duo DXP haszn\u00e1lat\u00e1val a nappali vad\u00e1szat nemcsak k\u00e9nyelmes, hanem technol\u00f3giailag is nagyon fejlett. A klasszikus nappali optik\u00e1ra jellemz\u0151 teljes sz\u00edn\u0171 k\u00e9p a digit\u00e1lis m\u0171szerek modern funkci\u00f3ival p\u00e1rosul. A vad\u00e1sz b\u00e1rmikor r\u00f6gz\u00edthet k\u00e9pet, megv\u00e1ltoztathatja a sz\u00e1lkereszt alakj\u00e1t \u00e9s sz\u00edn\u00e9t, vagy \u00f6sszekapcsolhatja a c\u00e9lt\u00e1vcs\u00f6vet egy okostelefonnal.<\/p>\n<p class=\"text-center font-weight-bold p-headline\">640\u00d7480 @ NETD &lt; 25 mK nagy \u00e9rz\u00e9kenys\u00e9g\u0171 h\u0151kamer\u00e1s \u00e9rz\u00e9kel\u0151<\/p>\n<p class=\"text-center col-10\">A rendk\u00edv\u00fcl \u00e9rz\u00e9keny, Eur\u00f3p\u00e1ban gy\u00e1rtott \u00e9rz\u00e9kel\u0151, amelynek NETD &lt; 25 mK \u00e9rt\u00e9ke minim\u00e1lis h\u0151m\u00e9rs\u00e9klet-k\u00fcl\u00f6nbs\u00e9geket \u00e9rz\u00e9kel, ha alacsony h\u0151m\u00e9rs\u00e9kleti kontrasztos k\u00f6r\u00fclm\u00e9nyek k\u00f6z\u00f6tt, es\u0151ben vagy k\u00f6dben figyelik. A 640 x 480 pixeles felbont\u00e1s megb\u00edzhat\u00f3 c\u00e9lpont-azonos\u00edt\u00e1st, az \u00e1llat fontos anat\u00f3miai jellemz\u0151inek kiv\u00e1l\u00f3 min\u0151s\u00e9g\u0171 megjelen\u00edt\u00e9s\u00e9t, valamint a k\u00f6rnyez\u0151 t\u00e1j finom r\u00e9szleteit biztos\u00edtja. A nagy \u00e9rz\u00e9kel\u0151m\u00e9ret sz\u00e9les l\u00e1t\u00f3mez\u0151t biztos\u00edt a Thermion Duo DXP-nek, amely lehet\u0151v\u00e9 teszi a statikus \u00e9s dinamikus objektumok k\u00e9nyelmes \u00e9s informat\u00edv megfigyel\u00e9s\u00e9t egyar\u00e1nt.<\/p>\n<p class=\"text-center font-weight-bold p-headline\">Nagy \u00e1tereszt\u0151k\u00e9pess\u00e9g\u0171 F1.0 germ\u00e1nium optika<\/p>\n<p class=\"text-center col-10\">A nagy \u00e9rz\u00e9kenys\u00e9g\u0171 \u00e9rz\u00e9kel\u0151ben rejl\u0151 lehet\u0151s\u00e9gek a h\u0151kamer\u00e1s csatorn\u00e1ban teljes m\u00e9rt\u00e9kben kihaszn\u00e1lhat\u00f3k az F50\/1,0 nagy f\u00e9ny\u00e1tereszt\u0151 k\u00e9pess\u00e9g\u0171 germ\u00e1nium lencs\u00e9nek k\u00f6sz\u00f6nhet\u0151en. A h\u0151kamer\u00e1s csatorna minden id\u0151j\u00e1r\u00e1si k\u00f6r\u00fclm\u00e9nyek k\u00f6z\u00f6tt \u00e9s a nap b\u00e1rmely szak\u00e1ban maxim\u00e1lis \u00e9rz\u00e9kel\u00e9si hat\u00e9konys\u00e1got biztos\u00edt a vad\u00e1sz sz\u00e1m\u00e1ra.<\/p>\n<p class=\"text-center font-weight-bold p-headline\">Fejlett k\u00e9pfeldolgoz\u00f3 algoritmusok: jobb r\u00e9szletess\u00e9g, tisztas\u00e1g \u00e9s kontraszt<\/p>\n<p>A Thermion Duo fejlett algoritmusokat haszn\u00e1l a k\u00e9p r\u00e9szletess\u00e9g\u00e9nek, tisztas\u00e1g\u00e1nak \u00e9s kontrasztj\u00e1nak \u00faj szintjeinek el\u00e9r\u00e9se \u00e9rdek\u00e9ben. A f\u00e9lt\u00f3nusok sz\u00e9les sk\u00e1l\u00e1j\u00e1t felhaszn\u00e1lva a Thermion Duo k\u00e9pes az egyenletesen sug\u00e1rz\u00f3, alacsony kontraszt\u00fa objektumokat, p\u00e9ld\u00e1ul eget, f\u00fcvet vagy v\u00edzt\u00f6meget tartalmaz\u00f3 \u00f6sszetett jelenetek megjelen\u00edt\u00e9s\u00e9re. A tov\u00e1bbfejlesztett r\u00e9szletek \u00e9s a k\u00fcl\u00f6nb\u00f6z\u0151 t\u00e1vols\u00e1gban l\u00e9v\u0151 objektumokat f\u00f3kusz\u00e1l\u00f3 szoftver rendk\u00edv\u00fcl informat\u00edv h\u0151k\u00e9pet eredm\u00e9nyez. A h\u0151k\u00e9p\u00e9rz\u00e9kel\u0151 \u00e9rz\u00e9kenys\u00e9g\u00e9nek manu\u00e1lis n\u00f6vel\u00e9se lehet\u0151v\u00e9 teszi az \u00e1llatok \u00e9szlel\u00e9s\u00e9nek min\u0151s\u00e9g\u00e9nek jav\u00edt\u00e1s\u00e1t, amikor a l\u00e1t\u00e1si k\u00f6r\u00fclm\u00e9nyek romlanak. Egy sim\u00edt\u00f3 sz\u0171r\u0151, valamint a f\u00e9nyer\u0151 \u00e9s a kontraszt be\u00e1ll\u00edt\u00e1sai biztos\u00edtj\u00e1k a k\u00e9nyelmet a hosszabb megfigyel\u00e9s sor\u00e1n. A nappali csatorna ide\u00e1lis k\u00e9p\u00e9rz\u00e9kel\u00e9st biztos\u00edt napos \u00e9s felh\u0151s id\u0151ben egyar\u00e1nt.<\/p>\n<p class=\"text-center font-weight-bold p-headline\">Kombin\u00e1lt multispektr\u00e1lis megjelen\u00edt\u00e9si m\u00f3dok<\/p>\n<p class=\"text-center col-10\">A Thermion Duo n\u00e9gy megfigyel\u00e9si m\u00f3dot t\u00e1mogat. A digit\u00e1lis k\u00e9pm\u00f3dot nappali vad\u00e1szathoz haszn\u00e1lj\u00e1k. A h\u0151k\u00e9pes \u00fczemm\u00f3d az \u00e9jszakai k\u00f6r\u00fclm\u00e9nyekre \u00e9s kieg\u00e9sz\u00edt\u0151 \u00fczemm\u00f3dk\u00e9nt a neh\u00e9z nappali k\u00f6r\u00fclm\u00e9nyekre szolg\u00e1l - a k\u00f6d, az er\u0151s felh\u0151zet, az es\u0151, a szembej\u00f6v\u0151 vagy oldals\u00f3 napf\u00e9ny, a magas f\u0171, a boz\u00f3t \u00e9s a f\u00e1k a l\u00e1t\u00f3t\u00e9rben befoly\u00e1solj\u00e1k a vad \u00e9szlel\u00e9s\u00e9nek k\u00e9pess\u00e9g\u00e9t, k\u00e9nyelmes megfigyel\u00e9s\u00e9t \u00e9s tr\u00f3feajellemz\u0151inek egy\u00e9rtelm\u0171 azonos\u00edt\u00e1s\u00e1t. A Thermion Duo \"K\u00e9p a k\u00e9pben\" funkci\u00f3ja lehet\u0151v\u00e9 teszi a k\u00e9t optikai csatorna k\u00e9peinek egyidej\u0171 megtekint\u00e9s\u00e9t, el\u0151nyben r\u00e9szes\u00edtve a h\u0151- vagy digit\u00e1lis k\u00e9peket.<\/p>\n<p class=\"text-center font-weight-bold p-headline\">Automatikus \u00e1t\u00e1ll\u00e1s gyenge f\u00e9nyviszonyok k\u00f6z\u00f6tt<\/p>\n<p class=\"text-center col-10\">Amikor a f\u00e9nyszint cs\u00f6kken, a Thermion Duo nappali csatorna\u00e9rz\u00e9kel\u0151je fekete-feh\u00e9r \u00fczemm\u00f3dra v\u00e1lt. Ez a v\u00e1lt\u00e1s lehet\u0151v\u00e9 teszi, hogy a digit\u00e1lis k\u00e9p alacsony zajszintje, tisztas\u00e1ga \u00e9s nagy felbont\u00e1sa este napnyugt\u00e1ig megmaradjon.<\/p>\n<p class=\"text-center font-weight-bold p-headline\">Felhaszn\u00e1l\u00f3i \u00fczemm\u00f3d<\/p>\n<p>A f\u00e9nyer\u0151- \u00e9s kontrasztbe\u00e1ll\u00edt\u00e1sokkal maximaliz\u00e1lhatja a k\u00e9p r\u00e9szletess\u00e9g\u00e9t \u00e9s inform\u00e1ci\u00f3s \u00e9rt\u00e9k\u00e9t az adott l\u00e1t\u00e1si k\u00f6r\u00fclm\u00e9nyek k\u00f6z\u00f6tt. A Felhaszn\u00e1l\u00f3i \u00fczemm\u00f3d funkci\u00f3 a kiv\u00e1lasztott f\u00e9nyer\u0151- \u00e9s kontrasztbe\u00e1ll\u00edt\u00e1sokat a k\u00e9sz\u00fcl\u00e9k mem\u00f3ri\u00e1j\u00e1ba menti, \u00edgy a h\u0151kamera tov\u00e1bbi be\u00e1ll\u00edt\u00e1sok n\u00e9lk\u00fcl azonnal optim\u00e1lis k\u00e9pmin\u0151s\u00e9get biztos\u00edt a tov\u00e1bbi haszn\u00e1lathoz.<\/p>\n<p class=\"text-center font-weight-bold p-headline\">H\u0151kamer\u00e1s \u00e9s digit\u00e1lis csatorn\u00e1k egyszeri felv\u00e9telk\u00e9sz\u00edt\u00e9se<\/p>\n<p class=\"text-center col-10\">Egyetlen l\u00f6v\u00e9s \u00e9s a Freeze sight szoftverfunkci\u00f3 elegend\u0151 ahhoz, hogy mindk\u00e9t optikai csatorn\u00e1t a kiv\u00e1lasztott t\u00e1vols\u00e1gban lel\u0151je. A l\u00f6v\u00e9s lead\u00e1sa ut\u00e1n a c\u00e9lt\u00e1vcs\u0151 lef\u00e9nyk\u00e9pezi a c\u00e9lt, \u00e9s a becsap\u00f3d\u00e1si ponton h\u0151k\u00e9p \u00e9s digit\u00e1lis sz\u00e1lkereszt ker\u00fcl be\u00e1ll\u00edt\u00e1sra. A Thermion Duo DXP alapnagy\u00edt\u00e1ssal vagy nagy\u00edt\u00e1ssal is l\u0151het\u0151, az 1 kattint\u00e1s \u00e9rt\u00e9ke a nagy\u00edt\u00e1ssal ar\u00e1nyosan cs\u00f6kken - maxim\u00e1lis nagy\u00edt\u00e1sn\u00e1l a kattint\u00e1s \u00e9rt\u00e9ke kevesebb, mint 0,1 MOA. A t\u00e1rolt t\u00f6lt\u00e9s stabil az ir\u00e1nyz\u00e9k teljes nagy\u00edt\u00e1si tartom\u00e1ny\u00e1ban.<\/p>\n<table dir=\"ltr\" border=\"1\" cellspacing=\"0\" cellpadding=\"0\" data-sheets-root=\"1\" data-sheets-baot=\"1\">\n<colgroup>\n<col width=\"375\" \/>\n<col width=\"437\" \/><\/colgroup>\n<tbody>\n<tr>\n<td>Nagy\u00edt\u00e1s<\/td>\n<td>2-16\u00d7 (termikus \u00e9s digit\u00e1lis)<\/td>\n<\/tr>\n<tr>\n<td>Digit\u00e1lis nagy\u00edt\u00e1s<\/td>\n<td>4\u00d7<\/td>\n<\/tr>\n<tr>\n<td>A m\u0171szer h\u0151\u00e9rz\u00e9kenys\u00e9ge<\/td>\n<td>&lt; 18mK<\/td>\n<\/tr>\n<tr>\n<td>\u00c9rz\u00e9kel\u0151 felbont\u00e1sa<\/td>\n<td>640\u00d7480 px (termikus)<\/td>\n<\/tr>\n<tr>\n<td>\u00c9rz\u00e9kel\u0151 termikus \u00e9rz\u00e9kenys\u00e9ge<\/td>\n<td>&lt; 25mK<\/td>\n<\/tr>\n<tr>\n<td>Pixeloszt\u00e1s<\/td>\n<td>17 \u00b5m<\/td>\n<\/tr>\n<tr>\n<td>\u00c9rz\u00e9kel\u0151<\/td>\n<td>3840\u00d72160 px (digit\u00e1lis)<\/td>\n<\/tr>\n<tr>\n<td>\u00c9rz\u00e9kel\u0151 t\u00edpusa<\/td>\n<td>CMOS<\/td>\n<\/tr>\n<tr>\n<td>Kijelz\u0151 felbont\u00e1sa<\/td>\n<td>1024\u00d7768 px<\/td>\n<\/tr>\n<tr>\n<td>K\u00e9pkocka sebess\u00e9g<\/td>\n<td>50 Hz<\/td>\n<\/tr>\n<tr>\n<td>Megjelen\u00edt\u00e9s t\u00edpusa<\/td>\n<td>AMOLED HD<\/td>\n<\/tr>\n<tr>\n<td>\u00c9rz\u00e9kel\u00e9si t\u00e1vols\u00e1g<\/td>\n<td>1800 m<\/td>\n<\/tr>\n<tr>\n<td>Gy\u00fajt\u00f3t\u00e1vols\u00e1g<\/td>\n<td>F50 mm (termikus) | F17 mm (digit\u00e1lis)<\/td>\n<\/tr>\n<tr>\n<td>Objekt\u00edv param\u00e9terek<\/td>\n<td>F50\/1,0 (termikus) | F17\/4,34 (digit\u00e1lis)<\/td>\n<\/tr>\n<tr>\n<td>N\u00e9z\u00e9si sz\u00f6g<\/td>\n<td>12.4\u00d79.3\u00b0<\/td>\n<\/tr>\n<tr>\n<td>L\u00e1t\u00f3mez\u0151 100 m-en<\/td>\n<td>21.8\u00d716.4 m<\/td>\n<\/tr>\n<tr>\n<td>Szemkiemel\u00e9s<\/td>\n<td>50 mm<\/td>\n<\/tr>\n<tr>\n<td>Teljes\u00edtm\u00e9ny<\/td>\n<td>3.0 - 4.2V, bels\u0151 4.9Ah, k\u00fcls\u0151 2Ah (Li-ion akkumul\u00e1torok)<\/td>\n<\/tr>\n<tr>\n<td>K\u00fcls\u0151 t\u00e1pegys\u00e9g<\/td>\n<td>5V, 9V (USB-C)<\/td>\n<\/tr>\n<tr>\n<td>Vide\u00f3felvev\u0151<\/td>\n<td>Igen<\/td>\n<\/tr>\n<tr>\n<td>Mem\u00f3ria m\u00e9rete<\/td>\n<td>16 GB<\/td>\n<\/tr>\n<tr>\n<td>Vide\u00f3\/Fot\u00f3 form\u00e1tum<\/td>\n<td>.mp4 \/.jpg<\/td>\n<\/tr>\n<tr>\n<td>Vide\u00f3\/F\u00e9nyk\u00e9p felbont\u00e1s<\/td>\n<td>1024\u00d7768 px<\/td>\n<\/tr>\n<tr>\n<td>Cs\u0151 \u00e1tm\u00e9r\u0151je<\/td>\n<td>30 mm<\/td>\n<\/tr>\n<tr>\n<td>Helyre\u00e1ll\u00edt\u00e1si l\u00e9p\u00e9s<\/td>\n<td>21,25 mm\/100 m (termikus) | 21,26 mm\/100 m (digit\u00e1lis)<\/td>\n<\/tr>\n<tr>\n<td>A horizont\u00e1lis kiigaz\u00edt\u00e1s m\u00e9rt\u00e9ke<\/td>\n<td>4250 mm\/100 m (termikus) | 4252 mm\/100 m (digit\u00e1lis)<\/td>\n<\/tr>\n<tr>\n<td>A vertik\u00e1lis helyesb\u00edt\u00e9s hat\u00e1lya<\/td>\n<td>4250 mm\/100 m (termikus) | 4252 mm\/100 m (digit\u00e1lis)<\/td>\n<\/tr>\n<tr>\n<td>Kereszt t\u00edpusa<\/td>\n<td>10 b\u00e1zis<\/td>\n<\/tr>\n<tr>\n<td>Visszar\u00fag\u00e1ssal szembeni ellen\u00e1ll\u00e1s<\/td>\n<td>6000J<\/td>\n<\/tr>\n<tr>\n<td>Anyag<\/td>\n<td>Alum\u00ednium \u00f6tv\u00f6zet<\/td>\n<\/tr>\n<tr>\n<td>V\u00edz\u00e1ll\u00f3<\/td>\n<td>IPX7<\/td>\n<\/tr>\n<tr>\n<td>\u00dczemi h\u0151m\u00e9rs\u00e9kletek<\/td>\n<td>-25 ... +50 \u00b0C<\/td>\n<\/tr>\n<tr>\n<td>Mobil alkalmaz\u00e1s<\/td>\n<td>Stream Vision 2<\/td>\n<\/tr>\n<tr>\n<td>Wi-Fi<\/td>\n<td>2,4 \/ 5 GHz<\/td>\n<\/tr>\n<tr>\n<td>USB, t\u00edpus<\/td>\n<td>USB-C<\/td>\n<\/tr>\n<tr>\n<td>M\u0171k\u00f6d\u00e9si id\u0151 (22\u00b0C-on)<\/td>\n<td>6 \u00f3ra.<\/td>\n<\/tr>\n<tr>\n<td>M\u00e9retek<\/td>\n<td>420\u00d778\u00d783,5 mm<\/td>\n<\/tr>\n<tr>\n<td>S\u00faly<\/td>\n<td>0,96 kg (elemekkel)<\/td>\n<\/tr>\n<\/tbody>\n<\/table>\n<p><a href=\"https:\/\/www.pulsar-nv.com\/glo\/products\/33\/multispectral-devices\/multispectral-fusion-thermion-duo-dxp-50\/\">https:\/\/www.pulsar-nv.com\/glo\/products\/33\/multispectral-devices\/multispectral-fusion-thermion-duo-dxp-50\/<\/a><\/p>","protected":false},"excerpt":{"rendered":"<p class=\"text-center font-weight-bold p-headline\"><strong>Az els\u0151 pulz\u00e1r multispektr\u00e1lis vad\u00e1szc\u00e9lpont<\/strong><\/p>\n<p class=\"text-center col-8\">A Thermion Duo DXP \u00faj lapot nyit a pulz\u00e1rvad\u00e1sz optika t\u00f6rt\u00e9net\u00e9ben. Ez az els\u0151 olyan kereskedelmi c\u00e9lt\u00e1vcs\u0151, amely a nap b\u00e1rmely szak\u00e1ban a h\u0151k\u00e9palkot\u00e1s hat\u00e9konys\u00e1g\u00e1t a nappali, teljes sz\u00edn\u0171 l\u00e1tv\u00e1ny k\u00e9nyelm\u00e9vel \u00f6tv\u00f6zi. A k\u00fcl\u00f6nb\u00f6z\u0151 technol\u00f3gi\u00e1k integr\u00e1l\u00e1s\u00e1val l\u00e9trej\u00f6v\u0151 szinergi\u00e1nak k\u00f6sz\u00f6nhet\u0151en a Thermion Duo-val t\u00f6rt\u00e9n\u0151 megfigyel\u00e9s hat\u00e9kony \u00e9szlel\u00e9st \u00e9s a megfigyelt objektum nagyobb r\u00e9szletess\u00e9g\u00e9t biztos\u00edtja.<\/p>","protected":false},"featured_media":3157,"template":"","meta":{"_gspb_post_css":""},"product_brand":[317],"product_cat":[145,21,144,326,332],"product_tag":[366,172,356],"class_list":{"0":"post-3037","1":"product","2":"type-product","3":"status-publish","4":"has-post-thumbnail","6":"product_brand-pulsar","7":"product_cat-nocne-videnie","8":"product_cat-optika","9":"product_cat-termovizie","10":"product_cat-termovizne-zameriavace","11":"product_cat-zameriavace-s-nocnym-videnim","12":"product_tag-multispektralny-zameriavac","13":"product_tag-pulsar","14":"product_tag-thermion","16":"first","17":"instock","18":"sale","19":"taxable","20":"shipping-taxable","21":"purchasable","22":"product-type-simple"},"ct_brands":[{"id":317,"name":"Pulsar","slug":"pulzar"}],"_links":{"self":[{"href":"https:\/\/zbranebudai.sk\/hu\/wp-json\/wp\/v2\/product\/3037","targetHints":{"allow":["GET"]}}],"collection":[{"href":"https:\/\/zbranebudai.sk\/hu\/wp-json\/wp\/v2\/product"}],"about":[{"href":"https:\/\/zbranebudai.sk\/hu\/wp-json\/wp\/v2\/types\/product"}],"wp:featuredmedia":[{"embeddable":true,"href":"https:\/\/zbranebudai.sk\/hu\/wp-json\/wp\/v2\/media\/3157"}],"wp:attachment":[{"href":"https:\/\/zbranebudai.sk\/hu\/wp-json\/wp\/v2\/media?parent=3037"}],"wp:term":[{"taxonomy":"product_brand","embeddable":true,"href":"https:\/\/zbranebudai.sk\/hu\/wp-json\/wp\/v2\/product_brand?post=3037"},{"taxonomy":"product_cat","embeddable":true,"href":"https:\/\/zbranebudai.sk\/hu\/wp-json\/wp\/v2\/product_cat?post=3037"},{"taxonomy":"product_tag","embeddable":true,"href":"https:\/\/zbranebudai.sk\/hu\/wp-json\/wp\/v2\/product_tag?post=3037"}],"curies":[{"name":"wp","href":"https:\/\/api.w.org\/{rel}","templated":true}]}}