{"id":3017,"date":"2025-02-01T20:26:20","date_gmt":"2025-02-01T18:26:20","guid":{"rendered":"https:\/\/zbranebudai.sk\/?post_type=product&#038;p=3017"},"modified":"2025-08-31T03:56:32","modified_gmt":"2025-08-31T01:56:32","slug":"pulsar-telos-xg50-hokamera-keresotavcso","status":"publish","type":"product","link":"https:\/\/zbranebudai.sk\/hu\/product\/pulsar-telos-xg50-hokamera-keresotavcso\/","title":{"rendered":"Pulsar TELOS XG50 h\u0151kamer\u00e1s monokul\u00e1r"},"content":{"rendered":"<section class=\"section-2\">\n<p class=\"text-center font-weight-bold p-headline\"><strong><span data-darkreader-inline-color=\"\">Friss\u00edthet\u0151 eszk\u00f6z<\/span><\/strong><\/p>\n<p class=\"text-center col-10\"><span data-darkreader-inline-color=\"\">A cs\u00facstechnol\u00f3giai ipar\u00e1gak alkatr\u00e9szei \u00e9s szoftvermegold\u00e1sai \u00e9vr\u0151l \u00e9vre fejl\u0151dnek. Ez al\u00f3l a h\u0151kamera sem kiv\u00e9tel. Id\u0151vel a felhaszn\u00e1l\u00f3k v\u00e1laszt\u00e1sa \u00e9s preferenci\u00e1i v\u00e1ltoznak. R\u00e1ad\u00e1sul ahogy a felhaszn\u00e1l\u00f3k tapasztalatai fejl\u0151dtek, \u00fagy v\u00e1ltoztak a berendez\u00e9sek k\u00e9pess\u00e9geivel \u00e9s m\u0171k\u00f6d\u00e9s\u00e9vel szemben t\u00e1masztott k\u00f6vetelm\u00e9nyeik is. A Telos h\u0151kamer\u00e1s monokul\u00e1rokat a technol\u00f3gia \u00e9s a felhaszn\u00e1l\u00f3i ig\u00e9nyek figyelembev\u00e9tel\u00e9vel tervezt\u00e9k. A Telos az els\u0151 olyan h\u0151kamer\u00e1s m\u0171szercsal\u00e1d a piacon, amely a v\u00e1s\u00e1rl\u00f3 k\u00e9r\u00e9s\u00e9re technikai friss\u00edt\u00e9sre is lehet\u0151s\u00e9get biztos\u00edt. Legyen Telos tulajdonos, \u00e9s kapja meg a lehet\u0151s\u00e9get, hogy rugalmas \u00e9s el\u0151ny\u00f6s m\u00f3don, hossz\u00fa \u00e9veken kereszt\u00fcl friss\u00edtse Telos m\u0171szer\u00e9t. Szerelje fel nagy teljes\u00edtm\u00e9ny\u0171 optik\u00e1val, nagyobb felbont\u00e1s\u00fa \u00e9rz\u00e9kel\u0151vel \u00e9s kijelz\u0151vel, er\u0151sebb \u00e9s funkcion\u00e1lisabb elektronik\u00e1val, vagy szerelje fel a h\u0151kamer\u00e1t l\u00e9zeres t\u00e1vols\u00e1gm\u00e9r\u0151vel \u00e9s tov\u00e1bbi optikai csatorn\u00e1kkal, hogy mindig a legmodernebb m\u0171szerrel rendelkezzen, de csak a friss\u00edt\u00e9s k\u00f6lts\u00e9g\u00e9n.<\/span><\/p>\n<\/section>\n<section class=\"section-4\"><strong><span data-darkreader-inline-color=\"\">Fejlett k\u00e9pfeldolgoz\u00e1s<\/span><\/strong><\/p>\n<p class=\"text-center col-12\"><span data-darkreader-inline-color=\"\">A Pulsar mindig a lehet\u0151 legmagasabb szint\u0171 r\u00e9szletess\u00e9ggel, \u00e9less\u00e9ggel \u00e9s kontraszttal l\u00e1tja el h\u0151kamer\u00e1s rendszereit az eredeti k\u00e9pfeldolgoz\u00f3 algoritmusoknak k\u00f6sz\u00f6nhet\u0151en. A Telos h\u0151kamer\u00e1s monokul\u00e1rok az \u00f6sszetett jeleneteket sz\u00e9les f\u00e9lt\u00f3nustartom\u00e1nyban, egyenletesen sug\u00e1rz\u00f3, alacsony kontraszt\u00fa objektumokkal, p\u00e9ld\u00e1ul \u00e9gbolt, f\u0171 \u00e9s v\u00edzfel\u00fcletek \u00e1br\u00e1zol\u00e1s\u00e1val adj\u00e1k vissza. A k\u00fcl\u00f6nb\u00f6z\u0151 t\u00e1vols\u00e1gban l\u00e9v\u0151 objektumok szoftveres feldolgoz\u00e1s\u00e1nak \u00e9s f\u00f3kusz\u00e1l\u00e1s\u00e1nak k\u00f6sz\u00f6nhet\u0151en a h\u0151k\u00e9p rendk\u00edv\u00fcl informat\u00edv. A Pulsar h\u0151kamer\u00e1k emellett lehet\u0151v\u00e9 teszik a felhaszn\u00e1l\u00f3 sz\u00e1m\u00e1ra, hogy manu\u00e1lisan \u00e1ll\u00edtsa be a h\u0151k\u00e9p\u00e9rz\u00e9kenys\u00e9get a l\u00e1t\u00e1si viszonyokt\u00f3l f\u00fcgg\u0151en, \u00edgy tov\u00e1bb jav\u00edtva az \u00e9szlel\u00e9s \u00e9s a k\u00e9pmin\u0151s\u00e9get.<\/span><\/p>\n<\/section>\n<section class=\"section-2\"><strong><span data-darkreader-inline-color=\"\">Objekt\u00edv gy\u0171r\u0171s zoom vez\u00e9rl\u00e9s<\/span><\/strong><br \/>\n<span data-darkreader-inline-color=\"\"><img decoding=\"async\" src=\"https:\/\/www.pulsar-nv.com\/data\/public\/thumbnails\/2023\/02\/resize_2266x736_d2_empty_below.png\" alt=\"\" \/><\/span><\/p>\n<p class=\"text-center col-12\"><span data-darkreader-inline-color=\"\">Ide\u00e1lis esetben a Telos k\u00e9p\u00e9t egy k\u00e9zzel is be\u00e1ll\u00edthatja - a f\u00f3kusz \u00e9s a folyamatos zoom gy\u0171r\u0171k az objekt\u00edven a klasszikus elrendez\u00e9sben, egym\u00e1s ut\u00e1n helyezkednek el, mint a professzion\u00e1lis f\u00e9nyk\u00e9pez\u0151g\u00e9p-objekt\u00edveken. A gy\u0171r\u0171k k\u00f6vetkezetes elrendez\u00e9se lehet\u0151v\u00e9 teszi, hogy gyorsan \u00e9s minim\u00e1lis er\u0151fesz\u00edt\u00e9ssel tiszta k\u00e9pet kapjon a k\u00edv\u00e1nt nagy\u00edt\u00e1ssal.<\/span><\/p>\n<\/section>\n<section class=\"section-2\"><strong><span data-darkreader-inline-color=\"\">A legkem\u00e9nyebb k\u00f6r\u00fclm\u00e9nyekhez k\u00e9sz\u00fclt<\/span><\/strong><\/p>\n<p class=\"text-center col-12\"><span data-darkreader-inline-color=\"\">A Telos h\u0151kamer\u00e1kat zord k\u00fclt\u00e9ri k\u00f6rnyezetre \u00e9s -25 \u00e9s +40 \u00b0C k\u00f6z\u00f6tti h\u0151m\u00e9rs\u00e9klet-tartom\u00e1nyra tervezt\u00e9k. A k\u00e9sz\u00fcl\u00e9k v\u00edz\u00e1ll\u00f3, amennyiben teljesen v\u00edzbe mer\u00fcl. A gum\u00edrozott fel\u00fclet\u0171 kompozit polimer h\u00e1z magas m\u0171k\u00f6d\u00e9si jellemz\u0151kkel rendelkezik. A ki\u00e1ll\u00f3 r\u00e9szek hi\u00e1nya a konstrukci\u00f3ban, valamint a Telos h\u0151kamera h\u00e1z\u00e1nak anat\u00f3miailag optim\u00e1lis alakja hozz\u00e1j\u00e1rul a biztons\u00e1ghoz \u00e9s a k\u00e9nyelemhez a hossz\u00fa t\u00e1v\u00fa haszn\u00e1lat sor\u00e1n.<\/span><\/p>\n<\/section>\n<section class=\"section-4\"><strong><span data-darkreader-inline-color=\"\">Cser\u00e9lhet\u0151 akkumul\u00e1tor k\u00f6zvetlen csatlakoztat\u00e1ssal \u00e9s vezet\u00e9k n\u00e9lk\u00fcli gyorst\u00f6lt\u00e9ssel<\/span><\/strong><\/p>\n<p class=\"text-center col-12\"><span data-darkreader-inline-color=\"\">A teljesen \u00faj LPS 7i gyors cser\u00e9lhet\u0151 l\u00edtium-ion akkumul\u00e1tor t\u00f6bb mint 8 \u00f3r\u00e1s \u00fczemid\u0151t garant\u00e1l. Az LPS 7i nem ig\u00e9nyel speci\u00e1lis t\u00f6lt\u0151t - egyszer\u0171en csatlakoztassa b\u00e1rmely h\u00e1l\u00f3zati adapterhez az USB Type-C porton kereszt\u00fcl, \u00e9s r\u00f6vid id\u0151 alatt t\u00f6ltse fel a Power Delivery gyorst\u00f6lt\u00e9si protokoll seg\u00edts\u00e9g\u00e9vel. Ezenk\u00edv\u00fcl az LPS 7i akkumul\u00e1tor t\u00e1mogatja a vezet\u00e9k n\u00e9lk\u00fcli t\u00f6lt\u00e9st.<\/span><\/p>\n<\/section>\n<section class=\"section-2\">\n<p class=\"text-left col-6 font-weight-bold p-headline\"><strong><span data-darkreader-inline-color=\"\">Ergonomikus, cs\u00fasz\u00e1smentes tok gum\u00edrozott fel\u00fclettel<\/span><\/strong><\/p>\n<p class=\"text-left col-6\"><span data-darkreader-inline-color=\"\">A gum\u00edrozott tok seg\u00edt a h\u0151kamer\u00e1t biztons\u00e1gosan a kez\u00e9ben tartani es\u0151ben \u00e9s sz\u00e1raz k\u00f6r\u00fclm\u00e9nyek k\u00f6z\u00f6tt egyar\u00e1nt. A tok kiv\u00e9teles kop\u00e1s\u00e1ll\u00f3s\u00e1ggal rendelkezik, \u00e9s t\u00f6k\u00e9letesen ellen\u00e1ll a k\u00fcl\u00f6nb\u00f6z\u0151 h\u0151m\u00e9rs\u00e9kleti tartom\u00e1nyokban val\u00f3 m\u0171k\u00f6d\u00e9snek, bele\u00e9rtve a poros \u00e9s p\u00e1r\u00e1s k\u00f6r\u00fclm\u00e9nyeket is, valamint megv\u00e9di a k\u00e9sz\u00fcl\u00e9ket a lees\u00e9st\u0151l. Emellett a tok k\u00f6nnyen tiszt\u00edthat\u00f3, \u00e9s hossz\u00fa ideig meg\u0151rzi eredeti megjelen\u00e9s\u00e9t.<\/span><\/p>\n<p><span data-darkreader-inline-color=\"\"><img decoding=\"async\" src=\"https:\/\/www.pulsar-nv.com\/data\/public\/thumbnails\/2023\/02\/resize_2266x736_d2_empty_below.png\" alt=\"\" \/><strong>Alkalmaz\u00e1s jobb- \u00e9s balkezes felhaszn\u00e1l\u00f3k sz\u00e1m\u00e1ra<\/strong><\/span><\/p>\n<p class=\"text-center col-12\"><span data-darkreader-inline-color=\"\">A kezel\u0151szervek f\u00fcgg\u0151legesen szimmetrikus elrendez\u00e9se lehet\u0151v\u00e9 teszi, hogy a Telos mindk\u00e9t k\u00e9zzel ugyanolyan k\u00e9nyelmesen haszn\u00e1lhat\u00f3 legyen - a gombok egy sorban helyezkednek el a fels\u0151 panelen, a lencsegy\u0171r\u0171k pedig a f\u00f3kusz\u00e1l\u00e1shoz \u00e9s a nagy\u00edt\u00e1s m\u00f3dos\u00edt\u00e1s\u00e1hoz szolg\u00e1lnak. A mozgathat\u00f3 gy\u0171r\u0171kh\u00f6z a sz\u00e9ls\u0151 poz\u00edci\u00f3kban r\u00f6gz\u00edt\u00e9ssel ell\u00e1tott k\u00e9zsz\u00edj csatlakozik, amely biztos\u00edtja a m\u0171szer azonnali be\u00e1ll\u00edt\u00e1s\u00e1t jobb- \u00e9s balkezes haszn\u00e1latra egyar\u00e1nt.<\/span><\/p>\n<\/section>\n<h3>M\u0171szaki param\u00e9terek<\/h3>\n<div class=\"parameters-table\">\n<table class=\"parametry table table-striped\" style=\"height: 666px;\" width=\"1290\" cellspacing=\"0\" cellpadding=\"2\">\n<tbody>\n<tr class=\"odd\">\n<th scope=\"row\"><abbr title=\"T\u00e1vcs\u0151 nagy\u00edt\u00e1s  \">Nagy\u00edt\u00e1s<\/abbr>\u00a0:<\/th>\n<td>3.5-14x<\/td>\n<\/tr>\n<tr class=\"even\">\n<th scope=\"row\">Digit\u00e1lis nagy\u00edt\u00e1s:<\/th>\n<td>4<\/td>\n<\/tr>\n<tr class=\"odd\">\n<th scope=\"row\">Mikrobolom\u00e9ter:<\/th>\n<td>640\u00d7480 px<\/td>\n<\/tr>\n<tr class=\"even\">\n<th scope=\"row\"><abbr title=\"Az \u00e9rz\u00e9kel\u0151 azon k\u00e9pess\u00e9ge, hogy a lehet\u0151 legkisebb h\u0151m\u00e9rs\u00e9klet-k\u00fcl\u00f6nbs\u00e9ggel k\u00e9pes megk\u00fcl\u00f6nb\u00f6ztetni k\u00e9t k\u00f6zeli pontot.\">NETD<\/abbr>\u00a0:<\/th>\n<td>&lt; 40mK<\/td>\n<\/tr>\n<tr class=\"odd\">\n<th scope=\"row\">Pixeloszt\u00e1s:<\/th>\n<td>12 \u00b5m<\/td>\n<\/tr>\n<tr class=\"even\">\n<th scope=\"row\">M\u00e9r\u00e9si pontoss\u00e1g:<\/th>\n<td>1 m<\/td>\n<\/tr>\n<tr class=\"odd\">\n<th scope=\"row\">Kijelz\u0151 felbont\u00e1sa:<\/th>\n<td>1024\u00d7768 px<\/td>\n<\/tr>\n<tr class=\"even\">\n<th scope=\"row\">K\u00e9pkocka sebess\u00e9g:<\/th>\n<td>50 Hz<\/td>\n<\/tr>\n<tr class=\"odd\">\n<th scope=\"row\">Kijelz\u0151 t\u00edpusa: A kijelz\u0151 t\u00edpusa:<\/th>\n<td>AMOLED HD<\/td>\n<\/tr>\n<tr class=\"even\">\n<th scope=\"row\">\u00c9rz\u00e9kel\u00e9si t\u00e1vols\u00e1g:<\/th>\n<td>2300m<\/td>\n<\/tr>\n<tr class=\"odd\">\n<th scope=\"row\">F\u00f3kuszt\u00e1vols\u00e1g:<\/th>\n<td>50 mm<\/td>\n<\/tr>\n<tr class=\"even\">\n<th scope=\"row\">Objekt\u00edv param\u00e9terek:<\/th>\n<td>F50\/1.0<\/td>\n<\/tr>\n<tr class=\"odd\">\n<th scope=\"row\">Betekint\u00e9si sz\u00f6g:<\/th>\n<td>8.8\u00d76.6\u00b0<\/td>\n<\/tr>\n<tr class=\"even\">\n<th scope=\"row\">L\u00e1t\u00f3mez\u0151 100 m\u00e9teren:<\/th>\n<td>15.4\u00d711.5 m<\/td>\n<\/tr>\n<tr class=\"odd\">\n<th scope=\"row\"><abbr title=\"Az okul\u00e1r reliefje az a t\u00e1vols\u00e1g az okul\u00e1r utols\u00f3 lencs\u00e9je \u00e9s a megfigyel\u0151 szeme k\u00f6z\u00f6tt, amelyben a teljes l\u00e1t\u00f3mez\u0151 k\u00e9nyelmesen l\u00e1that\u00f3.\">Szemkiemel\u00e9s<\/abbr>\u00a0:<\/th>\n<td>14mm<\/td>\n<\/tr>\n<tr class=\"even\">\n<th scope=\"row\">T\u00e1pegys\u00e9g:<\/th>\n<td>3,0 - 4,2 V, Li-ion akkumul\u00e1tor LPS 7i 6,4 Ah V<\/td>\n<\/tr>\n<tr class=\"odd\">\n<th scope=\"row\">K\u00fcls\u0151 t\u00e1pegys\u00e9g:<\/th>\n<td>5V, 9V (USB-C)<\/td>\n<\/tr>\n<tr class=\"even\">\n<th scope=\"row\">VIDE\u00d3:<\/th>\n<td>Igen<\/td>\n<\/tr>\n<tr class=\"odd\">\n<th scope=\"row\">Mem\u00f3ria m\u00e9rete:<\/th>\n<td>64 Gb<\/td>\n<\/tr>\n<tr class=\"even\">\n<th scope=\"row\">Vide\u00f3\/f\u00e9nyk\u00e9p form\u00e1tum:<\/th>\n<td>.mp4 \/.jpg<\/td>\n<\/tr>\n<tr class=\"odd\">\n<th scope=\"row\">Vide\u00f3\/f\u00e9nyk\u00e9p felbont\u00e1s:<\/th>\n<td>1024\u00d7768<\/td>\n<\/tr>\n<tr class=\"even\">\n<th scope=\"row\">V\u00edz\u00e1ll\u00f3s\u00e1g:<\/th>\n<td>IPX7<\/td>\n<\/tr>\n<tr class=\"odd\">\n<th scope=\"row\">\u00dczemi h\u0151m\u00e9rs\u00e9klet:<\/th>\n<td>-25 ... +50 \u00b0C<\/td>\n<\/tr>\n<tr class=\"even\">\n<th scope=\"row\">Wi-Fi:<\/th>\n<td>2,4\/5 GHz<\/td>\n<\/tr>\n<tr class=\"odd\">\n<th scope=\"row\">USB, t\u00edpus:<\/th>\n<td>USB-C<\/td>\n<\/tr>\n<tr class=\"even\">\n<th scope=\"row\">M\u0171k\u00f6d\u00e9si id\u0151 (t22\u00b0C-on):<\/th>\n<td>8,5 \u00f3ra.<\/td>\n<\/tr>\n<tr class=\"odd\">\n<th scope=\"row\">M\u00e9retek:<\/th>\n<td>238x72x62mm<\/td>\n<\/tr>\n<tr class=\"even\">\n<th scope=\"row\">S\u00faly:<\/th>\n<td>0,53 (elemek n\u00e9lk\u00fcl), 0,66 (elemekkel egy\u00fctt) kg<\/td>\n<\/tr>\n<\/tbody>\n<\/table>\n<\/div>\n<p><a href=\"https:\/\/www.pulsar-nv.com\/glo\/products\/33\/thermal-imaging-monoculars\/telos-xp\/\">https:\/\/www.pulsar-nv.com\/glo\/products\/33\/thermal-imaging-monoculars\/telos-xp\/<\/a><\/p>","protected":false},"excerpt":{"rendered":"<p>H\u0151kamer\u00e1s monokul\u00e1r j\u00f6v\u0151beli b\u0151v\u00edthet\u0151s\u00e9ggel, nagy t\u00e1rcs\u00e1val \u00e9s nagy optikai nagy\u00edt\u00e1ssal a jobb t\u00e1v\u00e9rz\u00e9kel\u00e9s \u00e9rdek\u00e9ben.<\/p>","protected":false},"featured_media":3134,"template":"","meta":{"_gspb_post_css":""},"product_brand":[317],"product_cat":[21,144,327],"product_tag":[172,363,337],"class_list":{"0":"post-3017","1":"product","2":"type-product","3":"status-publish","4":"has-post-thumbnail","6":"product_brand-pulsar","7":"product_cat-optika","8":"product_cat-termovizie","9":"product_cat-termovizne-monokulary","10":"product_tag-pulsar","11":"product_tag-telos","12":"product_tag-termovizny-monokular","14":"first","15":"instock","16":"taxable","17":"shipping-taxable","18":"purchasable","19":"product-type-simple"},"ct_brands":[{"id":317,"name":"Pulsar","slug":"pulzar"}],"_links":{"self":[{"href":"https:\/\/zbranebudai.sk\/hu\/wp-json\/wp\/v2\/product\/3017","targetHints":{"allow":["GET"]}}],"collection":[{"href":"https:\/\/zbranebudai.sk\/hu\/wp-json\/wp\/v2\/product"}],"about":[{"href":"https:\/\/zbranebudai.sk\/hu\/wp-json\/wp\/v2\/types\/product"}],"wp:featuredmedia":[{"embeddable":true,"href":"https:\/\/zbranebudai.sk\/hu\/wp-json\/wp\/v2\/media\/3134"}],"wp:attachment":[{"href":"https:\/\/zbranebudai.sk\/hu\/wp-json\/wp\/v2\/media?parent=3017"}],"wp:term":[{"taxonomy":"product_brand","embeddable":true,"href":"https:\/\/zbranebudai.sk\/hu\/wp-json\/wp\/v2\/product_brand?post=3017"},{"taxonomy":"product_cat","embeddable":true,"href":"https:\/\/zbranebudai.sk\/hu\/wp-json\/wp\/v2\/product_cat?post=3017"},{"taxonomy":"product_tag","embeddable":true,"href":"https:\/\/zbranebudai.sk\/hu\/wp-json\/wp\/v2\/product_tag?post=3017"}],"curies":[{"name":"wp","href":"https:\/\/api.w.org\/{rel}","templated":true}]}}