{"id":3002,"date":"2025-02-01T20:25:26","date_gmt":"2025-02-01T18:25:26","guid":{"rendered":"https:\/\/zbranebudai.sk\/?post_type=product&#038;p=3002"},"modified":"2025-08-31T03:56:32","modified_gmt":"2025-08-31T01:56:32","slug":"pulsar-telos-lrf-xp50-hokamera-keresotavcso","status":"publish","type":"product","link":"https:\/\/zbranebudai.sk\/hu\/product\/pulsar-telos-lrf-xp50-hokamera-keresotavcso\/","title":{"rendered":"Pulsar TELOS LRF XP50 h\u0151kamer\u00e1s monokul\u00e1r"},"content":{"rendered":"<section class=\"section-2\">\n<p class=\"text-center font-weight-bold p-headline\"><strong><span data-darkreader-inline-color=\"\">Nagy \u00e9rz\u00e9kenys\u00e9g\u0171 h\u0151\u00e9rz\u00e9kel\u0151<\/span><\/strong><\/p>\n<p class=\"text-center col-12\"><span data-darkreader-inline-color=\"\">A rendk\u00edv\u00fcl \u00e9rz\u00e9keny, NETD &lt;18mK \u00e9rt\u00e9k\u0171 h\u0151k\u00e9p\u00e9rz\u00e9kel\u0151 leny\u0171g\u00f6z\u0151 h\u0151k\u00e9pmin\u0151s\u00e9get \u00e9s t\u00f6k\u00e9letes r\u00e9szletfelismer\u00e9st biztos\u00edt m\u00e9g a legzordabb id\u0151j\u00e1r\u00e1si k\u00f6r\u00fclm\u00e9nyek k\u00f6z\u00f6tt is, ahol a h\u0151kontraszt alacsony. M\u00e9g a legkisebb h\u0151m\u00e9rs\u00e9kletk\u00fcl\u00f6nbs\u00e9gek is j\u00f3l l\u00e1that\u00f3ak lesznek es\u0151ben, k\u00f6dben vagy hideg reggeleken, amelyek a legnagyobb kih\u00edv\u00e1st jelent\u0151 k\u00f6r\u00fclm\u00e9nyek egy h\u0151kamer\u00e1nak.<\/span><\/p>\n<\/section>\n<section class=\"section-4\">\n<p class=\"text-center font-weight-bold p-headline\"><strong><span data-darkreader-inline-color=\"\">Fejlett Pulsar Image boost technol\u00f3gia<\/span><\/strong><\/p>\n<p class=\"text-center col-12\"><span data-darkreader-inline-color=\"\">A Pulsar Image Boost a Telos h\u0151kamer\u00e1s k\u00e9palkot\u00e1st a legmagasabb szint\u0171 r\u00e9szletess\u00e9ggel, tisztas\u00e1ggal \u00e9s kontraszttal l\u00e1tja el az eredeti k\u00e9pfeldolgoz\u00f3 algoritmusoknak k\u00f6sz\u00f6nhet\u0151en. A Telos h\u0151kamer\u00e1s monokul\u00e1rok az \u00f6sszetett jeleneteket sz\u00e9les f\u00e9lt\u00f3nustartom\u00e1nyban, egyenletesen sug\u00e1rz\u00f3, alacsony kontraszt\u00fa objektumokkal, p\u00e9ld\u00e1ul \u00e9gbolt, f\u0171 \u00e9s v\u00edzfel\u00fcletek \u00e1br\u00e1zol\u00e1s\u00e1val adj\u00e1k vissza. A k\u00fcl\u00f6nb\u00f6z\u0151 t\u00e1vols\u00e1gokban l\u00e9v\u0151 objektumok szoftveres r\u00e9szletez\u00e9s\u00e9nek \u00e9s \u00e9les\u00edt\u00e9s\u00e9nek k\u00f6sz\u00f6nhet\u0151en a h\u0151k\u00e9p rendk\u00edv\u00fcl informat\u00edv. A h\u0151k\u00e9p\u00e9rz\u00e9kel\u0151 \u00e9rz\u00e9kenys\u00e9g\u00e9nek manu\u00e1lis n\u00f6vel\u00e9se jav\u00edtja az \u00e1llatok \u00e9szlel\u00e9s\u00e9nek min\u0151s\u00e9g\u00e9t rosszabb l\u00e1t\u00e1si k\u00f6r\u00fclm\u00e9nyek k\u00f6z\u00f6tt. A sim\u00edt\u00f3 sz\u0171r\u0151, valamint a f\u00e9nyer\u0151 \u00e9s a kontraszt sz\u00e9les k\u00f6r\u0171 be\u00e1ll\u00edt\u00e1sa lehet\u0151v\u00e9 teszi a megfigyel\u00e9si id\u0151 k\u00e9nyelmes meghosszabb\u00edt\u00e1s\u00e1t.<\/span><\/p>\n<\/section>\n<section class=\"section-2\"><strong><span data-darkreader-inline-color=\"\">Objekt\u00edv gy\u0171r\u0171s zoom vez\u00e9rl\u00e9s<\/span><\/strong><span data-darkreader-inline-color=\"\"><img decoding=\"async\" src=\"https:\/\/www.pulsar-nv.com\/data\/public\/thumbnails\/2023\/02\/resize_2266x736_d2_empty_below.png\" alt=\"\" \/><\/span><\/p>\n<p class=\"text-center col-12\"><span data-darkreader-inline-color=\"\">Ide\u00e1lis esetben a Telos k\u00e9p\u00e9t egy k\u00e9zzel is be\u00e1ll\u00edthatja - a f\u00f3kusz \u00e9s a folyamatos zoom gy\u0171r\u0171k az objekt\u00edven a klasszikus elrendez\u00e9sben, egym\u00e1s ut\u00e1n helyezkednek el, mint a professzion\u00e1lis f\u00e9nyk\u00e9pez\u0151g\u00e9p-objekt\u00edveken. A gy\u0171r\u0171k k\u00f6vetkezetes elrendez\u00e9se lehet\u0151v\u00e9 teszi, hogy gyorsan \u00e9s minim\u00e1lis er\u0151fesz\u00edt\u00e9ssel tiszta k\u00e9pet kapjon a k\u00edv\u00e1nt nagy\u00edt\u00e1ssal.<\/span><\/p>\n<p class=\"text-center font-weight-bold p-headline\"><strong><span data-darkreader-inline-color=\"\">Prec\u00edzi\u00f3s l\u00e9zeres t\u00e1vols\u00e1gm\u00e9r\u0151 1000 m-ig<\/span><\/strong><\/p>\n<p class=\"text-center col-12\"><span data-darkreader-inline-color=\"\">A f\u00e9nyer\u0151- \u00e9s kontrasztbe\u00e1ll\u00edt\u00e1sokkal maximaliz\u00e1lhatja a k\u00e9p r\u00e9szletess\u00e9g\u00e9t \u00e9s inform\u00e1ci\u00f3s \u00e9rt\u00e9k\u00e9t az adott l\u00e1t\u00e1si k\u00f6r\u00fclm\u00e9nyek k\u00f6z\u00f6tt. A Felhaszn\u00e1l\u00f3i \u00fczemm\u00f3d funkci\u00f3 a kiv\u00e1lasztott f\u00e9nyer\u0151- \u00e9s kontrasztbe\u00e1ll\u00edt\u00e1sokat a k\u00e9sz\u00fcl\u00e9k mem\u00f3ri\u00e1j\u00e1ba menti, \u00edgy a h\u0151kamera tov\u00e1bbi be\u00e1ll\u00edt\u00e1sok n\u00e9lk\u00fcl azonnal optim\u00e1lis k\u00e9pmin\u0151s\u00e9get biztos\u00edt a tov\u00e1bbi haszn\u00e1lathoz.<\/span><\/p>\n<\/section>\n<section class=\"section-2\">\n<p class=\"text-center font-weight-bold p-headline\"><strong><span data-darkreader-inline-color=\"\">A legkem\u00e9nyebb k\u00f6r\u00fclm\u00e9nyekhez k\u00e9sz\u00fclt<\/span><\/strong><\/p>\n<p class=\"text-center col-12\"><span data-darkreader-inline-color=\"\">A Telos h\u0151kamer\u00e1kat zord k\u00fclt\u00e9ri k\u00f6rnyezetre \u00e9s -25 \u00e9s +40 \u00b0C k\u00f6z\u00f6tti h\u0151m\u00e9rs\u00e9klet-tartom\u00e1nyra tervezt\u00e9k. A k\u00e9sz\u00fcl\u00e9k v\u00edz\u00e1ll\u00f3, amennyiben teljesen v\u00edzbe mer\u00fcl. A gum\u00edrozott fel\u00fclet\u0171 kompozit polimer h\u00e1z magas m\u0171k\u00f6d\u00e9si jellemz\u0151kkel rendelkezik. A ki\u00e1ll\u00f3 r\u00e9szek hi\u00e1nya a konstrukci\u00f3ban, valamint a Telos h\u0151kamera h\u00e1z\u00e1nak anat\u00f3miailag optim\u00e1lis alakja hozz\u00e1j\u00e1rul a biztons\u00e1ghoz \u00e9s a k\u00e9nyelemhez a hossz\u00fa t\u00e1v\u00fa haszn\u00e1lat sor\u00e1n.<\/span><\/p>\n<\/section>\n<section class=\"section-4\">\n<p class=\"text-center font-weight-bold p-headline\"><strong><span data-darkreader-inline-color=\"\">Cser\u00e9lhet\u0151 akkumul\u00e1tor k\u00f6zvetlen csatlakoztat\u00e1ssal \u00e9s vezet\u00e9k n\u00e9lk\u00fcli gyorst\u00f6lt\u00e9ssel<\/span><\/strong><\/p>\n<p class=\"text-center col-12\"><span data-darkreader-inline-color=\"\">A teljesen \u00faj LPS 7i gyors cser\u00e9lhet\u0151 l\u00edtium-ion akkumul\u00e1tor t\u00f6bb mint 8 \u00f3r\u00e1s \u00fczemid\u0151t garant\u00e1l. Az LPS 7i nem ig\u00e9nyel speci\u00e1lis t\u00f6lt\u0151t - egyszer\u0171en csatlakoztassa b\u00e1rmely h\u00e1l\u00f3zati adapterhez az USB Type-C porton kereszt\u00fcl, \u00e9s r\u00f6vid id\u0151 alatt t\u00f6ltse fel a Power Delivery gyorst\u00f6lt\u00e9si protokoll seg\u00edts\u00e9g\u00e9vel. Ezenk\u00edv\u00fcl az LPS 7i akkumul\u00e1tor t\u00e1mogatja a vezet\u00e9k n\u00e9lk\u00fcli t\u00f6lt\u00e9st.<\/span><\/p>\n<\/section>\n<section class=\"section-2\">\n<p class=\"text-left col-6 font-weight-bold p-headline\"><strong><span data-darkreader-inline-color=\"\">Ergonomikus, cs\u00fasz\u00e1smentes tok gum\u00edrozott fel\u00fclettel<\/span><\/strong><\/p>\n<p class=\"text-left col-6\"><span data-darkreader-inline-color=\"\">A gum\u00edrozott tok seg\u00edt a h\u0151kamer\u00e1t biztons\u00e1gosan a kez\u00e9ben tartani es\u0151ben \u00e9s sz\u00e1raz k\u00f6r\u00fclm\u00e9nyek k\u00f6z\u00f6tt egyar\u00e1nt. A tok kiv\u00e9teles kop\u00e1s\u00e1ll\u00f3s\u00e1ggal rendelkezik, \u00e9s t\u00f6k\u00e9letesen ellen\u00e1ll a k\u00fcl\u00f6nb\u00f6z\u0151 h\u0151m\u00e9rs\u00e9kleti tartom\u00e1nyokban val\u00f3 m\u0171k\u00f6d\u00e9snek, bele\u00e9rtve a poros \u00e9s p\u00e1r\u00e1s k\u00f6r\u00fclm\u00e9nyeket is, valamint megv\u00e9di a k\u00e9sz\u00fcl\u00e9ket a lees\u00e9st\u0151l. Emellett a tok k\u00f6nnyen tiszt\u00edthat\u00f3, \u00e9s hossz\u00fa ideig meg\u0151rzi eredeti megjelen\u00e9s\u00e9t.<img decoding=\"async\" src=\"https:\/\/www.pulsar-nv.com\/data\/public\/thumbnails\/2023\/02\/resize_2266x736_d2_empty_below.png\" alt=\"\" \/><\/span><\/p>\n<p class=\"text-center font-weight-bold p-headline\"><strong><span data-darkreader-inline-color=\"\">Alkalmaz\u00e1s jobb- \u00e9s balkezes felhaszn\u00e1l\u00f3k sz\u00e1m\u00e1ra<\/span><\/strong><\/p>\n<p class=\"text-center col-12\"><span data-darkreader-inline-color=\"\">A kezel\u0151szervek f\u00fcgg\u0151legesen szimmetrikus elrendez\u00e9se lehet\u0151v\u00e9 teszi, hogy a Telos mindk\u00e9t k\u00e9zzel ugyanolyan k\u00e9nyelmesen haszn\u00e1lhat\u00f3 legyen - a gombok egy sorban helyezkednek el a fels\u0151 panelen, a lencsegy\u0171r\u0171k pedig a f\u00f3kusz\u00e1l\u00e1shoz \u00e9s a nagy\u00edt\u00e1s m\u00f3dos\u00edt\u00e1s\u00e1hoz szolg\u00e1lnak. A mozgathat\u00f3 gy\u0171r\u0171kh\u00f6z a sz\u00e9ls\u0151 poz\u00edci\u00f3kban r\u00f6gz\u00edt\u00e9ssel ell\u00e1tott k\u00e9zsz\u00edj csatlakozik, amely biztos\u00edtja a m\u0171szer azonnali be\u00e1ll\u00edt\u00e1s\u00e1t jobb- \u00e9s balkezes haszn\u00e1latra egyar\u00e1nt.<\/p>\n<p><\/span><\/p>\n<\/section>\n<table dir=\"ltr\" border=\"1\" cellspacing=\"0\" cellpadding=\"0\" data-sheets-root=\"1\" data-sheets-baot=\"1\">\n<colgroup>\n<col width=\"375\" \/>\n<col width=\"437\" \/><\/colgroup>\n<tbody>\n<tr>\n<td>M\u0171szaki param\u00e9terek<\/td>\n<td>\u00c9rt\u00e9kek<\/td>\n<\/tr>\n<tr>\n<td>Nagy\u00edt\u00e1s<\/td>\n<td>2,5-10x<\/td>\n<\/tr>\n<tr>\n<td>Digit\u00e1lis nagy\u00edt\u00e1s<\/td>\n<td>4x<\/td>\n<\/tr>\n<tr>\n<td>A m\u0171szer h\u0151\u00e9rz\u00e9kenys\u00e9ge<\/td>\n<td>&lt; 15 mK<\/td>\n<\/tr>\n<tr>\n<td>\u00c9rz\u00e9kel\u0151 felbont\u00e1sa<\/td>\n<td>640 \u00d7 480 px<\/td>\n<\/tr>\n<tr>\n<td>\u00c9rz\u00e9kel\u0151 termikus \u00e9rz\u00e9kenys\u00e9ge<\/td>\n<td>&lt; 18 mK<\/td>\n<\/tr>\n<tr>\n<td>Pixeloszt\u00e1s<\/td>\n<td>17 \u00b5m<\/td>\n<\/tr>\n<tr>\n<td>M\u00e9r\u00e9si t\u00e1vols\u00e1g<\/td>\n<td>1000 m<\/td>\n<\/tr>\n<tr>\n<td>T\u00e1vm\u00e9r\u0151<\/td>\n<td>Igen, 905 nm-es l\u00e9zer<\/td>\n<\/tr>\n<tr>\n<td>M\u00e9r\u00e9si pontoss\u00e1g<\/td>\n<td>1 m<\/td>\n<\/tr>\n<tr>\n<td>Kijelz\u0151 felbont\u00e1sa<\/td>\n<td>1024 \u00d7 768 px<\/td>\n<\/tr>\n<tr>\n<td>K\u00e9pkocka sebess\u00e9g<\/td>\n<td>50 Hz<\/td>\n<\/tr>\n<tr>\n<td>Megjelen\u00edt\u00e9s t\u00edpusa<\/td>\n<td>AMOLED HD<\/td>\n<\/tr>\n<tr>\n<td>\u00c9rz\u00e9kel\u00e9si t\u00e1vols\u00e1g<\/td>\n<td>1800 m<\/td>\n<\/tr>\n<tr>\n<td>Gy\u00fajt\u00f3t\u00e1vols\u00e1g<\/td>\n<td>50 mm<\/td>\n<\/tr>\n<tr>\n<td>Objekt\u00edv param\u00e9terek<\/td>\n<td>F50\/1.0<\/td>\n<\/tr>\n<tr>\n<td>N\u00e9z\u00e9si sz\u00f6g<\/td>\n<td>21,8 \u00d7 16,3\u00b0<\/td>\n<\/tr>\n<tr>\n<td>L\u00e1t\u00f3mez\u0151 100 m-en<\/td>\n<td>12,4 \u00d7 9,3 m<\/td>\n<\/tr>\n<tr>\n<td>Szemkiemel\u00e9s<\/td>\n<td>14 mm<\/td>\n<\/tr>\n<tr>\n<td>Teljes\u00edtm\u00e9ny<\/td>\n<td>3,0 - 4,2 V, Li-ion akkumul\u00e1tor LPS 7i 6,4 Ah<\/td>\n<\/tr>\n<tr>\n<td>K\u00fcls\u0151 t\u00e1pegys\u00e9g<\/td>\n<td>5V, 9V (USB-C)<\/td>\n<\/tr>\n<tr>\n<td>Vide\u00f3felvev\u0151<\/td>\n<td>Igen<\/td>\n<\/tr>\n<tr>\n<td>Mem\u00f3ria m\u00e9rete<\/td>\n<td>64 GB<\/td>\n<\/tr>\n<tr>\n<td>Vide\u00f3\/Fot\u00f3 form\u00e1tum<\/td>\n<td>.mp4 \/ .jpg<\/td>\n<\/tr>\n<tr>\n<td>Vide\u00f3\/F\u00e9nyk\u00e9p felbont\u00e1s<\/td>\n<td>1024 \u00d7 768 px<\/td>\n<\/tr>\n<tr>\n<td>V\u00edz\u00e1ll\u00f3s\u00e1g<\/td>\n<td>IPX7<\/td>\n<\/tr>\n<tr>\n<td>\u00dczemi h\u0151m\u00e9rs\u00e9kletek<\/td>\n<td>-25 ... +50 \u00b0C<\/td>\n<\/tr>\n<tr>\n<td>Mobil alkalmaz\u00e1s<\/td>\n<td>Stream Vision 2<\/td>\n<\/tr>\n<tr>\n<td>Wi-Fi<\/td>\n<td>2,4 \/ 5 GHz<\/td>\n<\/tr>\n<tr>\n<td>USB, t\u00edpus<\/td>\n<td>USB-C<\/td>\n<\/tr>\n<tr>\n<td>M\u0171k\u00f6d\u00e9si id\u0151 (22 \u00b0C-on)<\/td>\n<td>8,5 \u00f3ra.<\/td>\n<\/tr>\n<tr>\n<td>M\u00e9retek<\/td>\n<td>238 \u00d7 72 \u00d7 90 mm<\/td>\n<\/tr>\n<tr>\n<td>S\u00faly<\/td>\n<td>0,58 kg (elemek n\u00e9lk\u00fcl), 0,72 kg (elemekkel)<\/td>\n<\/tr>\n<\/tbody>\n<\/table>\n<p><a href=\"https:\/\/www.pulsar-nv.com\/glo\/products\/33\/thermal-imaging-monoculars\/telos-xp\/\">https:\/\/www.pulsar-nv.com\/glo\/products\/33\/thermal-imaging-monoculars\/telos-xp\/<\/a><\/p>","protected":false},"excerpt":{"rendered":"<p>A cs\u00facstechnol\u00f3giai ipar\u00e1gak alkatr\u00e9szei \u00e9s szoftvermegold\u00e1sai \u00e9vr\u0151l \u00e9vre fejl\u0151dnek. Ez al\u00f3l a h\u0151kamera sem kiv\u00e9tel. Id\u0151vel a felhaszn\u00e1l\u00f3k v\u00e1laszt\u00e1sa \u00e9s preferenci\u00e1i v\u00e1ltoznak. R\u00e1ad\u00e1sul ahogy a felhaszn\u00e1l\u00f3k tapasztalatai fejl\u0151dtek, \u00fagy v\u00e1ltoztak a berendez\u00e9sek k\u00e9pess\u00e9geivel \u00e9s m\u0171k\u00f6d\u00e9s\u00e9vel szemben t\u00e1masztott k\u00f6vetelm\u00e9nyeik is. A Telos h\u0151kamer\u00e1s monokul\u00e1rokat a technol\u00f3gia \u00e9s a felhaszn\u00e1l\u00f3i ig\u00e9nyek figyelembev\u00e9tel\u00e9vel tervezt\u00e9k. A Telos az els\u0151 olyan h\u0151kamer\u00e1s m\u0171szercsal\u00e1d a piacon, amely a v\u00e1s\u00e1rl\u00f3 k\u00e9r\u00e9s\u00e9re technikai friss\u00edt\u00e9sre is lehet\u0151s\u00e9get biztos\u00edt. Legyen Telos tulajdonos, \u00e9s kapja meg a lehet\u0151s\u00e9get, hogy rugalmas \u00e9s el\u0151ny\u00f6s m\u00f3don, hossz\u00fa \u00e9veken kereszt\u00fcl friss\u00edtse Telos m\u0171szer\u00e9t. Szerelje fel nagy teljes\u00edtm\u00e9ny\u0171 optik\u00e1val, nagyobb felbont\u00e1s\u00fa \u00e9rz\u00e9kel\u0151vel \u00e9s kijelz\u0151vel, er\u0151sebb \u00e9s funkcion\u00e1lisabb elektronik\u00e1val, vagy szerelje fel a h\u0151kamer\u00e1t l\u00e9zeres t\u00e1vols\u00e1gm\u00e9r\u0151vel \u00e9s tov\u00e1bbi optikai csatorn\u00e1kkal, hogy mindig a legmodernebb m\u0171szerrel rendelkezzen, de csak a friss\u00edt\u00e9s k\u00f6lts\u00e9g\u00e9n.<\/p>","protected":false},"featured_media":3126,"template":"","meta":{"_gspb_post_css":""},"product_brand":[317],"product_cat":[21,144,327],"product_tag":[172,363,337],"class_list":{"0":"post-3002","1":"product","2":"type-product","3":"status-publish","4":"has-post-thumbnail","6":"product_brand-pulsar","7":"product_cat-optika","8":"product_cat-termovizie","9":"product_cat-termovizne-monokulary","10":"product_tag-pulsar","11":"product_tag-telos","12":"product_tag-termovizny-monokular","14":"first","15":"instock","16":"taxable","17":"shipping-taxable","18":"purchasable","19":"product-type-simple"},"ct_brands":[{"id":317,"name":"Pulsar","slug":"pulzar"}],"_links":{"self":[{"href":"https:\/\/zbranebudai.sk\/hu\/wp-json\/wp\/v2\/product\/3002","targetHints":{"allow":["GET"]}}],"collection":[{"href":"https:\/\/zbranebudai.sk\/hu\/wp-json\/wp\/v2\/product"}],"about":[{"href":"https:\/\/zbranebudai.sk\/hu\/wp-json\/wp\/v2\/types\/product"}],"wp:featuredmedia":[{"embeddable":true,"href":"https:\/\/zbranebudai.sk\/hu\/wp-json\/wp\/v2\/media\/3126"}],"wp:attachment":[{"href":"https:\/\/zbranebudai.sk\/hu\/wp-json\/wp\/v2\/media?parent=3002"}],"wp:term":[{"taxonomy":"product_brand","embeddable":true,"href":"https:\/\/zbranebudai.sk\/hu\/wp-json\/wp\/v2\/product_brand?post=3002"},{"taxonomy":"product_cat","embeddable":true,"href":"https:\/\/zbranebudai.sk\/hu\/wp-json\/wp\/v2\/product_cat?post=3002"},{"taxonomy":"product_tag","embeddable":true,"href":"https:\/\/zbranebudai.sk\/hu\/wp-json\/wp\/v2\/product_tag?post=3002"}],"curies":[{"name":"wp","href":"https:\/\/api.w.org\/{rel}","templated":true}]}}