{"id":3000,"date":"2025-02-01T20:25:26","date_gmt":"2025-02-01T18:25:26","guid":{"rendered":"https:\/\/zbranebudai.sk\/?post_type=product&#038;p=3000"},"modified":"2025-08-31T03:56:32","modified_gmt":"2025-08-31T01:56:32","slug":"infiray-affo-ap09-hokamera","status":"publish","type":"product","link":"https:\/\/zbranebudai.sk\/hu\/product\/infiray-affo-ap09-hokamera\/","title":{"rendered":"InfiRay AFFO AP09 h\u0151kamer\u00e1s monokul\u00e1r"},"content":{"rendered":"<p><span class=\"base\" data-ui-id=\"page-title-wrapper\" data-darkreader-inline-color=\"\">A term\u00e9kcsal\u00e1d alapmodellje az AFFO AP09, amelyet ig\u00e9nytelen felhaszn\u00e1l\u00f3k sz\u00e1m\u00e1ra terveztek, de elegend\u0151 teljes\u00edtm\u00e9nyt ny\u00fajt a szok\u00e1sos vad\u00e1szati helyzetekhez. A 256x192px-es \u00e9rz\u00e9kel\u0151felbont\u00e1ssal rendelkez\u0151 monokul\u00e1r \u00e9szlel\u00e9si tartom\u00e1nya ak\u00e1r 500 m\u00e9ter, a k\u00e9tszeres nagy\u00edt\u00e1snak k\u00f6sz\u00f6nhet\u0151en pedig 200 m\u00e9teres t\u00e1vols\u00e1gban is megb\u00edzhat\u00f3an kisz\u00farhatja a vadat. A h\u0151kamera ergon\u00f3mi\u00e1ja azonnal a k\u00e9zbe illeszkedik, \u00edgy nagym\u00e9rt\u00e9kben leegyszer\u0171s\u00edti \u00e9s meghosszabb\u00edtja a megfigyel\u00e9st, l\u00e1that\u00f3 f\u00e1radts\u00e1g n\u00e9lk\u00fcl. A t\u00f6k\u00e9letesen form\u00e1zott okul\u00e1r \u00e9s a dioptriakorrekci\u00f3s szab\u00e1lyoz\u00f3 massz\u00edv kialak\u00edt\u00e1sa hozz\u00e1j\u00e1rul az \u00e1ltal\u00e1nos felhaszn\u00e1l\u00f3i k\u00e9nyelemhez. Kellemes b\u00f3nusz a nagyon hossz\u00fa, 10 \u00f3r\u00e1s \u00fczemid\u0151vel rendelkez\u0151 akkumul\u00e1tor, amely a klasszikus USB-C-n kereszt\u00fcl t\u00f6lthet\u0151.<\/span><\/p>\n<div class=\"product-pictograms\">\n<div class=\"container\">\n<div class=\"product-pictograms-items\">\n<div class=\"product-pictograms-item\"><\/div>\n<div class=\"product-pictograms-item\">\n<div class=\"product-pictograms-item-label\"><\/div>\n<\/div>\n<\/div>\n<\/div>\n<\/div>\n<div class=\"product-specification\">\n<div class=\"container\">\n<div class=\"product-specification-title\"><span data-darkreader-inline-color=\"\">TERM\u00c9KLE\u00cdR\u00c1SOK<\/span><\/div>\n<div class=\"product-specification-content\">\n<table border=\"1\">\n<tbody>\n<tr>\n<td><span data-darkreader-inline-color=\"\">\u00c9rz\u00e9kel\u0151 felbont\u00e1sa<\/span><\/td>\n<td><span data-darkreader-inline-color=\"\">256x192px<\/span><\/td>\n<\/tr>\n<tr>\n<td><span data-darkreader-inline-color=\"\">Pixel m\u00e9ret<\/span><\/td>\n<td><span data-darkreader-inline-color=\"\">12\u00b5m<\/span><\/td>\n<\/tr>\n<tr>\n<td><span data-darkreader-inline-color=\"\">NETD - \u00c9rz\u00e9kel\u0151 \u00e9rz\u00e9kenys\u00e9ge a h\u0151m\u00e9rs\u00e9klet-k\u00fcl\u00f6nbs\u00e9gekre<\/span><\/td>\n<td><span data-darkreader-inline-color=\"\">&lt;40mK<\/span><\/td>\n<\/tr>\n<tr>\n<td><span data-darkreader-inline-color=\"\">Friss\u00edt\u00e9si sebess\u00e9g (Hz)<\/span><\/td>\n<td><span data-darkreader-inline-color=\"\">25Hz<\/span><\/td>\n<\/tr>\n<tr>\n<td><span data-darkreader-inline-color=\"\">Objekt\u00edv lencse (mm)<\/span><\/td>\n<td><span data-darkreader-inline-color=\"\">9mm<\/span><\/td>\n<\/tr>\n<tr>\n<td><span data-darkreader-inline-color=\"\">L\u00e1t\u00f3mez\u0151<\/span><\/td>\n<td><span data-darkreader-inline-color=\"\">19,4\u00b0 x 12,2\u00b0<\/span><\/td>\n<\/tr>\n<tr>\n<td><span data-darkreader-inline-color=\"\">Digit\u00e1lis nagy\u00edt\u00e1s<\/span><\/td>\n<td><span data-darkreader-inline-color=\"\">1x-2x<\/span><\/td>\n<\/tr>\n<tr>\n<td><span data-darkreader-inline-color=\"\">Optikai nagy\u00edt\u00e1s<\/span><\/td>\n<td><span data-darkreader-inline-color=\"\">1,3x<\/span><\/td>\n<\/tr>\n<tr>\n<td><span data-darkreader-inline-color=\"\">Szemkiemel\u00e9s<\/span><\/td>\n<td><span data-darkreader-inline-color=\"\">20mm<\/span><\/td>\n<\/tr>\n<tr>\n<td><span data-darkreader-inline-color=\"\">Dioptri\u00e1s korrekci\u00f3<\/span><\/td>\n<td><span data-darkreader-inline-color=\"\">-7 - +2<\/span><\/td>\n<\/tr>\n<tr>\n<td><span data-darkreader-inline-color=\"\">\u00c9rz\u00e9kel\u00e9s\u00a0<\/span><\/td>\n<td><span data-darkreader-inline-color=\"\">500m<\/span><\/td>\n<\/tr>\n<tr>\n<td><span data-darkreader-inline-color=\"\">Megjelen\u00edt\u00e9s t\u00edpusa<\/span><\/td>\n<td><span data-darkreader-inline-color=\"\">AMOLED<\/span><\/td>\n<\/tr>\n<tr>\n<td><span data-darkreader-inline-color=\"\">Kijelz\u0151 felbont\u00e1sa<\/span><\/td>\n<td><span data-darkreader-inline-color=\"\">640x400px<\/span><\/td>\n<\/tr>\n<tr>\n<td><span data-darkreader-inline-color=\"\">Akkumul\u00e1tor t\u00edpusa<\/span><\/td>\n<td><span data-darkreader-inline-color=\"\">Bels\u0151 Li-ion akkumul\u00e1tor \/ 3,6Ah \/ 3,6V<\/span><\/td>\n<\/tr>\n<tr>\n<td><span data-darkreader-inline-color=\"\">Az akkumul\u00e1tor \u00e9lettartama<\/span><\/td>\n<td><span data-darkreader-inline-color=\"\">legfeljebb 10 \u00f3ra<\/span><\/td>\n<\/tr>\n<tr>\n<td><span data-darkreader-inline-color=\"\">Wi-Fi<\/span><\/td>\n<td><span data-darkreader-inline-color=\"\">Igen<\/span><\/td>\n<\/tr>\n<tr>\n<td><span data-darkreader-inline-color=\"\">Fot\u00f3\/Vide\u00f3<\/span><\/td>\n<td><span data-darkreader-inline-color=\"\">Igen<\/span><\/td>\n<\/tr>\n<tr>\n<td><span data-darkreader-inline-color=\"\">Hangfelv\u00e9tel<\/span><\/td>\n<td><span data-darkreader-inline-color=\"\">Nem<\/span><\/td>\n<\/tr>\n<tr>\n<td><span data-darkreader-inline-color=\"\">Mobil alkalmaz\u00e1sok<\/span><\/td>\n<td><span data-darkreader-inline-color=\"\">Igen<\/span><\/td>\n<\/tr>\n<tr>\n<td><span data-darkreader-inline-color=\"\">L\u00e9zeres t\u00e1vols\u00e1gm\u00e9r\u0151<\/span><\/td>\n<td><span data-darkreader-inline-color=\"\">Nem<\/span><\/td>\n<\/tr>\n<tr>\n<td><span data-darkreader-inline-color=\"\">Csatlakoz\u00e1s t\u00edpusa<\/span><\/td>\n<td><span data-darkreader-inline-color=\"\">USB-C \/ 5V<\/span><\/td>\n<\/tr>\n<tr>\n<td><span data-darkreader-inline-color=\"\">T\u00e1rhely\u00a0<\/span><\/td>\n<td><span data-darkreader-inline-color=\"\">32GB<\/span><\/td>\n<\/tr>\n<tr>\n<td><span data-darkreader-inline-color=\"\">V\u00edz\u00e1ll\u00f3<\/span><\/td>\n<td><span data-darkreader-inline-color=\"\">IP67<\/span><\/td>\n<\/tr>\n<tr>\n<td><span data-darkreader-inline-color=\"\">S\u00faly<\/span><\/td>\n<td><span data-darkreader-inline-color=\"\">350g<\/span><\/td>\n<\/tr>\n<tr>\n<td><span data-darkreader-inline-color=\"\">M\u00e9retek<\/span><\/td>\n<td><span data-darkreader-inline-color=\"\">160x60x60mm<\/span><\/td>\n<\/tr>\n<\/tbody>\n<\/table>\n<\/div>\n<\/div>\n<\/div>\n<p><a href=\"https:\/\/www.infirayoutdoor.com\/thermal-imaging-monocular-affo-series\">https:\/\/www.infirayoutdoor.com\/thermal-imaging-monocular-affo-series<\/a><\/p>","protected":false},"excerpt":{"rendered":"<p>A jelenleg nagyon n\u00e9pszer\u0171 AFFO sorozat a nagy l\u00e1t\u00f3mez\u0151vel, nagyon egyszer\u0171 kezelhet\u0151s\u00e9ggel \u00e9s maxim\u00e1lis tart\u00f3ss\u00e1ggal rendelkez\u0151, nagyon kompakt, nagy teljes\u00edtm\u00e9ny\u0171 monokul\u00e1rok ir\u00e1nti nagy ig\u00e9nyb\u0151l sz\u00fcletett. A gy\u00e1rt\u00f3 ezeknek az ig\u00e9nyeknek marad\u00e9ktalanul eleget tett, \u00e9s h\u00e1rom v\u00e1ltozatban egy nagyon kiad\u00f3s monokul\u00e1rt dobott piacra. Az AFFO AP09 9 mm-es lencs\u00e9vel \u00e9s 256x192px felbont\u00e1s\u00fa \u00e9rz\u00e9kel\u0151vel rendelkezik.<\/p>","protected":false},"featured_media":3118,"template":"","meta":{"_gspb_post_css":""},"product_brand":[314],"product_cat":[21,144,327],"product_tag":[361,170,337],"class_list":{"0":"post-3000","1":"product","2":"type-product","3":"status-publish","4":"has-post-thumbnail","6":"product_brand-infiray","7":"product_cat-optika","8":"product_cat-termovizie","9":"product_cat-termovizne-monokulary","10":"product_tag-affo","11":"product_tag-infiray","12":"product_tag-termovizny-monokular","14":"first","15":"instock","16":"taxable","17":"shipping-taxable","18":"purchasable","19":"product-type-simple"},"ct_brands":[{"id":314,"name":"Infiray","slug":"infiray"}],"_links":{"self":[{"href":"https:\/\/zbranebudai.sk\/hu\/wp-json\/wp\/v2\/product\/3000","targetHints":{"allow":["GET"]}}],"collection":[{"href":"https:\/\/zbranebudai.sk\/hu\/wp-json\/wp\/v2\/product"}],"about":[{"href":"https:\/\/zbranebudai.sk\/hu\/wp-json\/wp\/v2\/types\/product"}],"wp:featuredmedia":[{"embeddable":true,"href":"https:\/\/zbranebudai.sk\/hu\/wp-json\/wp\/v2\/media\/3118"}],"wp:attachment":[{"href":"https:\/\/zbranebudai.sk\/hu\/wp-json\/wp\/v2\/media?parent=3000"}],"wp:term":[{"taxonomy":"product_brand","embeddable":true,"href":"https:\/\/zbranebudai.sk\/hu\/wp-json\/wp\/v2\/product_brand?post=3000"},{"taxonomy":"product_cat","embeddable":true,"href":"https:\/\/zbranebudai.sk\/hu\/wp-json\/wp\/v2\/product_cat?post=3000"},{"taxonomy":"product_tag","embeddable":true,"href":"https:\/\/zbranebudai.sk\/hu\/wp-json\/wp\/v2\/product_tag?post=3000"}],"curies":[{"name":"wp","href":"https:\/\/api.w.org\/{rel}","templated":true}]}}