{"id":2983,"date":"2025-02-01T20:25:00","date_gmt":"2025-02-01T18:25:00","guid":{"rendered":"https:\/\/zbranebudai.sk\/?post_type=product&#038;p=2983"},"modified":"2025-08-31T03:56:32","modified_gmt":"2025-08-31T01:56:32","slug":"infiray-affo-al19-hokamera","status":"publish","type":"product","link":"https:\/\/zbranebudai.sk\/hu\/product\/infiray-affo-al19-hokamera\/","title":{"rendered":"InfiRay AFFO AL19 h\u0151kamer\u00e1s monokul\u00e1r"},"content":{"rendered":"<p><span class=\"base\" data-ui-id=\"page-title-wrapper\" data-darkreader-inline-color=\"\">A 384x288px-es \u00e9rz\u00e9kel\u0151 felbont\u00e1sa lehet\u0151v\u00e9 teszi a felhaszn\u00e1l\u00f3 sz\u00e1m\u00e1ra, hogy a k\u00e9tszeres optikai nagy\u00edt\u00e1snak \u00e9s a lencse mechanikus f\u00f3kusz\u00e1l\u00e1si k\u00e9pess\u00e9g\u00e9nek k\u00f6sz\u00f6nhet\u0151en t\u00f6bb mint 600 m\u00e9teres t\u00e1vols\u00e1gb\u00f3l is megb\u00edzhat\u00f3an kisz\u00farja a vadat. A h\u0151kamer\u00e1s ergon\u00f3mia azonnal a k\u00e9zbe illeszkedik, \u00edgy nagym\u00e9rt\u00e9kben leegyszer\u0171s\u00edti \u00e9s meghosszabb\u00edtja a megfigyel\u00e9st, l\u00e1that\u00f3 f\u00e1radts\u00e1g n\u00e9lk\u00fcl. A t\u00f6k\u00e9letesen form\u00e1zott okul\u00e1r \u00e9s a dioptriakorrekci\u00f3 massz\u00edv kialak\u00edt\u00e1sa hozz\u00e1j\u00e1rul az \u00e1ltal\u00e1nos felhaszn\u00e1l\u00f3i k\u00e9nyelemhez. Kellemes b\u00f3nusz a nagyon hossz\u00fa, t\u00f6bb mint nyolc \u00f3r\u00e1s \u00fczemid\u0151vel rendelkez\u0151 akkumul\u00e1tor, amely a klasszikus USB-C-n kereszt\u00fcl t\u00f6lthet\u0151.<\/span><span style=\"color: var(--darkreader-inline-color); --darkreader-inline-color: var(--darkreader-text--darkreader-inline-color, #e8e6e3);\" data-darkreader-inline-color=\"\">\u00a0<\/span><\/p>\n<div class=\"product-specification\">\n<div class=\"container\">\n<div class=\"product-specification-content\">\n<table dir=\"ltr\" border=\"1\" cellspacing=\"0\" cellpadding=\"0\" data-sheets-root=\"1\" data-sheets-baot=\"1\">\n<colgroup>\n<col width=\"375\" \/>\n<col width=\"437\" \/><\/colgroup>\n<tbody>\n<tr>\n<td>\u00c9rz\u00e9kel\u0151 felbont\u00e1sa<\/td>\n<td>384 \u00d7 288 px<\/td>\n<\/tr>\n<tr>\n<td>Pixel m\u00e9ret<\/td>\n<td>12 \u00b5m<\/td>\n<\/tr>\n<tr>\n<td>NETD<\/td>\n<td>&lt; 40 mK<\/td>\n<\/tr>\n<tr>\n<td>Friss\u00edt\u00e9si sebess\u00e9g (Hz)<\/td>\n<td>50 Hz<\/td>\n<\/tr>\n<tr>\n<td>Objekt\u00edv lencse (mm)<\/td>\n<td>19 mm<\/td>\n<\/tr>\n<tr>\n<td>L\u00e1t\u00f3mez\u0151<\/td>\n<td>13,8\u00b0 \u00d7 8,7\u00b0<\/td>\n<\/tr>\n<tr>\n<td>Digit\u00e1lis nagy\u00edt\u00e1s<\/td>\n<td>1x-4x<\/td>\n<\/tr>\n<tr>\n<td>Optikai nagy\u00edt\u00e1s<\/td>\n<td>2x<\/td>\n<\/tr>\n<tr>\n<td>Szemkiemel\u00e9s<\/td>\n<td>20 mm<\/td>\n<\/tr>\n<tr>\n<td>Dioptri\u00e1s korrekci\u00f3<\/td>\n<td>-7 \u00e9s +2 k\u00f6z\u00f6tt<\/td>\n<\/tr>\n<tr>\n<td>\u00c9rz\u00e9kel\u00e9s<\/td>\n<td>1000 m<\/td>\n<\/tr>\n<tr>\n<td>Megjelen\u00edt\u00e9s t\u00edpusa<\/td>\n<td>AMOLED<\/td>\n<\/tr>\n<tr>\n<td>Kijelz\u0151 felbont\u00e1sa<\/td>\n<td>640 \u00d7 400 px<\/td>\n<\/tr>\n<tr>\n<td>Akkumul\u00e1tor t\u00edpusa<\/td>\n<td>Bels\u0151 Li-ion akkumul\u00e1tor \/ 3,6 Ah \/ 3,6 V<\/td>\n<\/tr>\n<tr>\n<td>Az akkumul\u00e1tor \u00e9lettartama<\/td>\n<td>legfeljebb 8 \u00f3ra<\/td>\n<\/tr>\n<tr>\n<td>Wi-Fi<\/td>\n<td>Igen<\/td>\n<\/tr>\n<tr>\n<td>Fot\u00f3\/Vide\u00f3<\/td>\n<td>Igen<\/td>\n<\/tr>\n<tr>\n<td>Hangfelv\u00e9tel<\/td>\n<td>Nem<\/td>\n<\/tr>\n<tr>\n<td>Mobil alkalmaz\u00e1s<\/td>\n<td>Igen<\/td>\n<\/tr>\n<tr>\n<td>L\u00e9zeres t\u00e1vols\u00e1gm\u00e9r\u0151<\/td>\n<td>Nem<\/td>\n<\/tr>\n<tr>\n<td>Csatlakoz\u00e1s t\u00edpusa<\/td>\n<td>USB-C \/ 5V<\/td>\n<\/tr>\n<tr>\n<td>T\u00e1rhely<\/td>\n<td>32 GB<\/td>\n<\/tr>\n<tr>\n<td>V\u00edz\u00e1ll\u00f3s\u00e1g<\/td>\n<td>IP67<\/td>\n<\/tr>\n<tr>\n<td>S\u00faly<\/td>\n<td>350 g<\/td>\n<\/tr>\n<tr>\n<td>M\u00e9retek<\/td>\n<td>169 \u00d7 60 \u00d7 60 mm<\/td>\n<\/tr>\n<\/tbody>\n<\/table>\n<\/div>\n<\/div>\n<\/div>","protected":false},"excerpt":{"rendered":"<p>A term\u00e9kcsal\u00e1d k\u00f6z\u00e9ps\u0151 modellje az AFFO AL19, amelyet ig\u00e9nyesebb felhaszn\u00e1l\u00f3knak terveztek, de elegend\u0151 teljes\u00edtm\u00e9nyt ny\u00fajt a vad\u00e1szati helyzetek t\u00falnyom\u00f3 t\u00f6bbs\u00e9g\u00e9hez.<\/p>","protected":false},"featured_media":3099,"template":"","meta":{"_gspb_post_css":""},"product_brand":[314],"product_cat":[21,144,327],"product_tag":[361,170,337],"class_list":{"0":"post-2983","1":"product","2":"type-product","3":"status-publish","4":"has-post-thumbnail","6":"product_brand-infiray","7":"product_cat-optika","8":"product_cat-termovizie","9":"product_cat-termovizne-monokulary","10":"product_tag-affo","11":"product_tag-infiray","12":"product_tag-termovizny-monokular","14":"first","15":"instock","16":"taxable","17":"shipping-taxable","18":"purchasable","19":"product-type-simple"},"ct_brands":[{"id":314,"name":"Infiray","slug":"infiray"}],"_links":{"self":[{"href":"https:\/\/zbranebudai.sk\/hu\/wp-json\/wp\/v2\/product\/2983","targetHints":{"allow":["GET"]}}],"collection":[{"href":"https:\/\/zbranebudai.sk\/hu\/wp-json\/wp\/v2\/product"}],"about":[{"href":"https:\/\/zbranebudai.sk\/hu\/wp-json\/wp\/v2\/types\/product"}],"wp:featuredmedia":[{"embeddable":true,"href":"https:\/\/zbranebudai.sk\/hu\/wp-json\/wp\/v2\/media\/3099"}],"wp:attachment":[{"href":"https:\/\/zbranebudai.sk\/hu\/wp-json\/wp\/v2\/media?parent=2983"}],"wp:term":[{"taxonomy":"product_brand","embeddable":true,"href":"https:\/\/zbranebudai.sk\/hu\/wp-json\/wp\/v2\/product_brand?post=2983"},{"taxonomy":"product_cat","embeddable":true,"href":"https:\/\/zbranebudai.sk\/hu\/wp-json\/wp\/v2\/product_cat?post=2983"},{"taxonomy":"product_tag","embeddable":true,"href":"https:\/\/zbranebudai.sk\/hu\/wp-json\/wp\/v2\/product_tag?post=2983"}],"curies":[{"name":"wp","href":"https:\/\/api.w.org\/{rel}","templated":true}]}}