{"id":2981,"date":"2025-02-01T20:25:00","date_gmt":"2025-02-01T18:25:00","guid":{"rendered":"https:\/\/zbranebudai.sk\/?post_type=product&#038;p=2981"},"modified":"2025-08-31T03:56:32","modified_gmt":"2025-08-31T01:56:32","slug":"pulsar-talion-xg35-hokamera-celtavcso","status":"publish","type":"product","link":"https:\/\/zbranebudai.sk\/hu\/product\/pulsar-talion-xg35-hokamera-celtavcso\/","title":{"rendered":"Pulsar TALION XG35 h\u0151kamer\u00e1s l\u00e1t\u00f3sz\u00f6g"},"content":{"rendered":"<h2 class=\"text-center font-weight-bold\"><span data-darkreader-inline-color=\"\">T\u00f6bbpontos prizma r\u00f6gz\u00edt\u00e9s a fegyveren val\u00f3 pontos poz\u00edcion\u00e1l\u00e1shoz<\/span><\/h2>\n<p class=\"text-center col-8\"><span data-darkreader-inline-color=\"\">A r\u00f6gz\u00edt\u0151prizma t\u00f6bb csavaros ponttal van ell\u00e1tva, amelyek rugalmass\u00e1got \u00e9s k\u00e9nyelmet biztos\u00edtanak a Talion c\u00e9lkereszt k\u00fcl\u00f6nb\u00f6z\u0151 t\u00edpus\u00fa fegyverekre t\u00f6rt\u00e9n\u0151 felszerel\u00e9sekor. A telep\u00edt\u00e9s sor\u00e1n a felhaszn\u00e1l\u00f3 a c\u00e9lz\u00f3t a fegyver ment\u00e9n a megfigyel\u00e9shez legk\u00e9nyelmesebb poz\u00edci\u00f3ba mozgathatja.<\/span><\/p>\n<h2 class=\"text-center font-weight-bold\"><span data-darkreader-inline-color=\"\">\u00c9rz\u00e9kel\u0151 640x480px Lynred eur\u00f3pai gy\u00e1rtm\u00e1ny\u00fa<\/span><\/h2>\n<p class=\"text-center col-10\"><span data-darkreader-inline-color=\"\">A Talion XG egy 640\u00d7480 pixeles felbont\u00e1s\u00fa (12 \u03bcm pixelm\u00e9ret\u0171) eur\u00f3pai Lynred \u00e9rz\u00e9kel\u0151vel van felszerelve, amely nagy felbont\u00e1s\u00fa k\u00e9pet biztos\u00edt.<\/span><\/p>\n<section class=\"section-4\">\n<h2 class=\"text-center font-weight-bold\"><span data-darkreader-inline-color=\"\">Minden kezel\u0151szerv k\u00f6zvetlen\u00fcl \u00d6n el\u0151tt<\/span><\/h2>\n<p class=\"text-center col-8\"><span data-darkreader-inline-color=\"\">A Talion \u00f6sszes kezel\u0151szerv\u00e9t az okul\u00e1r fels\u0151 r\u00e9sz\u00e9n helyezt\u00e9k el, hogy a jobb- \u00e9s balkezes felhaszn\u00e1l\u00f3k sz\u00e1m\u00e1ra egyar\u00e1nt egyszer\u0171bb\u00e9 \u00e9s k\u00e9nyelmesebb\u00e9 tegy\u00e9k a hozz\u00e1f\u00e9r\u00e9st.<\/span><\/p>\n<h2 class=\"text-center font-weight-bold\"><span data-darkreader-inline-color=\"\">Gyors akkumul\u00e1tor elt\u00e1vol\u00edt\u00e1si mechanizmus<\/span><\/h2>\n<p class=\"text-center col-8\"><span data-darkreader-inline-color=\"\">Az egyedi akkumul\u00e1torfed\u00e9l kialak\u00edt\u00e1sa gyorskiold\u00f3 z\u00e1rral biztos\u00edtja a gyors \u00e9s hib\u00e1tlan akkumul\u00e1torcser\u00e9t. A z\u00e1r felold\u00e1sa kinyitja \u00e9s felemeli a c\u00e9lt\u00e1vcs\u0151cs\u0151 tetej\u00e9n l\u00e9v\u0151 elemfedelet, \u00edgy gyors hozz\u00e1f\u00e9r\u00e9st biztos\u00edt az \u00fajrat\u00f6lthet\u0151 akkumul\u00e1torhoz.<\/span><\/p>\n<\/section>\n<section class=\"section-4\">\n<h2 class=\"text-center font-weight-bold\"><span data-darkreader-inline-color=\"\">F\u00f3kuszbe\u00e1ll\u00edt\u00e1s vez\u00e9rl\u0151karral az \u00e9jszakai vad\u00e1szathoz<\/span><\/h2>\n<p class=\"text-center col-8\"><span data-darkreader-inline-color=\"\">A f\u00f3kuszvez\u00e9rl\u0151 integr\u00e1lt karral rendelkezik, amely a Talion c\u00e9lt\u00e1vcs\u0151 test\u00e9nek kiemelked\u00e9s\u00e9hez igazodik, amikor a f\u00f3kusz el\u00e9ri a 70 m-es t\u00e1vols\u00e1got, ami az \u00e9jszakai vad\u00e1szat szok\u00e1sos t\u00e1vols\u00e1ga. Ez lehet\u0151v\u00e9 teszi a gyors \u00e9s helyes f\u00f3kusz\u00e1l\u00e1st a c\u00e9lt\u00e1vcs\u0151 vizu\u00e1lis ellen\u0151rz\u00e9se n\u00e9lk\u00fcl is.<\/p>\n<p><\/span><\/p>\n<div id=\"description\" class=\"col-md-12\" aria-labelledby=\"description-tab\">\n<p><strong>M\u0171szaki param\u00e9terek<\/strong><\/p>\n<\/div>\n<div id=\"parameters\" class=\"col-md-12\" aria-labelledby=\"parameters-tab\">\n<div class=\"parameters-table\">\n<table class=\"parametry table table-striped\" style=\"height: 927px;\" width=\"701\" cellspacing=\"0\" cellpadding=\"2\">\n<tbody>\n<tr class=\"odd\">\n<th scope=\"row\"><span data-darkreader-inline-color=\"\"><abbr title=\"T\u00e1vcs\u0151 nagy\u00edt\u00e1s  \">Nagy\u00edt\u00e1s<\/abbr>\u00a0:<\/span><\/th>\n<td><span data-darkreader-inline-color=\"\">2 - 16x<\/span><\/td>\n<\/tr>\n<tr class=\"even\">\n<th scope=\"row\"><span data-darkreader-inline-color=\"\">Digit\u00e1lis nagy\u00edt\u00e1s:<\/span><\/th>\n<td><span data-darkreader-inline-color=\"\">4<\/span><\/td>\n<\/tr>\n<tr class=\"odd\">\n<th scope=\"row\"><span data-darkreader-inline-color=\"\">Mikrobolom\u00e9ter:<\/span><\/th>\n<td><span data-darkreader-inline-color=\"\">640\u00d7480 px<\/span><\/td>\n<\/tr>\n<tr class=\"even\">\n<th scope=\"row\"><span data-darkreader-inline-color=\"\"><abbr title=\"Az \u00e9rz\u00e9kel\u0151 azon k\u00e9pess\u00e9ge, hogy a lehet\u0151 legkisebb h\u0151m\u00e9rs\u00e9klet-k\u00fcl\u00f6nbs\u00e9ggel k\u00e9pes megk\u00fcl\u00f6nb\u00f6ztetni k\u00e9t k\u00f6zeli pontot.\">NETD<\/abbr>\u00a0:<\/span><\/th>\n<td><span data-darkreader-inline-color=\"\">&lt; 40mK<\/span><\/td>\n<\/tr>\n<tr class=\"odd\">\n<th scope=\"row\"><span data-darkreader-inline-color=\"\">Pixeloszt\u00e1s:<\/span><\/th>\n<td><span data-darkreader-inline-color=\"\">12 \u00b5m<\/span><\/td>\n<\/tr>\n<tr class=\"even\">\n<th scope=\"row\"><span data-darkreader-inline-color=\"\">Kijelz\u0151 felbont\u00e1sa:<\/span><\/th>\n<td><span data-darkreader-inline-color=\"\">1024\u00d7768<\/span><\/td>\n<\/tr>\n<tr class=\"odd\">\n<th scope=\"row\"><span data-darkreader-inline-color=\"\">K\u00e9pkocka sebess\u00e9g:<\/span><\/th>\n<td><span data-darkreader-inline-color=\"\">50 Hz<\/span><\/td>\n<\/tr>\n<tr class=\"even\">\n<th scope=\"row\"><span data-darkreader-inline-color=\"\">Kijelz\u0151 t\u00edpusa: A kijelz\u0151 t\u00edpusa:<\/span><\/th>\n<td><span data-darkreader-inline-color=\"\">AMOLED HD<\/span><\/td>\n<\/tr>\n<tr class=\"odd\">\n<th scope=\"row\"><span data-darkreader-inline-color=\"\">\u00c9rz\u00e9kel\u00e9si t\u00e1vols\u00e1g:<\/span><\/th>\n<td><span data-darkreader-inline-color=\"\">1750m<\/span><\/td>\n<\/tr>\n<tr class=\"even\">\n<th scope=\"row\"><span data-darkreader-inline-color=\"\">F\u00f3kuszt\u00e1vols\u00e1g:<\/span><\/th>\n<td><span data-darkreader-inline-color=\"\">35 mm<\/span><\/td>\n<\/tr>\n<tr class=\"odd\">\n<th scope=\"row\"><span data-darkreader-inline-color=\"\">Objekt\u00edv param\u00e9terek:<\/span><\/th>\n<td><span data-darkreader-inline-color=\"\">F35\/1.0<\/span><\/td>\n<\/tr>\n<tr class=\"even\">\n<th scope=\"row\"><span data-darkreader-inline-color=\"\">Betekint\u00e9si sz\u00f6g:<\/span><\/th>\n<td><span data-darkreader-inline-color=\"\">12.5\u00d79.4\u00b0<\/span><\/td>\n<\/tr>\n<tr class=\"odd\">\n<th scope=\"row\"><span data-darkreader-inline-color=\"\">L\u00e1t\u00f3mez\u0151 100 m\u00e9teren:<\/span><\/th>\n<td><span data-darkreader-inline-color=\"\">21.9\u00d716.5 m<\/span><\/td>\n<\/tr>\n<tr class=\"even\">\n<th scope=\"row\"><span data-darkreader-inline-color=\"\"><abbr title=\"Az okul\u00e1r reliefje az a t\u00e1vols\u00e1g az okul\u00e1r utols\u00f3 lencs\u00e9je \u00e9s a megfigyel\u0151 szeme k\u00f6z\u00f6tt, amelyben a teljes l\u00e1t\u00f3mez\u0151 k\u00e9nyelmesen l\u00e1that\u00f3.\">Szemkiemel\u00e9s<\/abbr>\u00a0:<\/span><\/th>\n<td><span data-darkreader-inline-color=\"\">50mm<\/span><\/td>\n<\/tr>\n<tr class=\"odd\">\n<th scope=\"row\"><span data-darkreader-inline-color=\"\">T\u00e1pegys\u00e9g:<\/span><\/th>\n<td><span data-darkreader-inline-color=\"\">APS5T (4,9 Ah Li-ion akkumul\u00e1tor) V<\/span><\/td>\n<\/tr>\n<tr class=\"even\">\n<th scope=\"row\"><span data-darkreader-inline-color=\"\">K\u00fcls\u0151 t\u00e1pegys\u00e9g:<\/span><\/th>\n<td><span data-darkreader-inline-color=\"\">5V, 9V (USB-C)<\/span><\/td>\n<\/tr>\n<tr class=\"odd\">\n<th scope=\"row\"><span data-darkreader-inline-color=\"\">VIDE\u00d3:<\/span><\/th>\n<td><span data-darkreader-inline-color=\"\">Igen<\/span><\/td>\n<\/tr>\n<tr class=\"even\">\n<th scope=\"row\"><span data-darkreader-inline-color=\"\">Mem\u00f3ria m\u00e9rete:<\/span><\/th>\n<td><span data-darkreader-inline-color=\"\">16 Gb<\/span><\/td>\n<\/tr>\n<tr class=\"odd\">\n<th scope=\"row\"><span data-darkreader-inline-color=\"\">Vide\u00f3\/f\u00e9nyk\u00e9p form\u00e1tum:<\/span><\/th>\n<td><span data-darkreader-inline-color=\"\">.mp4 \/.jpg<\/span><\/td>\n<\/tr>\n<tr class=\"even\">\n<th scope=\"row\"><span data-darkreader-inline-color=\"\">Vide\u00f3\/f\u00e9nyk\u00e9p felbont\u00e1s:<\/span><\/th>\n<td><span data-darkreader-inline-color=\"\">1024\u00d7768<\/span><\/td>\n<\/tr>\n<tr class=\"odd\">\n<th scope=\"row\"><span data-darkreader-inline-color=\"\">Jav\u00edt\u00e1si l\u00e9p\u00e9s:<\/span><\/th>\n<td><span data-darkreader-inline-color=\"\">21 mm\/100m<\/span><\/td>\n<\/tr>\n<tr class=\"even\">\n<th scope=\"row\"><span data-darkreader-inline-color=\"\">A horizont\u00e1lis kiigaz\u00edt\u00e1s m\u00e9rt\u00e9ke:<\/span><\/th>\n<td><span data-darkreader-inline-color=\"\">4200mm\/100m<\/span><\/td>\n<\/tr>\n<tr class=\"odd\">\n<th scope=\"row\"><span data-darkreader-inline-color=\"\">A f\u00fcgg\u0151leges egyenget\u00e9s m\u00e9rt\u00e9ke:<\/span><\/th>\n<td><span data-darkreader-inline-color=\"\">4200mm\/100m<\/span><\/td>\n<\/tr>\n<tr class=\"even\">\n<th scope=\"row\"><span data-darkreader-inline-color=\"\">Keresztt\u00edpus:<\/span><\/th>\n<td><span data-darkreader-inline-color=\"\">10 b\u00e1zis<\/span><\/td>\n<\/tr>\n<tr class=\"odd\">\n<th scope=\"row\"><span data-darkreader-inline-color=\"\">Visszar\u00fag\u00e1ssal szembeni ellen\u00e1ll\u00e1s:<\/span><\/th>\n<td><span data-darkreader-inline-color=\"\">6000J<\/span><\/td>\n<\/tr>\n<tr class=\"even\">\n<th scope=\"row\"><span data-darkreader-inline-color=\"\">Anyag:<\/span><\/th>\n<td><span data-darkreader-inline-color=\"\">Alum\u00ednium \u00f6tv\u00f6zet<\/span><\/td>\n<\/tr>\n<tr class=\"odd\">\n<th scope=\"row\"><span data-darkreader-inline-color=\"\">V\u00edz\u00e1ll\u00f3s\u00e1g:<\/span><\/th>\n<td><span data-darkreader-inline-color=\"\">IPX7<\/span><\/td>\n<\/tr>\n<tr class=\"even\">\n<th scope=\"row\"><span data-darkreader-inline-color=\"\">\u00dczemi h\u0151m\u00e9rs\u00e9klet:<\/span><\/th>\n<td><span data-darkreader-inline-color=\"\">-25 ... +50 \u00b0C<\/span><\/td>\n<\/tr>\n<tr class=\"odd\">\n<th scope=\"row\"><span data-darkreader-inline-color=\"\">Wi-Fi:<\/span><\/th>\n<td><span data-darkreader-inline-color=\"\">2,4\/5 GHz<\/span><\/td>\n<\/tr>\n<tr class=\"even\">\n<th scope=\"row\"><span data-darkreader-inline-color=\"\">USB, t\u00edpus:<\/span><\/th>\n<td><span data-darkreader-inline-color=\"\">USB-C<\/span><\/td>\n<\/tr>\n<tr class=\"odd\">\n<th scope=\"row\"><span data-darkreader-inline-color=\"\">M\u0171k\u00f6d\u00e9si id\u0151 (t22\u00b0C-on):<\/span><\/th>\n<td><span data-darkreader-inline-color=\"\">9 \u00f3ra.<\/span><\/td>\n<\/tr>\n<tr class=\"even\">\n<th scope=\"row\"><span data-darkreader-inline-color=\"\">M\u00e9retek:<\/span><\/th>\n<td><span data-darkreader-inline-color=\"\">330x57x67mm<\/span><\/td>\n<\/tr>\n<tr class=\"odd\">\n<th scope=\"row\"><span data-darkreader-inline-color=\"\">S\u00faly:<\/span><\/th>\n<td><span data-darkreader-inline-color=\"\">0,7kg<\/span><\/td>\n<\/tr>\n<\/tbody>\n<\/table>\n<\/div>\n<\/div>\n<p class=\"text-center col-8\">\n<\/section>\n<p><span style=\"font-weight: 400;\"><br \/>\n<a href=\"https:\/\/www.pulsar-nv.com\/glo\/products\/33\/thermal-imaging-riflescopes\/talion\/\">https:\/\/www.pulsar-nv.com\/glo\/products\/33\/thermal-imaging-riflescopes\/talion\/<\/a><br \/>\n<\/span><\/p>","protected":false},"excerpt":{"rendered":"<p>A Taliont egy cser\u00e9lhet\u0151 Pulsar APS5T \u00fajrat\u00f6lthet\u0151 akkumul\u00e1tor t\u00e1pl\u00e1lja. Egy felt\u00f6lt\u00e9s ak\u00e1r 9 \u00f3r\u00e1s akkumul\u00e1tor-\u00fczemid\u0151t garant\u00e1l, ami a c\u00e9lt\u00e1vcs\u0151 vad\u00e1szat k\u00f6zbeni akt\u00edv haszn\u00e1lat\u00e1nak idej\u00e9t fedezi. Az elemfed\u00e9l kialak\u00edt\u00e1sa seg\u00edt a helyes poz\u00edci\u00f3 meghat\u00e1roz\u00e1s\u00e1ban, \u00e9s lehet\u0151v\u00e9 teszi a lemer\u00fclt elem gyors cser\u00e9j\u00e9t egy \u00fajjal teljes s\u00f6t\u00e9ts\u00e9gben, egyszer\u0171 \u00e9rint\u00e9ssel.<\/p>","protected":false},"featured_media":3091,"template":"","meta":{"_gspb_post_css":""},"product_brand":[317],"product_cat":[21,144,326],"product_tag":[172,360,345],"class_list":{"0":"post-2981","1":"product","2":"type-product","3":"status-publish","4":"has-post-thumbnail","6":"product_brand-pulsar","7":"product_cat-optika","8":"product_cat-termovizie","9":"product_cat-termovizne-zameriavace","10":"product_tag-pulsar","11":"product_tag-talion","12":"product_tag-termovizny-zameriavac","14":"first","15":"instock","16":"sale","17":"taxable","18":"shipping-taxable","19":"purchasable","20":"product-type-simple"},"ct_brands":[{"id":317,"name":"Pulsar","slug":"pulzar"}],"_links":{"self":[{"href":"https:\/\/zbranebudai.sk\/hu\/wp-json\/wp\/v2\/product\/2981","targetHints":{"allow":["GET"]}}],"collection":[{"href":"https:\/\/zbranebudai.sk\/hu\/wp-json\/wp\/v2\/product"}],"about":[{"href":"https:\/\/zbranebudai.sk\/hu\/wp-json\/wp\/v2\/types\/product"}],"wp:featuredmedia":[{"embeddable":true,"href":"https:\/\/zbranebudai.sk\/hu\/wp-json\/wp\/v2\/media\/3091"}],"wp:attachment":[{"href":"https:\/\/zbranebudai.sk\/hu\/wp-json\/wp\/v2\/media?parent=2981"}],"wp:term":[{"taxonomy":"product_brand","embeddable":true,"href":"https:\/\/zbranebudai.sk\/hu\/wp-json\/wp\/v2\/product_brand?post=2981"},{"taxonomy":"product_cat","embeddable":true,"href":"https:\/\/zbranebudai.sk\/hu\/wp-json\/wp\/v2\/product_cat?post=2981"},{"taxonomy":"product_tag","embeddable":true,"href":"https:\/\/zbranebudai.sk\/hu\/wp-json\/wp\/v2\/product_tag?post=2981"}],"curies":[{"name":"wp","href":"https:\/\/api.w.org\/{rel}","templated":true}]}}