{"id":2964,"date":"2025-02-01T20:24:37","date_gmt":"2025-02-01T18:24:37","guid":{"rendered":"https:\/\/zbranebudai.sk\/?post_type=product&#038;p=2964"},"modified":"2025-08-31T03:57:31","modified_gmt":"2025-08-31T01:57:31","slug":"pulsar-egyesules-lrf-xp50-hokamera-keresotavcso","status":"publish","type":"product","link":"https:\/\/zbranebudai.sk\/hu\/product\/pulsar-merger-lrf-xp50-hokamera-keresotavcso\/","title":{"rendered":"Pulsar MERGER LRF XP50 h\u0151t\u00e1vcs\u0151"},"content":{"rendered":"<section class=\"section-2\">\n<p class=\"text-center font-weight-bold\"><span data-darkreader-inline-color=\"\"><strong>K\u00e9nyelmes megfigyel\u00e9s<\/strong><\/span><\/p>\n<p><span data-darkreader-inline-color=\"\">A Merger LRF t\u00e1vcs\u0151 optikai kialak\u00edt\u00e1sa teljes m\u00e9rt\u00e9kben figyelembe veszi az emberi l\u00e1t\u00e1s term\u00e9szet\u00e9t. Az ember sz\u00e1m\u00e1ra term\u00e9szetes, hogy a vizu\u00e1lis inform\u00e1ci\u00f3kat egyszerre k\u00e9t vizu\u00e1lis csatorn\u00e1n kereszt\u00fcl fogadja. A k\u00e9t szemmel t\u00f6rt\u00e9n\u0151 n\u00e9z\u00e9s kev\u00e9sb\u00e9 meger\u0151ltet\u0151, mint az egy szemmel t\u00f6rt\u00e9n\u0151 n\u00e9z\u00e9s. Ez azt jelenti, hogy jobban \u00e9rz\u00e9keli a kis vagy halv\u00e1ny objektumokat, \u00e9s jobb teljes\u00edtm\u00e9nyt ny\u00fajt alacsony kontraszt\u00fa jelenetekben, mint az azonos m\u0171szaki sz\u00ednvonal\u00fa, hasonl\u00f3 monokul\u00e1ris h\u0151kamer\u00e1s m\u0171szerek. A Merger LRF binokul\u00e1r szemt\u00e1vols\u00e1ga 56 \u00e9s 71 mm k\u00f6z\u00f6tt \u00e1ll\u00edthat\u00f3 az adott felhaszn\u00e1l\u00f3 egy\u00e9ni jellemz\u0151inek megfelel\u0151en.<\/span><\/p>\n<p><span data-darkreader-inline-color=\"\"><strong>Prec\u00edzi\u00f3s l\u00e9zeres t\u00e1vols\u00e1gm\u00e9r\u0151<\/strong><\/span><\/p>\n<\/section>\n<p class=\"text-center col-8\"><span data-darkreader-inline-color=\"\">A c\u00e9lt\u00e1vols\u00e1g ismerete alapvet\u0151 fontoss\u00e1g\u00fa t\u00e9nyez\u0151 a j\u00f3 d\u00f6nt\u00e9shozatalhoz. A be\u00e9p\u00edtett, ak\u00e1r 1 kilom\u00e9teres hat\u00f3t\u00e1vols\u00e1g\u00fa l\u00e9zeres t\u00e1vols\u00e1gm\u00e9r\u0151 lehet\u0151v\u00e9 teszi a t\u00e1vols\u00e1gok m\u00e9r\u00e9s\u00e9t egyszeri m\u00e9r\u00e9si \u00e9s folyamatos p\u00e1szt\u00e1z\u00e1si m\u00f3dban \u00b11 m\u00e9teres pontoss\u00e1ggal a gyors \u00e9s hibamentes helyzet\u00e9rt\u00e9kel\u00e9s \u00e9rdek\u00e9ben.<\/span><\/p>\n<p class=\"text-center font-weight-bold\"><span data-darkreader-inline-color=\"\"><strong>Nagy felbont\u00e1s\u00fa 640\u00d7480 pixeles h\u0151\u00e9rz\u00e9kel\u0151 @ NETD &lt; 25 mK<\/strong><\/span><\/p>\n<p class=\"text-center col-8\"><span data-darkreader-inline-color=\"\">A rendk\u00edv\u00fcl \u00e9rz\u00e9keny, NETD &lt; 25 mK \u00e9rt\u00e9k\u0171 \u00e9rz\u00e9kel\u0151 minim\u00e1lis h\u0151m\u00e9rs\u00e9klet-k\u00fcl\u00f6nbs\u00e9geket r\u00f6gz\u00edt alacsony h\u0151m\u00e9rs\u00e9kleti kontrasztos k\u00f6r\u00fclm\u00e9nyek k\u00f6z\u00f6tt, valamint es\u0151ben vagy k\u00f6dben is. A 640\u00d7480 pixeles felbont\u00e1s megb\u00edzhat\u00f3 c\u00e9lpont-azonos\u00edt\u00e1st, az \u00e1llat fontos anat\u00f3miai jellemz\u0151inek, valamint a k\u00f6rnyez\u0151 t\u00e1j finom r\u00e9szleteinek kiv\u00e1l\u00f3 min\u0151s\u00e9g\u0171 megjelen\u00edt\u00e9s\u00e9t biztos\u00edtja.<\/span><\/p>\n<p class=\"text-center font-weight-bold\"><span data-darkreader-inline-color=\"\"><strong>F50\/1,0 f\u00e9ny\u00e1tereszt\u0151 k\u00e9pess\u00e9g\u0171 germ\u00e1nium lencse<\/strong><\/span><\/p>\n<p class=\"text-center col-9\"><span data-darkreader-inline-color=\"\">A h\u0151kamer\u00e1s optika tulajdons\u00e1gai d\u00f6nt\u0151 hat\u00e1ssal vannak arra, hogy a h\u0151kamera m\u00e9g a legalacsonyabb szint\u0171 h\u0151sug\u00e1rz\u00e1st is k\u00e9pes-e r\u00f6gz\u00edteni. A maxim\u00e1lis \u00e9rz\u00e9kel\u00e9si hat\u00e9konys\u00e1g a Merger LRF h\u0151kamera objekt\u00edvj\u00e9nek (F50\/1,0) nagy \u00e1tereszt\u0151k\u00e9pess\u00e9g\u00e9nek \u00e9s a nagy \u00e9rz\u00e9kenys\u00e9g\u0171 h\u0151\u00e9rz\u00e9kel\u0151nek k\u00f6sz\u00f6nhet\u0151en \u00e9rhet\u0151 el. A Merger LRF h\u0151kamera mindig a legjobb min\u0151s\u00e9g\u0171, legr\u00e9szletesebb \u00e9s nagy kontraszt\u00fa informat\u00edv k\u00e9peket ny\u00fajtja a felhaszn\u00e1l\u00f3knak, m\u00e9g es\u0151ben vagy k\u00f6dben is, amikor a megfigyelt helysz\u00edn h\u0151kontrasztja minim\u00e1lis.<\/span><\/p>\n<p class=\"text-center font-weight-bold\"><span data-darkreader-inline-color=\"\"><strong>Leg\u00fajabb k\u00e9pfeldolgoz\u00f3 algoritmusok<\/strong><\/span><\/p>\n<p class=\"text-center col-8\"><span data-darkreader-inline-color=\"\">A bels\u0151 f\u00f3kusz\u00e1l\u00f3 mechanizmussal ell\u00e1tott objekt\u00edv b\u00e1rmilyen t\u00e1vols\u00e1gb\u00f3l \u00e9les \u00e9s tiszta k\u00e9pet biztos\u00edt. Az ergonomikus f\u00f3kusz\u00e1l\u00f3 kerekek a jobb \u00e9s bal oldalon tal\u00e1lhat\u00f3k, \u00edgy a f\u00f3kusz\u00e1l\u00e1s a jobb- \u00e9s balkezes felhaszn\u00e1l\u00f3k sz\u00e1m\u00e1ra is egyszer\u0171.<\/span><\/p>\n<p class=\"text-center font-weight-bold\"><span data-darkreader-inline-color=\"\"><strong>K\u00e9t f\u00fcggetlen akkumul\u00e1tor. Ak\u00e1r 10 \u00f3ra folyamatos m\u0171k\u00f6d\u00e9s<\/strong><\/span><\/p>\n<p class=\"text-center col-9\"><span data-darkreader-inline-color=\"\">A Merger LRF h\u0151kamer\u00e1t k\u00e9t \u00fajrat\u00f6lthet\u0151 akkumul\u00e1tor t\u00e1pl\u00e1lja: az egyik be\u00e9p\u00edtett, 4 Ah kapacit\u00e1s\u00fa, a m\u00e1sik cser\u00e9lhet\u0151, 3,2 Ah kapacit\u00e1s\u00fa. Egy felt\u00f6lt\u00e9s ak\u00e1r 10 \u00f3r\u00e1s akkumul\u00e1tor-\u00fczemid\u0151t is garant\u00e1l. A cser\u00e9lhet\u0151 akkumul\u00e1tor test\u00e9n tal\u00e1lhat\u00f3, pontos pozicion\u00e1l\u00e1sra szolg\u00e1l\u00f3 dombor\u00edt\u00e1s lehet\u0151v\u00e9 teszi a lemer\u00fclt akkumul\u00e1tor gyors \u00e9s biztons\u00e1gos cser\u00e9j\u00e9t egy \u00fajjal teljes s\u00f6t\u00e9ts\u00e9gben.<\/span><\/p>\n<p class=\"text-center font-weight-bold\"><span data-darkreader-inline-color=\"\"><strong>Hossz\u00fa \u00e9rz\u00e9kel\u00e9si tartom\u00e1ny<\/strong><\/span><\/p>\n<p class=\"text-center col-8\"><span data-darkreader-inline-color=\"\">A nagy teljes\u00edtm\u00e9ny\u0171, nagy \u00e1tereszt\u0151k\u00e9pess\u00e9g\u0171 objekt\u00edv a nagy \u00e9rz\u00e9kenys\u00e9g\u0171 640\u00d7480@17\u00b5m-es h\u0151kamer\u00e1s \u00e9rz\u00e9kel\u0151vel kombin\u00e1lva kiv\u00e9teles \u00e9rz\u00e9kel\u00e9si k\u00e9pess\u00e9geket biztos\u00edt. Egy szabv\u00e1nyos 1,8 m magas objektumot ak\u00e1r a k\u00f6vetkez\u0151 t\u00e1vols\u00e1gig is fel lehet ismerni\u00a0<strong>1800 m<\/strong> teljes s\u00f6t\u00e9ts\u00e9gben.<\/span><\/p>\n<div class=\"row justify-content-between\">\n<h3 class=\"font-weight-bold\"><span data-darkreader-inline-color=\"\"><strong>V\u00e1ltoz\u00f3 nagy\u00edt\u00e1s 2.5-20x<\/strong><\/span><\/h3>\n<p><span data-darkreader-inline-color=\"\">Az ak\u00e1r 8x-os digit\u00e1lis zoom jobb f\u00f3kusz\u00e1l\u00e1st \u00e9s \u00f6sszess\u00e9g\u00e9ben jobb t\u00e1rgyfelismer\u00e9st tesz lehet\u0151v\u00e9 nagy t\u00e1vols\u00e1gokr\u00f3l. A zoom fokozatosan, 2x-es l\u00e9p\u00e9sekben vagy folyamatosan v\u00e1ltozik a val\u00f3ban optim\u00e1lis, az adott helyzethez igazod\u00f3 l\u00e1t\u00f3mez\u0151 \u00e9rdek\u00e9ben.<\/span><\/p>\n<h3 class=\"font-weight-bold\"><span data-darkreader-inline-color=\"\"><strong>Kiv\u00e1l\u00f3 min\u0151s\u00e9g\u0171, meger\u0151s\u00edtett magn\u00e9zium \u00f6tv\u00f6zetb\u0151l k\u00e9sz\u00fclt h\u00e1z<\/strong><\/span><\/h3>\n<p><span data-darkreader-inline-color=\"\">A Merger LRF-et folyamatos \u00e9s gyakran ig\u00e9nyes haszn\u00e1latra tervezt\u00e9k. A magn\u00e9zium\u00f6tv\u00f6zetb\u0151l k\u00e9sz\u00fclt test egyszerre k\u00f6nny\u0171 \u00e9s er\u0151s. A test megb\u00edzhat\u00f3an v\u00e9di a h\u0151kamera bels\u0151 alkatr\u00e9szeit az \u00fct\u00e9sekt\u0151l, a lees\u00e9st\u0151l, a nedvess\u00e9gt\u0151l, a h\u0151t\u0151l vagy a hidegt\u0151l. Ugyanakkor a f\u00e9mtest hat\u00e9konyan vezeti el az elektronik\u00e1b\u00f3l sz\u00e1rmaz\u00f3 h\u0151t, \u00e9s n\u00f6veli a m\u0171szer m\u0171k\u00f6d\u00e9s\u00e9nek stabilit\u00e1s\u00e1t a hossz\u00fa t\u00e1v\u00fa megfigyel\u00e9sek sor\u00e1n.<\/span><\/p>\n<h3 class=\"font-weight-bold\"><span data-darkreader-inline-color=\"\"><strong>Be\u00e9p\u00edtett f\u00e9nyk\u00e9p- \u00e9s videor\u00f6gz\u00edt\u0151<\/strong><\/span><\/h3>\n<p><span data-darkreader-inline-color=\"\">A Merger LRF h\u0151kamera be\u00e9p\u00edtett videor\u00f6gz\u00edt\u0151vel rendelkezik. T\u00f6bb \u00f3r\u00e1nyi videofelv\u00e9tel \u00e9s t\u00f6bb t\u00edzezer f\u00e9nyk\u00e9p t\u00e1rolhat\u00f3 a Merger LRF bels\u0151 mem\u00f3ri\u00e1j\u00e1ban. Egyetlen gombnyom\u00e1ssal lef\u00e9nyk\u00e9pezhet egy \u00e9rdekes jelenetet, vagy elind\u00edthatja a videofelv\u00e9telt. A felv\u00e9telek az USB-C porton kereszt\u00fcl a sz\u00e1m\u00edt\u00f3g\u00e9p merevlemez\u00e9re m\u00e1solhat\u00f3k. A Merger LRF tulajdonos\u00e1nak 16 GB szabad lemezter\u00fclet \u00e1ll rendelkez\u00e9s\u00e9re, hogy a k\u00e9sz\u00fcl\u00e9kkel k\u00e9sz\u00edtett f\u00e9nyk\u00e9peket \u00e9s vide\u00f3kat a Pulsar felh\u0151alap\u00fa t\u00e1rhely\u00e9n t\u00e1rolja. Egyszer\u0171en telep\u00edtse a Stream Vision 2 mobilalkalmaz\u00e1st, jelentkezzen be, \u00e9s csatlakoztassa a k\u00e9sz\u00fcl\u00e9ket okostelefonj\u00e1hoz WiFi-n kereszt\u00fcl.<\/p>\n<p><\/span><\/p>\n<\/div>\n<table dir=\"ltr\" border=\"1\" cellspacing=\"0\" cellpadding=\"0\" data-sheets-root=\"1\" data-sheets-baot=\"1\">\n<colgroup>\n<col width=\"375\" \/>\n<col width=\"437\" \/><\/colgroup>\n<tbody>\n<tr>\n<td>Nagy\u00edt\u00e1s:<\/td>\n<td>2,5 - 20x<\/td>\n<\/tr>\n<tr>\n<td>Digit\u00e1lis nagy\u00edt\u00e1s:<\/td>\n<td>8<\/td>\n<\/tr>\n<tr>\n<td>Mikrobolom\u00e9ter:<\/td>\n<td>640\u00d7480 px<\/td>\n<\/tr>\n<tr>\n<td>NETD:<\/td>\n<td>&lt;25mK<\/td>\n<\/tr>\n<tr>\n<td>Pixel m\u00e9ret:<\/td>\n<td>17 \u00b5m<\/td>\n<\/tr>\n<tr>\n<td>T\u00e1vols\u00e1gm\u00e9r\u00e9s:<\/td>\n<td>1000 m<\/td>\n<\/tr>\n<tr>\n<td>T\u00e1vm\u00e9r\u0151:<\/td>\n<td>l\u00e9zer, 905nm<\/td>\n<\/tr>\n<tr>\n<td>M\u00e9r\u00e9si pontoss\u00e1g:<\/td>\n<td>1 m<\/td>\n<\/tr>\n<tr>\n<td>Kijelz\u0151 t\u00edpusa: A kijelz\u0151 t\u00edpusa:<\/td>\n<td>AMOLED HD<\/td>\n<\/tr>\n<tr>\n<td>Kijelz\u0151 felbont\u00e1sa:<\/td>\n<td>1024\u00d7768<\/td>\n<\/tr>\n<tr>\n<td>K\u00e9pkocka sebess\u00e9g:<\/td>\n<td>50 Hz<\/td>\n<\/tr>\n<tr>\n<td>\u00c9rz\u00e9kel\u00e9si t\u00e1vols\u00e1g:<\/td>\n<td>1800m<\/td>\n<\/tr>\n<tr>\n<td>F\u00f3kuszt\u00e1vols\u00e1g:<\/td>\n<td>50 mm<\/td>\n<\/tr>\n<tr>\n<td>Objekt\u00edv param\u00e9terek:<\/td>\n<td>F50\/1.0<\/td>\n<\/tr>\n<tr>\n<td>Betekint\u00e9si sz\u00f6g:<\/td>\n<td>12.4\u00d79.3\u00b0<\/td>\n<\/tr>\n<tr>\n<td>L\u00e1t\u00f3mez\u0151 100 m\u00e9teren:<\/td>\n<td>21.8\u00d716.3 m<\/td>\n<\/tr>\n<tr>\n<td>Teljes\u00edtm\u00e9ny:<\/td>\n<td>3,0 - 4,2V, bels\u0151 4,0Ah, k\u00fcls\u0151 3,2Ah (Li-ion akkumul\u00e1torok) V<\/td>\n<\/tr>\n<tr>\n<td>K\u00fcls\u0151 t\u00e1pegys\u00e9g:<\/td>\n<td>5V (USB-C)<\/td>\n<\/tr>\n<tr>\n<td>VIDE\u00d3:<\/td>\n<td>Igen<\/td>\n<\/tr>\n<tr>\n<td>Mem\u00f3ria m\u00e9rete:<\/td>\n<td>16 Gb<\/td>\n<\/tr>\n<tr>\n<td>Vide\u00f3\/f\u00e9nyk\u00e9p form\u00e1tum:<\/td>\n<td>.mp4 \/.jpg<\/td>\n<\/tr>\n<tr>\n<td>Vide\u00f3\/Fot\u00f3 felbont\u00e1s:<\/td>\n<td>1024\u00d7768<\/td>\n<\/tr>\n<tr>\n<td>Anyag:<\/td>\n<td>Magn\u00e9zium \u00f6tv\u00f6zet<\/td>\n<\/tr>\n<tr>\n<td>V\u00edz\u00e1ll\u00f3s\u00e1g:<\/td>\n<td>IPX7<\/td>\n<\/tr>\n<tr>\n<td>\u00dczemi h\u0151m\u00e9rs\u00e9klet:<\/td>\n<td>-25 ... +50 \u00b0C<\/td>\n<\/tr>\n<tr>\n<td>Wi-Fi:<\/td>\n<td>2,4 \/ 5 GHz<\/td>\n<\/tr>\n<tr>\n<td>USB, t\u00edpus:<\/td>\n<td>USB-C<\/td>\n<\/tr>\n<tr>\n<td>M\u0171k\u00f6d\u00e9si id\u0151 ( t22\u00b0C-on):<\/td>\n<td>10 \u00f3ra.<\/td>\n<\/tr>\n<\/tbody>\n<\/table>\n<p><a href=\"https:\/\/www.pulsar-nv.com\/glo\/products\/33\/thermal-imaging-binoculars\/merger\/\">https:\/\/www.pulsar-nv.com\/glo\/products\/33\/thermal-imaging-binoculars\/merger\/<\/a><\/p>","protected":false},"excerpt":{"rendered":"<p class=\"text-center col-8\"><span data-darkreader-inline-color=\"\">A Merger LRF h\u0151t\u00e1vcs\u0151 a nappali t\u00e1vcs\u00f6vek klasszikus kialak\u00edt\u00e1s\u00e1val rendelkezik. Kis m\u00e9ret\u00fcknek k\u00f6sz\u00f6nhet\u0151en ezek a h\u0151t\u00e1vcs\u00f6vek k\u00e9nyelmesen elf\u00e9rnek a k\u00e9zben, ugyanakkor kellemes k\u00fclt\u00e9ri eszt\u00e9tik\u00e1t \u00e9s p\u00e9lda\u00e9rt\u00e9k\u0171 ergon\u00f3mi\u00e1t k\u00edn\u00e1lnak. Hat funkci\u00f3gomb tal\u00e1lhat\u00f3 a k\u00e9nyelmi hozz\u00e1f\u00e9r\u00e9si z\u00f3n\u00e1ban, \u00e9s a digit\u00e1lis m\u0171szer leggyakrabban haszn\u00e1lt funkci\u00f3i egyetlen \u00e9rint\u00e9ssel aktiv\u00e1lhat\u00f3k.<\/span><\/p>","protected":false},"featured_media":3075,"template":"","meta":{"_gspb_post_css":""},"product_brand":[317],"product_cat":[21,144,330],"product_tag":[359,172,342],"class_list":{"0":"post-2964","1":"product","2":"type-product","3":"status-publish","4":"has-post-thumbnail","6":"product_brand-pulsar","7":"product_cat-optika","8":"product_cat-termovizie","9":"product_cat-termovizne-binokulare","10":"product_tag-merger","11":"product_tag-pulsar","12":"product_tag-termovizny-binokular","14":"first","15":"instock","16":"sale","17":"taxable","18":"shipping-taxable","19":"purchasable","20":"product-type-simple"},"ct_brands":[{"id":317,"name":"Pulsar","slug":"pulzar"}],"_links":{"self":[{"href":"https:\/\/zbranebudai.sk\/hu\/wp-json\/wp\/v2\/product\/2964","targetHints":{"allow":["GET"]}}],"collection":[{"href":"https:\/\/zbranebudai.sk\/hu\/wp-json\/wp\/v2\/product"}],"about":[{"href":"https:\/\/zbranebudai.sk\/hu\/wp-json\/wp\/v2\/types\/product"}],"wp:featuredmedia":[{"embeddable":true,"href":"https:\/\/zbranebudai.sk\/hu\/wp-json\/wp\/v2\/media\/3075"}],"wp:attachment":[{"href":"https:\/\/zbranebudai.sk\/hu\/wp-json\/wp\/v2\/media?parent=2964"}],"wp:term":[{"taxonomy":"product_brand","embeddable":true,"href":"https:\/\/zbranebudai.sk\/hu\/wp-json\/wp\/v2\/product_brand?post=2964"},{"taxonomy":"product_cat","embeddable":true,"href":"https:\/\/zbranebudai.sk\/hu\/wp-json\/wp\/v2\/product_cat?post=2964"},{"taxonomy":"product_tag","embeddable":true,"href":"https:\/\/zbranebudai.sk\/hu\/wp-json\/wp\/v2\/product_tag?post=2964"}],"curies":[{"name":"wp","href":"https:\/\/api.w.org\/{rel}","templated":true}]}}