{"id":2931,"date":"2025-02-01T20:23:48","date_gmt":"2025-02-01T18:23:48","guid":{"rendered":"https:\/\/zbranebudai.sk\/?post_type=product&#038;p=2931"},"modified":"2025-08-31T03:57:31","modified_gmt":"2025-08-31T01:57:31","slug":"pulsar-krypton-2-xq35-hokamera-elotet-pulsar-krypton-2-xq35-hokamera-elotet","status":"publish","type":"product","link":"https:\/\/zbranebudai.sk\/hu\/product\/pulsar-krypton-2-xq35-hokamera-elotet\/","title":{"rendered":"Pulsar KRYPTON 2 XQ35 h\u0151kamer\u00e1s monokul\u00e1r"},"content":{"rendered":"<p class=\"section-4\">Sokoldal\u00fa modul\u00e1ris kialak\u00edt\u00e1sA Krypron 2 h\u0151kamer\u00e1t egy kompakt h\u0151kameramodul \u00e9s egy Pulsar 3x20B gyorskiold\u00e1s\u00fa monokul\u00e1r kombin\u00e1ci\u00f3ja alkotja, amely okul\u00e1rk\u00e9nt is haszn\u00e1lhat\u00f3. Egyetlen cser\u00e9vel a vad\u00e1sz egy h\u00e1romszoros nagy\u00edt\u00e1s\u00fa t\u00e1vcs\u00f6vet kap a term\u00e9szetes nappali megfigyel\u00e9shez \u00e9s egy monokul\u00e1ris nappali t\u00e1vcs\u00f6vekkel kompatibilis h\u0151kamer\u00e1s egys\u00e9get. A Krypron 2 h\u0151kamer\u00e1s modul egy speci\u00e1lis PSP-B adapterrel csatlakozik a nappali t\u00e1vcs\u0151h\u00f6z, \u00e9s a nappali t\u00e1vcs\u00f6vet h\u0151kamer\u00e1s eszk\u00f6zz\u00e9 alak\u00edtja \u00e1t. A gyorskiold\u00f3 adapternek k\u00f6sz\u00f6nhet\u0151en a Krypron 2 modul m\u00e1sodpercek alatt elt\u00e1vol\u00edthat\u00f3 a nappali t\u00e1vcs\u0151r\u0151l vagy a binokul\u00e1rr\u00f3l, \u00e9s \u00fajra felszerelhet\u0151, a pontos pozicion\u00e1l\u00f3 mechanizmusnak k\u00f6sz\u00f6nhet\u0151en pedig a h\u0151k\u00e9p a nappali t\u00e1vcs\u0151 l\u00e1t\u00f3mezej\u00e9ben k\u00f6z\u00e9pre \u00e1ll\u00edthat\u00f3.<\/p>\n<p>Tart\u00f3s magn\u00e9zium \u00f6tv\u00f6zetb\u0151l k\u00e9sz\u00fclt h\u00e1z<\/p>\n<p>A tart\u00f3s, k\u00f6nny\u0171 magn\u00e9zium\u00f6tv\u00f6zetb\u0151l k\u00e9sz\u00fclt h\u00e1z nagy szil\u00e1rds\u00e1g\u00fa, megv\u00e9di a Krypton 2-t az \u00fct\u00e9s- \u00e9s rezg\u00e9sterhel\u00e9sekt\u0151l, \u00e9s ellen\u00e1ll a k\u00fcls\u0151 mechanikai, h\u0151m\u00e9rs\u00e9kleti \u00e9s \u00e9ghajlati hat\u00e1soknak. A magn\u00e9zium\u00f6tv\u00f6zetb\u0151l k\u00e9sz\u00fclt h\u00e1z hat\u00e9konyan vezeti el a h\u0151kamera elektronikus alkatr\u00e9szeinek h\u0151j\u00e9t, n\u00f6velve a k\u00e9sz\u00fcl\u00e9k m\u0171k\u00f6d\u00e9si stabilit\u00e1s\u00e1t.<\/p>\n<p class=\"text-center font-weight-bold p-headline\">Ak\u00e1r 11 \u00f3r\u00e1s m\u0171k\u00f6d\u00e9s egyetlen akkumul\u00e1tort\u00f6lt\u00e9ssel<\/p>\n<p class=\"text-center font-weight-bold p-headline\">Kompakt \u00e9s kiegyens\u00falyozott<\/p>\n<p>Vad\u00e1szat k\u00f6zben minden egyes plusz gramm felszerel\u00e9s sz\u00e1m\u00edt. A Krypton 2 k\u00f6nnyen \u00e9s k\u00e9nyelmesen haszn\u00e1lhat\u00f3. R\u00f6vid hossz\u00e1nak, k\u00f6nny\u0171 kialak\u00edt\u00e1s\u00e1nak \u00e9s egyenletes s\u00falyeloszl\u00e1s\u00e1nak k\u00f6sz\u00f6nhet\u0151en a Krypton 2 minim\u00e1lisan befoly\u00e1solja az egyens\u00falyt, ha egy c\u00e9lt\u00e1vcs\u0151 vagy t\u00e1vcs\u0151 objekt\u00edvj\u00e9re szerelik, mik\u00f6zben a Krypton 2 kezel\u0151szervei k\u00f6nnyen el\u00e9rhet\u0151k.<\/p>\n<p>PSP-B gyorskiold\u00e1s\u00fa bajonettadapterek prec\u00edzi\u00f3s k\u00e9perny\u0151poz\u00edcion\u00e1l\u00f3 mechanizmussal<\/p>\n<p>A h\u0151kamer\u00e1s el\u00fcls\u0151 c\u00e9lz\u00f3t egy n\u00e9gypontos bajonettel ell\u00e1tott adapter seg\u00edts\u00e9g\u00e9vel szerelik fel a c\u00e9lz\u00f3t\u00e1bl\u00e1ra. A bajonettes csatlakoz\u00e1s rendk\u00edv\u00fcl megb\u00edzhat\u00f3, gyors \u00e9s k\u00f6nnyen kezelhet\u0151 a s\u00f6t\u00e9tben. Az egyik adapterr\u0151l levehet\u0151, a m\u00e1sikra pedig speci\u00e1lis szersz\u00e1mok n\u00e9lk\u00fcl felszerelhet\u0151 az el\u00fcls\u0151 ir\u00e1nyz\u00e9k, \u00edgy gyorsan \u00e9s egyszer\u0171en \u00e1talak\u00edthatja k\u00fcl\u00f6nb\u00f6z\u0151 vad\u00e1szc\u00e9lzatait h\u0151kamer\u00e1s c\u00e9lz\u00f3k\u00e9sz\u00fcl\u00e9kk\u00e9. A prec\u00edzi\u00f3s k\u00e9perny\u0151 poz\u00edcion\u00e1l\u00f3 mechanizmusa lehet\u0151v\u00e9 teszi, hogy az el\u0151retolt h\u0151k\u00e9p t\u00f6k\u00e9letesen igazodjon a nappali c\u00e9lkereszt optik\u00e1j\u00e1nak l\u00e1t\u00f3mezej\u00e9ben a maxim\u00e1lis l\u00e1t\u00e1si k\u00e9nyelem \u00e9rdek\u00e9ben.<\/p>\n<p class=\"text-center font-weight-bold p-headline\">Stream Vision 2. Wi-Fi integr\u00e1ci\u00f3 iOS \u00e9s Android eszk\u00f6z\u00f6kkel<\/p>\n<p>A be\u00e9p\u00edtett Wi-Fi \u00f6sszek\u00f6ti a Krypton 2-t az Android \u00e9s iOS okostelefonokkal a Stream Vision 2 mobilalkalmaz\u00e1son kereszt\u00fcl. Ez a lehet\u0151s\u00e9gek sz\u00e9les sk\u00e1l\u00e1j\u00e1t nyitja meg, bele\u00e9rtve a k\u00e9sz\u00fcl\u00e9k szoftver\u00e9nek vezet\u00e9k n\u00e9lk\u00fcli friss\u00edt\u00e9s\u00e9t, a k\u00e9pek val\u00f3s idej\u0171 \u00e1tvitel\u00e9t a k\u00e9sz\u00fcl\u00e9kr\u0151l az okostelefon k\u00e9perny\u0151j\u00e9re, a k\u00e9sz\u00fcl\u00e9k \u00e1ltal k\u00e9sz\u00edtett f\u00e9nyk\u00e9pek \u00e9s vide\u00f3k k\u00f6zz\u00e9t\u00e9tel\u00e9t a k\u00f6z\u00f6ss\u00e9gi h\u00e1l\u00f3zatokon vagy azok \u00fczenetk\u00fcld\u0151kre t\u00f6rt\u00e9n\u0151 \u00e1tvitel\u00e9t, a digit\u00e1lis eszk\u00f6z funkci\u00f3inak t\u00e1vvez\u00e9rl\u00e9s\u00e9t, valamint a Pulsar legfrissebb h\u00edreinek el\u00e9r\u00e9s\u00e9t. Ezen fel\u00fcl a regisztr\u00e1lt felhaszn\u00e1l\u00f3k 16 GB felh\u0151alap\u00fa t\u00e1rhelyet kapnak a k\u00e9sz\u00fcl\u00e9kkel k\u00e9sz\u00edtett f\u00e9nyk\u00e9pekhez \u00e9s vide\u00f3khoz.<\/p>\n<p>Felhaszn\u00e1l\u00f3i \u00fczemm\u00f3d<\/p>\n<p>A felhaszn\u00e1l\u00f3 az el\u0151be\u00e1ll\u00edt\u00e1sok mem\u00f3ri\u00e1j\u00e1ban a saj\u00e1t preferenci\u00e1inak megfelel\u0151en el\u0151re be\u00e1ll\u00edthatja \u00e9s t\u00e1rolhatja a fontos kijelz\u0151param\u00e9tereket, p\u00e9ld\u00e1ul a kontrasztot, a f\u00e9nyer\u0151t, az \u00e9rz\u00e9kenys\u00e9gi szintet.<\/p>\n<p class=\"font-weight-bold\">Full HD t\u00f6bbsz\u00edn\u0171 AMOLED kijelz\u0151<\/p>\n<p>Az \u00faj, teljes sz\u00edn\u0171 FHD AMOLED kijelz\u0151 nagy kontraszttal, sz\u00e9les dinamikatartom\u00e1nnyal \u00e9s energiatakar\u00e9koss\u00e1ggal rendelkezik. A gyors v\u00e1laszid\u0151 biztos\u00edtja a tiszta \u00e9s egyenletes k\u00e9pet mozg\u00e1s k\u00f6zben vagy fagyos k\u00f6r\u00fclm\u00e9nyek k\u00f6z\u00f6tt t\u00f6rt\u00e9n\u0151 megtekint\u00e9skor.<\/p>\n<p class=\"font-weight-bold\">H\u00e1rom \u00e9rz\u00e9kenys\u00e9gi szint<\/p>\n<p>A Pulsar h\u0151kamer\u00e1k \u00faj megk\u00f6zel\u00edt\u00e9st alkalmaznak a k\u00e9p optimaliz\u00e1l\u00e1s\u00e1ra a megfigyel\u00e9s c\u00e9lj\u00e1t\u00f3l \u00e9s k\u00f6r\u00fclm\u00e9nyeit\u0151l f\u00fcgg\u0151en, \u00edgy a c\u00e9lobjektumok \u00e9s a h\u00e1tt\u00e9r kiv\u00e1l\u00f3 min\u0151s\u00e9g\u0171 megjelen\u00edt\u00e9s\u00e9t biztos\u00edtj\u00e1k. A jeler\u0151s\u00edt\u00e9s h\u00e1rom szintje, valamint a mell\u00e9kelt sim\u00edt\u00f3sz\u0171r\u0151 \u00e9s a f\u00e9nyer\u0151 \u00e9s a kontraszt finom be\u00e1ll\u00edt\u00e1sa nagyszer\u0171 lehet\u0151s\u00e9geket biztos\u00edt a vad\u00e1sz sz\u00e1m\u00e1ra, hogy k\u00fcl\u00f6nb\u00f6z\u0151 id\u0151j\u00e1r\u00e1si \u00e9s h\u0151m\u00e9rs\u00e9kleti k\u00f6r\u00fclm\u00e9nyek k\u00f6z\u00f6tt, t\u00e1volr\u00f3l is \u00e9szlelhesse az \u00e1llatokat, \u00e9s meghat\u00e1rozhassa azok jellemz\u0151it.<\/p>\n<p class=\"font-weight-bold\">F50\/1.0 nagy f\u00e9ny\u00e1tereszt\u0151 k\u00e9pess\u00e9g\u0171 objekt\u00edv<\/p>\n<p>A Germanium F35\/1,0 objekt\u00edvre jellemz\u0151 a nagy \u00e1tereszt\u0151k\u00e9pess\u00e9g az LWIR tartom\u00e1nyban. A lencse optikai elemeinek nagy pontoss\u00e1g\u00fa gy\u00e1rt\u00e1s\u00e1nak k\u00f6sz\u00f6nhet\u0151en a Pulsar h\u0151kamera \u00e9rz\u00e9kel\u0151je \u00e1ltal gener\u00e1lt k\u00e9pet a tisztas\u00e1g \u00e9s a r\u00e9szletgazdags\u00e1g jellemzi.<\/p>\n<p class=\"font-weight-bold\">Ergonomikus Bluetooth t\u00e1vir\u00e1ny\u00edt\u00f3<\/p>\n<p>A Pulsar BT Bluetooth vezet\u00e9k n\u00e9lk\u00fcli t\u00e1vir\u00e1ny\u00edt\u00f3 teljesen lem\u00e1solja a hagyom\u00e1nyos gombokat. A t\u00e1vir\u00e1ny\u00edt\u00f3 kiv\u00e1l\u00f3 ergon\u00f3mi\u00e1val rendelkezik - a gombok a legink\u00e1bb k\u00edv\u00e1nt funkci\u00f3kat aktiv\u00e1lj\u00e1k, m\u00edg a finombe\u00e1ll\u00edt\u00e1shoz \u00e9s a men\u00fc mozgat\u00e1s\u00e1hoz sz\u00fcks\u00e9ges k\u00e9sz\u00fcl\u00e9kparam\u00e9tereket a k\u00f3dol\u00f3 elforgat\u00e1s\u00e1val vagy megnyom\u00e1s\u00e1val biztos\u00edtja. A gombok \u00e9s a k\u00f3dol\u00f3 kialak\u00edt\u00e1sa, m\u00e9rete \u00e9s elhelyez\u00e9se a puszta k\u00e9zzel \u00e9s keszty\u0171vel t\u00f6rt\u00e9n\u0151 haszn\u00e1lathoz egyar\u00e1nt igazodik.<\/p>\n<p class=\"font-weight-bold\">Testreszabhat\u00f3 felhaszn\u00e1l\u00f3i fel\u00fclet<\/p>\n<p>A Pulsar h\u0151kamer\u00e1s tartoz\u00e9kok \u00fajdons\u00e1ga a grafikus felhaszn\u00e1l\u00f3i fel\u00fclet m\u00f3dos\u00edt\u00e1sa. A m\u0171szer men\u00fcj\u00e9nek \u00e9s \u00e1llapotsor\u00e1nak poz\u00edci\u00f3i a felhaszn\u00e1l\u00f3 sz\u00e1m\u00e1ra sk\u00e1l\u00e1z\u00f3dnak a nappali t\u00e1vcs\u0151 nagy\u00edt\u00e1s\u00e1nak v\u00e1ltoztat\u00e1sakor, \u00edgy jelent\u0151s nagy\u00edt\u00e1si tartom\u00e1nyban is megjelen\u00edthet\u0151k a b\u0151v\u00edt\u0151 \u00e1llapot\u00e1ra vonatkoz\u00f3 aktu\u00e1lis inform\u00e1ci\u00f3k, \u00e9s a men\u00fcvel is lehet dolgozni.<\/p>\n<p class=\"font-weight-bold\">Be\u00e9p\u00edtett f\u00e9nyk\u00e9p- \u00e9s videor\u00f6gz\u00edt\u0151<\/p>\n<p>A Krypton h\u0151kamera be\u00e9p\u00edtett videor\u00f6gz\u00edt\u0151vel rendelkezik. A k\u00e9sz\u00fcl\u00e9k bels\u0151 mem\u00f3ri\u00e1j\u00e1ban t\u00f6bb \u00f3r\u00e1nyi videofelv\u00e9tel \u00e9s t\u00f6bb t\u00edzezer f\u00e9nyk\u00e9p t\u00e1rolhat\u00f3. Egyetlen gombnyom\u00e1s elegend\u0151 ahhoz, hogy egy \u00e9rdekes jelenetr\u0151l f\u00e9nyk\u00e9pet k\u00e9sz\u00edtsen, vagy elind\u00edtsa a videofelv\u00e9telt. A felv\u00e9telek az USB-C porton kereszt\u00fcl m\u00e1solhat\u00f3k a sz\u00e1m\u00edt\u00f3g\u00e9p merevlemez\u00e9re. A Krypton tulajdonos\u00e1nak 16 GB szabad lemezter\u00fclet \u00e1ll rendelkez\u00e9s\u00e9re, hogy a k\u00e9sz\u00fcl\u00e9kkel k\u00e9sz\u00edtett f\u00e9nyk\u00e9peket \u00e9s vide\u00f3kat a Pulsar felh\u0151 t\u00e1rhely\u00e9n t\u00e1rolja. Egyszer\u0171en telep\u00edtse a Stream Vision 2 mobilalkalmaz\u00e1st, jelentkezzen be, \u00e9s csatlakoztassa a k\u00e9sz\u00fcl\u00e9ket okostelefonj\u00e1hoz WiFi-n kereszt\u00fcl.<\/p>\n<p class=\"font-weight-bold\">Tov\u00e1bbfejlesztett Wi-Fi kapcsolat a 2,4\/5 GHz-es s\u00e1v t\u00e1mogat\u00e1s\u00e1val<\/p>\n<p>A Pulsar h\u0151kamer\u00e1k eset\u00e9ben az okostelefonok 2,4 GHz-es WiFi csatorn\u00e1n kereszt\u00fcli csatlakoztathat\u00f3s\u00e1g\u00e1nak szabv\u00e1nyos frekvenciatartom\u00e1nya kieg\u00e9sz\u00fcl egy hat\u00e9kony 5GHz-es frekvenciatartom\u00e1nnyal. Az 5 GHz-es s\u00e1v\u00fa kapcsolat jobb s\u00e1vsz\u00e9less\u00e9get, gyorsabb adat\u00e1tvitelt, zajmentess\u00e9get \u00e9s jobb kapcsolati stabilit\u00e1st k\u00edn\u00e1l, ami a h\u0151kamer\u00e1k okostelefonon kereszt\u00fcl t\u00f6rt\u00e9n\u0151 produkt\u00edvabb \u00e9s egyszer\u0171bb m\u0171k\u00f6dtet\u00e9s\u00e9t eredm\u00e9nyezi.<\/p>\n<p class=\"font-weight-bold\">8 sz\u00ednpaletta k\u00f6z\u00fcl v\u00e1laszthat\u00f3<\/p>\n<p>A 8 sz\u00ednpaletta k\u00f6z\u00fcl v\u00e1laszthat a felhaszn\u00e1l\u00f3 a hat\u00e9konyabb megfigyel\u00e9st, lehet\u0151v\u00e9 t\u00e9ve a m\u0171szer optimaliz\u00e1l\u00e1s\u00e1t az adott feladatokhoz \u00e9s a v\u00e1ltoz\u00f3 megfigyel\u00e9si k\u00f6r\u00fclm\u00e9nyekre val\u00f3 reag\u00e1l\u00e1st. A meleg feh\u00e9r, a meleg fekete \u00e9s a meleg v\u00f6r\u00f6s optim\u00e1lis a t\u00e1rgyak \u00e9szlel\u00e9s\u00e9hez, m\u00edg az iriz\u00e1l\u00f3 \u00e9s az ultramarin sz\u00edn seg\u00edt n\u00f6velni a felismer\u00e9s \u00e9s az azonos\u00edt\u00e1s es\u00e9lyeit. A v\u00f6r\u00f6s monokromatikus, a szepia \u00e9s az ibolya a legmegfelel\u0151bb a hossz\u00fa \u00e9jszakai megfigyel\u00e9sekhez.<\/p>\n<div class=\"block col-lg-4 col-md-6\">V\u00edz\u00e1ll\u00f3 IPX7A v\u00edz\u00e1ll\u00f3 IPX7 biztos\u00edtja a v\u00e9delmet az er\u0151s es\u0151, h\u00f3 vagy m\u00e1s csapad\u00e9k ellen. A k\u00e9sz\u00fcl\u00e9ket \u00fagy tervezt\u00e9k, hogy hib\u00e1tlanul m\u0171k\u00f6dj\u00f6n m\u00e9g akkor is, ha ak\u00e1r 1 m\u00e9ter m\u00e9ly v\u00edzbe mer\u00fcl 30 percre.<\/p>\n<p><strong>M\u0171szaki param\u00e9terek<\/strong><\/p>\n<div class=\"parameters-table\">\n<div class=\"scroll-wrapper\">\n<table class=\"parametry table table-striped\" style=\"height: 818px;\" width=\"1299\" cellspacing=\"0\" cellpadding=\"2\">\n<tbody>\n<tr class=\"odd\">\n<th scope=\"row\"><abbr title=\"T\u00e1vcs\u0151 nagy\u00edt\u00e1s  \">Nagy\u00edt\u00e1s<\/abbr>\u00a0:<\/th>\n<td>el\u0151re be\u00e1ll\u00edtott 1x, monokul\u00e1rral 3x<\/td>\n<\/tr>\n<tr class=\"even\">\n<th scope=\"row\">Kompatibilis retikula nagy\u00edt\u00e1s:<\/th>\n<td>2x - 6x<\/td>\n<\/tr>\n<tr class=\"odd\">\n<th scope=\"row\">Mikrobolom\u00e9ter:<\/th>\n<td>384x288px<\/td>\n<\/tr>\n<tr class=\"even\">\n<th scope=\"row\"><abbr title=\"Az \u00e9rz\u00e9kel\u0151 azon k\u00e9pess\u00e9ge, hogy a lehet\u0151 legkisebb h\u0151m\u00e9rs\u00e9klet-k\u00fcl\u00f6nbs\u00e9ggel k\u00e9pes megk\u00fcl\u00f6nb\u00f6ztetni k\u00e9t k\u00f6zeli pontot.\">NETD<\/abbr>\u00a0:<\/th>\n<td>&lt; 25mK<\/td>\n<\/tr>\n<tr class=\"odd\">\n<th scope=\"row\">Pixeloszt\u00e1s:<\/th>\n<td>17 \u00b5m<\/td>\n<\/tr>\n<tr class=\"even\">\n<th scope=\"row\">Kijelz\u0151 felbont\u00e1sa:<\/th>\n<td>1920\u00d71080 px<\/td>\n<\/tr>\n<tr class=\"odd\">\n<th scope=\"row\">K\u00e9pkocka sebess\u00e9g:<\/th>\n<td>50 Hz<\/td>\n<\/tr>\n<tr class=\"even\">\n<th scope=\"row\">Kijelz\u0151 t\u00edpusa: A kijelz\u0151 t\u00edpusa:<\/th>\n<td>AMOLED HD<\/td>\n<\/tr>\n<tr class=\"odd\">\n<th scope=\"row\">\u00c9rz\u00e9kel\u00e9si t\u00e1vols\u00e1g:<\/th>\n<td>1300m<\/td>\n<\/tr>\n<tr class=\"even\">\n<th scope=\"row\">F\u00f3kuszt\u00e1vols\u00e1g:<\/th>\n<td>35 mm<\/td>\n<\/tr>\n<tr class=\"odd\">\n<th scope=\"row\">Objekt\u00edv param\u00e9terek:<\/th>\n<td>F35\/1.0<\/td>\n<\/tr>\n<tr class=\"even\">\n<th scope=\"row\">Betekint\u00e9si sz\u00f6g:<\/th>\n<td>18.7\u00d714\u00b0<\/td>\n<\/tr>\n<tr class=\"odd\">\n<th scope=\"row\">L\u00e1t\u00f3mez\u0151 100 m\u00e9teren:<\/th>\n<td>10,7x8 m<\/td>\n<\/tr>\n<tr class=\"even\">\n<th scope=\"row\">T\u00e1pegys\u00e9g:<\/th>\n<td>3.0 - 4.2V, (Li-ion akkumul\u00e1tor IPS7, 6400mAh) V<\/td>\n<\/tr>\n<tr class=\"odd\">\n<th scope=\"row\">K\u00fcls\u0151 t\u00e1pegys\u00e9g:<\/th>\n<td>5V, 9V (USB-C)<\/td>\n<\/tr>\n<tr class=\"even\">\n<th scope=\"row\">VIDE\u00d3:<\/th>\n<td>Igen<\/td>\n<\/tr>\n<tr class=\"odd\">\n<th scope=\"row\">Mem\u00f3ria m\u00e9rete:<\/th>\n<td>16 Gb<\/td>\n<\/tr>\n<tr class=\"even\">\n<th scope=\"row\">Vide\u00f3\/f\u00e9nyk\u00e9p form\u00e1tum:<\/th>\n<td>.mp4 \/.jpg<\/td>\n<\/tr>\n<tr class=\"odd\">\n<th scope=\"row\">Vide\u00f3\/f\u00e9nyk\u00e9p felbont\u00e1s:<\/th>\n<td>1024\u00d7768<\/td>\n<\/tr>\n<tr class=\"even\">\n<th scope=\"row\">Visszar\u00fag\u00e1ssal szembeni ellen\u00e1ll\u00e1s:<\/th>\n<td>6000 J<\/td>\n<\/tr>\n<tr class=\"odd\">\n<th scope=\"row\">Anyag:<\/th>\n<td>Magn\u00e9zium \u00f6tv\u00f6zet<\/td>\n<\/tr>\n<tr class=\"even\">\n<th scope=\"row\">V\u00edz\u00e1ll\u00f3s\u00e1g:<\/th>\n<td>IPX7<\/td>\n<\/tr>\n<tr class=\"odd\">\n<th scope=\"row\">\u00dczemi h\u0151m\u00e9rs\u00e9klet:<\/th>\n<td>-25 ... +50 \u00b0C<\/td>\n<\/tr>\n<tr class=\"even\">\n<th scope=\"row\">Wi-Fi:<\/th>\n<td>2,4\/5 GHz<\/td>\n<\/tr>\n<tr class=\"odd\">\n<th scope=\"row\">USB, t\u00edpus:<\/th>\n<td>USB-C<\/td>\n<\/tr>\n<tr class=\"even\">\n<th scope=\"row\">T\u00e1vir\u00e1ny\u00edt\u00f3:<\/th>\n<td>Bluetooth (BLE 4.2, IEEE 802.15.1, 2,4 GHz)<\/td>\n<\/tr>\n<tr class=\"odd\">\n<th scope=\"row\">M\u0171k\u00f6d\u00e9si id\u0151 (t22\u00b0C-on):<\/th>\n<td>11 \u00f3ra.<\/td>\n<\/tr>\n<tr class=\"even\">\n<th scope=\"row\">M\u00e9retek:<\/th>\n<td>201x73x83 (monokul\u00e1ris Pulsar 3x20B monokul\u00e1rral) mm<\/td>\n<\/tr>\n<tr class=\"odd\">\n<th scope=\"row\">S\u00faly:<\/th>\n<td>0,4 (akkumul\u00e1tor n\u00e9lk\u00fcl) \/ 0,54 (akkumul\u00e1torral)<\/td>\n<\/tr>\n<\/tbody>\n<\/table>\n<\/div>\n<\/div>\n<\/div>\n<p>https:\/\/www.pulsar-nv.com\/glo\/products\/33\/thermal-imaging-monoculars\/krypton2-thermal-monocular\/<\/p>","protected":false},"excerpt":{"rendered":"<p>Kompakt h\u0151kamer\u00e1s el\u00fcls\u0151 l\u00e1tcs\u0151, amely egy nappali puskat\u00e1vcs\u00f6vet k\u00f6nnyen \u00e1talak\u00edt h\u0151t\u00e1vcs\u0151v\u00e9 vagy k\u00e9zi monokul\u00e1rr\u00e1 3x-os nagy\u00edt\u00e1ssal. F35\/1,0 objekt\u00edv, 384x288px felbont\u00e1s, NETD &lt; 25mK.<\/p>","protected":false},"featured_media":3045,"template":"","meta":{"_gspb_post_css":""},"product_brand":[317],"product_cat":[21,144,327],"product_tag":[357,172,337],"class_list":{"0":"post-2931","1":"product","2":"type-product","3":"status-publish","4":"has-post-thumbnail","6":"product_brand-pulsar","7":"product_cat-optika","8":"product_cat-termovizie","9":"product_cat-termovizne-monokulary","10":"product_tag-krypton","11":"product_tag-pulsar","12":"product_tag-termovizny-monokular","14":"first","15":"instock","16":"taxable","17":"shipping-taxable","18":"purchasable","19":"product-type-simple"},"ct_brands":[{"id":317,"name":"Pulsar","slug":"pulzar"}],"_links":{"self":[{"href":"https:\/\/zbranebudai.sk\/hu\/wp-json\/wp\/v2\/product\/2931","targetHints":{"allow":["GET"]}}],"collection":[{"href":"https:\/\/zbranebudai.sk\/hu\/wp-json\/wp\/v2\/product"}],"about":[{"href":"https:\/\/zbranebudai.sk\/hu\/wp-json\/wp\/v2\/types\/product"}],"wp:featuredmedia":[{"embeddable":true,"href":"https:\/\/zbranebudai.sk\/hu\/wp-json\/wp\/v2\/media\/3045"}],"wp:attachment":[{"href":"https:\/\/zbranebudai.sk\/hu\/wp-json\/wp\/v2\/media?parent=2931"}],"wp:term":[{"taxonomy":"product_brand","embeddable":true,"href":"https:\/\/zbranebudai.sk\/hu\/wp-json\/wp\/v2\/product_brand?post=2931"},{"taxonomy":"product_cat","embeddable":true,"href":"https:\/\/zbranebudai.sk\/hu\/wp-json\/wp\/v2\/product_cat?post=2931"},{"taxonomy":"product_tag","embeddable":true,"href":"https:\/\/zbranebudai.sk\/hu\/wp-json\/wp\/v2\/product_tag?post=2931"}],"curies":[{"name":"wp","href":"https:\/\/api.w.org\/{rel}","templated":true}]}}