{"id":2930,"date":"2025-02-01T20:23:48","date_gmt":"2025-02-01T18:23:48","guid":{"rendered":"https:\/\/zbranebudai.sk\/?post_type=product&#038;p=2930"},"modified":"2025-08-31T03:57:31","modified_gmt":"2025-08-31T01:57:31","slug":"pulsar-forward-f455s-ejjellato-elotet","status":"publish","type":"product","link":"https:\/\/zbranebudai.sk\/hu\/product\/pulsar-forward-f455s-ejjellato-elotet\/","title":{"rendered":"Pulsar FORWARD F455S \u00e9jjell\u00e1t\u00f3 el\u0151be\u00e1ll\u00edt\u00e1sa"},"content":{"rendered":"<p><strong>Pulsar Forward F455S digit\u00e1lis el\u0151fesz\u00edt\u00e9s<\/strong><\/p>\n<p>- \u00daj, nagy \u00e9rz\u00e9kenys\u00e9g\u0171 CMOS \u00e9rz\u00e9kel\u0151 1280\u00d7720 HD felbont\u00e1ssal<br \/>\n- Nagy felbont\u00e1s\u00fa k\u00e9p pontos r\u00e9szletess\u00e9g\u0171 reprodukci\u00f3val<br \/>\n- Tart\u00f3s \u00e9s k\u00f6nny\u0171 magn\u00e9zium\u00f6tv\u00f6zetb\u0151l k\u00e9sz\u00fclt testet \u00fagy tervezt\u00e9k, hogy ellen\u00e1lljon a visszar\u00fag\u00e1snak<br \/>\n- \u00c9jszakai l\u00e1t\u00f3t\u00e1vols\u00e1g t\u00f6bb mint 500 m<br \/>\n- A magn\u00e9zium\u00f6tv\u00f6zetb\u0151l k\u00e9sz\u00fclt k\u00e9sz\u00fcl\u00e9k \u00fct\u00e9s\u00e1ll\u00f3 kialak\u00edt\u00e1sa<br \/>\n- Be\u00e9p\u00edtett vide\u00f3- \u00e9s hangr\u00f6gz\u00edt\u0151<br \/>\n- Nagy teljes\u00edtm\u00e9ny\u0171, nagy hat\u00f3t\u00e1vols\u00e1g\u00fa 940 nm-es IR megvil\u00e1g\u00edt\u00e1s<br \/>\n- A SumLight funkci\u00f3 n\u00f6veli az \u00e9rz\u00e9kel\u0151 \u00e9rz\u00e9kenys\u00e9g\u00e9t, lehet\u0151v\u00e9 t\u00e9ve a passz\u00edv megfigyel\u00e9st.<br \/>\n- T\u00e1vvez\u00e9rl\u00e9s \u00e9s \u00e9l\u0151 k\u00f6zvet\u00edt\u00e9s Wifi-n \u00e9s okostelefonos alkalmaz\u00e1son kereszt\u00fcl<\/p>\n<p>A Pulsar Forward F455 S digit\u00e1lis el\u0151retekint\u0151 szabadalmaztatott szoftver, a legkorszer\u0171bb elektronikus alkatr\u00e9szek \u00e9s jelfeldolgoz\u00f3 algoritmusok seg\u00edts\u00e9g\u00e9vel az egyik legmagasabb \u00e9rz\u00e9kenys\u00e9gi \u00e9rt\u00e9ket biztos\u00edtja az \u00e9jjell\u00e1t\u00f3 iparban. Az eredm\u00e9ny egy olyan eszk\u00f6z, amely passz\u00edv \u00fczemm\u00f3dban t\u00f6k\u00e9letes m\u0171k\u00f6d\u00e9st biztos\u00edt m\u00e9ly sz\u00fcrk\u00fcletben \u00e9s \u00e9jszaka bekapcsolt IR-vil\u00e1g\u00edt\u00e1s n\u00e9lk\u00fcl. A 900-950 nm-es tartom\u00e1nyban a nagy \u00e9rz\u00e9kenys\u00e9g lehet\u0151v\u00e9 teszi, hogy a Pulsar Forward F455S l\u00e1thatatlan IR-vil\u00e1g\u00edt\u00f3kkal is haszn\u00e1lhat\u00f3 legyen. Nagy \u00e9jszakai \u00e9rz\u00e9kenys\u00e9g, nagy felbont\u00e1s\u00fa kijelz\u0151 \u00e9s \u00e9rz\u00e9kel\u0151, sz\u00e9les k\u00f6r\u0171 f\u00e9nyer\u0151- \u00e9s kontrasztbe\u00e1ll\u00edt\u00e1s. A min\u0151s\u00e9gi optika \u00e9s a teljes s\u00f6t\u00e9ts\u00e9gben t\u00f6rt\u00e9n\u0151 munkav\u00e9gz\u00e9shez sz\u00fcks\u00e9ges nagy teljes\u00edtm\u00e9ny\u0171 be\u00e9p\u00edtett IR-vil\u00e1g\u00edt\u00f3test teszi a Pulsar Forward F455S-t ide\u00e1lis eszk\u00f6zz\u00e9 a 450-500 m\u00e9teres t\u00e1vols\u00e1gban l\u00e9v\u0151 c\u00e9lpontok felder\u00edt\u00e9s\u00e9hez.<\/p>\n<p>A Pulsar Forward FN455S adaptert k\u00fcl\u00f6nb\u00f6z\u0151 r\u00f6gz\u00edt\u00e9si m\u00e9retekkel rendelkez\u0151 adapterek seg\u00edts\u00e9g\u00e9vel lehet felszerelni a c\u00e9lt\u00e1vcs\u0151 els\u0151 lencs\u00e9j\u00e9re. Az adapter a t\u00e1vcs\u0151re r\u00f6gz\u00edthet\u0151. Ez lehet\u0151v\u00e9 teszi a Pulsar Forward F455S gyors felszerel\u00e9s\u00e9t a c\u00e9lt\u00e1vcs\u0151 el\u00e9. Amikor a k\u00e9sz\u00fcl\u00e9k nincs haszn\u00e1latban, az adapter egy v\u00e9d\u0151burkolattal rendelkezik, amely napk\u00f6zben v\u00e9di a lencs\u00e9t. Az \u00faj, cser\u00e9lhet\u0151 Pulsar Ultra-X940S infrav\u00f6r\u00f6s sug\u00e1rz\u00f3 940 nm-en sug\u00e1roz a \"l\u00e1thatatlan\" tartom\u00e1nyban. Az infrav\u00f6r\u00f6s megvil\u00e1g\u00edt\u00e1si teljes\u00edtm\u00e9ny 175, 350 \u00e9s 700 mW k\u00f6z\u00f6tt v\u00e1ltozik, att\u00f3l f\u00fcgg\u0151en, hogy a megfigyel\u00e9s t\u00edpus\u00e1hoz milyen megvil\u00e1g\u00edt\u00e1sra van sz\u00fcks\u00e9g. A megvil\u00e1g\u00edt\u00f3 optikai r\u00e9sze rugalmasan \u00e1ll\u00edthat\u00f3 a f\u00e9nysug\u00e1r ir\u00e1nya a megfigyel\u00e9si ter\u00fclet teljes \u00e9s egyenletes megvil\u00e1g\u00edt\u00e1sa \u00e9rdek\u00e9ben.<\/p>\n<p>A be\u00e9p\u00edtett WiFi modul a Stream Vision 2 mobilalkalmaz\u00e1s seg\u00edts\u00e9g\u00e9vel csatlakoztatja a k\u00e9sz\u00fcl\u00e9ket Android vagy iOS okostelefonokhoz. Ez a kombin\u00e1ci\u00f3 sz\u00e1mos lehet\u0151s\u00e9get nyit meg: szoftverfriss\u00edt\u00e9s a vezet\u00e9k n\u00e9lk\u00fcli eszk\u00f6z\u00f6kh\u00f6z, val\u00f3s idej\u0171 k\u00e9p\u00e1tvitel a mobileszk\u00f6z k\u00e9perny\u0151j\u00e9re, digit\u00e1lis t\u00e1vvez\u00e9rl\u00e9si funkci\u00f3 \u00e9s m\u00e9g sok m\u00e1s. Az alkalmaz\u00e1sban regisztr\u00e1lt felhaszn\u00e1l\u00f3k felh\u0151alap\u00fa t\u00e1rhelyet kapnak a digit\u00e1lis vagy h\u0151kamer\u00e1s k\u00e9sz\u00fcl\u00e9kkel k\u00e9sz\u00edtett f\u00e9nyk\u00e9pekhez \u00e9s vide\u00f3khoz. Fontos funkci\u00f3, hogy a k\u00e9sz\u00fcl\u00e9k tov\u00e1bbra is kompatibilis a Stream Vision alkalmaz\u00e1s el\u0151z\u0151, els\u0151 verzi\u00f3j\u00e1val.<\/p>\n<p>A SumLight funkci\u00f3 n\u00f6veli az \u00e9rz\u00e9kel\u0151 \u00e9rz\u00e9kenys\u00e9g\u00e9t, lehet\u0151v\u00e9 t\u00e9ve a passz\u00edv megfigyel\u00e9st (kikapcsolt IR mellett) gyenge f\u00e9nyviszonyok mellett \u00e9jszaka. A szoftver automatikusan aktiv\u00e1lja az olyan algoritmusokat, mint a szomsz\u00e9dos pixelek jeleinek \u00f6sszegz\u00e9se, a k\u00e9pkock\u00e1k \u00f6sszead\u00e1sa, az \u00e9rz\u00e9kenys\u00e9g n\u00f6vel\u00e9se a megfelel\u0151 k\u00e9pmin\u0151s\u00e9g fenntart\u00e1sa mellett. A Pulsar F455S teljesen v\u00edz\u00e1ll\u00f3 \u00e9s IPX7 v\u00e9detts\u00e9gi besorol\u00e1ssal rendelkezik . A k\u00e9sz\u00fcl\u00e9k b\u00e1rmilyen intenzit\u00e1s\u00fa es\u0151ben k\u00e9pes m\u0171k\u00f6dni, \u00e9s ak\u00e1r r\u00f6vid ideig tart\u00f3 mer\u00fcl\u00e9st is t\u00fal\u00e9l. A Forward F455S alacsony h\u0151m\u00e9rs\u00e9kleten (ak\u00e1r -25 \u00b0C-ig) is hat\u00e9kony. A fagy\u00e1ll\u00f3 AMOLED kijelz\u0151 gyors v\u00e1laszid\u0151vel rendelkezik, \u00e9s tiszta k\u00e9pet biztos\u00edt a gyorsan mozg\u00f3 t\u00e1rgyak k\u00f6vet\u00e9se k\u00f6zben.<\/p>\n<p><strong>CSOMAG TARTALMA:\u00a0<\/strong>Pulsar Forward F455S<strong>,\u00a0<\/strong>IPS akkumul\u00e1tor, IPS t\u00f6lt\u0151, Micro USB k\u00e1bel, tok, felhaszn\u00e1l\u00f3i k\u00e9zik\u00f6nyv, j\u00f3t\u00e1ll\u00e1si k\u00e1rtya, IR-vil\u00e1g\u00edt\u00f3test<\/p>\n<h4><b>PARAM\u00c9TEREK<\/b><\/h4>\n<p>Technol\u00f3gia: digit\u00e1lis<br \/>\n\u00c9rz\u00e9kel\u0151 t\u00edpusa: CMOS<br \/>\n\u00c9rz\u00e9kel\u0151 felbont\u00e1sa: 1280 x 720 pixel.<br \/>\nNagy\u00edt\u00e1s: 1\/5 * x<br \/>\nAj\u00e1nlott nagy\u00edt\u00e1si tartom\u00e1ny: 2-8x<br \/>\nDigit\u00e1lis zoom: nincs<br \/>\nObjekt\u00edv lencse \u00e1tm\u00e9r\u0151je: 50 mm<br \/>\nGy\u00fajt\u00f3t\u00e1vols\u00e1g \/ objekt\u00edv f\u00e9nyer\u0151: 50 mm \/ F1<br \/>\nMinim\u00e1lis f\u00f3kuszt\u00e1vols\u00e1g: 5 m<br \/>\nSz\u00f6gletes l\u00e1t\u00f3mez\u0151: 6,3\u00b0<br \/>\nLine\u00e1ris l\u00e1t\u00f3mez\u0151 100 m-en: 11,0 m<br \/>\nKijelz\u0151 t\u00edpusa: A kijelz\u0151 t\u00edpusa: AMOLED<br \/>\nKijelz\u0151 felbont\u00e1sa: 1746 x 1000 pixel<br \/>\nSz\u00edn: fekete-feh\u00e9r<br \/>\nA vil\u00e1g\u00edt\u00f3test t\u00edpusa: be\u00e9p\u00edtett<br \/>\nHull\u00e1mhossz: 940 nm<br \/>\nF\u00e9nysug\u00e1r: l\u00e1thatatlan<br \/>\nOptikai teljes\u00edtm\u00e9ny be\u00e1ll\u00edt\u00e1sa : igen<br \/>\nMaxim\u00e1lis l\u00e1t\u00f3t\u00e1vols\u00e1g: 500 m<br \/>\nEnergiaell\u00e1t\u00e1s t\u00edpusa: \u00fajrat\u00f6lthet\u0151, akkumul\u00e1tor, microUSB<br \/>\nT\u00e1pfesz\u00fclts\u00e9g: 3,0-4,5 V DC\u2393<br \/>\nA cell\u00e1k kis\u00fct\u00e9si ideje: kb. 9 \u00f3ra.<br \/>\nVideo\/VCR: Be\u00e9p\u00edtett<br \/>\nVide\u00f3felbont\u00e1s: 1280 x 720 pixel.<br \/>\nVide\u00f3\/fot\u00f3 r\u00f6gz\u00edt\u00e9si form\u00e1tum: avi\/jpeg<br \/>\nMem\u00f3riat\u00edpus: 16 GB be\u00e9p\u00edtett mem\u00f3ria<br \/>\nWi-Fi modul: 2,4 GHz 802.11 b\/g\/n<br \/>\nWi-Fi m\u0171k\u00f6d\u00e9si tartom\u00e1ny: 15 m<br \/>\nVisszateker\u00e9si energia: 6000 J.<br \/>\nV\u00edz\u00e1ll\u00f3: igen (IPX7)<br \/>\nK\u00f6rnyezeti h\u0151m\u00e9rs\u00e9klet-tartom\u00e1ny: -25 ... +50\u00b0C<br \/>\nK\u00e9sz\u00fcl\u00e9ktart\u00f3: adapter spotlencs\u00e9khez<br \/>\nS\u00faly: 710 g<\/p>\n<p><a href=\"https:\/\/www.pulsar-nv.com\/glo\/products\/33\/night-vision-front-attachments\/forward\/\">https:\/\/www.pulsar-nv.com\/glo\/products\/33\/night-vision-front-attachments\/forward\/<\/a><\/p>","protected":false},"excerpt":{"rendered":"<p>A Pulsar Forward F455S digit\u00e1lis el\u00fcls\u0151 ir\u00e1nyz\u00e9kot \u00fagy tervezt\u00e9k, hogy jav\u00edtsa a nappali c\u00e9lt\u00e1vcs\u00f6vek l\u00e1that\u00f3s\u00e1g\u00e1t gyenge f\u00e9nyviszonyok k\u00f6z\u00f6tt. Az el\u00fcls\u0151 foglalat a t\u00e1vcs\u0151 els\u0151 objekt\u00edvlencs\u00e9j\u00e9re ker\u00fcl felszerel\u00e9sre, \u00e9s egy speci\u00e1lis, bajonettes gyorskiold\u00f3val ell\u00e1tott adapter seg\u00edts\u00e9g\u00e9vel szil\u00e1rdan r\u00f6gz\u00fcl hozz\u00e1.<\/p>","protected":false},"featured_media":3042,"template":"","meta":{"_gspb_post_css":""},"product_brand":[317],"product_cat":[145,21,334],"product_tag":[358,325,323,172],"class_list":{"0":"post-2930","1":"product","2":"type-product","3":"status-publish","4":"has-post-thumbnail","6":"product_brand-pulsar","7":"product_cat-nocne-videnie","8":"product_cat-optika","9":"product_cat-predsadky-s-nocnym-videnim","10":"product_tag-forward","11":"product_tag-nocne-videnie","12":"product_tag-predsadka","13":"product_tag-pulsar","15":"first","16":"instock","17":"taxable","18":"shipping-taxable","19":"purchasable","20":"product-type-simple"},"ct_brands":[{"id":317,"name":"Pulsar","slug":"pulzar"}],"_links":{"self":[{"href":"https:\/\/zbranebudai.sk\/hu\/wp-json\/wp\/v2\/product\/2930","targetHints":{"allow":["GET"]}}],"collection":[{"href":"https:\/\/zbranebudai.sk\/hu\/wp-json\/wp\/v2\/product"}],"about":[{"href":"https:\/\/zbranebudai.sk\/hu\/wp-json\/wp\/v2\/types\/product"}],"wp:featuredmedia":[{"embeddable":true,"href":"https:\/\/zbranebudai.sk\/hu\/wp-json\/wp\/v2\/media\/3042"}],"wp:attachment":[{"href":"https:\/\/zbranebudai.sk\/hu\/wp-json\/wp\/v2\/media?parent=2930"}],"wp:term":[{"taxonomy":"product_brand","embeddable":true,"href":"https:\/\/zbranebudai.sk\/hu\/wp-json\/wp\/v2\/product_brand?post=2930"},{"taxonomy":"product_cat","embeddable":true,"href":"https:\/\/zbranebudai.sk\/hu\/wp-json\/wp\/v2\/product_cat?post=2930"},{"taxonomy":"product_tag","embeddable":true,"href":"https:\/\/zbranebudai.sk\/hu\/wp-json\/wp\/v2\/product_tag?post=2930"}],"curies":[{"name":"wp","href":"https:\/\/api.w.org\/{rel}","templated":true}]}}