{"id":2898,"date":"2025-02-01T20:22:55","date_gmt":"2025-02-01T18:22:55","guid":{"rendered":"https:\/\/zbranebudai.sk\/?post_type=product&#038;p=2898"},"modified":"2025-08-31T03:57:31","modified_gmt":"2025-08-31T01:57:31","slug":"pulsar-axion-2-xg35-hokamera-keresotavcso","status":"publish","type":"product","link":"https:\/\/zbranebudai.sk\/hu\/product\/pulsar-axion-2-xg35-hokamera-keresotavcso\/","title":{"rendered":"Pulsar AXION 2 XG35 h\u0151kamer\u00e1s monokul\u00e1r"},"content":{"rendered":"<h3>Kiv\u00e1l\u00f3 min\u0151s\u00e9g\u0171, meger\u0151s\u00edtett magn\u00e9zium \u00f6tv\u00f6zetb\u0151l k\u00e9sz\u00fclt h\u00e1z<\/h3>\n<p>Az Axion 2 XG35 k\u00e9sz\u00fcl\u00e9ket folyamatos, gyakran ig\u00e9nyes haszn\u00e1latra tervezt\u00e9k. A magn\u00e9zium\u00f6tv\u00f6zetb\u0151l k\u00e9sz\u00fclt h\u00e1z egyszerre k\u00f6nny\u0171 \u00e9s er\u0151s. A tok megb\u00edzhat\u00f3an v\u00e9di a h\u0151kamera bels\u0151 alkatr\u00e9szeit az \u00fct\u00e9sekt\u0151l, a lees\u00e9st\u0151l, a nedvess\u00e9gt\u0151l, a h\u0151t\u0151l vagy a hidegt\u0151l. Ugyanakkor a f\u00e9mh\u00e1z hat\u00e9konyan vezeti el az elektronik\u00e1b\u00f3l sz\u00e1rmaz\u00f3 h\u0151t, minimaliz\u00e1lja a k\u00e9pzajt, \u00e9s n\u00f6veli a m\u0171szer \u00fczemi h\u0151m\u00e9rs\u00e9klet\u00e9nek stabilit\u00e1s\u00e1t hossz\u00fa t\u00e1v\u00fa megfigyel\u00e9s sor\u00e1n.<\/p>\n<h3>Meghosszabb\u00edtott akkumul\u00e1tor-\u00fczemid\u0151.<\/h3>\n<p>Ak\u00e1r 11 \u00f3ra egyetlen felt\u00f6lt\u00e9ssel A nagy kapacit\u00e1s\u00fa APS5 \u00fajrat\u00f6lthet\u0151 akkumul\u00e1tor egyetlen felt\u00f6lt\u00e9ssel ak\u00e1r 11 \u00f3ra (modellt\u0151l f\u00fcgg\u0151en) folyamatos m\u0171k\u00f6d\u00e9st biztos\u00edt a h\u0151kamer\u00e1nak. Az akkumul\u00e1tor m\u00e1sodpercek alatt kivehet\u0151 az elemtart\u00f3b\u00f3l, \u00e9s kicser\u00e9lhet\u0151 egy \u00fajjal. Az akkumul\u00e1tor t\u00f6lt\u00e9se egy speci\u00e1lis t\u00f6lt\u0151ben vagy a k\u00e9sz\u00fcl\u00e9k belsej\u00e9ben t\u00f6rt\u00e9nik sz\u00e1m\u00edt\u00f3g\u00e9pr\u0151l, otthoni \u00e1ramell\u00e1t\u00f3 rendszerr\u0151l vagy powerbankr\u00f3l USB-C-n kereszt\u00fcl. Ugyanezek a t\u00e1pegys\u00e9gek szolg\u00e1lnak a h\u0151kamer\u00e1s k\u00e9sz\u00fcl\u00e9k k\u00fcls\u0151 t\u00e1pell\u00e1t\u00e1s\u00e1ra.<\/p>\n<h3>Tov\u00e1bbfejlesztett Wi-Fi kapcsolat a 2,4\/5 GHZ hull\u00e1ms\u00e1v t\u00e1mogat\u00e1s\u00e1val<\/h3>\n<p>Az okostelefonok 2,4 GHz-es WiFi csatorn\u00e1n kereszt\u00fcli csatlakoztathat\u00f3s\u00e1g\u00e1nak szabv\u00e1nyos frekvenciatartom\u00e1nya az Axion 2 XG35-ben kieg\u00e9sz\u00fcl egy hat\u00e9kony 5 GHz-es frekvenciatartom\u00e1nnyal. Az 5 GHz-es s\u00e1v\u00fa kapcsolat nagyobb s\u00e1vsz\u00e9less\u00e9get, gyorsabb adat\u00e1tvitelt, zajmentess\u00e9get \u00e9s jobb kapcsolati stabilit\u00e1st k\u00edn\u00e1l, ami produkt\u00edvabb \u00e9s egyszer\u0171bb okostelefon-kezel\u00e9st eredm\u00e9nyez.<\/p>\n<h3>Nagy f\u00e9ny\u00e1tereszt\u0151 k\u00e9pess\u00e9g\u0171 lencse<\/h3>\n<p>A Germanium F35\/1,0 lencs\u00e9t az LWIR tartom\u00e1nyban val\u00f3 nagy \u00e1tereszt\u0151k\u00e9pess\u00e9g jellemzi. A lencse optikai elemeinek nagy pontoss\u00e1g\u00fa gy\u00e1rt\u00e1s\u00e1nak k\u00f6sz\u00f6nhet\u0151en az Axion 2 XG35 h\u0151kamera \u00e9rz\u00e9kel\u0151je \u00e1ltal gener\u00e1lt k\u00e9pet a tisztas\u00e1g \u00e9s a r\u00e9szletgazdags\u00e1g jellemzi.<\/p>\n<h3>Nagy \u00e9rz\u00e9kenys\u00e9g\u0171, eur\u00f3pai gy\u00e1rt\u00e1s\u00fa Lynred \u00e9rz\u00e9kel\u0151<\/h3>\n<p>Az Axion 2 XG35 h\u0151kamer\u00e1s monokul\u00e1rok 384\u00d7288 pixel (17 \u03bcm pixelm\u00e9ret) \/ 640\u00d7480 pixel (12 \u03bcm pixelm\u00e9ret) felbont\u00e1s\u00fa eur\u00f3pai Lynred \u00e9rz\u00e9kel\u0151kkel vannak felszerelve, amelyek neh\u00e9z l\u00e1t\u00e1si k\u00f6r\u00fclm\u00e9nyek k\u00f6z\u00f6tt is hasznos jelet r\u00f6gz\u00edtenek.<\/p>\n<h3>Be\u00e9p\u00edtett f\u00e9nyk\u00e9p- \u00e9s videor\u00f6gz\u00edt\u0151. Ingyenes 16 GB felh\u0151 t\u00e1rhely<\/h3>\n<p>Az Axion 2 XG35 be\u00e9p\u00edtett videor\u00f6gz\u00edt\u0151vel rendelkezik. T\u00f6bb \u00f3r\u00e1nyi vide\u00f3 \u00e9s t\u00f6bb t\u00edzezer f\u00e9nyk\u00e9p t\u00e1rolhat\u00f3 az Axion 2 bels\u0151 mem\u00f3ri\u00e1j\u00e1ban. Egyetlen gombnyom\u00e1s el\u00e9g egy \u00e9rdekes jelenet meg\u00f6r\u00f6k\u00edt\u00e9s\u00e9hez vagy egy vide\u00f3 felv\u00e9tel\u00e9nek elind\u00edt\u00e1s\u00e1hoz. A felv\u00e9tel az USB-C porton kereszt\u00fcl a sz\u00e1m\u00edt\u00f3g\u00e9p merevlemez\u00e9re m\u00e1sol\u00f3dik. Az Axion 2 tulajdonos\u00e1nak 16 GB szabad lemezter\u00fclet \u00e1ll rendelkez\u00e9s\u00e9re, hogy a k\u00e9sz\u00fcl\u00e9kkel k\u00e9sz\u00edtett f\u00e9nyk\u00e9peket \u00e9s vide\u00f3kat a Pulsar felh\u0151 t\u00e1rhely\u00e9n t\u00e1rolja. Egyszer\u0171en telep\u00edtse a Stream Vision 2 mobilalkalmaz\u00e1st, jelentkezzen be, \u00e9s csatlakoztassa a k\u00e9sz\u00fcl\u00e9ket okostelefonj\u00e1hoz WiFi-n kereszt\u00fcl.<\/p>\n<h3>\u00c9rz\u00e9kel\u00e9si tartom\u00e1ny ak\u00e1r 1300 m<\/h3>\n<p>A nagy teljes\u00edtm\u00e9ny\u0171 F35\/1,0 objekt\u00edv \u00e9s a rendk\u00edv\u00fcl \u00e9rz\u00e9keny h\u0151k\u00e9p\u00e9rz\u00e9kel\u0151 kombin\u00e1ci\u00f3ja kiv\u00e9teles \u00e9rz\u00e9kel\u00e9si k\u00e9pess\u00e9get biztos\u00edt. Egy szabv\u00e1nyos, 1,8 m magas t\u00e1rgy ak\u00e1r 1300 m t\u00e1vols\u00e1gb\u00f3l is \u00e9rz\u00e9kelhet\u0151, m\u00e9g teljes s\u00f6t\u00e9ts\u00e9gben is.<\/p>\n<h3>V\u00e1ltoz\u00f3 nagy\u00edt\u00e1s (x4\/x8 digit\u00e1lis zoom)<\/h3>\n<p>Az ak\u00e1r 4x (XQ modellek) vagy 8x (XG modellek) digit\u00e1lis zoom lehet\u0151v\u00e9 teszi a jobb f\u00f3kusz\u00e1l\u00e1st \u00e9s a jobb t\u00e1rgyfelismer\u00e9st nagy t\u00e1vols\u00e1gokr\u00f3l. A zoom fokozatosan, 2x-es l\u00e9p\u00e9sekben vagy folyamatosan v\u00e1ltozik a val\u00f3ban optim\u00e1lis, az adott helyzethez igazod\u00f3 l\u00e1t\u00f3mez\u0151 \u00e9rdek\u00e9ben.<\/p>\n<h3>T\u00f6bb mint 10 fokos l\u00e1t\u00f3mez\u0151<\/h3>\n<p>Az Axion 2 XG35 h\u0151kamer\u00e1s m\u0171szerek alkalmasak sz\u00e9les ter\u00fcletek megfigyel\u00e9s\u00e9re, mozg\u00f3 vagy mozg\u00f3 t\u00e1rgyak megfigyel\u00e9s\u00e9re - a line\u00e1ris l\u00e1t\u00f3mez\u0151 100 m-en 18,2 m, illetve 10,7\u00b0-os sz\u00f6g\u00e9rt\u00e9kekkel. A \"K\u00e9p a k\u00e9pben\" funkci\u00f3 egy tov\u00e1bbi ablakot aktiv\u00e1l a kijelz\u0151 tetej\u00e9n, amelyben a megtekintett jelenet k\u00f6zponti ter\u00fclete 2x vagy 4x nagy\u00edtva jelenik meg. Ez lehet\u0151v\u00e9 teszi, hogy a megfigyel\u00e9s sor\u00e1n kombin\u00e1lhat\u00f3 legyen a sz\u00e9les l\u00e1t\u00f3mez\u0151 a teljes megfigyel\u00e9si jelenet nagyobb \u00e1ttekint\u00e9s\u00e9hez a kiv\u00e1lasztott r\u00e9sz vagy objektum r\u00e9szletes megtekint\u00e9s\u00e9vel.<\/p>\n<h3>8 sz\u00ednpaletta k\u00f6z\u00fcl v\u00e1laszthat\u00f3<\/h3>\n<p>A 8 sz\u00ednpaletta k\u00f6z\u00fcl v\u00e1laszthat a felhaszn\u00e1l\u00f3 a l\u00e1t\u00f3mez\u0151 hat\u00e9konyabb megfigyel\u00e9s\u00e9t, a m\u0171szer optimaliz\u00e1l\u00e1s\u00e1t az adott feladatokhoz \u00e9s a v\u00e1ltoz\u00f3 l\u00e1t\u00e1si k\u00f6r\u00fclm\u00e9nyekre val\u00f3 reag\u00e1l\u00e1st teszi lehet\u0151v\u00e9. A feh\u00e9r forr\u00f3, a fekete forr\u00f3 \u00e9s a v\u00f6r\u00f6s forr\u00f3 optim\u00e1lis a t\u00e1rgyak felismer\u00e9s\u00e9hez, az iriz\u00e1l\u00f3 \u00e9s az ultramarink\u00e9k pedig seg\u00edt n\u00f6velni a felismer\u00e9s \u00e9s az azonos\u00edt\u00e1s es\u00e9ly\u00e9t. A v\u00f6r\u00f6s monokromatikus, a szepia \u00e9s az ibolya a legmegfelel\u0151bb a hossz\u00fa \u00e9jszakai megfigyel\u00e9sekhez.<\/p>\n<h3>T\u00e1vvez\u00e9rl\u00e9s okostelefonr\u00f3l \u00e9s szoftverfriss\u00edt\u00e9s a Stream Vision 2 alkalmaz\u00e1ssal<\/h3>\n<p>A be\u00e9p\u00edtett WiFi \u00f6sszek\u00f6ti az Axion 2 XG35 k\u00e9sz\u00fcl\u00e9ket az Android \u00e9s iOS okostelefonokkal a Stream Vision 2 mobilalkalmaz\u00e1son kereszt\u00fcl. Ez a lehet\u0151s\u00e9gek sz\u00e9les sk\u00e1l\u00e1j\u00e1t nyitja meg, bele\u00e9rtve a k\u00e9sz\u00fcl\u00e9k vezet\u00e9k n\u00e9lk\u00fcli vez\u00e9rl\u00e9s\u00e9t, a szoftverfriss\u00edt\u00e9seket, a val\u00f3s idej\u0171 k\u00e9p\u00e1tvitelt a k\u00e9sz\u00fcl\u00e9kr\u0151l az okostelefon k\u00e9perny\u0151j\u00e9re, a k\u00e9sz\u00fcl\u00e9kkel k\u00e9sz\u00edtett f\u00e9nyk\u00e9pek \u00e9s vide\u00f3k megoszt\u00e1s\u00e1t a k\u00f6z\u00f6ss\u00e9gi h\u00e1l\u00f3zatokon vagy a k\u00e9sz\u00fcl\u00e9kre t\u00f6rt\u00e9n\u0151 \u00e1tvitelt. T\u00e1volr\u00f3l vez\u00e9relheti a digit\u00e1lis k\u00e9sz\u00fcl\u00e9k funkci\u00f3it, \u00e9s hozz\u00e1f\u00e9rhet a legfrissebb Pulsar term\u00e9kh\u00edrekhez. Emellett a regisztr\u00e1lt felhaszn\u00e1l\u00f3k 16 GB felh\u0151alap\u00fa t\u00e1rhelyet kapnak a felt\u00f6lt\u00f6tt f\u00e9nyk\u00e9pekhez \u00e9s vide\u00f3khoz.<\/p>\n<p><strong>M\u0171szaki param\u00e9terek:<\/strong><\/p>\n<table class=\"parametry table table-striped\" cellspacing=\"0\" cellpadding=\"2\">\n<tbody>\n<tr class=\"odd\">\n<th scope=\"row\">Nagy\u00edt\u00e1s:<\/th>\n<td>2.5 - 20x<\/td>\n<\/tr>\n<tr class=\"even\">\n<th scope=\"row\">Digit\u00e1lis nagy\u00edt\u00e1s:<\/th>\n<td>4x<\/td>\n<\/tr>\n<tr class=\"odd\">\n<th scope=\"row\">\u00c9rz\u00e9kel\u0151:<\/th>\n<td>640\u00d7480 px<\/td>\n<\/tr>\n<tr class=\"even\">\n<th scope=\"row\"><abbr title=\" Az \u00e9rz\u00e9kel\u0151 azon k\u00e9pess\u00e9ge, hogy a lehet\u0151 legkisebb h\u0151m\u00e9rs\u00e9klet-k\u00fcl\u00f6nbs\u00e9ggel k\u00e9pes megk\u00fcl\u00f6nb\u00f6ztetni k\u00e9t k\u00f6zeli pontot. \">NETD<\/abbr>:<\/th>\n<td>&lt; 40mK<\/td>\n<\/tr>\n<tr class=\"odd\">\n<th scope=\"row\">Pixel m\u00e9ret:<\/th>\n<td>12 \u00b5m<\/td>\n<\/tr>\n<tr class=\"even\">\n<th scope=\"row\">M\u00e9r\u00e9si t\u00e1vols\u00e1g:<\/th>\n<td>1000 m<\/td>\n<\/tr>\n<tr class=\"odd\">\n<th scope=\"row\">T\u00e1vm\u00e9r\u0151:<\/th>\n<td>Nem<\/td>\n<\/tr>\n<tr class=\"even\">\n<th scope=\"row\">C\u00e9lz\u00e1si pontoss\u00e1g:<\/th>\n<td>1 m<\/td>\n<\/tr>\n<tr class=\"odd\">\n<th scope=\"row\">Kijelz\u0151 t\u00edpusa: A kijelz\u0151 t\u00edpusa:<\/th>\n<td>AMOLED HD<\/td>\n<\/tr>\n<tr class=\"even\">\n<th scope=\"row\">Kijelz\u0151 felbont\u00e1sa:<\/th>\n<td>1024\u00d7768 px<\/td>\n<\/tr>\n<tr class=\"odd\">\n<th scope=\"row\">\u00c9rz\u00e9kel\u00e9si t\u00e1vols\u00e1g:<\/th>\n<td>1750m<\/td>\n<\/tr>\n<tr class=\"even\">\n<th scope=\"row\">F\u00f3kuszt\u00e1vols\u00e1g:<\/th>\n<td>35 mm<\/td>\n<\/tr>\n<tr class=\"odd\">\n<th scope=\"row\">Objekt\u00edv param\u00e9terek:<\/th>\n<td>F35\/1.0<\/td>\n<\/tr>\n<tr class=\"even\">\n<th scope=\"row\">Betekint\u00e9si sz\u00f6g:<\/th>\n<td>12.5\u00d79.4\u00b0<\/td>\n<\/tr>\n<tr class=\"odd\">\n<th scope=\"row\">L\u00e1t\u00f3mez\u0151 100 m\u00e9teren:<\/th>\n<td>21.9\u00d716.4 m<\/td>\n<\/tr>\n<tr class=\"even\">\n<th scope=\"row\"><abbr title=\" A szemt\u00e1vols\u00e1g az a t\u00e1vols\u00e1g az okul\u00e1r utols\u00f3 lencs\u00e9je \u00e9s a megfigyel\u0151 szeme k\u00f6z\u00f6tt, amelyn\u00e9l a teljes l\u00e1t\u00f3mez\u0151 k\u00e9nyelmesen l\u00e1that\u00f3. \">Szemkiemel\u00e9s<\/abbr>:<\/th>\n<td>14mm<\/td>\n<\/tr>\n<tr class=\"odd\">\n<th scope=\"row\">T\u00e1pegys\u00e9g:<\/th>\n<td>3,0 - 4,2 (APS5) V<\/td>\n<\/tr>\n<tr class=\"even\">\n<th scope=\"row\">K\u00fcls\u0151 t\u00e1pegys\u00e9g:<\/th>\n<td>5 V, 9 V (C t\u00edpus\u00fa USB)<\/td>\n<\/tr>\n<tr class=\"odd\">\n<th scope=\"row\">VIDE\u00d3:<\/th>\n<td>Igen<\/td>\n<\/tr>\n<tr class=\"even\">\n<th scope=\"row\">Mem\u00f3ria m\u00e9rete:<\/th>\n<td>16 Gb<\/td>\n<\/tr>\n<tr class=\"odd\">\n<th scope=\"row\">Vide\u00f3\/f\u00e9nyk\u00e9p form\u00e1tum:<\/th>\n<td>.mp4 \/.jpg<\/td>\n<\/tr>\n<tr class=\"even\">\n<th scope=\"row\">Vide\u00f3\/Fot\u00f3 felbont\u00e1s:<\/th>\n<td>1024\u00d7768 px<\/td>\n<\/tr>\n<tr class=\"odd\">\n<th scope=\"row\">Anyag:<\/th>\n<td>Alum\u00ednium \u00f6tv\u00f6zet<\/td>\n<\/tr>\n<tr class=\"even\">\n<th scope=\"row\">V\u00edz\u00e1ll\u00f3s\u00e1g:<\/th>\n<td>IPX7<\/td>\n<\/tr>\n<tr class=\"odd\">\n<th scope=\"row\">\u00dczemi h\u0151m\u00e9rs\u00e9klet:<\/th>\n<td>-25 ... +40 \u00b0C<\/td>\n<\/tr>\n<tr class=\"even\">\n<th scope=\"row\">Wi-Fi:<\/th>\n<td>802.11 b\/g\/n\/ac (2,4\/5 GHz)<\/td>\n<\/tr>\n<tr class=\"odd\">\n<th scope=\"row\">USB, t\u00edpus:<\/th>\n<td>USB-C<\/td>\n<\/tr>\n<tr class=\"even\">\n<th scope=\"row\">M\u0171k\u00f6d\u00e9si id\u0151 ( t22\u00b0C-on):<\/th>\n<td>7 \u00f3ra.<\/td>\n<\/tr>\n<tr class=\"odd\">\n<th scope=\"row\">M\u00e9retek:<\/th>\n<td>152x74x75mm<\/td>\n<\/tr>\n<tr class=\"even\">\n<th scope=\"row\">S\u00faly:<\/th>\n<td>0.35kg<\/td>\n<\/tr>\n<\/tbody>\n<\/table>\n<p><a href=\"https:\/\/www.pulsar-nv.com\/glo\/products\/33\/thermal-imaging-monoculars\/axion-2\/\">https:\/\/www.pulsar-nv.com\/glo\/products\/33\/thermal-imaging-monoculars\/axion-2\/<\/a><\/p>","protected":false},"excerpt":{"rendered":"<p>Az Axion 2 XG35 h\u0151kamer\u00e1k a c\u00e9lt\u00f3l \u00e9s a l\u00e1t\u00e1si k\u00f6r\u00fclm\u00e9nyekt\u0151l f\u00fcgg\u0151en \u00faj megk\u00f6zel\u00edt\u00e9st alkalmaznak a k\u00e9poptimaliz\u00e1l\u00e1shoz, \u00edgy a c\u00e9lobjektumok \u00e9s a h\u00e1tt\u00e9r kiv\u00e1l\u00f3 min\u0151s\u00e9g\u0171 megjelen\u00edt\u00e9s\u00e9t biztos\u00edtj\u00e1k. A jeler\u0151s\u00edt\u00e9s h\u00e1rom szintje, a mell\u00e9kelt sim\u00edt\u00f3sz\u0171r\u0151vel \u00e9s a f\u00e9nyer\u0151 \u00e9s a kontraszt finom be\u00e1ll\u00edt\u00e1s\u00e1val kombin\u00e1lva nagyszer\u0171 lehet\u0151s\u00e9geket biztos\u00edt a vad\u00e1sz sz\u00e1m\u00e1ra a k\u00fcl\u00f6nb\u00f6z\u0151 id\u0151j\u00e1r\u00e1si \u00e9s h\u0151m\u00e9rs\u00e9kleti viszonyok k\u00f6z\u00f6tt t\u00e1volr\u00f3l \u00e9szlelt \u00e1llatok felder\u00edt\u00e9s\u00e9re \u00e9s jellemz\u0151ik meghat\u00e1roz\u00e1s\u00e1ra.<\/p>","protected":false},"featured_media":3028,"template":"","meta":{"_gspb_post_css":""},"product_brand":[317],"product_cat":[21,144,327],"product_tag":[353,172,337],"class_list":{"0":"post-2898","1":"product","2":"type-product","3":"status-publish","4":"has-post-thumbnail","6":"product_brand-pulsar","7":"product_cat-optika","8":"product_cat-termovizie","9":"product_cat-termovizne-monokulary","10":"product_tag-axion","11":"product_tag-pulsar","12":"product_tag-termovizny-monokular","14":"first","15":"instock","16":"sale","17":"taxable","18":"shipping-taxable","19":"purchasable","20":"product-type-simple"},"ct_brands":[{"id":317,"name":"Pulsar","slug":"pulzar"}],"_links":{"self":[{"href":"https:\/\/zbranebudai.sk\/hu\/wp-json\/wp\/v2\/product\/2898","targetHints":{"allow":["GET"]}}],"collection":[{"href":"https:\/\/zbranebudai.sk\/hu\/wp-json\/wp\/v2\/product"}],"about":[{"href":"https:\/\/zbranebudai.sk\/hu\/wp-json\/wp\/v2\/types\/product"}],"wp:featuredmedia":[{"embeddable":true,"href":"https:\/\/zbranebudai.sk\/hu\/wp-json\/wp\/v2\/media\/3028"}],"wp:attachment":[{"href":"https:\/\/zbranebudai.sk\/hu\/wp-json\/wp\/v2\/media?parent=2898"}],"wp:term":[{"taxonomy":"product_brand","embeddable":true,"href":"https:\/\/zbranebudai.sk\/hu\/wp-json\/wp\/v2\/product_brand?post=2898"},{"taxonomy":"product_cat","embeddable":true,"href":"https:\/\/zbranebudai.sk\/hu\/wp-json\/wp\/v2\/product_cat?post=2898"},{"taxonomy":"product_tag","embeddable":true,"href":"https:\/\/zbranebudai.sk\/hu\/wp-json\/wp\/v2\/product_tag?post=2898"}],"curies":[{"name":"wp","href":"https:\/\/api.w.org\/{rel}","templated":true}]}}