{"id":2897,"date":"2025-02-01T20:22:55","date_gmt":"2025-02-01T18:22:55","guid":{"rendered":"https:\/\/zbranebudai.sk\/?post_type=product&#038;p=2897"},"modified":"2025-08-31T03:57:31","modified_gmt":"2025-08-31T01:57:31","slug":"pulsar-axion-xq30-pro-hokamera-keresotavcso","status":"publish","type":"product","link":"https:\/\/zbranebudai.sk\/hu\/product\/pulsar-axion-xq30-pro-hokamera-keresotavcso\/","title":{"rendered":"Pulsar AXION XQ30 PRO h\u0151kamer\u00e1s monokul\u00e1r"},"content":{"rendered":"<section class=\"elementor-section elementor-top-section elementor-element elementor-element-304b4bc elementor-section-stretched elementor-section-boxed elementor-section-height-default elementor-section-height-default\" data-id=\"304b4bc\" data-element_type=\"section\" data-settings=\"{&quot;stretch_section&quot;:&quot;section-stretched&quot;}\">\n<div class=\"elementor-container elementor-column-gap-default\">\n<div class=\"elementor-column elementor-col-33 elementor-top-column elementor-element elementor-element-f976bd9\" data-id=\"f976bd9\" data-element_type=\"column\">\n<div class=\"elementor-widget-wrap elementor-element-populated\">\n<div class=\"elementor-element elementor-element-3526c13 elementor-widget elementor-widget-text-editor\" data-id=\"3526c13\" data-element_type=\"widget\" data-widget_type=\"text-editor.default\">\n<div class=\"elementor-widget-container\">\n<h4 class=\"section-2\"><span data-darkreader-inline-color=\"\"><strong>Nagy \u00e9rz\u00e9kenys\u00e9g\u0171 h\u0151kamer\u00e1s \u00e9rz\u00e9kel\u0151<\/strong><\/span><\/h4>\n<p class=\"text-center col-10\"><span data-darkreader-inline-color=\"\">Az Axion XQ30 Pro professzion\u00e1lis h\u0151kamer\u00e1s \u00e9rz\u00e9kel\u0151t haszn\u00e1l, amelynek felbont\u00e1sa 384\u00d7288 pixel, h\u0151\u00e9rz\u00e9kenys\u00e9ge pedig kevesebb mint 25 mK. Ez biztos\u00edtja az alacsony zajszintet, mik\u00f6zben kiv\u00e1l\u00f3 k\u00e9pi r\u00e9szletess\u00e9get \u00e9s nagy kontrasztot biztos\u00edt.<\/span><\/p>\n<h4 class=\"section-2\"><strong><span data-darkreader-inline-color=\"\">Sz\u00e9les l\u00e1t\u00f3mez\u0151 a k\u00f6nny\u0171 megfigyel\u00e9shez<\/span><\/strong><\/h4>\n<p class=\"text-center col-10\"><span data-darkreader-inline-color=\"\">Az Axion XQ30 Pro 13,3\u00b0-os l\u00e1t\u00f3mez\u0151vel rendelkezik, ami megk\u00f6nny\u00edti a h\u0151tani objektumok letapogat\u00e1s\u00e1t \u00e9s hely\u00e9nek meghat\u00e1roz\u00e1s\u00e1t. A sz\u00e9les l\u00e1t\u00f3mez\u0151 lehet\u0151v\u00e9 teszi a megfigyel\u0151 sz\u00e1m\u00e1ra, hogy gyorsan l\u00e1ssa az \u00f6sszes h\u0151t\u00e9ri objektumot, \u00e9s a leg\u00e9rdekesebbekre \u00f6sszpontos\u00edtson, mik\u00f6zben a teljes jelenetet egyszerre szem el\u0151tt tartja.<\/span><\/p>\n<p class=\"text-center col-10\"><strong><span data-darkreader-inline-color=\"\">Kompakt zsebkialak\u00edt\u00e1s<\/span><\/strong><\/p>\n<p class=\"text-center col-10\"><span data-darkreader-inline-color=\"\">Az Axion XQ30 Pro kompakt, zsebm\u00e9ret\u0171 kialak\u00edt\u00e1s\u00fa, \u00e9s t\u00f6k\u00e9letesen illeszkedik a k\u00e9zbe. Ide\u00e1lis v\u00e1laszt\u00e1s vad\u00e1szathoz \u00e9s t\u00far\u00e1z\u00e1shoz. A k\u00e9sz\u00fcl\u00e9k szimmetrikus kialak\u00edt\u00e1sa a fels\u0151 gombok elhelyez\u00e9s\u00e9vel kombin\u00e1lva k\u00e9nyelmes haszn\u00e1latot biztos\u00edt bal \u00e9s jobb k\u00e9zzel egyar\u00e1nt.<\/span><\/p>\n<h4 class=\"section-2\"><strong><span data-darkreader-inline-color=\"\">Tart\u00f3s magn\u00e9zium \u00f6tv\u00f6zetb\u0151l k\u00e9sz\u00fclt h\u00e1z<\/span><\/strong><\/h4>\n<p class=\"text-center col-12\"><span data-darkreader-inline-color=\"\">Az Axion XQ30 Pro k\u00e9sz\u00fcl\u00e9ket folyamatos, gyakran ig\u00e9nyes haszn\u00e1latra tervezt\u00e9k. A magn\u00e9zium\u00f6tv\u00f6zetb\u0151l k\u00e9sz\u00fclt h\u00e1z egyszerre k\u00f6nny\u0171 \u00e9s er\u0151s. A tok megb\u00edzhat\u00f3an v\u00e9di a h\u0151kamera bels\u0151 alkatr\u00e9szeit az \u00fct\u00e9sekt\u0151l, a lees\u00e9st\u0151l, a nedvess\u00e9gt\u0151l, a h\u0151t\u0151l vagy a hidegt\u0151l. Ugyanakkor a f\u00e9mh\u00e1z hat\u00e9konyan vezeti el az elektronik\u00e1b\u00f3l sz\u00e1rmaz\u00f3 h\u0151t, minimaliz\u00e1lja a k\u00e9pzajt, \u00e9s n\u00f6veli a m\u0171szer m\u0171k\u00f6d\u00e9s\u00e9nek stabilit\u00e1s\u00e1t hossz\u00fa t\u00e1v\u00fa megfigyel\u00e9s sor\u00e1n.<\/span><\/p>\n<h4 class=\"section-2\"><span data-darkreader-inline-color=\"\"><strong>F\u00e9nyk\u00e9pez\u00e9s \u00e9s videofelv\u00e9tel<\/strong><\/span><\/h4>\n<p class=\"text-center col-12\"><span data-darkreader-inline-color=\"\">A be\u00e9p\u00edtett videor\u00f6gz\u00edt\u0151 nagyszer\u0171 eszk\u00f6z, ha egyedi \u00e9lm\u00e9nyeket filmez vagy f\u00e9nyk\u00e9pez. A REC gomb egyetlen megnyom\u00e1s\u00e1val olyan felv\u00e9telt k\u00e9sz\u00edt, amelyet k\u00f6nnyed\u00e9n megoszthat koll\u00e9g\u00e1ival, bar\u00e1taival \u00e9s csal\u00e1dtagjaival. A 16 GB bels\u0151 mem\u00f3ria t\u00f6bb \u00f3r\u00e1nyi felvett vide\u00f3t \u00e9s rengeteg f\u00e9nyk\u00e9pet biztos\u00edt.<\/span><\/p>\n<p><strong><span data-darkreader-inline-color=\"\">\u00c9rz\u00e9kenys\u00e9gi er\u0151s\u00edt\u00e9si szintek<\/span><\/strong><\/p>\n<p class=\"text-center col-12\"><span data-darkreader-inline-color=\"\">Az \u00faj sz\u0171r\u0151algoritmusokkal \u00e9s a f\u00e9nyer\u0151 \u00e9s a kontraszt finom be\u00e1ll\u00edt\u00e1s\u00e1val kombin\u00e1lt 3 er\u0151s\u00edt\u00e9si szint n\u00f6veli a vad\u00e1szok es\u00e9ly\u00e9t az \u00e1llatok korai \u00e9szlel\u00e9s\u00e9re rossz id\u0151j\u00e1r\u00e1s \u00e9s magas p\u00e1ratartalom eset\u00e9n. Ezek a be\u00e1ll\u00edt\u00e1sok biztos\u00edtj\u00e1k a c\u00e9lt\u00e1rgyak \u00e9s a megfigyel\u00e9si jelenet h\u00e1tter\u00e9ben l\u00e9v\u0151 t\u00e1rgyak optim\u00e1lis megjelen\u00edt\u00e9s\u00e9t.<\/span><\/p>\n<h4 class=\"section-4\"><strong><span data-darkreader-inline-color=\"\">8 sz\u00ednpaletta k\u00f6z\u00fcl v\u00e1laszthat\u00f3<\/span><\/strong><\/h4>\n<p class=\"text-center col-12\"><span data-darkreader-inline-color=\"\">A 8 sz\u00ednpaletta k\u00f6z\u00fcl v\u00e1laszthat a felhaszn\u00e1l\u00f3 a l\u00e1t\u00f3mez\u0151 hat\u00e9konyabb megfigyel\u00e9s\u00e9t, a m\u0171szer optimaliz\u00e1l\u00e1s\u00e1t az adott feladatokhoz \u00e9s a v\u00e1ltoz\u00f3 l\u00e1t\u00e1si k\u00f6r\u00fclm\u00e9nyekre val\u00f3 reag\u00e1l\u00e1st teszi lehet\u0151v\u00e9. A feh\u00e9r forr\u00f3, a fekete forr\u00f3 \u00e9s a v\u00f6r\u00f6s forr\u00f3 optim\u00e1lis a t\u00e1rgyak felismer\u00e9s\u00e9hez, az iriz\u00e1l\u00f3 \u00e9s az ultramarink\u00e9k pedig seg\u00edt n\u00f6velni a felismer\u00e9s \u00e9s az azonos\u00edt\u00e1s es\u00e9ly\u00e9t. A v\u00f6r\u00f6s monokromatikus, a szepia \u00e9s az ibolya a legmegfelel\u0151bb a hossz\u00fa \u00e9jszakai megfigyel\u00e9sekhez.<\/span><\/p>\n<section class=\"section-2\">\n<div class=\"row justify-content-between\"><strong><span data-darkreader-inline-color=\"\">Fagy\u00e1ll\u00f3 AMOLED kijelz\u0151<\/span><\/strong><span data-darkreader-inline-color=\"\">A nagy kontraszt\u00fa AMOLED-kijelz\u0151 jobb sz\u00ednvisszaad\u00e1ssal, energiatakar\u00e9koss\u00e1ggal \u00e9s gyors reakci\u00f3id\u0151vel rendelkezik, \u00edgy m\u00e9g fagyos k\u00f6r\u00fclm\u00e9nyek k\u00f6z\u00f6tt is \u00e9les \u00e9s z\u00f6kken\u0151mentes l\u00e1tv\u00e1nyt ny\u00fajt.<\/span><\/p>\n<p class=\"font-weight-bold\"><strong><span data-darkreader-inline-color=\"\">K\u00e9p a k\u00e9pben funkci\u00f3<\/span><\/strong><\/p>\n<p><span data-darkreader-inline-color=\"\">A k\u00e9p a k\u00e9pben a teljes l\u00e1t\u00f3mez\u0151 fels\u0151 10% k\u00f6zep\u00e9n egy kinagy\u00edtott k\u00e9pet jelen\u00edt meg, amely lehet\u0151v\u00e9 teszi az \u00e9rdekl\u0151d\u00e9sre sz\u00e1mot tart\u00f3 objektum pontos nagy\u00edt\u00e1s\u00e1t.<\/span><\/p>\n<p class=\"font-weight-bold\"><strong><span data-darkreader-inline-color=\"\">Kivehet\u0151 akkumul\u00e1tor hossz\u00fa \u00e9lettartammal<\/span><\/strong><\/p>\n<p><span data-darkreader-inline-color=\"\">Az APS3 gyorsan cser\u00e9lhet\u0151 \u00fajrat\u00f6lthet\u0151 akkumul\u00e1tor egyetlen felt\u00f6lt\u00e9ssel 7 \u00f3r\u00e1n \u00e1t biztos\u00edtja a h\u0151kamera folyamatos m\u0171k\u00f6d\u00e9s\u00e9t. Az akkumul\u00e1tor m\u00e1sodpercek alatt kivehet\u0151 az elemtart\u00f3b\u00f3l \u00e9s kicser\u00e9lhet\u0151 egy \u00fajjal. Az akkumul\u00e1tor a dokkol\u00f3\u00e1llom\u00e1son vagy a k\u00e9sz\u00fcl\u00e9k belsej\u00e9ben, hagyom\u00e1nyos h\u00e1l\u00f3zati aljzatr\u00f3l vagy USB-n kereszt\u00fcl powerbank seg\u00edts\u00e9g\u00e9vel t\u00f6lthet\u0151. Ugyanezek a t\u00e1pegys\u00e9gek szolg\u00e1lnak a h\u0151kamer\u00e1s k\u00e9sz\u00fcl\u00e9k k\u00fcls\u0151 t\u00e1pell\u00e1t\u00e1s\u00e1ra.<\/span><\/p>\n<p class=\"font-weight-bold\"><strong><span data-darkreader-inline-color=\"\">Gyors t\u00f6lt\u00e9s USB Type-C-vel<\/span><\/strong><\/p>\n<p><span data-darkreader-inline-color=\"\">A k\u00e9sz\u00fcl\u00e9k gyorsan felt\u00f6lthet\u0151 b\u00e1rmilyen t\u00f6lt\u0151vel, amely t\u00e1mogatja a t\u00e1pprotokollt, egy szabv\u00e1nyos USB Type-C t\u00e1pk\u00e1belen kereszt\u00fcl.<\/span><\/p>\n<table class=\"parametry table table-striped\" cellspacing=\"0\" cellpadding=\"2\">\n<tbody>\n<tr class=\"odd\">\n<th scope=\"row\"><abbr title=\"T\u00e1vcs\u0151 nagy\u00edt\u00e1s  \">Nagy\u00edt\u00e1s<\/abbr>\u00a0:<\/th>\n<td>2 - 8x<\/td>\n<\/tr>\n<tr class=\"even\">\n<th scope=\"row\">Digit\u00e1lis nagy\u00edt\u00e1s:<\/th>\n<td>3<\/td>\n<\/tr>\n<tr class=\"odd\">\n<th scope=\"row\">Mikrobolom\u00e9ter:<\/th>\n<td>384\u00d7288 px<\/td>\n<\/tr>\n<tr class=\"even\">\n<th scope=\"row\"><abbr title=\"Az \u00e9rz\u00e9kel\u0151 azon k\u00e9pess\u00e9ge, hogy a lehet\u0151 legkisebb h\u0151m\u00e9rs\u00e9klet-k\u00fcl\u00f6nbs\u00e9ggel k\u00e9pes megk\u00fcl\u00f6nb\u00f6ztetni k\u00e9t k\u00f6zeli pontot.\">NETD<\/abbr>\u00a0:<\/th>\n<td>&lt; 25mK<\/td>\n<\/tr>\n<tr class=\"odd\">\n<th scope=\"row\">Pixeloszt\u00e1s:<\/th>\n<td>17 \u00b5m<\/td>\n<\/tr>\n<tr class=\"even\">\n<th scope=\"row\">Kijelz\u0151 felbont\u00e1sa:<\/th>\n<td>640\u00d7400 px<\/td>\n<\/tr>\n<tr class=\"odd\">\n<th scope=\"row\">K\u00e9pkocka sebess\u00e9g:<\/th>\n<td>50 Hz<\/td>\n<\/tr>\n<tr class=\"even\">\n<th scope=\"row\">Kijelz\u0151 t\u00edpusa: A kijelz\u0151 t\u00edpusa:<\/th>\n<td>AMOLED<\/td>\n<\/tr>\n<tr class=\"odd\">\n<th scope=\"row\">\u00c9rz\u00e9kel\u00e9si t\u00e1vols\u00e1g:<\/th>\n<td>850m<\/td>\n<\/tr>\n<tr class=\"even\">\n<th scope=\"row\">F\u00f3kuszt\u00e1vols\u00e1g:<\/th>\n<td>30 mm<\/td>\n<\/tr>\n<tr class=\"odd\">\n<th scope=\"row\">Objekt\u00edv param\u00e9terek:<\/th>\n<td>F30\/1.2<\/td>\n<\/tr>\n<tr class=\"even\">\n<th scope=\"row\">Betekint\u00e9si sz\u00f6g:<\/th>\n<td>13.3\u00d710\u00b0<\/td>\n<\/tr>\n<tr class=\"odd\">\n<th scope=\"row\">L\u00e1t\u00f3mez\u0151 100 m\u00e9teren:<\/th>\n<td>23,3x17,5 m<\/td>\n<\/tr>\n<tr class=\"even\">\n<th scope=\"row\">T\u00e1pegys\u00e9g:<\/th>\n<td>3,0 - 4,2 V, Li-ion akkumul\u00e1tor APS3 3,2 Ah V<\/td>\n<\/tr>\n<tr class=\"odd\">\n<th scope=\"row\">K\u00fcls\u0151 t\u00e1pegys\u00e9g:<\/th>\n<td>5V, 9V (USB-C)<\/td>\n<\/tr>\n<tr class=\"even\">\n<th scope=\"row\">VIDE\u00d3:<\/th>\n<td>Igen<\/td>\n<\/tr>\n<tr class=\"odd\">\n<th scope=\"row\">Mem\u00f3ria m\u00e9rete:<\/th>\n<td>16 Gb<\/td>\n<\/tr>\n<tr class=\"even\">\n<th scope=\"row\">Vide\u00f3\/f\u00e9nyk\u00e9p form\u00e1tum:<\/th>\n<td>.mp4 \/.jpg<\/td>\n<\/tr>\n<tr class=\"odd\">\n<th scope=\"row\">Vide\u00f3\/f\u00e9nyk\u00e9p felbont\u00e1s:<\/th>\n<td>528\u0445400<\/td>\n<\/tr>\n<tr class=\"even\">\n<th scope=\"row\">V\u00edz\u00e1ll\u00f3s\u00e1g:<\/th>\n<td>IPX7<\/td>\n<\/tr>\n<tr class=\"odd\">\n<th scope=\"row\">Sz\u00e1l:<\/th>\n<td>1\/4\u2033<\/td>\n<\/tr>\n<tr class=\"even\">\n<th scope=\"row\">\u00dczemi h\u0151m\u00e9rs\u00e9klet:<\/th>\n<td>-25 ... +50 \u00b0C<\/td>\n<\/tr>\n<tr class=\"odd\">\n<th scope=\"row\">Wi-Fi:<\/th>\n<td>2,4\/5 GHz<\/td>\n<\/tr>\n<tr class=\"even\">\n<th scope=\"row\">USB, t\u00edpus:<\/th>\n<td>USB-C<\/td>\n<\/tr>\n<tr class=\"odd\">\n<th scope=\"row\">M\u0171k\u00f6d\u00e9si id\u0151 (t22\u00b0C-on):<\/th>\n<td>8 \u00f3ra.<\/td>\n<\/tr>\n<tr class=\"even\">\n<th scope=\"row\">M\u00e9retek:<\/th>\n<td>144x41x69mm<\/td>\n<\/tr>\n<tr class=\"odd\">\n<th scope=\"row\">S\u00faly:<\/th>\n<td>0,3 (akkumul\u00e1torokkal egy\u00fctt)kg<\/td>\n<\/tr>\n<\/tbody>\n<\/table>\n<div class=\"block col-lg-4 col-md-6\">\n<p class=\"font-weight-bold\"><strong><span data-darkreader-inline-color=\"\">V\u00edz\u00e1ll\u00f3 IPX7<\/span><\/strong><\/p>\n<p><span data-darkreader-inline-color=\"\">Az IPX7 v\u00edzszigetel\u00e9s v\u00e9delmet biztos\u00edt a heves es\u0151, h\u00f3 vagy m\u00e1s csapad\u00e9k ellen. A k\u00e9sz\u00fcl\u00e9ket \u00fagy tervezt\u00e9k, hogy ak\u00e1r 1 m\u00e9ter m\u00e9ly v\u00edzbe mer\u00fclve is hib\u00e1tlanul m\u0171k\u00f6dj\u00f6n ak\u00e1r 30 percig.<\/span><\/p>\n<\/div>\n<\/div>\n<\/section>\n<p><a href=\"https:\/\/www.pulsar-nv.com\/glo\/products\/33\/thermal-imaging-monoculars\/axion-pro\/\"><br \/>\nhttps:\/\/www.pulsar-nv.com\/glo\/products\/33\/thermal-imaging-monoculars\/axion-pro\/<\/a><\/div>\n<\/div>\n<\/div>\n<\/div>\n<\/div>\n<\/section>","protected":false},"excerpt":{"rendered":"<p>Axion XQ30 Pro - az els\u0151 Axion Compact h\u0151kamera \u00e9s a Pulsar term\u00e9kcsal\u00e1d legkisebb zsebmonokul\u00e1rja.<\/p>\n<p>Az Axion XM30F hely\u00e9be l\u00e9p, \u00e9s nagyobb felbont\u00e1ssal (384\u00d7288 pixel) \u00e9s \u00e9rz\u00e9kenyebb, eur\u00f3pai gy\u00e1rtm\u00e1ny\u00fa Lynred \u00e9rz\u00e9kel\u0151vel rendelkezik, amelynek h\u0151\u00e9rz\u00e9kenys\u00e9ge (NETD-\u00e9rt\u00e9k) &lt;25 mK. Emellett az \u00faj Compact sorozat\u00fa monokul\u00e1r sokkal sz\u00e9lesebb l\u00e1t\u00f3mez\u0151vel (13,3\u00b0) \u00e9s hosszabb, ak\u00e1r 8 \u00f3r\u00e1s \u00fczemid\u0151vel rendelkezik, mint el\u0151dje.<\/p>\n<p>A k\u00f6nny\u0171 h\u0151kamer\u00e1s monokul\u00e1r ugyanolyan teljes funkcionalit\u00e1ssal rendelkezik, mint a t\u00f6bbi Pulsar cs\u00facsterm\u00e9k. Kiv\u00e1l\u00f3 min\u0151s\u00e9g\u0171 germ\u00e1nium lencse, robusztus magn\u00e9zium\u00f6tv\u00f6zet h\u00e1z, USB Type-C csatlakoztathat\u00f3s\u00e1g \u00e9s cser\u00e9lhet\u0151 akkumul\u00e1tor, amely teljes s\u00f6t\u00e9ts\u00e9gben gyorsan cser\u00e9lhet\u0151.<\/p>","protected":false},"featured_media":3021,"template":"","meta":{"_gspb_post_css":""},"product_brand":[317],"product_cat":[21,144,327],"product_tag":[353,172,337],"class_list":{"0":"post-2897","1":"product","2":"type-product","3":"status-publish","4":"has-post-thumbnail","6":"product_brand-pulsar","7":"product_cat-optika","8":"product_cat-termovizie","9":"product_cat-termovizne-monokulary","10":"product_tag-axion","11":"product_tag-pulsar","12":"product_tag-termovizny-monokular","14":"first","15":"instock","16":"taxable","17":"shipping-taxable","18":"purchasable","19":"product-type-simple"},"ct_brands":[{"id":317,"name":"Pulsar","slug":"pulzar"}],"_links":{"self":[{"href":"https:\/\/zbranebudai.sk\/hu\/wp-json\/wp\/v2\/product\/2897","targetHints":{"allow":["GET"]}}],"collection":[{"href":"https:\/\/zbranebudai.sk\/hu\/wp-json\/wp\/v2\/product"}],"about":[{"href":"https:\/\/zbranebudai.sk\/hu\/wp-json\/wp\/v2\/types\/product"}],"wp:featuredmedia":[{"embeddable":true,"href":"https:\/\/zbranebudai.sk\/hu\/wp-json\/wp\/v2\/media\/3021"}],"wp:attachment":[{"href":"https:\/\/zbranebudai.sk\/hu\/wp-json\/wp\/v2\/media?parent=2897"}],"wp:term":[{"taxonomy":"product_brand","embeddable":true,"href":"https:\/\/zbranebudai.sk\/hu\/wp-json\/wp\/v2\/product_brand?post=2897"},{"taxonomy":"product_cat","embeddable":true,"href":"https:\/\/zbranebudai.sk\/hu\/wp-json\/wp\/v2\/product_cat?post=2897"},{"taxonomy":"product_tag","embeddable":true,"href":"https:\/\/zbranebudai.sk\/hu\/wp-json\/wp\/v2\/product_tag?post=2897"}],"curies":[{"name":"wp","href":"https:\/\/api.w.org\/{rel}","templated":true}]}}