{"id":2881,"date":"2025-02-01T20:22:29","date_gmt":"2025-02-01T18:22:29","guid":{"rendered":"https:\/\/zbranebudai.sk\/?post_type=product&#038;p=2881"},"modified":"2025-08-31T03:57:31","modified_gmt":"2025-08-31T01:57:31","slug":"pulsar-axion-2-lrf-xq35-pro-hokamera-keresotavcso","status":"publish","type":"product","link":"https:\/\/zbranebudai.sk\/hu\/product\/pulsar-axion-2-lrf-xq35-pro-hokamera-keresotavcso\/","title":{"rendered":"Pulsar AXION 2 LRF XQ35 PRO h\u0151kamer\u00e1s monokul\u00e1r"},"content":{"rendered":"<p>Az Axion 2 h\u0151kamer\u00e1k \u00faj megk\u00f6zel\u00edt\u00e9st alkalmaznak a k\u00e9p optimaliz\u00e1l\u00e1s\u00e1ra a c\u00e9lt\u00f3l \u00e9s a l\u00e1t\u00e1si k\u00f6r\u00fclm\u00e9nyekt\u0151l f\u00fcgg\u0151en, \u00edgy a c\u00e9lobjektumok \u00e9s a h\u00e1tt\u00e9r kiv\u00e1l\u00f3 min\u0151s\u00e9g\u0171 megjelen\u00edt\u00e9s\u00e9t biztos\u00edtj\u00e1k. A jeler\u0151s\u00edt\u00e9s h\u00e1rom szintje, valamint a mell\u00e9kelt sim\u00edt\u00f3sz\u0171r\u0151 \u00e9s a f\u00e9nyer\u0151 \u00e9s a kontraszt finom be\u00e1ll\u00edt\u00e1sa nagyszer\u0171 lehet\u0151s\u00e9geket biztos\u00edt a vad\u00e1sz sz\u00e1m\u00e1ra, hogy k\u00fcl\u00f6nb\u00f6z\u0151 id\u0151j\u00e1r\u00e1si \u00e9s h\u0151m\u00e9rs\u00e9kleti k\u00f6r\u00fclm\u00e9nyek k\u00f6z\u00f6tt, t\u00e1volr\u00f3l is \u00e9szlelhesse az \u00e1llatokat, \u00e9s meghat\u00e1rozhassa azok jellemz\u0151it.<\/p>\n<p><strong>Kiv\u00e1l\u00f3 min\u0151s\u00e9g\u0171, meger\u0151s\u00edtett magn\u00e9zium \u00f6tv\u00f6zetb\u0151l k\u00e9sz\u00fclt h\u00e1z<\/strong><br \/>\nAz Axion 2-t folyamatos, gyakran ig\u00e9nyes haszn\u00e1latra tervezt\u00e9k. A magn\u00e9zium\u00f6tv\u00f6zetb\u0151l k\u00e9sz\u00fclt h\u00e1z egyszerre k\u00f6nny\u0171 \u00e9s er\u0151s. A tok megb\u00edzhat\u00f3an v\u00e9di a h\u0151kamera bels\u0151 alkatr\u00e9szeit az \u00fct\u00e9sekt\u0151l, a lees\u00e9st\u0151l, a nedvess\u00e9gt\u0151l, a h\u0151t\u0151l vagy a hidegt\u0151l. Ugyanakkor a f\u00e9mh\u00e1z hat\u00e9konyan vezeti el az elektronik\u00e1b\u00f3l sz\u00e1rmaz\u00f3 h\u0151t, minimaliz\u00e1lja a k\u00e9pzajt, \u00e9s n\u00f6veli a m\u0171szer \u00fczemi h\u0151m\u00e9rs\u00e9klet\u00e9nek stabilit\u00e1s\u00e1t hossz\u00fa t\u00e1v\u00fa megfigyel\u00e9s sor\u00e1n.<\/p>\n<p><strong>Meghosszabb\u00edtott akkumul\u00e1tor \u00e9lettartam<\/strong><br \/>\nAk\u00e1r 11 \u00f3ra egyetlen felt\u00f6lt\u00e9ssel A nagy kapacit\u00e1s\u00fa APS5 \u00fajrat\u00f6lthet\u0151 akkumul\u00e1tor egyetlen felt\u00f6lt\u00e9ssel ak\u00e1r 11 \u00f3ra (modellt\u0151l f\u00fcgg\u0151en) folyamatos m\u0171k\u00f6d\u00e9st biztos\u00edt a h\u0151kamer\u00e1nak. Az akkumul\u00e1tor m\u00e1sodpercek alatt kivehet\u0151 az elemtart\u00f3b\u00f3l, \u00e9s kicser\u00e9lhet\u0151 egy \u00fajjal. Az akkumul\u00e1tor t\u00f6lt\u00e9se egy speci\u00e1lis t\u00f6lt\u0151ben vagy a k\u00e9sz\u00fcl\u00e9k belsej\u00e9ben t\u00f6rt\u00e9nik sz\u00e1m\u00edt\u00f3g\u00e9pr\u0151l, otthoni \u00e1ramell\u00e1t\u00f3 rendszerr\u0151l vagy powerbankr\u00f3l USB-C-n kereszt\u00fcl. Ugyanezek a t\u00e1pegys\u00e9gek szolg\u00e1lnak a h\u0151kamer\u00e1s k\u00e9sz\u00fcl\u00e9k k\u00fcls\u0151 t\u00e1pell\u00e1t\u00e1s\u00e1ra.<\/p>\n<p><strong>Tov\u00e1bbfejlesztett Wi-Fi kapcsolat a 2,4\/5 GHZ hull\u00e1ms\u00e1v t\u00e1mogat\u00e1s\u00e1val<\/strong><br \/>\nAz okostelefonok 2,4 GHz-es WiFi csatorn\u00e1n kereszt\u00fcli csatlakoztathat\u00f3s\u00e1g\u00e1nak szabv\u00e1nyos frekvenciatartom\u00e1ny\u00e1t az Axion 2-ben egy hat\u00e9kony 5 GHz-es tartom\u00e1ny eg\u00e9sz\u00edti ki. Az 5 GHz-es s\u00e1vban t\u00f6rt\u00e9n\u0151 csatlakoz\u00e1s nagyobb s\u00e1vsz\u00e9less\u00e9get, gyorsabb adat\u00e1tvitelt, zajmentess\u00e9get \u00e9s jobb kapcsolati stabilit\u00e1st k\u00edn\u00e1l, ami produkt\u00edvabb \u00e9s egyszer\u0171bb okostelefon-haszn\u00e1latot eredm\u00e9nyez.<\/p>\n<p><strong>Nagy f\u00e9ny\u00e1tereszt\u0151 k\u00e9pess\u00e9g\u0171 lencse<\/strong><br \/>\nA Germanium F35\/1,0 lencs\u00e9t az LWIR tartom\u00e1nyban val\u00f3 nagy \u00e1tereszt\u0151k\u00e9pess\u00e9g jellemzi. A lencse optikai elemeinek nagy pontoss\u00e1g\u00fa gy\u00e1rt\u00e1s\u00e1nak k\u00f6sz\u00f6nhet\u0151en az Axion 2 h\u0151kamera \u00e9rz\u00e9kel\u0151je \u00e1ltal gener\u00e1lt k\u00e9pet a tisztas\u00e1g \u00e9s a r\u00e9szletgazdags\u00e1g jellemzi.<\/p>\n<p><strong>L\u00e9zeres t\u00e1vols\u00e1gm\u00e9r\u0151<\/strong><br \/>\nA pontos t\u00e1vols\u00e1g ismerete alapvet\u0151 fontoss\u00e1g\u00fa a helyes d\u00f6nt\u00e9sek meghozatal\u00e1hoz. Az ak\u00e1r 1 kilom\u00e9teres hat\u00f3t\u00e1vols\u00e1ggal rendelkez\u0151 be\u00e9p\u00edtett l\u00e9zeres t\u00e1vols\u00e1gm\u00e9r\u0151 lehet\u0151v\u00e9 teszi a t\u00e1vols\u00e1gok m\u00e9r\u00e9s\u00e9t egyszeri m\u00e9r\u00e9s \u00e9s folyamatos p\u00e1szt\u00e1z\u00e1si m\u00f3dban, \u00b11 m\u00e9teres pontoss\u00e1ggal a gyors \u00e9s hibamentes helyzet\u00e9rt\u00e9kel\u00e9s \u00e9rdek\u00e9ben.<\/p>\n<p><strong>Nagy \u00e9rz\u00e9kenys\u00e9g\u0171, eur\u00f3pai gy\u00e1rt\u00e1s\u00fa Lynred \u00e9rz\u00e9kel\u0151<\/strong><br \/>\nAz Axion 2 LRF XQ35 h\u0151kamer\u00e1s monokul\u00e1rok 384\u00d7288 pixel (17 \u03bcm pixelm\u00e9ret) \/ 640\u00d7480 pixel (12 \u03bcm pixelm\u00e9ret) felbont\u00e1s\u00fa eur\u00f3pai Lynred \u00e9rz\u00e9kel\u0151kkel vannak felszerelve, amelyek neh\u00e9z l\u00e1t\u00e1si k\u00f6r\u00fclm\u00e9nyek k\u00f6z\u00f6tt is hasznos jelet r\u00f6gz\u00edtenek.<\/p>\n<p><strong>M\u0171szaki param\u00e9terek:<\/strong><\/p>\n<table class=\"parametry table table-striped\" cellspacing=\"0\" cellpadding=\"2\">\n<tbody>\n<tr class=\"odd\">\n<th scope=\"row\"><abbr title=\" T\u00e1vcs\u0151 nagy\u00edt\u00e1s \">Nagy\u00edt\u00e1s<\/abbr>:<\/th>\n<td>2 - 8x<\/td>\n<\/tr>\n<tr class=\"even\">\n<th scope=\"row\">Digit\u00e1lis nagy\u00edt\u00e1s:<\/th>\n<td>4x<\/td>\n<\/tr>\n<tr class=\"odd\">\n<th scope=\"row\">\u00c9rz\u00e9kel\u0151:<\/th>\n<td>384\u00d7288 px<\/td>\n<\/tr>\n<tr class=\"even\">\n<th scope=\"row\"><abbr title=\" Az \u00e9rz\u00e9kel\u0151 azon k\u00e9pess\u00e9ge, hogy a lehet\u0151 legkisebb h\u0151m\u00e9rs\u00e9klet-k\u00fcl\u00f6nbs\u00e9ggel k\u00e9pes megk\u00fcl\u00f6nb\u00f6ztetni k\u00e9t k\u00f6zeli pontot. \">NETD<\/abbr>:<\/th>\n<td>&lt; 40mK<\/td>\n<\/tr>\n<tr class=\"odd\">\n<th scope=\"row\">Pixel m\u00e9ret:<\/th>\n<td>17 \u00b5m<\/td>\n<\/tr>\n<tr class=\"even\">\n<th scope=\"row\">M\u00e9r\u00e9si t\u00e1vols\u00e1g:<\/th>\n<td>1000 m<\/td>\n<\/tr>\n<tr class=\"odd\">\n<th scope=\"row\">T\u00e1vm\u00e9r\u0151:<\/th>\n<td>L\u00e9zer, IEC 60825-1:2014, 905 nm<\/td>\n<\/tr>\n<tr class=\"even\">\n<th scope=\"row\">M\u00e9r\u00e9si pontoss\u00e1g:<\/th>\n<td>1 m<\/td>\n<\/tr>\n<tr class=\"odd\">\n<th scope=\"row\">Kijelz\u0151 t\u00edpusa: A kijelz\u0151 t\u00edpusa:<\/th>\n<td>AMOLED<\/td>\n<\/tr>\n<tr class=\"even\">\n<th scope=\"row\">Kijelz\u0151 felbont\u00e1sa:<\/th>\n<td>640\u00d7400 px<\/td>\n<\/tr>\n<tr class=\"odd\">\n<th scope=\"row\">\u00c9rz\u00e9kel\u00e9si t\u00e1vols\u00e1g:<\/th>\n<td>1300m<\/td>\n<\/tr>\n<tr class=\"even\">\n<th scope=\"row\">F\u00f3kuszt\u00e1vols\u00e1g:<\/th>\n<td>35 mm<\/td>\n<\/tr>\n<tr class=\"odd\">\n<th scope=\"row\">Objekt\u00edv param\u00e9terek:<\/th>\n<td>F35\/1.0<\/td>\n<\/tr>\n<tr class=\"even\">\n<th scope=\"row\">Betekint\u00e9si sz\u00f6g:<\/th>\n<td>10.7\u04458\u00b0<\/td>\n<\/tr>\n<tr class=\"odd\">\n<th scope=\"row\">L\u00e1t\u00f3mez\u0151 100 m\u00e9teren:<\/th>\n<td>18.2 m<\/td>\n<\/tr>\n<tr class=\"even\">\n<th scope=\"row\"><abbr title=\" A szemt\u00e1vols\u00e1g az a t\u00e1vols\u00e1g az okul\u00e1r utols\u00f3 lencs\u00e9je \u00e9s a megfigyel\u0151 szeme k\u00f6z\u00f6tt, amelyn\u00e9l a teljes l\u00e1t\u00f3mez\u0151 k\u00e9nyelmesen l\u00e1that\u00f3. \">Szemkiemel\u00e9s<\/abbr>:<\/th>\n<td>14mm<\/td>\n<\/tr>\n<tr class=\"odd\">\n<th scope=\"row\">T\u00e1pegys\u00e9g:<\/th>\n<td>3,0 - 4,2 (APS5) V<\/td>\n<\/tr>\n<tr class=\"even\">\n<th scope=\"row\">K\u00fcls\u0151 t\u00e1pegys\u00e9g:<\/th>\n<td>5 V, 9 V (C t\u00edpus\u00fa USB)<\/td>\n<\/tr>\n<tr class=\"odd\">\n<th scope=\"row\">VIDE\u00d3:<\/th>\n<td>Igen<\/td>\n<\/tr>\n<tr class=\"even\">\n<th scope=\"row\">Mem\u00f3ria m\u00e9rete:<\/th>\n<td>16 Gb<\/td>\n<\/tr>\n<tr class=\"odd\">\n<th scope=\"row\">Vide\u00f3\/f\u00e9nyk\u00e9p form\u00e1tum:<\/th>\n<td>.mp4 \/.jpg<\/td>\n<\/tr>\n<tr class=\"even\">\n<th scope=\"row\">Vide\u00f3\/Fot\u00f3 felbont\u00e1s:<\/th>\n<td>528\u00d7400 px<\/td>\n<\/tr>\n<tr class=\"odd\">\n<th scope=\"row\">Anyag:<\/th>\n<td>Alum\u00ednium \u00f6tv\u00f6zet<\/td>\n<\/tr>\n<tr class=\"even\">\n<th scope=\"row\">V\u00edz\u00e1ll\u00f3s\u00e1g:<\/th>\n<td>IPX7<\/td>\n<\/tr>\n<tr class=\"odd\">\n<th scope=\"row\">\u00dczemi h\u0151m\u00e9rs\u00e9klet:<\/th>\n<td>-25 ... +40 \u00b0C<\/td>\n<\/tr>\n<tr class=\"even\">\n<th scope=\"row\">Wi-Fi:<\/th>\n<td>802.11 b\/g\/n\/ac (2,4\/5 GHz)<\/td>\n<\/tr>\n<tr class=\"odd\">\n<th scope=\"row\">USB, t\u00edpus:<\/th>\n<td>USB-C<\/td>\n<\/tr>\n<tr class=\"even\">\n<th scope=\"row\">M\u0171k\u00f6d\u00e9si id\u0151 ( t22\u00b0C-on):<\/th>\n<td>11 \u00f3ra.<\/td>\n<\/tr>\n<tr class=\"odd\">\n<th scope=\"row\">M\u00e9retek:<\/th>\n<td>152x74x75mm<\/td>\n<\/tr>\n<tr class=\"even\">\n<th scope=\"row\">S\u00faly:<\/th>\n<td>0.35kg<\/td>\n<\/tr>\n<\/tbody>\n<\/table>","protected":false},"excerpt":{"rendered":"<p>Az Axion 2 XQ35 PRO h\u0151kamer\u00e1k \u00faj megk\u00f6zel\u00edt\u00e9st alkalmaznak a k\u00e9poptimaliz\u00e1l\u00e1shoz a c\u00e9lt\u00f3l \u00e9s a l\u00e1t\u00e1si k\u00f6r\u00fclm\u00e9nyekt\u0151l f\u00fcgg\u0151en, \u00edgy mind a c\u00e9lobjektumok, mind a h\u00e1tt\u00e9r kiv\u00e1l\u00f3 min\u0151s\u00e9g\u0171 megjelen\u00edt\u00e9s\u00e9t biztos\u00edtj\u00e1k. NETD \u00e9rz\u00e9kel\u0151 \u00e9rz\u00e9kenys\u00e9ge &lt; 25 mK. Be\u00e9p\u00edtett l\u00e9zeres t\u00e1vols\u00e1gm\u00e9r\u0151.<\/p>","protected":false},"featured_media":3011,"template":"","meta":{"_gspb_post_css":""},"product_brand":[317],"product_cat":[21,144,327],"product_tag":[353,172,337],"class_list":{"0":"post-2881","1":"product","2":"type-product","3":"status-publish","4":"has-post-thumbnail","6":"product_brand-pulsar","7":"product_cat-optika","8":"product_cat-termovizie","9":"product_cat-termovizne-monokulary","10":"product_tag-axion","11":"product_tag-pulsar","12":"product_tag-termovizny-monokular","14":"first","15":"instock","16":"taxable","17":"shipping-taxable","18":"purchasable","19":"product-type-simple"},"ct_brands":[{"id":317,"name":"Pulsar","slug":"pulzar"}],"_links":{"self":[{"href":"https:\/\/zbranebudai.sk\/hu\/wp-json\/wp\/v2\/product\/2881","targetHints":{"allow":["GET"]}}],"collection":[{"href":"https:\/\/zbranebudai.sk\/hu\/wp-json\/wp\/v2\/product"}],"about":[{"href":"https:\/\/zbranebudai.sk\/hu\/wp-json\/wp\/v2\/types\/product"}],"wp:featuredmedia":[{"embeddable":true,"href":"https:\/\/zbranebudai.sk\/hu\/wp-json\/wp\/v2\/media\/3011"}],"wp:attachment":[{"href":"https:\/\/zbranebudai.sk\/hu\/wp-json\/wp\/v2\/media?parent=2881"}],"wp:term":[{"taxonomy":"product_brand","embeddable":true,"href":"https:\/\/zbranebudai.sk\/hu\/wp-json\/wp\/v2\/product_brand?post=2881"},{"taxonomy":"product_cat","embeddable":true,"href":"https:\/\/zbranebudai.sk\/hu\/wp-json\/wp\/v2\/product_cat?post=2881"},{"taxonomy":"product_tag","embeddable":true,"href":"https:\/\/zbranebudai.sk\/hu\/wp-json\/wp\/v2\/product_tag?post=2881"}],"curies":[{"name":"wp","href":"https:\/\/api.w.org\/{rel}","templated":true}]}}