{"id":2880,"date":"2025-02-01T20:22:29","date_gmt":"2025-02-01T18:22:29","guid":{"rendered":"https:\/\/zbranebudai.sk\/?post_type=product&#038;p=2880"},"modified":"2025-08-31T03:57:31","modified_gmt":"2025-08-31T01:57:31","slug":"pulsar-aps5t-akkumulator","status":"publish","type":"product","link":"https:\/\/zbranebudai.sk\/hu\/product\/pulsar-aps5t-akkumulator\/","title":{"rendered":"Pulsar APS5T akkumul\u00e1tor"},"content":{"rendered":"<div class=\"parameters-table\">\n<table class=\"parametry table table-striped\" cellspacing=\"0\" cellpadding=\"2\">\n<tbody>\n<tr class=\"odd\">\n<th scope=\"row\">Kompatibilis optikai eszk\u00f6z\u00f6k:<\/th>\n<td>Axion XQ, Axion XQ LRF<\/td>\n<\/tr>\n<tr class=\"even\">\n<th scope=\"row\">T\u00edpus:<\/th>\n<td>Li-Ion<\/td>\n<\/tr>\n<tr class=\"odd\">\n<th scope=\"row\">Kapacit\u00e1s (C):<\/th>\n<td>4900mAh<\/td>\n<\/tr>\n<tr class=\"even\">\n<th scope=\"row\">Fesz\u00fclts\u00e9g teljes t\u00f6lt\u00e9sn\u00e9l:<\/th>\n<td>3.7V<\/td>\n<\/tr>\n<tr class=\"odd\">\n<th scope=\"row\">M\u00e9retek:<\/th>\n<td>85 x 26 x 26mm<\/td>\n<\/tr>\n<tr class=\"even\">\n<th scope=\"row\">S\u00faly:<\/th>\n<td>0.08kg<\/td>\n<\/tr>\n<\/tbody>\n<\/table>\n<\/div>","protected":false},"excerpt":{"rendered":"<p>Akkumul\u00e1tor a Pulsar Axion XQ, Axion XQ LRF t\u00e1pell\u00e1t\u00e1s\u00e1hoz.<\/p>","protected":false},"featured_media":3010,"template":"","meta":{"_gspb_post_css":""},"product_brand":[317],"product_cat":[21,354],"product_tag":[355,172],"class_list":{"0":"post-2880","1":"product","2":"type-product","3":"status-publish","4":"has-post-thumbnail","6":"product_brand-pulsar","7":"product_cat-optika","8":"product_cat-prislusenstvo","9":"product_tag-akumulator","10":"product_tag-pulsar","12":"first","13":"instock","14":"taxable","15":"shipping-taxable","16":"purchasable","17":"product-type-simple"},"ct_brands":[{"id":317,"name":"Pulsar","slug":"pulzar"}],"_links":{"self":[{"href":"https:\/\/zbranebudai.sk\/hu\/wp-json\/wp\/v2\/product\/2880","targetHints":{"allow":["GET"]}}],"collection":[{"href":"https:\/\/zbranebudai.sk\/hu\/wp-json\/wp\/v2\/product"}],"about":[{"href":"https:\/\/zbranebudai.sk\/hu\/wp-json\/wp\/v2\/types\/product"}],"wp:featuredmedia":[{"embeddable":true,"href":"https:\/\/zbranebudai.sk\/hu\/wp-json\/wp\/v2\/media\/3010"}],"wp:attachment":[{"href":"https:\/\/zbranebudai.sk\/hu\/wp-json\/wp\/v2\/media?parent=2880"}],"wp:term":[{"taxonomy":"product_brand","embeddable":true,"href":"https:\/\/zbranebudai.sk\/hu\/wp-json\/wp\/v2\/product_brand?post=2880"},{"taxonomy":"product_cat","embeddable":true,"href":"https:\/\/zbranebudai.sk\/hu\/wp-json\/wp\/v2\/product_cat?post=2880"},{"taxonomy":"product_tag","embeddable":true,"href":"https:\/\/zbranebudai.sk\/hu\/wp-json\/wp\/v2\/product_tag?post=2880"}],"curies":[{"name":"wp","href":"https:\/\/api.w.org\/{rel}","templated":true}]}}