{"id":2879,"date":"2025-02-01T20:22:29","date_gmt":"2025-02-01T18:22:29","guid":{"rendered":"https:\/\/zbranebudai.sk\/?post_type=product&#038;p=2879"},"modified":"2025-08-31T03:57:31","modified_gmt":"2025-08-31T01:57:31","slug":"pulsar-thermion-2-xq50-pro-hokamera-celtavcso","status":"publish","type":"product","link":"https:\/\/zbranebudai.sk\/hu\/product\/pulsar-thermion-2-xq50-pro-hokamera-celtavcso\/","title":{"rendered":"Pulsar THERMION 2 XQ50 PRO h\u0151kamer\u00e1s l\u00e1tcs\u0151"},"content":{"rendered":"<p>Klasszikus kialak\u00edt\u00e1s. Szerel\u00e9s szabv\u00e1nyos 30 mm-es gy\u0171r\u0171kre<\/p>\n<section class=\"section-4\">\n<p class=\"text-center col-8\">A klasszikus eszt\u00e9tikus forma illeszkedik a vad\u00e1szfegyverhez, \u00e9s ide\u00e1lis minden t\u00edpus\u00fa vad\u00e1szathoz, \u00e9s nem utols\u00f3sorban leegyszer\u0171s\u00edti a c\u00e9lkereszt fegyverre t\u00f6rt\u00e9n\u0151 felszerel\u00e9s\u00e9t. A Thermion c\u00e9lz\u00f3k\u00e9sz\u00fcl\u00e9keket a k\u00f6nny\u0171 haszn\u00e1lat \u00e9rdek\u00e9ben tervezt\u00e9k, \u00e9s szabv\u00e1nyos 30 mm-es gy\u0171r\u0171kre szerelhet\u0151k. A c\u00e9lkereszt felszerel\u00e9s\u00e9hez nincs sz\u00fcks\u00e9g speci\u00e1lis szersz\u00e1mokra vagy felszerel\u00e9sre.<\/p>\n<p class=\"text-center col-8\">Szuper\u00e9rz\u00e9keny h\u0151kamer\u00e1s \u00e9rz\u00e9kel\u0151<\/p>\n<\/section>\n<section class=\"section-2\">\n<p class=\"text-center col-8\">A &lt;25mK NETD \u00e9rz\u00e9kenys\u00e9gi \u00e9rt\u00e9kkel rendelkez\u0151 h\u0151\u00e9rz\u00e9kel\u0151 t\u00f6k\u00e9letes r\u00e9szletfelismer\u00e9st biztos\u00edt m\u00e9g a legzordabb id\u0151j\u00e1r\u00e1si k\u00f6r\u00fclm\u00e9nyek k\u00f6z\u00f6tt is, ahol a h\u0151kontraszt alacsony. A megfigyelt objektumok legkisebb h\u0151m\u00e9rs\u00e9kleti k\u00fcl\u00f6nbs\u00e9gei is j\u00f3l l\u00e1that\u00f3ak heves es\u0151z\u00e9sek, s\u0171r\u0171 k\u00f6d vagy hideg reggelek eset\u00e9n, ami megk\u00f6nny\u00edti a vadak felismer\u00e9s\u00e9t \u00e9s azonos\u00edt\u00e1s\u00e1t.<\/p>\n<p><img decoding=\"async\" src=\"https:\/\/www.pulsar-nv.com\/data\/public\/thumbnails\/2022\/03\/resize_2266x736_d3_sensor.png\" alt=\"\" \/>Nagy \u00e1tereszt\u0151k\u00e9pess\u00e9g\u0171 F1.0 germ\u00e1nium optika<\/p>\n<p class=\"text-center col-8\">A kiv\u00e1l\u00f3 min\u0151s\u00e9g\u0171, nagy \u00e1tereszt\u0151k\u00e9pess\u00e9g\u0171 germ\u00e1nium optika optim\u00e1lis h\u0151energia-\u00e1tvitelt biztos\u00edt, minimaliz\u00e1lja a zajt \u00e9s jav\u00edtja a megfigyelt jelenet r\u00e9szleteit.<img decoding=\"async\" src=\"https:\/\/www.pulsar-nv.com\/data\/public\/thumbnails\/2022\/03\/resize_990x1236_d2_germanium-optics_.png\" alt=\"\" \/><\/p>\n<p class=\"text-center font-weight-bold\"><strong>Sz\u00e9ls\u0151s\u00e9ges \u00e9rz\u00e9kel\u00e9si tartom\u00e1ny<\/strong><\/p>\n<p class=\"text-center col-8\">A kiv\u00e1l\u00f3 min\u0151s\u00e9g\u0171 germ\u00e1nium optika \u00e9s a fejlett h\u0151k\u00e9p\u00e9rz\u00e9kel\u0151 kombin\u00e1ci\u00f3ja p\u00e9lda n\u00e9lk\u00fcli, ak\u00e1r 1800 m\u00e9teres \u00e9rz\u00e9kel\u00e9si tartom\u00e1nyt biztos\u00edt, m\u00e9g teljes s\u00f6t\u00e9ts\u00e9gben is.<\/p>\n<p class=\"text-center col-8\">Ak\u00e1r 10 \u00f3r\u00e1s akkumul\u00e1tor-\u00fczemid\u0151 egyetlen felt\u00f6lt\u00e9ssel<\/p>\n<p class=\"text-center col-8\">A Thermion 2 PRO c\u00e9lz\u00f3k\u00e9sz\u00fcl\u00e9kek k\u00e9t \u00fajrat\u00f6lthet\u0151 li-ion akkumul\u00e1torb\u00f3l \u00e1ll\u00f3 kombin\u00e1lt akkumul\u00e1torral vannak felszerelve, egy bels\u0151 \u00e9s egy k\u00fcls\u0151 akkumul\u00e1torral. A k\u00fcls\u0151 \u00fajrat\u00f6lthet\u0151 akkumul\u00e1torok m\u0171k\u00f6d\u00e9s k\u00f6zben m\u00e1sodpercek alatt cser\u00e9lhet\u0151k, ami a vad\u00e1szathoz sz\u00fcks\u00e9ges t\u00f6bbletid\u0151t biztos\u00edt.<\/p>\n<\/section>\n<section class=\"section-5\">Wi-Fi integr\u00e1ci\u00f3 iOS \u00e9s Android eszk\u00f6z\u00f6kkel. Stream Vision 2 alkalmaz\u00e1s.<br \/>\nA be\u00e9p\u00edtett Wi-Fi modul a Stream Vision 2 mobilalkalmaz\u00e1son kereszt\u00fcl csatlakoztatja az eszk\u00f6z\u00f6ket az Android \u00e9s iOS okostelefonokhoz. Ez a kombin\u00e1ci\u00f3 olyan nagyszer\u0171 k\u00e9pess\u00e9geket biztos\u00edt, mint a k\u00e9sz\u00fcl\u00e9kszoftver vezet\u00e9k n\u00e9lk\u00fcli friss\u00edt\u00e9se, val\u00f3s idej\u0171 k\u00e9p\u00e1tvitel a mobileszk\u00f6z k\u00e9perny\u0151j\u00e9re, a k\u00e9sz\u00fcl\u00e9kfunkci\u00f3k t\u00e1vvez\u00e9rl\u00e9se \u00e9s m\u00e9g sok m\u00e1s. Az alkalmaz\u00e1sban regisztr\u00e1lt felhaszn\u00e1l\u00f3k felh\u0151 t\u00e1rhelyet kapnak a digit\u00e1lis vagy h\u0151kamer\u00e1s k\u00e9sz\u00fcl\u00e9kkel k\u00e9sz\u00edtett f\u00e9nyk\u00e9pekhez \u00e9s vide\u00f3khoz.<\/section>\n<section class=\"section-4\">A .375 H&amp;H, 12 gauge \u00e9s 9,3\u00d764-es l\u00f6ved\u00e9kek visszateker\u00e9si ellen\u00e1ll\u00e1sa.<\/p>\n<p class=\"text-center col-8\">Az ir\u00e1nyz\u00e9k nagy mechanikai tart\u00f3ss\u00e1ga hib\u00e1tlan teljes\u00edtm\u00e9nyt biztos\u00edt a .375 H&amp;H, 12-es kaliber\u0171, 9,3\u00d764-es kalibereknek megfelel\u0151 6000J visszar\u00fag\u00e1s \u00e9rt\u00e9kekig.<\/p>\n<\/section>\n<section class=\"section-6\">\n<div class=\"row justify-content-between\">\n<p><strong>M\u0171szaki param\u00e9terek<\/strong><\/p>\n<div class=\"parameters-table\">\n<table class=\"parametry table table-striped\" style=\"height: 854px;\" width=\"1139\" cellspacing=\"0\" cellpadding=\"2\">\n<tbody>\n<tr class=\"odd\">\n<th scope=\"row\"><abbr title=\"T\u00e1vcs\u0151 nagy\u00edt\u00e1s  \">Nagy\u00edt\u00e1s<\/abbr>:<\/th>\n<td>3 - 12x<\/td>\n<\/tr>\n<tr class=\"even\">\n<th scope=\"row\">Digit\u00e1lis nagy\u00edt\u00e1s:<\/th>\n<td>4<\/td>\n<\/tr>\n<tr class=\"odd\">\n<th scope=\"row\">Mikrobolom\u00e9ter:<\/th>\n<td>384\u00d7288 px<\/td>\n<\/tr>\n<tr class=\"even\">\n<th scope=\"row\"><abbr title=\"Az \u00e9rz\u00e9kel\u0151 azon k\u00e9pess\u00e9ge, hogy a lehet\u0151 legkisebb h\u0151m\u00e9rs\u00e9klet-k\u00fcl\u00f6nbs\u00e9ggel k\u00e9pes megk\u00fcl\u00f6nb\u00f6ztetni k\u00e9t k\u00f6zeli pontot.\">NETD<\/abbr>\u00a0:<\/th>\n<td>&lt;25mK<\/td>\n<\/tr>\n<tr class=\"odd\">\n<th scope=\"row\">Pixeloszt\u00e1s:<\/th>\n<td>17 \u00b5m<\/td>\n<\/tr>\n<tr class=\"even\">\n<th scope=\"row\">Kijelz\u0151 felbont\u00e1sa:<\/th>\n<td>1024\u00d7768<\/td>\n<\/tr>\n<tr class=\"odd\">\n<th scope=\"row\">K\u00e9pkocka sebess\u00e9g:<\/th>\n<td>50 Hz<\/td>\n<\/tr>\n<tr class=\"even\">\n<th scope=\"row\">Kijelz\u0151 t\u00edpusa: A kijelz\u0151 t\u00edpusa:<\/th>\n<td>AMOLED HD<\/td>\n<\/tr>\n<tr class=\"odd\">\n<th scope=\"row\">\u00c9rz\u00e9kel\u00e9si t\u00e1vols\u00e1g:<\/th>\n<td>1800m<\/td>\n<\/tr>\n<tr class=\"even\">\n<th scope=\"row\">F\u00f3kuszt\u00e1vols\u00e1g:<\/th>\n<td>50 mm<\/td>\n<\/tr>\n<tr class=\"odd\">\n<th scope=\"row\">Objekt\u00edv param\u00e9terek:<\/th>\n<td>F50\/1.0<\/td>\n<\/tr>\n<tr class=\"even\">\n<th scope=\"row\">Betekint\u00e9si sz\u00f6g:<\/th>\n<td>7.5\/13.1\u00b0<\/td>\n<\/tr>\n<tr class=\"odd\">\n<th scope=\"row\">L\u00e1t\u00f3mez\u0151 100 m\u00e9teren:<\/th>\n<td>21.8\u00d716.3 m<\/td>\n<\/tr>\n<tr class=\"even\">\n<th scope=\"row\"><abbr title=\"Az okul\u00e1r reliefje az a t\u00e1vols\u00e1g az okul\u00e1r utols\u00f3 lencs\u00e9je \u00e9s a megfigyel\u0151 szeme k\u00f6z\u00f6tt, amelyben a teljes l\u00e1t\u00f3mez\u0151 k\u00e9nyelmesen l\u00e1that\u00f3.\">Szemkiemel\u00e9s<\/abbr>\u00a0:<\/th>\n<td>50mm<\/td>\n<\/tr>\n<tr class=\"odd\">\n<th scope=\"row\">T\u00e1pegys\u00e9g:<\/th>\n<td>3.0 - 4.2V, bels\u0151 4.9Ah, k\u00fcls\u0151 2Ah (Li-ion akkumul\u00e1torok) V<\/td>\n<\/tr>\n<tr class=\"even\">\n<th scope=\"row\">K\u00fcls\u0151 t\u00e1pegys\u00e9g:<\/th>\n<td>5V, 9V (USB-C)<\/td>\n<\/tr>\n<tr class=\"odd\">\n<th scope=\"row\">VIDE\u00d3:<\/th>\n<td>Igen<\/td>\n<\/tr>\n<tr class=\"even\">\n<th scope=\"row\">Mem\u00f3ria m\u00e9rete:<\/th>\n<td>16 Gb<\/td>\n<\/tr>\n<tr class=\"odd\">\n<th scope=\"row\">Vide\u00f3\/f\u00e9nyk\u00e9p form\u00e1tum:<\/th>\n<td>.mp4 \/.jpg<\/td>\n<\/tr>\n<tr class=\"even\">\n<th scope=\"row\">Vide\u00f3\/f\u00e9nyk\u00e9p felbont\u00e1s:<\/th>\n<td>1024\u00d7768<\/td>\n<\/tr>\n<tr class=\"odd\">\n<th scope=\"row\">Cs\u0151\u00e1tm\u00e9r\u0151:<\/th>\n<td>30 mm<\/td>\n<\/tr>\n<tr class=\"even\">\n<th scope=\"row\">Jav\u00edt\u00e1si l\u00e9p\u00e9s:<\/th>\n<td>13 - 3x, 6.5 - 6x, 3.25 - 12x mm\/100m<\/td>\n<\/tr>\n<tr class=\"odd\">\n<th scope=\"row\">A horizont\u00e1lis kiigaz\u00edt\u00e1s m\u00e9rt\u00e9ke:<\/th>\n<td>92MOA<\/td>\n<\/tr>\n<tr class=\"even\">\n<th scope=\"row\">A horizont\u00e1lis kiigaz\u00edt\u00e1s m\u00e9rt\u00e9ke:<\/th>\n<td>2600mm\/100m<\/td>\n<\/tr>\n<tr class=\"odd\">\n<th scope=\"row\">A f\u00fcgg\u0151leges egyenget\u00e9s m\u00e9rt\u00e9ke:<\/th>\n<td>92MOA<\/td>\n<\/tr>\n<tr class=\"even\">\n<th scope=\"row\">A f\u00fcgg\u0151leges egyenget\u00e9s m\u00e9rt\u00e9ke:<\/th>\n<td>2600mm\/100m<\/td>\n<\/tr>\n<tr class=\"odd\">\n<th scope=\"row\">Keresztt\u00edpus:<\/th>\n<td>10 b\u00e1zis<\/td>\n<\/tr>\n<tr class=\"even\">\n<th scope=\"row\">Visszar\u00fag\u00e1ssal szembeni ellen\u00e1ll\u00e1s:<\/th>\n<td>6000J<\/td>\n<\/tr>\n<tr class=\"odd\">\n<th scope=\"row\">Anyag:<\/th>\n<td>Alum\u00ednium \u00f6tv\u00f6zet<\/td>\n<\/tr>\n<tr class=\"even\">\n<th scope=\"row\">V\u00edz\u00e1ll\u00f3s\u00e1g:<\/th>\n<td>IPX7<\/td>\n<\/tr>\n<tr class=\"odd\">\n<th scope=\"row\">\u00dczemi h\u0151m\u00e9rs\u00e9klet:<\/th>\n<td>-25 ... +50 \u00b0C<\/td>\n<\/tr>\n<tr class=\"even\">\n<th scope=\"row\">Wi-Fi:<\/th>\n<td>2.4 \/ 5 Ghz<\/td>\n<\/tr>\n<tr class=\"odd\">\n<th scope=\"row\">USB, t\u00edpus:<\/th>\n<td>USB-C<\/td>\n<\/tr>\n<tr class=\"even\">\n<th scope=\"row\">M\u0171k\u00f6d\u00e9si id\u0151 (t22\u00b0C-on):<\/th>\n<td>10 \u00f3ra.<\/td>\n<\/tr>\n<tr class=\"odd\">\n<th scope=\"row\">M\u00e9retek:<\/th>\n<td>412x78x83mm<\/td>\n<\/tr>\n<tr class=\"even\">\n<th scope=\"row\">S\u00faly:<\/th>\n<td>0,9kg<\/td>\n<\/tr>\n<\/tbody>\n<\/table>\n<\/div>\n<\/div>\n<\/section>\n<p><a href=\"https:\/\/www.pulsar-nv.com\/glo\/products\/33\/thermal-imaging-riflescopes\/thermion-2\/\">https:\/\/www.pulsar-nv.com\/glo\/products\/33\/thermal-imaging-riflescopes\/thermion-2\/<\/a><\/p>","protected":false},"excerpt":{"rendered":"<p>H\u0151kamer\u00e1s l\u00e1tcs\u0151 klasszikus form\u00e1val, 3x-os optikai nagy\u00edt\u00e1ssal, 384x284px-es \u00e9rz\u00e9kel\u0151vel \u00e9s NETD \u00e9rz\u00e9kenys\u00e9ggel &lt; 25mk.<\/p>","protected":false},"featured_media":3009,"template":"","meta":{"_gspb_post_css":""},"product_brand":[317],"product_cat":[21,144,326],"product_tag":[172,345,356],"class_list":{"0":"post-2879","1":"product","2":"type-product","3":"status-publish","4":"has-post-thumbnail","6":"product_brand-pulsar","7":"product_cat-optika","8":"product_cat-termovizie","9":"product_cat-termovizne-zameriavace","10":"product_tag-pulsar","11":"product_tag-termovizny-zameriavac","12":"product_tag-thermion","14":"first","15":"instock","16":"taxable","17":"shipping-taxable","18":"purchasable","19":"product-type-simple"},"ct_brands":[{"id":317,"name":"Pulsar","slug":"pulzar"}],"_links":{"self":[{"href":"https:\/\/zbranebudai.sk\/hu\/wp-json\/wp\/v2\/product\/2879","targetHints":{"allow":["GET"]}}],"collection":[{"href":"https:\/\/zbranebudai.sk\/hu\/wp-json\/wp\/v2\/product"}],"about":[{"href":"https:\/\/zbranebudai.sk\/hu\/wp-json\/wp\/v2\/types\/product"}],"wp:featuredmedia":[{"embeddable":true,"href":"https:\/\/zbranebudai.sk\/hu\/wp-json\/wp\/v2\/media\/3009"}],"wp:attachment":[{"href":"https:\/\/zbranebudai.sk\/hu\/wp-json\/wp\/v2\/media?parent=2879"}],"wp:term":[{"taxonomy":"product_brand","embeddable":true,"href":"https:\/\/zbranebudai.sk\/hu\/wp-json\/wp\/v2\/product_brand?post=2879"},{"taxonomy":"product_cat","embeddable":true,"href":"https:\/\/zbranebudai.sk\/hu\/wp-json\/wp\/v2\/product_cat?post=2879"},{"taxonomy":"product_tag","embeddable":true,"href":"https:\/\/zbranebudai.sk\/hu\/wp-json\/wp\/v2\/product_tag?post=2879"}],"curies":[{"name":"wp","href":"https:\/\/api.w.org\/{rel}","templated":true}]}}