{"id":2800,"date":"2025-02-01T20:19:18","date_gmt":"2025-02-01T18:19:18","guid":{"rendered":"https:\/\/zbranebudai.sk\/?post_type=product&#038;p=2800"},"modified":"2026-02-23T20:33:56","modified_gmt":"2026-02-23T18:33:56","slug":"hikmicro-stellar-sq50-2-0-hokamera-celtavcso","status":"publish","type":"product","link":"https:\/\/zbranebudai.sk\/hu\/product\/hikmicro-stellar-sq50-2-0-hokamera-celtavcso\/","title":{"rendered":"Hikmicro STELLAR SQ50 2.0 h\u0151kamera c\u00e9lt\u00e1vcs\u0151"},"content":{"rendered":"<p><strong>Hikmicro STELLAR SQ50 2.0 h\u0151kamera c\u00e9lt\u00e1vcs\u0151<\/strong><\/p>\n<p>Hagyom\u00e1nyos c\u00e9lt\u00e1vcs\u0151 felturb\u00f3zott teljes\u00edtm\u00e9nnyel! A Stellar sorozat m\u00e1sodik gener\u00e1ci\u00f3ja elhozza az SQ50 2.0-t, amely minden er\u0151fesz\u00edt\u00e9st megtett, hogy tov\u00e1bbl\u00e9pjen \u00e9s meg\u00faj\u00edtsa azt, amit m\u00e1r mindannyian ismer\u00fcnk.<\/p>\n<ul>\n<li>H\u0151kamera \u00e9rz\u00e9kel\u0151 640 \u00d7 512 px<\/li>\n<li>20 mK<\/li>\n<li>\u00c9rz\u00e9kel\u00e9s 2600 m\u00e9terig<\/li>\n<li>T\u00f6bb akkumul\u00e1tor \u00e9lettartam<\/li>\n<li>Sz\u00e9lesebb OLED kijelz\u0151 lekerek\u00edtett \u00e9lekkel \u00e9s nagy felbont\u00e1ssal<\/li>\n<li>Csendes gombok<\/li>\n<\/ul>\n<p>Top\u00a0<strong>a h\u0151kamer\u00e1s mag felbont\u00e1sa 640 \u00d7 512 px<\/strong>\u00a0<strong>h\u0151m\u00e9rs\u00e9klet-\u00e9rz\u00e9kenys\u00e9g &lt; 20 mK<\/strong>\u00a0garant\u00e1lja a t\u00f6k\u00e9letesen r\u00e9szletes k\u00e9pet, amelyen a sz\u0151rzet \u00e9s az agancsok is olvashat\u00f3k.<\/p>\n<p><strong>Objekt\u00edv<\/strong>\u00a0f\u00f3kuszt\u00e1vols\u00e1ggal\u00a0<strong>50 mm<\/strong>\u00a0biztos\u00edt\u00a0<strong>\u00e9szlel\u00e9si t\u00e1vols\u00e1got<\/strong>\u00a0c\u00e9lt\u00e1vcs\u0151 sz\u00e1m\u00e1ra ak\u00e1r\u00a0<strong>2600<\/strong>\u00a0<strong>m\u00e9terig<\/strong>.<\/p>\n<p class=\"translation-block\">A be\u00e9p\u00edtett, ak\u00e1r 64 GB kapacit\u00e1s\u00fa mem\u00f3ri\u00e1nak k\u00f6sz\u00f6nhet\u0151en f\u00e9nyk\u00e9pek \u00e9s hanggal r\u00f6gz\u00edtett vide\u00f3k k\u00e9sz\u00edthet\u0151k. A c\u00e9lt\u00e1vcs\u0151 hasznos funkci\u00f3ja az automatikus felv\u00e9telind\u00edt\u00e1s l\u00f6v\u00e9s ut\u00e1n, valamint a r\u00f6gz\u00edtett felv\u00e9telek azonnali megtekint\u00e9s\u00e9nek vagy t\u00f6rl\u00e9s\u00e9nek lehet\u0151s\u00e9ge. A k\u00e9sz\u00fcl\u00e9k USB-C csatlakoz\u00f3n kereszt\u00fcl sz\u00e1m\u00edt\u00f3g\u00e9phez is csatlakoztathat\u00f3.<\/p>\n<p class=\"translation-block\">A c\u00e9lt\u00e1vcs\u0151 tart\u00f3ss\u00e1g\u00e1t az IP67 v\u00e9detts\u00e9g (v\u00e9delem v\u00edzbe mer\u00edt\u00e9s ellen \u2013 30 percig, legfeljebb 1 m m\u00e9lys\u00e9gig) \u00e9s a strapab\u00edr\u00f3 duralum\u00ednium h\u00e1z biztos\u00edtja. A k\u00e9t be\u00e9p\u00edtett \u00e9s egy cser\u00e9lhet\u0151 akkumul\u00e1tor kombin\u00e1ci\u00f3j\u00e1nak k\u00f6sz\u00f6nhet\u0151en ak\u00e1r 11 \u00f3r\u00e1s megfigyel\u00e9si id\u0151 \u00e1ll rendelkez\u00e9sre, \u00edgy egyetlen fontos pillanatr\u00f3l sem marad le. Az energiatakar\u00e9kos alv\u00f3 m\u00f3d seg\u00edt meghosszabb\u00edtani az \u00fczemid\u0151t, sz\u00fcks\u00e9g eset\u00e9n pedig powerbank is csatlakoztathat\u00f3.<\/p>\n<p><strong>A k\u00e9sz\u00fcl\u00e9kre 3 \u00e9v garanci\u00e1t v\u00e1llalunk, \u00e9s szervizel\u00e9s eset\u00e9n garanci\u00e1t biztos\u00edtunk a cserek\u00e9sz\u00fcl\u00e9kre.<\/strong><\/p>\n<p><strong>Specifik\u00e1ci\u00f3k:<\/strong><\/p>\n<table border=\"1\">\n<tbody>\n<tr>\n<td>Wi-Fi<\/td>\n<td>Igen<\/td>\n<\/tr>\n<tr>\n<td>\u00c9rz\u00e9kel\u0151<\/td>\n<td>640 \u00d7 512 px<\/td>\n<\/tr>\n<tr>\n<td>H\u0151\u00e9rz\u00e9kenys\u00e9g<\/td>\n<td>&lt; 20 mK<\/td>\n<\/tr>\n<tr>\n<td>Kijelz\u0151 felbont\u00e1sa<\/td>\n<td>1920 \u00d7 1080 px<\/td>\n<\/tr>\n<tr>\n<td>Objekt\u00edv<\/td>\n<td>50 mm<\/td>\n<\/tr>\n<tr>\n<td>\u00c9rz\u00e9kel\u00e9s<\/td>\n<td>2600 m<\/td>\n<\/tr>\n<tr>\n<td>Optikai nagy\u00edt\u00e1s<\/td>\n<td>3,3x<\/td>\n<\/tr>\n<tr>\n<td>Digit\u00e1lis zoom<\/td>\n<td>8x<\/td>\n<\/tr>\n<tr>\n<td>L\u00e1t\u00f3mez\u0151<\/td>\n<td>8,8\u00b0 \u00d7 5,3\u00b0<\/td>\n<\/tr>\n<tr>\n<td>Dioptri\u00e1s korrekci\u00f3<\/td>\n<td>\u00b15D<\/td>\n<\/tr>\n<tr>\n<td>F\u00e9nyk\u00e9pez\u00e9si lehet\u0151s\u00e9g<\/td>\n<td>Igen<\/td>\n<\/tr>\n<tr>\n<td>Vide\u00f3 opci\u00f3<\/td>\n<td>Igen<\/td>\n<\/tr>\n<tr>\n<td>Hangfelv\u00e9tel<\/td>\n<td>Igen<\/td>\n<\/tr>\n<tr>\n<td>V\u00e9delmi fokozat<\/td>\n<td>IP67<\/td>\n<\/tr>\n<tr>\n<td>Mem\u00f3ria<\/td>\n<td>be\u00e9p\u00edtett, 64 GB<\/td>\n<\/tr>\n<tr>\n<td>\u00dczemi h\u0151m\u00e9rs\u00e9klet<\/td>\n<td>-30\u00b0C \u00e9s 55\u00b0C k\u00f6z\u00f6tt<\/td>\n<\/tr>\n<tr>\n<td>Akkumul\u00e1torok<\/td>\n<td>2x be\u00e9p\u00edtett, 1x cser\u00e9lhet\u0151 18650<\/td>\n<\/tr>\n<tr>\n<td>Az akkumul\u00e1tor \u00e9lettartama<\/td>\n<td>11 \u00f3ra.<\/td>\n<\/tr>\n<tr>\n<td>S\u00faly<\/td>\n<td>950 g<\/td>\n<\/tr>\n<tr>\n<td>M\u00e9retek<\/td>\n<td>425 \u00d7 84 \u00d7 71 mm<\/td>\n<\/tr>\n<\/tbody>\n<\/table>\n<p><a href=\"https:\/\/www.hikmicrotech.com\/en\/outdoor-products\/stellar-2-0-thermal-scope\/\">https:\/\/www.hikmicrotech.com\/en\/outdoor-products\/stellar-2-0-thermal-scope\/<\/a><\/p>","protected":false},"excerpt":{"rendered":"<p>H\u0151kamera c\u00e9lt\u00e1vcs\u0151.<\/p>\n<ul>\n<li>H\u0151kamera \u00e9rz\u00e9kel\u0151: 640 \u00d7 512 px, 12\u03bcm.<\/li>\n<li>H\u0151\u00e9rz\u00e9kenys\u00e9g: \u2264 20 mK<\/li>\n<li>Objekt\u00edv: 50 mm.<\/li>\n<li>\u00c9szlel\u00e9si t\u00e1vols\u00e1g: 2600 m<\/li>\n<li>Optikai nagy\u00edt\u00e1s: 3,3x.<\/li>\n<li>Digit\u00e1lis zoom: 8x.<\/li>\n<li>Kijelz\u0151: 1920 \u00d7 1080 px.<\/li>\n<li>Takar\u00e9kos \u00fczemm\u00f3d (alv\u00f3 \u00fczemm\u00f3d).<\/li>\n<li>Akkumul\u00e1tor \u00fczemid\u0151: 11 \u00f3ra<\/li>\n<li>T\u00e1pell\u00e1t\u00e1s: 2\u00d7 be\u00e9p\u00edtett \u00e9s 1\u00d7 cser\u00e9lhet\u0151 18650 akkumul\u00e1tor<\/li>\n<li>Men\u00fc \u00e9s haszn\u00e1lati utas\u00edt\u00e1sok.<\/li>\n<\/ul>","protected":false},"featured_media":2950,"template":"","meta":{"_gspb_post_css":""},"product_brand":[315],"product_cat":[21,144,329],"product_tag":[150,324,267,311,362],"class_list":{"0":"post-2800","1":"product","2":"type-product","3":"status-publish","4":"has-post-thumbnail","6":"product_brand-hikmicro","7":"product_cat-optika","8":"product_cat-termovizie","9":"product_cat-termovizne-puskohlady","10":"product_tag-hikmicro","11":"product_tag-puskohlad","12":"product_tag-stellar","13":"product_tag-termovizia","14":"product_tag-termovizny-puskohlad","16":"first","17":"instock","18":"taxable","19":"shipping-taxable","20":"purchasable","21":"product-type-simple"},"ct_brands":[{"id":315,"name":"Hikmicro","slug":"hikmicro"}],"_links":{"self":[{"href":"https:\/\/zbranebudai.sk\/hu\/wp-json\/wp\/v2\/product\/2800","targetHints":{"allow":["GET"]}}],"collection":[{"href":"https:\/\/zbranebudai.sk\/hu\/wp-json\/wp\/v2\/product"}],"about":[{"href":"https:\/\/zbranebudai.sk\/hu\/wp-json\/wp\/v2\/types\/product"}],"wp:featuredmedia":[{"embeddable":true,"href":"https:\/\/zbranebudai.sk\/hu\/wp-json\/wp\/v2\/media\/2950"}],"wp:attachment":[{"href":"https:\/\/zbranebudai.sk\/hu\/wp-json\/wp\/v2\/media?parent=2800"}],"wp:term":[{"taxonomy":"product_brand","embeddable":true,"href":"https:\/\/zbranebudai.sk\/hu\/wp-json\/wp\/v2\/product_brand?post=2800"},{"taxonomy":"product_cat","embeddable":true,"href":"https:\/\/zbranebudai.sk\/hu\/wp-json\/wp\/v2\/product_cat?post=2800"},{"taxonomy":"product_tag","embeddable":true,"href":"https:\/\/zbranebudai.sk\/hu\/wp-json\/wp\/v2\/product_tag?post=2800"}],"curies":[{"name":"wp","href":"https:\/\/api.w.org\/{rel}","templated":true}]}}