{"id":2774,"date":"2025-02-01T20:17:51","date_gmt":"2025-02-01T18:17:51","guid":{"rendered":"https:\/\/zbranebudai.sk\/?post_type=product&#038;p=2774"},"modified":"2026-02-23T17:59:46","modified_gmt":"2026-02-23T15:59:46","slug":"hikmicro-panther-ph50l-2-0-hokamera-celtavcso-lezeres-tavmerovel-hikmicro-panther-ph50l-2-0-hokamera-celtavcso-lezeres-tavmerovel","status":"publish","type":"product","link":"https:\/\/zbranebudai.sk\/hu\/product\/hikmicro-panther-ph50l-2-0-hokamera-celtavcso-lezeres-tavmerovel\/","title":{"rendered":"Hikmicro PANTHER PH50L 2.0 h\u0151kamera c\u00e9lt\u00e1vcs\u0151 l\u00e9zeres t\u00e1vm\u00e9r\u0151vel"},"content":{"rendered":"<p><strong>Hikmicro PANTHER PH50L 2.0 h\u0151kamera c\u00e9lt\u00e1vcs\u0151 l\u00e9zeres t\u00e1vm\u00e9r\u0151vel<\/strong><\/p>\n<p>A gy\u00e1rt\u00f3 HIKMICRO ism\u00e9t kitolta a technol\u00f3gia hat\u00e1rait a minim\u00e1lis h\u0151m\u00e9rs\u00e9kleti k\u00fcl\u00f6nbs\u00e9gek megk\u00fcl\u00f6nb\u00f6ztet\u00e9se \u00e9rdek\u00e9ben! Elhozta a tov\u00e1bbfejlesztett Panther 2.0 h\u0151kamera c\u00e9lt\u00e1vcs\u0151-csal\u00e1dot a m\u00e1r j\u00f3l ismert m\u0171szertestben, de most hihetetlen r\u00e9szletess\u00e9ggel, a piacon ma kaphat\u00f3 legjobb \u00e9rz\u00e9kel\u0151nek k\u00f6sz\u00f6nhet\u0151en!<\/p>\n<ul>\n<li>384 x 288 px felbont\u00e1s\u00fa \u00e9rz\u00e9kel\u0151<\/li>\n<li>H\u0151\u00e9rz\u00e9kenys\u00e9g \u2264 20 mK<\/li>\n<li>\u00c9rz\u00e9kel\u00e9s 2600 m\u00e9terig<\/li>\n<li>L\u00e9zeres t\u00e1vols\u00e1gm\u00e9r\u0151<\/li>\n<\/ul>\n<p>H\u0151kamera c\u00e9lt\u00e1vcs\u0151\u00a0<strong>Panther PH50L 2.0<\/strong>\u00a0NETD \u00e9rz\u00e9kenys\u00e9g\u0171 h\u0151m\u00e9rs\u00e9klet-\u00e9rz\u00e9kel\u0151vel van felszerelve\u00a0<strong>\u2264 20 mK<\/strong>\u00a0\u00e9s felbont\u00e1s\u00a0<strong>384 \u00d7 288 px<\/strong>. Min\u00e9l alacsonyabb a NETD \u00e9rt\u00e9k, ann\u00e1l jobban k\u00e9pes az \u00e9rz\u00e9kel\u0151 a t\u00e1rgyak legkisebb h\u0151m\u00e9rs\u00e9klet-k\u00fcl\u00f6nbs\u00e9geit is r\u00f6gz\u00edteni, \u00e9s r\u00e9szletes k\u00e9pet adni!<\/p>\n<p><strong>Objekt\u00edv<\/strong>\u00a0f\u00f3kuszt\u00e1vols\u00e1ggal\u00a0<strong>50 mm<\/strong>\u00a0a fix 4,3-szoros optikai nagy\u00edt\u00e1ssal a t\u00e1vcs\u0151 k\u00e9pes ak\u00e1r a k\u00f6vetkez\u0151 t\u00e1vols\u00e1gig is \u00e9szlelni\u00a0<strong>2 600 m\u00e9ter<\/strong>. A teljes k\u00e9p egy 1024\u00d7768 px OLED-kijelz\u0151n jelenik meg, amely k\u00e9nyelmes, pontosan az \u00d6n szem\u00e9hez igaz\u00edthat\u00f3 l\u00e1t\u00e1si k\u00f6r\u00fclm\u00e9nyeket biztos\u00edt.<\/p>\n<p>Fel van szerelve\u00a0<strong>l\u00e9zeres t\u00e1vols\u00e1gm\u00e9r\u0151vel\u00a0<\/strong>ak\u00e1r 600 m\u00e9teres hat\u00f3t\u00e1vols\u00e1ggal.<\/p>\n<p>Teh\u00e1t\u00a0<strong>16 GB be\u00e9p\u00edtett mem\u00f3ria<\/strong>\u00a0hanggal ell\u00e1tott f\u00e9nyk\u00e9peket \u00e9s vide\u00f3kat k\u00e9sz\u00edthet. Az alkalmaz\u00e1shoz csatlakozva -\u00a0<strong>HIKMICRO Sight<\/strong>\u00a0a mobileszk\u00f6z\u00e9vel val\u00f3s id\u0151ben megtekintheti a helysz\u00ednt, nyomon k\u00f6vetheti az eszk\u00f6z aktu\u00e1lis verzi\u00f3j\u00e1t \u00e9s sz\u00e1mos m\u00e1s funkci\u00f3t is.<\/p>\n<p>Olyan funkci\u00f3kkal is rendelkezik, mint a v\u00edz\u00e1ll\u00f3 \u00e9s IP67-es ellen\u00e1ll\u00e1s. Ez\u00e1ltal a Panther alkalmas az olyan zord k\u00f6r\u00fclm\u00e9nyekre, mint az es\u0151 \u00e9s a h\u00f3. Az \u00e1ramell\u00e1t\u00e1sr\u00f3l egyetlen cser\u00e9lhet\u0151 l\u00edtium-ion akkumul\u00e1tor gondoskodik, \u00e9s a felt\u00f6lt\u00e9shez k\u00fcls\u0151 t\u00e1pegys\u00e9g (powerbank) haszn\u00e1lhat\u00f3. Az alv\u00f3 \u00fczemm\u00f3ddal k\u00edm\u00e9li az akkumul\u00e1tort.<\/p>\n<p><strong>3 \u00e9v garanci\u00e1t v\u00e1llalunk, \u00e9s szervizel\u00e9s eset\u00e9n garant\u00e1ljuk a cserek\u00e9sz\u00fcl\u00e9k k\u00f6lcs\u00f6nz\u00e9s\u00e9t.<\/strong><\/p>\n<p><strong>Specifik\u00e1ci\u00f3k:<\/strong><\/p>\n<table border=\"1\">\n<tbody>\n<tr>\n<td>\u00c9rz\u00e9kel\u0151<\/td>\n<td>384 \u00d7 288 px<\/td>\n<\/tr>\n<tr>\n<td>H\u0151\u00e9rz\u00e9kenys\u00e9g<\/td>\n<td>\u2264 20 mK<\/td>\n<\/tr>\n<tr>\n<td>Kijelz\u0151 felbont\u00e1sa<\/td>\n<td>1024 \u00d7 768 px<\/td>\n<\/tr>\n<tr>\n<td>Wi-fi<\/td>\n<td>Igen<\/td>\n<\/tr>\n<tr>\n<td>Objekt\u00edv<\/td>\n<td>50 mm<\/td>\n<\/tr>\n<tr>\n<td>\u00c9rz\u00e9kel\u00e9s<\/td>\n<td>2 600 m<\/td>\n<\/tr>\n<tr>\n<td>Optikai nagy\u00edt\u00e1s<\/td>\n<td>4,3x<\/td>\n<\/tr>\n<tr>\n<td>L\u00e1t\u00f3mez\u0151<\/td>\n<td>5,28\u00b0 \u00d7 3,96\u00b0<\/td>\n<\/tr>\n<tr>\n<td>Digit\u00e1lis zoom<\/td>\n<td>8x<\/td>\n<\/tr>\n<tr>\n<td>Dioptri\u00e1s korrekci\u00f3<\/td>\n<td>-5D - +3D<\/td>\n<\/tr>\n<tr>\n<td>F\u00e9nyk\u00e9p k\u00e9sz\u00edt\u00e9s\u00e9nek lehet\u0151s\u00e9ge<\/td>\n<td>Igen<\/td>\n<\/tr>\n<tr>\n<td>Vide\u00f3 k\u00e9sz\u00edt\u00e9s\u00e9nek lehet\u0151s\u00e9ge<\/td>\n<td>Igen<\/td>\n<\/tr>\n<tr>\n<td>V\u00e9delmi fokozat<\/td>\n<td>IP67<\/td>\n<\/tr>\n<tr>\n<td>Mem\u00f3ria<\/td>\n<td>be\u00e9p\u00edtett, 16 GB<\/td>\n<\/tr>\n<tr>\n<td>\u00dczemi h\u0151m\u00e9rs\u00e9klet<\/td>\n<td>-30 \u00b0C \u00e9s 55 \u00b0C k\u00f6z\u00f6tt<\/td>\n<\/tr>\n<tr>\n<td>Akkumul\u00e1torok<\/td>\n<td>1\u00d7 18650<\/td>\n<\/tr>\n<tr>\n<td>Az akkumul\u00e1tor \u00e9lettartama<\/td>\n<td>6 \u00f3ra.<\/td>\n<\/tr>\n<tr>\n<td>S\u00faly<\/td>\n<td>585 g<\/td>\n<\/tr>\n<tr>\n<td>M\u00e9retek<\/td>\n<td>215 \u00d7 67 \u00d7 87 mm<\/td>\n<\/tr>\n<\/tbody>\n<\/table>\n<p><a href=\"https:\/\/www.hikmicrotech.com\/en\/outdoor-products\/panther2-0-thermal-lrf-scope\/\">https:\/\/www.hikmicrotech.com\/en\/outdoor-products\/panther2-0-thermal-lrf-scope\/<\/a><\/p>","protected":false},"excerpt":{"rendered":"<ul>\n<li>\u00c9rz\u00e9kel\u0151: 384 \u00d7 288 px, 12um.<\/li>\n<li>Objekt\u00edv: 50 mm.<\/li>\n<li>A h\u0151\u00e9rz\u00e9kenys\u00e9g \u2264 20 mK.<\/li>\n<li>\u00c9rz\u00e9kel\u00e9si t\u00e1vols\u00e1g: 2 600 m.<\/li>\n<li>Optikai nagy\u00edt\u00e1s: 4,3x.<\/li>\n<li>Sima digit\u00e1lis zoom: ak\u00e1r 8\u00d7.<\/li>\n<li>Megjelen\u00edt\u00e9s: OLED 1024 \u00d7 768 px.<\/li>\n<li>Takar\u00e9kos \u00fczemm\u00f3d (alv\u00f3 \u00fczemm\u00f3d).<\/li>\n<li>Az akkumul\u00e1tor \u00e9lettartama: 6 \u00f3ra.<\/li>\n<li>T\u00e1pegys\u00e9g: \u00fajrat\u00f6lthet\u0151 l\u00edtium-ion akkumul\u00e1tor.<\/li>\n<li>Men\u00fc \u00e9s haszn\u00e1lati utas\u00edt\u00e1sok.<\/li>\n<\/ul>","protected":false},"featured_media":2933,"template":"","meta":{"_gspb_post_css":""},"product_brand":[315],"product_cat":[21,144,326],"product_tag":[150,350,345],"class_list":{"0":"post-2774","1":"product","2":"type-product","3":"status-publish","4":"has-post-thumbnail","6":"product_brand-hikmicro","7":"product_cat-optika","8":"product_cat-termovizie","9":"product_cat-termovizne-zameriavace","10":"product_tag-hikmicro","11":"product_tag-panther","12":"product_tag-termovizny-zameriavac","14":"first","15":"instock","16":"sale","17":"taxable","18":"shipping-taxable","19":"purchasable","20":"product-type-simple"},"ct_brands":[{"id":315,"name":"Hikmicro","slug":"hikmicro"}],"_links":{"self":[{"href":"https:\/\/zbranebudai.sk\/hu\/wp-json\/wp\/v2\/product\/2774","targetHints":{"allow":["GET"]}}],"collection":[{"href":"https:\/\/zbranebudai.sk\/hu\/wp-json\/wp\/v2\/product"}],"about":[{"href":"https:\/\/zbranebudai.sk\/hu\/wp-json\/wp\/v2\/types\/product"}],"wp:featuredmedia":[{"embeddable":true,"href":"https:\/\/zbranebudai.sk\/hu\/wp-json\/wp\/v2\/media\/2933"}],"wp:attachment":[{"href":"https:\/\/zbranebudai.sk\/hu\/wp-json\/wp\/v2\/media?parent=2774"}],"wp:term":[{"taxonomy":"product_brand","embeddable":true,"href":"https:\/\/zbranebudai.sk\/hu\/wp-json\/wp\/v2\/product_brand?post=2774"},{"taxonomy":"product_cat","embeddable":true,"href":"https:\/\/zbranebudai.sk\/hu\/wp-json\/wp\/v2\/product_cat?post=2774"},{"taxonomy":"product_tag","embeddable":true,"href":"https:\/\/zbranebudai.sk\/hu\/wp-json\/wp\/v2\/product_tag?post=2774"}],"curies":[{"name":"wp","href":"https:\/\/api.w.org\/{rel}","templated":true}]}}