{"id":2773,"date":"2025-02-01T20:17:51","date_gmt":"2025-02-01T18:17:51","guid":{"rendered":"https:\/\/zbranebudai.sk\/?post_type=product&#038;p=2773"},"modified":"2026-02-21T16:12:08","modified_gmt":"2026-02-21T14:12:08","slug":"hikmicro-heimdal-h4d-digitalis-ejjellato","status":"publish","type":"product","link":"https:\/\/zbranebudai.sk\/hu\/product\/hikmicro-heimdal-h4d-digitalis-ejjellato\/","title":{"rendered":"Hikmicro HEIMDAL H4D digit\u00e1lis \u00e9jjell\u00e1t\u00f3"},"content":{"rendered":"<p><strong>Hikmicro HEIMDAL H4D digit\u00e1lis \u00e9jjell\u00e1t\u00f3<\/strong><\/p>\n<p>A Heimdal H4D digit\u00e1lis \u00e9jjell\u00e1t\u00f3 a Hikmicro \u00faj term\u00e9ke az \u00faj \u00e9jjell\u00e1t\u00f3 kateg\u00f3ri\u00e1ban. T\u00f6k\u00e9letes k\u00e9p b\u00e1rmilyen f\u00e9nyviszonyok k\u00f6z\u00f6tt, kompakt test, prec\u00edz kivitelez\u00e9s \u00e9s a leg\u00fajabb technol\u00f3gia - ez az a lista, amely a Heimdal monokul\u00e1rt egy\u00e9rtelm\u0171 v\u00e1laszt\u00e1ss\u00e1 teszi.<\/p>\n<ul>\n<li>K\u00f6d megfigyel\u00e9si m\u00f3d<\/li>\n<li>Be\u00e9p\u00edtett \u00e1ll\u00edthat\u00f3 850 nm-es megvil\u00e1g\u00edt\u00e1s<\/li>\n<li>4 Mpx fot\u00f3 \u00e9s 2560 x 1440 px videofelbont\u00e1s hanggal<\/li>\n<li>\u00c9rz\u00e9kel\u00e9s 200 m\u00e9terig<\/li>\n<\/ul>\n<p>Monokul\u00e1ris\u00a0<strong>Heimdal H4D<\/strong>\u00a0nappali \u00e9s \u00e9jszakai megfigyel\u00e9sre tervezt\u00e9k, automatikus k\u00e9pbe\u00e1ll\u00edt\u00e1ssal rendelkezik az aktu\u00e1lis f\u00e9nyviszonyoknak megfelel\u0151en, \u00e9s k\u00e9pes haszn\u00e1lni \u00e9s be\u00e1ll\u00edtani a be\u00e9p\u00edtett\u00a0<strong>850 nm-es megvil\u00e1g\u00edt\u00e1s<\/strong>. Egy nagy el\u0151nye is egy k\u00fcl\u00f6nleges\u00a0<strong>k\u00f6d megfigyel\u00e9si m\u00f3d<\/strong>amelyet minden \u00e9jjell\u00e1t\u00f3 felhaszn\u00e1l\u00f3 \u00e9rt\u00e9kelni fog. Az \u00f6sszes \u00e9jjell\u00e1t\u00f3 k\u00e9sz\u00fcl\u00e9k h\u00e1tr\u00e1nya a k\u00f6dben val\u00f3 megfigyel\u00e9s neh\u00e9zs\u00e9ge \u00e9s lehetetlens\u00e9ge volt, de a Heimdal H4D monokul\u00e1r lek\u00fczd\u00f6tte ezt az akad\u00e1lyt, \u00e9s minden id\u0151j\u00e1r\u00e1si k\u00f6r\u00fclm\u00e9nyek k\u00f6z\u00f6tt teljes m\u00e9rt\u00e9kben kihaszn\u00e1lhat\u00f3.<\/p>\n<p>A kis \u00e9s kompakt kialak\u00edt\u00e1s saj\u00e1toss\u00e1ga, hogy kifejezetten azoknak az embereknek az ig\u00e9nyeit el\u00e9g\u00edti ki, akik egyszer\u0171 \u00e9s sokoldal\u00fa m\u0171szert keresnek nappali \u00e9s \u00e9jszakai megfigyel\u00e9sekhez. K\u00e9zi f\u00f3kusz\u00e1l\u00e1ssal rendelkezik,\u00a0<strong>1x optikai nagy\u00edt\u00e1s<\/strong>\u00a0a\u00a0<strong>digit\u00e1lis zoom 8x<\/strong>.\u00a0<strong>\u00c9rz\u00e9kel\u00e9si t\u00e1vols\u00e1g<\/strong>\u00a0monokul\u00e1r ak\u00e1r\u00a0<strong>200 m\u00e9ter<\/strong>.<\/p>\n<p>Az ak\u00e1r 32 GB-os be\u00e9p\u00edtett mem\u00f3riamodullal f\u00e9nyk\u00e9pezhet\u00a0<strong>4 Mpx felbont\u00e1s<\/strong>\u00a0vagy l\u0151ni\u00a0<strong>2560\u00d71440 px vide\u00f3k hanggal.<\/strong>\u00a0A r\u00f6gz\u00edtett felv\u00e9teleket b\u00e1rmikor megtekintheti vagy t\u00f6r\u00f6lheti. A k\u00e9sz\u00fcl\u00e9ket USB-C-n kereszt\u00fcl csatlakoztathatja sz\u00e1m\u00edt\u00f3g\u00e9phez vagy okostelefonj\u00e1hoz a HIKMICRO Sight alkalmaz\u00e1s seg\u00edts\u00e9g\u00e9vel.<\/p>\n<p>A k\u00e9sz\u00fcl\u00e9k mind\u00f6ssze 375 g, \u00e9s olyan funkci\u00f3kkal is rendelkezik, mint a v\u00edz\u00e1ll\u00f3 \u00e9s IP67-es ellen\u00e1ll\u00e1s. Ez\u00e9rt a Heimdal H4D olyan zord k\u00f6r\u00fclm\u00e9nyek k\u00f6z\u00f6tt is haszn\u00e1lhat\u00f3, mint az es\u0151, a h\u00f3 \u00e9s az ak\u00e1r egy m\u00e9ter m\u00e9ly v\u00edzbe es\u00e9s ak\u00e1r 30 percig. Az \u00e1ramell\u00e1t\u00e1sr\u00f3l egy \u00fajrat\u00f6lthet\u0151 18650-es akkumul\u00e1tor gondoskodik. Az alv\u00f3 \u00fczemm\u00f3ddal k\u00edm\u00e9li az akkumul\u00e1tort.<\/p>\n<p><strong>3 \u00e9v garanci\u00e1t v\u00e1llalunk, \u00e9s szervizel\u00e9s eset\u00e9n garant\u00e1ljuk a cserek\u00e9sz\u00fcl\u00e9k k\u00f6lcs\u00f6nz\u00e9s\u00e9t.<\/strong><\/p>\n<p><strong>Specifik\u00e1ci\u00f3k:<\/strong><\/p>\n<table border=\"1\">\n<tbody>\n<tr>\n<td>Wi-fi<\/td>\n<td colspan=\"2\">Igen<\/td>\n<\/tr>\n<tr>\n<td>\u00c9rz\u00e9kel\u0151<\/td>\n<td colspan=\"2\">2560 \u00d7 1440 px<\/td>\n<\/tr>\n<tr>\n<td>Kijelz\u0151 felbont\u00e1sa<\/td>\n<td colspan=\"2\">454 \u00d7 454 px<\/td>\n<\/tr>\n<tr>\n<td>Objekt\u00edv<\/td>\n<td colspan=\"2\">31 mm<\/td>\n<\/tr>\n<tr>\n<td>L\u00e1t\u00f3mez\u0151<\/td>\n<td colspan=\"2\">13,66\u00b0 \u00d7 7,71\u00b0<\/td>\n<\/tr>\n<tr>\n<td>Optikai nagy\u00edt\u00e1s<\/td>\n<td colspan=\"2\">1x<\/td>\n<\/tr>\n<tr>\n<td>Digit\u00e1lis zoom<\/td>\n<td colspan=\"2\">8x<\/td>\n<\/tr>\n<tr>\n<td>Dioptri\u00e1s korrekci\u00f3<\/td>\n<td colspan=\"2\">\u00b15<\/td>\n<\/tr>\n<tr>\n<td>F\u00e9nyk\u00e9p felbont\u00e1sa<\/td>\n<td colspan=\"2\">4 megapixel<\/td>\n<\/tr>\n<tr>\n<td>Vide\u00f3 felbont\u00e1s<\/td>\n<td colspan=\"2\">2560 \u00d7 1440 px<\/td>\n<\/tr>\n<tr>\n<td>Hangfelv\u00e9tel<\/td>\n<td colspan=\"2\">Igen<\/td>\n<\/tr>\n<tr>\n<td>Megjelen\u00edt\u00e9si m\u00f3dok<\/td>\n<td colspan=\"2\">nappali\/\u00e9jszakai\/automatikus\/k\u00f6dmentes<\/td>\n<\/tr>\n<tr>\n<td>\u00c9rz\u00e9kel\u00e9s<\/td>\n<td colspan=\"2\">200 m<\/td>\n<\/tr>\n<tr>\n<td>Infravet\u0151<\/td>\n<td colspan=\"2\">850 nm<\/td>\n<\/tr>\n<tr>\n<td>V\u00e9delmi fokozat<\/td>\n<td colspan=\"2\">IP67<\/td>\n<\/tr>\n<tr>\n<td>Mem\u00f3ria<\/td>\n<td colspan=\"2\">be\u00e9p\u00edtett, 32 GB<\/td>\n<\/tr>\n<tr>\n<td>\u00dczemi h\u0151m\u00e9rs\u00e9klet<\/td>\n<td colspan=\"2\">-20 \u00b0C \u00e9s 50 \u00b0C k\u00f6z\u00f6tt<\/td>\n<\/tr>\n<tr>\n<td>T\u00e1rol\u00e1si h\u0151m\u00e9rs\u00e9klet<\/td>\n<td colspan=\"2\">-40 \u00b0C \u00e9s 70 \u00b0C k\u00f6z\u00f6tt<\/td>\n<\/tr>\n<tr>\n<td>Akkumul\u00e1torok<\/td>\n<td colspan=\"2\">\u00dajrat\u00f6lthet\u0151 18650<\/td>\n<\/tr>\n<tr>\n<td>Az akkumul\u00e1tor \u00e9lettartama<\/td>\n<td colspan=\"2\">4 \u00f3ra<\/td>\n<\/tr>\n<tr>\n<td>M\u00e9retek<\/td>\n<td colspan=\"2\">153 mm \u00d7 50 mm \u00d7 80 mm<\/td>\n<\/tr>\n<tr>\n<td>S\u00faly:<\/td>\n<td colspan=\"2\">375 g<\/td>\n<\/tr>\n<\/tbody>\n<\/table>\n<p><a href=\"https:\/\/www.hikmicrotech.com\/en\/outdoor-products\/heimdal-digital-night-vision-monocular\/\">https:\/\/www.hikmicrotech.com\/en\/outdoor-products\/heimdal-digital-night-vision-monocular\/\u00a0<\/a><\/p>","protected":false},"excerpt":{"rendered":"<p>Digit\u00e1lis \u00e9jjell\u00e1t\u00f3 - monokul\u00e1r. Nappali\/\u00e9jszakai \u00fczemm\u00f3d - sz\u00ednes nappal \u00e9s fekete-feh\u00e9r \u00e9jszaka. Objekt\u00edv: 31 mm. \u00c9rz\u00e9kel\u00e9si t\u00e1vols\u00e1g: 200 m. Optikai nagy\u00edt\u00e1s: 1x. Sima digit\u00e1lis zoom: ak\u00e1r 8\u00d7. 850 nm. 454 \u00d7 454 px AMOLED kijelz\u0151. F\u00e9nyk\u00e9p- \u00e9s vide\u00f3felv\u00e9teli funkci\u00f3k. F\u00e9nyk\u00e9pfelbont\u00e1s: 4 Mpx. Vide\u00f3felbont\u00e1s: 2560 \u00d7 1440 px. Energiatakar\u00e9kos \u00fczemm\u00f3d (alv\u00f3 \u00fczemm\u00f3d). Az akkumul\u00e1tor \u00e9lettartama: 4 \u00f3ra. Energiaell\u00e1t\u00e1s 18650-es \u00fajrat\u00f6lthet\u0151 akkumul\u00e1torral. Men\u00fc \u00e9s haszn\u00e1lati utas\u00edt\u00e1s.<\/p>","protected":false},"featured_media":2923,"template":"","meta":{"_gspb_post_css":""},"product_brand":[315],"product_cat":[335,145,21],"product_tag":[351,150,325],"class_list":{"0":"post-2773","1":"product","2":"type-product","3":"status-publish","4":"has-post-thumbnail","6":"product_brand-hikmicro","7":"product_cat-monokulare-s-nocnym-videnim","8":"product_cat-nocne-videnie","9":"product_cat-optika","10":"product_tag-heimdal","11":"product_tag-hikmicro","12":"product_tag-nocne-videnie","14":"first","15":"instock","16":"taxable","17":"shipping-taxable","18":"purchasable","19":"product-type-simple"},"ct_brands":[{"id":315,"name":"Hikmicro","slug":"hikmicro"}],"_links":{"self":[{"href":"https:\/\/zbranebudai.sk\/hu\/wp-json\/wp\/v2\/product\/2773","targetHints":{"allow":["GET"]}}],"collection":[{"href":"https:\/\/zbranebudai.sk\/hu\/wp-json\/wp\/v2\/product"}],"about":[{"href":"https:\/\/zbranebudai.sk\/hu\/wp-json\/wp\/v2\/types\/product"}],"wp:featuredmedia":[{"embeddable":true,"href":"https:\/\/zbranebudai.sk\/hu\/wp-json\/wp\/v2\/media\/2923"}],"wp:attachment":[{"href":"https:\/\/zbranebudai.sk\/hu\/wp-json\/wp\/v2\/media?parent=2773"}],"wp:term":[{"taxonomy":"product_brand","embeddable":true,"href":"https:\/\/zbranebudai.sk\/hu\/wp-json\/wp\/v2\/product_brand?post=2773"},{"taxonomy":"product_cat","embeddable":true,"href":"https:\/\/zbranebudai.sk\/hu\/wp-json\/wp\/v2\/product_cat?post=2773"},{"taxonomy":"product_tag","embeddable":true,"href":"https:\/\/zbranebudai.sk\/hu\/wp-json\/wp\/v2\/product_tag?post=2773"}],"curies":[{"name":"wp","href":"https:\/\/api.w.org\/{rel}","templated":true}]}}