{"id":2769,"date":"2025-02-01T20:17:51","date_gmt":"2025-02-01T18:17:51","guid":{"rendered":"https:\/\/zbranebudai.sk\/?post_type=product&#038;p=2769"},"modified":"2026-02-21T15:45:07","modified_gmt":"2026-02-21T13:45:07","slug":"hikmicro-habrok-hh35l-ketszemes-betekintesu-hokamera-kereso","status":"publish","type":"product","link":"https:\/\/zbranebudai.sk\/hu\/product\/hikmicro-habrok-hh35l-ketszemes-betekintesu-hokamera-kereso\/","title":{"rendered":"Hikmicro HABROK HH35L k\u00e9tszemes betekint\u00e9s\u0171 h\u0151kamera keres\u0151 l\u00e9zeres t\u00e1vols\u00e1gm\u00e9r\u0151vel"},"content":{"rendered":"<p><strong>Hikmicro HABROK HH35L k\u00e9tszemes betekint\u00e9s\u0171 h\u0151kamera keres\u0151 l\u00e9zeres t\u00e1vols\u00e1gm\u00e9r\u0151vel<\/strong><\/p>\n<p>A HIKMICRO HABROK h\u0151kamera keres\u0151 kifejezetten az \u00e9jszakai \u00e9s nappali vad\u00e1szat ig\u00e9nyeinek kiel\u00e9g\u00edt\u00e9s\u00e9re tervezt\u00e9k. A kett\u0151s rendszer, amely k\u00e9pes v\u00e1ltani a h\u0151k\u00e9p \u00e9s az \u00e9jjell\u00e1t\u00f3 k\u00f6z\u00f6tt, teljes \u00e1ttekint\u00e9st ny\u00fajt nappal \u00e9s \u00e9jszaka egyar\u00e1nt.<\/p>\n<ul>\n<li>Gyors v\u00e1lt\u00e1s a h\u0151- \u00e9s az \u00e9jszakai l\u00e1t\u00e1s k\u00f6z\u00f6tt<\/li>\n<li>H\u0151k\u00e9p\u00e9rz\u00e9kel\u0151 384 \u00d7 288 px<\/li>\n<li>20 mK<\/li>\n<li>Optikai modul az \u00e9jszakai l\u00e1t\u00e1shoz 2560 \u00d7 1440 px<\/li>\n<li>850 nm-es megvil\u00e1g\u00edt\u00e1s<\/li>\n<li>\u00c9rz\u00e9kel\u00e9s 1800 m\u00e9terig<\/li>\n<li>L\u00e9zeres t\u00e1vols\u00e1gm\u00e9r\u0151<\/li>\n<\/ul>\n<p>A HH35L modell rendelkezik\u00a0<strong>h\u0151kamer\u00e1s \u00e9rz\u00e9kel\u0151<\/strong>\u00a0felbont\u00e1ssal\u00a0<strong>384 \u00d7 288 px<\/strong>\u00a0a\u00a0<strong>h\u0151m\u00e9rs\u00e9klet-\u00e9rz\u00e9kenys\u00e9g<\/strong>\u00a0hihetetlen\u00a0<strong>20 mK<\/strong>. V\u00a0<strong>optikai modul<\/strong>\u00a0tal\u00e1l egy felbont\u00e1s\u00fa rendszermagot\u00a0<strong>2560 \u00d7 1440 px<\/strong>\u00a0\u00e9s a teljes k\u00e9pet \u00e1tadjuk neked.\u00a0<strong>OLED kijelz\u0151 1920 \u00d7 1080 px<\/strong>.<\/p>\n<p>K\u00f6sz\u00f6nhet\u0151en\u00a0<strong>lencs\u00e9k<\/strong>\u00a0f\u00f3kuszt\u00e1vols\u00e1ggal\u00a0<strong>35 mm<\/strong>\u00a0el\u00e9ri a h\u0151kamer\u00e1s modul\u00a0<strong>\u00e9rz\u00e9kel\u00e9si t\u00e1vols\u00e1g<\/strong>\u00a0ak\u00e1r\u00a0<strong>1800 m\u00e9ter<\/strong>. A digit\u00e1lis modullal egy\u00fctt haszn\u00e1lhatja\u00a0<strong>infravet\u0151<\/strong>\u00a0hull\u00e1mhosszal\u00a0<strong>850 nm<\/strong>\u00a0\u00e9s \u00e9szlel\u00e9s a\u00a0<strong>400 m\u00e9ter<\/strong>. Ezenk\u00edv\u00fcl l\u00e9zeres t\u00e1vols\u00e1gm\u00e9r\u0151vel is rendelkezik, amelynek hat\u00f3t\u00e1vols\u00e1ga ak\u00e1r 1000 m\u00e9ter is lehet.<\/p>\n<p>A h\u0151kamer\u00e1s k\u00e9palkot\u00e1sn\u00e1l a Black Hot\/White Hot\/Red Hot\/Fusion palett\u00e1n, az optikai moduln\u00e1l pedig a Day\/Night\/Auto palett\u00e1n figyelheti meg a 24\/7-et.<\/p>\n<p>A Habrok rengeteg nagyszer\u0171 funkci\u00f3val van tele, kezdve a k\u00f6vetkez\u0151kkel\u00a0<strong>fot\u00f3k k\u00e9sz\u00edt\u00e9se<\/strong>\u00a0<strong>\u00e9s hangos vide\u00f3k<\/strong>\u00a0a legforr\u00f3bb pont k\u00f6vet\u00e9s\u00e9re. \u00dajdons\u00e1g\u00a0<strong>automatikus \u00fczemm\u00f3d<\/strong>\u00a0<strong>Alv\u00e1s<\/strong>amikor maguk a t\u00e1vcs\u00f6vek \u00e9rz\u00e9kelik a helyzetv\u00e1ltoz\u00e1st, amely alapj\u00e1n \u00fagy \u00e9rt\u00e9kelik, hogy a k\u00e9sz\u00fcl\u00e9k nincs haszn\u00e1latban, \u00e9s kikapcsolj\u00e1k a k\u00e9perny\u0151t, \u00edgy k\u00edm\u00e9lve az akkumul\u00e1tort. Emellett csatlakoztathat\u00f3s\u00e1got is k\u00edn\u00e1l egy \u00e1tk\u00f6t\u0151k\u00e1belen vagy a HIKMICRO Sight alkalmaz\u00e1son kereszt\u00fcl.<\/p>\n<p>Elhozza a k\u00e9nyelmet a\u00a0<strong>klasszikus nappali t\u00e1vcs\u0151 kialak\u00edt\u00e1s<\/strong>,\u00a0<strong>ergonomikus forma<\/strong>\u00a0\u00e9s a nyakra t\u00f6rt\u00e9n\u0151 k\u00e9nyelmes r\u00f6gz\u00edt\u00e9s lehet\u0151s\u00e9g\u00e9t a\u00a0<strong>k\u00f6nny\u0171 test<\/strong>. Term\u00e9szetesen \u00e1llv\u00e1nyra is helyezhet\u0151, ebben az esetben a mell\u00e9kelt adapter seg\u00edts\u00e9g\u00e9vel. A k\u00e9sz\u00fcl\u00e9ket k\u00e9t cser\u00e9lhet\u0151 18650-es akkumul\u00e1tor t\u00e1pl\u00e1lja, \u00edgy ak\u00e1r hat \u00f3r\u00e1n kereszt\u00fcl folyamatos megfigyel\u00e9st biztos\u00edt.<\/p>\n<p><strong>A k\u00e9sz\u00fcl\u00e9kre 3 \u00e9v garanci\u00e1t v\u00e1llalunk, \u00e9s szervizel\u00e9s eset\u00e9n garanci\u00e1t biztos\u00edtunk a cserek\u00e9sz\u00fcl\u00e9kre.<\/strong><\/p>\n<p><strong>Specifik\u00e1ci\u00f3k:<\/strong><\/p>\n<table dir=\"ltr\" border=\"1\" cellspacing=\"0\" cellpadding=\"0\" data-sheets-root=\"1\" data-sheets-baot=\"1\">\n<colgroup>\n<col width=\"375\" \/>\n<col width=\"437\" \/>\n<col width=\"100\" \/><\/colgroup>\n<tbody>\n<tr>\n<td>\u00c9rz\u00e9kel\u0151<\/td>\n<td>H\u0151kamera modul<\/td>\n<td>\n<div>\n<div>Digit\u00e1lis modul<\/div>\n<\/div>\n<\/td>\n<\/tr>\n<tr>\n<td>Felbont\u00e1s<\/td>\n<td>384 \u00d7 288 px<\/td>\n<td>\n<div>\n<div>2560 \u00d7 1440 px<\/div>\n<\/div>\n<\/td>\n<\/tr>\n<tr>\n<td>H\u0151\u00e9rz\u00e9kenys\u00e9g<\/td>\n<td>\u2266 20 mK<\/td>\n<td>-<\/td>\n<\/tr>\n<tr>\n<td>Infravet\u0151<\/td>\n<td>-<\/td>\n<td>850 nm<\/td>\n<\/tr>\n<tr>\n<td>Objekt\u00edv<\/td>\n<td>35 mm<\/td>\n<td>31 mm<\/td>\n<\/tr>\n<tr>\n<td>\u00c9rz\u00e9kel\u00e9s<\/td>\n<td>1800 m<\/td>\n<td>400 m<\/td>\n<\/tr>\n<tr>\n<td>Optikai nagy\u00edt\u00e1s<\/td>\n<td>5x<\/td>\n<td>2,9x<\/td>\n<\/tr>\n<tr>\n<td>L\u00e1t\u00f3mez\u0151<\/td>\n<td>7,5\u00b0 \u00d7 5,7\u00b0<\/td>\n<td>13,9\u00b0 \u00d7 7,8\u00b0<\/td>\n<\/tr>\n<tr>\n<td>Kijelz\u0151 felbont\u00e1sa<\/td>\n<td colspan=\"2\" rowspan=\"1\">1920 \u00d7 1080 px<\/td>\n<\/tr>\n<tr>\n<td>Wi-Fi<\/td>\n<td colspan=\"2\" rowspan=\"1\">Igen<\/td>\n<\/tr>\n<tr>\n<td>L\u00e9zeres t\u00e1vols\u00e1gm\u00e9r\u0151<\/td>\n<td colspan=\"2\" rowspan=\"1\">Igen, 1000 m<\/td>\n<\/tr>\n<tr>\n<td>Digit\u00e1lis zoom<\/td>\n<td colspan=\"2\" rowspan=\"1\">8x<\/td>\n<\/tr>\n<tr>\n<td>Dioptri\u00e1s korrekci\u00f3<\/td>\n<td colspan=\"2\" rowspan=\"1\">-5D~+3D<\/td>\n<\/tr>\n<tr>\n<td>F\u00e9nyk\u00e9pez\u00e9si lehet\u0151s\u00e9g<\/td>\n<td colspan=\"2\" rowspan=\"1\">Igen<\/td>\n<\/tr>\n<tr>\n<td>Vide\u00f3 opci\u00f3<\/td>\n<td colspan=\"2\" rowspan=\"1\">Igen<\/td>\n<\/tr>\n<tr>\n<td>Hangfelv\u00e9teli lehet\u0151s\u00e9g<\/td>\n<td colspan=\"2\" rowspan=\"1\">Igen<\/td>\n<\/tr>\n<tr>\n<td>V\u00e9delmi fokozat<\/td>\n<td colspan=\"2\" rowspan=\"1\">IP67<\/td>\n<\/tr>\n<tr>\n<td>Mem\u00f3ria<\/td>\n<td colspan=\"2\" rowspan=\"1\">be\u00e9p\u00edtett, 64 GB<\/td>\n<\/tr>\n<tr>\n<td>\u00dczemi h\u0151m\u00e9rs\u00e9klet<\/td>\n<td colspan=\"2\" rowspan=\"1\">-30\u00b0C \u00e9s 55\u00b0C k\u00f6z\u00f6tt<\/td>\n<\/tr>\n<tr>\n<td>Akkumul\u00e1torok<\/td>\n<td colspan=\"2\" rowspan=\"1\">2x Li-ion 18650<\/td>\n<\/tr>\n<tr>\n<td>Az akkumul\u00e1tor \u00e9lettartama<\/td>\n<td colspan=\"2\" rowspan=\"1\">6 \u00f3ra<\/td>\n<\/tr>\n<tr>\n<td>S\u00faly<\/td>\n<td colspan=\"2\" rowspan=\"1\">780 g<\/td>\n<\/tr>\n<tr>\n<td>M\u00e9retek<\/td>\n<td colspan=\"2\" rowspan=\"1\">138 \u00d7 68 \u00d7 212 mm<\/td>\n<\/tr>\n<\/tbody>\n<\/table>\n<p><a href=\"https:\/\/www.hikmicrotech.com\/en\/outdoor-products\/habrok-multi-spectrum-binocular\/\">https:\/\/www.hikmicrotech.com\/en\/outdoor-products\/habrok-multi-spectrum-binocular\/<\/a><\/p>","protected":false},"excerpt":{"rendered":"<p>Hikmicro HABROK HH35L k\u00e9tszemes betekint\u00e9s\u0171 h\u0151kamera keres\u0151 l\u00e9zeres t\u00e1vols\u00e1gm\u00e9r\u0151vel. H\u0151kamer\u00e1s \u00e9rz\u00e9kel\u0151: 384 \u00d7 288 px, 12\u03bcm. H\u0151k\u00e9p\u00e9rz\u00e9kel\u0151 \u00e9rz\u00e9kenys\u00e9ge: \u2264 20 mK. Optikai modul az \u00e9jszakai l\u00e1t\u00e1shoz: 2560 \u00d7 1440 px. 850 nm. Objekt\u00edv: 35\/31 mm. \u00c9rz\u00e9kel\u00e9si t\u00e1vols\u00e1g: 1800\/400 m. Optikai nagy\u00edt\u00e1s: 5x\/2,9x. Digit\u00e1lis zoom: 8x. Kijelz\u0151: 1920 \u00d7 1080 px. Automatikus alv\u00f3 \u00fczemm\u00f3d. Az akkumul\u00e1tor \u00e9lettartama: 6 \u00f3ra. Energia: 2x Li-ion 18650 akkumul\u00e1tor. Men\u00fc \u00e9s haszn\u00e1lati utas\u00edt\u00e1s.<\/p>","protected":false},"featured_media":2904,"template":"","meta":{"_gspb_post_css":""},"product_brand":[315],"product_cat":[336,145,21,144,330],"product_tag":[339,150,365],"class_list":{"0":"post-2769","1":"product","2":"type-product","3":"status-publish","4":"has-post-thumbnail","6":"product_brand-hikmicro","7":"product_cat-binokulare-s-nocnym-videnim","8":"product_cat-nocne-videnie","9":"product_cat-optika","10":"product_cat-termovizie","11":"product_cat-termovizne-binokulare","12":"product_tag-habrok","13":"product_tag-hikmicro","14":"product_tag-multispektralny-binokular","16":"first","17":"instock","18":"taxable","19":"shipping-taxable","20":"purchasable","21":"product-type-simple"},"ct_brands":[{"id":315,"name":"Hikmicro","slug":"hikmicro"}],"_links":{"self":[{"href":"https:\/\/zbranebudai.sk\/hu\/wp-json\/wp\/v2\/product\/2769","targetHints":{"allow":["GET"]}}],"collection":[{"href":"https:\/\/zbranebudai.sk\/hu\/wp-json\/wp\/v2\/product"}],"about":[{"href":"https:\/\/zbranebudai.sk\/hu\/wp-json\/wp\/v2\/types\/product"}],"wp:featuredmedia":[{"embeddable":true,"href":"https:\/\/zbranebudai.sk\/hu\/wp-json\/wp\/v2\/media\/2904"}],"wp:attachment":[{"href":"https:\/\/zbranebudai.sk\/hu\/wp-json\/wp\/v2\/media?parent=2769"}],"wp:term":[{"taxonomy":"product_brand","embeddable":true,"href":"https:\/\/zbranebudai.sk\/hu\/wp-json\/wp\/v2\/product_brand?post=2769"},{"taxonomy":"product_cat","embeddable":true,"href":"https:\/\/zbranebudai.sk\/hu\/wp-json\/wp\/v2\/product_cat?post=2769"},{"taxonomy":"product_tag","embeddable":true,"href":"https:\/\/zbranebudai.sk\/hu\/wp-json\/wp\/v2\/product_tag?post=2769"}],"curies":[{"name":"wp","href":"https:\/\/api.w.org\/{rel}","templated":true}]}}