{"id":2766,"date":"2025-02-01T20:17:51","date_gmt":"2025-02-01T18:17:51","guid":{"rendered":"https:\/\/zbranebudai.sk\/?post_type=product&#038;p=2766"},"modified":"2026-02-21T10:35:49","modified_gmt":"2026-02-21T08:35:49","slug":"hikmicro-condor-ch35l-kezi-hokamera-beepitett-tavolsagmerovel","status":"publish","type":"product","link":"https:\/\/zbranebudai.sk\/hu\/product\/hikmicro-condor-ch35l-kezi-hokamera-beepitett-tavolsagmerovel\/","title":{"rendered":"Hikmicro CONDOR CH35L k\u00e9zi h\u0151kamera be\u00e9p\u00edtett l\u00e9zeres t\u00e1vols\u00e1gm\u00e9r\u0151vel"},"content":{"rendered":"<p><strong>Hikmicro CONDOR CH35L k\u00e9zi h\u0151kamera be\u00e9p\u00edtett l\u00e9zeres t\u00e1vols\u00e1gm\u00e9r\u0151vel<\/strong><\/p>\n<p>A Condor k\u00e9zi h\u0151kamera monokul\u00e1r ergonomikus \u00e9s k\u00f6nny\u0171 teste a prec\u00edz l\u00e9zeres t\u00e1vols\u00e1gm\u00e9r\u0151vel kombin\u00e1lva egy\u00e9rtelm\u0171 v\u00e1laszt\u00e1s lesz a k\u00e9nyelmes vad\u00e1szathoz. Legyen elk\u00e1pr\u00e1ztatva ennek a monokul\u00e1rnak az egyszer\u0171s\u00e9g\u00e9t\u0151l, pontoss\u00e1g\u00e1t\u00f3l, r\u00e9szletes k\u00e9p\u00e9t\u0151l \u00e9s sok m\u00e1s el\u0151ny\u00e9t\u0151l.<\/p>\n<ul>\n<li>20 mK<\/li>\n<li>\u00c9rz\u00e9kel\u0151 384 \u00d7 288 px<\/li>\n<li>\u00c9rz\u00e9kel\u00e9s 1800 m\u00e9ter<\/li>\n<li>L\u00e9zeres t\u00e1vols\u00e1gm\u00e9r\u0151 1000 m\u00e9teres hat\u00f3t\u00e1vols\u00e1ggal<\/li>\n<li>K\u00f6nny\u0171, kompakt \u00e9s ergonomikus test<\/li>\n<\/ul>\n<p>Monokul\u00e1ris\u00a0<strong>Condor CH35L<\/strong>\u00a0fel van szerelve\u00a0<strong>h\u0151\u00e9rz\u00e9kel\u0151, NETD \u00e9rz\u00e9kenys\u00e9ggel \u2264 20 mK<\/strong>\u00a0\u00e9s a k\u00f6vetkez\u0151 felbont\u00e1ssal\u00a0<strong>384 \u00d7 288 px<\/strong>. Min\u00e9l alacsonyabb a NETD-\u00e9rt\u00e9k, ann\u00e1l jobban k\u00e9pes az \u00e9rz\u00e9kel\u0151 a t\u00e1rgyak k\u00f6z\u00f6tti legkisebb h\u0151m\u00e9rs\u00e9kletk\u00fcl\u00f6nbs\u00e9geket is r\u00f6gz\u00edteni, \u00e9s r\u00e9szletes k\u00e9pet adni.<\/p>\n<p><strong>Objekt\u00edv\u00a0<\/strong>f\u00f3kuszt\u00e1vols\u00e1ggal\u00a0<strong>35 mm<\/strong>\u00a0a 3,5x-es fix optikai nagy\u00edt\u00e1ssal a monokul\u00e1r k\u00e9pes ak\u00e1r\u00a0<strong>1800 m\u00e9ter<\/strong>. A k\u00f6vetkez\u0151kkel egy\u00fctt\u00a0<strong>l\u00e9zeres t\u00e1vols\u00e1gm\u00e9r\u0151vel<\/strong>\u00a0a prec\u00edz beavatkoz\u00e1s ide\u00e1lis seg\u00edt\u0151je.<\/p>\n<p>A m\u00e9g jobb min\u0151s\u00e9g\u0171 k\u00e9p \u00e9rdek\u00e9ben az Image Pro \u00e9s a Zoom Pro ak\u00e1r 50%-vel jav\u00edtja a digit\u00e1lis zoom k\u00e9pet. A fejlett k\u00e9pfeldolgoz\u00e1si technol\u00f3gi\u00e1k tiszt\u00e1bb, r\u00e9szletesebb k\u00e9pet biztos\u00edtanak az 1024\u00d7768 px-es OLED-kijelz\u0151n megjelen\u00edtett k\u00e9pen.<\/p>\n<p>Teh\u00e1t\u00a0<strong>be\u00e9p\u00edtett t\u00e1rol\u00f3<\/strong>\u00a0lehet\u0151s\u00e9ged van hanggal ell\u00e1tott f\u00e9nyk\u00e9pek \u00e9s vide\u00f3k k\u00e9sz\u00edt\u00e9s\u00e9re. Az alkalmaz\u00e1shoz val\u00f3 csatlakoz\u00e1ssal\u00a0<strong>HIKMICRO Sight<\/strong>\u00a0a mobileszk\u00f6z\u00e9n kereszt\u00fcl val\u00f3s id\u0151ben figyelheti a helysz\u00ednt, nyomon k\u00f6vetheti a k\u00e9sz\u00fcl\u00e9k aktu\u00e1lis verzi\u00f3j\u00e1t \u00e9s m\u00e9g sz\u00e1mos m\u00e1s funkci\u00f3t is.<\/p>\n<p>Olyan jellemz\u0151kkel is rendelkezik, mint a v\u00edz\u00e1ll\u00f3s\u00e1g \u00e9s az IP67-es tart\u00f3ss\u00e1g. Ez\u00e9rt a Condor olyan zord k\u00f6r\u00fclm\u00e9nyek k\u00f6z\u00f6tt is haszn\u00e1lhat\u00f3, mint az es\u0151 \u00e9s a h\u00f3. Az \u00e1ramell\u00e1t\u00e1sr\u00f3l egyetlen cser\u00e9lhet\u0151 18650 Li-ion akkumul\u00e1tor gondoskodik, amely 4,5 \u00f3r\u00e1s \u00fczemid\u0151vel rendelkezik. Az alv\u00f3 \u00fczemm\u00f3dnak k\u00f6sz\u00f6nhet\u0151en k\u00edm\u00e9li az akkumul\u00e1tort.<\/p>\n<p><strong>A k\u00e9sz\u00fcl\u00e9kre 3 \u00e9v garanci\u00e1t v\u00e1llalunk, \u00e9s szervizel\u00e9s eset\u00e9n garanci\u00e1t biztos\u00edtunk a cserek\u00e9sz\u00fcl\u00e9kre.<\/strong><\/p>\n<p><strong>Specifik\u00e1ci\u00f3:<\/strong><\/p>\n<table dir=\"ltr\" border=\"1\" cellspacing=\"0\" cellpadding=\"0\" data-sheets-root=\"1\" data-sheets-baot=\"1\">\n<colgroup>\n<col width=\"375\" \/>\n<col width=\"437\" \/><\/colgroup>\n<tbody>\n<tr>\n<td>\u00c9rz\u00e9kel\u0151<\/td>\n<td>384 \u00d7 288 px<\/td>\n<\/tr>\n<tr>\n<td>H\u0151\u00e9rz\u00e9kenys\u00e9g<\/td>\n<td>\u2264 20 mK<\/td>\n<\/tr>\n<tr>\n<td>Kijelz\u0151 felbont\u00e1sa<\/td>\n<td>1024 \u00d7 768 px<\/td>\n<\/tr>\n<tr>\n<td>Wi-Fi<\/td>\n<td>Igen<\/td>\n<\/tr>\n<tr>\n<td>L\u00e9zeres t\u00e1vols\u00e1gm\u00e9r\u0151<\/td>\n<td>Igen, 1000 m<\/td>\n<\/tr>\n<tr>\n<td>Objekt\u00edv<\/td>\n<td>35 mm<\/td>\n<\/tr>\n<tr>\n<td>\u00c9rz\u00e9kel\u00e9s<\/td>\n<td>1800 m<\/td>\n<\/tr>\n<tr>\n<td>Optikai nagy\u00edt\u00e1s<\/td>\n<td>3,5x<\/td>\n<\/tr>\n<tr>\n<td>L\u00e1t\u00f3mez\u0151<\/td>\n<td>7,5\u00b0 \u00d7 5,6\u00b0<\/td>\n<\/tr>\n<tr>\n<td>Digit\u00e1lis zoom<\/td>\n<td>8x<\/td>\n<\/tr>\n<tr>\n<td>Dioptri\u00e1s korrekci\u00f3<\/td>\n<td>-5D - +3D<\/td>\n<\/tr>\n<tr>\n<td>F\u00e9nyk\u00e9pez\u00e9si lehet\u0151s\u00e9g<\/td>\n<td>Igen<\/td>\n<\/tr>\n<tr>\n<td>Vide\u00f3 opci\u00f3<\/td>\n<td>Igen<\/td>\n<\/tr>\n<tr>\n<td>V\u00e9delmi fokozat<\/td>\n<td>IP67<\/td>\n<\/tr>\n<tr>\n<td>Mem\u00f3ria<\/td>\n<td>Be\u00e9p\u00edtett, 64 GB<\/td>\n<\/tr>\n<tr>\n<td>\u00dczemi h\u0151m\u00e9rs\u00e9klet<\/td>\n<td>-30 \u00b0C-t\u00f3l 55 \u00b0C-ig<\/td>\n<\/tr>\n<tr>\n<td>Akkumul\u00e1tor<\/td>\n<td>1\u00d7 18650<\/td>\n<\/tr>\n<tr>\n<td>Az akkumul\u00e1tor \u00e9lettartama<\/td>\n<td>4,5 \u00f3ra<\/td>\n<\/tr>\n<tr>\n<td>S\u00faly<\/td>\n<td>400 g<\/td>\n<\/tr>\n<tr>\n<td>M\u00e9retek<\/td>\n<td>185 \u00d7 53 \u00d7 88 mm<\/td>\n<\/tr>\n<\/tbody>\n<\/table>\n<p><a href=\"https:\/\/www.hikmicrotech.com\/en\/outdoor-products\/condor-thermal-lrf-monocular\/\">https:\/\/www.hikmicrotech.com\/en\/outdoor-products\/condor-thermal-lrf-monocular\/<\/a><\/p>","protected":false},"excerpt":{"rendered":"<p>H\u0151kamera l\u00e9zeres t\u00e1vols\u00e1gm\u00e9r\u0151vel. \u00c9rz\u00e9kel\u0151: 384 x 288 px, 12\u03bcm. Objekt\u00edv: 35 mm. H\u0151kamer\u00e1s \u00e9rz\u00e9kel\u0151 \u00e9rz\u00e9kenys\u00e9ge: \u2264 20 mK. \u00c9rz\u00e9kel\u00e9si t\u00e1vols\u00e1g: 1800 m. Optikai nagy\u00edt\u00e1s: 3,5x. Ak\u00e1r 8x. Kijelz\u0151: OLED 1024 x 768 px. Energiatakar\u00e9kos \u00fczemm\u00f3d (alv\u00f3 \u00fczemm\u00f3d). Az akkumul\u00e1tor \u00e9lettartama: 4,5 \u00f3ra. Energia: 1x \u00fajrat\u00f6lthet\u0151 Li-ion 18650 akkumul\u00e1tor. Men\u00fc \u00e9s haszn\u00e1lati utas\u00edt\u00e1s.<\/p>","protected":false},"featured_media":2887,"template":"","meta":{"_gspb_post_css":""},"product_brand":[315],"product_cat":[21,144,327],"product_tag":[346,150,347,337],"class_list":{"0":"post-2766","1":"product","2":"type-product","3":"status-publish","4":"has-post-thumbnail","6":"product_brand-hikmicro","7":"product_cat-optika","8":"product_cat-termovizie","9":"product_cat-termovizne-monokulary","10":"product_tag-condor","11":"product_tag-hikmicro","12":"product_tag-laserovy-dialkomer","13":"product_tag-termovizny-monokular","15":"first","16":"instock","17":"sale","18":"taxable","19":"shipping-taxable","20":"purchasable","21":"product-type-simple"},"ct_brands":[{"id":315,"name":"Hikmicro","slug":"hikmicro"}],"_links":{"self":[{"href":"https:\/\/zbranebudai.sk\/hu\/wp-json\/wp\/v2\/product\/2766","targetHints":{"allow":["GET"]}}],"collection":[{"href":"https:\/\/zbranebudai.sk\/hu\/wp-json\/wp\/v2\/product"}],"about":[{"href":"https:\/\/zbranebudai.sk\/hu\/wp-json\/wp\/v2\/types\/product"}],"wp:featuredmedia":[{"embeddable":true,"href":"https:\/\/zbranebudai.sk\/hu\/wp-json\/wp\/v2\/media\/2887"}],"wp:attachment":[{"href":"https:\/\/zbranebudai.sk\/hu\/wp-json\/wp\/v2\/media?parent=2766"}],"wp:term":[{"taxonomy":"product_brand","embeddable":true,"href":"https:\/\/zbranebudai.sk\/hu\/wp-json\/wp\/v2\/product_brand?post=2766"},{"taxonomy":"product_cat","embeddable":true,"href":"https:\/\/zbranebudai.sk\/hu\/wp-json\/wp\/v2\/product_cat?post=2766"},{"taxonomy":"product_tag","embeddable":true,"href":"https:\/\/zbranebudai.sk\/hu\/wp-json\/wp\/v2\/product_tag?post=2766"}],"curies":[{"name":"wp","href":"https:\/\/api.w.org\/{rel}","templated":true}]}}