{"id":2760,"date":"2025-02-01T20:17:51","date_gmt":"2025-02-01T18:17:51","guid":{"rendered":"https:\/\/zbranebudai.sk\/?post_type=product&#038;p=2760"},"modified":"2026-02-18T18:41:37","modified_gmt":"2026-02-18T16:41:37","slug":"hikmicro-alpex-a50t-az-ejjellato-celtavcso-infraveto-nelkul-val","status":"publish","type":"product","link":"https:\/\/zbranebudai.sk\/hu\/product\/hikmicro-alpex-a50t-s-ejjellato-celtavcso-infraveto-nelkul\/","title":{"rendered":"Hikmicro ALPEX A50T-S \u00e9jjell\u00e1t\u00f3 c\u00e9lt\u00e1vcs\u0151 infravet\u0151 n\u00e9lk\u00fcl"},"content":{"rendered":"<p>A HIKMICRO ALPEX A50T-S digit\u00e1lis \u00e9jjell\u00e1t\u00f3 kit\u0171nik prec\u00edz kivitelez\u00e9s\u00e9vel \u00e9s eleg\u00e1nsan be\u00e9p\u00edtett kezel\u0151szerveivel, amelyek minden fegyver d\u00edsz\u00e9v\u00e9 teszik. \u00cdgy t\u00e1mogatja a t\u00f6k\u00e9letes c\u00e9lmegjel\u00f6l\u00e9st vad\u00e1szat vagy vagyonv\u00e9delem sor\u00e1n.<\/p>\n<ul>\n<li>Optikai nagy\u00edt\u00e1s 3,5x<\/li>\n<li>K\u00fcls\u0151 vil\u00e1g\u00edt\u00f3test n\u00e9lk\u00fcl<\/li>\n<li>2 Mpx-es f\u00e9nyk\u00e9p \u00e9s 1440 x 1080 px vide\u00f3<\/li>\n<li>T\u00e1mogatja a l\u00f6v\u00e9svez\u00e9relt felv\u00e9telt<\/li>\n<li>\u00c9rz\u00e9kel\u00e9s 220 m\u00e9terig<\/li>\n<\/ul>\n<p><strong>Alpex A50T-S c\u00e9lt\u00e1vcs\u0151\u00a0<\/strong>egy fejlett 1920 x 1080 px Full HD \u00e9rz\u00e9kel\u0151vel \u00e9s egy 1024 x 768 px OLED kijelz\u0151vel k\u00fcl\u00f6nb\u00f6zteti meg mag\u00e1t a versenyt\u00e1rsakt\u00f3l. A c\u00e9lt\u00e1vcs\u0151\u00a0<strong>optikai nagy\u00edt\u00e1s 3,5x<\/strong>\u00a0a\u00a0<strong>4x digit\u00e1lis zoom<\/strong>.<\/p>\n<p>Nappal sz\u00ednes k\u00e9pet, \u00e9jszaka pedig klasszikus fekete-feh\u00e9r k\u00e9pet biztos\u00edt, minden id\u0151j\u00e1r\u00e1si k\u00f6r\u00fclm\u00e9ny k\u00f6z\u00f6tt, a k\u00f6vetkez\u0151knek k\u00f6sz\u00f6nhet\u0151en\u00a0<strong>anti-fog \u00fczemm\u00f3d<\/strong>. Ez a modell\u00a0<strong>k\u00fcls\u0151 vil\u00e1g\u00edt\u00e1s n\u00e9lk\u00fcl<\/strong>. A c\u00e9lt\u00e1vcs\u0151 \u00e9rz\u00e9kel\u00e9si t\u00e1vols\u00e1ga ak\u00e1r 220 m\u00e9ter.<\/p>\n<p>Az ak\u00e1r 64 GB be\u00e9p\u00edtett t\u00e1rol\u00f3egys\u00e9ggel f\u00e9nyk\u00e9pezhet\u00a0<strong>2 Mpx felbont\u00e1s<\/strong>\u00a0vagy l\u0151ni\u00a0<strong>1440\u00d71080 px vide\u00f3k.<\/strong>\u00a0A r\u00f6gz\u00edtett felv\u00e9teleket b\u00e1rmikor megtekintheti vagy t\u00f6r\u00f6lheti. A k\u00e9sz\u00fcl\u00e9ket USB-C-n kereszt\u00fcl csatlakoztathatja sz\u00e1m\u00edt\u00f3g\u00e9p\u00e9hez vagy okostelefonj\u00e1hoz a HIKMICRO Sight alkalmaz\u00e1s seg\u00edts\u00e9g\u00e9vel.<\/p>\n<p>Olyan funkci\u00f3kkal is rendelkezik, mint a v\u00edz\u00e1ll\u00f3 \u00e9s IP67-es ellen\u00e1ll\u00e1s. Ez teszi az Alpex A50T-S-t alkalmass\u00e1 az olyan zord k\u00f6r\u00fclm\u00e9nyekhez, mint az es\u0151 \u00e9s a h\u00f3. Az \u00e1ramell\u00e1t\u00e1sr\u00f3l k\u00e9t be\u00e9p\u00edtett 18650-es akkumul\u00e1tor \u00e9s egy RCR123 cser\u00e9lhet\u0151 akkumul\u00e1tor gondoskodik. Az alv\u00f3 \u00fczemm\u00f3d haszn\u00e1lat\u00e1val k\u00edm\u00e9li az akkumul\u00e1tort.<\/p>\n<p><strong>3 \u00e9v garanci\u00e1t v\u00e1llalunk, \u00e9s szervizel\u00e9s eset\u00e9n garant\u00e1ljuk a cserek\u00e9sz\u00fcl\u00e9k k\u00f6lcs\u00f6nz\u00e9s\u00e9t.<\/strong><\/p>\n<p><strong>Specifik\u00e1ci\u00f3k:<\/strong><\/p>\n<table border=\"1\">\n<tbody>\n<tr>\n<td>Wi-fi<\/td>\n<td colspan=\"2\">Igen<\/td>\n<\/tr>\n<tr>\n<td>\u00c9rz\u00e9kel\u0151<\/td>\n<td colspan=\"2\">1920 \u00d7 1080 px<\/td>\n<\/tr>\n<tr>\n<td>Kijelz\u0151 felbont\u00e1sa<\/td>\n<td colspan=\"2\">1024 \u00d7 768 px<\/td>\n<\/tr>\n<tr>\n<td>Objekt\u00edv<\/td>\n<td colspan=\"2\">50 mm<\/td>\n<\/tr>\n<tr>\n<td>Cs\u0151 \u00e1tm\u00e9r\u0151je<\/td>\n<td colspan=\"2\">30 mm<\/td>\n<\/tr>\n<tr>\n<td>L\u00e1t\u00f3mez\u0151<\/td>\n<td colspan=\"2\">7,7\u00b0 \u00d7 5,8\u00b0<\/td>\n<\/tr>\n<tr>\n<td>Optikai nagy\u00edt\u00e1s<\/td>\n<td colspan=\"2\">3,5x.<\/td>\n<\/tr>\n<tr>\n<td>Digit\u00e1lis zoom<\/td>\n<td colspan=\"2\">4x<\/td>\n<\/tr>\n<tr>\n<td>Dioptri\u00e1s korrekci\u00f3<\/td>\n<td colspan=\"2\">\u00b15<\/td>\n<\/tr>\n<tr>\n<td>F\u00e9nyk\u00e9p felbont\u00e1sa<\/td>\n<td colspan=\"2\">2 Mpx<\/td>\n<\/tr>\n<tr>\n<td>Vide\u00f3 felbont\u00e1s<\/td>\n<td colspan=\"2\">1440 \u00d7 1080 px<\/td>\n<\/tr>\n<tr>\n<td>Hangfelv\u00e9tel<\/td>\n<td colspan=\"2\">Igen<\/td>\n<\/tr>\n<tr>\n<td>A felv\u00e9tel elind\u00edt\u00e1sa a l\u00f6v\u00e9s lead\u00e1sakor<\/td>\n<td colspan=\"2\">Igen<\/td>\n<\/tr>\n<tr>\n<td>\u00c9rz\u00e9kel\u00e9s<\/td>\n<td colspan=\"2\">220 m<\/td>\n<\/tr>\n<tr>\n<td>V\u00e9delmi fokozat<\/td>\n<td colspan=\"2\">IP67<\/td>\n<\/tr>\n<tr>\n<td>Mem\u00f3ria<\/td>\n<td colspan=\"2\">be\u00e9p\u00edtett, 64 GB<\/td>\n<\/tr>\n<tr>\n<td>\u00dczemi h\u0151m\u00e9rs\u00e9klet<\/td>\n<td colspan=\"2\">-30 \u00b0C \u00e9s 55 \u00b0C k\u00f6z\u00f6tt<\/td>\n<\/tr>\n<tr>\n<td>Akkumul\u00e1torok<\/td>\n<td colspan=\"2\">2\u00d7 be\u00e9p\u00edtett 18650 \u00e9s 1x cser\u00e9lhet\u0151 RCR123<\/td>\n<\/tr>\n<tr>\n<td>Az akkumul\u00e1tor \u00e9lettartama<\/td>\n<td colspan=\"2\">12 \u00f3ra.<\/td>\n<\/tr>\n<tr>\n<td>M\u00e9retek<\/td>\n<td colspan=\"2\">442 mm \u00d7 78,1 mm \u00d7 83,5 mm<\/td>\n<\/tr>\n<tr>\n<td>S\u00faly:<\/td>\n<td colspan=\"2\">1 062 g<\/td>\n<\/tr>\n<\/tbody>\n<\/table>\n<p><a href=\"https:\/\/www.hikmicrotech.com\/en\/outdoor-products\/alpex-series-night-vision-telescope\/\">https:\/\/www.hikmicrotech.com\/en\/outdoor-products\/alpex-series-night-vision-telescope\/<\/a><\/p>","protected":false},"excerpt":{"rendered":"<p>Digit\u00e1lis \u00e9jjell\u00e1t\u00f3 HIKMICRO ALPEX A50T-S - c\u00e9lt\u00e1vcs\u0151. Nappali\/\u00e9jszakai \u00fczemm\u00f3d - sz\u00ednes k\u00e9p nappal \u00e9s fekete-feh\u00e9r k\u00e9p \u00e9jszaka. Objekt\u00edv: 50 mm. \u00c9rz\u00e9kel\u00e9si t\u00e1vols\u00e1g: 220 m. Optikai nagy\u00edt\u00e1s: 3,5x. Ak\u00e1r 4x-es. 1024 \u00d7 768 px OLED kijelz\u0151. K\u00fcls\u0151 megvil\u00e1g\u00edt\u00f3 n\u00e9lk\u00fcl. K\u00e9p a k\u00e9pben (PIP) funkci\u00f3. F\u00e9nyk\u00e9p- \u00e9s vide\u00f3felv\u00e9teli funkci\u00f3k. F\u00e9nyk\u00e9pfelbont\u00e1s: 2 Mpx. Vide\u00f3felbont\u00e1s: 1440 x 1080 px. Energiatakar\u00e9kos \u00fczemm\u00f3d (alv\u00f3 \u00fczemm\u00f3d). Az akkumul\u00e1tor \u00e9lettartama: 12 \u00f3ra. Energiaell\u00e1t\u00e1s: 2\u00d7 be\u00e9p\u00edtett 18650-es akkumul\u00e1tor \u00e9s 1\u00d7 cser\u00e9lhet\u0151 RCR123 akkumul\u00e1tor. Men\u00fc \u00e9s k\u00e9zik\u00f6nyv cseh nyelven.<\/p>","protected":false},"featured_media":2855,"template":"","meta":{"_gspb_post_css":""},"product_brand":[315],"product_cat":[145,21,331],"product_tag":[349,150,325,324],"class_list":{"0":"post-2760","1":"product","2":"type-product","3":"status-publish","4":"has-post-thumbnail","6":"product_brand-hikmicro","7":"product_cat-nocne-videnie","8":"product_cat-optika","9":"product_cat-puskohlady-s-nocnym-videnim","10":"product_tag-alpex","11":"product_tag-hikmicro","12":"product_tag-nocne-videnie","13":"product_tag-puskohlad","15":"first","16":"outofstock","17":"taxable","18":"shipping-taxable","19":"purchasable","20":"product-type-simple"},"ct_brands":[{"id":315,"name":"Hikmicro","slug":"hikmicro"}],"_links":{"self":[{"href":"https:\/\/zbranebudai.sk\/hu\/wp-json\/wp\/v2\/product\/2760","targetHints":{"allow":["GET"]}}],"collection":[{"href":"https:\/\/zbranebudai.sk\/hu\/wp-json\/wp\/v2\/product"}],"about":[{"href":"https:\/\/zbranebudai.sk\/hu\/wp-json\/wp\/v2\/types\/product"}],"wp:featuredmedia":[{"embeddable":true,"href":"https:\/\/zbranebudai.sk\/hu\/wp-json\/wp\/v2\/media\/2855"}],"wp:attachment":[{"href":"https:\/\/zbranebudai.sk\/hu\/wp-json\/wp\/v2\/media?parent=2760"}],"wp:term":[{"taxonomy":"product_brand","embeddable":true,"href":"https:\/\/zbranebudai.sk\/hu\/wp-json\/wp\/v2\/product_brand?post=2760"},{"taxonomy":"product_cat","embeddable":true,"href":"https:\/\/zbranebudai.sk\/hu\/wp-json\/wp\/v2\/product_cat?post=2760"},{"taxonomy":"product_tag","embeddable":true,"href":"https:\/\/zbranebudai.sk\/hu\/wp-json\/wp\/v2\/product_tag?post=2760"}],"curies":[{"name":"wp","href":"https:\/\/api.w.org\/{rel}","templated":true}]}}