{"id":2758,"date":"2025-02-01T20:17:51","date_gmt":"2025-02-01T18:17:51","guid":{"rendered":"https:\/\/zbranebudai.sk\/?post_type=product&#038;p=2758"},"modified":"2026-02-21T09:56:56","modified_gmt":"2026-02-21T07:56:56","slug":"hikmicro-alpex-4k-a50e-digitalis-ejjellato-celtavcso","status":"publish","type":"product","link":"https:\/\/zbranebudai.sk\/hu\/product\/hikmicro-alpex-4k-a50e-digitalis-ejjellato-celtavcso\/","title":{"rendered":"Hikmicro ALPEX 4K A50E c\u00e9lt\u00e1vcs\u0151, digit\u00e1lis \u00e9jjell\u00e1t\u00f3"},"content":{"rendered":"<p><strong>Hikmicro ALPEX 4K A50E c\u00e9lt\u00e1vcs\u0151, digit\u00e1lis \u00e9jjell\u00e1t\u00f3<\/strong><\/p>\n<p>A HIKMICRO ALPEX 4K igazi 24 \u00f3r\u00e1s n\u00e9z\u00e9si \u00e9lm\u00e9nyt ny\u00fajt! Hihetetlen k\u00e9pek egy eleg\u00e1ns c\u00e9lt\u00e1vcs\u0151testben, nagyon egyszer\u0171 kezelhet\u0151s\u00e9ggel. A biztons\u00e1gosabb \u00e9s etikusabb vad\u00e1szat\u00e9rt b\u00e1rmilyen k\u00f6r\u00fclm\u00e9nyek k\u00f6z\u00f6tt, b\u00e1rmilyen k\u00f6rnyezetben.<\/p>\n<ul>\n<li>4K UHD \u00e9rz\u00e9kel\u0151<\/li>\n<li>Optikai nagy\u00edt\u00e1s 3,5x<\/li>\n<li>850\/940 nm-es k\u00fcls\u0151 megvil\u00e1g\u00edt\u00e1si lehet\u0151s\u00e9g<\/li>\n<li>2 Mpx-es fot\u00f3k \u00e9s Full HD vide\u00f3k<\/li>\n<li>\u00c9rz\u00e9kel\u00e9s 350 m\u00e9terig<\/li>\n<\/ul>\n<p>Az Alpex 4K sorozat 3840\u00d72160 UHD \u00e9rz\u00e9kel\u0151vel 3840\u00d72160 felbont\u00e1s\u00fa, vil\u00e1gos \u00e9s tiszta k\u00e9peket biztos\u00edt nappal \u00e9l\u00e9nk sz\u00ednekben, \u00e9jszaka pedig fekete-feh\u00e9rben. A c\u00e9lt\u00e1vcs\u0151 1920\u00d71080 px OLED kijelz\u0151vel rendelkezik a maxim\u00e1lis szemk\u00e9nyelem \u00e9rdek\u00e9ben.<\/p>\n<p>A nyolcszoros digit\u00e1lis zoom \u00e9s a sz\u00e9les l\u00e1t\u00f3mez\u0151 t\u00f6k\u00e9letes kombin\u00e1ci\u00f3t alkot a legapr\u00f3bb r\u00e9szletek, p\u00e9ld\u00e1ul a sz\u0151rzet vagy az agancsok k\u00f6nny\u0171 leolvas\u00e1s\u00e1hoz.<\/p>\n<p>T\u00f6bbf\u00e9le k\u00fcls\u0151 vet\u0151 \u00e9rhet\u0151 el (nem r\u00e9sze a csomagnak). A TenoSight L-940 l\u00e9zert kifejezetten \u00fagy tervezt\u00e9k, hogy a lehet\u0151 legpontosabban megfeleljen az \u00e9jszakai vad\u00e1szat k\u00f6vetelm\u00e9nyeinek - a vad sz\u00e1m\u00e1ra l\u00e1thatatlan, \u00e9s 300 m\u00e9teres t\u00e1vols\u00e1gig k\u00edn\u00e1l \u00e9rz\u00e9kel\u00e9st. Az eredeti HIKMICRO 940 nm-es megvil\u00e1g\u00edt\u00e1ssal 250 m\u00e9teres, a 850 nm-es megvil\u00e1g\u00edt\u00e1ssal pedig ak\u00e1r 350 m\u00e9teres \u00e9szlel\u00e9si t\u00e1vols\u00e1got is el\u00e9rhet.<\/p>\n<p>A napk\u00f6zben is egyed\u00fcl\u00e1ll\u00f3 vad\u00e1sz\u00e9lm\u00e9ny \u00e9rdek\u00e9ben a k\u00e9sz\u00fcl\u00e9k \u00e1ll\u00edthat\u00f3 rekeszny\u00edl\u00e1ssal rendelkezik, amely kik\u00fcsz\u00f6b\u00f6li a k\u00e9p esetleges t\u00fckr\u00f6z\u0151d\u00e9s\u00e9t \u00e9s n\u00f6veli a m\u00e9lys\u00e9g\u00e9less\u00e9get.<\/p>\n<p>Az ak\u00e1r 64 GB be\u00e9p\u00edtett t\u00e1rhelyen 2 megapixeles f\u00e9nyk\u00e9peket k\u00e9sz\u00edthet, illetve 1920 x 1080 px-es vide\u00f3kat forgathat. A r\u00f6gz\u00edtett felv\u00e9teleket b\u00e1rmikor megtekintheti vagy t\u00f6r\u00f6lheti. Az USB-C porton kereszt\u00fcl csatlakoztathatja a k\u00e9sz\u00fcl\u00e9ket sz\u00e1m\u00edt\u00f3g\u00e9p\u00e9hez vagy mobiltelefonj\u00e1hoz a HIKMICRO Sight alkalmaz\u00e1s seg\u00edts\u00e9g\u00e9vel.<\/p>\n<p>Olyan jellemz\u0151kkel is rendelkezik, mint a v\u00edz\u00e1ll\u00f3s\u00e1g \u00e9s az IP67-es tart\u00f3ss\u00e1g. Ez\u00e9rt az Alpex 4K A50E olyan zord k\u00f6r\u00fclm\u00e9nyek k\u00f6z\u00f6tt is haszn\u00e1lhat\u00f3, mint az es\u0151 \u00e9s a h\u00f3. A folyamatos vad\u00e1szatot k\u00e9t be\u00e9p\u00edtett akkumul\u00e1tor \u00e9s egy cser\u00e9lhet\u0151 18650-es elem k\u00f6zvet\u00edti. Term\u00e9szetesen van alv\u00f3 \u00fczemm\u00f3d funkci\u00f3, amely k\u00edm\u00e9li az akkumul\u00e1tort.<\/p>\n<p><strong>A k\u00e9sz\u00fcl\u00e9kre 3 \u00e9v garanci\u00e1t v\u00e1llalunk, \u00e9s szervizel\u00e9s eset\u00e9n garanci\u00e1t biztos\u00edtunk a cserek\u00e9sz\u00fcl\u00e9kre.<\/strong><\/p>\n<p><strong>Specifik\u00e1ci\u00f3k:<\/strong><\/p>\n<table border=\"1\">\n<tbody>\n<tr>\n<td>Wi-fi<\/td>\n<td colspan=\"2\">Igen<\/td>\n<\/tr>\n<tr>\n<td>\u00c9rz\u00e9kel\u0151<\/td>\n<td colspan=\"2\">3840 \u00d7 2160 px<\/td>\n<\/tr>\n<tr>\n<td>Kijelz\u0151 felbont\u00e1sa<\/td>\n<td colspan=\"2\">1920 \u00d7 1080 px<\/td>\n<\/tr>\n<tr>\n<td>Objekt\u00edv<\/td>\n<td colspan=\"2\">50 mm<\/td>\n<\/tr>\n<tr>\n<td>Cs\u0151 \u00e1tm\u00e9r\u0151je<\/td>\n<td colspan=\"2\">30 mm<\/td>\n<\/tr>\n<tr>\n<td>L\u00e1t\u00f3mez\u0151<\/td>\n<td colspan=\"2\">8,8\u00b0 \u00d7 5,0\u00b0<\/td>\n<\/tr>\n<tr>\n<td>Optikai nagy\u00edt\u00e1s<\/td>\n<td colspan=\"2\">3,5x<\/td>\n<\/tr>\n<tr>\n<td>Digit\u00e1lis zoom<\/td>\n<td colspan=\"2\">8x<\/td>\n<\/tr>\n<tr>\n<td>Dioptri\u00e1s korrekci\u00f3<\/td>\n<td colspan=\"2\">\u00b15<\/td>\n<\/tr>\n<tr>\n<td>F\u00e9nyk\u00e9p felbont\u00e1sa<\/td>\n<td colspan=\"2\">2 Mpx<\/td>\n<\/tr>\n<tr>\n<td>Vide\u00f3 felbont\u00e1s<\/td>\n<td colspan=\"2\">1920 \u00d7 1080 px<\/td>\n<\/tr>\n<tr>\n<td>Hangfelv\u00e9tel<\/td>\n<td colspan=\"2\">Igen<\/td>\n<\/tr>\n<tr>\n<td>Felv\u00e9tel a felv\u00e9tel ut\u00e1n<\/td>\n<td colspan=\"2\">Igen<\/td>\n<\/tr>\n<tr>\n<td>Napi \u00e9szlel\u00e9s<\/td>\n<td colspan=\"2\">1000 m<\/td>\n<\/tr>\n<tr>\n<td>\u00c9jszakai \u00e9szlel\u00e9s<\/td>\n<td colspan=\"2\">350 m-ig<\/td>\n<\/tr>\n<tr>\n<td>K\u00fcls\u0151 vil\u00e1g\u00edt\u00f3test<\/td>\n<td colspan=\"2\">850 \/ 940 nm<\/td>\n<\/tr>\n<tr>\n<td>V\u00e9delmi fokozat<\/td>\n<td colspan=\"2\">IP67<\/td>\n<\/tr>\n<tr>\n<td>Mem\u00f3ria<\/td>\n<td colspan=\"2\">be\u00e9p\u00edtett, 64 GB<\/td>\n<\/tr>\n<tr>\n<td>\u00dczemi h\u0151m\u00e9rs\u00e9klet<\/td>\n<td colspan=\"2\">-30\u00b0C \u00e9s 55\u00b0C k\u00f6z\u00f6tt<\/td>\n<\/tr>\n<tr>\n<td>Akkumul\u00e1torok<\/td>\n<td colspan=\"2\">2x be\u00e9p\u00edtett \u00e9s 1x cser\u00e9lhet\u0151 18650<\/td>\n<\/tr>\n<tr>\n<td>Az akkumul\u00e1tor \u00e9lettartama<\/td>\n<td colspan=\"2\">11 \u00f3ra.<\/td>\n<\/tr>\n<tr>\n<td>M\u00e9retek<\/td>\n<td colspan=\"2\">440 mm \u00d7 71 mm \u00d7 84 mm<\/td>\n<\/tr>\n<tr>\n<td>S\u00faly<\/td>\n<td colspan=\"2\">1080 g<\/td>\n<\/tr>\n<\/tbody>\n<\/table>\n<p><a href=\"https:\/\/www.hikmicrotech.com\/en\/outdoor-products\/alpex-4k-digital-day-night-vision-scope\/\">https:\/\/www.hikmicrotech.com\/en\/outdoor-products\/alpex-4k-digital-day-night-vision-scope\/<\/a><\/p>","protected":false},"excerpt":{"rendered":"<p>Digit\u00e1lis \u00e9jjell\u00e1t\u00f3 - c\u00e9lt\u00e1vcs\u0151. Nappali\/\u00e9jszakai \u00fczemm\u00f3d - sz\u00ednes nappal \u00e9s fekete-feh\u00e9r \u00e9jszaka. \u00c9rz\u00e9kel\u0151: 4K UHD. Objekt\u00edv: 50 mm. \u00c9rz\u00e9kel\u00e9si t\u00e1vols\u00e1g: legfeljebb 350 m. Optikai nagy\u00edt\u00e1s: 3,5x. Ak\u00e1r 8x. Kijelz\u0151: OLED 1920 \u00d7 1080 px. K\u00fcls\u0151 megvil\u00e1g\u00edt\u00f3 opci\u00f3 (nem tartoz\u00e9k): 850\/940 nm. K\u00e9p a k\u00e9pben (PIP) funkci\u00f3. F\u00e9nyk\u00e9p- \u00e9s vide\u00f3felv\u00e9teli funkci\u00f3. F\u00e9nyk\u00e9pfelbont\u00e1s: 2 Mpx. Vide\u00f3felbont\u00e1s: 1920 x 1080 px. Energiatakar\u00e9kos \u00fczemm\u00f3d (alv\u00f3 \u00fczemm\u00f3d). Az akkumul\u00e1tor \u00e9lettartama: 11 \u00f3ra. Energiaell\u00e1t\u00e1s: 2x be\u00e9p\u00edtett \u00e9s 1x cser\u00e9lhet\u0151 18650-es akkumul\u00e1tor. Men\u00fc \u00e9s haszn\u00e1lati utas\u00edt\u00e1s cseh \u00e9s szlov\u00e1k nyelven.<\/p>","protected":false},"featured_media":2851,"template":"","meta":{"_gspb_post_css":""},"product_brand":[315],"product_cat":[145,21,331],"product_tag":[349,150,325,324],"class_list":{"0":"post-2758","1":"product","2":"type-product","3":"status-publish","4":"has-post-thumbnail","6":"product_brand-hikmicro","7":"product_cat-nocne-videnie","8":"product_cat-optika","9":"product_cat-puskohlady-s-nocnym-videnim","10":"product_tag-alpex","11":"product_tag-hikmicro","12":"product_tag-nocne-videnie","13":"product_tag-puskohlad","15":"first","16":"instock","17":"sale","18":"taxable","19":"shipping-taxable","20":"purchasable","21":"product-type-simple"},"ct_brands":[{"id":315,"name":"Hikmicro","slug":"hikmicro"}],"_links":{"self":[{"href":"https:\/\/zbranebudai.sk\/hu\/wp-json\/wp\/v2\/product\/2758","targetHints":{"allow":["GET"]}}],"collection":[{"href":"https:\/\/zbranebudai.sk\/hu\/wp-json\/wp\/v2\/product"}],"about":[{"href":"https:\/\/zbranebudai.sk\/hu\/wp-json\/wp\/v2\/types\/product"}],"wp:featuredmedia":[{"embeddable":true,"href":"https:\/\/zbranebudai.sk\/hu\/wp-json\/wp\/v2\/media\/2851"}],"wp:attachment":[{"href":"https:\/\/zbranebudai.sk\/hu\/wp-json\/wp\/v2\/media?parent=2758"}],"wp:term":[{"taxonomy":"product_brand","embeddable":true,"href":"https:\/\/zbranebudai.sk\/hu\/wp-json\/wp\/v2\/product_brand?post=2758"},{"taxonomy":"product_cat","embeddable":true,"href":"https:\/\/zbranebudai.sk\/hu\/wp-json\/wp\/v2\/product_cat?post=2758"},{"taxonomy":"product_tag","embeddable":true,"href":"https:\/\/zbranebudai.sk\/hu\/wp-json\/wp\/v2\/product_tag?post=2758"}],"curies":[{"name":"wp","href":"https:\/\/api.w.org\/{rel}","templated":true}]}}