{"id":2757,"date":"2025-02-01T20:17:50","date_gmt":"2025-02-01T18:17:50","guid":{"rendered":"https:\/\/zbranebudai.sk\/?post_type=product&#038;p=2757"},"modified":"2026-02-21T15:03:30","modified_gmt":"2026-02-21T13:03:30","slug":"hikmicro-habrok-4k-he25ln-ketszemes-betekintesu-digitalis-ejjellato-es-hokamera-kereso","status":"publish","type":"product","link":"https:\/\/zbranebudai.sk\/hu\/product\/hikmicro-habrok-4k-he25ln-ketszemes-betekintesu-digitalis-ejjellato-es-hokamera-kereso\/","title":{"rendered":"Hikmicro HABROK 4K HE25LN k\u00e9tszemes betekint\u00e9s\u0171 digit\u00e1lis \u00e9jjell\u00e1t\u00f3 \u00e9s h\u0151kamera keres\u0151"},"content":{"rendered":"<p><strong>Hikmicro HABROK 4K HE25LN k\u00e9tszemes betekint\u00e9s\u0171 digit\u00e1lis \u00e9jjell\u00e1t\u00f3 \u00e9s h\u0151kamera keres\u0151<\/strong><\/p>\n<p>A HIKMICRO HABROK 4K multifunkci\u00f3s t\u00e1vcs\u0151 teljes m\u00e9rt\u00e9kben helyettes\u00edti a nappali optik\u00e1t, \u00e9s m\u00e9g \u00e9jszaka sem kell levennie a kez\u00e9r\u0151l. A kett\u0151s rendszer a h\u0151- \u00e9s \u00e9jjell\u00e1t\u00e1s k\u00f6z\u00f6tti v\u00e1lt\u00e1s k\u00e9pess\u00e9g\u00e9vel teljes \u00e1ttekint\u00e9st biztos\u00edt eg\u00e9sz nap \u00e9s \u00e9jszaka.<\/p>\n<ul>\n<li>4K UHD optikai modul\u00a0<span data-darkreader-inline-color=\"\">60 mm-es objekt\u00edv<\/span><\/li>\n<li>Gyors v\u00e1lt\u00e1s a h\u0151- \u00e9s az \u00e9jszakai l\u00e1t\u00e1s k\u00f6z\u00f6tt<\/li>\n<li>H\u0151k\u00e9p\u00e9rz\u00e9kel\u0151 256\u00d7192 px<\/li>\n<li>H\u0151m\u00e9rs\u00e9kleti \u00e9rz\u00e9kenys\u00e9g 35 mK<\/li>\n<li>940 nm-es \u00e9jjell\u00e1t\u00f3 megvil\u00e1g\u00edt\u00e1s<\/li>\n<li>\u00c9rz\u00e9kel\u00e9s 1200 m\u00e9terig*<\/li>\n<li>L\u00e9zeres t\u00e1vols\u00e1gm\u00e9r\u0151<\/li>\n<\/ul>\n<p>A HE25LN modell a k\u00f6vetkez\u0151kkel rendelkezik\u00a0<strong>tov\u00e1bbfejlesztett optikai modul \u00e9s<\/strong>\u00a0<span data-darkreader-inline-color=\"\"><strong>objekt\u00edv gy\u00fajt\u00f3t\u00e1vols\u00e1g 60 mm<\/strong><\/span>ami megk\u00f6nny\u00edti a klasszikus nappali t\u00e1vcs\u00f6vek elfelejt\u00e9s\u00e9t. A k\u00e9sz\u00fcl\u00e9k egyes\u00edti\u00a0<strong>optikai magmodul<\/strong>\u00a0Teh\u00e1t\u00a0<strong>nagyszer\u0171 4K UHD felbont\u00e1s<\/strong>\u00a0a\u00a0<strong>H\u0151kamer\u00e1s modul 256 \u00d7 192 px felbont\u00e1s\u00fa \u00e9rz\u00e9kel\u0151vel \u00e9s 35 mK h\u0151m\u00e9rs\u00e9klet-\u00e9rz\u00e9kenys\u00e9ggel<\/strong>. Az eg\u00e9sz k\u00e9p k\u00f6zvet\u00edti\u00a0<strong>OLED kijelz\u0151 1920 \u00d7 1080 px<\/strong>.<\/p>\n<p>K\u00f6sz\u00f6nhet\u0151en\u00a0<span data-darkreader-inline-color=\"\"><strong>25 mm-es f\u00f3kuszt\u00e1vols\u00e1g\u00fa h\u0151kamer\u00e1s objekt\u00edvnek<\/strong><\/span>\u00a0el\u00e9ri a h\u0151kamer\u00e1s modul\u00a0<strong>\u00e9rz\u00e9kel\u00e9si t\u00e1vols\u00e1g ak\u00e1r 1200 m\u00e9ter*<\/strong>. Az optikai modullal egy\u00fctt haszn\u00e1lhatja\u00a0<strong>940 nm-es hull\u00e1mhossz\u00fa megvil\u00e1g\u00edt\u00e1s 350 m\u00e9teren t\u00f6rt\u00e9n\u0151 \u00e9rz\u00e9kel\u00e9ssel<\/strong>. Ezen t\u00falmen\u0151en, ez is van egy\u00a0<strong>l\u00e9zeres t\u00e1vols\u00e1gm\u00e9r\u0151vel<\/strong>\u00a0ak\u00e1r 1000 m\u00e9teres hat\u00f3t\u00e1vols\u00e1ggal.<\/p>\n<p>A h\u0151kamera \u00e9s optikai modul kombin\u00e1ci\u00f3j\u00e1nak k\u00f6sz\u00f6nhet\u0151en a k\u00e9sz\u00fcl\u00e9k lehet\u0151v\u00e9 teszi a k\u00f6vetkez\u0151ket\u00a0<strong>folyamatos fel\u00fcgyelet \u00e9jjel-nappal, a k\u00f6r\u00fclm\u00e9nyekt\u0151l f\u00fcggetlen\u00fcl<\/strong>. A k\u00e9nyelmes megfigyel\u00e9st t\u00f6bbek k\u00f6z\u00f6tt a<strong>\u00a0Automatikus stabiliz\u00e1l\u00e1s<\/strong>, amely optikai \u00fczemm\u00f3dban \u00e9les \u00e9s stabil k\u00e9pet biztos\u00edt 4x-n\u00e9l nagyobb digit\u00e1lis nagy\u00edt\u00e1sn\u00e1l.<\/p>\n<p>A Habrok 4K sz\u00e1mos nagyszer\u0171 funkci\u00f3val rendelkezik a k\u00f6vetkez\u0151kb\u0151l\u00a0<strong>hanggal ell\u00e1tott f\u00e9nyk\u00e9pek \u00e9s vide\u00f3k k\u00e9sz\u00edt\u00e9se<\/strong>\u00a0a legforr\u00f3bb pont k\u00f6vet\u00e9s\u00e9re. Van egy funkci\u00f3 is\u00a0<strong>automatikus alv\u00f3 \u00fczemm\u00f3d<\/strong>ahol maguk a t\u00e1vcs\u00f6vek \u00e9rz\u00e9kelik a helyzetv\u00e1ltoz\u00e1st, \u00e9s ennek megfelel\u0151en \u00e9rt\u00e9kelik, hogy a k\u00e9sz\u00fcl\u00e9k nincs haszn\u00e1latban, \u00e9s kikapcsolj\u00e1k a k\u00e9perny\u0151t, \u00edgy k\u00edm\u00e9lve az akkumul\u00e1tort. Emellett csatlakoztathat\u00f3s\u00e1got is k\u00edn\u00e1l egy \u00e1tk\u00f6t\u0151k\u00e1belen vagy a HIKMICRO Sight alkalmaz\u00e1son kereszt\u00fcl.<\/p>\n<p>Elhozza a k\u00e9nyelmet a\u00a0<strong>klasszikus nappali t\u00e1vcs\u0151 kialak\u00edt\u00e1s<\/strong>,\u00a0<strong>ergonomikus forma<\/strong>\u00a0\u00e9s a nyakra t\u00f6rt\u00e9n\u0151 k\u00e9nyelmes r\u00f6gz\u00edt\u00e9s lehet\u0151s\u00e9g\u00e9t a\u00a0<strong>k\u00f6nny\u0171 test<\/strong>. Term\u00e9szetesen \u00e1llv\u00e1nyra is helyezhet\u0151, ebben az esetben a mell\u00e9kelt adapter seg\u00edts\u00e9g\u00e9vel. A k\u00e9sz\u00fcl\u00e9k \u00e1ramell\u00e1t\u00e1sa\u00a0<strong>k\u00e9t cser\u00e9lhet\u0151 18650-es akkumul\u00e1tor<\/strong>\u00a0\u00e9s \u00edgy folyamatos\u00a0<strong>megfigyel\u00e9s legfeljebb 8 \u00f3r\u00e1n kereszt\u00fcl<\/strong>.<\/p>\n<p><strong>A k\u00e9sz\u00fcl\u00e9kre 3 \u00e9v garanci\u00e1t v\u00e1llalunk, \u00e9s szervizel\u00e9s eset\u00e9n garanci\u00e1t biztos\u00edtunk a cserek\u00e9sz\u00fcl\u00e9kre.<\/strong><\/p>\n<table dir=\"ltr\" border=\"1\" cellspacing=\"0\" cellpadding=\"0\" data-sheets-root=\"1\" data-sheets-baot=\"1\">\n<colgroup>\n<col width=\"312\" \/>\n<col width=\"437\" \/>\n<col width=\"100\" \/><\/colgroup>\n<tbody>\n<tr>\n<td><span data-darkreader-inline-color=\"\"><strong>Specifik\u00e1ci\u00f3k:<\/strong><\/span><\/td>\n<td>H\u0151kamera modul<\/td>\n<td>Digit\u00e1lis modul<\/td>\n<\/tr>\n<tr>\n<td>Felbont\u00e1s<\/td>\n<td>256 \u00d7 192 px<\/td>\n<td>3840 \u00d7 2160 px<\/td>\n<\/tr>\n<tr>\n<td>H\u0151\u00e9rz\u00e9kenys\u00e9g<\/td>\n<td>&lt; 35 mK<\/td>\n<td>-<\/td>\n<\/tr>\n<tr>\n<td>Infravet\u0151<\/td>\n<td>-<\/td>\n<td>940 nm<\/td>\n<\/tr>\n<tr>\n<td>Objekt\u00edv<\/td>\n<td>25 mm<\/td>\n<td>60 mm<\/td>\n<\/tr>\n<tr>\n<td>\u00c9rz\u00e9kel\u00e9s<\/td>\n<td>1200 m<\/td>\n<td>350 m<\/td>\n<\/tr>\n<tr>\n<td>Optikai nagy\u00edt\u00e1s<\/td>\n<td>4,3x<\/td>\n<td>5,5x<\/td>\n<\/tr>\n<tr>\n<td>L\u00e1t\u00f3mez\u0151<\/td>\n<td>7,0\u00b0 \u00d7 5,3\u00b0<\/td>\n<td>6,9\u00b0 \u00d7 4,1\u00b0<\/td>\n<\/tr>\n<tr>\n<td>Kijelz\u0151 felbont\u00e1sa<\/td>\n<td>1920 \u00d7 1080 px<\/td>\n<td>-<\/td>\n<\/tr>\n<tr>\n<td>Wi-Fi<\/td>\n<td>Igen<\/td>\n<td>-<\/td>\n<\/tr>\n<tr>\n<td>L\u00e9zeres t\u00e1vols\u00e1gm\u00e9r\u0151<\/td>\n<td>Igen, 1000 m<\/td>\n<td>-<\/td>\n<\/tr>\n<tr>\n<td>Digit\u00e1lis zoom<\/td>\n<td>4x<\/td>\n<td>-<\/td>\n<\/tr>\n<tr>\n<td>Dioptri\u00e1s korrekci\u00f3<\/td>\n<td>-5D~+3D<\/td>\n<td>-<\/td>\n<\/tr>\n<tr>\n<td>F\u00e9nyk\u00e9pez\u00e9si lehet\u0151s\u00e9g<\/td>\n<td>Igen<\/td>\n<td>-<\/td>\n<\/tr>\n<tr>\n<td>Vide\u00f3 opci\u00f3<\/td>\n<td>Igen<\/td>\n<td>-<\/td>\n<\/tr>\n<tr>\n<td>Hangfelv\u00e9tel<\/td>\n<td>Igen<\/td>\n<td>-<\/td>\n<\/tr>\n<tr>\n<td>V\u00e9delmi fokozat<\/td>\n<td>IP67<\/td>\n<td>-<\/td>\n<\/tr>\n<tr>\n<td>Mem\u00f3ria<\/td>\n<td>be\u00e9p\u00edtett, 64 GB<\/td>\n<td>-<\/td>\n<\/tr>\n<tr>\n<td>\u00dczemi h\u0151m\u00e9rs\u00e9klet<\/td>\n<td>-30\u00b0C \u00e9s 55\u00b0C k\u00f6z\u00f6tt<\/td>\n<td>-<\/td>\n<\/tr>\n<tr>\n<td>Akkumul\u00e1torok<\/td>\n<td>2x Li-ion 18650<\/td>\n<td>-<\/td>\n<\/tr>\n<tr>\n<td>Az akkumul\u00e1tor \u00e9lettartama<\/td>\n<td>8 \u00f3ra<\/td>\n<td>-<\/td>\n<\/tr>\n<tr>\n<td>S\u00faly<\/td>\n<td>800 g<\/td>\n<td>-<\/td>\n<\/tr>\n<tr>\n<td>M\u00e9retek<\/td>\n<td>138 \u00d7 68 \u00d7 217 mm<\/td>\n<td>-<\/td>\n<\/tr>\n<\/tbody>\n<\/table>\n<p><a href=\"https:\/\/www.hikmicrotech.com\/en\/outdoor-products\/habrok-4k-multi-spectrum-binocular\/\">https:\/\/www.hikmicrotech.com\/en\/outdoor-products\/habrok-4k-multi-spectrum-binocular\/<\/a><\/p>","protected":false},"excerpt":{"rendered":"<p>K\u00e9tszemes betekint\u00e9s\u0171 digit\u00e1lis \u00e9jjell\u00e1t\u00f3 \u00e9s h\u0151kamera keres\u0151. H\u0151kamer\u00e1s \u00e9rz\u00e9kel\u0151: 256 \u00d7 192 px, 12\u03bcm. A h\u0151k\u00e9p\u00e9rz\u00e9kel\u0151 \u00e9rz\u00e9kenys\u00e9ge: &lt; 35 mK. Optikai modul az \u00e9jszakai l\u00e1t\u00e1shoz: 3840 \u00d7 2160 px. 940 nm. Objekt\u00edv: 25\/60 mm. \u00c9rz\u00e9kel\u00e9si t\u00e1vols\u00e1g: 1200\/350 m. Optikai nagy\u00edt\u00e1s: 4,3x\/5,5x. Digit\u00e1lis zoom: 4x. Kijelz\u0151: 1920 \u00d7 1080 px. Automatikus alv\u00f3 \u00fczemm\u00f3d. Az akkumul\u00e1tor \u00e9lettartama: 8 \u00f3ra. Energiaell\u00e1t\u00e1s: 2x Li-ion 18650 akkumul\u00e1tor. Men\u00fc \u00e9s haszn\u00e1lati utas\u00edt\u00e1s.<\/p>","protected":false},"featured_media":2846,"template":"","meta":{"_gspb_post_css":""},"product_brand":[315],"product_cat":[21,144,330],"product_tag":[339,150,365,325,340],"class_list":{"0":"post-2757","1":"product","2":"type-product","3":"status-publish","4":"has-post-thumbnail","6":"product_brand-hikmicro","7":"product_cat-optika","8":"product_cat-termovizie","9":"product_cat-termovizne-binokulare","10":"product_tag-habrok","11":"product_tag-hikmicro","12":"product_tag-multispektralny-binokular","13":"product_tag-nocne-videnie","14":"product_tag-termovizny-fuzny-binokular","16":"first","17":"instock","18":"taxable","19":"shipping-taxable","20":"purchasable","21":"product-type-simple"},"ct_brands":[{"id":315,"name":"Hikmicro","slug":"hikmicro"}],"_links":{"self":[{"href":"https:\/\/zbranebudai.sk\/hu\/wp-json\/wp\/v2\/product\/2757","targetHints":{"allow":["GET"]}}],"collection":[{"href":"https:\/\/zbranebudai.sk\/hu\/wp-json\/wp\/v2\/product"}],"about":[{"href":"https:\/\/zbranebudai.sk\/hu\/wp-json\/wp\/v2\/types\/product"}],"wp:featuredmedia":[{"embeddable":true,"href":"https:\/\/zbranebudai.sk\/hu\/wp-json\/wp\/v2\/media\/2846"}],"wp:attachment":[{"href":"https:\/\/zbranebudai.sk\/hu\/wp-json\/wp\/v2\/media?parent=2757"}],"wp:term":[{"taxonomy":"product_brand","embeddable":true,"href":"https:\/\/zbranebudai.sk\/hu\/wp-json\/wp\/v2\/product_brand?post=2757"},{"taxonomy":"product_cat","embeddable":true,"href":"https:\/\/zbranebudai.sk\/hu\/wp-json\/wp\/v2\/product_cat?post=2757"},{"taxonomy":"product_tag","embeddable":true,"href":"https:\/\/zbranebudai.sk\/hu\/wp-json\/wp\/v2\/product_tag?post=2757"}],"curies":[{"name":"wp","href":"https:\/\/api.w.org\/{rel}","templated":true}]}}