{"id":2756,"date":"2025-02-01T20:17:50","date_gmt":"2025-02-01T18:17:50","guid":{"rendered":"https:\/\/zbranebudai.sk\/?post_type=product&#038;p=2756"},"modified":"2026-02-21T12:09:19","modified_gmt":"2026-02-21T10:09:19","slug":"hikmicro-falcon-fh35-hokamera-kereso","status":"publish","type":"product","link":"https:\/\/zbranebudai.sk\/hu\/product\/hikmicro-falcon-fh35-hokamera-kereso\/","title":{"rendered":"Hikmicro FALCON FH35 h\u0151kamera keres\u0151"},"content":{"rendered":"<p>Termikus monokul\u00e1r\u00a0<strong>HIKMICRO Falcon FH35<\/strong>\u00a0(HM-TS43-35XG\/W-FH35) kiv\u00e1l\u00f3 min\u0151s\u00e9g\u0171\u00a0<strong>384 \u00d7 288 px 12 \u00b5m felbont\u00e1s\u00fa mag<\/strong>\u00a0(12 mikronos technol\u00f3gia)\u00a0<strong>\u00e9rz\u00e9kenys\u00e9g 20 mK<\/strong>, a lencse gy\u00fajt\u00f3t\u00e1vols\u00e1ga\u00a0<strong>35 mm<\/strong>\u00a0\u00e9s 8x digit\u00e1lis zoom. A rendk\u00edv\u00fcl \u00e9rz\u00e9keny magnak k\u00f6sz\u00f6nhet\u0151en a Hikmicro Falcon m\u00e9g teljes s\u00f6t\u00e9ts\u00e9gben is teljesen tiszta k\u00e9pet biztos\u00edt.<\/p>\n<p>A Hikmicro Falcon t\u00e1mogatja a hot track (a k\u00e9p legmelegebb pontj\u00e1nak k\u00f6vet\u00e9se), az ar\u00e1nyos t\u00e1vols\u00e1gm\u00e9r\u0151 \u00e9s a wi-fi funkci\u00f3t. FH35\u00a0<strong>1 800 m-es t\u00e1vols\u00e1gig lehet\u0151v\u00e9 teszi az \u00e9rz\u00e9kel\u00e9st<\/strong>\u00a0\u00e9s az akkumul\u00e1tor \u00e9lettartama leny\u0171g\u00f6z\u0151\u00a0<strong>7 \u00f3ra folyamatos m\u0171k\u00f6d\u00e9s<\/strong>.<\/p>\n<p><strong>Az FH35 a leg\u00fajabb k\u00e9pfeldolgoz\u00e1si m\u00f3dszerekkel van felszerelve:<\/strong><\/p>\n<p><strong>Automatikus er\u0151s\u00edt\u00e9sszab\u00e1lyoz\u00e1s (AGC: Auto Gain Control)<\/strong>: Az AGC technol\u00f3gia automatikusan be\u00e1ll\u00edtja a k\u00e9p dinamikatartom\u00e1ny\u00e1t. A Hikvision h\u0151kamer\u00e1i az adapt\u00edv AGC nev\u0171 egyedi technol\u00f3gi\u00e1t haszn\u00e1lj\u00e1k, amely sokkal fejlettebb, mint a m\u00e1s gy\u00e1rt\u00f3k h\u0151kamer\u00e1iban haszn\u00e1lt hagyom\u00e1nyos line\u00e1ris AGC.<\/p>\n<p><strong>Digit\u00e1lis r\u00e9szletjav\u00edt\u00e1s (DDE)<\/strong>\u00a0A DDE technol\u00f3gia fejlett algoritmusokat haszn\u00e1l, hogy m\u00e9g az alacsony kontraszt\u00fa ter\u00fcleteken (meleg\/hideg t\u00e1rgyak) is \u00e9lesebb r\u00e9szleteket jelen\u00edtsen meg.<\/p>\n<p><strong>3D digit\u00e1lis zajcs\u00f6kkent\u00e9s (3D DNR)<\/strong>\u00a0A 3D DNR technol\u00f3gia nagyon hat\u00e9konyan t\u00e1vol\u00edtja el a megfigyelt jelenet szemcs\u00e9s vagy elmos\u00f3dott r\u00e9szeit. A kapott k\u00e9p \u00edgy sokkal tiszt\u00e1bb, mint a hagyom\u00e1nyos k\u00e9tdimenzi\u00f3s zajcs\u00f6kkent\u00e9st (2D DNR) alkalmaz\u00f3 m\u0171szerek\u00e9.<\/p>\n<p><strong>A HIKMICRO egyike azon kev\u00e9s gy\u00e1rt\u00f3knak, amelyek saj\u00e1t 384 x 288 felbont\u00e1s\u00fa VOx magokat gy\u00e1rtanak, \u00edgy a leg\u00fajabb h\u0151kamer\u00e1s term\u00e9kek kiv\u00e1l\u00f3 \u00e1r-\u00e9rt\u00e9k ar\u00e1ny\u00faak. Min\u00e9l alacsonyabb a NETD \u00e9rt\u00e9k (20 mk), ann\u00e1l jobban k\u00e9pes az \u00e9rz\u00e9kel\u0151 a t\u00e1rgyak kis h\u0151m\u00e9rs\u00e9kletk\u00fcl\u00f6nbs\u00e9geit t\u00f6k\u00e9letes k\u00e9pekkel r\u00f6gz\u00edteni!<\/strong><\/p>\n<p><strong>Be\u00e9p\u00edtett h\u0151\u00e9rz\u00e9kel\u0151 nagy \u00e9rz\u00e9kenys\u00e9ggel 20 mk\u00a0<\/strong>tiszta k\u00e9pet biztos\u00edt m\u00e9g olyan kih\u00edv\u00e1st jelent\u0151 k\u00f6rnyezeti k\u00f6r\u00fclm\u00e9nyek k\u00f6z\u00f6tt is, mint a s\u00f6t\u00e9ts\u00e9g, k\u00f6d, f\u00fcst, por, es\u0151, h\u00f3, erdei aljn\u00f6v\u00e9nyzet stb.<\/p>\n<p><strong>Specifik\u00e1ci\u00f3:<\/strong><\/p>\n<p>&nbsp;<\/p>\n<table dir=\"ltr\" border=\"1\" cellspacing=\"0\" cellpadding=\"0\" data-sheets-root=\"1\" data-sheets-baot=\"1\">\n<colgroup>\n<col width=\"312\" \/>\n<col width=\"437\" \/><\/colgroup>\n<tbody>\n<tr>\n<td>Az \u00e9rz\u00e9kel\u0151 felbont\u00e1sa<\/td>\n<td>384 \u00d7 288 px, 12 \u00b5m, VOx<\/td>\n<\/tr>\n<tr>\n<td>NETD (h\u0151\u00e9rz\u00e9kenys\u00e9g)<\/td>\n<td>&lt; 20 mk (25 \u00b0C-on, F# = 1,0)<\/td>\n<\/tr>\n<tr>\n<td>Objekt\u00edv<\/td>\n<td>35 mm<\/td>\n<\/tr>\n<tr>\n<td>Nagy\u00edt\u00e1s<\/td>\n<td>3 - 24x<\/td>\n<\/tr>\n<tr>\n<td>Digit\u00e1lis nagy\u00edt\u00e1s<\/td>\n<td>1x, 2x, 4x, 8x<\/td>\n<\/tr>\n<tr>\n<td>L\u00e1t\u00f3mez\u0151<\/td>\n<td>7,53\u00b0 \u00d7 5,65\u00b0<\/td>\n<\/tr>\n<tr>\n<td>Friss\u00edt\u00e9si sebess\u00e9g<\/td>\n<td>50 Hz<\/td>\n<\/tr>\n<tr>\n<td>\u00c9rz\u00e9kel\u00e9s<\/td>\n<td>1 800 m<\/td>\n<\/tr>\n<tr>\n<td>Kijelz\u0151<\/td>\n<td>0,4 h\u00fcvelyk, OLED 1024 \u00d7 768 px<\/td>\n<\/tr>\n<tr>\n<td>Sz\u00ednpalett\u00e1k<\/td>\n<td>Fekete, piros, feh\u00e9r vagy f\u00fazi\u00f3s h\u0151kezel\u00e9s<\/td>\n<\/tr>\n<tr>\n<td>Legforr\u00f3bb pont \u00e9rz\u00e9kel\u00e9se<\/td>\n<td>IGEN<\/td>\n<\/tr>\n<tr>\n<td>Wi-fi opci\u00f3<\/td>\n<td>IGEN<\/td>\n<\/tr>\n<tr>\n<td>Be\u00e9p\u00edtett t\u00e1rol\u00f3<\/td>\n<td>64 GB<\/td>\n<\/tr>\n<tr>\n<td>A f\u00e9nyk\u00e9pez\u00e9s lehet\u0151s\u00e9ge<\/td>\n<td>IGEN<\/td>\n<\/tr>\n<tr>\n<td>Vide\u00f3felv\u00e9teli lehet\u0151s\u00e9g<\/td>\n<td>IGEN<\/td>\n<\/tr>\n<tr>\n<td>T\u00e1vm\u00e9r\u0151<\/td>\n<td>IGEN, ar\u00e1nyos<\/td>\n<\/tr>\n<tr>\n<td>Akkumul\u00e1tor t\u00edpusa<\/td>\n<td>L\u00edtium akkumul\u00e1tor<\/td>\n<\/tr>\n<tr>\n<td>Megtakar\u00edt\u00e1si m\u00f3d<\/td>\n<td>IGEN<\/td>\n<\/tr>\n<tr>\n<td>Az akkumul\u00e1tor \u00fczemideje<\/td>\n<td>Ak\u00e1r 7 \u00f3ra folyamatos m\u0171k\u00f6d\u00e9s (Wi-Fi n\u00e9lk\u00fcl)<\/td>\n<\/tr>\n<tr>\n<td>Teljes\u00edtm\u00e9ny<\/td>\n<td>USB-C<\/td>\n<\/tr>\n<tr>\n<td>M\u0171k\u00f6d\u00e9si h\u0151m\u00e9rs\u00e9klet<\/td>\n<td>-30\u00b0 C-t\u00f3l 55\u00b0 C-ig (-22\u00b0 F-t\u0151l 131\u00b0 F-ig)<\/td>\n<\/tr>\n<tr>\n<td>A v\u00e9delem szintje<\/td>\n<td>IP67<\/td>\n<\/tr>\n<tr>\n<td>Csepp\u00e1ll\u00f3s\u00e1g<\/td>\n<td>1,5 m-ig<\/td>\n<\/tr>\n<tr>\n<td>M\u00e9retek (L \u00d7 W \u00d7 H)<\/td>\n<td>187 \u00d7 58 \u00d7 65 mm<\/td>\n<\/tr>\n<tr>\n<td>S\u00faly<\/td>\n<td>500 g<\/td>\n<\/tr>\n<tr>\n<td>Garancia<\/td>\n<td>3 \u00e9v<\/td>\n<\/tr>\n<\/tbody>\n<\/table>\n<p>&nbsp;<\/p>\n<p><a href=\"https:\/\/www.hikmicrotech.com\/en\/outdoor-products\/falcon-series-monocular\/\">https:\/\/www.hikmicrotech.com\/en\/outdoor-products\/falcon-series-monocular\/<\/a><\/p>","protected":false},"excerpt":{"rendered":"<p>H\u0151kamera keres\u0151. Objekt\u00edv 35 mm. Optikai nagy\u00edt\u00e1s: 3x. Digit\u00e1lis nagy\u00edt\u00e1s 8x-ig. Teljes nagy\u00edt\u00e1s: 24x. \u00c9rz\u00e9kel\u00e9s 1 800 m-ig. 1 024 \u00d7 768 px OLED kijelz\u0151.<strong>\u00a0<\/strong>Hikmicro \u00e9rz\u00e9kel\u0151 384 \u00d7 288 px 12 \u00b5m, VOx. Energiatakar\u00e9kos \u00fczemm\u00f3d (alv\u00f3 \u00fczemm\u00f3d). T\u00e1pell\u00e1t\u00e1s k\u00fcls\u0151 18650-es akkumul\u00e1torral. Akkumul\u00e1tor \u00fczemideje legfeljebb 7 \u00f3ra. S\u00faly: 500 g. V\u00edz\u00e1ll\u00f3: IP67 (v\u00edzbe mer\u00fcl\u00e9s elleni v\u00e9delem. 30 percig 1 m\u00e9ter m\u00e9lys\u00e9gig t\u00f6rt\u00e9n\u0151 mer\u00edt\u00e9s). K\u00e9pjav\u00edt\u00f3 technol\u00f3gia: AGC, DDE \u00e9s 3D DNR.<\/p>","protected":false},"featured_media":2839,"template":"","meta":{"_gspb_post_css":""},"product_brand":[315],"product_cat":[21,144,327],"product_tag":[338,150,337],"class_list":{"0":"post-2756","1":"product","2":"type-product","3":"status-publish","4":"has-post-thumbnail","6":"product_brand-hikmicro","7":"product_cat-optika","8":"product_cat-termovizie","9":"product_cat-termovizne-monokulary","10":"product_tag-falcon","11":"product_tag-hikmicro","12":"product_tag-termovizny-monokular","14":"first","15":"outofstock","16":"taxable","17":"shipping-taxable","18":"purchasable","19":"product-type-simple"},"ct_brands":[{"id":315,"name":"Hikmicro","slug":"hikmicro"}],"_links":{"self":[{"href":"https:\/\/zbranebudai.sk\/hu\/wp-json\/wp\/v2\/product\/2756","targetHints":{"allow":["GET"]}}],"collection":[{"href":"https:\/\/zbranebudai.sk\/hu\/wp-json\/wp\/v2\/product"}],"about":[{"href":"https:\/\/zbranebudai.sk\/hu\/wp-json\/wp\/v2\/types\/product"}],"wp:featuredmedia":[{"embeddable":true,"href":"https:\/\/zbranebudai.sk\/hu\/wp-json\/wp\/v2\/media\/2839"}],"wp:attachment":[{"href":"https:\/\/zbranebudai.sk\/hu\/wp-json\/wp\/v2\/media?parent=2756"}],"wp:term":[{"taxonomy":"product_brand","embeddable":true,"href":"https:\/\/zbranebudai.sk\/hu\/wp-json\/wp\/v2\/product_brand?post=2756"},{"taxonomy":"product_cat","embeddable":true,"href":"https:\/\/zbranebudai.sk\/hu\/wp-json\/wp\/v2\/product_cat?post=2756"},{"taxonomy":"product_tag","embeddable":true,"href":"https:\/\/zbranebudai.sk\/hu\/wp-json\/wp\/v2\/product_tag?post=2756"}],"curies":[{"name":"wp","href":"https:\/\/api.w.org\/{rel}","templated":true}]}}