{"id":2754,"date":"2025-02-01T20:17:50","date_gmt":"2025-02-01T18:17:50","guid":{"rendered":"https:\/\/zbranebudai.sk\/?post_type=product&#038;p=2754"},"modified":"2026-02-26T17:46:24","modified_gmt":"2026-02-26T15:46:24","slug":"hikmicro-thunder-th35p-2-0-hokamera-celtavcso","status":"publish","type":"product","link":"https:\/\/zbranebudai.sk\/hu\/product\/hikmicro-thunder-th35p-2-0-hokamera-celtavcso\/","title":{"rendered":"Hikmicro THUNDER TH35P 2.0 h\u0151kamera c\u00e9lt\u00e1vcs\u0151"},"content":{"rendered":"<p><strong>Hikmicro THUNDER TH35P 2.0 h\u0151kamera c\u00e9lt\u00e1vcs\u0151<\/strong><\/p>\n<p><strong>Thunder 2.0 h\u0151kamera c\u00e9lt\u00e1vcs\u0151<\/strong>\u00a0a n\u00e9pszer\u0171 modellsorozat m\u00e1sodik gener\u00e1ci\u00f3ja. A TH35P 2.0 a term\u00e9kcsal\u00e1d cs\u00facsmodellje, amely a legjobb technol\u00f3gi\u00e1t \u00e9s funkci\u00f3kat kapta. A leg\u00fajabb gener\u00e1ci\u00f3s Hikmicro h\u0151kameramag 384\u00d7288 px felbont\u00e1ssal, 12 um pixels\u0171r\u0171s\u00e9ggel \u00e9s &lt; 20 mK h\u0151felv\u00e9teli \u00e9rz\u00e9kenys\u00e9ggel t\u00f6k\u00e9letes k\u00e9peket biztos\u00edt. A p\u00e1ratlan h\u0151m\u00e9rs\u00e9klet-\u00e9rz\u00e9kenys\u00e9g biztos\u00edtja, hogy m\u00e9g a finom r\u00e9szletek is tiszt\u00e1n felismerhet\u0151k legyenek b\u00e1rmilyen k\u00f6r\u00fclm\u00e9nyek k\u00f6z\u00f6tt. A k\u00e9pet egy 1024\u00d7768 px felbont\u00e1s\u00fa, cs\u00facskateg\u00f3ri\u00e1s OLED-kijelz\u0151 k\u00f6zvet\u00edti, amely t\u00f6bb fokozat\u00fa be\u00e1ll\u00edt\u00e1sokkal rendelkezik, hogy t\u00f6k\u00e9letesen megfeleljen \u00d6nnek \u00e9s k\u00edm\u00e9lje a szem\u00e9t.<\/p>\n<p>Az \u00faj gener\u00e1ci\u00f3 egyik f\u0151 el\u0151nye a jelent\u0151sen hosszabb akkumul\u00e1tor-\u00fczemid\u0151, amely most m\u00e1r el\u00e9ri a 10 \u00f3r\u00e1t. Az adott Thunder 2.0 modellt\u0151l f\u00fcgg\u0151en. Az energi\u00e1t mostant\u00f3l nem hagyom\u00e1nyos akkumul\u00e1tor, hanem egy egyedi gy\u00e1rt\u00e1s\u00fa Hikmicro plug-in akkumul\u00e1tor biztos\u00edtja, amely USB-C k\u00e1bellel egyszer\u0171en t\u00f6lthet\u0151 a k\u00e9sz\u00fcl\u00e9ken kereszt\u00fcl vagy a dokkol\u00f3\u00e1llom\u00e1son kereszt\u00fcl. A Thunder \u00e1ltal\u00e1nos megjelen\u00e9se is megv\u00e1ltozott, a hangs\u00falyt az egyszer\u0171s\u00e9gre \u00e9s a gyors m\u0171k\u00f6d\u00e9sre helyezt\u00e9k. A TQ50, TQ35 \u00e9s TH35P modellek az objekt\u00edv f\u00f3kusz\u00e1l\u00e1s\u00e1ra szolg\u00e1l\u00f3 lencseker\u00e9kkel rendelkeznek, ami m\u00e9g egyszer\u0171bb\u00e9 teszi a haszn\u00e1latukat.<\/p>\n<p>A Thunder 2.0 sz\u00e9les k\u00f6r\u0171 bel\u00f6v\u00e9si lehet\u0151s\u00e9geket k\u00edn\u00e1l: \u00f6sszesen 10 f\u00e9le c\u00e9lsz\u00e1l k\u00f6z\u00fcl v\u00e1laszthat, \u00e9s ak\u00e1r 5 fegyver be\u00e1ll\u00edt\u00e1sait is elmentheti. Ezenk\u00edv\u00fcl automatikus l\u00f6v\u00e9s ut\u00e1ni r\u00f6gz\u00edt\u00e9st, automatikus visszasz\u00e1ml\u00e1l\u00e1st a kalibr\u00e1l\u00e1s el\u0151tt \u00e9s \u00faj felhaszn\u00e1l\u00f3i men\u00fct k\u00edn\u00e1l.<\/p>\n<p><strong>Specifik\u00e1ci\u00f3k:<\/strong><\/p>\n<table dir=\"ltr\" border=\"1\" cellspacing=\"0\" cellpadding=\"0\" data-sheets-root=\"1\" data-sheets-baot=\"1\">\n<colgroup>\n<col width=\"375\" \/>\n<col width=\"437\" \/><\/colgroup>\n<tbody>\n<tr>\n<td>Az \u00e9rz\u00e9kel\u0151 felbont\u00e1sa<\/td>\n<td>384 \u00d7 288 px, 12 um<\/td>\n<\/tr>\n<tr>\n<td>NETD<\/td>\n<td>&lt; 20 mK<\/td>\n<\/tr>\n<tr>\n<td>Objekt\u00edv<\/td>\n<td>35 mm + f\u00f3kusz\u00e1l\u00f3 ker\u00e9k<\/td>\n<\/tr>\n<tr>\n<td>Optikai nagy\u00edt\u00e1s<\/td>\n<td>2,14x<\/td>\n<\/tr>\n<tr>\n<td>Digit\u00e1lis nagy\u00edt\u00e1s<\/td>\n<td>1x, 2x, 4x, 8x<\/td>\n<\/tr>\n<tr>\n<td>Teljes nagy\u00edt\u00e1s<\/td>\n<td>17,12x<\/td>\n<\/tr>\n<tr>\n<td>L\u00e1t\u00f3mez\u0151<\/td>\n<td>7,53\u00b0 \u00d7 5,65\u00b0<\/td>\n<\/tr>\n<tr>\n<td>Szarvas \u00e9szlel\u00e9s<\/td>\n<td>1 800 m<\/td>\n<\/tr>\n<tr>\n<td>Kijelz\u0151<\/td>\n<td>0,39 h\u00fcvelyk, OLED, 1024\u00d7768<\/td>\n<\/tr>\n<tr>\n<td>Sz\u00ednpalett\u00e1k<\/td>\n<td>Fekete, piros, feh\u00e9r vagy f\u00fazi\u00f3s h\u0151kezel\u00e9s<\/td>\n<\/tr>\n<tr>\n<td>A dioptri\u00e1k korrekci\u00f3ja<\/td>\n<td>-5D \u00e9s +5D k\u00f6z\u00f6tt<\/td>\n<\/tr>\n<tr>\n<td>Wi-fi<\/td>\n<td>IGEN<\/td>\n<\/tr>\n<tr>\n<td>T\u00e1vm\u00e9r\u0151<\/td>\n<td>IGEN, ar\u00e1nyos<\/td>\n<\/tr>\n<tr>\n<td>Keresztt\u00edpusok sz\u00e1ma<\/td>\n<td>10<\/td>\n<\/tr>\n<tr>\n<td>Profilok sz\u00e1ma<\/td>\n<td>5 (Bel\u00f6v\u00e9si lehet\u0151s\u00e9g ak\u00e1r 5 fegyverhez)<\/td>\n<\/tr>\n<tr>\n<td>Vide\u00f3felv\u00e9teli k\u00e9pess\u00e9g<\/td>\n<td>IGEN<\/td>\n<\/tr>\n<tr>\n<td>A f\u00e9nyk\u00e9pez\u00e9s lehet\u0151s\u00e9ge<\/td>\n<td>IGEN<\/td>\n<\/tr>\n<tr>\n<td>Automatikus felv\u00e9tel a felv\u00e9tel ut\u00e1n<\/td>\n<td>IGEN<\/td>\n<\/tr>\n<tr>\n<td>\u00c1ll\u00edthat\u00f3 f\u00e9nyer\u0151 \u00e9s kontraszt<\/td>\n<td>IGEN<\/td>\n<\/tr>\n<tr>\n<td>T\u00e1rhely<\/td>\n<td>Be\u00e9p\u00edtett 16 GB<\/td>\n<\/tr>\n<tr>\n<td>T\u00e1pegys\u00e9g<\/td>\n<td>Hikmicro Thunder 2.0 akkumul\u00e1tor<\/td>\n<\/tr>\n<tr>\n<td>Az akkumul\u00e1tor \u00fczemideje<\/td>\n<td>6,5 h<\/td>\n<\/tr>\n<tr>\n<td>Lehet\u0151s\u00e9g k\u00fcls\u0151 t\u00e1pegys\u00e9g (powerbank) csatlakoztat\u00e1s\u00e1ra<\/td>\n<td>IGEN<\/td>\n<\/tr>\n<tr>\n<td>T\u00falfesz\u00fclts\u00e9gv\u00e9delmi t\u00e1mogat\u00e1s<\/td>\n<td>IGEN<\/td>\n<\/tr>\n<tr>\n<td>Portok<\/td>\n<td>USB-C<\/td>\n<\/tr>\n<tr>\n<td>M\u0171k\u00f6d\u00e9si h\u0151m\u00e9rs\u00e9klet<\/td>\n<td>-30 \u00b0C ~ 55 \u00b0C<\/td>\n<\/tr>\n<tr>\n<td>V\u00e9delmi fokozat<\/td>\n<td>IP67<\/td>\n<\/tr>\n<tr>\n<td>M\u00e9retek (L \u00d7 W \u00d7 H)<\/td>\n<td>221 \u00d7 67 \u00d7 68 mm<\/td>\n<\/tr>\n<tr>\n<td>S\u00faly:<\/td>\n<td>515 g akkumul\u00e1tor n\u00e9lk\u00fcl<\/td>\n<\/tr>\n<tr>\n<td>Garancia<\/td>\n<td>3 \u00e9v<\/td>\n<\/tr>\n<\/tbody>\n<\/table>\n<p><a href=\"https:\/\/www.hikmicrotech.com\/en\/outdoor-products\/thunder2-0-series-thermal-scope\/\">https:\/\/www.hikmicrotech.com\/en\/outdoor-products\/thunder2-0-series-thermal-scope\/<\/a><\/p>","protected":false},"excerpt":{"rendered":"<p><strong>Thunder 2.0 h\u0151kamera c\u00e9lt\u00e1vcs\u0151<\/strong><\/p>\n<ul>\n<li>Objekt\u00edv 35 mm.<\/li>\n<li>Optikai nagy\u00edt\u00e1s: 2,14x.<\/li>\n<li>Digit\u00e1lis nagy\u00edt\u00e1s ak\u00e1r 8x.<\/li>\n<li>Szarvasfelismer\u00e9s 1 800 m.<\/li>\n<li>OLED kijelz\u0151 1024 \u00d7 768 px.<strong>\u00a0<\/strong><\/li>\n<li>Hikmicro 384 \u00d7 288 px 12um VOx mag.<\/li>\n<li>Mag\u00e9rz\u00e9kenys\u00e9g: &lt; 20 mk.<\/li>\n<li>Az akkumul\u00e1tor \u00e9lettartama: ak\u00e1r 6,5 \u00f3ra.<\/li>\n<li>S\u00faly: 515 g.<\/li>\n<li>V\u00edz\u00e1ll\u00f3: IP67.<\/li>\n<\/ul>","protected":false},"featured_media":2835,"template":"","meta":{"_gspb_post_css":""},"product_brand":[315],"product_cat":[21,144,326],"product_tag":[150,345,344],"class_list":{"0":"post-2754","1":"product","2":"type-product","3":"status-publish","4":"has-post-thumbnail","6":"product_brand-hikmicro","7":"product_cat-optika","8":"product_cat-termovizie","9":"product_cat-termovizne-zameriavace","10":"product_tag-hikmicro","11":"product_tag-termovizny-zameriavac","12":"product_tag-thunder","14":"first","15":"instock","16":"taxable","17":"shipping-taxable","18":"purchasable","19":"product-type-simple"},"ct_brands":[{"id":315,"name":"Hikmicro","slug":"hikmicro"}],"_links":{"self":[{"href":"https:\/\/zbranebudai.sk\/hu\/wp-json\/wp\/v2\/product\/2754","targetHints":{"allow":["GET"]}}],"collection":[{"href":"https:\/\/zbranebudai.sk\/hu\/wp-json\/wp\/v2\/product"}],"about":[{"href":"https:\/\/zbranebudai.sk\/hu\/wp-json\/wp\/v2\/types\/product"}],"wp:featuredmedia":[{"embeddable":true,"href":"https:\/\/zbranebudai.sk\/hu\/wp-json\/wp\/v2\/media\/2835"}],"wp:attachment":[{"href":"https:\/\/zbranebudai.sk\/hu\/wp-json\/wp\/v2\/media?parent=2754"}],"wp:term":[{"taxonomy":"product_brand","embeddable":true,"href":"https:\/\/zbranebudai.sk\/hu\/wp-json\/wp\/v2\/product_brand?post=2754"},{"taxonomy":"product_cat","embeddable":true,"href":"https:\/\/zbranebudai.sk\/hu\/wp-json\/wp\/v2\/product_cat?post=2754"},{"taxonomy":"product_tag","embeddable":true,"href":"https:\/\/zbranebudai.sk\/hu\/wp-json\/wp\/v2\/product_tag?post=2754"}],"curies":[{"name":"wp","href":"https:\/\/api.w.org\/{rel}","templated":true}]}}