{"id":2746,"date":"2025-02-01T20:17:50","date_gmt":"2025-02-01T18:17:50","guid":{"rendered":"https:\/\/zbranebudai.sk\/?post_type=product&#038;p=2746"},"modified":"2026-02-23T19:59:17","modified_gmt":"2026-02-23T17:59:17","slug":"hikmicro-stellar-sh35-hokamera-celtavcso","status":"publish","type":"product","link":"https:\/\/zbranebudai.sk\/hu\/product\/hikmicro-stellar-sh35-hokamera-celtavcso\/","title":{"rendered":"Hikmicro STELLAR SH35 h\u0151kamera c\u00e9lt\u00e1vcs\u0151"},"content":{"rendered":"<p><strong>Hikmicro STELLAR SH35 h\u0151kamera c\u00e9lt\u00e1vcs\u0151<\/strong><\/p>\n<p>A Hikmicro Stellar SH35 h\u0151kamera c\u00e9lt\u00e1vcs\u0151 (HM-TR33-35XG\/W-SH35) rendelkezik:\u00a0<strong>384 \u00d7 288 pixel felbont\u00e1s\u00fa szenzor<\/strong>\u00a0<strong>\u00e9rz\u00e9kenys\u00e9g &lt; 35 mk<\/strong>\u00a0a\u00a0<strong>1,024\u00d7768 pixeles OLED kijelz\u0151 \u00e9s kiv\u00e1l\u00f3 min\u0151s\u00e9g\u0171 35 mm-es gy\u00fajt\u00f3t\u00e1vols\u00e1g\u00fa objekt\u00edv<\/strong>. Ezek a param\u00e9terek biztos\u00edtj\u00e1k a tiszta k\u00e9pet olyan zord k\u00f6rnyezeti k\u00f6r\u00fclm\u00e9nyek k\u00f6z\u00f6tt is, mint a s\u00f6t\u00e9ts\u00e9g, k\u00f6d, f\u00fcst, por, es\u0151, h\u00f3, erdei aljn\u00f6v\u00e9nyzet stb. A 35 mm-es objekt\u00edvvel ell\u00e1tott hagyom\u00e1nyos kialak\u00edt\u00e1s megfelel a hagyom\u00e1nyokat \u00e9rt\u00e9kel\u0151 \u00e9s a technol\u00f3giai kiv\u00e1l\u00f3s\u00e1got keres\u0151 hivat\u00e1sos vad\u00e1szok ig\u00e9nyeinek, ak\u00e1r 1800 m\u00e9teres felder\u00edt\u00e9si hat\u00f3t\u00e1vols\u00e1ggal. Mindez t\u00e1mogatja a t\u00f6k\u00e9letes c\u00e9lba tal\u00e1l\u00e1st vad\u00e1szat vagy birtokv\u00e9delem sor\u00e1n.<\/p>\n<p><strong>2\u00d7 be\u00e9p\u00edtett 18650-es akkumul\u00e1tor \u00e9s 1\u00d7 RCR123 cser\u00e9lhet\u0151 akkumul\u00e1tor ak\u00e1r 13 \u00f3r\u00e1s \u00fczemid\u0151t biztos\u00edt.\u00a0<\/strong><strong>Automatikus videofelv\u00e9tel l\u00f6v\u00e9s \u00e1ltal kiv\u00e1ltott hanggal<\/strong><\/p>\n<p>A versenyt\u00e1rsakkal \u00f6sszehasonl\u00edtva a Hikmicro Stellar c\u00e9lt\u00e1vcs\u00f6vet az al\u00e1bbiak jellemzik\u00a0<strong>alacsony s\u00faly 890 g alatt<\/strong>, kompakt m\u00e9retek (470 x 78 x 76 mm) \u00e9s szenzor (&lt; 35 mk). Min\u00e9l alacsonyabb a NETD \u00e9rt\u00e9k, ann\u00e1l jobban k\u00e9pes az \u00e9rz\u00e9kel\u0151 a t\u00e1rgyak kis h\u0151m\u00e9rs\u00e9kletk\u00fcl\u00f6nbs\u00e9geit t\u00f6k\u00e9letes k\u00e9pekkel r\u00f6gz\u00edteni!\u00a0<strong>A k\u00e9sz\u00fcl\u00e9ktest magnaliumb\u00f3l (t\u00f6m\u00f6r alum\u00ednium\u00f6tv\u00f6zet) k\u00e9sz\u00fclt.<\/strong>Az IPX7 v\u00edzszigetel\u00e9s biztos\u00edtja\u00a0<strong>v\u00e9delem es\u0151, h\u00f3 \u00e9s 1 m\u00e9ter m\u00e9ly v\u00edzbe es\u00e9s ellen ak\u00e1r 30 percig.<\/strong><\/p>\n<p><strong>Az SH35 a leg\u00fajabb k\u00e9pfeldolgoz\u00e1si m\u00f3dszerekkel van felszerelve:<\/strong><\/p>\n<p><strong>Automatikus er\u0151s\u00edt\u00e9sszab\u00e1lyoz\u00e1s (AGC: Auto Gain Control)<\/strong>: Az AGC technol\u00f3gia automatikusan be\u00e1ll\u00edtja a k\u00e9p dinamikatartom\u00e1ny\u00e1t. A Hikvision h\u0151kamer\u00e1i az adapt\u00edv AGC nev\u0171 egyedi technol\u00f3gi\u00e1t haszn\u00e1lj\u00e1k, amely sokkal fejlettebb, mint a m\u00e1s gy\u00e1rt\u00f3k h\u0151kamer\u00e1iban haszn\u00e1lt hagyom\u00e1nyos line\u00e1ris AGC.<\/p>\n<p><strong>A nagy felbont\u00e1s\u00fa, 384\u00d7288 pixeles, 12 \u00b5m-es VOx mag biztos\u00edtja, hogy a k\u00e9p nagy\u00edt\u00e1s mellett is \u00e9les (nem kock\u00e1s) legyen.<\/strong><\/p>\n<p><strong>Digit\u00e1lis r\u00e9szletjav\u00edt\u00e1s (DDE)<\/strong>\u00a0A DDE technol\u00f3gia fejlett algoritmusokat haszn\u00e1l, hogy m\u00e9g az alacsony kontraszt\u00fa ter\u00fcleteken (meleg\/hideg t\u00e1rgyak) is \u00e9lesebb r\u00e9szleteket jelen\u00edtsen meg.<\/p>\n<p><strong>3D digit\u00e1lis zajcs\u00f6kkent\u00e9s (3D DNR)<\/strong>\u00a0A 3D DNR technol\u00f3gia nagyon hat\u00e9konyan t\u00e1vol\u00edtja el a megfigyelt jelenet szemcs\u00e9s vagy elmos\u00f3dott r\u00e9szeit. A kapott k\u00e9p \u00edgy sokkal tiszt\u00e1bb, mint a hagyom\u00e1nyos k\u00e9tdimenzi\u00f3s zajcs\u00f6kkent\u00e9st (2D DNR) alkalmaz\u00f3 m\u0171szerek\u00e9.<\/p>\n<p>A HIKMICRO egyike azon kev\u00e9s gy\u00e1rt\u00f3knak, akik<strong>\u00a0384 \u00d7 288 px felbont\u00e1s\u00fa egyedi szenzor el\u0151\u00e1ll\u00edt\u00e1sa 12<\/strong><strong>\u00b5m, VOx t\u00edpus<\/strong>\u00edgy a leg\u00fajabb h\u0151kamer\u00e1s rendszerek nagyszer\u0171 \u00e1r-\u00e9rt\u00e9k ar\u00e1nyt k\u00e9pviselnek. Min\u00e9l alacsonyabb a NETD-\u00e9rt\u00e9k (35 mk), ann\u00e1l jobban k\u00e9pes az \u00e9rz\u00e9kel\u0151 a t\u00e1rgyak kis h\u0151m\u00e9rs\u00e9kletk\u00fcl\u00f6nbs\u00e9geit t\u00f6k\u00e9letes k\u00e9pekkel r\u00f6gz\u00edteni!<\/p>\n<p><strong>Be\u00e9p\u00edtett h\u0151\u00e9rz\u00e9kel\u0151 nagy \u00e9rz\u00e9kenys\u00e9ggel 35mk\u00a0<\/strong>tiszta k\u00e9pet biztos\u00edt m\u00e9g olyan kih\u00edv\u00e1st jelent\u0151 k\u00f6rnyezeti k\u00f6r\u00fclm\u00e9nyek k\u00f6z\u00f6tt is, mint a s\u00f6t\u00e9ts\u00e9g, k\u00f6d, f\u00fcst, por, es\u0151, h\u00f3, erdei aljn\u00f6v\u00e9nyzet stb.<\/p>\n<table dir=\"ltr\" border=\"1\" cellspacing=\"0\" cellpadding=\"0\" data-sheets-root=\"1\" data-sheets-baot=\"1\">\n<colgroup>\n<col width=\"375\" \/>\n<col width=\"437\" \/><\/colgroup>\n<tbody>\n<tr>\n<td>Az \u00e9rz\u00e9kel\u0151 felbont\u00e1sa<\/td>\n<td>384 * 288, 12 um<\/td>\n<\/tr>\n<tr>\n<td>NETD<\/td>\n<td>&lt; 35 mk (25\u00b0C-on, F # = 1,0)<\/td>\n<\/tr>\n<tr>\n<td>Objekt\u00edv<\/td>\n<td>35 mm + manu\u00e1lis f\u00f3kusz<\/td>\n<\/tr>\n<tr>\n<td>Optikai nagy\u00edt\u00e1s<\/td>\n<td>2,7x<\/td>\n<\/tr>\n<tr>\n<td>Digit\u00e1lis nagy\u00edt\u00e1s<\/td>\n<td>1x, 2x, 4x, 8x<\/td>\n<\/tr>\n<tr>\n<td>Teljes nagy\u00edt\u00e1s<\/td>\n<td>21,6x<\/td>\n<\/tr>\n<tr>\n<td>L\u00e1t\u00f3mez\u0151<\/td>\n<td>7,53\u00b0 \u00d7 5,65\u00b0<\/td>\n<\/tr>\n<tr>\n<td>Aut\u00f3\u00e9rz\u00e9kel\u00e9s<\/td>\n<td>4 472 m<\/td>\n<\/tr>\n<tr>\n<td>Emberi \u00e9szlel\u00e9s<\/td>\n<td>1 800 m<\/td>\n<\/tr>\n<tr>\n<td>Kijelz\u0151<\/td>\n<td>0,39 h\u00fcvelykes, OLED, 1 024 \u00d7 768, 50 Hz<\/td>\n<\/tr>\n<tr>\n<td>Sz\u00ednpalett\u00e1k<\/td>\n<td>Fekete, piros, feh\u00e9r vagy f\u00fazi\u00f3s h\u0151kezel\u00e9s<\/td>\n<\/tr>\n<tr>\n<td>A dioptri\u00e1k korrekci\u00f3ja<\/td>\n<td>-5D - +5D<\/td>\n<\/tr>\n<tr>\n<td>Wi-fi<\/td>\n<td>IGEN<\/td>\n<\/tr>\n<tr>\n<td>Keresztt\u00edpusok sz\u00e1ma<\/td>\n<td>5 (= legfeljebb 5 fegyverrel l\u0151het)<\/td>\n<\/tr>\n<tr>\n<td>A kereszt sz\u00edneinek sz\u00e1ma<\/td>\n<td>4 (piros, fekete, z\u00f6ld, feh\u00e9r)<\/td>\n<\/tr>\n<tr>\n<td>Vide\u00f3felv\u00e9teli k\u00e9pess\u00e9g<\/td>\n<td>IGEN<\/td>\n<\/tr>\n<tr>\n<td>A f\u00e9nyk\u00e9pez\u00e9s lehet\u0151s\u00e9ge<\/td>\n<td>IGEN<\/td>\n<\/tr>\n<tr>\n<td>Kontraszt be\u00e1ll\u00edt\u00e1si lehet\u0151s\u00e9g<\/td>\n<td>IGEN<\/td>\n<\/tr>\n<tr>\n<td>\u00c1ll\u00edthat\u00f3 f\u00e9nyer\u0151<\/td>\n<td>IGEN<\/td>\n<\/tr>\n<tr>\n<td>T\u00e1rhely<\/td>\n<td>Be\u00e9p\u00edtett Micro SD mem\u00f3riamodul (64 GB)<\/td>\n<\/tr>\n<tr>\n<td>T\u00e1pegys\u00e9g<\/td>\n<td>k\u00e9t be\u00e9p\u00edtett 18650 \u00e9s egy tartal\u00e9k CR123 (k\u00fcls\u0151)<\/td>\n<\/tr>\n<tr>\n<td>Az akkumul\u00e1tor \u00fczemideje<\/td>\n<td>ak\u00e1r 15 \u00f3ra (wi-fi n\u00e9lk\u00fcl)<\/td>\n<\/tr>\n<tr>\n<td>Lehet\u0151s\u00e9g k\u00fcls\u0151 t\u00e1pegys\u00e9g (powerbank) csatlakoztat\u00e1s\u00e1ra<\/td>\n<td>IGEN<\/td>\n<\/tr>\n<tr>\n<td>Portok<\/td>\n<td>USB C, anal\u00f3g videokimenet<\/td>\n<\/tr>\n<tr>\n<td>M\u0171k\u00f6d\u00e9si h\u0151m\u00e9rs\u00e9klet<\/td>\n<td>-30 \u00b0C ~ 55 \u00b0C<\/td>\n<\/tr>\n<tr>\n<td>V\u00e9delmi fokozat<\/td>\n<td>\n<div>\n<div>IP67 (v\u00edzbe mer\u00edt\u00e9s elleni v\u00e9delem. 30 percig 1 m\u00e9ter m\u00e9lys\u00e9gig t\u00f6rt\u00e9n\u0151 mer\u00edt\u00e9s)<\/div>\n<\/div>\n<\/td>\n<\/tr>\n<tr>\n<td>M\u00e9retek (L \u00d7 W \u00d7 H)<\/td>\n<td>407 \u00d7 78 \u00d7 76 mm<\/td>\n<\/tr>\n<tr>\n<td>S\u00faly:<\/td>\n<td>890 g<\/td>\n<\/tr>\n<tr>\n<td>Garancia<\/td>\n<td>3 \u00e9v<\/td>\n<\/tr>\n<\/tbody>\n<\/table>\n<p><a href=\"https:\/\/www.hikmicrotech.com\/en\/outdoor-products\/stellar-series-thermal-scope\/\">https:\/\/www.hikmicrotech.com\/en\/outdoor-products\/stellar-series-thermal-scope\/<\/a><\/p>","protected":false},"excerpt":{"rendered":"<p>H\u0151kamera c\u00e9lt\u00e1vcs\u0151.<\/p>\n<ul>\n<li>Objekt\u00edv 35 mm.<\/li>\n<li>Optikai nagy\u00edt\u00e1s: 2,7x.<\/li>\n<li>Digit\u00e1lis nagy\u00edt\u00e1s ak\u00e1r 8x.<\/li>\n<li>Teljes nagy\u00edt\u00e1s: 21,6\u00d7.<\/li>\n<li>\u00c9rz\u00e9kel\u00e9s 1 800 m-ig.<\/li>\n<li>OLED kijelz\u0151 1 024 \u00d7 768 px.<strong>\u00a0<\/strong><\/li>\n<li>Hikmicro szenzor: 384 \u00d7 288 px, 12 \u00b5m, VOx.<\/li>\n<li>Szenzor \u00e9rz\u00e9kenys\u00e9ge: &lt; 35 mK.<\/li>\n<li>A be\u00e9p\u00edtett akkumul\u00e1tor t\u00e1pl\u00e1l\u00e1sa USB-C bemeneten kereszt\u00fcl.<\/li>\n<li>A t\u00e1pk\u00e1bel tartoz\u00e9k.<\/li>\n<li>Az akkumul\u00e1tor \u00fczemideje ak\u00e1r 13 \u00f3ra.<\/li>\n<li>T\u00f6meg: 890 g alatt.<\/li>\n<li>V\u00edz\u00e1ll\u00f3s\u00e1g: IP67 (v\u00e9delem v\u00edzbe mer\u00edt\u00e9s ellen \u2013 30 percig, legfeljebb 1 m\u00e9ter m\u00e9lys\u00e9gig).<\/li>\n<li>K\u00e9pjav\u00edt\u00f3 technol\u00f3gia: AGC, DDE \u00e9s 3D DNR.<\/li>\n<\/ul>","protected":false},"featured_media":2779,"template":"","meta":{"_gspb_post_css":""},"product_brand":[315],"product_cat":[21,144,329],"product_tag":[150,324,267],"class_list":{"0":"post-2746","1":"product","2":"type-product","3":"status-publish","4":"has-post-thumbnail","6":"product_brand-hikmicro","7":"product_cat-optika","8":"product_cat-termovizie","9":"product_cat-termovizne-puskohlady","10":"product_tag-hikmicro","11":"product_tag-puskohlad","12":"product_tag-stellar","14":"first","15":"instock","16":"taxable","17":"shipping-taxable","18":"purchasable","19":"product-type-simple"},"ct_brands":[{"id":315,"name":"Hikmicro","slug":"hikmicro"}],"_links":{"self":[{"href":"https:\/\/zbranebudai.sk\/hu\/wp-json\/wp\/v2\/product\/2746","targetHints":{"allow":["GET"]}}],"collection":[{"href":"https:\/\/zbranebudai.sk\/hu\/wp-json\/wp\/v2\/product"}],"about":[{"href":"https:\/\/zbranebudai.sk\/hu\/wp-json\/wp\/v2\/types\/product"}],"wp:featuredmedia":[{"embeddable":true,"href":"https:\/\/zbranebudai.sk\/hu\/wp-json\/wp\/v2\/media\/2779"}],"wp:attachment":[{"href":"https:\/\/zbranebudai.sk\/hu\/wp-json\/wp\/v2\/media?parent=2746"}],"wp:term":[{"taxonomy":"product_brand","embeddable":true,"href":"https:\/\/zbranebudai.sk\/hu\/wp-json\/wp\/v2\/product_brand?post=2746"},{"taxonomy":"product_cat","embeddable":true,"href":"https:\/\/zbranebudai.sk\/hu\/wp-json\/wp\/v2\/product_cat?post=2746"},{"taxonomy":"product_tag","embeddable":true,"href":"https:\/\/zbranebudai.sk\/hu\/wp-json\/wp\/v2\/product_tag?post=2746"}],"curies":[{"name":"wp","href":"https:\/\/api.w.org\/{rel}","templated":true}]}}