{"id":2711,"date":"2025-02-01T20:17:38","date_gmt":"2025-02-01T18:17:38","guid":{"rendered":"https:\/\/zbranebudai.sk\/?post_type=product&#038;p=2711"},"modified":"2026-02-21T16:20:50","modified_gmt":"2026-02-21T14:20:50","slug":"hikmicro-lynx-lc06s-kezi-hokamera-kereso","status":"publish","type":"product","link":"https:\/\/zbranebudai.sk\/hu\/product\/hikmicro-lynx-lc06s-kezi-hokamera-kereso\/","title":{"rendered":"Hikmicro LYNX LC06S h\u0151kamera keres\u0151"},"content":{"rendered":"<p><strong>Hikmicro LYNX LC06S h\u0151kamera keres\u0151<\/strong><\/p>\n<p>A tov\u00e1bbfejlesztett Lynx S sorozat\u00fa monokul\u00e1r kiv\u00e1l\u00f3 v\u00e1laszt\u00e1s els\u0151 megfigyel\u00e9si h\u0151kamerak\u00e9nt a legk\u00fcl\u00f6nf\u00e9l\u00e9bb forgat\u00f3k\u00f6nyvekhez.<\/p>\n<ul>\n<li>OLED kijelz\u0151 800 \u00d7 600 px<\/li>\n<li>\u00c9rz\u00e9kel\u0151 160 \u00d7 120 px<\/li>\n<li>H\u0151\u00e9rz\u00e9kenys\u00e9g &lt; 35 mK<\/li>\n<li>K\u00f6nny\u0171 s\u00faly be\u00e9p\u00edtett akkumul\u00e1torral<\/li>\n<li>Ak\u00e1r 10 \u00f3r\u00e1s akkumul\u00e1tor-\u00fczemid\u0151<\/li>\n<\/ul>\n<p>Monokul\u00e1ris<strong>\u00a0Lynx LC06S<\/strong>\u00a0fel van szerelve\u00a0<strong>h\u0151\u00e9rz\u00e9kel\u0151, NETD \u00e9rz\u00e9kenys\u00e9ggel &lt; 35 mK \u00e9s 160 \u00d7 120 px felbont\u00e1ssal<\/strong>. Min\u00e9l alacsonyabb a NETD-\u00e9rt\u00e9k, ann\u00e1l jobban k\u00e9pes az \u00e9rz\u00e9kel\u0151 a t\u00e1rgyak k\u00f6z\u00f6tti legkisebb h\u0151m\u00e9rs\u00e9kletk\u00fcl\u00f6nbs\u00e9geket is r\u00f6gz\u00edteni, \u00e9s r\u00e9szletes k\u00e9pet adni.<\/p>\n<p>Az eg\u00e9sz k\u00e9p\u00a0<strong>800 \u00d7 600 px felbont\u00e1s\u00fa, nagy\u00edtott OLED kijelz\u0151<\/strong>. V\u00e1lthat a k\u00f6vetkez\u0151k k\u00f6z\u00f6tt\u00a0<strong>n\u00e9gy sz\u00ednpaletta<\/strong>, a t\u00e1vols\u00e1got a k\u00f6vetkez\u0151vel m\u00e9rj\u00fck\u00a0<strong>egy ar\u00e1nyos t\u00e1vols\u00e1gm\u00e9r\u0151<\/strong>\u00a0\u00e9s nagy\u00edtson r\u00e1 a\u00a0<strong>digit\u00e1lis zoom ak\u00e1r 4x<\/strong>.<\/p>\n<p>A Lynx S automatikus \u00e9rz\u00e9kenys\u00e9gszab\u00e1lyoz\u00e1ssal (AGC), digit\u00e1lis k\u00e9pjav\u00edt\u00e1ssal (DDE) \u00e9s h\u00e1romdimenzi\u00f3s zajcs\u00f6kkent\u00e9ssel (3D DNR) is rendelkezik.<\/p>\n<p>Bekapcsol\u00e1s\u00a0<strong>be\u00e9p\u00edtett akkumul\u00e1tor<\/strong>\u00a0ak\u00e1r\u00a0<strong>10 \u00f3ra folyamatos megfigyel\u00e9s<\/strong>, \u00e9s a maxim\u00e1lis akkumul\u00e1tor-\u00fczemid\u0151 \u00e9rdek\u00e9ben ott van a\u00a0<strong>alv\u00f3 \u00fczemm\u00f3d<\/strong>.<\/p>\n<p>Olyan funkci\u00f3kkal is rendelkezik, mint p\u00e9ld\u00e1ul\u00a0<strong>v\u00edz\u00e1ll\u00f3 \u00e9s IP67 ellen\u00e1ll\u00f3<\/strong>. Ez\u00e9rt Lynx\u00a0<strong>zord k\u00f6r\u00fclm\u00e9nyek k\u00f6z\u00f6tt is alkalmas<\/strong>\u00a0mint p\u00e9ld\u00e1ul es\u0151 \u00e9s h\u00f3.<\/p>\n<p><strong>A k\u00e9sz\u00fcl\u00e9kre 3 \u00e9v garanci\u00e1t v\u00e1llalunk, \u00e9s szervizel\u00e9s eset\u00e9n garanci\u00e1t biztos\u00edtunk a cserek\u00e9sz\u00fcl\u00e9kre.<\/strong><\/p>\n<p><span data-darkreader-inline-color=\"\"><strong>M\u0171szaki adatok<\/strong><strong>:<\/strong><\/span><\/p>\n<p>&nbsp;<\/p>\n<table dir=\"ltr\" border=\"1\" cellspacing=\"0\" cellpadding=\"0\" data-sheets-root=\"1\" data-sheets-baot=\"1\">\n<colgroup>\n<col width=\"312\" \/>\n<col width=\"437\" \/><\/colgroup>\n<tbody>\n<tr>\n<td>Wi-Fi<\/td>\n<td>Igen<\/td>\n<\/tr>\n<tr>\n<td>\u00c9rz\u00e9kel\u0151<\/td>\n<td>160 \u00d7 120 px<\/td>\n<\/tr>\n<tr>\n<td>H\u0151\u00e9rz\u00e9kenys\u00e9g<\/td>\n<td>&lt; 35 mK<\/td>\n<\/tr>\n<tr>\n<td>Kijelz\u0151 felbont\u00e1sa<\/td>\n<td>800 x 600 px<\/td>\n<\/tr>\n<tr>\n<td>Objekt\u00edv<\/td>\n<td>6 mm<\/td>\n<\/tr>\n<tr>\n<td>\u00c9rz\u00e9kel\u00e9s<\/td>\n<td>250 m<\/td>\n<\/tr>\n<tr>\n<td>Optikai nagy\u00edt\u00e1s<\/td>\n<td>1x<\/td>\n<\/tr>\n<tr>\n<td>L\u00e1t\u00f3mez\u0151<\/td>\n<td>24,7\u00b0 \u00d7 18,7\u00b0<\/td>\n<\/tr>\n<tr>\n<td>Digit\u00e1lis zoom<\/td>\n<td>4x<\/td>\n<\/tr>\n<tr>\n<td>Dioptri\u00e1s korrekci\u00f3<\/td>\n<td>-5D - +4D<\/td>\n<\/tr>\n<tr>\n<td>F\u00e9nyk\u00e9pez\u00e9si lehet\u0151s\u00e9g<\/td>\n<td>Igen<\/td>\n<\/tr>\n<tr>\n<td>Vide\u00f3 opci\u00f3<\/td>\n<td>Igen<\/td>\n<\/tr>\n<tr>\n<td>Hangfelv\u00e9tel<\/td>\n<td>Igen<\/td>\n<\/tr>\n<tr>\n<td>V\u00e9delmi fokozat<\/td>\n<td>IP67<\/td>\n<\/tr>\n<tr>\n<td>Mem\u00f3ria<\/td>\n<td>be\u00e9p\u00edtett, 8 GB<\/td>\n<\/tr>\n<tr>\n<td>\u00dczemi h\u0151m\u00e9rs\u00e9klet<\/td>\n<td>-20\u00b0C \u00e9s 55\u00b0C k\u00f6z\u00f6tt<\/td>\n<\/tr>\n<tr>\n<td>Akkumul\u00e1torok<\/td>\n<td>be\u00e9p\u00edtett Li-ion<\/td>\n<\/tr>\n<tr>\n<td>Az akkumul\u00e1tor \u00e9lettartama<\/td>\n<td>10 \u00f3ra<\/td>\n<\/tr>\n<tr>\n<td>S\u00faly<\/td>\n<td>250 g<\/td>\n<\/tr>\n<tr>\n<td>M\u00e9retek<\/td>\n<td>158 x 60 x 57 mm<\/td>\n<\/tr>\n<\/tbody>\n<\/table>\n<p><span data-darkreader-inline-color=\"\"><strong>\u00a0<\/strong><\/span><\/p>\n<p><a href=\"https:\/\/www.hikmicrotech.com\/en\/outdoor-products\/lynx-s-thermal-monocular\/\">https:\/\/www.hikmicrotech.com\/en\/outdoor-products\/lynx-s-thermal-monocular\/\u00a0<\/a><\/p>","protected":false},"excerpt":{"rendered":"<p>H\u0151kamera keres\u0151. \u00c9rz\u00e9kel\u0151: 160 \u00d7 120 px, 12\u03bcm. Objekt\u00edv: 6 mm. H\u0151k\u00e9p\u00e9rz\u00e9kenys\u00e9g: &lt; 35 mK. \u00c9rz\u00e9kel\u00e9si t\u00e1vols\u00e1g: 250 m. Optikai nagy\u00edt\u00e1s: 1x. Digit\u00e1lis zoom: 4x. Kijelz\u0151: OLED 800 \u00d7 600 px. Energiatakar\u00e9kos \u00fczemm\u00f3d (alv\u00f3 \u00fczemm\u00f3d). Az akkumul\u00e1tor \u00e9lettartama: 10 \u00f3ra. Energiaell\u00e1t\u00e1s: be\u00e9p\u00edtett Li-ion akkumul\u00e1tor. Men\u00fc \u00e9s haszn\u00e1lati utas\u00edt\u00e1s.<\/p>","protected":false},"featured_media":2741,"template":"","meta":{"_gspb_post_css":""},"product_brand":[315],"product_cat":[21,144,327],"product_tag":[150,281,337],"class_list":{"0":"post-2711","1":"product","2":"type-product","3":"status-publish","4":"has-post-thumbnail","6":"product_brand-hikmicro","7":"product_cat-optika","8":"product_cat-termovizie","9":"product_cat-termovizne-monokulary","10":"product_tag-hikmicro","11":"product_tag-lynx","12":"product_tag-termovizny-monokular","14":"first","15":"instock","16":"taxable","17":"shipping-taxable","18":"purchasable","19":"product-type-simple"},"ct_brands":[{"id":315,"name":"Hikmicro","slug":"hikmicro"}],"_links":{"self":[{"href":"https:\/\/zbranebudai.sk\/hu\/wp-json\/wp\/v2\/product\/2711","targetHints":{"allow":["GET"]}}],"collection":[{"href":"https:\/\/zbranebudai.sk\/hu\/wp-json\/wp\/v2\/product"}],"about":[{"href":"https:\/\/zbranebudai.sk\/hu\/wp-json\/wp\/v2\/types\/product"}],"wp:featuredmedia":[{"embeddable":true,"href":"https:\/\/zbranebudai.sk\/hu\/wp-json\/wp\/v2\/media\/2741"}],"wp:attachment":[{"href":"https:\/\/zbranebudai.sk\/hu\/wp-json\/wp\/v2\/media?parent=2711"}],"wp:term":[{"taxonomy":"product_brand","embeddable":true,"href":"https:\/\/zbranebudai.sk\/hu\/wp-json\/wp\/v2\/product_brand?post=2711"},{"taxonomy":"product_cat","embeddable":true,"href":"https:\/\/zbranebudai.sk\/hu\/wp-json\/wp\/v2\/product_cat?post=2711"},{"taxonomy":"product_tag","embeddable":true,"href":"https:\/\/zbranebudai.sk\/hu\/wp-json\/wp\/v2\/product_tag?post=2711"}],"curies":[{"name":"wp","href":"https:\/\/api.w.org\/{rel}","templated":true}]}}