{"id":21853,"date":"2026-05-09T09:46:45","date_gmt":"2026-05-09T07:46:45","guid":{"rendered":"https:\/\/zbranebudai.sk\/?post_type=product&#038;p=21853"},"modified":"2026-05-09T16:20:25","modified_gmt":"2026-05-09T14:20:25","slug":"pulsar-trail-3-lrf-xq50-puska-tavcso","status":"publish","type":"product","link":"https:\/\/zbranebudai.sk\/hu\/product\/pulsar-trail-3-lrf-xq50-puskohlad\/","title":{"rendered":"Pulsar TRAIL 3 LRF XQ50 c\u00e9lt\u00e1vcs\u0151"},"content":{"rendered":"<p><strong>Pulsar TRAIL 3 LRF XQ50 c\u00e9lt\u00e1vcs\u0151<\/strong><\/p>\n<p data-start=\"0\" data-end=\"403\"><strong data-start=\"0\" data-end=\"12\">Pontoss\u00e1g<\/strong><br data-start=\"12\" data-end=\"15\" \/>A Trail 3 LRF kompakt \u00e9s robusztus c\u00e9lt\u00e1vcs\u00f6vek profi vad\u00e1szok, erd\u00e9szek \u00e9s k\u00e1rtev\u0151irt\u00f3k sz\u00e1m\u00e1ra k\u00e9sz\u00fcltek. A monoblokk szerkezet \u00e9s a Pulsar t\u00f6bbpontos als\u00f3 s\u00edn nagy ellen\u00e1ll\u00e1st \u00e9s stabil r\u00f6gz\u00edt\u00e9st biztos\u00edt a fegyveren. A kiv\u00e1l\u00f3 h\u0151kamer\u00e1s technol\u00f3gia kombin\u00e1lva egy prec\u00edz l\u00e9zeres t\u00e1vols\u00e1gm\u00e9r\u0151vel \u00e9s egy ballisztikai sz\u00e1mol\u00f3g\u00e9ppel kiv\u00e1l\u00f3 k\u00e9pet ny\u00fajt, mik\u00f6zben biztos\u00edtja a l\u00f6v\u00e9s pontoss\u00e1g\u00e1t.<\/p>\n<p data-start=\"405\" data-end=\"652\"><strong data-start=\"405\" data-end=\"436\">Ergonomikus vez\u00e9rl\u0151k<\/strong><br data-start=\"436\" data-end=\"439\" \/>Vez\u00e9rl\u0151k k\u00f6nnyed\u00e9n az \u00d6n keze \u00fcgy\u00e9ben, k\u00e9t el\u0151re be\u00e1ll\u00edthat\u00f3 gomb \u00e9s egy intuit\u00edv forg\u00f3-k\u00f3dol\u00f3 gondoskodik a gyors be\u00e1ll\u00edt\u00e1sokr\u00f3l, mik\u00f6zben \u00d6n a vad\u00e1szatra koncentr\u00e1l.<\/p>\n<p data-start=\"654\" data-end=\"912\"><strong data-start=\"654\" data-end=\"693\">K\u00e9toldalas f\u00f3kusz\u00e1l\u00f3 mechanizmus<\/strong><br data-start=\"693\" data-end=\"696\" \/>Gyors \u00e9less\u00e9g\u00e1ll\u00edt\u00e1s jobb vagy bal k\u00e9zzel az oldals\u00f3 f\u00f3kuszgy\u0171r\u0171kkel, integr\u00e1lt karokkal a biztos fog\u00e1s\u00e9rt a prec\u00edz \u00e9s egyszer\u0171 f\u00f3kusz\u00e1l\u00e1s \u00e9rdek\u00e9ben b\u00e1rmilyen vad\u00e1szati helyzetben.<\/p>\n<p data-start=\"914\" data-end=\"1199\"><strong data-start=\"914\" data-end=\"951\">Integr\u00e1lt ballisztikai sz\u00e1mol\u00f3g\u00e9p<\/strong><br data-start=\"951\" data-end=\"954\" \/>Szerezzen pontos c\u00e9lz\u00e1si \u00fatmutat\u00e1st az integr\u00e1lt ballisztikai kalkul\u00e1torral, amely a szem\u00e9lyre szabott ballisztikai profilja alapj\u00e1n megjelen\u00edti a korrekci\u00f3kat a k\u00e9perny\u0151n, seg\u00edtve a pontos tal\u00e1latokat b\u00e1rmilyen m\u00e9rt t\u00e1vols\u00e1gon.<\/p>\n<p data-start=\"1201\" data-end=\"1397\"><strong data-start=\"1201\" data-end=\"1239\">Nagy \u00fct\u00e9s\u00e1ll\u00f3s\u00e1g<\/strong><br data-start=\"1239\" data-end=\"1242\" \/>Er\u0151s h\u00e1trar\u00fag\u00e1st kezel teljes\u00edtm\u00e9nyroml\u00e1s n\u00e9lk\u00fcl, t\u00e1mogatja az olyan nagy teljes\u00edtm\u00e9ny\u0171 kalibereket is, mint a .375 H&amp;H, mik\u00f6zben teljes m\u00e9rt\u00e9kben kompatibilis marad s\u00f6r\u00e9tes \u00e9s l\u00e9gfegyverekkel.<\/p>\n<p data-start=\"1399\" data-end=\"1616\"><strong data-start=\"1399\" data-end=\"1440\">Visszar\u00fag\u00e1s \u00e1ltal aktiv\u00e1lt videofelv\u00e9tel<\/strong><br data-start=\"1440\" data-end=\"1443\" \/>R\u00f6gz\u00edtse minden l\u00f6v\u00e9st automatikusan az \u00fct\u00e9s \u00e1ltal aktiv\u00e1lt videofelv\u00e9telnek k\u00f6sz\u00f6nhet\u0151en, amely h\u00e1rom \u00e9rz\u00e9kenys\u00e9gi szinten \u00e1ll\u00edthat\u00f3, hogy megfeleljen a k\u00fcl\u00f6nb\u00f6z\u0151 kalibereknek.<\/p>\n<p data-start=\"1618\" data-end=\"1845\"><strong data-start=\"1618\" data-end=\"1669\">Extra \u00e9les AMOLED kijelz\u0151 Full HD felbont\u00e1ssal<\/strong><br data-start=\"1669\" data-end=\"1672\" \/>\u00c9ljen \u00e1t \u00e9les \u00e9s r\u00e9szletgazdag h\u0151t\u00e9rk\u00e9pes k\u00e9pet a tiszta, 1920 \u00d7 1080 felbont\u00e1s\u00fa Full HD AMOLED mikroszk\u00f3pon, amely egyszer\u0171v\u00e9 teszi a c\u00e9lok felismer\u00e9s\u00e9t \u00e9s k\u00f6vet\u00e9s\u00e9t minden k\u00f6r\u00fclm\u00e9nyek k\u00f6z\u00f6tt.<\/p>\n<p data-start=\"1847\" data-end=\"2125\"><strong data-start=\"1847\" data-end=\"1874\">\u00daj grafikus fel\u00fclet<\/strong><br data-start=\"1874\" data-end=\"1877\" \/>Gyors navig\u00e1l\u00e1s a be\u00e1ll\u00edt\u00e1sok k\u00f6z\u00f6tt az intuit\u00edv fel\u00fcletnek k\u00f6sz\u00f6nhet\u0151en, amely \u00e1ttekinthet\u0151 kijelz\u00e9st \u00e9s egyszer\u0171 hozz\u00e1f\u00e9r\u00e9st biztos\u00edt a kulcsfontoss\u00e1g\u00fa funkci\u00f3khoz. T\u00f6lts\u00f6n kevesebb id\u0151t a be\u00e1ll\u00edt\u00e1ssal, \u00e9s t\u00f6bb id\u0151t a terepen t\u00f6rt\u00e9n\u0151 megfigyel\u00e9ssel, k\u00f6vet\u00e9ssel \u00e9s magabiztos d\u00f6nt\u00e9shozatallal.<\/p>\n<p data-start=\"2127\" data-end=\"2371\"><strong data-start=\"2127\" data-end=\"2157\">PiP m\u00f3d k\u00f6r alakban<\/strong><br data-start=\"2157\" data-end=\"2160\" \/>Koncentr\u00e1lj a c\u00e9lpontra an\u00e9lk\u00fcl, hogy elvesz\u00edten\u00e9d a k\u00f6rnyezeted \u00e1ttekint\u00e9s\u00e9t a k\u00f6rk\u00f6r\u00f6s k\u00e9p a k\u00e9pben (PiP) m\u00f3ddal. Nagy\u00edtsd ki a nagy\u00edt\u00f3ablak ter\u00fclet\u00e9t, mik\u00f6zben tov\u00e1bbra is l\u00e1that\u00f3 marad a k\u00f6rnyez\u0151 l\u00e1t\u00f3mez\u0151 a c\u00e9lpont egyszer\u0171 k\u00f6vet\u00e9s\u00e9hez.<\/p>\n<p data-start=\"2373\" data-end=\"2638\"><strong data-start=\"2373\" data-end=\"2404\">Be\u00e9p\u00edtett l\u00e9zeres t\u00e1vols\u00e1gm\u00e9r\u0151<\/strong><br data-start=\"2404\" data-end=\"2407\" \/>M\u00e9rje meg a t\u00e1vols\u00e1gokat gyorsan \u00e9s pontosan 1200 m\u00e9terig egy nagy teljes\u00edtm\u00e9ny\u0171 l\u00e9zeres t\u00e1vols\u00e1gm\u00e9r\u0151vel. V\u00e1ltson a szkennel\u00e9si \u00e9s az egyedi m\u00e9r\u00e9s m\u00f3d k\u00f6z\u00f6tt, hogy azonnal felm\u00e9rje a t\u00e1vols\u00e1got \u00e9s magabiztosan megtervezze a k\u00f6vetkez\u0151 l\u00e9p\u00e9st.<\/p>\n<p data-start=\"2640\" data-end=\"2658\"><strong data-start=\"2640\" data-end=\"2658\">Tov\u00e1bbi funkci\u00f3k<\/strong><\/p>\n<ul data-start=\"2660\" data-end=\"3047\" data-is-last-node=\"\" data-is-only-node=\"\">\n<li data-section-id=\"2873oe\" data-start=\"2660\" data-end=\"2682\">9 sz\u00ednpaletta<\/li>\n<li data-section-id=\"1bxu9dr\" data-start=\"2683\" data-end=\"2703\">3 kijelz\u0151 alakzat<\/li>\n<li data-section-id=\"19wgscf\" data-start=\"2704\" data-end=\"2723\">10 alapt\u00edpus<\/li>\n<li data-section-id=\"i7pga6\" data-start=\"2724\" data-end=\"2751\">10 l\u00f6v\u00e9st\u00edpus<\/li>\n<li data-section-id=\"19to0qn\" data-start=\"2752\" data-end=\"2781\">D\u0151l\u00e9si ir\u00e1nyjelz\u0151<\/li>\n<li data-section-id=\"txru7b\" data-start=\"2782\" data-end=\"2809\">Emelked\u00e9si sz\u00f6g jelz\u00e9s<\/li>\n<li data-section-id=\"94ikt1\" data-start=\"2810\" data-end=\"2837\">Stream Vision 2 T\u00e1mogat\u00e1s<\/li>\n<li data-section-id=\"5a5wmr\" data-start=\"2838\" data-end=\"2874\">Stream Vision Ballisztika T\u00e1mogat\u00e1s<\/li>\n<li data-section-id=\"1i8tcw9\" data-start=\"2875\" data-end=\"2914\">T\u00f6bbpontos Pulsar szerel\u0151s\u00edn<\/li>\n<li data-section-id=\"13c0emx\" data-start=\"2915\" data-end=\"2951\">Automatikus kijelz\u0151 kikapcsol\u00e1s<\/li>\n<li data-section-id=\"633axv\" data-start=\"2952\" data-end=\"2987\">4 digit\u00e1lis kijelz\u00e9si m\u00f3d<\/li>\n<li data-section-id=\"gde79r\" data-start=\"2988\" data-end=\"3028\">Gyorsan cser\u00e9lhet\u0151 \u00fajrat\u00f6lthet\u0151 akkumul\u00e1tor<\/li>\n<li data-section-id=\"v7hgqx\" data-start=\"3029\" data-end=\"3047\" data-is-last-node=\"\">H\u00e1tt\u00e9rfelv\u00e9tel<\/li>\n<\/ul>\n<table dir=\"ltr\" style=\"width: 963px\" border=\"1\" cellspacing=\"0\" cellpadding=\"0\" data-sheets-root=\"1\" data-sheets-baot=\"1\">\n<colgroup>\n<col width=\"118\" \/>\n<col width=\"134\" \/><\/colgroup>\n<tbody>\n<tr>\n<td style=\"width: 463.575px\">Param\u00e9ter<\/td>\n<td style=\"width: 494.625px\">\u00c9rt\u00e9k<\/td>\n<\/tr>\n<tr>\n<td style=\"width: 463.575px\">Nagy\u00edt\u00e1s<\/td>\n<td style=\"width: 494.625px\">3,5 \u2013 14\u00d7<\/td>\n<\/tr>\n<tr>\n<td style=\"width: 463.575px\">Digit\u00e1lis nagy\u00edt\u00e1s<\/td>\n<td style=\"width: 494.625px\">4\u00d7<\/td>\n<\/tr>\n<tr>\n<td style=\"width: 463.575px\">A k\u00e9sz\u00fcl\u00e9k h\u0151m\u00e9rs\u00e9klet-\u00e9rz\u00e9kenys\u00e9ge<\/td>\n<td style=\"width: 494.625px\">&lt; 15 mK<\/td>\n<\/tr>\n<tr>\n<td style=\"width: 463.575px\">Pixel m\u00e9ret<\/td>\n<td style=\"width: 494.625px\">12 \u00b5m<\/td>\n<\/tr>\n<tr>\n<td style=\"width: 463.575px\">\u00c9rz\u00e9kel\u0151 felbont\u00e1sa<\/td>\n<td style=\"width: 494.625px\">384 \u00d7 288 px<\/td>\n<\/tr>\n<tr>\n<td style=\"width: 463.575px\">H\u0151m\u00e9rs\u00e9klet-\u00e9rz\u00e9kenys\u00e9g \u00e9rz\u00e9kel\u0151<\/td>\n<td style=\"width: 494.625px\">&lt; 25 mK<\/td>\n<\/tr>\n<tr>\n<td style=\"width: 463.575px\">T\u00e1vols\u00e1got m\u00e9r<\/td>\n<td style=\"width: 494.625px\">1200 m<\/td>\n<\/tr>\n<tr>\n<td style=\"width: 463.575px\">T\u00e1vols\u00e1g<\/td>\n<td style=\"width: 494.625px\">l\u00e9zer, 905 nm<\/td>\n<\/tr>\n<tr>\n<td style=\"width: 463.575px\">M\u00e9r\u00e9si pontoss\u00e1g<\/td>\n<td style=\"width: 494.625px\">\u00b1 1 m<\/td>\n<\/tr>\n<tr>\n<td style=\"width: 463.575px\">Kijelz\u0151 felbont\u00e1sa<\/td>\n<td style=\"width: 494.625px\">1920 \u00d7 1080 px<\/td>\n<\/tr>\n<tr>\n<td style=\"width: 463.575px\">K\u00e9perny\u0151friss\u00edt\u00e9si frekvencia<\/td>\n<td style=\"width: 494.625px\">50 Hz<\/td>\n<\/tr>\n<tr>\n<td style=\"width: 463.575px\">Megjelen\u00edt\u00e9s t\u00edpusa<\/td>\n<td style=\"width: 494.625px\">AMOLED<\/td>\n<\/tr>\n<tr>\n<td style=\"width: 463.575px\">L\u00e1t\u00f3t\u00e1vols\u00e1g<\/td>\n<td style=\"width: 494.625px\">1800 m<\/td>\n<\/tr>\n<tr>\n<td style=\"width: 463.575px\">Objekt\u00edv param\u00e9terek<\/td>\n<td style=\"width: 494.625px\">F50\/1,0<\/td>\n<\/tr>\n<tr>\n<td style=\"width: 463.575px\">L\u00e1t\u00f3mez\u0151 100 m-en<\/td>\n<td style=\"width: 494.625px\">7,9 \/ 13,1 m<\/td>\n<\/tr>\n<tr>\n<td style=\"width: 463.575px\">Szemt\u00e1vols\u00e1g<\/td>\n<td style=\"width: 494.625px\">50 mm<\/td>\n<\/tr>\n<tr>\n<td style=\"width: 463.575px\">Teljes\u00edtm\u00e9ny<\/td>\n<td style=\"width: 494.625px\">\n<div>\n<div>3,0 \u2013 4,2 V, LPS 7i 6400 mAh<\/div>\n<\/div>\n<\/td>\n<\/tr>\n<tr>\n<td style=\"width: 463.575px\">K\u00fcls\u0151 t\u00e1pegys\u00e9g<\/td>\n<td style=\"width: 494.625px\">5 V, 9 V (USB-C)<\/td>\n<\/tr>\n<tr>\n<td style=\"width: 463.575px\">Vide\u00f3felvev\u0151<\/td>\n<td style=\"width: 494.625px\">Igen<\/td>\n<\/tr>\n<tr>\n<td style=\"width: 463.575px\">Mem\u00f3ria m\u00e9rete<\/td>\n<td style=\"width: 494.625px\">64 GB<\/td>\n<\/tr>\n<tr>\n<td style=\"width: 463.575px\">Vide\u00f3\/fot\u00f3 form\u00e1tum<\/td>\n<td style=\"width: 494.625px\">.mp4 \/ .jpg<\/td>\n<\/tr>\n<tr>\n<td style=\"width: 463.575px\">Vide\u00f3\/fot\u00f3 felbont\u00e1s<\/td>\n<td style=\"width: 494.625px\">1440 \u00d7 1080 px<\/td>\n<\/tr>\n<tr>\n<td style=\"width: 463.575px\">L\u00e9p\u00e9st\u00e1vols\u00e1g<\/td>\n<td style=\"width: 494.625px\">9,1 mm \/ 100 m<\/td>\n<\/tr>\n<tr>\n<td style=\"width: 463.575px\">V\u00edzszintes be\u00e1ll\u00edt\u00e1si tartom\u00e1ny<\/td>\n<td style=\"width: 494.625px\">1800 mm \/ 100 m<\/td>\n<\/tr>\n<tr>\n<td style=\"width: 463.575px\">F\u00fcgg\u0151leges be\u00e1ll\u00edt\u00e1si tartom\u00e1ny<\/td>\n<td style=\"width: 494.625px\">1800 mm \/ 100 m<\/td>\n<\/tr>\n<tr>\n<td style=\"width: 463.575px\">Kereszt t\u00edpusa<\/td>\n<td style=\"width: 494.625px\">10 kereszt<\/td>\n<\/tr>\n<tr>\n<td style=\"width: 463.575px\">Visszar\u00fag\u00e1s elleni v\u00e9delem<\/td>\n<td style=\"width: 494.625px\">6000 J<\/td>\n<\/tr>\n<tr>\n<td style=\"width: 463.575px\">Anyag<\/td>\n<td style=\"width: 494.625px\">Alum\u00ednium \u00f6tv\u00f6zet<\/td>\n<\/tr>\n<tr>\n<td style=\"width: 463.575px\">V\u00edzhatlan<\/td>\n<td style=\"width: 494.625px\">IP67<\/td>\n<\/tr>\n<tr>\n<td style=\"width: 463.575px\">\u00dczemi h\u0151m\u00e9rs\u00e9klet<\/td>\n<td style=\"width: 494.625px\">-25 \u00b0C \u2013 +50 \u00b0C<\/td>\n<\/tr>\n<tr>\n<td style=\"width: 463.575px\">Mobil alkalmaz\u00e1s<\/td>\n<td style=\"width: 494.625px\">\n<div>\n<div>Stream Vision 2, Stream Vision Ballisztika<\/div>\n<\/div>\n<\/td>\n<\/tr>\n<tr>\n<td style=\"width: 463.575px\">Wi-Fi<\/td>\n<td style=\"width: 494.625px\">\n<div>\n<div>2,4 \/ 5 GHz, IEEE 802.11 b\/g\/n\/ac (WPA)<\/div>\n<\/div>\n<\/td>\n<\/tr>\n<tr>\n<td style=\"width: 463.575px\">USB t\u00edpus<\/td>\n<td style=\"width: 494.625px\">USB-C<\/td>\n<\/tr>\n<tr>\n<td style=\"width: 463.575px\">T\u00e1vir\u00e1ny\u00edt\u00f3<\/td>\n<td style=\"width: 494.625px\">\n<div>\n<div>Igen, Bluetooth, BLE 4.2, IEEE 802.15.1, 2,4 GHz<\/div>\n<\/div>\n<\/td>\n<\/tr>\n<tr>\n<td style=\"width: 463.575px\">M\u00e9retek<\/td>\n<td style=\"width: 494.625px\">271 \u00d7 86 \u00d7 71 mm<\/td>\n<\/tr>\n<tr>\n<td style=\"width: 463.575px\">S\u00faly<\/td>\n<td style=\"width: 494.625px\">0,7 kg<\/td>\n<\/tr>\n<\/tbody>\n<\/table>","protected":false},"excerpt":{"rendered":"<p>A Trail 3 c\u00e9lt\u00e1vcs\u0151 k\u00f6zepes \u00e9s hosszabb t\u00e1vols\u00e1gokra t\u00f6rt\u00e9n\u0151 vad\u00e1szathoz k\u00e9sz\u00fclt, ahol a c\u00e9lpont felismer\u00e9se \u00e9s a pontos l\u00f6v\u00e9s elengedhetetlen. Tiszta \u00e9s \u00e9les k\u00e9pet biztos\u00edt m\u00e9g nagy t\u00e1vols\u00e1gokon is, seg\u00edtve a vad\u00e1szokat a c\u00e9lpontok pontos azonos\u00edt\u00e1s\u00e1ban ny\u00edlt vagy vegyes terepen.<\/p>","protected":false},"featured_media":21962,"template":"","meta":{"_gspb_post_css":""},"product_brand":[317],"product_cat":[21,144,329],"product_tag":[347,172,324,2775],"class_list":{"0":"post-21853","1":"product","2":"type-product","3":"status-publish","4":"has-post-thumbnail","6":"product_brand-pulsar","7":"product_cat-optika","8":"product_cat-termovizie","9":"product_cat-termovizne-puskohlady","10":"product_tag-laserovy-dialkomer","11":"product_tag-pulsar","12":"product_tag-puskohlad","13":"product_tag-trail","15":"first","16":"instock","17":"sale","18":"taxable","19":"shipping-taxable","20":"purchasable","21":"product-type-simple"},"ct_brands":[{"id":317,"name":"Pulsar","slug":"pulzar"}],"_links":{"self":[{"href":"https:\/\/zbranebudai.sk\/hu\/wp-json\/wp\/v2\/product\/21853","targetHints":{"allow":["GET"]}}],"collection":[{"href":"https:\/\/zbranebudai.sk\/hu\/wp-json\/wp\/v2\/product"}],"about":[{"href":"https:\/\/zbranebudai.sk\/hu\/wp-json\/wp\/v2\/types\/product"}],"wp:featuredmedia":[{"embeddable":true,"href":"https:\/\/zbranebudai.sk\/hu\/wp-json\/wp\/v2\/media\/21962"}],"wp:attachment":[{"href":"https:\/\/zbranebudai.sk\/hu\/wp-json\/wp\/v2\/media?parent=21853"}],"wp:term":[{"taxonomy":"product_brand","embeddable":true,"href":"https:\/\/zbranebudai.sk\/hu\/wp-json\/wp\/v2\/product_brand?post=21853"},{"taxonomy":"product_cat","embeddable":true,"href":"https:\/\/zbranebudai.sk\/hu\/wp-json\/wp\/v2\/product_cat?post=21853"},{"taxonomy":"product_tag","embeddable":true,"href":"https:\/\/zbranebudai.sk\/hu\/wp-json\/wp\/v2\/product_tag?post=21853"}],"curies":[{"name":"wp","href":"https:\/\/api.w.org\/{rel}","templated":true}]}}