{"id":21852,"date":"2026-05-09T09:46:45","date_gmt":"2026-05-09T07:46:45","guid":{"rendered":"https:\/\/zbranebudai.sk\/?post_type=product&#038;p=21852"},"modified":"2026-05-09T16:16:32","modified_gmt":"2026-05-09T14:16:32","slug":"pulsar-trail-3-lrf-xr50-puska-tavcso","status":"publish","type":"product","link":"https:\/\/zbranebudai.sk\/hu\/product\/pulsar-trail-3-lrf-xr50-puskohlad\/","title":{"rendered":"Pulsar TRAIL 3 LRF XR50 c\u00e9lt\u00e1vcs\u0151"},"content":{"rendered":"<p><strong>Pulsar TRAIL 3 LRF XR50 pu\u0161koh\u013ead<\/strong><\/p>\n<p data-start=\"0\" data-end=\"13\"><strong data-start=\"0\" data-end=\"12\" data-is-only-node=\"\">Presnos\u0165<\/strong><br data-start=\"12\" data-end=\"15\" \/>Kompaktn\u00e9 a robustn\u00e9 pu\u0161koh\u013eady Trail 3 LRF s\u00fa ur\u010den\u00e9 pre profesion\u00e1lnych po\u013eovn\u00edkov, lesn\u00edkov a na regul\u00e1ciu \u0161kodcov. Monoblokov\u00e1 kon\u0161trukcia a viacbodov\u00e1 spodn\u00e1 li\u0161ta Pulsar zabezpe\u010duj\u00fa vysok\u00fa odolnos\u0165 a pevn\u00e9 uchytenie na zbrani. \u0160pi\u010dkov\u00e1 termov\u00edzia v kombin\u00e1cii s presn\u00fdm laserov\u00fdm dia\u013ekomerom a balistick\u00fdm kalkul\u00e1torom pon\u00faka vynikaj\u00faci obraz a z\u00e1rove\u0148 zabezpe\u010duje presnos\u0165 stre\u013eby.<\/p>\n<div class=\"relative w-full overflow-visible\">\n<section class=\"text-token-text-primary w-full focus:outline-none [--shadow-height:45px] has-data-writing-block:pointer-events-none has-data-writing-block:-mt-(--shadow-height) has-data-writing-block:pt-(--shadow-height) [&amp;:has([data-writing-block])&gt;*]:pointer-events-auto [content-visibility:auto] supports-[content-visibility:auto]:[contain-intrinsic-size:auto_100lvh] R6Vx5W_threadScrollVars scroll-mb-[calc(var(--scroll-root-safe-area-inset-bottom,0px)+var(--thread-response-height))] scroll-mt-[calc(var(--header-height)+min(200px,max(70px,20svh)))]\" dir=\"auto\" data-turn-id=\"request-69ebb0ef-fe00-83eb-b456-b9692bd46578-100\" data-turn-id-container=\"request-69ebb0ef-fe00-83eb-b456-b9692bd46578-100\" data-testid=\"conversation-turn-250\" data-scroll-anchor=\"false\" data-turn=\"assistant\">\n<div class=\"text-base my-auto mx-auto pb-10 [--thread-content-margin:var(--thread-content-margin-xs,calc(var(--spacing)*4))] @w-sm\/main:[--thread-content-margin:var(--thread-content-margin-sm,calc(var(--spacing)*6))] @w-lg\/main:[--thread-content-margin:var(--thread-content-margin-lg,calc(var(--spacing)*16))] px-(--thread-content-margin)\">\n<div class=\"[--thread-content-max-width:40rem] @w-lg\/main:[--thread-content-max-width:48rem] mx-auto max-w-(--thread-content-max-width) flex-1 group\/turn-messages focus-visible:outline-hidden relative flex w-full min-w-0 flex-col agent-turn\">\n<div class=\"flex max-w-full flex-col gap-4 grow\">\n<div class=\"min-h-8 text-message relative flex w-full flex-col items-end gap-2 text-start break-words whitespace-normal outline-none keyboard-focused:focus-ring [.text-message+&amp;]:mt-1\" dir=\"auto\" data-message-author-role=\"assistant\" data-message-id=\"ea8eafa3-fe86-4320-919c-51ca14d4184d\" data-message-model-slug=\"gpt-5-5\" data-turn-start-message=\"true\">\n<div class=\"flex w-full flex-col gap-1 empty:hidden\">\n<div class=\"markdown prose dark:prose-invert wrap-break-word w-full light markdown-new-styling\">\n<p data-start=\"0\" data-end=\"247\"><strong data-start=\"0\" data-end=\"31\">Ergonomick\u00e9 ovl\u00e1dacie prvky<\/strong><br data-start=\"31\" data-end=\"34\" \/>Ovl\u00e1dajte v\u0161etky funkcie bez n\u00e1mahy v\u010faka tla\u010didl\u00e1m umiestnen\u00fdm bl\u00edzko ruky, dvom prednastavite\u013en\u00fdm tla\u010didl\u00e1m a intuit\u00edvnemu kruhov\u00e9mu enkod\u00e9ru, aby ste mohli r\u00fdchlo vykon\u00e1va\u0165 \u00fapravy a z\u00e1rove\u0148 sa s\u00fastredi\u0165 na lov.<\/p>\n<p data-start=\"249\" data-end=\"507\"><strong data-start=\"249\" data-end=\"288\">Obojstrann\u00fd zaostrovac\u00ed mechanizmus<\/strong><br data-start=\"288\" data-end=\"291\" \/>R\u00fdchle zaostrenie pravou alebo \u013eavou rukou pomocou zaostrovac\u00edch koliesok na oboch stran\u00e1ch s integrovan\u00fdmi p\u00e1\u010dkami, ktor\u00e9 zabezpe\u010duj\u00fa pevn\u00fd \u00fachop pre presn\u00e9 a jednoduch\u00e9 zaostrenie v akejko\u013evek po\u013eovn\u00edckej situ\u00e1cii.<\/p>\n<p data-start=\"509\" data-end=\"794\"><strong data-start=\"509\" data-end=\"546\">Integrovan\u00e1 balistick\u00e1 kalkula\u010dka<\/strong><br data-start=\"546\" data-end=\"549\" \/>Z\u00edskajte presn\u00e9 pokyny na mierenie pomocou integrovanej balistickej kalkula\u010dky, ktor\u00e1 zobrazuje korekcie na obrazovke na z\u00e1klade v\u00e1\u0161ho personalizovan\u00e9ho balistick\u00e9ho profilu a pom\u00e1ha tak dosiahnu\u0165 presn\u00e9 z\u00e1sahy na ak\u00fako\u013evek nameran\u00fa vzdialenos\u0165.<\/p>\n<p data-start=\"796\" data-end=\"992\"><strong data-start=\"796\" data-end=\"834\">Vysok\u00e1 odolnos\u0165 vo\u010di sp\u00e4tn\u00e9mu r\u00e1zu<\/strong><br data-start=\"834\" data-end=\"837\" \/>Zvl\u00e1da siln\u00fd sp\u00e4tn\u00fd r\u00e1z bez straty v\u00fdkonu, podporuje v\u00fdkonn\u00e9 kalibre a\u017e do .375 H&amp;H a z\u00e1rove\u0148 zost\u00e1va plne kompatibiln\u00fd s brokov\u00fdmi a vzduchov\u00fdmi zbra\u0148ami.<\/p>\n<p data-start=\"994\" data-end=\"1211\"><strong data-start=\"994\" data-end=\"1035\">Z\u00e1znam videa aktivovan\u00fd sp\u00e4tn\u00fdm r\u00e1zom<\/strong><br data-start=\"1035\" data-end=\"1038\" \/>Zachy\u0165te ka\u017ed\u00fd v\u00fdstrel automaticky v\u010faka nahr\u00e1vaniu videa aktivovan\u00e9mu sp\u00e4tn\u00fdm r\u00e1zom, ktor\u00e9 je nastavite\u013en\u00e9 v troch \u00farovniach citlivosti tak, aby vyhovovalo r\u00f4znym kalibrom.<\/p>\n<p data-start=\"1213\" data-end=\"1440\"><strong data-start=\"1213\" data-end=\"1264\">Extra ostr\u00fd AMOLED displej s Full HD rozl\u00ed\u0161en\u00edm<\/strong><br data-start=\"1264\" data-end=\"1267\" \/>Za\u017eite ostr\u00fd a detailn\u00fd termov\u00edzny obraz na jasnom Full HD 1920 \u00d7 1080 AMOLED mikrodispleji, ktor\u00fd umo\u017e\u0148uje jednoduch\u00fa detekciu a sledovanie cie\u013eov za ak\u00fdchko\u013evek podmienok.<\/p>\n<p data-start=\"1442\" data-end=\"1720\"><strong data-start=\"1442\" data-end=\"1469\">Nov\u00e9 grafick\u00e9 rozhranie<\/strong><br data-start=\"1469\" data-end=\"1472\" \/>R\u00fdchle prech\u00e1dzanie nastaveniami v\u010faka intuit\u00edvnemu rozhraniu, ktor\u00e9 zabezpe\u010duje preh\u013eadn\u00e9 zobrazenie a jednoduch\u00fd pr\u00edstup ku k\u013e\u00fa\u010dov\u00fdm funkci\u00e1m. Tr\u00e1vte menej \u010dasu nastavovan\u00edm a viac \u010dasu pozorovan\u00edm, sledovan\u00edm a sebavedom\u00fdm rozhodovan\u00edm v ter\u00e9ne.<\/p>\n<p data-start=\"1722\" data-end=\"1966\"><strong data-start=\"1722\" data-end=\"1752\">Re\u017eim PiP v kruhovom tvare<\/strong><br data-start=\"1752\" data-end=\"1755\" \/>Zamerajte sa na cie\u013e bez straty preh\u013eadu o okolitej situ\u00e1cii v\u010faka kruhov\u00e9mu re\u017eimu obraz v obraze. Pribl\u00ed\u017ete si oblas\u0165 osnovy a z\u00e1rove\u0148 zachovajte vidite\u013en\u00e9 okolit\u00e9 zorn\u00e9 pole pre jednoduch\u0161ie sledovanie cie\u013ea.<\/p>\n<p data-start=\"1968\" data-end=\"2233\" data-is-last-node=\"\" data-is-only-node=\"\"><strong data-start=\"1968\" data-end=\"1999\">Vstavan\u00fd laserov\u00fd dia\u013ekomer<\/strong><br data-start=\"1999\" data-end=\"2002\" \/>Zmerajte vzdialenosti r\u00fdchlo a presne a\u017e do 1200 m pomocou v\u00fdkonn\u00e9ho laserov\u00e9ho dia\u013ekomera. Prep\u00ednajte medzi re\u017eimom skenovania a jednotliv\u00fdm meran\u00edm, aby ste mohli okam\u017eite vyhodnoti\u0165 vzdialenos\u0165 a s istotou napl\u00e1nova\u0165 \u010fal\u0161\u00ed krok.<\/p>\n<p data-start=\"1968\" data-end=\"2233\" data-is-last-node=\"\" data-is-only-node=\"\"><strong data-start=\"0\" data-end=\"20\">\u010eal\u0161ie funkcie:<\/strong><\/p>\n<\/div>\n<\/div>\n<\/div>\n<\/div>\n<\/div>\n<\/div>\n<\/section>\n<\/div>\n<ul data-start=\"22\" data-end=\"418\" data-is-last-node=\"\" data-is-only-node=\"\">\n<li data-section-id=\"2873oe\" data-start=\"0\" data-end=\"22\">9 farebn\u00fdch paliet<\/li>\n<li data-section-id=\"1bxu9dr\" data-start=\"23\" data-end=\"43\">3 tvary displeja<\/li>\n<li data-section-id=\"19wgscf\" data-start=\"44\" data-end=\"63\">10 typov osnovy<\/li>\n<li data-section-id=\"i7pga6\" data-start=\"64\" data-end=\"91\">10 profilov nastrelenia<\/li>\n<li data-section-id=\"19to0qn\" data-start=\"92\" data-end=\"121\">Indik\u00e1cia bo\u010dn\u00e9ho n\u00e1klonu<\/li>\n<li data-section-id=\"txru7b\" data-start=\"122\" data-end=\"149\">Indik\u00e1cia uhla elev\u00e1cie<\/li>\n<li data-section-id=\"94ikt1\" data-start=\"150\" data-end=\"177\">Podpora Stream Vision 2<\/li>\n<li data-section-id=\"5a5wmr\" data-start=\"178\" data-end=\"214\">Podpora Stream Vision Ballistics<\/li>\n<li data-section-id=\"1i8tcw9\" data-start=\"215\" data-end=\"254\">Viacbodov\u00e1 li\u0161ta pre mont\u00e1\u017e Pulsaru<\/li>\n<li data-section-id=\"13c0emx\" data-start=\"255\" data-end=\"291\">Automatick\u00e1 deaktiv\u00e1cia displeja<\/li>\n<li data-section-id=\"633axv\" data-start=\"292\" data-end=\"327\">4 re\u017eimy digit\u00e1lneho zobrazenia<\/li>\n<li data-section-id=\"gde79r\" data-start=\"328\" data-end=\"368\">R\u00fdchlo vymenite\u013en\u00e1 dob\u00edjacia bat\u00e9ria<\/li>\n<li data-section-id=\"v7hgqx\" data-start=\"369\" data-end=\"387\" data-is-last-node=\"\">Z\u00e1znam na pozad\u00ed<\/li>\n<\/ul>\n<table dir=\"ltr\" style=\"width: 937px\" border=\"1\" cellspacing=\"0\" cellpadding=\"0\" data-sheets-root=\"1\" data-sheets-baot=\"1\">\n<colgroup>\n<col width=\"118\" \/>\n<col width=\"134\" \/><\/colgroup>\n<tbody>\n<tr>\n<td style=\"width: 435.55px\">Parameter<\/td>\n<td style=\"width: 496.65px\">Hodnota<\/td>\n<\/tr>\n<tr>\n<td style=\"width: 435.55px\">Zv\u00e4\u010d\u0161enie<\/td>\n<td style=\"width: 496.65px\">3\u201324\u00d7<\/td>\n<\/tr>\n<tr>\n<td style=\"width: 435.55px\">Digit\u00e1lne zv\u00e4\u010d\u0161enie<\/td>\n<td style=\"width: 496.65px\">8\u00d7<\/td>\n<\/tr>\n<tr>\n<td style=\"width: 435.55px\">Teplotn\u00e1 citlivos\u0165 zariadenia<\/td>\n<td style=\"width: 496.65px\">&lt; 18 mK<\/td>\n<\/tr>\n<tr>\n<td style=\"width: 435.55px\">Ve\u013ekos\u0165 pixelu<\/td>\n<td style=\"width: 496.65px\">12 \u00b5m<\/td>\n<\/tr>\n<tr>\n<td style=\"width: 435.55px\">Rozl\u00ed\u0161enie senzora<\/td>\n<td style=\"width: 496.65px\">640 \u00d7 480 px<\/td>\n<\/tr>\n<tr>\n<td style=\"width: 435.55px\">Teplotn\u00e1 citlivos\u0165 senzora<\/td>\n<td style=\"width: 496.65px\">&lt; 30 mK<\/td>\n<\/tr>\n<tr>\n<td style=\"width: 435.55px\">Meracie vzdialenos\u0165<\/td>\n<td style=\"width: 496.65px\">1200 m<\/td>\n<\/tr>\n<tr>\n<td style=\"width: 435.55px\">Vzdialenos\u0165<\/td>\n<td style=\"width: 496.65px\">laserov\u00fd, 905 nm<\/td>\n<\/tr>\n<tr>\n<td style=\"width: 435.55px\">Presnos\u0165 merania<\/td>\n<td style=\"width: 496.65px\">\u00b1 1 m<\/td>\n<\/tr>\n<tr>\n<td style=\"width: 435.55px\">Rozl\u00ed\u0161enie displeja<\/td>\n<td style=\"width: 496.65px\">1920 \u00d7 1080 px<\/td>\n<\/tr>\n<tr>\n<td style=\"width: 435.55px\">Frekvencia obnovovania obrazu<\/td>\n<td style=\"width: 496.65px\">50 Hz<\/td>\n<\/tr>\n<tr>\n<td style=\"width: 435.55px\">Typ displeja<\/td>\n<td style=\"width: 496.65px\">AMOLED<\/td>\n<\/tr>\n<tr>\n<td style=\"width: 435.55px\">Vzdialenos\u0165 videnia<\/td>\n<td style=\"width: 496.65px\">2300 m<\/td>\n<\/tr>\n<tr>\n<td style=\"width: 435.55px\">Parametre objekt\u00edvu<\/td>\n<td style=\"width: 496.65px\">F50\/1,0<\/td>\n<\/tr>\n<tr>\n<td style=\"width: 435.55px\">Zorn\u00e9 pole na 100 m<\/td>\n<td style=\"width: 496.65px\">8,8 \/ 15,4 m<\/td>\n<\/tr>\n<tr>\n<td style=\"width: 435.55px\">Rozstup o\u010d\u00ed<\/td>\n<td style=\"width: 496.65px\">50 mm<\/td>\n<\/tr>\n<tr>\n<td style=\"width: 435.55px\">Nap\u00e1janie<\/td>\n<td style=\"width: 496.65px\">\n<div>\n<div>3,0 \u2013 4,2 V, LPS 7i 6400 mAh<\/div>\n<\/div>\n<\/td>\n<\/tr>\n<tr>\n<td style=\"width: 435.55px\">Extern\u00e9 nap\u00e1janie<\/td>\n<td style=\"width: 496.65px\">5 V, 9 V (USB-C)<\/td>\n<\/tr>\n<tr>\n<td style=\"width: 435.55px\">Videorekord\u00e9r<\/td>\n<td style=\"width: 496.65px\">\u00c1no<\/td>\n<\/tr>\n<tr>\n<td style=\"width: 435.55px\">Ve\u013ekos\u0165 pam\u00e4te<\/td>\n<td style=\"width: 496.65px\">64 GB<\/td>\n<\/tr>\n<tr>\n<td style=\"width: 435.55px\">Form\u00e1t videa\/fotografie<\/td>\n<td style=\"width: 496.65px\">.mp4 \/ .jpg<\/td>\n<\/tr>\n<tr>\n<td style=\"width: 435.55px\">Rozl\u00ed\u0161enie videa\/fotografie<\/td>\n<td style=\"width: 496.65px\">1440 \u00d7 1080 px<\/td>\n<\/tr>\n<tr>\n<td style=\"width: 435.55px\">Rozstup z\u00e1berov<\/td>\n<td style=\"width: 496.65px\">10,7 mm \/ 100 m<\/td>\n<\/tr>\n<tr>\n<td style=\"width: 435.55px\">Rozsah horizont\u00e1lneho nastavenia<\/td>\n<td style=\"width: 496.65px\">2200 mm \/ 100 m<\/td>\n<\/tr>\n<tr>\n<td style=\"width: 435.55px\">Rozsah vertik\u00e1lneho nastavenia<\/td>\n<td style=\"width: 496.65px\">2200 mm \/ 100 m<\/td>\n<\/tr>\n<tr>\n<td style=\"width: 435.55px\">Typ kr\u00ed\u017ea vl\u00e1kien<\/td>\n<td style=\"width: 496.65px\">10 kr\u00ed\u017eov<\/td>\n<\/tr>\n<tr>\n<td style=\"width: 435.55px\">Odolnos\u0165 proti sp\u00e4tn\u00e9mu n\u00e1razu<\/td>\n<td style=\"width: 496.65px\">6000 J<\/td>\n<\/tr>\n<tr>\n<td style=\"width: 435.55px\">Materi\u00e1l<\/td>\n<td style=\"width: 496.65px\">Hlin\u00edkov\u00e1 zliatina<\/td>\n<\/tr>\n<tr>\n<td style=\"width: 435.55px\">Vodotesnos\u0165<\/td>\n<td style=\"width: 496.65px\">IP67<\/td>\n<\/tr>\n<tr>\n<td style=\"width: 435.55px\">Prev\u00e1dzkov\u00e1 teplota<\/td>\n<td style=\"width: 496.65px\">-25 \u00b0C \u2013 +50 \u00b0C<\/td>\n<\/tr>\n<tr>\n<td style=\"width: 435.55px\">Mobiln\u00e1 aplik\u00e1cia<\/td>\n<td style=\"width: 496.65px\">\n<div>\n<div>Stream Vision 2, Stream Vision Ballistics<\/div>\n<\/div>\n<\/td>\n<\/tr>\n<tr>\n<td style=\"width: 435.55px\">Wi-Fi<\/td>\n<td style=\"width: 496.65px\">\n<div>\n<div>2,4 \/ 5 GHz, IEEE 802.11 b\/g\/n\/ac (WPA)<\/div>\n<\/div>\n<\/td>\n<\/tr>\n<tr>\n<td style=\"width: 435.55px\">Typ USB<\/td>\n<td style=\"width: 496.65px\">USB-C<\/td>\n<\/tr>\n<tr>\n<td style=\"width: 435.55px\">Dia\u013ekov\u00e9 ovl\u00e1danie<\/td>\n<td style=\"width: 496.65px\">\n<div>\n<div>\u00c1no, Bluetooth, BLE 4.2, IEEE 802.15.1, 2,4 GHz<\/div>\n<\/div>\n<\/td>\n<\/tr>\n<tr>\n<td style=\"width: 435.55px\">Rozmery<\/td>\n<td style=\"width: 496.65px\">271 \u00d7 86 \u00d7 71 mm<\/td>\n<\/tr>\n<tr>\n<td style=\"width: 435.55px\">Hmotnos\u0165<\/td>\n<td style=\"width: 496.65px\">0,7 kg<\/td>\n<\/tr>\n<\/tbody>\n<\/table>\n","protected":false},"excerpt":{"rendered":"<p>Pu\u0161koh\u013ead Trail 3 je ur\u010den\u00fd na lov na stredn\u00e9 a dlh\u0161ie vzdialenosti, kde je najd\u00f4le\u017eitej\u0161ia detekcia a presn\u00e9 umiestnenie strely. Poskytuje jasn\u00fd a ostr\u00fd obraz aj na ve\u013ek\u00e9 vzdialenosti, \u010do pom\u00e1ha lovcom presne identifikova\u0165 ciele v otvorenom alebo zmie\u0161anom ter\u00e9ne.<\/p>\n<div class=\"relative w-full overflow-visible\">\n<section class=\"text-token-text-primary w-full focus:outline-none [--shadow-height:45px] has-data-writing-block:pointer-events-none has-data-writing-block:-mt-(--shadow-height) has-data-writing-block:pt-(--shadow-height) [&amp;:has([data-writing-block])&gt;*]:pointer-events-auto [content-visibility:auto] supports-[content-visibility:auto]:[contain-intrinsic-size:auto_100lvh] R6Vx5W_threadScrollVars scroll-mb-[calc(var(--scroll-root-safe-area-inset-bottom,0px)+var(--thread-response-height))] scroll-mt-[calc(var(--header-height)+min(200px,max(70px,20svh)))]\" dir=\"auto\" data-turn-id=\"request-69ebb0ef-fe00-83eb-b456-b9692bd46578-1\" data-turn-id-container=\"request-69ebb0ef-fe00-83eb-b456-b9692bd46578-1\" data-testid=\"conversation-turn-52\" data-scroll-anchor=\"false\" data-turn=\"assistant\">\n<div class=\"text-base my-auto mx-auto pb-10 [--thread-content-margin:var(--thread-content-margin-xs,calc(var(--spacing)*4))] @w-sm\/main:[--thread-content-margin:var(--thread-content-margin-sm,calc(var(--spacing)*6))] @w-lg\/main:[--thread-content-margin:var(--thread-content-margin-lg,calc(var(--spacing)*16))] px-(--thread-content-margin)\">\n<div class=\"[--thread-content-max-width:40rem] @w-lg\/main:[--thread-content-max-width:48rem] mx-auto max-w-(--thread-content-max-width) flex-1 group\/turn-messages focus-visible:outline-hidden relative flex w-full min-w-0 flex-col agent-turn\">\n<div class=\"z-0 flex min-h-[46px] justify-start\"><\/div>\n<div class=\"mt-3 w-full empty:hidden\">\n<div class=\"text-center\"><\/div>\n<\/div>\n<\/div>\n<\/div>\n<\/section>\n<div class=\"contents\"><\/div>\n<\/div>\n<div class=\"pointer-events-none -mt-px h-px translate-y-[calc(var(--scroll-root-safe-area-inset-bottom)-14*var(--spacing))]\" aria-hidden=\"true\"><\/div>\n","protected":false},"featured_media":21961,"template":"","meta":{"_gspb_post_css":""},"product_brand":[317],"product_cat":[21,144,329],"product_tag":[347,172,324,2775],"class_list":{"0":"post-21852","1":"product","2":"type-product","3":"status-publish","4":"has-post-thumbnail","6":"product_brand-pulsar","7":"product_cat-optika","8":"product_cat-termovizie","9":"product_cat-termovizne-puskohlady","10":"product_tag-laserovy-dialkomer","11":"product_tag-pulsar","12":"product_tag-puskohlad","13":"product_tag-trail","15":"first","16":"instock","17":"sale","18":"taxable","19":"shipping-taxable","20":"purchasable","21":"product-type-simple"},"ct_brands":[{"id":317,"name":"Pulsar","slug":"pulzar"}],"_links":{"self":[{"href":"https:\/\/zbranebudai.sk\/hu\/wp-json\/wp\/v2\/product\/21852","targetHints":{"allow":["GET"]}}],"collection":[{"href":"https:\/\/zbranebudai.sk\/hu\/wp-json\/wp\/v2\/product"}],"about":[{"href":"https:\/\/zbranebudai.sk\/hu\/wp-json\/wp\/v2\/types\/product"}],"wp:featuredmedia":[{"embeddable":true,"href":"https:\/\/zbranebudai.sk\/hu\/wp-json\/wp\/v2\/media\/21961"}],"wp:attachment":[{"href":"https:\/\/zbranebudai.sk\/hu\/wp-json\/wp\/v2\/media?parent=21852"}],"wp:term":[{"taxonomy":"product_brand","embeddable":true,"href":"https:\/\/zbranebudai.sk\/hu\/wp-json\/wp\/v2\/product_brand?post=21852"},{"taxonomy":"product_cat","embeddable":true,"href":"https:\/\/zbranebudai.sk\/hu\/wp-json\/wp\/v2\/product_cat?post=21852"},{"taxonomy":"product_tag","embeddable":true,"href":"https:\/\/zbranebudai.sk\/hu\/wp-json\/wp\/v2\/product_tag?post=21852"}],"curies":[{"name":"wp","href":"https:\/\/api.w.org\/{rel}","templated":true}]}}