{"id":21851,"date":"2026-05-09T09:46:45","date_gmt":"2026-05-09T07:46:45","guid":{"rendered":"https:\/\/zbranebudai.sk\/?post_type=product&#038;p=21851"},"modified":"2026-05-09T13:22:09","modified_gmt":"2026-05-09T11:22:09","slug":"hikmicro-akkumulator-thunder-2-0-es-3-0-hoz","status":"publish","type":"product","link":"https:\/\/zbranebudai.sk\/hu\/product\/hikmicro-bateria-pre-thunder-2-0-a-3-0\/","title":{"rendered":"HIKMICRO akkumul\u00e1tor THUNDER 2.0 \u00e9s 3.0 k\u00e9sz\u00fcl\u00e9kekhez"},"content":{"rendered":"<p><strong>HIKMICRO akkumul\u00e1tor THUNDER 2.0 \u00e9s 3.0 k\u00e9sz\u00fcl\u00e9kekhez<\/strong><\/p>\n<p>Nagy kapacit\u00e1s\u00fa \u00fajrat\u00f6lthet\u0151 akkumul\u00e1tor HM3644DC a THUNDER 2.0 \u00e9s 3.0 sorozat\u00fa k\u00e9sz\u00fcl\u00e9kekhez.<\/p>\n<ul>\n<li>T\u00edpus: \u00fajrat\u00f6lthet\u0151 LI-ion<\/li>\n<li>Kapacit\u00e1s: 4\u00a0400 mAh,<\/li>\n<li>Fesz\u00fclts\u00e9g: 3,6 V<\/li>\n<li>Sz\u00e9less\u00e9g: 56 mm<\/li>\n<li>Magass\u00e1g: 37 mm<\/li>\n<\/ul>","protected":false},"excerpt":{"rendered":"<p>P\u00f3t akkumul\u00e1tor a Thunder 2.0 \u00e9s 3.0 sorozat\u00fa eszk\u00f6z\u00f6kh\u00f6z.<\/p>","protected":false},"featured_media":21959,"template":"","meta":{"_gspb_post_css":""},"product_brand":[],"product_cat":[2762,21,354],"product_tag":[368,150,344],"class_list":{"0":"post-21851","1":"product","2":"type-product","3":"status-publish","4":"has-post-thumbnail","6":"product_cat-baterie","7":"product_cat-optika","8":"product_cat-prislusenstvo","9":"product_tag-bateria","10":"product_tag-hikmicro","11":"product_tag-thunder","13":"first","14":"instock","15":"taxable","16":"shipping-taxable","17":"purchasable","18":"product-type-simple"},"ct_brands":[],"_links":{"self":[{"href":"https:\/\/zbranebudai.sk\/hu\/wp-json\/wp\/v2\/product\/21851","targetHints":{"allow":["GET"]}}],"collection":[{"href":"https:\/\/zbranebudai.sk\/hu\/wp-json\/wp\/v2\/product"}],"about":[{"href":"https:\/\/zbranebudai.sk\/hu\/wp-json\/wp\/v2\/types\/product"}],"wp:featuredmedia":[{"embeddable":true,"href":"https:\/\/zbranebudai.sk\/hu\/wp-json\/wp\/v2\/media\/21959"}],"wp:attachment":[{"href":"https:\/\/zbranebudai.sk\/hu\/wp-json\/wp\/v2\/media?parent=21851"}],"wp:term":[{"taxonomy":"product_brand","embeddable":true,"href":"https:\/\/zbranebudai.sk\/hu\/wp-json\/wp\/v2\/product_brand?post=21851"},{"taxonomy":"product_cat","embeddable":true,"href":"https:\/\/zbranebudai.sk\/hu\/wp-json\/wp\/v2\/product_cat?post=21851"},{"taxonomy":"product_tag","embeddable":true,"href":"https:\/\/zbranebudai.sk\/hu\/wp-json\/wp\/v2\/product_tag?post=21851"}],"curies":[{"name":"wp","href":"https:\/\/api.w.org\/{rel}","templated":true}]}}