{"id":21850,"date":"2026-05-09T09:46:45","date_gmt":"2026-05-09T07:46:45","guid":{"rendered":"https:\/\/zbranebudai.sk\/?post_type=product&#038;p=21850"},"modified":"2026-05-09T14:53:51","modified_gmt":"2026-05-09T12:53:51","slug":"montazs-recknagel-weaver-psg-akm-45-zeiss-zm-bh-70-mm-dioptek","status":"publish","type":"product","link":"https:\/\/zbranebudai.sk\/hu\/product\/montaz-recknagel-weaver-psg-akm-45-zeiss-zm-bh-70-mm-matica\/","title":{"rendered":"RECKNAGEL \u2013 Weaver PSG-AKM f.45\u00b0\/Zeiss-ZM, BH 7,0mm, Mutter"},"content":{"rendered":"<p data-start=\"0\" data-end=\"248\">A Recknagel Weaver PSG-AKM tart\u00f3 a Zeiss ZM\/ZM rendszer\u0171 t\u00e1vcs\u00f6vek Weaver s\u00edntart\u00f3val rendelkez\u0151 fegyverekre t\u00f6rt\u00e9n\u0151 r\u00f6gz\u00edt\u00e9s\u00e9re szolg\u00e1l. A 45\u00b0-os sz\u00f6g \u00e9s a 7,0 mm-es szerel\u00e9kmagass\u00e1g (BH) optim\u00e1lis szempoz\u00edci\u00f3t \u00e9s az optika prec\u00edz, ism\u00e9telhet\u0151 felhelyez\u00e9s\u00e9t biztos\u00edtja.<\/p>\n<p data-start=\"250\" data-end=\"475\">A szerel\u00e9k N\u00e9metorsz\u00e1gban k\u00e9sz\u00fclt, a pontos t\u0171r\u00e9shat\u00e1rokra \u00e9s a maxim\u00e1lis visszar\u00fag\u00e1s-\u00e1ll\u00f3s\u00e1gra helyezett hangs\u00fallyal.<\/p>\n<p data-start=\"482\" data-end=\"507\"><strong data-start=\"482\" data-end=\"507\">A szerel\u00e9k specifik\u00e1ci\u00f3ja:<\/strong><\/p>\n<ul data-start=\"509\" data-end=\"708\" data-is-last-node=\"\" data-is-only-node=\"\">\n<li data-section-id=\"1bwuiyv\" data-start=\"509\" data-end=\"535\">Rendszer: Weaver PSG-AKM<\/li>\n<li data-section-id=\"11a4zy0\" data-start=\"536\" data-end=\"579\">Kompatibilis optika: Zeiss ZM \/ ZM Rail<\/li>\n<li data-section-id=\"pb4mql\" data-start=\"580\" data-end=\"593\">Sz\u00f6g: 45\u00b0<\/li>\n<li data-section-id=\"1mu2m4e\" data-start=\"594\" data-end=\"622\">Szerel\u00e9si magass\u00e1g (BH): 7,0 mm<\/li>\n<li data-section-id=\"1r5p22k\" data-start=\"623\" data-end=\"662\">R\u00f6gz\u00edt\u00e9s: any\u00e1s kivitel (Mutter)<\/li>\n<li data-section-id=\"1cr9hkc\" data-start=\"663\" data-end=\"690\">Anyag: min\u0151s\u00e9gi ac\u00e9l<\/li>\n<li data-section-id=\"1ucgl6r\" data-start=\"691\" data-end=\"708\" data-is-last-node=\"\">Gy\u00e1rt\u00e1s: N\u00e9metorsz\u00e1g<\/li>\n<\/ul>","protected":false},"excerpt":{"rendered":"<p>A Recknagel szerel\u00e9kei n\u00e9met gy\u00e1rt\u00f3k \u00e9vtizedes tapasztalat\u00e1n alapulnak a vad\u00e1szati \u200b\u200b\u00e9s sportl\u00f6v\u00e9szeti ter\u00fcleten. Min\u0151s\u00e9gi ac\u00e9lb\u00f3l k\u00e9sz\u00fclnek, \u00e9s precizit\u00e1sra, tart\u00f3ss\u00e1gra \u00e9s hossz\u00fa t\u00e1v\u00fa megb\u00edzhat\u00f3s\u00e1gra val\u00f3 tekintettel tervezt\u00e9k \u0151ket.<\/p>","protected":false},"featured_media":21956,"template":"","meta":{"_gspb_post_css":""},"product_brand":[],"product_cat":[2763,21,354],"product_tag":[381,2774],"class_list":{"0":"post-21850","1":"product","2":"type-product","3":"status-publish","4":"has-post-thumbnail","6":"product_cat-montaze","7":"product_cat-optika","8":"product_cat-prislusenstvo","9":"product_tag-montaz","10":"product_tag-recknagel","12":"first","13":"instock","14":"taxable","15":"shipping-taxable","16":"purchasable","17":"product-type-simple"},"ct_brands":[],"_links":{"self":[{"href":"https:\/\/zbranebudai.sk\/hu\/wp-json\/wp\/v2\/product\/21850","targetHints":{"allow":["GET"]}}],"collection":[{"href":"https:\/\/zbranebudai.sk\/hu\/wp-json\/wp\/v2\/product"}],"about":[{"href":"https:\/\/zbranebudai.sk\/hu\/wp-json\/wp\/v2\/types\/product"}],"wp:featuredmedia":[{"embeddable":true,"href":"https:\/\/zbranebudai.sk\/hu\/wp-json\/wp\/v2\/media\/21956"}],"wp:attachment":[{"href":"https:\/\/zbranebudai.sk\/hu\/wp-json\/wp\/v2\/media?parent=21850"}],"wp:term":[{"taxonomy":"product_brand","embeddable":true,"href":"https:\/\/zbranebudai.sk\/hu\/wp-json\/wp\/v2\/product_brand?post=21850"},{"taxonomy":"product_cat","embeddable":true,"href":"https:\/\/zbranebudai.sk\/hu\/wp-json\/wp\/v2\/product_cat?post=21850"},{"taxonomy":"product_tag","embeddable":true,"href":"https:\/\/zbranebudai.sk\/hu\/wp-json\/wp\/v2\/product_tag?post=21850"}],"curies":[{"name":"wp","href":"https:\/\/api.w.org\/{rel}","templated":true}]}}