{"id":21849,"date":"2026-05-09T09:46:45","date_gmt":"2026-05-09T07:46:45","guid":{"rendered":"https:\/\/zbranebudai.sk\/?post_type=product&#038;p=21849"},"modified":"2026-05-09T14:44:31","modified_gmt":"2026-05-09T12:44:31","slug":"pard-nv008sp3-lrf-940-nm","status":"publish","type":"product","link":"https:\/\/zbranebudai.sk\/hu\/product\/pard-nv008sp3-lrf-940-nm\/","title":{"rendered":"Pard NV008SP3 LRF 940nm digit\u00e1lis \u00e9jjell\u00e1t\u00f3 c\u00e9lt\u00e1vcs\u0151"},"content":{"rendered":"<p class=\"product_title entry-title\"><strong>Pard NV008SP3 LRF 940nm digit\u00e1lis \u00e9jjell\u00e1t\u00f3 c\u00e9lt\u00e1vcs\u0151<\/strong><\/p>\n<p data-start=\"0\" data-end=\"316\">A PARD NV008SP3 digit\u00e1lis \u00e9jjell\u00e1t\u00f3 er\u0151s \u00e9s kompakt megold\u00e1st k\u00edn\u00e1l \u00e9jszakai \u00e9s rossz f\u00e9nyviszonyok melletti megfigyel\u00e9shez. A k\u00e9sz\u00fcl\u00e9k egy modern, 4K CMOS \u00e9rz\u00e9kel\u0151vel van felszerelve, 3840 \u00d7 2160 px felbont\u00e1ssal, amely m\u00e9g nagyon alacsony megvil\u00e1g\u00edt\u00e1s mellett is magas szint\u0171 r\u00e9szletgazdags\u00e1got \u00e9s k\u00e9ptisztas\u00e1got biztos\u00edt.<\/p>\n<p data-start=\"318\" data-end=\"576\">A k\u00e9p folyamatoss\u00e1g\u00e1r\u00f3l a 60 Hz-es friss\u00edt\u00e9si frekvencia gondoskodik, amely k\u00e9nyelmesen lehet\u0151v\u00e9 teszi a mozg\u00f3 objektumok k\u00f6vet\u00e9s\u00e9t. A be\u00e9p\u00edtett, 1280 \u00d7 1280 px felbont\u00e1s\u00fa LCD kijelz\u0151 vil\u00e1gos \u00e9s kontrasztos k\u00e9pet ny\u00fajt, v\u00e1laszthat\u00f3 sz\u00ednes vagy fekete-feh\u00e9r m\u00f3ddal.<\/p>\n<p data-start=\"578\" data-end=\"760\">Az optikai rendszer 5,6\u00d7-os nagy\u00edt\u00e1st k\u00edn\u00e1l, digit\u00e1lis zoommal kombin\u00e1lva ak\u00e1r 4\u00d7-os nagy\u00edt\u00e1sig. Az 5 m\u00e9tert\u0151l a v\u00e9gtelenig terjed\u0151 f\u00f3kuszt\u00e1vols\u00e1g sz\u00e9lesk\u00f6r\u0171 felhaszn\u00e1lhat\u00f3s\u00e1got biztos\u00edt k\u00fcl\u00f6nb\u00f6z\u0151 helyzetekben.<\/p>\n<p data-start=\"762\" data-end=\"1044\">Az NV008SP3 modell olyan fejlett funkci\u00f3kkal rendelkezik, mint a ballisztikai sz\u00e1mol\u00f3g\u00e9p, giroszk\u00f3p, \u00fct\u00e9s \u00e1ltal aktiv\u00e1lt automatikus felv\u00e9tel \u00e9s a PIP (k\u00e9p a k\u00e9pben) funkci\u00f3. Term\u00e9szetesen van WiFi kapcsolat \u00e9s t\u00e1mogatja a PardVision2 mobilalkalmaz\u00e1st a t\u00e1voli vez\u00e9rl\u00e9shez \u00e9s a k\u00e9p\u00e1tvitelhez.<\/p>\n<p data-start=\"1046\" data-end=\"1255\">Az ellen\u00e1ll\u00f3 alum\u00ednium\u00f6tv\u00f6zet konstrukci\u00f3 IP67 v\u00e9detts\u00e9ggel kombin\u00e1lva megb\u00edzhat\u00f3 m\u0171k\u00f6d\u00e9st garant\u00e1l m\u00e9g neh\u00e9z k\u00f6r\u00fclm\u00e9nyek k\u00f6z\u00f6tt is. A t\u00e1pell\u00e1t\u00e1st egy 21700 t\u00edpus\u00fa Li-Ion akkumul\u00e1tor biztos\u00edtja, melynek maxim\u00e1lis \u00fczemideje ak\u00e1r 3,5 \u00f3ra.<\/p>\n<p data-start=\"1257\" data-end=\"1392\" data-is-last-node=\"\" data-is-only-node=\"\">A PARD NV008SP3 ide\u00e1lis v\u00e1laszt\u00e1s azoknak a felhaszn\u00e1l\u00f3knak, akik kiv\u00e1l\u00f3 k\u00e9pmin\u0151s\u00e9get, megb\u00edzhat\u00f3s\u00e1got \u00e9s modern funkci\u00f3kat keresnek kompakt kivitelben.<\/p>\n<table dir=\"ltr\" style=\"width: 952px\" border=\"1\" cellspacing=\"0\" cellpadding=\"0\" data-sheets-root=\"1\" data-sheets-baot=\"1\">\n<colgroup>\n<col width=\"172\" \/>\n<col width=\"37\" \/>\n<col width=\"101\" \/><\/colgroup>\n<tbody>\n<tr>\n<td style=\"width: 246.413px\">Kateg\u00f3ria<\/td>\n<td style=\"width: 350.587px\">Param\u00e9ter<\/td>\n<td style=\"width: 348.6px\">\u00c9rt\u00e9k<\/td>\n<\/tr>\n<tr>\n<td style=\"width: 246.413px\">Modell<\/td>\n<td style=\"width: 350.587px\">Modell<\/td>\n<td style=\"width: 348.6px\">\n<div>\n<div>PARD NV008SP3<\/div>\n<\/div>\n<\/td>\n<\/tr>\n<tr>\n<td style=\"width: 246.413px\">\u00c1ltal\u00e1nos<\/td>\n<td style=\"width: 350.587px\">K\u00e9sz\u00fcl\u00e9k t\u00edpusa<\/td>\n<td style=\"width: 348.6px\">Digit\u00e1lis \u00e9jjell\u00e1t\u00f3<\/td>\n<\/tr>\n<tr>\n<td style=\"width: 246.413px\">\u00c9rz\u00e9kel\u0151<\/td>\n<td style=\"width: 350.587px\">\u00c9rz\u00e9kel\u0151 felbont\u00e1sa<\/td>\n<td style=\"width: 348.6px\">3840 \u00d7 2160 px<\/td>\n<\/tr>\n<tr>\n<td style=\"width: 246.413px\"><\/td>\n<td style=\"width: 350.587px\">Pixel m\u00e9ret<\/td>\n<td style=\"width: 348.6px\">2 \u00b5m<\/td>\n<\/tr>\n<tr>\n<td style=\"width: 246.413px\"><\/td>\n<td style=\"width: 350.587px\">\u00c9rz\u00e9kenys\u00e9g<\/td>\n<td style=\"width: 348.6px\">0,001 lux<\/td>\n<\/tr>\n<tr>\n<td style=\"width: 246.413px\"><\/td>\n<td style=\"width: 350.587px\">Friss\u00edt\u00e9si sebess\u00e9g<\/td>\n<td style=\"width: 348.6px\">60 Hz<\/td>\n<\/tr>\n<tr>\n<td style=\"width: 246.413px\">Optika<\/td>\n<td style=\"width: 350.587px\">Lencse<\/td>\n<td style=\"width: 348.6px\">50 mm \/ 70 mm<\/td>\n<\/tr>\n<tr>\n<td style=\"width: 246.413px\"><\/td>\n<td style=\"width: 350.587px\">Optikai nagy\u00edt\u00e1s<\/td>\n<td style=\"width: 348.6px\">5\u00d7 \/ 6,5\u00d7<\/td>\n<\/tr>\n<tr>\n<td style=\"width: 246.413px\"><\/td>\n<td style=\"width: 350.587px\">Digit\u00e1lis zoom<\/td>\n<td style=\"width: 348.6px\">1,5\u00d7 \u2013 4\u00d7<\/td>\n<\/tr>\n<tr>\n<td style=\"width: 246.413px\"><\/td>\n<td style=\"width: 350.587px\">L\u00e1t\u00f3mez\u0151 (v\u00edzszintes)<\/td>\n<td style=\"width: 348.6px\">4,4\u00b0 \/ 3,1\u00b0<\/td>\n<\/tr>\n<tr>\n<td style=\"width: 246.413px\"><\/td>\n<td style=\"width: 350.587px\">L\u00e1t\u00f3mez\u0151 (f\u00fcgg\u0151leges)<\/td>\n<td style=\"width: 348.6px\">4,4\u00b0 \/ 3,1\u00b0<\/td>\n<\/tr>\n<tr>\n<td style=\"width: 246.413px\"><\/td>\n<td style=\"width: 350.587px\">L\u00e1t\u00f3mez\u0151 (\u00e1tl\u00f3s)<\/td>\n<td style=\"width: 348.6px\">6,2\u00b0 \/ 4,4\u00b0<\/td>\n<\/tr>\n<tr>\n<td style=\"width: 246.413px\"><\/td>\n<td style=\"width: 350.587px\">F\u00f3kusz<\/td>\n<td style=\"width: 348.6px\">5 m\u00e9ter \u2013 v\u00e9gtelen<\/td>\n<\/tr>\n<tr>\n<td style=\"width: 246.413px\"><\/td>\n<td style=\"width: 350.587px\">T\u00e1vols\u00e1g a szemt\u0151l<\/td>\n<td style=\"width: 348.6px\">70 mm<\/td>\n<\/tr>\n<tr>\n<td style=\"width: 246.413px\"><\/td>\n<td style=\"width: 350.587px\">A dioptri\u00e1k korrekci\u00f3ja<\/td>\n<td style=\"width: 348.6px\">\u22125 \u2013 +5 D<\/td>\n<\/tr>\n<tr>\n<td style=\"width: 246.413px\">Kijelz\u0151<\/td>\n<td style=\"width: 350.587px\">Megjelen\u00edt\u00e9s t\u00edpusa<\/td>\n<td style=\"width: 348.6px\">LCD<\/td>\n<\/tr>\n<tr>\n<td style=\"width: 246.413px\"><\/td>\n<td style=\"width: 350.587px\">Kijelz\u0151 felbont\u00e1sa<\/td>\n<td style=\"width: 348.6px\">1280 \u00d7 1280 px<\/td>\n<\/tr>\n<tr>\n<td style=\"width: 246.413px\"><\/td>\n<td style=\"width: 350.587px\">Sz\u00ednm\u00f3dok<\/td>\n<td style=\"width: 348.6px\">\n<div>\n<div>Sz\u00ednes \/ Fekete-feh\u00e9r<\/div>\n<\/div>\n<\/td>\n<\/tr>\n<tr>\n<td style=\"width: 246.413px\"><\/td>\n<td style=\"width: 350.587px\">Kereszt<\/td>\n<td style=\"width: 348.6px\">6 t\u00edpus<\/td>\n<\/tr>\n<tr>\n<td style=\"width: 246.413px\"><\/td>\n<td style=\"width: 350.587px\">A kereszt sz\u00edne<\/td>\n<td style=\"width: 348.6px\">\n<div>\n<div>Piros \/ feh\u00e9r \/ s\u00e1rga \/ z\u00f6ld<\/div>\n<\/div>\n<\/td>\n<\/tr>\n<tr>\n<td style=\"width: 246.413px\">Fot\u00f3 \/ vide\u00f3<\/td>\n<td style=\"width: 350.587px\">F\u00e9nyk\u00e9p form\u00e1tum<\/td>\n<td style=\"width: 348.6px\">JPG<\/td>\n<\/tr>\n<tr>\n<td style=\"width: 246.413px\"><\/td>\n<td style=\"width: 350.587px\">Vide\u00f3 form\u00e1tum<\/td>\n<td style=\"width: 348.6px\">MP4<\/td>\n<\/tr>\n<tr>\n<td style=\"width: 246.413px\">T\u00e1rhely<\/td>\n<td style=\"width: 350.587px\">Mem\u00f3ria<\/td>\n<td style=\"width: 348.6px\">\n<div>\n<div>MicroSD k\u00e1rtya (max. 128 GB)<\/div>\n<\/div>\n<\/td>\n<\/tr>\n<tr>\n<td style=\"width: 246.413px\">Jellemz\u0151k<\/td>\n<td style=\"width: 350.587px\">PIP (K\u00e9p a k\u00e9pben)<\/td>\n<td style=\"width: 348.6px\">Igen<\/td>\n<\/tr>\n<tr>\n<td style=\"width: 246.413px\"><\/td>\n<td style=\"width: 350.587px\">Ballisztikus kalkul\u00e1tor<\/td>\n<td style=\"width: 348.6px\">Igen<\/td>\n<\/tr>\n<tr>\n<td style=\"width: 246.413px\"><\/td>\n<td style=\"width: 350.587px\">Gyroszk\u00f3p<\/td>\n<td style=\"width: 348.6px\">Igen<\/td>\n<\/tr>\n<tr>\n<td style=\"width: 246.413px\"><\/td>\n<td style=\"width: 350.587px\">Automatikus felv\u00e9tel<\/td>\n<td style=\"width: 348.6px\">Igen<\/td>\n<\/tr>\n<tr>\n<td style=\"width: 246.413px\"><\/td>\n<td style=\"width: 350.587px\">Felv\u00e9tel l\u00f6v\u00e9skor<\/td>\n<td style=\"width: 348.6px\">Igen<\/td>\n<\/tr>\n<tr>\n<td style=\"width: 246.413px\"><\/td>\n<td style=\"width: 350.587px\">WiFi<\/td>\n<td style=\"width: 348.6px\">Igen<\/td>\n<\/tr>\n<tr>\n<td style=\"width: 246.413px\"><\/td>\n<td style=\"width: 350.587px\">HDMI kimenet<\/td>\n<td style=\"width: 348.6px\">Igen<\/td>\n<\/tr>\n<tr>\n<td style=\"width: 246.413px\"><\/td>\n<td style=\"width: 350.587px\">Alkalmaz\u00e1s<\/td>\n<td style=\"width: 348.6px\">PardVision2<\/td>\n<\/tr>\n<tr>\n<td style=\"width: 246.413px\">Teljes\u00edtm\u00e9ny<\/td>\n<td style=\"width: 350.587px\">Akkumul\u00e1tor t\u00edpusa<\/td>\n<td style=\"width: 348.6px\">Li-Ion 21700<\/td>\n<\/tr>\n<tr>\n<td style=\"width: 246.413px\"><\/td>\n<td style=\"width: 350.587px\">Az akkumul\u00e1tor \u00e9lettartama<\/td>\n<td style=\"width: 348.6px\">ak a\u017e 3,5 hodiny<\/td>\n<\/tr>\n<tr>\n<td style=\"width: 246.413px\"><\/td>\n<td style=\"width: 350.587px\">Fesz\u00fclts\u00e9g<\/td>\n<td style=\"width: 348.6px\">3,7 V<\/td>\n<\/tr>\n<tr>\n<td style=\"width: 246.413px\"><\/td>\n<td style=\"width: 350.587px\">T\u00f6lt\u00e9s<\/td>\n<td style=\"width: 348.6px\">USB-C<\/td>\n<\/tr>\n<tr>\n<td style=\"width: 246.413px\">Konstrukci\u00f3<\/td>\n<td style=\"width: 350.587px\">Anyag<\/td>\n<td style=\"width: 348.6px\">\n<div>\n<div>Alum\u00ednium \u00f6tv\u00f6zet<\/div>\n<\/div>\n<\/td>\n<\/tr>\n<tr>\n<td style=\"width: 246.413px\"><\/td>\n<td style=\"width: 350.587px\">V\u00e9delem<\/td>\n<td style=\"width: 348.6px\">IP67<\/td>\n<\/tr>\n<tr>\n<td style=\"width: 246.413px\"><\/td>\n<td style=\"width: 350.587px\">Visszar\u00fag\u00e1s elleni v\u00e9delem<\/td>\n<td style=\"width: 348.6px\">6000 J<\/td>\n<\/tr>\n<tr>\n<td style=\"width: 246.413px\">M\u0171k\u00f6d\u00e9si felt\u00e9telek<\/td>\n<td style=\"width: 350.587px\">\u00dczemi h\u0151m\u00e9rs\u00e9klet<\/td>\n<td style=\"width: 348.6px\">\u221230 \u00b0C \u2013 +55 \u00b0C<\/td>\n<\/tr>\n<tr>\n<td style=\"width: 246.413px\">M\u00e9retek \u00e9s t\u00f6meg<\/td>\n<td style=\"width: 350.587px\">M\u00e9retek<\/td>\n<td style=\"width: 348.6px\">\n<div>\n<div>245 \u00d7 90 \u00d7 62 mm<\/div>\n<\/div>\n<\/td>\n<\/tr>\n<tr>\n<td style=\"width: 246.413px\"><\/td>\n<td style=\"width: 350.587px\">S\u00faly<\/td>\n<td style=\"width: 348.6px\">k\u00f6r\u00fclbel\u00fcl 702 g<\/td>\n<\/tr>\n<\/tbody>\n<\/table>\n<p>Hivatalos m\u00e1rkaoldal: <a href=\"https:\/\/pard.com\/eu\">https:\/\/pard.com\/eu<\/a><\/p>","protected":false},"excerpt":{"rendered":"<p>A PARD NV008SP3 digit\u00e1lis \u00e9jjell\u00e1t\u00f3 cs\u00facsmin\u0151s\u00e9g\u0171 4K-s szenzorral, akadoz\u00e1smentes, 60 Hz-es k\u00e9pfriss\u00edt\u00e9ssel \u00e9s kiv\u00e1l\u00f3 \u00e9rz\u00e9kenys\u00e9ggel rendelkezik, m\u00e9g minim\u00e1lis megvil\u00e1g\u00edt\u00e1s mellett is. Kompakt \u00e9s robusztus alum\u00ednium h\u00e1za, ak\u00e1r 3,5 \u00f3r\u00e1s \u00fczemideje, valamint olyan funkci\u00f3i, mint a WiFi, a ballisztikai kalkul\u00e1tor vagy az automatikus felv\u00e9tel, ide\u00e1lis v\u00e1laszt\u00e1ss\u00e1 teszik ezt a modellt a komoly felhaszn\u00e1l\u00f3k sz\u00e1m\u00e1ra.<\/p>","protected":false},"featured_media":21950,"template":"","meta":{"_gspb_post_css":""},"product_brand":[308],"product_cat":[145,21,331],"product_tag":[2756,347,325,290,229],"class_list":{"0":"post-21849","1":"product","2":"type-product","3":"status-publish","4":"has-post-thumbnail","6":"product_brand-pard","7":"product_cat-nocne-videnie","8":"product_cat-optika","9":"product_cat-puskohlady-s-nocnym-videnim","10":"product_tag-digitalne-nocne-videnie","11":"product_tag-laserovy-dialkomer","12":"product_tag-nocne-videnie","13":"product_tag-nv","14":"product_tag-pard","16":"first","17":"instock","18":"taxable","19":"shipping-taxable","20":"purchasable","21":"product-type-simple"},"ct_brands":[{"id":308,"name":"Pard","slug":"pard"}],"_links":{"self":[{"href":"https:\/\/zbranebudai.sk\/hu\/wp-json\/wp\/v2\/product\/21849","targetHints":{"allow":["GET"]}}],"collection":[{"href":"https:\/\/zbranebudai.sk\/hu\/wp-json\/wp\/v2\/product"}],"about":[{"href":"https:\/\/zbranebudai.sk\/hu\/wp-json\/wp\/v2\/types\/product"}],"wp:featuredmedia":[{"embeddable":true,"href":"https:\/\/zbranebudai.sk\/hu\/wp-json\/wp\/v2\/media\/21950"}],"wp:attachment":[{"href":"https:\/\/zbranebudai.sk\/hu\/wp-json\/wp\/v2\/media?parent=21849"}],"wp:term":[{"taxonomy":"product_brand","embeddable":true,"href":"https:\/\/zbranebudai.sk\/hu\/wp-json\/wp\/v2\/product_brand?post=21849"},{"taxonomy":"product_cat","embeddable":true,"href":"https:\/\/zbranebudai.sk\/hu\/wp-json\/wp\/v2\/product_cat?post=21849"},{"taxonomy":"product_tag","embeddable":true,"href":"https:\/\/zbranebudai.sk\/hu\/wp-json\/wp\/v2\/product_tag?post=21849"}],"curies":[{"name":"wp","href":"https:\/\/api.w.org\/{rel}","templated":true}]}}