{"id":21847,"date":"2026-05-09T09:46:45","date_gmt":"2026-05-09T07:46:45","guid":{"rendered":"https:\/\/zbranebudai.sk\/?post_type=product&#038;p=21847"},"modified":"2026-05-09T14:29:09","modified_gmt":"2026-05-09T12:29:09","slug":"ejjeli-ragadozo-4k-mini-lezeres-tavolsagmerovel-pard-infrax-940-nm","status":"publish","type":"product","link":"https:\/\/zbranebudai.sk\/hu\/product\/pard-night-stalker-4k-mini-lrf-pard-infrax-940-nm\/","title":{"rendered":"Pard NIGHT STALKER 4K MINI LRF + PARD InfraX 940 nm"},"content":{"rendered":"<p data-start=\"0\" data-end=\"333\"><strong>Pard NIGHT STALKER 4K MINI LRF + PARD InfraX 940 nm<\/strong><\/p>\n<p data-start=\"0\" data-end=\"276\">A PARD Night Stalker 4K Mini digit\u00e1lis \u00e9jjell\u00e1t\u00f3 egy kompakt \u00e9s technol\u00f3giailag fejlett megold\u00e1s nappali \u00e9s \u00e9jszakai haszn\u00e1latra egyar\u00e1nt. A modern, 3840 \u00d7 2160 px felbont\u00e1s\u00fa \u00e9s 0,001 lux \u00e9rz\u00e9kenys\u00e9g\u0171 CMOS \u00e9rz\u00e9kel\u0151nek k\u00f6sz\u00f6nhet\u0151en m\u00e9g minim\u00e1lis f\u00e9nyviszonyok mellett is r\u00e9szletes \u00e9s tiszta k\u00e9pet biztos\u00edt.<\/p>\n<p data-start=\"278\" data-end=\"594\">A k\u00e9sz\u00fcl\u00e9k 25 mm-es f\u00f3kuszt\u00e1vols\u00e1g\u00fa optik\u00e1t \u00e9s 2,8-szeres alap nagy\u00edt\u00e1st haszn\u00e1l, amelyet 4-szeres digit\u00e1lis zoommal lehet tov\u00e1bb b\u0151v\u00edteni. A sz\u00e9les, ak\u00e1r 8,2\u00b0-os l\u00e1t\u00f3mez\u0151 k\u00e9nyelmes c\u00e9lk\u00f6vet\u00e9st \u00e9s jobb t\u00e1j\u00e9koz\u00f3d\u00e1st tesz lehet\u0151v\u00e9 a t\u00e9rben. Az 5 m\u00e9tert\u0151l eg\u00e9szen a v\u00e9gtelenig tart\u00f3 f\u00f3kusz\u00e1l\u00e1s univerz\u00e1lis haszn\u00e1latot biztos\u00edt.<\/p>\n<p data-start=\"596\" data-end=\"802\">Az IPS kijelz\u0151 800 \u00d7 800 px felbont\u00e1ssal min\u0151s\u00e9gi k\u00e9pet k\u00edn\u00e1l, sz\u00ednes \u00e9s fekete-feh\u00e9r m\u00f3d k\u00f6z\u00f6tt kapcsolhat\u00f3. T\u00f6bbf\u00e9le c\u00e9lkereszt \u00e9s sz\u00ednv\u00e1ltozat \u00e1ll rendelkez\u00e9sre az egyedi be\u00e1ll\u00edt\u00e1shoz.<\/p>\n<p data-start=\"804\" data-end=\"1076\">A modell olyan fejlett funkci\u00f3kkal van felszerelve, mint a l\u00e9zeres t\u00e1vols\u00e1gm\u00e9r\u0151 (LRF), a ballisztikai kalkul\u00e1tor, a giroszk\u00f3p \u00e9s a visszar\u00fag\u00e1s \u00e1ltal aktiv\u00e1lt automatikus felv\u00e9tel. Term\u00e9szetesen van WiFi kapcsolat, HDMI kimenet \u00e9s a PardVision2 alkalmaz\u00e1s t\u00e1mogat\u00e1sa a t\u00e1vir\u00e1ny\u00edt\u00e1shoz \u00e9s a k\u00e9p\u00e1tvitelhez.<\/p>\n<p data-start=\"1078\" data-end=\"1324\">Az alum\u00ednium\u00f6tv\u00f6zetb\u0151l k\u00e9sz\u00fclt IP67 v\u00e9detts\u00e9g\u0171 kialak\u00edt\u00e1s nagyfok\u00fa ellen\u00e1ll\u00e1st biztos\u00edt a por \u00e9s a v\u00edz ellen. A k\u00f6r\u00fclbel\u00fcl 517 g-os alacsony s\u00faly \u00e9s az ak\u00e1r 5 \u00f3r\u00e1s \u00fczemid\u0151vel rendelkez\u0151 18650 t\u00edpus\u00fa akkumul\u00e1torral t\u00f6rt\u00e9n\u0151 meghajt\u00e1s k\u00e9nyelmes haszn\u00e1latot biztos\u00edt m\u00e9g hosszabb bevet\u00e9s sor\u00e1n is.<\/p>\n<p data-start=\"1326\" data-end=\"1489\">A Night Stalker 4K Mini ide\u00e1lis v\u00e1laszt\u00e1s azoknak a felhaszn\u00e1l\u00f3knak, akik a klasszikus tubusos diz\u00e1jnt, az alacsony s\u00falyt \u00e9s a modern funkcion\u00e1lis felszerelts\u00e9get r\u00e9szes\u00edtik el\u0151nyben kompakt kivitelben.<\/p>\n<p data-start=\"1491\" data-end=\"1685\" data-is-last-node=\"\" data-is-only-node=\"\">A PARD Night Stalker 4K Mini ebben a szettben egy k\u00fcls\u0151, a csomag r\u00e9sz\u00e9t k\u00e9pez\u0151 PARD InfraX 940 nm-es IR megvil\u00e1g\u00edt\u00f3val \u00e9rkezik, amely s\u00f6t\u00e9tben val\u00f3 l\u00e1that\u00f3s\u00e1got biztos\u00edt, \u00e9s meghosszabb\u00edtja a megfigyel\u00e9si tartom\u00e1nyt.<\/p>\n<table dir=\"ltr\" style=\"width: 934px\" border=\"1\" cellspacing=\"0\" cellpadding=\"0\" data-sheets-root=\"1\" data-sheets-baot=\"1\">\n<colgroup>\n<col width=\"100\" \/>\n<col width=\"172\" \/>\n<col width=\"37\" \/><\/colgroup>\n<tbody>\n<tr>\n<td style=\"width: 272.913px\">Kateg\u00f3ria<\/td>\n<td style=\"width: 318.788px\">Param\u00e9ter<\/td>\n<td style=\"width: 335.9px\">\u00c9rt\u00e9k<\/td>\n<\/tr>\n<tr>\n<td style=\"width: 272.913px\">Modell<\/td>\n<td style=\"width: 318.788px\">Modell<\/td>\n<td style=\"width: 335.9px\">\n<div>\n<div>\u00c9jszakai \u0151rszem 4K Mini<\/div>\n<\/div>\n<\/td>\n<\/tr>\n<tr>\n<td style=\"width: 272.913px\">\u00c1ltal\u00e1nos<\/td>\n<td style=\"width: 318.788px\">K\u00e9sz\u00fcl\u00e9k t\u00edpusa<\/td>\n<td style=\"width: 335.9px\">\n<div>\n<div>Digit\u00e1lis \u00e9jjell\u00e1t\u00f3<\/div>\n<\/div>\n<\/td>\n<\/tr>\n<tr>\n<td style=\"width: 272.913px\">\u00c9rz\u00e9kel\u0151<\/td>\n<td style=\"width: 318.788px\">\u00c9rz\u00e9kel\u0151 felbont\u00e1sa<\/td>\n<td style=\"width: 335.9px\">\n<div>\n<div>3840 \u00d7 2160 px<\/div>\n<\/div>\n<\/td>\n<\/tr>\n<tr>\n<td style=\"width: 272.913px\"><\/td>\n<td style=\"width: 318.788px\">Pixel m\u00e9ret<\/td>\n<td style=\"width: 335.9px\">2 \u00b5m<\/td>\n<\/tr>\n<tr>\n<td style=\"width: 272.913px\"><\/td>\n<td style=\"width: 318.788px\">\u00c9rz\u00e9kenys\u00e9g<\/td>\n<td style=\"width: 335.9px\">\n<div>\n<div>0,001 lux<\/div>\n<\/div>\n<\/td>\n<\/tr>\n<tr>\n<td style=\"width: 272.913px\"><\/td>\n<td style=\"width: 318.788px\">Friss\u00edt\u00e9si gyakoris\u00e1g<\/td>\n<td style=\"width: 335.9px\">60 Hz<\/td>\n<\/tr>\n<tr>\n<td style=\"width: 272.913px\">Optika<\/td>\n<td style=\"width: 318.788px\">Lencse<\/td>\n<td style=\"width: 335.9px\">\n<div>\n<div>25 mm<\/div>\n<\/div>\n<\/td>\n<\/tr>\n<tr>\n<td style=\"width: 272.913px\"><\/td>\n<td style=\"width: 318.788px\">Optikai nagy\u00edt\u00e1s<\/td>\n<td style=\"width: 335.9px\">2,8\u00d7<\/td>\n<\/tr>\n<tr>\n<td style=\"width: 272.913px\"><\/td>\n<td style=\"width: 318.788px\">Digit\u00e1lis zoom<\/td>\n<td style=\"width: 335.9px\">\n<div>\n<div>2\u00d7 \/ 3\u00d7 \/ 4\u00d7<\/div>\n<\/div>\n<\/td>\n<\/tr>\n<tr>\n<td style=\"width: 272.913px\"><\/td>\n<td style=\"width: 318.788px\">L\u00e1t\u00f3mez\u0151 (v\u00edzszintes)<\/td>\n<td style=\"width: 335.9px\">8,2\u00b0<\/td>\n<\/tr>\n<tr>\n<td style=\"width: 272.913px\"><\/td>\n<td style=\"width: 318.788px\">L\u00e1t\u00f3mez\u0151 (f\u00fcgg\u0151leges)<\/td>\n<td style=\"width: 335.9px\">8,2\u00b0<\/td>\n<\/tr>\n<tr>\n<td style=\"width: 272.913px\"><\/td>\n<td style=\"width: 318.788px\">L\u00e1t\u00f3mez\u0151 (\u00e1tl\u00f3s)<\/td>\n<td style=\"width: 335.9px\">11,6\u00b0<\/td>\n<\/tr>\n<tr>\n<td style=\"width: 272.913px\"><\/td>\n<td style=\"width: 318.788px\">Zorn\u00e9 pole (100 m-en)<\/td>\n<td style=\"width: 335.9px\">\n<div>\n<div>14,4 m<\/div>\n<\/div>\n<\/td>\n<\/tr>\n<tr>\n<td style=\"width: 272.913px\"><\/td>\n<td style=\"width: 318.788px\">F\u00f3kusz<\/td>\n<td style=\"width: 335.9px\">\n<div>\n<div>5 m\u00e9ter \u2013 v\u00e9gtelen<\/div>\n<\/div>\n<\/td>\n<\/tr>\n<tr>\n<td style=\"width: 272.913px\"><\/td>\n<td style=\"width: 318.788px\">T\u00e1vols\u00e1g a szemt\u0151l<\/td>\n<td style=\"width: 335.9px\">\n<div>\n<div>100 mm<\/div>\n<\/div>\n<\/td>\n<\/tr>\n<tr>\n<td style=\"width: 272.913px\"><\/td>\n<td style=\"width: 318.788px\">A dioptri\u00e1k korrekci\u00f3ja<\/td>\n<td style=\"width: 335.9px\">\n<div>\n<div>\u22125 \u2013 +3 D<\/div>\n<\/div>\n<\/td>\n<\/tr>\n<tr>\n<td style=\"width: 272.913px\">Kijelz\u0151<\/td>\n<td style=\"width: 318.788px\">Megjelen\u00edt\u00e9s t\u00edpusa<\/td>\n<td style=\"width: 335.9px\">IPS<\/td>\n<\/tr>\n<tr>\n<td style=\"width: 272.913px\"><\/td>\n<td style=\"width: 318.788px\">Kijelz\u0151 felbont\u00e1sa<\/td>\n<td style=\"width: 335.9px\">\n<div>\n<div>800 \u00d7 800 px<\/div>\n<\/div>\n<\/td>\n<\/tr>\n<tr>\n<td style=\"width: 272.913px\"><\/td>\n<td style=\"width: 318.788px\">Kereszt<\/td>\n<td style=\"width: 335.9px\">\n<div>\n<div>6 t\u00edpus<\/div>\n<\/div>\n<\/td>\n<\/tr>\n<tr>\n<td style=\"width: 272.913px\"><\/td>\n<td style=\"width: 318.788px\">A kereszt sz\u00edne<\/td>\n<td style=\"width: 335.9px\">\n<div>\n<div>Piros \/ feh\u00e9r \/ s\u00e1rga \/ z\u00f6ld<\/div>\n<\/div>\n<\/td>\n<\/tr>\n<tr>\n<td style=\"width: 272.913px\"><\/td>\n<td style=\"width: 318.788px\">Sz\u00ednm\u00f3dok<\/td>\n<td style=\"width: 335.9px\">\n<div>\n<div>Sz\u00ednes \/ Fekete-feh\u00e9r<\/div>\n<\/div>\n<\/td>\n<\/tr>\n<tr>\n<td style=\"width: 272.913px\">Fot\u00f3 \/ vide\u00f3<\/td>\n<td style=\"width: 318.788px\">F\u00e9nyk\u00e9p felbont\u00e1sa<\/td>\n<td style=\"width: 335.9px\">\n<div>\n<div>1440 \u00d7 1440 px<\/div>\n<\/div>\n<\/td>\n<\/tr>\n<tr>\n<td style=\"width: 272.913px\"><\/td>\n<td style=\"width: 318.788px\">F\u00e9nyk\u00e9p form\u00e1tum<\/td>\n<td style=\"width: 335.9px\">JPG<\/td>\n<\/tr>\n<tr>\n<td style=\"width: 272.913px\"><\/td>\n<td style=\"width: 318.788px\">Vide\u00f3 felbont\u00e1s<\/td>\n<td style=\"width: 335.9px\">\n<div>\n<div>1440 \u00d7 1440 px<\/div>\n<\/div>\n<\/td>\n<\/tr>\n<tr>\n<td style=\"width: 272.913px\"><\/td>\n<td style=\"width: 318.788px\">Vide\u00f3 form\u00e1tum<\/td>\n<td style=\"width: 335.9px\">MP4<\/td>\n<\/tr>\n<tr>\n<td style=\"width: 272.913px\">T\u00e1rhely<\/td>\n<td style=\"width: 318.788px\">Mem\u00f3ria<\/td>\n<td style=\"width: 335.9px\">\n<div>\n<div>MicroSD k\u00e1rtya (max. 128 GB)<\/div>\n<\/div>\n<\/td>\n<\/tr>\n<tr>\n<td style=\"width: 272.913px\">Jellemz\u0151k<\/td>\n<td style=\"width: 318.788px\">LRF (t\u00e1vols\u00e1gm\u00e9r\u0151)<\/td>\n<td style=\"width: 335.9px\">Igen<\/td>\n<\/tr>\n<tr>\n<td style=\"width: 272.913px\"><\/td>\n<td style=\"width: 318.788px\">Ballisztikus kalkul\u00e1tor<\/td>\n<td style=\"width: 335.9px\">Igen<\/td>\n<\/tr>\n<tr>\n<td style=\"width: 272.913px\"><\/td>\n<td style=\"width: 318.788px\">PIP (K\u00e9p a k\u00e9pben)<\/td>\n<td style=\"width: 335.9px\">Igen<\/td>\n<\/tr>\n<tr>\n<td style=\"width: 272.913px\"><\/td>\n<td style=\"width: 318.788px\">Gyroszk\u00f3p<\/td>\n<td style=\"width: 335.9px\">Igen<\/td>\n<\/tr>\n<tr>\n<td style=\"width: 272.913px\"><\/td>\n<td style=\"width: 318.788px\">Automatikus felv\u00e9tel<\/td>\n<td style=\"width: 335.9px\">Igen<\/td>\n<\/tr>\n<tr>\n<td style=\"width: 272.913px\"><\/td>\n<td style=\"width: 318.788px\">Felv\u00e9tel l\u00f6v\u00e9skor<\/td>\n<td style=\"width: 335.9px\">Igen<\/td>\n<\/tr>\n<tr>\n<td style=\"width: 272.913px\"><\/td>\n<td style=\"width: 318.788px\">Hangfelv\u00e9tel<\/td>\n<td style=\"width: 335.9px\">Igen<\/td>\n<\/tr>\n<tr>\n<td style=\"width: 272.913px\"><\/td>\n<td style=\"width: 318.788px\">WiFi<\/td>\n<td style=\"width: 335.9px\">Igen<\/td>\n<\/tr>\n<tr>\n<td style=\"width: 272.913px\"><\/td>\n<td style=\"width: 318.788px\">HDMI kimenet<\/td>\n<td style=\"width: 335.9px\">Igen<\/td>\n<\/tr>\n<tr>\n<td style=\"width: 272.913px\"><\/td>\n<td style=\"width: 318.788px\">Alkalmaz\u00e1s<\/td>\n<td style=\"width: 335.9px\">\n<div>\n<div>PardVision2<\/div>\n<\/div>\n<\/td>\n<\/tr>\n<tr>\n<td style=\"width: 272.913px\">Teljes\u00edtm\u00e9ny<\/td>\n<td style=\"width: 318.788px\">Akkumul\u00e1tor t\u00edpusa<\/td>\n<td style=\"width: 335.9px\">\n<div>\n<div>Li-Ion 18650<\/div>\n<\/div>\n<\/td>\n<\/tr>\n<tr>\n<td style=\"width: 272.913px\"><\/td>\n<td style=\"width: 318.788px\">Az akkumul\u00e1tor \u00e9lettartama<\/td>\n<td style=\"width: 335.9px\">\n<div>\n<div>legfeljebb 5 \u00f3ra<\/div>\n<\/div>\n<\/td>\n<\/tr>\n<tr>\n<td style=\"width: 272.913px\"><\/td>\n<td style=\"width: 318.788px\">Fesz\u00fclts\u00e9g<\/td>\n<td style=\"width: 335.9px\">3,7 V<\/td>\n<\/tr>\n<tr>\n<td style=\"width: 272.913px\"><\/td>\n<td style=\"width: 318.788px\">T\u00f6lt\u00e9s<\/td>\n<td style=\"width: 335.9px\">\n<div>\n<div>USB-C<\/div>\n<\/div>\n<\/td>\n<\/tr>\n<tr>\n<td style=\"width: 272.913px\">Konstrukci\u00f3<\/td>\n<td style=\"width: 318.788px\">Anyag<\/td>\n<td style=\"width: 335.9px\">\n<div>\n<div>Alum\u00ednium \u00f6tv\u00f6zet<\/div>\n<\/div>\n<\/td>\n<\/tr>\n<tr>\n<td style=\"width: 272.913px\"><\/td>\n<td style=\"width: 318.788px\">V\u00e9delem<\/td>\n<td style=\"width: 335.9px\">IP67<\/td>\n<\/tr>\n<tr>\n<td style=\"width: 272.913px\"><\/td>\n<td style=\"width: 318.788px\">Visszar\u00fag\u00e1s elleni v\u00e9delem<\/td>\n<td style=\"width: 335.9px\">\n<div>\n<div>6000 J<\/div>\n<\/div>\n<\/td>\n<\/tr>\n<tr>\n<td style=\"width: 272.913px\">M\u0171k\u00f6d\u00e9si felt\u00e9telek<\/td>\n<td style=\"width: 318.788px\">\u00dczemi h\u0151m\u00e9rs\u00e9klet<\/td>\n<td style=\"width: 335.9px\">\n<div>\n<div>\u221230 \u00b0C \u2013 +55 \u00b0C<\/div>\n<\/div>\n<\/td>\n<\/tr>\n<tr>\n<td style=\"width: 272.913px\">M\u00e9retek \u00e9s t\u00f6meg<\/td>\n<td style=\"width: 318.788px\">M\u00e9retek<\/td>\n<td style=\"width: 335.9px\">\n<div>\n<div>350 \u00d7 82 \u00d7 60 mm<\/div>\n<\/div>\n<\/td>\n<\/tr>\n<tr>\n<td style=\"width: 272.913px\"><\/td>\n<td style=\"width: 318.788px\">S\u00faly<\/td>\n<td style=\"width: 335.9px\">\n<div>\n<div>kb. 517 g<\/div>\n<\/div>\n<\/td>\n<\/tr>\n<\/tbody>\n<\/table>\n<p>Hivatalos m\u00e1rkaoldal: <a href=\"https:\/\/pard.com\/eu\">https:\/\/pard.com\/eu<\/a><\/p>","protected":false},"excerpt":{"rendered":"<div class=\"relative w-full overflow-visible\">\n<section class=\"text-token-text-primary w-full focus:outline-none [--shadow-height:45px] has-data-writing-block:pointer-events-none has-data-writing-block:-mt-(--shadow-height) has-data-writing-block:pt-(--shadow-height) [&amp;:has([data-writing-block])&gt;*]:pointer-events-auto [content-visibility:auto] supports-[content-visibility:auto]:[contain-intrinsic-size:auto_100lvh] R6Vx5W_threadScrollVars scroll-mb-[calc(var(--scroll-root-safe-area-inset-bottom,0px)+var(--thread-response-height))] scroll-mt-[calc(var(--header-height)+min(200px,max(70px,20svh)))]\" dir=\"auto\" data-turn-id=\"request-69ebb0ef-fe00-83eb-b456-b9692bd46578-73\" data-turn-id-container=\"request-69ebb0ef-fe00-83eb-b456-b9692bd46578-73\" data-testid=\"conversation-turn-196\" data-scroll-anchor=\"false\" data-turn=\"assistant\">\n<div class=\"text-base my-auto mx-auto pb-10 [--thread-content-margin:var(--thread-content-margin-xs,calc(var(--spacing)*4))] @w-sm\/main:[--thread-content-margin:var(--thread-content-margin-sm,calc(var(--spacing)*6))] @w-lg\/main:[--thread-content-margin:var(--thread-content-margin-lg,calc(var(--spacing)*16))] px-(--thread-content-margin)\">\n<div class=\"[--thread-content-max-width:40rem] @w-lg\/main:[--thread-content-max-width:48rem] mx-auto max-w-(--thread-content-max-width) flex-1 group\/turn-messages focus-visible:outline-hidden relative flex w-full min-w-0 flex-col agent-turn\">\n<div class=\"flex max-w-full flex-col gap-4 grow\">\n<div class=\"min-h-8 text-message relative flex w-full flex-col items-end gap-2 text-start break-words whitespace-normal outline-none keyboard-focused:focus-ring [.text-message+&amp;]:mt-1\" dir=\"auto\" data-message-author-role=\"assistant\" data-message-id=\"0b85140a-a937-459f-968a-6bc9474c7b07\" data-message-model-slug=\"gpt-5-5\" data-turn-start-message=\"true\">\n<div class=\"flex w-full flex-col gap-1 empty:hidden\">\n<div class=\"markdown prose dark:prose-invert wrap-break-word w-full light markdown-new-styling\">\n<p data-start=\"0\" data-end=\"293\" data-is-last-node=\"\" data-is-only-node=\"\">Digit\u00e1lne no\u010dn\u00e9 videnie PARD Night Stalker 4K Mini kombinuje kompaktn\u00fa tubusov\u00fa kon\u0161trukciu so 4K senzorom, vysokou citlivos\u0165ou a pokro\u010dil\u00fdmi funkciami vr\u00e1tane balistick\u00e9ho kalkul\u00e1tora, LRF a WiFi konektivity. Pon\u00faka plynul\u00fd obraz, n\u00edzku hmotnos\u0165 a spo\u013eahliv\u00fd v\u00fdkon aj v n\u00e1ro\u010dn\u00fdch podmienkach.<\/p>\n<\/div>\n<\/div>\n<\/div>\n<\/div>\n<\/div>\n<\/div>\n<\/section>\n<\/div>\n","protected":false},"featured_media":21944,"template":"","meta":{"_gspb_post_css":""},"product_brand":[308],"product_cat":[145,21,331],"product_tag":[2756,347,284,325,229],"class_list":{"0":"post-21847","1":"product","2":"type-product","3":"status-publish","4":"has-post-thumbnail","6":"product_brand-pard","7":"product_cat-nocne-videnie","8":"product_cat-optika","9":"product_cat-puskohlady-s-nocnym-videnim","10":"product_tag-digitalne-nocne-videnie","11":"product_tag-laserovy-dialkomer","12":"product_tag-night-stalker","13":"product_tag-nocne-videnie","14":"product_tag-pard","16":"first","17":"instock","18":"sale","19":"taxable","20":"shipping-taxable","21":"purchasable","22":"product-type-simple"},"ct_brands":[{"id":308,"name":"Pard","slug":"pard"}],"_links":{"self":[{"href":"https:\/\/zbranebudai.sk\/hu\/wp-json\/wp\/v2\/product\/21847","targetHints":{"allow":["GET"]}}],"collection":[{"href":"https:\/\/zbranebudai.sk\/hu\/wp-json\/wp\/v2\/product"}],"about":[{"href":"https:\/\/zbranebudai.sk\/hu\/wp-json\/wp\/v2\/types\/product"}],"wp:featuredmedia":[{"embeddable":true,"href":"https:\/\/zbranebudai.sk\/hu\/wp-json\/wp\/v2\/media\/21944"}],"wp:attachment":[{"href":"https:\/\/zbranebudai.sk\/hu\/wp-json\/wp\/v2\/media?parent=21847"}],"wp:term":[{"taxonomy":"product_brand","embeddable":true,"href":"https:\/\/zbranebudai.sk\/hu\/wp-json\/wp\/v2\/product_brand?post=21847"},{"taxonomy":"product_cat","embeddable":true,"href":"https:\/\/zbranebudai.sk\/hu\/wp-json\/wp\/v2\/product_cat?post=21847"},{"taxonomy":"product_tag","embeddable":true,"href":"https:\/\/zbranebudai.sk\/hu\/wp-json\/wp\/v2\/product_tag?post=21847"}],"curies":[{"name":"wp","href":"https:\/\/api.w.org\/{rel}","templated":true}]}}