{"id":21844,"date":"2026-05-09T09:46:44","date_gmt":"2026-05-09T07:46:44","guid":{"rendered":"https:\/\/zbranebudai.sk\/?post_type=product&#038;p=21844"},"modified":"2026-05-11T09:28:23","modified_gmt":"2026-05-11T07:28:23","slug":"pard-night-stalker-4k-2-0-lrf-940nm-digitalis-ejjellato-celtavcso","status":"publish","type":"product","link":"https:\/\/zbranebudai.sk\/hu\/product\/pard-night-stalker-4k-2-0-lrf-940nm-digitalny-nocny-zameriavac\/","title":{"rendered":"Pard NIGHT STALKER 4K 2.0 LRF 940nm digit\u00e1lis \u00e9jjell\u00e1t\u00f3 c\u00e9lt\u00e1vcs\u0151"},"content":{"rendered":"<p><strong>Pard NIGHT STALKER 4K 2.0 LRF 940nm digit\u00e1lis \u00e9jjell\u00e1t\u00f3 c\u00e9lt\u00e1vcs\u0151<\/strong><\/p>\n<p data-start=\"0\" data-end=\"401\">A PARD Night Stalker 4K 2.0 egy modern digit\u00e1lis \u00e9jjell\u00e1t\u00f3, amelyet azoknak a l\u00f6v\u00e9szeknek terveztek, akik \u00e9les k\u00e9pre, nagy tart\u00f3ss\u00e1gra \u00e9s a gyakorlatban \u00e9rtelmes funkci\u00f3kra v\u00e1gynak. A k\u00e9sz\u00fcl\u00e9k sz\u00edve egy 4K-s, 3840 \u00d7 2160 felbont\u00e1s\u00fa \u00e9s 0,001 lux \u00e9rz\u00e9kenys\u00e9g\u0171 \u00e9rz\u00e9kel\u0151, amelyet egy 1280 \u00d7 1280 felbont\u00e1s\u00fa IPS kijelz\u0151 eg\u00e9sz\u00edt ki. Az eredm\u00e9ny r\u00e9szletes k\u00e9p nappal \u00e9s \u00e9jjel is, valamint k\u00e9nyelmes c\u00e9lpontmegfigyel\u00e9s k\u00fcl\u00f6nb\u00f6z\u0151 f\u00e9nyviszonyok mellett.<\/p>\n<p data-start=\"403\" data-end=\"766\">A puska t\u00e1vcs\u0151 50 mm-es \u00e9s 70 mm-es objekt\u00edvvel rendelkez\u0151 v\u00e1ltozatokban kaphat\u00f3. A v\u00e1lasztott verzi\u00f3t\u00f3l f\u00fcgg\u0151en 4,6x vagy 6,5x optikai nagy\u00edt\u00e1st, valamint 2x, 3x \u00e9s 4x digit\u00e1lis zoomot k\u00edn\u00e1l. A PIP funkci\u00f3, azaz a k\u00e9p a k\u00e9pben, amely seg\u00edt a pontosabb c\u00e9lz\u00e1sban an\u00e9lk\u00fcl, hogy elvesz\u00edten\u00e9 a kil\u00e1t\u00e1st a jelenetre. \u00c9rdemes megeml\u00edteni a 65 mm-es pupillat\u00e1vols\u00e1got \u00e9s a -5 \u00e9s +5 k\u00f6z\u00f6tti dioptriakorrekci\u00f3t is.<\/p>\n<p data-start=\"768\" data-end=\"1036\">A Night Stalker 4K 2.0 nem csak a k\u00e9pmin\u0151s\u00e9gr\u0151l sz\u00f3l. Ballisztikai kalkul\u00e1tort, giroszk\u00f3pot, WiFi kapcsolatot, HDMI kimenetet, id\u0151b\u00e9lyegz\u0151t, hurokfelv\u00e9telt \u00e9s els\u00fct\u00e9s \u00e1ltal aktiv\u00e1lt felv\u00e9telt k\u00edn\u00e1l. T\u00e1mogatja a PardVision2 alkalmaz\u00e1st \u00e9s microSD k\u00e1rty\u00e1ra t\u00f6rt\u00e9n\u0151 ment\u00e9st, ak\u00e1r 128 GB kapacit\u00e1ssal.<\/p>\n<p data-start=\"1038\" data-end=\"1423\">Gy\u00e1rt\u00e1sa \u00e9s energiaell\u00e1t\u00e1sa is praktikus. Az alum\u00ednium\u00f6tv\u00f6zet h\u00e1z, az \u00fcveg lencse, az IP67-es v\u00e9delem \u00e9s a deklar\u00e1lt, ak\u00e1r 6000 J-os visszar\u00fag\u00e1s\u00e1ll\u00f3s\u00e1g robusztus terepi eszk\u00f6zz\u00e9 teszi ezt a modellt. Az energiaell\u00e1t\u00e1sr\u00f3l egy be\u00e9p\u00edtett 21700-as akkumul\u00e1tor \u00e9s egy cser\u00e9lhet\u0151 18650-es akkumul\u00e1tor kombin\u00e1ci\u00f3ja gondoskodik, a maxim\u00e1lis \u00fczemid\u0151 ak\u00e1r 6 \u00f3ra, a t\u00f6lt\u00e9st vagy k\u00fcls\u0151 t\u00e1pell\u00e1t\u00e1st pedig USB-C biztos\u00edtja.<\/p>\n<p data-start=\"1425\" data-end=\"1715\">Tov\u00e1bbi el\u0151nyei k\u00f6z\u00e9 tartozik a 7 sz\u00e1lkereszt \u00e9s 4 sz\u00edn\u0171 c\u00e9lz\u00e1si pont opci\u00f3, a sz\u00ednes \u00e9s fekete-feh\u00e9r k\u00e9p \u00fczemm\u00f3d, valamint a JPEG \u00e9s MP4 form\u00e1tumban val\u00f3 f\u00e9nyk\u00e9p- \u00e9s vide\u00f3k\u00e9sz\u00edt\u00e9s lehet\u0151s\u00e9ge. A gy\u00e1rt\u00f3 a k\u00e9zik\u00f6nyvben megeml\u00edti a levehet\u0151 IR modult, az LRF-et a tubusban, a 30 mm-es tubust \u00e9s a visszar\u00fag\u00e1s \u00e1ltal aktiv\u00e1lt felv\u00e9tel funkci\u00f3t is.<\/p>\n<table dir=\"ltr\" style=\"width: 937px\" border=\"1\" cellspacing=\"0\" cellpadding=\"0\" data-sheets-root=\"1\" data-sheets-baot=\"1\">\n<colgroup>\n<col width=\"100\" \/>\n<col width=\"172\" \/><\/colgroup>\n<tbody>\n<tr>\n<td style=\"width: 445.562px\">Jellemz\u0151k<\/td>\n<td style=\"width: 486.638px\">\u00c9rt\u00e9k<\/td>\n<\/tr>\n<tr>\n<td style=\"width: 445.562px\">\u00c9rz\u00e9kel\u0151<\/td>\n<td style=\"width: 486.638px\">4K, 3840 \u00d7 2160 k\u00e9ppont<\/td>\n<\/tr>\n<tr>\n<td style=\"width: 445.562px\">Lencse<\/td>\n<td style=\"width: 486.638px\">70 mm<\/td>\n<\/tr>\n<tr>\n<td style=\"width: 445.562px\">Optikai nagy\u00edt\u00e1s<\/td>\n<td style=\"width: 486.638px\">6,5\u00d7<\/td>\n<\/tr>\n<tr>\n<td style=\"width: 445.562px\">Digit\u00e1lis zoom<\/td>\n<td style=\"width: 486.638px\">2\u00d7, 3\u00d7, 4\u00d7<\/td>\n<\/tr>\n<tr>\n<td style=\"width: 445.562px\">Kijelz\u0151<\/td>\n<td style=\"width: 486.638px\">IPS, 1280 \u00d7 1280 px<\/td>\n<\/tr>\n<tr>\n<td style=\"width: 445.562px\">L\u00e1t\u00f3mez\u0151<\/td>\n<td style=\"width: 486.638px\">3\u00b0 \u00d7 3\u00b0<\/td>\n<\/tr>\n<tr>\n<td style=\"width: 445.562px\">L\u00e9zeres t\u00e1vols\u00e1gm\u00e9r\u0151<\/td>\n<td style=\"width: 486.638px\">1000 m<\/td>\n<\/tr>\n<tr>\n<td style=\"width: 445.562px\">Ballisztikus kalkul\u00e1tor<\/td>\n<td style=\"width: 486.638px\">Igen<\/td>\n<\/tr>\n<tr>\n<td style=\"width: 445.562px\">Gyroszk\u00f3p<\/td>\n<td style=\"width: 486.638px\">Igen<\/td>\n<\/tr>\n<tr>\n<td style=\"width: 445.562px\">PIP (K\u00e9p a k\u00e9pben)<\/td>\n<td style=\"width: 486.638px\">Igen<\/td>\n<\/tr>\n<tr>\n<td style=\"width: 445.562px\">WiFi<\/td>\n<td style=\"width: 486.638px\">Igen<\/td>\n<\/tr>\n<tr>\n<td style=\"width: 445.562px\">HDMI kimenet<\/td>\n<td style=\"width: 486.638px\">Igen<\/td>\n<\/tr>\n<tr>\n<td style=\"width: 445.562px\">F\u00e9nyk\u00e9pek r\u00f6gz\u00edt\u00e9se<\/td>\n<td style=\"width: 486.638px\">igen, JPEG<\/td>\n<\/tr>\n<tr>\n<td style=\"width: 445.562px\">Vide\u00f3felv\u00e9tel<\/td>\n<td style=\"width: 486.638px\">igen, MP4<\/td>\n<\/tr>\n<tr>\n<td style=\"width: 445.562px\">Hangfelv\u00e9tel<\/td>\n<td style=\"width: 486.638px\">Igen<\/td>\n<\/tr>\n<tr>\n<td style=\"width: 445.562px\">T\u00e1rhely<\/td>\n<td style=\"width: 486.638px\">\n<div>\n<div>microSD k\u00e1rtya, max. 128 GB<\/div>\n<\/div>\n<\/td>\n<\/tr>\n<tr>\n<td style=\"width: 445.562px\">Teljes\u00edtm\u00e9ny<\/td>\n<td style=\"width: 486.638px\">\n<div>\n<div>be\u00e9p\u00edtett 21700 + cser\u00e9lhet\u0151 18650<\/div>\n<\/div>\n<\/td>\n<\/tr>\n<tr>\n<td style=\"width: 445.562px\">M\u0171k\u00f6d\u00e9si id\u0151<\/td>\n<td style=\"width: 486.638px\">legfeljebb 6 \u00f3ra<\/td>\n<\/tr>\n<tr>\n<td style=\"width: 445.562px\">V\u00e9delem<\/td>\n<td style=\"width: 486.638px\">IP67<\/td>\n<\/tr>\n<tr>\n<td style=\"width: 445.562px\">Visszar\u00fag\u00e1s elleni v\u00e9delem<\/td>\n<td style=\"width: 486.638px\">ak\u00e1r 6000 J<\/td>\n<\/tr>\n<tr>\n<td style=\"width: 445.562px\">\u00dczemi h\u0151m\u00e9rs\u00e9klet<\/td>\n<td style=\"width: 486.638px\">-30 \u00b0C - +55 \u00b0C<\/td>\n<\/tr>\n<tr>\n<td style=\"width: 445.562px\">S\u00faly<\/td>\n<td style=\"width: 486.638px\">905 g<\/td>\n<\/tr>\n<\/tbody>\n<\/table>\n<p data-start=\"0\" data-end=\"48\"><strong data-start=\"0\" data-end=\"48\">O<\/strong><strong data-start=\"1717\" data-end=\"1734\">Balen\u00ed za\u010dalo<\/strong><\/p>\n<ul data-start=\"1736\" data-end=\"2004\" data-is-last-node=\"\" data-is-only-node=\"\">\n<li data-section-id=\"1t39vbr\" data-start=\"1736\" data-end=\"1791\">PARD Night Stalker 4K 2.0<\/li>\n<li data-section-id=\"30hyae\" data-start=\"1792\" data-end=\"1821\">cser\u00e9lhet\u0151 18650 akkumul\u00e1tor<\/li>\n<li data-section-id=\"1nnjpcg\" data-start=\"1822\" data-end=\"1841\">v\u00e9d\u0151tok<\/li>\n<li data-section-id=\"1a1hls3\" data-start=\"1842\" data-end=\"1857\">USB-C k\u00e1bel<\/li>\n<li data-section-id=\"hmdfxd\" data-start=\"1858\" data-end=\"1882\">szerel\u0151gy\u0171r\u0171k 2 db<\/li>\n<li data-section-id=\"1h5zv11\" data-start=\"1883\" data-end=\"1906\">imbuszkulcsok 2 db<\/li>\n<li data-section-id=\"1dvmwp3\" data-start=\"1907\" data-end=\"1944\">optikai tiszt\u00edt\u00f3kend\u0151 2 db<\/li>\n<li data-section-id=\"1pgb954\" data-start=\"1945\" data-end=\"1962\">gumianyagb\u00f3l k\u00e9sz\u00fclt szemkagyl\u00f3<\/li>\n<li data-section-id=\"12kcupi\" data-start=\"1963\" data-end=\"1987\">Felhaszn\u00e1l\u00f3i k\u00e9zik\u00f6nyv<\/li>\n<li data-section-id=\"1pslj2a\" data-start=\"1988\" data-end=\"2004\" data-is-last-node=\"\">szervizk\u00e1rtya<\/li>\n<\/ul>\n<p><strong>Hivatalos m\u00e1rkaoldal:<\/strong> <a href=\"https:\/\/pard.com\/eu\">https:\/\/pard.com\/eu<\/a><\/p>","protected":false},"excerpt":{"rendered":"<div class=\"qMYqUG_convSearchResultHighlightRoot\">\n<div class=\"relative w-full overflow-visible\">\n<section class=\"text-token-text-primary w-full focus:outline-none [--shadow-height:45px] has-data-writing-block:pointer-events-none has-data-writing-block:-mt-(--shadow-height) has-data-writing-block:pt-(--shadow-height) [&amp;:has([data-writing-block])&gt;*]:pointer-events-auto [content-visibility:auto] supports-[content-visibility:auto]:[contain-intrinsic-size:auto_100lvh] R6Vx5W_threadScrollVars scroll-mb-[calc(var(--scroll-root-safe-area-inset-bottom,0px)+var(--thread-response-height))] scroll-mt-[calc(var(--header-height)+min(200px,max(70px,20svh)))]\" dir=\"auto\" data-turn-id=\"request-69ebb0ef-fe00-83eb-b456-b9692bd46578-4\" data-turn-id-container=\"request-69ebb0ef-fe00-83eb-b456-b9692bd46578-4\" data-testid=\"conversation-turn-310\" data-scroll-anchor=\"false\" data-turn=\"assistant\">\n<div class=\"text-base my-auto mx-auto pb-10 [--thread-content-margin:var(--thread-content-margin-xs,calc(var(--spacing)*4))] @w-sm\/main:[--thread-content-margin:var(--thread-content-margin-sm,calc(var(--spacing)*6))] @w-lg\/main:[--thread-content-margin:var(--thread-content-margin-lg,calc(var(--spacing)*16))] px-(--thread-content-margin)\">\n<div class=\"[--thread-content-max-width:40rem] @w-lg\/main:[--thread-content-max-width:48rem] mx-auto max-w-(--thread-content-max-width) flex-1 group\/turn-messages focus-visible:outline-hidden relative flex w-full min-w-0 flex-col agent-turn\">\n<div class=\"flex max-w-full flex-col gap-4 grow\">\n<div class=\"min-h-8 text-message relative flex w-full flex-col items-end gap-2 text-start break-words whitespace-normal outline-none keyboard-focused:focus-ring [.text-message+&amp;]:mt-1\" dir=\"auto\" data-message-author-role=\"assistant\" data-message-id=\"6a30ed93-61b7-44db-94d7-89ed3002d71e\" data-message-model-slug=\"gpt-5-5\" data-turn-start-message=\"true\">\n<div class=\"flex w-full flex-col gap-1 empty:hidden\">\n<div class=\"markdown prose dark:prose-invert wrap-break-word w-full light markdown-new-styling\">\n<p data-start=\"0\" data-end=\"376\" data-is-last-node=\"\" data-is-only-node=\"\">PARD Night Stalker 4K 2.0 je digit\u00e1lny no\u010dn\u00fd pu\u0161koh\u013ead so 4K senzorom 3840 \u00d7 2160, IPS displejom 1280 \u00d7 1280 a optick\u00fdm zv\u00e4\u010d\u0161en\u00edm 4,6\u00d7 alebo 6,5\u00d7 pod\u013ea verzie objekt\u00edvu 50 alebo 70 mm. Pon\u00faka balistick\u00fd kalkul\u00e1tor, gyroskop, re\u017eim obraz v obraze, WiFi, nahr\u00e1vanie po v\u00fdstrele a odolnos\u0165 IP67. Nech\u00fdba ani du\u00e1lne nap\u00e1janie vstavanou bat\u00e9riou 21700 a vymenite\u013en\u00fdm \u010dl\u00e1nkom 18650.<\/p>\n<\/div>\n<\/div>\n<\/div>\n<\/div>\n<\/div>\n<\/div>\n<\/section>\n<\/div>\n<\/div>\n","protected":false},"featured_media":21933,"template":"","meta":{"_gspb_post_css":""},"product_brand":[308],"product_cat":[145,21,331,332],"product_tag":[2756,347,284,2754,229,312],"class_list":{"0":"post-21844","1":"product","2":"type-product","3":"status-publish","4":"has-post-thumbnail","6":"product_brand-pard","7":"product_cat-nocne-videnie","8":"product_cat-optika","9":"product_cat-puskohlady-s-nocnym-videnim","10":"product_cat-zameriavace-s-nocnym-videnim","11":"product_tag-digitalne-nocne-videnie","12":"product_tag-laserovy-dialkomer","13":"product_tag-night-stalker","14":"product_tag-nocny-puskohlad","15":"product_tag-pard","16":"product_tag-zameriavac","18":"first","19":"instock","20":"sale","21":"taxable","22":"shipping-taxable","23":"purchasable","24":"product-type-simple"},"ct_brands":[{"id":308,"name":"Pard","slug":"pard"}],"_links":{"self":[{"href":"https:\/\/zbranebudai.sk\/hu\/wp-json\/wp\/v2\/product\/21844","targetHints":{"allow":["GET"]}}],"collection":[{"href":"https:\/\/zbranebudai.sk\/hu\/wp-json\/wp\/v2\/product"}],"about":[{"href":"https:\/\/zbranebudai.sk\/hu\/wp-json\/wp\/v2\/types\/product"}],"wp:featuredmedia":[{"embeddable":true,"href":"https:\/\/zbranebudai.sk\/hu\/wp-json\/wp\/v2\/media\/21933"}],"wp:attachment":[{"href":"https:\/\/zbranebudai.sk\/hu\/wp-json\/wp\/v2\/media?parent=21844"}],"wp:term":[{"taxonomy":"product_brand","embeddable":true,"href":"https:\/\/zbranebudai.sk\/hu\/wp-json\/wp\/v2\/product_brand?post=21844"},{"taxonomy":"product_cat","embeddable":true,"href":"https:\/\/zbranebudai.sk\/hu\/wp-json\/wp\/v2\/product_cat?post=21844"},{"taxonomy":"product_tag","embeddable":true,"href":"https:\/\/zbranebudai.sk\/hu\/wp-json\/wp\/v2\/product_tag?post=21844"}],"curies":[{"name":"wp","href":"https:\/\/api.w.org\/{rel}","templated":true}]}}