{"id":21841,"date":"2026-05-09T09:46:44","date_gmt":"2026-05-09T07:46:44","guid":{"rendered":"https:\/\/zbranebudai.sk\/?post_type=product&#038;p=21841"},"modified":"2026-05-11T08:34:22","modified_gmt":"2026-05-11T06:34:22","slug":"pulsar-symbion-dxt50-lrf-multispektralis-tavcso-lezeres-tavolsagmerovel","status":"publish","type":"product","link":"https:\/\/zbranebudai.sk\/hu\/product\/pulsar-symbion-dxt50-lrf-multispektralny-binokular-s-laserovym-dialkomerom\/","title":{"rendered":"Pulsar SYMBION DXT50 LRF multispektr\u00e1lis binokul\u00e1r"},"content":{"rendered":"<p><strong>Pulsar SYMBION DXT50 LRF multispektr\u00e1lny binokul\u00e1r s laserov\u00fdm dia\u013ekomerom<\/strong><\/p>\n<p data-start=\"0\" data-end=\"76\"><strong data-start=\"0\" data-end=\"74\">Digit\u00e1lna presnos\u0165 a tepeln\u00e1 prec\u00edznos\u0165 pre nepretr\u017eit\u00fa prev\u00e1dzku 24\/7<\/strong><\/p>\n<p data-start=\"78\" data-end=\"326\">Termov\u00edzne \u010falekoh\u013eady Symbion LRF s\u00fa dostupn\u00e9 v dvoch modeloch: DXT50 a DXR50. Kombinuj\u00fa digit\u00e1lny 4K senzor pre jasn\u00e9 pozorovanie za denn\u00e9ho svetla a za s\u00famraku s pr\u00e9miov\u00fdm termov\u00edznym senzorom na detekciu tepelnej stopy za ak\u00fdchko\u013evek podmienok.<\/p>\n<p data-start=\"328\" data-end=\"533\">Vstavan\u00fd infra\u010derven\u00fd pr\u00edsvit zabezpe\u010duje spo\u013eahliv\u00fa vidite\u013enos\u0165 pri zhor\u0161en\u00fdch sveteln\u00fdch podmienkach, zatia\u013e \u010do re\u017eim obraz v obraze umo\u017e\u0148uje sledova\u0165 oba kan\u00e1ly s\u00fa\u010dasne pre kompletn\u00fd preh\u013ead o situ\u00e1cii.<\/p>\n<p data-start=\"535\" data-end=\"761\" data-is-last-node=\"\" data-is-only-node=\"\">Integrovan\u00fd laserov\u00fd dia\u013ekomer poskytuje r\u00fdchle a presn\u00e9 meranie vzdialenosti. Intuit\u00edvne a odoln\u00e9 telo umo\u017e\u0148uje pohodln\u00e9 ovl\u00e1danie jednou rukou a je kon\u0161truovan\u00e9 tak, aby odolalo n\u00e1ro\u010dn\u00e9mu profesion\u00e1lnemu pou\u017e\u00edvaniu v ter\u00e9ne.<\/p>\n<div class=\"relative w-full overflow-visible\">\n<section class=\"text-token-text-primary w-full focus:outline-none [--shadow-height:45px] has-data-writing-block:pointer-events-none has-data-writing-block:-mt-(--shadow-height) has-data-writing-block:pt-(--shadow-height) [&amp;:has([data-writing-block])&gt;*]:pointer-events-auto [content-visibility:auto] supports-[content-visibility:auto]:[contain-intrinsic-size:auto_100lvh] R6Vx5W_threadScrollVars scroll-mb-[calc(var(--scroll-root-safe-area-inset-bottom,0px)+var(--thread-response-height))] scroll-mt-[calc(var(--header-height)+min(200px,max(70px,20svh)))]\" dir=\"auto\" data-turn-id=\"request-69ebb0ef-fe00-83eb-b456-b9692bd46578-119\" data-turn-id-container=\"request-69ebb0ef-fe00-83eb-b456-b9692bd46578-119\" data-testid=\"conversation-turn-288\" data-scroll-anchor=\"false\" data-turn=\"assistant\">\n<div class=\"text-base my-auto mx-auto pb-10 [--thread-content-margin:var(--thread-content-margin-xs,calc(var(--spacing)*4))] @w-sm\/main:[--thread-content-margin:var(--thread-content-margin-sm,calc(var(--spacing)*6))] @w-lg\/main:[--thread-content-margin:var(--thread-content-margin-lg,calc(var(--spacing)*16))] px-(--thread-content-margin)\">\n<div class=\"[--thread-content-max-width:40rem] @w-lg\/main:[--thread-content-max-width:48rem] mx-auto max-w-(--thread-content-max-width) flex-1 group\/turn-messages focus-visible:outline-hidden relative flex w-full min-w-0 flex-col agent-turn\">\n<div class=\"flex max-w-full flex-col gap-4 grow\">\n<div class=\"min-h-8 text-message relative flex w-full flex-col items-end gap-2 text-start break-words whitespace-normal outline-none keyboard-focused:focus-ring [.text-message+&amp;]:mt-1\" dir=\"auto\" data-message-author-role=\"assistant\" data-message-id=\"ac8a9ed8-3407-482f-8b7c-6a35e9ee69c8\" data-message-model-slug=\"gpt-5-5\" data-turn-start-message=\"true\">\n<div class=\"flex w-full flex-col gap-1 empty:hidden\">\n<div class=\"markdown prose dark:prose-invert wrap-break-word w-full light markdown-new-styling\">\n<p data-start=\"0\" data-end=\"309\"><strong data-start=\"0\" data-end=\"30\">Multispektr\u00e1lne zobrazenie<\/strong><br data-start=\"30\" data-end=\"33\" \/>Plynulo prep\u00ednajte medzi plnofarebn\u00fdm denn\u00fdm alebo termov\u00edznym zobrazen\u00edm, digit\u00e1lnym no\u010dn\u00fdm zobrazen\u00edm za s\u00famraku aj v \u00faplnej tme v\u010faka vstavan\u00e9mu IR pr\u00edsvitu. Skenujte ter\u00e9n, detegujte tepeln\u00e9 stopy a r\u00fdchlej\u0161ie identifikujte ciele pre sebavedom\u00e9 a informovan\u00e9 rozhodovanie.<\/p>\n<p data-start=\"311\" data-end=\"624\"><strong data-start=\"311\" data-end=\"346\">4K digit\u00e1lny plnofarebn\u00fd senzor<\/strong><br data-start=\"346\" data-end=\"349\" \/>Za\u017eite s\u00fdte a detailn\u00e9 farby obrazu po\u010das denn\u00e9ho pozorovania, jasn\u00fa vidite\u013enos\u0165 za s\u00famraku a vysoko kontrastn\u00fd obraz v noci. Vstavan\u00e9 infra\u010derven\u00e9 svetlo zabezpe\u010duje spo\u013eahliv\u00fd v\u00fdkon pri slabom osvetlen\u00ed, \u010do v\u00e1m umo\u017e\u0148uje nepretr\u017eite 24\/7 skenova\u0165 ter\u00e9n a identifikova\u0165 zver.<\/p>\n<p data-start=\"626\" data-end=\"902\"><strong data-start=\"626\" data-end=\"648\">Termov\u00edzne senzory<\/strong><br data-start=\"648\" data-end=\"651\" \/>Odha\u013ete jemn\u00e9 tepeln\u00e9 stopy za ak\u00fdchko\u013evek podmienok na sledovanie pohybu, lokaliz\u00e1ciu zvierat a interpret\u00e1ciu spr\u00e1vania s istotou. Vyberte si medzi pr\u00e9miov\u00fdm HD rozl\u00ed\u0161en\u00edm 1280 \u00d7 1024 (DXT50) alebo vysoko citliv\u00fdm term\u00e1lnym v\u00fdkonom 640 \u00d7 480 (DXR50).<\/p>\n<p data-start=\"904\" data-end=\"1160\"><strong data-start=\"904\" data-end=\"927\">Stabiliz\u00e1cia obrazu<\/strong><br data-start=\"927\" data-end=\"930\" \/>Udr\u017ete si stabiln\u00fd obraz aj pri vysokom zv\u00e4\u010d\u0161en\u00ed. Elektronick\u00e1 stabiliz\u00e1cia obrazu zni\u017euje rozmazanie pohybom a kompenzuje pohyby r\u00fak, \u010do v\u00e1m umo\u017e\u0148uje bez n\u00e1mahy sledova\u0165 zvierat\u00e1, skenova\u0165 ter\u00e9n a zachyt\u00e1va\u0165 ostr\u00e9 a jasn\u00e9 sn\u00edmky.<\/p>\n<p data-start=\"1162\" data-end=\"1489\"><strong data-start=\"1162\" data-end=\"1207\">Optimalizovan\u00e9 na pou\u017e\u00edvanie jednou rukou<\/strong><br data-start=\"1207\" data-end=\"1210\" \/>Ovl\u00e1dajte zariadenie jednoducho a pohodlne jednou rukou v\u010faka dvojit\u00fdm zaostrovac\u00edm kolieskam s centr\u00e1lnym zaostrovan\u00edm a intuit\u00edvne rozmiestnen\u00fdm ovl\u00e1dac\u00edm prvkom. Kon\u0161trukcia je navrhnut\u00e1 pre prav\u00e1kov aj \u013eav\u00e1kov, tak\u017ee ovl\u00e1danie je prirodzen\u00e9 a vy sa m\u00f4\u017eete s\u00fastredi\u0165 na akciu.<\/p>\n<p data-start=\"1491\" data-end=\"1756\"><strong data-start=\"1491\" data-end=\"1522\">Vstavan\u00fd laserov\u00fd dia\u013ekomer<\/strong><br data-start=\"1522\" data-end=\"1525\" \/>Zmerajte vzdialenosti r\u00fdchlo a presne a\u017e do 1500 m pomocou v\u00fdkonn\u00e9ho laserov\u00e9ho dia\u013ekomera. Prep\u00ednajte medzi re\u017eimom skenovania a jednotliv\u00fdm meran\u00edm, aby ste mohli okam\u017eite vyhodnoti\u0165 vzdialenos\u0165 a s istotou napl\u00e1nova\u0165 \u010fal\u0161\u00ed krok.<\/p>\n<p data-start=\"1758\" data-end=\"1992\"><strong data-start=\"1758\" data-end=\"1800\">Kombinovan\u00e9 multispektr\u00e1lne re\u017eimy PiP<\/strong><br data-start=\"1800\" data-end=\"1803\" \/>Zobrazujte digit\u00e1lny a term\u00e1lny kan\u00e1l s\u00fa\u010dasne v re\u017eime obraz v obraze, aby ste mohli s istotou detegova\u0165, potvrdi\u0165 a sledova\u0165 ciele aj v zlo\u017eit\u00fdch podmienkach alebo pri n\u00edzkej vidite\u013enosti.<\/p>\n<p data-start=\"1994\" data-end=\"2258\"><strong data-start=\"1994\" data-end=\"2017\">Vstavan\u00fd IR pr\u00edsvit<\/strong><br data-start=\"2017\" data-end=\"2020\" \/>Udr\u017eujte si jasn\u00fa vidite\u013enos\u0165 aj v \u00faplnej tme v\u010faka zaostrite\u013en\u00e9mu infra\u010derven\u00e9mu pr\u00edsvitu s vlnovou d\u013a\u017ekou 850 nm. Tri nastavite\u013en\u00e9 \u00farovne v\u00fdkonu sa prisp\u00f4sobia meniacim sa podmienkam a zabezpe\u010dia, \u017ee \u017eiadny pohyb nezostane nepov\u0161imnut\u00fd.<\/p>\n<p data-start=\"2260\" data-end=\"2531\" data-is-last-node=\"\" data-is-only-node=\"\"><strong data-start=\"2260\" data-end=\"2287\">Nov\u00e9 grafick\u00e9 rozhranie<\/strong><br data-start=\"2287\" data-end=\"2290\" \/>R\u00fdchle prech\u00e1dzanie nastaveniami v\u010faka intuit\u00edvnemu rozhraniu, ktor\u00e9 zabezpe\u010duje jasn\u00fd preh\u013ead a jednoduch\u00fd pr\u00edstup ku k\u013e\u00fa\u010dov\u00fdm funkci\u00e1m. Tr\u00e1vte menej \u010dasu nastavovan\u00edm a viac \u010dasu pozorovan\u00edm, sledovan\u00edm a sebavedom\u00fdm rozhodovan\u00edm v ter\u00e9ne.<\/p>\n<\/div>\n<\/div>\n<\/div>\n<\/div>\n<\/div>\n<\/div>\n<\/section>\n<\/div>\n<div class=\"products__description\">\n<p data-start=\"0\" data-end=\"18\"><strong data-start=\"0\" data-end=\"18\">\u010eal\u0161ie funkcie<\/strong><\/p>\n<ul data-start=\"20\" data-end=\"462\" data-is-last-node=\"\" data-is-only-node=\"\">\n<li data-section-id=\"mkji7y\" data-start=\"20\" data-end=\"54\">Haptick\u00e1 vibra\u010dn\u00e1 sp\u00e4tn\u00e1 v\u00e4zba<\/li>\n<li data-section-id=\"12cvz2w\" data-start=\"55\" data-end=\"88\">Inteligentn\u00e1 spr\u00e1va nap\u00e1jania<\/li>\n<li data-section-id=\"1n7spna\" data-start=\"89\" data-end=\"120\">Klasick\u00fd dizajn \u010falekoh\u013eadu<\/li>\n<li data-section-id=\"1vw6i1p\" data-start=\"121\" data-end=\"162\">Nahr\u00e1vanie fotografi\u00ed\/vide\u00ed so zvukom<\/li>\n<li data-section-id=\"160gkle\" data-start=\"163\" data-end=\"193\">Hmatov\u00fd 3-polohov\u00fd vyp\u00edna\u010d<\/li>\n<li data-section-id=\"1cwx5ts\" data-start=\"194\" data-end=\"244\">Indik\u00e1cia skuto\u010dnej horizont\u00e1lnej vzdialenosti<\/li>\n<li data-section-id=\"1saklw8\" data-start=\"245\" data-end=\"299\">Podpora Stream Vision 2 a Stream Vision Ballistics<\/li>\n<li data-section-id=\"7jr4kv\" data-start=\"300\" data-end=\"337\">Integrovan\u00e1 balistick\u00e1 kalkula\u010dka<\/li>\n<li data-section-id=\"1e9v06b\" data-start=\"338\" data-end=\"372\">3 \u00farovne zosilnenia citlivosti<\/li>\n<li data-section-id=\"1f6ism8\" data-start=\"373\" data-end=\"397\">\u00dasporn\u00fd re\u017eim sp\u00e1nku<\/li>\n<li data-section-id=\"633axv\" data-start=\"398\" data-end=\"433\">4 re\u017eimy digit\u00e1lneho zobrazenia<\/li>\n<li data-section-id=\"1o8pmte\" data-start=\"434\" data-end=\"462\" data-is-last-node=\"\">Hmatov\u00fd 3-polohov\u00fd vyp\u00edna\u010d<\/li>\n<\/ul>\n<table dir=\"ltr\" style=\"width: 946px\" border=\"1\" cellspacing=\"0\" cellpadding=\"0\" data-sheets-root=\"1\" data-sheets-baot=\"1\">\n<colgroup>\n<col width=\"118\" \/>\n<col width=\"134\" \/><\/colgroup>\n<tbody>\n<tr>\n<td style=\"width: 449.562px\">Vlastnos\u0165<\/td>\n<td style=\"width: 491.638px\">Hodnota<\/td>\n<\/tr>\n<tr>\n<td style=\"width: 449.562px\">Zv\u00e4\u010d\u0161enie<\/td>\n<td style=\"width: 491.638px\">\n<div>\n<div>Optick\u00fd: 2\u201316\u00d7 | Digit\u00e1lny: 6,5\u201326\u00d7<\/div>\n<\/div>\n<\/td>\n<\/tr>\n<tr>\n<td style=\"width: 449.562px\">Digit\u00e1lny zoom<\/td>\n<td style=\"width: 491.638px\">Optick\u00fd: 8\u00d7 | Digit\u00e1lny: 4\u00d7<\/td>\n<\/tr>\n<tr>\n<td style=\"width: 449.562px\">Teplotn\u00e1 citlivos\u0165 (pr\u00edstroj)<\/td>\n<td style=\"width: 491.638px\">Teplo: &lt; 20 mK<\/td>\n<\/tr>\n<tr>\n<td style=\"width: 449.562px\">Senzor<\/td>\n<td style=\"width: 491.638px\">\n<div>\n<div>Teplo: nechladen\u00fd mikrobolometer | Digit\u00e1lny: CMOS 4K<\/div>\n<\/div>\n<\/td>\n<\/tr>\n<tr>\n<td style=\"width: 449.562px\">Ve\u013ekos\u0165 pixelu<\/td>\n<td style=\"width: 491.638px\">Teplo: 12 \u00b5m<\/td>\n<\/tr>\n<tr>\n<td style=\"width: 449.562px\">Rozl\u00ed\u0161enie senzora<\/td>\n<td style=\"width: 491.638px\">\n<div>\n<div>Tepeln\u00e1: 1280 \u00d7 1024 | Digit\u00e1lna: 3840 \u00d7 2160<\/div>\n<\/div>\n<\/td>\n<\/tr>\n<tr>\n<td style=\"width: 449.562px\">Citlivos\u0165 senzora na teplo<\/td>\n<td style=\"width: 491.638px\">Teplo: &lt; 35 mK<\/td>\n<\/tr>\n<tr>\n<td style=\"width: 449.562px\">Vzdialenos\u0165<\/td>\n<td style=\"width: 491.638px\">\n<div>\n<div>1500 m (laserov\u00fd 905 nm, trieda 1)<\/div>\n<\/div>\n<\/td>\n<\/tr>\n<tr>\n<td style=\"width: 449.562px\">Presnos\u0165 merania<\/td>\n<td style=\"width: 491.638px\">1 m<\/td>\n<\/tr>\n<tr>\n<td style=\"width: 449.562px\">Rozl\u00ed\u0161enie displeja<\/td>\n<td style=\"width: 491.638px\">1920 \u00d7 1080 px<\/td>\n<\/tr>\n<tr>\n<td style=\"width: 449.562px\">Frekvencia obnovovania obrazu<\/td>\n<td style=\"width: 491.638px\">50 Hz<\/td>\n<\/tr>\n<tr>\n<td style=\"width: 449.562px\">Typ displeja<\/td>\n<td style=\"width: 491.638px\">MicroLED (AMOLED)<\/td>\n<\/tr>\n<tr>\n<td style=\"width: 449.562px\">Vzdialenos\u0165 vn\u00edmania<\/td>\n<td style=\"width: 491.638px\">Teplo: 2300 m<\/td>\n<\/tr>\n<tr>\n<td style=\"width: 449.562px\">Parametre objekt\u00edvu<\/td>\n<td style=\"width: 491.638px\">\n<div>\n<div>Tepeln\u00e9: F50\/1,0 | Digit\u00e1lne: F50\/1,8<\/div>\n<\/div>\n<\/td>\n<\/tr>\n<tr>\n<td style=\"width: 449.562px\">Uhol z\u00e1beru<\/td>\n<td style=\"width: 491.638px\">\n<div>\n<div>Teplo: 17,5\u00b0 | Digit\u00e1lne: 5,8\u00b0<\/div>\n<\/div>\n<\/td>\n<\/tr>\n<tr>\n<td style=\"width: 449.562px\">Zorn\u00e9 pole na 100 m<\/td>\n<td style=\"width: 491.638px\">\n<div>\n<div>Optick\u00fd: 30,7 m | Digit\u00e1lny: 10,2 m<\/div>\n<\/div>\n<\/td>\n<\/tr>\n<tr>\n<td style=\"width: 449.562px\">Vzdialenos\u0165 medzi zrenicami<\/td>\n<td style=\"width: 491.638px\">13 mm<\/td>\n<\/tr>\n<tr>\n<td style=\"width: 449.562px\">Priemer v\u00fdstupnej pupily<\/td>\n<td style=\"width: 491.638px\">5 mm<\/td>\n<\/tr>\n<tr>\n<td style=\"width: 449.562px\">Nastavenie dioptri\u00ed<\/td>\n<td style=\"width: 491.638px\">-5 \/ +5 dioptri\u00ed<\/td>\n<\/tr>\n<tr>\n<td style=\"width: 449.562px\">Rozstup zren\u00edc<\/td>\n<td style=\"width: 491.638px\">62,5 \u2013 74 mm<\/td>\n<\/tr>\n<tr>\n<td style=\"width: 449.562px\">Minim\u00e1lna ohniskov\u00e1 vzdialenos\u0165<\/td>\n<td style=\"width: 491.638px\">3 m<\/td>\n<\/tr>\n<tr>\n<td style=\"width: 449.562px\">Nap\u00e1janie<\/td>\n<td style=\"width: 491.638px\">\n<div>\n<div>Li-ion akumul\u00e1tor APS 5 \/ 4900 mAh<\/div>\n<\/div>\n<\/td>\n<\/tr>\n<tr>\n<td style=\"width: 449.562px\">Extern\u00e9 nap\u00e1janie<\/td>\n<td style=\"width: 491.638px\">5 V, 9 V (USB Type-C)<\/td>\n<\/tr>\n<tr>\n<td style=\"width: 449.562px\">Videorekord\u00e9r<\/td>\n<td style=\"width: 491.638px\">\u00c1no<\/td>\n<\/tr>\n<tr>\n<td style=\"width: 449.562px\">Pam\u00e4\u0165<\/td>\n<td style=\"width: 491.638px\">64 GB<\/td>\n<\/tr>\n<tr>\n<td style=\"width: 449.562px\">Form\u00e1t videa\/fotografie<\/td>\n<td style=\"width: 491.638px\">.mp4 \/ .jpg<\/td>\n<\/tr>\n<tr>\n<td style=\"width: 449.562px\">Rozl\u00ed\u0161enie videa\/fotografie<\/td>\n<td style=\"width: 491.638px\">1440 \u00d7 1080<\/td>\n<\/tr>\n<tr>\n<td style=\"width: 449.562px\">Materi\u00e1l<\/td>\n<td style=\"width: 491.638px\">Zliatina hor\u010d\u00edka<\/td>\n<\/tr>\n<tr>\n<td style=\"width: 449.562px\">Vodotesnos\u0165<\/td>\n<td style=\"width: 491.638px\">IP67 (vodotesn\u00fd)<\/td>\n<\/tr>\n<tr>\n<td style=\"width: 449.562px\">Z\u00e1vit<\/td>\n<td style=\"width: 491.638px\">1\/4&#8243;<\/td>\n<\/tr>\n<tr>\n<td style=\"width: 449.562px\">Prev\u00e1dzkov\u00e1 teplota<\/td>\n<td style=\"width: 491.638px\">-25 \u2013 +50 \u00b0C<\/td>\n<\/tr>\n<tr>\n<td style=\"width: 449.562px\">Mobiln\u00e1 aplik\u00e1cia<\/td>\n<td style=\"width: 491.638px\">\n<div>\n<div>Stream Vision 2, Stream Vision Ballistics<\/div>\n<\/div>\n<\/td>\n<\/tr>\n<tr>\n<td style=\"width: 449.562px\">Bluetooth<\/td>\n<td style=\"width: 491.638px\">BLE 4.2<\/td>\n<\/tr>\n<tr>\n<td style=\"width: 449.562px\">Wi-Fi<\/td>\n<td style=\"width: 491.638px\">\n<div>\n<div>2,4 \/ 5 GHz, IEEE 802.11 b\/g\/n\/ac (WPA)<\/div>\n<\/div>\n<\/td>\n<\/tr>\n<tr>\n<td style=\"width: 449.562px\">Typ IR osvetlenia<\/td>\n<td style=\"width: 491.638px\">LED<\/td>\n<\/tr>\n<tr>\n<td style=\"width: 449.562px\">V\u00fdkon IR<\/td>\n<td style=\"width: 491.638px\">200 mW<\/td>\n<\/tr>\n<tr>\n<td style=\"width: 449.562px\">Vlnov\u00e1 d\u013a\u017eka IR<\/td>\n<td style=\"width: 491.638px\">850 nm<\/td>\n<\/tr>\n<tr>\n<td style=\"width: 449.562px\">Typ USB<\/td>\n<td style=\"width: 491.638px\">USB Type-C<\/td>\n<\/tr>\n<tr>\n<td style=\"width: 449.562px\">Prev\u00e1dzkov\u00e1 doba (pri 22 \u00b0C)<\/td>\n<td style=\"width: 491.638px\">8 hod\u00edn<\/td>\n<\/tr>\n<tr>\n<td style=\"width: 449.562px\">Rozmery<\/td>\n<td style=\"width: 491.638px\">207 \u00d7 132 \u00d7 72 mm<\/td>\n<\/tr>\n<tr>\n<td style=\"width: 449.562px\">Hmotnos\u0165<\/td>\n<td style=\"width: 491.638px\">1 kg (s bat\u00e9riou)<\/td>\n<\/tr>\n<\/tbody>\n<\/table>\n<\/div>\n","protected":false},"excerpt":{"rendered":"<div class=\"flex flex-col text-sm pb-25\">\n<section class=\"text-token-text-primary w-full focus:outline-none [--shadow-height:45px] has-data-writing-block:pointer-events-none has-data-writing-block:-mt-(--shadow-height) has-data-writing-block:pt-(--shadow-height) [&amp;:has([data-writing-block])&gt;*]:pointer-events-auto scroll-mt-[calc(var(--header-height)+min(200px,max(70px,20svh)))]\" dir=\"auto\" data-turn-id=\"request-WEB:4dcd1385-4f1c-4ebb-86e1-669f0ffe8dad-64\" data-testid=\"conversation-turn-130\" data-scroll-anchor=\"true\" data-turn=\"assistant\">\n<div class=\"text-base my-auto mx-auto pb-10 [--thread-content-margin:var(--thread-content-margin-xs,calc(var(--spacing)*4))] @w-sm\/main:[--thread-content-margin:var(--thread-content-margin-sm,calc(var(--spacing)*6))] @w-lg\/main:[--thread-content-margin:var(--thread-content-margin-lg,calc(var(--spacing)*16))] px-(--thread-content-margin)\">\n<div class=\"[--thread-content-max-width:40rem] @w-lg\/main:[--thread-content-max-width:48rem] mx-auto max-w-(--thread-content-max-width) flex-1 group\/turn-messages focus-visible:outline-hidden relative flex w-full min-w-0 flex-col agent-turn\">\n<div class=\"flex max-w-full flex-col gap-4 grow\">\n<div class=\"min-h-8 text-message relative flex w-full flex-col items-end gap-2 text-start break-words whitespace-normal outline-none keyboard-focused:focus-ring [.text-message+&amp;]:mt-1\" dir=\"auto\" data-message-author-role=\"assistant\" data-message-id=\"a0655924-1280-48be-923e-08f2fc0a06d9\" data-message-model-slug=\"gpt-5-3\" data-turn-start-message=\"true\">\n<div class=\"flex w-full flex-col gap-1 empty:hidden\">\n<div class=\"markdown prose dark:prose-invert w-full wrap-break-word light markdown-new-styling\">\n<p data-start=\"0\" data-end=\"332\" data-is-last-node=\"\" data-is-only-node=\"\">Pr\u00e9miov\u00fd multispektr\u00e1lny \u010falekoh\u013ead s termov\u00edziou, no\u010dn\u00fdm viden\u00edm, plnofarebn\u00fdm denn\u00fdm zobrazen\u00edm a integrovan\u00fdm laserov\u00fdm dia\u013ekomerom. V\u010faka \u0161irok\u00e9mu zorn\u00e9mu po\u013eu je ur\u010den\u00fd na skenovanie lesov a zmie\u0161an\u00e9ho ter\u00e9nu a poskytuje maxim\u00e1lne detaily obrazu a r\u00fdchlu detekciu za denn\u00e9ho svetla, tmy aj za s\u00famraku.<\/p>\n<\/div>\n<\/div>\n<\/div>\n<\/div>\n<div class=\"z-0 flex min-h-[46px] justify-start\"><\/div>\n<div class=\"mt-3 w-full empty:hidden\">\n<div class=\"text-center\"><\/div>\n<\/div>\n<\/div>\n<\/div>\n<\/section>\n<\/div>\n<div class=\"pointer-events-none h-px w-px absolute bottom-0\" aria-hidden=\"true\" data-edge=\"true\"><\/div>\n","protected":false},"featured_media":21896,"template":"","meta":{"_gspb_post_css":""},"product_brand":[317],"product_cat":[336,145,21,144,330],"product_tag":[347,365,325,172,2773,311],"class_list":{"0":"post-21841","1":"product","2":"type-product","3":"status-publish","4":"has-post-thumbnail","6":"product_brand-pulsar","7":"product_cat-binokulare-s-nocnym-videnim","8":"product_cat-nocne-videnie","9":"product_cat-optika","10":"product_cat-termovizie","11":"product_cat-termovizne-binokulare","12":"product_tag-laserovy-dialkomer","13":"product_tag-multispektralny-binokular","14":"product_tag-nocne-videnie","15":"product_tag-pulsar","16":"product_tag-symbion","17":"product_tag-termovizia","19":"first","20":"instock","21":"taxable","22":"shipping-taxable","23":"purchasable","24":"product-type-simple"},"ct_brands":[{"id":317,"name":"Pulsar","slug":"pulzar"}],"_links":{"self":[{"href":"https:\/\/zbranebudai.sk\/hu\/wp-json\/wp\/v2\/product\/21841","targetHints":{"allow":["GET"]}}],"collection":[{"href":"https:\/\/zbranebudai.sk\/hu\/wp-json\/wp\/v2\/product"}],"about":[{"href":"https:\/\/zbranebudai.sk\/hu\/wp-json\/wp\/v2\/types\/product"}],"wp:featuredmedia":[{"embeddable":true,"href":"https:\/\/zbranebudai.sk\/hu\/wp-json\/wp\/v2\/media\/21896"}],"wp:attachment":[{"href":"https:\/\/zbranebudai.sk\/hu\/wp-json\/wp\/v2\/media?parent=21841"}],"wp:term":[{"taxonomy":"product_brand","embeddable":true,"href":"https:\/\/zbranebudai.sk\/hu\/wp-json\/wp\/v2\/product_brand?post=21841"},{"taxonomy":"product_cat","embeddable":true,"href":"https:\/\/zbranebudai.sk\/hu\/wp-json\/wp\/v2\/product_cat?post=21841"},{"taxonomy":"product_tag","embeddable":true,"href":"https:\/\/zbranebudai.sk\/hu\/wp-json\/wp\/v2\/product_tag?post=21841"}],"curies":[{"name":"wp","href":"https:\/\/api.w.org\/{rel}","templated":true}]}}