{"id":21839,"date":"2026-05-09T09:46:44","date_gmt":"2026-05-09T07:46:44","guid":{"rendered":"https:\/\/zbranebudai.sk\/?post_type=product&#038;p=21839"},"modified":"2026-05-09T17:01:57","modified_gmt":"2026-05-09T15:01:57","slug":"pard-pantera-256-mini-hokameras-celpontoptika","status":"publish","type":"product","link":"https:\/\/zbranebudai.sk\/hu\/product\/pard-pantera-256-mini-termovizny-zameriavac\/","title":{"rendered":"Pard PANTERA 256 MINI h\u0151kamera c\u00e9lt\u00e1vcs\u0151"},"content":{"rendered":"<p data-start=\"0\" data-end=\"206\"><strong>Pard PANTERA 256 MINI termov\u00edzny zameriava\u010d<\/strong><\/p>\n<div class=\"text-base my-auto mx-auto [--thread-content-margin:var(--thread-content-margin-xs,calc(var(--spacing)*4))] @w-sm\/main:[--thread-content-margin:var(--thread-content-margin-sm,calc(var(--spacing)*6))] @w-lg\/main:[--thread-content-margin:var(--thread-content-margin-lg,calc(var(--spacing)*16))] px-(--thread-content-margin)\">\n<div class=\"[--thread-content-max-width:40rem] @w-lg\/main:[--thread-content-max-width:48rem] mx-auto max-w-(--thread-content-max-width) flex-1 group\/turn-messages focus-visible:outline-hidden relative flex w-full min-w-0 flex-col agent-turn\">\n<div class=\"flex max-w-full flex-col gap-4 grow\">\n<div class=\"min-h-8 text-message relative flex w-full flex-col items-end gap-2 text-start break-words whitespace-normal outline-none keyboard-focused:focus-ring [.text-message+&amp;]:mt-1\" dir=\"auto\" data-message-author-role=\"assistant\" data-message-id=\"9d2e5747-7e25-49e5-84d3-49e99355b7bc\" data-message-model-slug=\"gpt-5-5\">\n<div class=\"flex w-full flex-col gap-1 empty:hidden\">\n<div class=\"markdown prose dark:prose-invert wrap-break-word w-full light markdown-new-styling\">\n<p data-start=\"0\" data-end=\"207\">Termov\u00edzny zameriava\u010d PANTERA 256 MINI je navrhnut\u00fd ako kompaktn\u00e9 a cenovo dostupn\u00e9 rie\u0161enie v tubusovom preveden\u00ed so \u0161tandardn\u00fdm priemerom 30 mm, \u010do zabezpe\u010duje jednoduch\u00fa kompatibilitu s be\u017en\u00fdmi mont\u00e1\u017eami.<\/p>\n<p data-start=\"209\" data-end=\"576\">Z\u00e1kladom pr\u00edstroja je nechladen\u00fd VOx senzor s rozl\u00ed\u0161en\u00edm 256 \u00d7 192 px, ve\u013ekos\u0165ou pixelu 12 \u00b5m a ve\u013emi citliv\u00fdm NETD \u2264 15 mK. V\u010faka tomu dok\u00e1\u017ee lep\u0161ie rozli\u0161ova\u0165 ciele aj v podmienkach s n\u00edzkym tepeln\u00fdm kontrastom. Obraz sa zobrazuje na OLED displeji s rozl\u00ed\u0161en\u00edm 1920 \u00d7 1080 px, ktor\u00fd poskytuje dostatok detailov a plynul\u00e9 zobrazenie pri obnovovacej frekvencii 50 Hz.<\/p>\n<p data-start=\"578\" data-end=\"784\">Ve\u013ekou prednos\u0165ou modelu je bo\u010dn\u00e9 zaostrovanie, ktor\u00e9 umo\u017e\u0148uje presn\u00e9 a plynul\u00e9 doostrenie bez nutnosti meni\u0165 poz\u00edciu pri mieren\u00ed. Ovl\u00e1danie je navrhnut\u00e9 s d\u00f4razom na jednoduchos\u0165 a r\u00fdchlu reakciu v ter\u00e9ne.<\/p>\n<p data-start=\"786\" data-end=\"1103\" data-is-last-node=\"\" data-is-only-node=\"\">S optick\u00fdm zv\u00e4\u010d\u0161en\u00edm 3,6\u00d7, objekt\u00edvom 25 mm a hmotnos\u0165ou iba 500 g je PANTERA 256 MINI vhodn\u00e1 pre pou\u017e\u00edvate\u013eov, ktor\u00ed h\u013eadaj\u00fa \u013eahk\u00fd, kompaktn\u00fd a jednoducho pou\u017eite\u013en\u00fd termov\u00edzny zameriava\u010d bez zbyto\u010dnej zlo\u017eitosti. Model nie je vybaven\u00fd laserov\u00fdm dia\u013ekomerom, \u010do zodpoved\u00e1 jeho zameraniu na jednoduchos\u0165 a dostupnos\u0165.<\/p>\n<\/div>\n<\/div>\n<\/div>\n<\/div>\n<div class=\"z-0 flex min-h-[46px] justify-start\"><\/div>\n<\/div>\n<\/div>\n<table dir=\"ltr\" style=\"width: 944px;height: 384px\" border=\"1\" cellspacing=\"0\" cellpadding=\"0\" data-sheets-root=\"1\" data-sheets-baot=\"1\">\n<colgroup>\n<col width=\"100\" \/>\n<col width=\"172\" \/><\/colgroup>\n<tbody>\n<tr style=\"height: 24px\">\n<td style=\"width: 436.55px;height: 24px\">Vlastnosti<\/td>\n<td style=\"width: 502.65px;height: 24px\">Hodnota<\/td>\n<\/tr>\n<tr style=\"height: 24px\">\n<td style=\"width: 436.55px;height: 24px\">Typ zariadenia<\/td>\n<td style=\"width: 502.65px;height: 24px\">Termov\u00edzny zameriava\u010d<\/td>\n<\/tr>\n<tr style=\"height: 24px\">\n<td style=\"width: 436.55px;height: 24px\">Senzor<\/td>\n<td style=\"width: 502.65px;height: 24px\">Nechladen\u00fd VOx<\/td>\n<\/tr>\n<tr style=\"height: 24px\">\n<td style=\"width: 436.55px;height: 24px\">Rozl\u00ed\u0161enie senzora<\/td>\n<td style=\"width: 502.65px;height: 24px\">256 \u00d7 192 px<\/td>\n<\/tr>\n<tr style=\"height: 24px\">\n<td style=\"width: 436.55px;height: 24px\">Ve\u013ekos\u0165 pixelov<\/td>\n<td style=\"width: 502.65px;height: 24px\">12 \u00b5m<\/td>\n<\/tr>\n<tr style=\"height: 24px\">\n<td style=\"width: 436.55px;height: 24px\">NETD (citlivos\u0165)<\/td>\n<td style=\"width: 502.65px;height: 24px\">\u2264 15 mK<\/td>\n<\/tr>\n<tr style=\"height: 24px\">\n<td style=\"width: 436.55px;height: 24px\">Frekvencia obnovovania obrazu<\/td>\n<td style=\"width: 502.65px;height: 24px\">50 Hz<\/td>\n<\/tr>\n<tr style=\"height: 24px\">\n<td style=\"width: 436.55px;height: 24px\">Objekt\u00edv<\/td>\n<td style=\"width: 502.65px;height: 24px\">25 mm<\/td>\n<\/tr>\n<tr style=\"height: 24px\">\n<td style=\"width: 436.55px;height: 24px\">Optick\u00e9 zv\u00e4\u010d\u0161enie<\/td>\n<td style=\"width: 502.65px;height: 24px\">3,6\u00d7<\/td>\n<\/tr>\n<tr style=\"height: 24px\">\n<td style=\"width: 436.55px;height: 24px\">Displej<\/td>\n<td style=\"width: 502.65px;height: 24px\">OLED<\/td>\n<\/tr>\n<tr style=\"height: 24px\">\n<td style=\"width: 436.55px;height: 24px\">Rozl\u00ed\u0161enie displeja<\/td>\n<td style=\"width: 502.65px;height: 24px\">1920 \u00d7 1080 px<\/td>\n<\/tr>\n<tr style=\"height: 24px\">\n<td style=\"width: 436.55px;height: 24px\">Vzdialenos\u0165 medzi zrenicami<\/td>\n<td style=\"width: 502.65px;height: 24px\">50 mm<\/td>\n<\/tr>\n<tr style=\"height: 24px\">\n<td style=\"width: 436.55px;height: 24px\">Laserov\u00fd dia\u013ekomer<\/td>\n<td style=\"width: 502.65px;height: 24px\">Nie<\/td>\n<\/tr>\n<tr style=\"height: 24px\">\n<td style=\"width: 436.55px;height: 24px\">Tubus<\/td>\n<td style=\"width: 502.65px;height: 24px\">30 mm<\/td>\n<\/tr>\n<tr style=\"height: 24px\">\n<td style=\"width: 436.55px;height: 24px\">Rozmery<\/td>\n<td style=\"width: 502.65px;height: 24px\">285 \u00d7 82 \u00d7 60 mm<\/td>\n<\/tr>\n<tr style=\"height: 24px\">\n<td style=\"width: 436.55px;height: 24px\">Hmotnos\u0165<\/td>\n<td style=\"width: 502.65px;height: 24px\">500 g<\/td>\n<\/tr>\n<\/tbody>\n<\/table>\n<p>Ofici\u00e1lna str\u00e1nka zna\u010dky: <a href=\"https:\/\/pard.com\/eu\">https:\/\/pard.com\/eu<\/a><\/p>\n","protected":false},"excerpt":{"rendered":"<p>A PANTERA 256 MINI egy kompakt h\u0151kamera c\u00e9lt\u00e1vcs\u0151 klasszikus 30 mm-es tubus kivitelben. \u00c9rz\u00e9keny VOx \u00e9rz\u00e9kel\u0151t k\u00edn\u00e1l \u2264 15 mK NETD \u00e9rt\u00e9kkel, 1920 \u00d7 1080 px felbont\u00e1s\u00fa OLED kijelz\u0151t \u00e9s praktikus oldals\u00f3 f\u00f3kusz\u00e1l\u00e1st a k\u00e9nyelmes \u00e9les\u00edt\u00e9shez a l\u00f6v\u00e9si poz\u00edci\u00f3 megv\u00e1ltoztat\u00e1sa n\u00e9lk\u00fcl. Mind\u00f6ssze 500 g-os s\u00faly\u00e1val k\u00f6nny\u0171 \u00e9s j\u00f3l kezelhet\u0151 megold\u00e1st k\u00edn\u00e1l a mindennapi haszn\u00e1latra.<\/p>","protected":false},"featured_media":21887,"template":"","meta":{"_gspb_post_css":""},"product_brand":[308],"product_cat":[21,144,329,326],"product_tag":[292,229,345],"class_list":{"0":"post-21839","1":"product","2":"type-product","3":"status-publish","4":"has-post-thumbnail","6":"product_brand-pard","7":"product_cat-optika","8":"product_cat-termovizie","9":"product_cat-termovizne-puskohlady","10":"product_cat-termovizne-zameriavace","11":"product_tag-pantera","12":"product_tag-pard","13":"product_tag-termovizny-zameriavac","15":"first","16":"instock","17":"sale","18":"taxable","19":"shipping-taxable","20":"purchasable","21":"product-type-simple"},"ct_brands":[{"id":308,"name":"Pard","slug":"pard"}],"_links":{"self":[{"href":"https:\/\/zbranebudai.sk\/hu\/wp-json\/wp\/v2\/product\/21839","targetHints":{"allow":["GET"]}}],"collection":[{"href":"https:\/\/zbranebudai.sk\/hu\/wp-json\/wp\/v2\/product"}],"about":[{"href":"https:\/\/zbranebudai.sk\/hu\/wp-json\/wp\/v2\/types\/product"}],"wp:featuredmedia":[{"embeddable":true,"href":"https:\/\/zbranebudai.sk\/hu\/wp-json\/wp\/v2\/media\/21887"}],"wp:attachment":[{"href":"https:\/\/zbranebudai.sk\/hu\/wp-json\/wp\/v2\/media?parent=21839"}],"wp:term":[{"taxonomy":"product_brand","embeddable":true,"href":"https:\/\/zbranebudai.sk\/hu\/wp-json\/wp\/v2\/product_brand?post=21839"},{"taxonomy":"product_cat","embeddable":true,"href":"https:\/\/zbranebudai.sk\/hu\/wp-json\/wp\/v2\/product_cat?post=21839"},{"taxonomy":"product_tag","embeddable":true,"href":"https:\/\/zbranebudai.sk\/hu\/wp-json\/wp\/v2\/product_tag?post=21839"}],"curies":[{"name":"wp","href":"https:\/\/api.w.org\/{rel}","templated":true}]}}