{"id":21838,"date":"2026-05-09T09:46:44","date_gmt":"2026-05-09T07:46:44","guid":{"rendered":"https:\/\/zbranebudai.sk\/?post_type=product&#038;p=21838"},"modified":"2026-05-09T16:37:20","modified_gmt":"2026-05-09T14:37:20","slug":"pard-nv007v2-pro-940nm-digitalis-ejjellato-elotet","status":"publish","type":"product","link":"https:\/\/zbranebudai.sk\/hu\/product\/pard-nv007v2-pro-940nm-digitalna-nocna-predsadka\/","title":{"rendered":"Pard NV007V2 PRO 940nm digit\u00e1lis \u00e9jjell\u00e1t\u00f3 el\u0151t\u00e9t"},"content":{"rendered":"<p><strong>Pard NV007V2 PRO 940nm digit\u00e1lis \u00e9jjell\u00e1t\u00f3 el\u0151t\u00e9t<\/strong><\/p>\n<p data-start=\"0\" data-end=\"377\">A PARD NV007V2 Pro egy modern digit\u00e1lis \u00e9jjell\u00e1t\u00f3 el\u0151t\u00e9t, amelyet kih\u00edv\u00e1st jelent\u0151 f\u00e9nyviszonyok melletti haszn\u00e1latra terveztek. 2560 \u00d7 1440 px felbont\u00e1s\u00fa \u00e9s 0,001 lux nagy \u00e9rz\u00e9kenys\u00e9g\u0171 CMOS \u00e9rz\u00e9kel\u0151t haszn\u00e1l, amely minim\u00e1lis marad\u00e9kf\u00e9ny mellett is r\u00e9szletes k\u00e9pet tesz lehet\u0151v\u00e9. A k\u00e9p egy 1920 \u00d7 1080 px felbont\u00e1s\u00fa OLED kijelz\u0151n jelenik meg, ak\u00e1r 60 Hz-es k\u00e9pfriss\u00edt\u00e9si r\u00e1t\u00e1val, sz\u00ednes \u00fczemm\u00f3dban.<\/p>\n<p data-start=\"379\" data-end=\"635\">A 14,5 mm \u00e1tm\u00e9r\u0151j\u0171 objekt\u00edv 22\u00b0-os v\u00edzszintes \u00e9s 16\u00b0-os f\u00fcgg\u0151leges l\u00e1t\u00f3mez\u0151t k\u00edn\u00e1l, ami 100 m\u00e9teres t\u00e1vols\u00e1gon 38,4 \u00d7 28,8 m\u00e9ternek felel meg. A sz\u00e9lesebb l\u00e1t\u00f3mez\u0151 gyorsabb c\u00e9lazonos\u00edt\u00e1st, hat\u00e9konyabb reakci\u00f3t \u00e9s stabilabb k\u00f6vet\u00e9st tesz lehet\u0151v\u00e9 mozg\u00f3 c\u00e9lpontok eset\u00e9n.<\/p>\n<p data-start=\"637\" data-end=\"936\">A PARD NV007V2 Pro k\u00e9nyelmet \u00e9s univerz\u00e1lis kezelhet\u0151s\u00e9get szem el\u0151tt tartva k\u00e9sz\u00fclt. Az \u00e9less\u00e9g\u00e1ll\u00edt\u00f3 rendszer \u00e9s a kezel\u0151szervek elrendez\u00e9se egyar\u00e1nt megk\u00f6nny\u00edti a jobb- \u00e9s balkezesek sz\u00e1m\u00e1ra a k\u00e9nyelmes haszn\u00e1latot. A kezel\u00e9s intuit\u00edv, gyors \u00e9s term\u00e9szetes, m\u00e9g keszty\u0171ben vagy rossz megvil\u00e1g\u00edt\u00e1si k\u00f6r\u00fclm\u00e9nyek k\u00f6z\u00f6tt is.<\/p>\n<p data-start=\"938\" data-end=\"1103\">Az \u00e1tgondolt kialak\u00edt\u00e1snak k\u00f6sz\u00f6nhet\u0151en a vez\u00e9rl\u00e9s stabil \u00e9s biztos marad a hosszabb haszn\u00e1lat sor\u00e1n is, ami hozz\u00e1j\u00e1rul a jobb helyzetkontrollhoz \u00e9s a pontosabb c\u00e9lz\u00e1shoz.<\/p>\n<p data-start=\"1105\" data-end=\"1307\">A PARD NV007V2 Pro a j\u00f3l bev\u00e1lt 007-es sorozat kompakt fel\u00e9p\u00edt\u00e9s\u00e9re \u00e9p\u00fcl, \u00e9s m\u00e9g nagyobb \u00e9rt\u00e9ket k\u00edn\u00e1l a terepen. 135 \u00d7 55 \u00d7 100 mm-es m\u00e9reteivel \u00e9s mind\u00f6ssze 275 g-os s\u00faly\u00e1val nem terheli feleslegesen a felszerel\u00e9st.<\/p>\n<p data-start=\"1309\" data-end=\"1544\">Az alacsony s\u00faly \u00e9s a kompakt, AL6061 alum\u00ednium \u00e9s kompozit anyagokb\u00f3l k\u00e9sz\u00fclt test k\u00f6nny\u0171 kezelhet\u0151s\u00e9get, gyors fel\u00e1ll\u00edt\u00e1st, valamint k\u00e9nyelmes haszn\u00e1latot biztos\u00edt hosszabb vad\u00e1szatok sor\u00e1n. Ennek eredm\u00e9nyek\u00e9ppen nagyobb a rugalmass\u00e1g a terepen \u00e9s hat\u00e9konyabb munkav\u00e9gz\u00e9s minden helyzetben.<\/p>\n<p data-start=\"1546\" data-end=\"1769\">A PARD NV007V2 Pro k\u00e9sz\u00fcl\u00e9k levehet\u0151 infravet\u0151vel van felszerelve, amely 850 nm vagy 940 nm hull\u00e1mhossz\u00fas\u00e1g\u00fa lehet. A felhaszn\u00e1l\u00f3 \u00edgy a konkr\u00e9t felt\u00e9teleknek \u00e9s a megvil\u00e1g\u00edt\u00e1s l\u00e1that\u00f3s\u00e1g\u00e1ra vonatkoz\u00f3 k\u00f6vetelm\u00e9nyeknek megfelel\u0151en v\u00e1laszthatja ki a v\u00e1ltozatot.<\/p>\n<p data-start=\"1771\" data-end=\"2003\">A 850 nm-es hull\u00e1mhossz nagyobb teljes\u00edtm\u00e9nyt \u00e9s maxim\u00e1lis hat\u00f3t\u00e1vols\u00e1got biztos\u00edt, m\u00edg a 940 nm diszkr\u00e9tebb m\u0171k\u00f6d\u00e9st k\u00edn\u00e1l minim\u00e1lis l\u00e1that\u00f3 sug\u00e1rz\u00e1ssal. A be\u00e9p\u00edtett 5 W-os IR modul ak\u00e1r 350 m t\u00e1vols\u00e1gig teszi lehet\u0151v\u00e9 a felismer\u00e9st.<\/p>\n<p data-start=\"2005\" data-end=\"2150\">Az IR c\u00e9lt\u00e1vcs\u00f6vek r\u00e1ad\u00e1sul teljesen kompatibilisek az NV007SP 2 4K modellel, ami megk\u00f6nny\u00edti a tartoz\u00e9kok cser\u00e9j\u00e9t az eszk\u00f6z\u00f6k k\u00f6z\u00f6tt, \u00e9s n\u00f6veli a felszerel\u00e9s rugalmass\u00e1g\u00e1t.<\/p>\n<p data-start=\"2152\" data-end=\"2549\" data-is-last-node=\"\" data-is-only-node=\"\">A PARD NV007V1 Pro cser\u00e9lhet\u0151, 3,7 V-os 18650 t\u00edpus\u00fa Li-Ion akkumul\u00e1torral m\u0171k\u00f6dik. Kivehet\u0151 kialak\u00edt\u00e1s\u00e1nak k\u00f6sz\u00f6nhet\u0151en az akkumul\u00e1tor k\u00f6nnyen cser\u00e9lhet\u0151 k\u00f6zvetlen\u00fcl terepen, \u00edgy \u00d6n zavartalanul folytathatja tev\u00e9kenys\u00e9g\u00e9t. A maxim\u00e1lis \u00fczemid\u0151 egyetlen felt\u00f6lt\u00e9ssel ak\u00e1r 6 \u00f3ra is lehet, a haszn\u00e1lat m\u00f3dj\u00e1t\u00f3l f\u00fcgg\u0151en. A t\u00f6lt\u00e9s USB-C interf\u00e9szen kereszt\u00fcl t\u00f6rt\u00e9nik, ami gyors \u00e9s k\u00e9nyelmes energiaforr\u00e1st biztos\u00edt.<\/p>\n<table dir=\"ltr\" style=\"height: 1152px;width: 951px\" border=\"1\" cellspacing=\"0\" cellpadding=\"0\" data-sheets-root=\"1\" data-sheets-baot=\"1\">\n<colgroup>\n<col width=\"172\" \/>\n<col width=\"37\" \/><\/colgroup>\n<tbody>\n<tr style=\"height: 24px\">\n<td style=\"height: 24px;width: 430.538px\">\u00c9rz\u00e9kel\u0151<\/td>\n<td style=\"height: 24px;width: 515.662px\">\n<div>\n<div>CMOS<\/div>\n<\/div>\n<\/td>\n<\/tr>\n<tr style=\"height: 24px\">\n<td style=\"height: 24px;width: 430.538px\">\u00c9rz\u00e9kel\u0151 felbont\u00e1sa<\/td>\n<td style=\"height: 24px;width: 515.662px\">\n<div>\n<div>2560 \u00d7 1440 px<\/div>\n<\/div>\n<\/td>\n<\/tr>\n<tr style=\"height: 24px\">\n<td style=\"height: 24px;width: 430.538px\">Pixel m\u00e9ret<\/td>\n<td style=\"height: 24px;width: 515.662px\">\n<div>\n<div>2,9 \u03bcm<\/div>\n<\/div>\n<\/td>\n<\/tr>\n<tr style=\"height: 24px\">\n<td style=\"height: 24px;width: 430.538px\">\u00c9rz\u00e9kenys\u00e9g<\/td>\n<td style=\"height: 24px;width: 515.662px\">\n<div>\n<div>0,001 lux<\/div>\n<\/div>\n<\/td>\n<\/tr>\n<tr style=\"height: 72px\">\n<td style=\"height: 72px;width: 430.538px\">K\u00e9perny\u0151friss\u00edt\u00e9si frekvencia<\/td>\n<td style=\"height: 72px;width: 515.662px\">\n<div>\n<div>60 Hz (sz\u00ednes) \/ 30 Hz (fekete-feh\u00e9r)<\/div>\n<\/div>\n<\/td>\n<\/tr>\n<tr style=\"height: 24px\">\n<td style=\"height: 24px;width: 430.538px\">Kijelz\u0151<\/td>\n<td style=\"height: 24px;width: 515.662px\">\n<div>\n<div>OLED<\/div>\n<\/div>\n<\/td>\n<\/tr>\n<tr style=\"height: 24px\">\n<td style=\"height: 24px;width: 430.538px\">Kijelz\u0151 felbont\u00e1sa<\/td>\n<td style=\"height: 24px;width: 515.662px\">\n<div>\n<div>1920 \u00d7 1080 px<\/div>\n<\/div>\n<\/td>\n<\/tr>\n<tr style=\"height: 24px\">\n<td style=\"height: 24px;width: 430.538px\">Lencse<\/td>\n<td style=\"height: 24px;width: 515.662px\">\n<div>\n<div>14,5 mm<\/div>\n<\/div>\n<\/td>\n<\/tr>\n<tr style=\"height: 24px\">\n<td style=\"height: 24px;width: 430.538px\">Optikai nagy\u00edt\u00e1s<\/td>\n<td style=\"height: 24px;width: 515.662px\">1,4\u00d7<\/td>\n<\/tr>\n<tr style=\"height: 24px\">\n<td style=\"height: 24px;width: 430.538px\">Digit\u00e1lis zoom<\/td>\n<td style=\"height: 24px;width: 515.662px\">\n<div>\n<div>1,5\u00d7 \u2013 3,5\u00d7<\/div>\n<\/div>\n<\/td>\n<\/tr>\n<tr style=\"height: 48px\">\n<td style=\"height: 48px;width: 430.538px\">L\u00e1t\u00f3mez\u0151<\/td>\n<td style=\"height: 48px;width: 515.662px\">\n<div>\n<div>22\u00b0 (v\u00edzszintes) \/ 16\u00b0 (f\u00fcgg\u0151leges)<\/div>\n<\/div>\n<\/td>\n<\/tr>\n<tr style=\"height: 24px\">\n<td style=\"height: 24px;width: 430.538px\">L\u00e1t\u00f3mez\u0151 100 m-en<\/td>\n<td style=\"height: 24px;width: 515.662px\">\n<div>\n<div>38,4 \u00d7 28,8 m<\/div>\n<\/div>\n<\/td>\n<\/tr>\n<tr style=\"height: 24px\">\n<td style=\"height: 24px;width: 430.538px\">C\u00e9l<\/td>\n<td style=\"height: 24px;width: 515.662px\">\n<div>\n<div>3 m \u2013 \u221e<\/div>\n<\/div>\n<\/td>\n<\/tr>\n<tr style=\"height: 24px\">\n<td style=\"height: 24px;width: 430.538px\">Dioptri\u00e1k be\u00e1ll\u00edt\u00e1sa<\/td>\n<td style=\"height: 24px;width: 515.662px\">\u00b15 D<\/td>\n<\/tr>\n<tr style=\"height: 24px\">\n<td style=\"height: 24px;width: 430.538px\">Pupillat\u00e1vols\u00e1g<\/td>\n<td style=\"height: 24px;width: 515.662px\">\n<div>\n<div>25 mm<\/div>\n<\/div>\n<\/td>\n<\/tr>\n<tr style=\"height: 24px\">\n<td style=\"height: 24px;width: 430.538px\">IR vil\u00e1g\u00edt\u00e1s<\/td>\n<td style=\"height: 24px;width: 515.662px\">5 W<\/td>\n<\/tr>\n<tr style=\"height: 48px\">\n<td style=\"height: 48px;width: 430.538px\">IR hull\u00e1mhossz<\/td>\n<td style=\"height: 48px;width: 515.662px\">\n<div>\n<div>850 nm \/ 940 nm<\/div>\n<\/div>\n<\/td>\n<\/tr>\n<tr style=\"height: 24px\">\n<td style=\"height: 24px;width: 430.538px\">IR hat\u00f3t\u00e1vols\u00e1g<\/td>\n<td style=\"height: 24px;width: 515.662px\">\n<div>\n<div>350 m-ig<\/div>\n<\/div>\n<\/td>\n<\/tr>\n<tr style=\"height: 24px\">\n<td style=\"height: 24px;width: 430.538px\">F\u00e9nyk\u00e9pek felbont\u00e1sa<\/td>\n<td style=\"height: 24px;width: 515.662px\">\n<div>\n<div>1440 \u00d7 1080 px<\/div>\n<\/div>\n<\/td>\n<\/tr>\n<tr style=\"height: 24px\">\n<td style=\"height: 24px;width: 430.538px\">Vide\u00f3 felbont\u00e1s<\/td>\n<td style=\"height: 24px;width: 515.662px\">\n<div>\n<div>1440 \u00d7 1080 px<\/div>\n<\/div>\n<\/td>\n<\/tr>\n<tr style=\"height: 24px\">\n<td style=\"height: 24px;width: 430.538px\">F\u00e9nyk\u00e9p form\u00e1tum<\/td>\n<td style=\"height: 24px;width: 515.662px\">JPG<\/td>\n<\/tr>\n<tr style=\"height: 24px\">\n<td style=\"height: 24px;width: 430.538px\">Vide\u00f3 form\u00e1tum<\/td>\n<td style=\"height: 24px;width: 515.662px\">MP4<\/td>\n<\/tr>\n<tr style=\"height: 24px\">\n<td style=\"height: 24px;width: 430.538px\">Hangfelv\u00e9tel<\/td>\n<td style=\"height: 24px;width: 515.662px\">Igen<\/td>\n<\/tr>\n<tr style=\"height: 24px\">\n<td style=\"height: 24px;width: 430.538px\">PIP (K\u00e9p a k\u00e9pben)<\/td>\n<td style=\"height: 24px;width: 515.662px\">Igen<\/td>\n<\/tr>\n<tr style=\"height: 24px\">\n<td style=\"height: 24px;width: 430.538px\">Automatikus felv\u00e9tel<\/td>\n<td style=\"height: 24px;width: 515.662px\">Igen<\/td>\n<\/tr>\n<tr style=\"height: 24px\">\n<td style=\"height: 24px;width: 430.538px\">Hurokfelv\u00e9tel<\/td>\n<td style=\"height: 24px;width: 515.662px\">Igen<\/td>\n<\/tr>\n<tr style=\"height: 24px\">\n<td style=\"height: 24px;width: 430.538px\">Id\u0151b\u00e9lyeg<\/td>\n<td style=\"height: 24px;width: 515.662px\">Igen<\/td>\n<\/tr>\n<tr style=\"height: 72px\">\n<td style=\"height: 72px;width: 430.538px\">Expoz\u00edci\u00f3kompenz\u00e1ci\u00f3<\/td>\n<td style=\"height: 72px;width: 515.662px\">Igen<\/td>\n<\/tr>\n<tr style=\"height: 24px\">\n<td style=\"height: 24px;width: 430.538px\">WiFi<\/td>\n<td style=\"height: 24px;width: 515.662px\">Igen<\/td>\n<\/tr>\n<tr style=\"height: 24px\">\n<td style=\"height: 24px;width: 430.538px\">Alkalmaz\u00e1s<\/td>\n<td style=\"height: 24px;width: 515.662px\">\n<div>\n<div>PardVision2<\/div>\n<\/div>\n<\/td>\n<\/tr>\n<tr style=\"height: 48px\">\n<td style=\"height: 48px;width: 430.538px\">T\u00e1rhely<\/td>\n<td style=\"height: 48px;width: 515.662px\">\n<div>\n<div>MicroSD 128 GB-ig<\/div>\n<\/div>\n<\/td>\n<\/tr>\n<tr style=\"height: 24px\">\n<td style=\"height: 24px;width: 430.538px\">Akkumul\u00e1tor<\/td>\n<td style=\"height: 24px;width: 515.662px\">\n<div>\n<div>1\u00d7 Li-ion 18650<\/div>\n<\/div>\n<\/td>\n<\/tr>\n<tr style=\"height: 24px\">\n<td style=\"height: 24px;width: 430.538px\">Fesz\u00fclts\u00e9g<\/td>\n<td style=\"height: 24px;width: 515.662px\">3,7 V<\/td>\n<\/tr>\n<tr style=\"height: 24px\">\n<td style=\"height: 24px;width: 430.538px\">Az akkumul\u00e1tor \u00e9lettartama<\/td>\n<td style=\"height: 24px;width: 515.662px\">\n<div>\n<div>legfeljebb 6 \u00f3ra<\/div>\n<\/div>\n<\/td>\n<\/tr>\n<tr style=\"height: 72px\">\n<td style=\"height: 72px;width: 430.538px\">A h\u00e1z anyaga<\/td>\n<td style=\"height: 72px;width: 515.662px\">\n<div>\n<div>Al6061 alum\u00ednium \u00e9s kompozit<\/div>\n<\/div>\n<\/td>\n<\/tr>\n<tr style=\"height: 48px\">\n<td style=\"height: 48px;width: 430.538px\">M\u00e9retek<\/td>\n<td style=\"height: 48px;width: 515.662px\">\n<div>\n<div>135 \u00d7 55 \u00d7 100 mm<\/div>\n<\/div>\n<\/td>\n<\/tr>\n<tr style=\"height: 48px\">\n<td style=\"height: 48px;width: 430.538px\">S\u00faly<\/td>\n<td style=\"height: 48px;width: 515.662px\">\n<div>\n<div>275 g (akkumul\u00e1torral)<\/div>\n<\/div>\n<\/td>\n<\/tr>\n<\/tbody>\n<\/table>\n<p>Hivatalos m\u00e1rkaoldal: <a href=\"https:\/\/pard.com\/eu\">https:\/\/pard.com\/eu<\/a><\/p>","protected":false},"excerpt":{"rendered":"<p>A PARD NV007V2 Pro egy digit\u00e1lis \u00e9jjell\u00e1t\u00f3 el\u0151t\u00e9t optikai, 2,2-szeres nagy\u00edt\u00e1ssal, 2560 \u00d7 1440 px felbont\u00e1s\u00fa CMOS \u00e9rz\u00e9kel\u0151vel, 1920 \u00d7 1080 px felbont\u00e1s\u00fa OLED kijelz\u0151vel \u00e9s ak\u00e1r 350 m\u00e9teres hat\u00f3t\u00e1vols\u00e1g\u00fa IR megvil\u00e1g\u00edt\u00e1ssal rendelkezik. Sz\u00ednes \u00e9s fekete-feh\u00e9r m\u00f3dot, hanggal t\u00f6rt\u00e9n\u0151 videofelv\u00e9telt, WiFi kapcsolatot \u00e9s kompakt, 275 g s\u00faly\u00fa kialak\u00edt\u00e1st k\u00edn\u00e1l.<\/p>","protected":false},"featured_media":21881,"template":"","meta":{"_gspb_post_css":""},"product_brand":[308],"product_cat":[145,21,334],"product_tag":[2756,290,229,323],"class_list":{"0":"post-21838","1":"product","2":"type-product","3":"status-publish","4":"has-post-thumbnail","6":"product_brand-pard","7":"product_cat-nocne-videnie","8":"product_cat-optika","9":"product_cat-predsadky-s-nocnym-videnim","10":"product_tag-digitalne-nocne-videnie","11":"product_tag-nv","12":"product_tag-pard","13":"product_tag-predsadka","15":"first","16":"instock","17":"sale","18":"taxable","19":"shipping-taxable","20":"purchasable","21":"product-type-simple"},"ct_brands":[{"id":308,"name":"Pard","slug":"pard"}],"_links":{"self":[{"href":"https:\/\/zbranebudai.sk\/hu\/wp-json\/wp\/v2\/product\/21838","targetHints":{"allow":["GET"]}}],"collection":[{"href":"https:\/\/zbranebudai.sk\/hu\/wp-json\/wp\/v2\/product"}],"about":[{"href":"https:\/\/zbranebudai.sk\/hu\/wp-json\/wp\/v2\/types\/product"}],"wp:featuredmedia":[{"embeddable":true,"href":"https:\/\/zbranebudai.sk\/hu\/wp-json\/wp\/v2\/media\/21881"}],"wp:attachment":[{"href":"https:\/\/zbranebudai.sk\/hu\/wp-json\/wp\/v2\/media?parent=21838"}],"wp:term":[{"taxonomy":"product_brand","embeddable":true,"href":"https:\/\/zbranebudai.sk\/hu\/wp-json\/wp\/v2\/product_brand?post=21838"},{"taxonomy":"product_cat","embeddable":true,"href":"https:\/\/zbranebudai.sk\/hu\/wp-json\/wp\/v2\/product_cat?post=21838"},{"taxonomy":"product_tag","embeddable":true,"href":"https:\/\/zbranebudai.sk\/hu\/wp-json\/wp\/v2\/product_tag?post=21838"}],"curies":[{"name":"wp","href":"https:\/\/api.w.org\/{rel}","templated":true}]}}