{"id":21836,"date":"2026-05-09T09:46:43","date_gmt":"2026-05-09T07:46:43","guid":{"rendered":"https:\/\/zbranebudai.sk\/?post_type=product&#038;p=21836"},"modified":"2026-05-09T13:15:52","modified_gmt":"2026-05-09T11:15:52","slug":"hikmicro-lynx-lq35l-3-0-hokameras-monokular","status":"publish","type":"product","link":"https:\/\/zbranebudai.sk\/hu\/product\/hikmicro-lynx-lq35l-3-0-termovizny-monokular\/","title":{"rendered":"Hikmicro LYNX LQ35L 3.0 h\u0151kamera keres\u0151"},"content":{"rendered":"<p><strong>Hikmicro LYNX LQ35L 3.0 termov\u00edzny monokul\u00e1r<\/strong><\/p>\n<p>Overen\u00e1 rada Lynx vstupuje do tretej gener\u00e1cie a model LQ35 3.0 prin\u00e1\u0161a \u0161pi\u010dkov\u00fd termov\u00edzny senzor s rozl\u00ed\u0161en\u00edm\u00a0640 \u00d7 512 pixelov\u00a0\u2014 takmer trojn\u00e1sobn\u00fd po\u010det pixelov oproti modelu LH35 3.0. Kompaktn\u00fd monokul\u00e1r \u201edo vrecka&#8220; sp\u00e1ja vynikaj\u00facu kvalitu obrazu s intuit\u00edvnym ovl\u00e1dan\u00edm a \u0161irok\u00e9 zorn\u00e9 pole\u00a012,5\u00b0 \u00d7 7,5\u00b0\u00a0v\u00e1m d\u00e1va dokonal\u00fd preh\u013ead v otvorenom ter\u00e9ne aj lese. Za\u010dnite ako profesion\u00e1l od prv\u00e9ho poh\u013eadu!<\/p>\n<ul>\n<li>Teplotn\u00e1 citlivos\u0165 15 mK<\/li>\n<li>Senzor 640 \u00d7 512 px \u2014 \u0161pi\u010dkov\u00e9 rozl\u00ed\u0161enie vo svojej triede<\/li>\n<li>Detekcia a\u017e na 1800 metrov<\/li>\n<li>\u0160irok\u00e9 zorn\u00e9 pole 12,5\u00b0 \u00d7 7,5\u00b0 pre maxim\u00e1lny preh\u013ead<\/li>\n<li>Funkcie Image Pro 3.0, Zoom Pro, HSIS<\/li>\n<li>Vymenite\u013en\u00e1 bat\u00e9ria s v\u00fddr\u017eou a\u017e 5 hod\u00edn<\/li>\n<li>\u013dahk\u00fd a kompaktn\u00fd \u2014 iba 355 g<\/li>\n<\/ul>\n<p>Monokul\u00e1r Lynx LQ35 3.0\u00a0je vybaven\u00fd\u00a0tepeln\u00fdm senzorom s citlivos\u0165ou NETD \u2264 15 mK\u00a0a rozl\u00ed\u0161en\u00edm\u00a0640 \u00d7 512 px. \u010c\u00edm ni\u017e\u0161ia je hodnota NETD, t\u00fdm lep\u0161ie m\u00f4\u017ee senzor zaznamen\u00e1va\u0165 aj tie najmen\u0161ie teplotn\u00e9 rozdiely objektov a poskytn\u00fa\u0165 v\u00e1m tak detailn\u00fd obraz.<\/p>\n<p>Pokro\u010dil\u00e9 technol\u00f3gie\u00a0Image Pro 3.0, Zoom Pro a inteligentn\u00e1 bezz\u00e1vierkov\u00e1 korekcia HSIS\u00a0zabezpe\u010duj\u00fa plynul\u00fd a \u010dist\u00fd obraz s vern\u00fdmi farbami na\u00a0displeji AMOLED s rozl\u00ed\u0161en\u00edm 1920 \u00d7 1080 px. V\u010faka Image Pro 3.0 m\u00f4\u017eete pozorova\u0165 vyhladen\u00fd obraz bez okolit\u00fdch ruchov \u2014\u00a0perfektne vykreslen\u00fd cie\u013e aj prek\u00e1\u017eky priamo pred vami.<\/p>\n<p>\u0160o\u0161ovka\u00a0s ohniskovou vzdialenos\u0165ou\u00a035 mm\u00a0a pevn\u00fdm\u00a0optick\u00fdm zv\u00e4\u010d\u0161en\u00edm 1,9x\u00a0d\u00e1va monokul\u00e1ru mo\u017enos\u0165 detekcie a\u017e na\u00a01800 metrov. \u0160irok\u00e9 zorn\u00e9 pole\u00a012,5\u00b0 \u00d7 7,5\u00b0\u00a0(21,9 m \u00d7 13,2 m na 100 m) je ide\u00e1lne do otvoren\u00e9ho prostredia po\u013ea aj lesa, kde ocen\u00edte maxim\u00e1lny preh\u013ead o situ\u00e1cii.<\/p>\n<p>S\u00a0r\u00fdchlym zapnut\u00edm po\u010das 2 sek\u00fand\u00a0v\u00e1m neunikne jedin\u00fd okamih. K tomu v\u00e1m\u00a0vymenite\u013en\u00e1 Li-ion 18650 bat\u00e9ria\u00a0spolu s funkciou\u00a0automatick\u00e9ho re\u017eimu sp\u00e1nku\u00a0poskytne\u00a0pozorovanie po dobu a\u017e 5 hod\u00edn\u00a0aj so zachovanou\u00a0n\u00edzkou hmotnos\u0165ou a kompaktn\u00fdmi rozmermi!<\/p>\n<p>Disponuje\u00a0vstavan\u00fdm \u00falo\u017eiskom s kapacitou 64 GB\u00a0pre\u00a0sn\u00edmanie fotografi\u00ed a vide\u00ed aj so zvukom. Navy\u0161e pripojen\u00edm k aplik\u00e1cii\u00a0HIKMICRO Sight\u00a0m\u00f4\u017eete pozorova\u0165 sc\u00e9nu v re\u00e1lnom \u010dase cez va\u0161e mobiln\u00e9 zariadenie, sledova\u0165 aktu\u00e1lnu verziu v\u00e1\u0161ho pr\u00edstroja a mno\u017estvo \u010fal\u0161\u00edch funkci\u00ed.<\/p>\n<p>Na zariadenie poskytujeme z\u00e1ruku 3 roky a garanciu zapo\u017ei\u010dania n\u00e1hradn\u00e9ho pr\u00edstroja v pr\u00edpade potreby servisu.<\/p>\n<p>&nbsp;<\/p>\n<table dir=\"ltr\" style=\"width: 934px;height: 552px\" border=\"1\" cellspacing=\"0\" cellpadding=\"0\" data-sheets-root=\"1\" data-sheets-baot=\"1\">\n<colgroup>\n<col width=\"86\" \/>\n<col width=\"140\" \/><\/colgroup>\n<tbody>\n<tr style=\"height: 24px\">\n<td style=\"width: 434.55px;height: 24px\">Wi-Fi<\/td>\n<td style=\"width: 494.65px;height: 24px\">\u00c1no (2,4 GHz \/ 5 GHz)<\/td>\n<\/tr>\n<tr style=\"height: 24px\">\n<td style=\"width: 434.55px;height: 24px\">Senzor<\/td>\n<td style=\"width: 494.65px;height: 24px\">640 \u00d7 512 px<\/td>\n<\/tr>\n<tr style=\"height: 24px\">\n<td style=\"width: 434.55px;height: 24px\">Citlivos\u0165 na teplo<\/td>\n<td style=\"width: 494.65px;height: 24px\">&lt; 15 mK<\/td>\n<\/tr>\n<tr style=\"height: 24px\">\n<td style=\"width: 434.55px;height: 24px\">Rozl\u00ed\u0161enie displeja<\/td>\n<td style=\"width: 494.65px;height: 24px\">1920 \u00d7 1080 px<\/td>\n<\/tr>\n<tr style=\"height: 24px\">\n<td style=\"width: 434.55px;height: 24px\">Typ displeja<\/td>\n<td style=\"width: 494.65px;height: 24px\">0,49&#8243; AMOLED<\/td>\n<\/tr>\n<tr style=\"height: 24px\">\n<td style=\"width: 434.55px;height: 24px\">Obnovovacia frekvencia<\/td>\n<td style=\"width: 494.65px;height: 24px\">50 Hz<\/td>\n<\/tr>\n<tr style=\"height: 24px\">\n<td style=\"width: 434.55px;height: 24px\">\u0160o\u0161ovka<\/td>\n<td style=\"width: 494.65px;height: 24px\">35 mm<\/td>\n<\/tr>\n<tr style=\"height: 24px\">\n<td style=\"width: 434.55px;height: 24px\">Clona<\/td>\n<td style=\"width: 494.65px;height: 24px\">F1.0<\/td>\n<\/tr>\n<tr style=\"height: 24px\">\n<td style=\"width: 434.55px;height: 24px\">Detek\u010dn\u00e1 vzdialenos\u0165<\/td>\n<td style=\"width: 494.65px;height: 24px\">1800 m<\/td>\n<\/tr>\n<tr style=\"height: 24px\">\n<td style=\"width: 434.55px;height: 24px\">Optick\u00e9 zv\u00e4\u010d\u0161enie<\/td>\n<td style=\"width: 494.65px;height: 24px\">1,9\u00d7<\/td>\n<\/tr>\n<tr style=\"height: 24px\">\n<td style=\"width: 434.55px;height: 24px\">Zorn\u00e9 pole<\/td>\n<td style=\"width: 494.65px;height: 24px\">12,5\u00b0 \u00d7 7,5\u00b0<\/td>\n<\/tr>\n<tr style=\"height: 24px\">\n<td style=\"width: 434.55px;height: 24px\">Digit\u00e1lny zoom<\/td>\n<td style=\"width: 494.65px;height: 24px\">8\u00d7<\/td>\n<\/tr>\n<tr style=\"height: 24px\">\n<td style=\"width: 434.55px;height: 24px\">Nastavenie dioptri\u00ed<\/td>\n<td style=\"width: 494.65px;height: 24px\">-5D \u2013 +3D<\/td>\n<\/tr>\n<tr style=\"height: 24px\">\n<td style=\"width: 434.55px;height: 24px\">Fotografovanie<\/td>\n<td style=\"width: 494.65px;height: 24px\">\u00c1no<\/td>\n<\/tr>\n<tr style=\"height: 24px\">\n<td style=\"width: 434.55px;height: 24px\">Nahr\u00e1vanie videa<\/td>\n<td style=\"width: 494.65px;height: 24px\">\u00c1no<\/td>\n<\/tr>\n<tr style=\"height: 24px\">\n<td style=\"width: 434.55px;height: 24px\">Nahr\u00e1vanie zvuku<\/td>\n<td style=\"width: 494.65px;height: 24px\">\u00c1no<\/td>\n<\/tr>\n<tr style=\"height: 24px\">\n<td style=\"width: 434.55px;height: 24px\">\u00darove\u0148 ochrany<\/td>\n<td style=\"width: 494.65px;height: 24px\">IP67<\/td>\n<\/tr>\n<tr style=\"height: 24px\">\n<td style=\"width: 434.55px;height: 24px\">Pam\u00e4\u0165<\/td>\n<td style=\"width: 494.65px;height: 24px\">vstavan\u00e1, 64 GB<\/td>\n<\/tr>\n<tr style=\"height: 24px\">\n<td style=\"width: 434.55px;height: 24px\">Prev\u00e1dzkov\u00e1 teplota<\/td>\n<td style=\"width: 494.65px;height: 24px\">-30 \u00b0C \u2013 +45 \u00b0C<\/td>\n<\/tr>\n<tr style=\"height: 24px\">\n<td style=\"width: 434.55px;height: 24px\">Bat\u00e9ria<\/td>\n<td style=\"width: 494.65px;height: 24px\">1\u00d7 18650<\/td>\n<\/tr>\n<tr style=\"height: 24px\">\n<td style=\"width: 434.55px;height: 24px\">V\u00fddr\u017e bat\u00e9rie<\/td>\n<td style=\"width: 494.65px;height: 24px\">5 hod\u00edn<\/td>\n<\/tr>\n<tr style=\"height: 24px\">\n<td style=\"width: 434.55px;height: 24px\">Hmotnos\u0165<\/td>\n<td style=\"width: 494.65px;height: 24px\">354,5 g<\/td>\n<\/tr>\n<tr style=\"height: 24px\">\n<td style=\"width: 434.55px;height: 24px\">Rozmery<\/td>\n<td style=\"width: 494.65px;height: 24px\">\n<div>\n<div>169,6 \u00d7 53,6 \u00d7 49,5 mm<\/div>\n<\/div>\n<\/td>\n<\/tr>\n<\/tbody>\n<\/table>\n<div class=\"flex flex-col text-sm pb-25\">\n<section class=\"text-token-text-primary w-full focus:outline-none [--shadow-height:45px] has-data-writing-block:pointer-events-none has-data-writing-block:-mt-(--shadow-height) has-data-writing-block:pt-(--shadow-height) [&amp;:has([data-writing-block])&gt;*]:pointer-events-auto scroll-mt-[calc(var(--header-height)+min(200px,max(70px,20svh)))]\" dir=\"auto\" data-turn-id=\"request-WEB:4dcd1385-4f1c-4ebb-86e1-669f0ffe8dad-7\" data-testid=\"conversation-turn-16\" data-scroll-anchor=\"true\" data-turn=\"assistant\">\n<div class=\"text-base my-auto mx-auto pb-10 [--thread-content-margin:var(--thread-content-margin-xs,calc(var(--spacing)*4))] @w-sm\/main:[--thread-content-margin:var(--thread-content-margin-sm,calc(var(--spacing)*6))] @w-lg\/main:[--thread-content-margin:var(--thread-content-margin-lg,calc(var(--spacing)*16))] px-(--thread-content-margin)\">\n<div class=\"[--thread-content-max-width:40rem] @w-lg\/main:[--thread-content-max-width:48rem] mx-auto max-w-(--thread-content-max-width) flex-1 group\/turn-messages focus-visible:outline-hidden relative flex w-full min-w-0 flex-col agent-turn\">\n<div class=\"flex max-w-full flex-col gap-4 grow\">\n<div class=\"min-h-8 text-message relative flex w-full flex-col items-end gap-2 text-start break-words whitespace-normal outline-none keyboard-focused:focus-ring [.text-message+&amp;]:mt-1\" dir=\"auto\" data-message-author-role=\"assistant\" data-message-id=\"8ec54100-b8c1-45a1-b733-f048904e018b\" data-message-model-slug=\"gpt-5-3\" data-turn-start-message=\"true\">\n<div class=\"flex w-full flex-col gap-1 empty:hidden\">\n<div class=\"markdown prose dark:prose-invert w-full wrap-break-word light markdown-new-styling\">\n<p><strong>Obsah balenia:<\/strong><\/p>\n<ul>\n<li>Termov\u00edzny monokul\u00e1r HIKMICRO Lynx LQ35 3.0<\/li>\n<li>1\u00d7 nab\u00edja\u010dka bat\u00e9ri\u00ed<\/li>\n<li>2\u00d7 nab\u00edjacia bat\u00e9ria 18650 (HM-3632DC)<\/li>\n<li>1\u00d7 USB-C d\u00e1tov\u00fd k\u00e1bel<\/li>\n<li>Handri\u010dka na optiku<\/li>\n<li>N\u00e1vod<\/li>\n<\/ul>\n<p><strong>Ofici\u00e1lna str\u00e1nka zna\u010dky: <\/strong> <a href=\"https:\/\/www.hikmicrotech.com\/\">https:\/\/www.hikmicrotech.com\/<\/a><\/p>\n<\/div>\n<\/div>\n<\/div>\n<\/div>\n<div class=\"mt-3 w-full empty:hidden\">\n<div class=\"text-center\"><\/div>\n<\/div>\n<\/div>\n<\/div>\n<\/section>\n<\/div>\n","protected":false},"excerpt":{"rendered":"<ul>\n<li>\u00c9rz\u00e9kel\u0151: 640 \u00d7 512 px, 12 \u03bcm<\/li>\n<li>Objekt\u00edv: 35 mm<\/li>\n<li>H\u0151m\u00e9rs\u00e9klet \u00e9rz\u00e9kenys\u00e9g: &lt; 15 mK<\/li>\n<li>\u00c9rz\u00e9kel\u00e9si t\u00e1vols\u00e1g: 1800 m<\/li>\n<li>Optikai nagy\u00edt\u00e1s: 1,9\u00d7<\/li>\n<li>Digit\u00e1lis zoom: 8\u00d7<\/li>\n<li>Megjelen\u00edt\u00e9s: AMOLED 1920\u00d71080 px<\/li>\n<li>Jellemz\u0151k Image Pro 3.0, Zoom Pro, HSIS, automatikus alv\u00f3 \u00fczemm\u00f3d<\/li>\n<li>Gyors bekapcsol\u00e1s: 2 mp<\/li>\n<li>Az akkumul\u00e1tor \u00e9lettartama: 5 \u00f3ra<\/li>\n<li>T\u00e1pegys\u00e9g: 1\u00d7 \u00fajrat\u00f6lthet\u0151 Li-ion 18650 akkumul\u00e1tor<\/li>\n<\/ul>","protected":false},"featured_media":21867,"template":"","meta":{"_gspb_post_css":""},"product_brand":[315],"product_cat":[21,144,327],"product_tag":[150,347,281,337],"class_list":{"0":"post-21836","1":"product","2":"type-product","3":"status-publish","4":"has-post-thumbnail","6":"product_brand-hikmicro","7":"product_cat-optika","8":"product_cat-termovizie","9":"product_cat-termovizne-monokulary","10":"product_tag-hikmicro","11":"product_tag-laserovy-dialkomer","12":"product_tag-lynx","13":"product_tag-termovizny-monokular","15":"first","16":"instock","17":"taxable","18":"shipping-taxable","19":"purchasable","20":"product-type-simple"},"ct_brands":[{"id":315,"name":"Hikmicro","slug":"hikmicro"}],"_links":{"self":[{"href":"https:\/\/zbranebudai.sk\/hu\/wp-json\/wp\/v2\/product\/21836","targetHints":{"allow":["GET"]}}],"collection":[{"href":"https:\/\/zbranebudai.sk\/hu\/wp-json\/wp\/v2\/product"}],"about":[{"href":"https:\/\/zbranebudai.sk\/hu\/wp-json\/wp\/v2\/types\/product"}],"wp:featuredmedia":[{"embeddable":true,"href":"https:\/\/zbranebudai.sk\/hu\/wp-json\/wp\/v2\/media\/21867"}],"wp:attachment":[{"href":"https:\/\/zbranebudai.sk\/hu\/wp-json\/wp\/v2\/media?parent=21836"}],"wp:term":[{"taxonomy":"product_brand","embeddable":true,"href":"https:\/\/zbranebudai.sk\/hu\/wp-json\/wp\/v2\/product_brand?post=21836"},{"taxonomy":"product_cat","embeddable":true,"href":"https:\/\/zbranebudai.sk\/hu\/wp-json\/wp\/v2\/product_cat?post=21836"},{"taxonomy":"product_tag","embeddable":true,"href":"https:\/\/zbranebudai.sk\/hu\/wp-json\/wp\/v2\/product_tag?post=21836"}],"curies":[{"name":"wp","href":"https:\/\/api.w.org\/{rel}","templated":true}]}}