{"id":21835,"date":"2026-05-09T09:46:43","date_gmt":"2026-05-09T07:46:43","guid":{"rendered":"https:\/\/zbranebudai.sk\/?post_type=product&#038;p=21835"},"modified":"2026-05-09T13:00:20","modified_gmt":"2026-05-09T11:00:20","slug":"hikmicro-lynx-lq35-3-0-termal-monokular","status":"publish","type":"product","link":"https:\/\/zbranebudai.sk\/hu\/product\/hikmicro-lynx-lq35-3-0-termovizny-monokular\/","title":{"rendered":"Hikmicro LYNX LQ35 3.0 h\u0151kamera keres\u0151"},"content":{"rendered":"<p><b>Hikmicro LYNX LQ35 3.0 h\u0151kamera keres\u0151<\/b><\/p>\n<p>A bev\u00e1lt Lynx c\u00e9lt\u00e1vcs\u0151 harmadik gener\u00e1ci\u00f3j\u00e1ba l\u00e9p, az LQ35 3.0 modell pedig egy cs\u00facskateg\u00f3ri\u00e1s, 640 \u00d7 512 pixeles felbont\u00e1s\u00fa h\u0151kamer\u00e1s szenzort k\u00edn\u00e1l \u2013 ez k\u00f6zel h\u00e1romszorosa az LH35 3.0 modell k\u00e9ppontsz\u00e1m\u00e1nak. A kompakt, \u201ezsebben elf\u00e9r\u0151\u201c monokul\u00e1r kiv\u00e1l\u00f3 k\u00e9pmin\u0151s\u00e9get \u00e9s intuit\u00edv kezel\u00e9st \u00f6tv\u00f6z, m\u00edg a sz\u00e9les, 12,5\u00b0 \u00d7 7,5\u00b0-os l\u00e1t\u00f3mez\u0151 t\u00f6k\u00e9letes \u00e1ttekint\u00e9st biztos\u00edt mind ny\u00edlt terepen, mind erd\u0151ben. Kezdje profik\u00e9nt m\u00e1r az els\u0151 pillant\u00e1sra!<\/p>\n<ul>\n<li>H\u0151\u00e9rz\u00e9kenys\u00e9g 15 mK<\/li>\n<li>640 \u00d7 512 px-es \u00e9rz\u00e9kel\u0151 \u2013 kateg\u00f3ri\u00e1j\u00e1nak cs\u00facsfelbont\u00e1sa<\/li>\n<li>Detekt\u00e1l\u00e1s ak\u00e1r 1800 m\u00e9terig<\/li>\n<li>Sz\u00e9les, 12,5\u00b0 \u00d7 7,5\u00b0-os l\u00e1t\u00f3mez\u0151 a maxim\u00e1lis \u00e1ttekinthet\u0151s\u00e9g \u00e9rdek\u00e9ben<\/li>\n<li>Image Pro 3.0, Zoom Pro, HSIS funkci\u00f3k<\/li>\n<li>Cser\u00e9lhet\u0151, ak\u00e1r 5 \u00f3ra \u00fczemid\u0151t biztos\u00edt\u00f3 akkumul\u00e1tor<\/li>\n<li>K\u00f6nny\u0171 \u00e9s kompakt \u2013 csak 355 g<\/li>\n<\/ul>\n<p>A Lynx LQ35 3.0 monokul\u00e1r NETD \u2264 15 mK \u00e9rz\u00e9kenys\u00e9g\u0171 \u00e9s 640 \u00d7 512 px felbont\u00e1s\u00fa h\u0151szenzorral van felszerelve. Min\u00e9l alacsonyabb a NETD \u00e9rt\u00e9k, ann\u00e1l jobban k\u00e9pes a szenzor m\u00e9g a legkisebb h\u0151m\u00e9rs\u00e9klet-k\u00fcl\u00f6nbs\u00e9geket is felismerni, \u00edgy r\u00e9szletes k\u00e9pet adva \u00d6nnek.<\/p>\n<p>A fejlett Image Pro 3.0, Zoom Pro \u00e9s intelligens HSIS z\u00e1rmentes korrekci\u00f3s technol\u00f3gi\u00e1k folyamatos \u00e9s tiszta k\u00e9pet biztos\u00edtanak val\u00f3s\u00e1gh\u0171 sz\u00ednekkel az 1920 \u00d7 1080 px felbont\u00e1s\u00fa AMOLED kijelz\u0151n. Az Image Pro 3.0 seg\u00edts\u00e9g\u00e9vel sima, zavar\u00f3 k\u00f6rnyezeti hat\u00e1sokt\u00f3l mentes k\u00e9pet figyelhet meg \u2014 t\u00f6k\u00e9letesen megjelen\u00edtett c\u00e9lpontokkal \u00e9s az \u00d6n el\u0151tt l\u00e9v\u0151 akad\u00e1lyokkal.<\/p>\n<p>A 35 mm-es gy\u00fajt\u00f3t\u00e1vols\u00e1g\u00fa \u00e9s 1,9x fix nagy\u00edt\u00e1s\u00fa objekt\u00edv 1800 m\u00e9teres \u00e9szlel\u00e9si t\u00e1vols\u00e1got tesz lehet\u0151v\u00e9 az egyszemes t\u00e1vcs\u0151 sz\u00e1m\u00e1ra. A sz\u00e9les, 12,5\u00b0 \u00d7 7,5\u00b0 l\u00e1t\u00f3mez\u0151 (21,9 m \u00d7 13,2 m 100 m-en) ide\u00e1lis a ny\u00edlt terep \u00e9s az erd\u0151 k\u00f6rnyezet\u00e9be, ahol \u00e9rt\u00e9kelni fogja a helyzet maxim\u00e1lis \u00e1ttekinthet\u0151s\u00e9g\u00e9t.<\/p>\n<p>A 2 m\u00e1sodperces gyors bekapcsol\u00e1snak k\u00f6sz\u00f6nhet\u0151en egyetlen pillanatr\u00f3l sem marad le. Ehhez a cser\u00e9lhet\u0151 Li-ion 18650 akkumul\u00e1tor az automatikus alv\u00f3 \u00fczemm\u00f3d funkci\u00f3val egy\u00fctt ak\u00e1r 5 \u00f3ra megfigyel\u00e9st biztos\u00edt, mik\u00f6zben a kis s\u00faly \u00e9s a kompakt m\u00e9ret is megmarad!<\/p>\n<p>Be\u00e9p\u00edtett 64 GB t\u00e1rhellyel rendelkezik f\u00e9nyk\u00e9pek \u00e9s vide\u00f3k hanggal t\u00f6rt\u00e9n\u0151 r\u00f6gz\u00edt\u00e9s\u00e9hez. Ezenk\u00edv\u00fcl a HIKMICRO Sight alkalmaz\u00e1shoz csatlakozva val\u00f3s id\u0151ben figyelheti a jelenetet mobilk\u00e9sz\u00fcl\u00e9k\u00e9n kereszt\u00fcl, ellen\u0151rizheti a k\u00e9sz\u00fcl\u00e9k aktu\u00e1lis verzi\u00f3j\u00e1t \u00e9s sz\u00e1mos m\u00e1s funkci\u00f3t.<\/p>\n<p>A k\u00e9sz\u00fcl\u00e9kre 3 \u00e9v garanci\u00e1t, valamint szervizel\u00e9s eset\u00e9n cserealkatr\u00e9sz k\u00f6lcs\u00f6nz\u00e9si garanci\u00e1t biztos\u00edtunk.<\/p>\n<table dir=\"ltr\" style=\"width: 935px\" border=\"1\" cellspacing=\"0\" cellpadding=\"0\" data-sheets-root=\"1\" data-sheets-baot=\"1\">\n<colgroup>\n<col width=\"140\" \/>\n<col width=\"73\" \/><\/colgroup>\n<tbody>\n<tr>\n<td style=\"width: 440.562px\">Wi-Fi<\/td>\n<td style=\"width: 489.638px\">\n<div>\n<div>Igen (2,4 GHz \/ 5 GHz)<\/div>\n<\/div>\n<\/td>\n<\/tr>\n<tr>\n<td style=\"width: 440.562px\">\u00c9rz\u00e9kel\u0151<\/td>\n<td style=\"width: 489.638px\">\n<div>\n<div>640 \u00d7 512 px<\/div>\n<\/div>\n<\/td>\n<\/tr>\n<tr>\n<td style=\"width: 440.562px\">H\u0151\u00e9rz\u00e9kenys\u00e9g<\/td>\n<td style=\"width: 489.638px\">&lt; 15 mK<\/td>\n<\/tr>\n<tr>\n<td style=\"width: 440.562px\">Kijelz\u0151 felbont\u00e1sa<\/td>\n<td style=\"width: 489.638px\">\n<div>\n<div>1920 \u00d7 1080 px<\/div>\n<\/div>\n<\/td>\n<\/tr>\n<tr>\n<td style=\"width: 440.562px\">Megjelen\u00edt\u00e9s t\u00edpusa<\/td>\n<td style=\"width: 489.638px\">\n<div>\n<div>0,49\u2033 AMOLED<\/div>\n<\/div>\n<\/td>\n<\/tr>\n<tr>\n<td style=\"width: 440.562px\">Friss\u00edt\u00e9si sebess\u00e9g<\/td>\n<td style=\"width: 489.638px\">50 Hz<\/td>\n<\/tr>\n<tr>\n<td style=\"width: 440.562px\">Objekt\u00edv<\/td>\n<td style=\"width: 489.638px\">35 mm<\/td>\n<\/tr>\n<tr>\n<td style=\"width: 440.562px\">Rekesz<\/td>\n<td style=\"width: 489.638px\">F1.0<\/td>\n<\/tr>\n<tr>\n<td style=\"width: 440.562px\">\u00c9rz\u00e9kel\u00e9si t\u00e1vols\u00e1g<\/td>\n<td style=\"width: 489.638px\">1800 m<\/td>\n<\/tr>\n<tr>\n<td style=\"width: 440.562px\">Optikai nagy\u00edt\u00e1s<\/td>\n<td style=\"width: 489.638px\">1,9\u00d7<\/td>\n<\/tr>\n<tr>\n<td style=\"width: 440.562px\">L\u00e1t\u00f3mez\u0151<\/td>\n<td style=\"width: 489.638px\">12,5\u00b0 \u00d7 7,5\u00b0<\/td>\n<\/tr>\n<tr>\n<td style=\"width: 440.562px\">Digit\u00e1lis zoom<\/td>\n<td style=\"width: 489.638px\">8\u00d7<\/td>\n<\/tr>\n<tr>\n<td style=\"width: 440.562px\">Dioptri\u00e1k be\u00e1ll\u00edt\u00e1sa<\/td>\n<td style=\"width: 489.638px\">-5D - +3D<\/td>\n<\/tr>\n<tr>\n<td style=\"width: 440.562px\">F\u00e9nyk\u00e9pez\u00e9s<\/td>\n<td style=\"width: 489.638px\">Igen<\/td>\n<\/tr>\n<tr>\n<td style=\"width: 440.562px\">Vide\u00f3felv\u00e9tel<\/td>\n<td style=\"width: 489.638px\">Igen<\/td>\n<\/tr>\n<tr>\n<td style=\"width: 440.562px\">Hangfelv\u00e9tel<\/td>\n<td style=\"width: 489.638px\">Igen<\/td>\n<\/tr>\n<tr>\n<td style=\"width: 440.562px\">V\u00e9delmi fokozat<\/td>\n<td style=\"width: 489.638px\">IP67<\/td>\n<\/tr>\n<tr>\n<td style=\"width: 440.562px\">Mem\u00f3ria<\/td>\n<td style=\"width: 489.638px\">\n<div>\n<div>be\u00e9p\u00edtett, 64 GB<\/div>\n<\/div>\n<\/td>\n<\/tr>\n<tr>\n<td style=\"width: 440.562px\">\u00dczemi h\u0151m\u00e9rs\u00e9klet<\/td>\n<td style=\"width: 489.638px\">\n<div>\n<div>-30 \u00b0C - +45 \u00b0C<\/div>\n<\/div>\n<\/td>\n<\/tr>\n<tr>\n<td style=\"width: 440.562px\">Akkumul\u00e1tor<\/td>\n<td style=\"width: 489.638px\">1\u00d7 18650<\/td>\n<\/tr>\n<tr>\n<td style=\"width: 440.562px\">Az akkumul\u00e1tor \u00e9lettartama<\/td>\n<td style=\"width: 489.638px\">5 \u00f3ra<\/td>\n<\/tr>\n<tr>\n<td style=\"width: 440.562px\">S\u00faly<\/td>\n<td style=\"width: 489.638px\">354,5 g<\/td>\n<\/tr>\n<tr>\n<td style=\"width: 440.562px\">M\u00e9retek<\/td>\n<td style=\"width: 489.638px\">\n<div>\n<div>169,6 \u00d7 53,6 \u00d7 49,5 mm<\/div>\n<\/div>\n<\/td>\n<\/tr>\n<\/tbody>\n<\/table>\n<p><strong>A csomag tartalma:<\/strong><\/p>\n<ul>\n<li>HIKMICRO Lynx LQ35 3.0 H\u0151kamera monokul\u00e1r<\/li>\n<li>1\u00d7 akkumul\u00e1tort\u00f6lt\u0151<\/li>\n<li>2\u00d7 \u00fajrat\u00f6lthet\u0151 akkumul\u00e1tor 18650 (HM-3632DC)<\/li>\n<li>1\u00d7 USB-C adatk\u00e1bel<\/li>\n<li>Optikatiszt\u00edt\u00f3 kend\u0151<\/li>\n<li>Haszn\u00e1lati \u00fatmutat\u00f3<\/li>\n<\/ul>\n<p><strong>Hivatalos m\u00e1rkaoldal: <a href=\"https:\/\/www.hikmicrotech.com\/\">https:\/\/www.hikmicrotech.com\/<\/a>\u00a0<\/strong><\/p>","protected":false},"excerpt":{"rendered":"<ul>\n<li>\u00c9rz\u00e9kel\u0151: 640 \u00d7 512 px, 12 \u03bcm<\/li>\n<li>Objekt\u00edv: 35 mm<\/li>\n<li>H\u0151m\u00e9rs\u00e9klet \u00e9rz\u00e9kenys\u00e9g: &lt; 15 mK<\/li>\n<li>\u00c9rz\u00e9kel\u00e9si t\u00e1vols\u00e1g: 1800 m<\/li>\n<li>Optikai nagy\u00edt\u00e1s: 1,9\u00d7<\/li>\n<li>Digit\u00e1lis zoom: 8\u00d7<\/li>\n<li>Megjelen\u00edt\u00e9s: AMOLED 1920\u00d71080 px<\/li>\n<li>Jellemz\u0151k Image Pro 3.0, Zoom Pro, HSIS, automatikus alv\u00f3 \u00fczemm\u00f3d<\/li>\n<li>Gyors bekapcsol\u00e1s: 2 mp<\/li>\n<li>Az akkumul\u00e1tor \u00e9lettartama: 5 \u00f3ra<\/li>\n<li>T\u00e1pegys\u00e9g: 1\u00d7 \u00fajrat\u00f6lthet\u0151 Li-ion 18650 akkumul\u00e1tor<\/li>\n<\/ul>","protected":false},"featured_media":21859,"template":"","meta":{"_gspb_post_css":""},"product_brand":[315],"product_cat":[21,144,327],"product_tag":[150,281,337],"class_list":{"0":"post-21835","1":"product","2":"type-product","3":"status-publish","4":"has-post-thumbnail","6":"product_brand-hikmicro","7":"product_cat-optika","8":"product_cat-termovizie","9":"product_cat-termovizne-monokulary","10":"product_tag-hikmicro","11":"product_tag-lynx","12":"product_tag-termovizny-monokular","14":"first","15":"instock","16":"sale","17":"taxable","18":"shipping-taxable","19":"purchasable","20":"product-type-simple"},"ct_brands":[{"id":315,"name":"Hikmicro","slug":"hikmicro"}],"_links":{"self":[{"href":"https:\/\/zbranebudai.sk\/hu\/wp-json\/wp\/v2\/product\/21835","targetHints":{"allow":["GET"]}}],"collection":[{"href":"https:\/\/zbranebudai.sk\/hu\/wp-json\/wp\/v2\/product"}],"about":[{"href":"https:\/\/zbranebudai.sk\/hu\/wp-json\/wp\/v2\/types\/product"}],"wp:featuredmedia":[{"embeddable":true,"href":"https:\/\/zbranebudai.sk\/hu\/wp-json\/wp\/v2\/media\/21859"}],"wp:attachment":[{"href":"https:\/\/zbranebudai.sk\/hu\/wp-json\/wp\/v2\/media?parent=21835"}],"wp:term":[{"taxonomy":"product_brand","embeddable":true,"href":"https:\/\/zbranebudai.sk\/hu\/wp-json\/wp\/v2\/product_brand?post=21835"},{"taxonomy":"product_cat","embeddable":true,"href":"https:\/\/zbranebudai.sk\/hu\/wp-json\/wp\/v2\/product_cat?post=21835"},{"taxonomy":"product_tag","embeddable":true,"href":"https:\/\/zbranebudai.sk\/hu\/wp-json\/wp\/v2\/product_tag?post=21835"}],"curies":[{"name":"wp","href":"https:\/\/api.w.org\/{rel}","templated":true}]}}