{"id":21834,"date":"2026-05-09T09:46:43","date_gmt":"2026-05-09T07:46:43","guid":{"rendered":"https:\/\/zbranebudai.sk\/?post_type=product&#038;p=21834"},"modified":"2026-05-11T10:27:41","modified_gmt":"2026-05-11T08:27:41","slug":"pard-pantera-ex-640-lrf-hokameras-celtavcso-2","status":"publish","type":"product","link":"https:\/\/zbranebudai.sk\/hu\/product\/pard-pantera-ex-640-lrf-termovizny-zameriavac-2\/","title":{"rendered":"Pard PANTERA EX 640 LRF h\u0151kamera c\u00e9lt\u00e1vcs\u0151"},"content":{"rendered":"<p><strong>Pard PANTERA EX 640 LRF h\u0151kamera c\u00e9lt\u00e1vcs\u0151 <\/strong><\/p>\n<p data-start=\"0\" data-end=\"396\">A PARD Pantera eX 640 LRF a h\u0151kamera c\u00e9lt\u00e1vcs\u00f6vek \u00faj gener\u00e1ci\u00f3j\u00e1t k\u00e9pviseli, amely \u00faj szintre emeli a pontoss\u00e1got \u00e9s a teljes\u00edtm\u00e9nyt. A k\u00e9sz\u00fcl\u00e9k egy cs\u00facskateg\u00f3ri\u00e1s 640 \u00d7 512 px felbont\u00e1s\u00fa szenzort, rendk\u00edv\u00fcli \u2264 14 mK h\u0151\u00e9rz\u00e9kenys\u00e9get \u00e9s egy innovat\u00edv, 2560 \u00d7 2560 px felbont\u00e1s\u00fa k\u00f6r alak\u00fa OLED kijelz\u0151t kombin\u00e1l. Az eredm\u00e9ny rendk\u00edv\u00fcl tiszta, r\u00e9szletgazdag k\u00e9p, amely a legnehezebb k\u00f6r\u00fclm\u00e9nyek k\u00f6z\u00f6tt is megb\u00edzhat\u00f3 c\u00e9lazonos\u00edt\u00e1st tesz lehet\u0151v\u00e9.<\/p>\n<p data-start=\"398\" data-end=\"841\">A be\u00e9p\u00edtett ballisztikai kalkul\u00e1tor tov\u00e1bb n\u00f6veli a k\u00e9sz\u00fcl\u00e9k k\u00e9pess\u00e9geit, \u00e9s lehet\u0151v\u00e9 teszi a tal\u00e1lati korrekci\u00f3 pontos kisz\u00e1m\u00edt\u00e1s\u00e1t a t\u00e1vols\u00e1g \u00e9s egy\u00e9b ballisztikai param\u00e9terek alapj\u00e1n. A l\u00f6v\u00e9sz \u00edgy azonnali t\u00e1mogat\u00e1st kap a c\u00e9lz\u00e1shoz \u00e9s maxim\u00e1lis magabiztoss\u00e1got minden l\u00f6v\u00e9sn\u00e9l. A robusztus kialak\u00edt\u00e1s, az intuit\u00edv kezelhet\u0151s\u00e9g \u00e9s a modern technol\u00f3gi\u00e1k a Pantera eX 640 modellt olyan professzion\u00e1lis eszk\u00f6zz\u00e9 teszik, amely maxim\u00e1lis teljes\u00edtm\u00e9nyt, precizit\u00e1st \u00e9s megb\u00edzhat\u00f3s\u00e1got k\u00edn\u00e1l.<\/p>\n<p data-start=\"848\" data-end=\"1213\"><strong data-start=\"848\" data-end=\"880\">Ultranagy \u00e9rz\u00e9kenys\u00e9g\u0171 \u00e9rz\u00e9kel\u00e9si teljes\u00edtm\u00e9ny<\/strong><br data-start=\"880\" data-end=\"883\" \/>A rendk\u00edv\u00fcl \u00e9rz\u00e9keny, NETD \u2264 14 mK szenzornak k\u00f6sz\u00f6nhet\u0151en a Pantera eX 640 LRF a legkisebb h\u0151m\u00e9rs\u00e9klet-k\u00fcl\u00f6nbs\u00e9geket is k\u00e9pes \u00e9rz\u00e9kelni. Az eredm\u00e9ny krist\u00e1lytiszta, kontrasztos k\u00e9p r\u00e9szletgazdag megjelen\u00edt\u00e9ssel, amely pontos objektumazonos\u00edt\u00e1st tesz lehet\u0151v\u00e9 m\u00e9g olyan neh\u00e9z k\u00f6r\u00fclm\u00e9nyek k\u00f6z\u00f6tt is, mint a k\u00f6d, es\u0151 vagy minim\u00e1lis h\u0151kontraszt.<\/p>\n<p data-start=\"1220\" data-end=\"1630\"><strong data-start=\"1220\" data-end=\"1251\">Ultra tiszta k\u00f6r alak\u00fa kijelz\u0151<\/strong><br data-start=\"1251\" data-end=\"1254\" \/>A tov\u00e1bbfejlesztett, 2560 \u00d7 2560 px felbont\u00e1s\u00fa k\u00f6r alak\u00fa OLED kijelz\u0151 rendk\u00edv\u00fcl \u00e9les, r\u00e9szletgazdag \u00e9s term\u00e9szetes k\u00e9pet biztos\u00edt. A nagy pixels\u0171r\u0171s\u00e9gnek \u00e9s a pontos kontrasztmegjelen\u00edt\u00e9snek k\u00f6sz\u00f6nhet\u0151en mag\u00e1val ragad\u00f3 vizu\u00e1lis \u00e9lm\u00e9nyt \u00e9s maxim\u00e1lis \u00e1ttekinthet\u0151s\u00e9get ny\u00fajt dinamikus helyzetekben is. Minden r\u00e9szlet t\u00f6k\u00e9letes pontoss\u00e1ggal jelenik meg \u2013 a legfinomabb kont\u00farokt\u00f3l a h\u0151m\u00e9rs\u00e9kleti k\u00fcl\u00f6nbs\u00e9gek \u00e1rnyalataiig.<\/p>\n<p data-start=\"1637\" data-end=\"2016\"><strong data-start=\"1637\" data-end=\"1673\">Objekt\u00edvbe prec\u00edzen integr\u00e1lva<\/strong><br data-start=\"1673\" data-end=\"1676\" \/>Az ak\u00e1r 1000 m\u00e9teres hat\u00f3t\u00e1vols\u00e1g\u00fa l\u00e9zeres t\u00e1vols\u00e1gm\u00e9r\u0151 eleg\u00e1nsan az objekt\u00edv szerkezet\u00e9be van rejtve, \u00edgy meg\u0151rzi a k\u00e9sz\u00fcl\u00e9k kompakt form\u00e1j\u00e1t \u00e9s letisztult megjelen\u00e9s\u00e9t. Ez az intelligens megold\u00e1s \u00f6tv\u00f6zi a hagyom\u00e1nyos optikai st\u00edlust a modern technol\u00f3giai teljes\u00edtm\u00e9nnyel, mik\u00f6zben pontos t\u00e1vols\u00e1gm\u00e9r\u00e9st biztos\u00edt az ergon\u00f3mia vagy az eszt\u00e9tika fel\u00e1ldoz\u00e1sa n\u00e9lk\u00fcl.<\/p>\n<p data-start=\"2023\" data-end=\"2386\"><strong data-start=\"2023\" data-end=\"2053\">Gyors \u00e9s pontos be\u00e1ll\u00edt\u00e1s<\/strong><br data-start=\"2053\" data-end=\"2056\" \/>Az ergonomikusan elhelyezett oldals\u00f3 f\u00f3kusz\u00e1ll\u00edt\u00f3 gomb lehet\u0151v\u00e9 teszi az \u00e9less\u00e9g gyors \u00e9s pontos be\u00e1ll\u00edt\u00e1s\u00e1t a felhaszn\u00e1l\u00f3 poz\u00edci\u00f3j\u00e1nak minim\u00e1lis megv\u00e1ltoztat\u00e1sa mellett. A kezel\u00e9s gyors, intuit\u00edv \u00e9s a hagyom\u00e1nyos nappali optik\u00e1k k\u00e9nyelm\u00e9t id\u00e9zi. Ez a rendszer jelent\u0151sen n\u00f6veli a terepi haszn\u00e1lat hat\u00e9konys\u00e1g\u00e1t \u00e9s minden helyzetben t\u00f6k\u00e9letes f\u00f3kuszt biztos\u00edt.<\/p>\n<p data-start=\"2393\" data-end=\"2722\"><strong data-start=\"2393\" data-end=\"2422\">Nagyobb vez\u00e9rl\u0151gomb<\/strong><br data-start=\"2422\" data-end=\"2425\" \/>Az \u00fajonnan tervezett homor\u00fa gomb ergonomikusan k\u00f6veti az ujj term\u00e9szetes form\u00e1j\u00e1t, \u00edgy minimaliz\u00e1lja a v\u00e9letlen megnyom\u00e1s kock\u00e1zat\u00e1t \u00e9s n\u00f6veli a kezel\u00e9s pontoss\u00e1g\u00e1t. A nagyobb fel\u00fcletnek \u00e9s az \u00e9rz\u00e9keny visszajelz\u00e9snek k\u00f6sz\u00f6nhet\u0151en a haszn\u00e1lat keszty\u0171ben vagy neh\u00e9z k\u00f6r\u00fclm\u00e9nyek k\u00f6z\u00f6tt is biztosabb \u00e9s k\u00e9nyelmesebb.<\/p>\n<p data-start=\"2729\" data-end=\"3065\"><strong data-start=\"2729\" data-end=\"2756\">Lapos vez\u00e9rl\u0151<\/strong><br data-start=\"2756\" data-end=\"2759\" \/>Az \u00faj, laposabb kialak\u00edt\u00e1s\u00fa kezel\u0151gomb megn\u00f6velt menetm\u00e9lys\u00e9ggel pontos tapint\u00e1si visszajelz\u00e9st \u00e9s a klasszikus nappali optik\u00e1khoz hasonl\u00f3 kezel\u00e9si \u00e9rzetet biztos\u00edt. Ez a konstrukci\u00f3s elem jav\u00edtja az ergon\u00f3mi\u00e1t \u00e9s a kezel\u00e9si komfortot, valamint m\u00e9g g\u00f6rd\u00fcl\u00e9kenyebb \u00e9s professzion\u00e1lisabb felhaszn\u00e1l\u00f3i \u00e9lm\u00e9nyt ny\u00fajt.<\/p>\n<p data-start=\"3072\" data-end=\"3472\"><strong data-start=\"3072\" data-end=\"3108\">K\u00f6nny\u0171 alum\u00ednium\u00f6tv\u00f6zetb\u0151l k\u00e9sz\u00fclt test<\/strong><br data-start=\"3108\" data-end=\"3111\" \/>A k\u00f6nny\u0171 alum\u00ednium\u00f6tv\u00f6zetb\u0151l k\u00e9sz\u00fclt szerkezet ide\u00e1lis egyens\u00falyt biztos\u00edt az alacsony s\u00faly \u00e9s a nagy tart\u00f3ss\u00e1g k\u00f6z\u00f6tt. A kiv\u00e9teles karc- \u00e9s kop\u00e1s\u00e1ll\u00f3 fel\u00fcletkezel\u00e9s m\u00e9g a legig\u00e9nyesebb k\u00f6r\u00fclm\u00e9nyek k\u00f6z\u00f6tt is v\u00e9di a k\u00e9sz\u00fcl\u00e9ket. A Pantera eX 640-et \u00fagy tervezt\u00e9k, hogy ellen\u00e1lljon az extr\u00e9m terhel\u00e9snek, \u00e9s kompromisszumok n\u00e9lk\u00fcli, hossz\u00fa t\u00e1v\u00fa teljes\u00edtm\u00e9nyt ny\u00fajtson.<\/p>\n<p data-start=\"3479\" data-end=\"3800\" data-is-last-node=\"\" data-is-only-node=\"\"><strong data-start=\"3479\" data-end=\"3507\">Kett\u0151s t\u00e1pell\u00e1t\u00f3 rendszer<\/strong><br data-start=\"3507\" data-end=\"3510\" \/>A k\u00e9sz\u00fcl\u00e9k be\u00e9p\u00edtett 21700-as akkumul\u00e1torral rendelkezik a maxim\u00e1lis \u00fczemid\u0151 \u00e9rdek\u00e9ben, valamint egy cser\u00e9lhet\u0151 18600-as akkumul\u00e1torral, amely lehet\u0151v\u00e9 teszi a gyors cser\u00e9t k\u00f6zvetlen\u00fcl a terepen. Ez a kett\u0151s t\u00e1pell\u00e1t\u00e1si rendszer stabil \u00e9s megszak\u00edt\u00e1s n\u00e9lk\u00fcli m\u0171k\u00f6d\u00e9st biztos\u00edt, ide\u00e1lis hossz\u00fa megfigyel\u00e9sekhez \u00e9s a zord k\u00fclt\u00e9ri k\u00f6r\u00fclm\u00e9nyekhez.<\/p>\n<table dir=\"ltr\" style=\"width: 955px\" border=\"1\" cellspacing=\"0\" cellpadding=\"0\" data-sheets-root=\"1\" data-sheets-baot=\"1\">\n<colgroup>\n<col width=\"100\" \/>\n<col width=\"172\" \/>\n<col width=\"37\" \/><\/colgroup>\n<tbody>\n<tr>\n<td style=\"width: 300.5px\">Param\u00e9terek<\/td>\n<td style=\"width: 329.55px\">\u00c9rt\u00e9k<\/td>\n<td style=\"width: 318.55px\">\n<div>\n<div>Megjegyz\u00e9s<\/div>\n<\/div>\n<\/td>\n<\/tr>\n<tr>\n<td style=\"width: 300.5px\">Modell<\/td>\n<td style=\"width: 329.55px\">Pantera eX 640<\/td>\n<td style=\"width: 318.55px\">\n<div>\n<div>Cs\u00facskateg\u00f3ri\u00e1s modell<\/div>\n<\/div>\n<\/td>\n<\/tr>\n<tr>\n<td style=\"width: 300.5px\">\u00c9rz\u00e9kel\u0151 t\u00edpusa<\/td>\n<td style=\"width: 329.55px\">H\u0171t\u00e9s n\u00e9lk\u00fcli VOx IR \u00e9rz\u00e9kel\u0151<\/td>\n<td style=\"width: 318.55px\"><\/td>\n<\/tr>\n<tr>\n<td style=\"width: 300.5px\">\u00c9rz\u00e9kel\u0151 felbont\u00e1sa (pixel)<\/td>\n<td style=\"width: 329.55px\">640 \u00d7 512<\/td>\n<td style=\"width: 318.55px\"><\/td>\n<\/tr>\n<tr>\n<td style=\"width: 300.5px\">Pixel m\u00e9ret (\u00b5m)<\/td>\n<td style=\"width: 329.55px\">12 \u00d7 12<\/td>\n<td style=\"width: 318.55px\"><\/td>\n<\/tr>\n<tr>\n<td style=\"width: 300.5px\">NETD<\/td>\n<td style=\"width: 329.55px\">\u226414 mK (0,014 \u00b0C)<\/td>\n<td style=\"width: 318.55px\">\n<div>\n<div>Ultravissz-\u00e9rz\u00e9kenys\u00e9g h\u0151m\u00e9rs\u00e9kletre<\/div>\n<\/div>\n<\/td>\n<\/tr>\n<tr>\n<td style=\"width: 300.5px\">Friss\u00edt\u00e9si sebess\u00e9g (Hz)<\/td>\n<td style=\"width: 329.55px\">50<\/td>\n<td style=\"width: 318.55px\">\n<div>\n<div>Nagyobb k\u00e9p<\/div>\n<\/div>\n<\/td>\n<\/tr>\n<tr>\n<td style=\"width: 300.5px\">\u00c9rz\u00e9kel\u00e9si t\u00e1vols\u00e1g (m)<\/td>\n<td style=\"width: 329.55px\">2600 (szem\u00e9ly)<\/td>\n<td style=\"width: 318.55px\"><\/td>\n<\/tr>\n<tr>\n<td style=\"width: 300.5px\">Objekt\u00edv (mm)<\/td>\n<td style=\"width: 329.55px\">50<\/td>\n<td style=\"width: 318.55px\"><\/td>\n<\/tr>\n<tr>\n<td style=\"width: 300.5px\">Optikai nagy\u00edt\u00e1s (x)<\/td>\n<td style=\"width: 329.55px\">3,7<\/td>\n<td style=\"width: 318.55px\"><\/td>\n<\/tr>\n<tr>\n<td style=\"width: 300.5px\">Digit\u00e1lis zoom (x)<\/td>\n<td style=\"width: 329.55px\">2 \/ 4 \/ 6 \/ 8<\/td>\n<td style=\"width: 318.55px\"><\/td>\n<\/tr>\n<tr>\n<td style=\"width: 300.5px\">Zorn\u00e9 mez\u0151 (J\/B)<\/td>\n<td style=\"width: 329.55px\">7\u00b0 \/ 7\u00b0<\/td>\n<td style=\"width: 318.55px\"><\/td>\n<\/tr>\n<tr>\n<td style=\"width: 300.5px\">L\u00e1t\u00f3mez\u0151 (\u00e1tl\u00f3s)<\/td>\n<td style=\"width: 329.55px\">11,2\u00b0<\/td>\n<td style=\"width: 318.55px\"><\/td>\n<\/tr>\n<tr>\n<td style=\"width: 300.5px\">L\u00e1t\u00f3mez\u0151 (m 100 m F\/V)<\/td>\n<td style=\"width: 329.55px\">12,3 m 100 m-en<\/td>\n<td style=\"width: 318.55px\"><\/td>\n<\/tr>\n<tr>\n<td style=\"width: 300.5px\">T\u00e1vols\u00e1g a kil\u00e9p\u0151 pupill\u00e1t\u00f3l (mm)<\/td>\n<td style=\"width: 329.55px\">60<\/td>\n<td style=\"width: 318.55px\"><\/td>\n<\/tr>\n<tr>\n<td style=\"width: 300.5px\">Dioptria be\u00e1ll\u00edt\u00e1s (D)<\/td>\n<td style=\"width: 329.55px\">-5 ~ +3<\/td>\n<td style=\"width: 318.55px\"><\/td>\n<\/tr>\n<tr>\n<td style=\"width: 300.5px\">Megjelen\u00edt\u00e9s t\u00edpusa<\/td>\n<td style=\"width: 329.55px\">OLED<\/td>\n<td style=\"width: 318.55px\"><\/td>\n<\/tr>\n<tr>\n<td style=\"width: 300.5px\">K\u00e9perny\u0151felbont\u00e1s (pixel)<\/td>\n<td style=\"width: 329.55px\">2560 \u00d7 2560<\/td>\n<td style=\"width: 318.55px\">\n<div>\n<div>Ultrapontos k\u00f6r kijelz\u0151<\/div>\n<\/div>\n<\/td>\n<\/tr>\n<tr>\n<td style=\"width: 300.5px\">T\u00e1rhely<\/td>\n<td style=\"width: 329.55px\">\n<div>\n<div>MicroSD k\u00e1rtya (max. 128 GB)<\/div>\n<\/div>\n<\/td>\n<td style=\"width: 318.55px\"><\/td>\n<\/tr>\n<tr>\n<td style=\"width: 300.5px\">K\u00e9pfeldolgoz\u00e1s<\/td>\n<td style=\"width: 329.55px\">Pard IREA<\/td>\n<td style=\"width: 318.55px\"><\/td>\n<\/tr>\n<tr>\n<td style=\"width: 300.5px\">Akkumul\u00e1tor t\u00edpusa<\/td>\n<td style=\"width: 329.55px\">Dupla: be\u00e9p\u00edtett 21700 + cser\u00e9lhet\u0151 18650<\/td>\n<td style=\"width: 318.55px\">\n<div>\n<div>Meghosszabb\u00edtott \u00fczemid\u0151<\/div>\n<\/div>\n<\/td>\n<\/tr>\n<tr>\n<td style=\"width: 300.5px\">Max. \u00fczemi id\u0151 (\u00f3ra)<\/td>\n<td style=\"width: 329.55px\">\u226414<\/td>\n<td style=\"width: 318.55px\">\n<div>\n<div>Mindk\u00e9t akkumul\u00e1torral<\/div>\n<\/div>\n<\/td>\n<\/tr>\n<tr>\n<td style=\"width: 300.5px\">V\u00e9delem<\/td>\n<td style=\"width: 329.55px\">IP67<\/td>\n<td style=\"width: 318.55px\">\n<div>\n<div>V\u00edz\u00e1ll\u00f3<\/div>\n<\/div>\n<\/td>\n<\/tr>\n<tr>\n<td style=\"width: 300.5px\">\u00dczemi h\u0151m\u00e9rs\u00e9klet (\u00b0C\/\u00b0F)<\/td>\n<td style=\"width: 329.55px\">-30 ~ +55 \/ -22 ~ +131<\/td>\n<td style=\"width: 318.55px\"><\/td>\n<\/tr>\n<tr>\n<td style=\"width: 300.5px\">Vissza\u00fct\u00e9s\u00e1ll\u00f3s\u00e1g (J)<\/td>\n<td style=\"width: 329.55px\">6000<\/td>\n<td style=\"width: 318.55px\"><\/td>\n<\/tr>\n<tr>\n<td style=\"width: 300.5px\">A h\u00e1z anyaga<\/td>\n<td style=\"width: 329.55px\">Alum\u00ednium \u00f6tv\u00f6zet<\/td>\n<td style=\"width: 318.55px\">\n<div>\n<div>K\u00f6nny\u0171 \u00e9s tart\u00f3s<\/div>\n<\/div>\n<\/td>\n<\/tr>\n<tr>\n<td style=\"width: 300.5px\">Lencse anyaga<\/td>\n<td style=\"width: 329.55px\">\n<div>\n<div>T\u00f6bbr\u00e9teg\u0171 bevonattal ell\u00e1tott, teljesen \u00fcveg lencse<\/div>\n<\/div>\n<\/td>\n<td style=\"width: 318.55px\"><\/td>\n<\/tr>\n<tr>\n<td style=\"width: 300.5px\">M\u00e9retek (M \u00d7 Sz \u00d7 H, mm)<\/td>\n<td style=\"width: 329.55px\">370 \u00d7 88 \u00d7 72<\/td>\n<td style=\"width: 318.55px\"><\/td>\n<\/tr>\n<tr>\n<td style=\"width: 300.5px\">Nett\u00f3 t\u00f6meg (akkumul\u00e1torral, g)<\/td>\n<td style=\"width: 329.55px\">1087<\/td>\n<td style=\"width: 318.55px\"><\/td>\n<\/tr>\n<tr>\n<td style=\"width: 300.5px\">Jellemz\u0151k<\/td>\n<td style=\"width: 329.55px\">\n<div>\n<div>6 felv\u00e9teli m\u00f3d, 3 jelenet m\u00f3d, \u00fct\u00e9saktiv\u00e1lt felv\u00e9tel, WiFi, oldals\u00f3 autof\u00f3kusz, nagyobb gombok, m\u00e1gneses lencsev\u00e9d\u0151<\/div>\n<\/div>\n<\/td>\n<td style=\"width: 318.55px\"><\/td>\n<\/tr>\n<\/tbody>\n<\/table>\n<p>Hivatalos m\u00e1rkaoldal: <a href=\"https:\/\/pard.com\/eu\">https:\/\/pard.com\/eu<\/a><\/p>","protected":false},"excerpt":{"rendered":"<p>PARD Pantera eX 640 LRF: H\u0151kamera c\u00e9lt\u00e1vcs\u00f6vek z\u00e1szl\u00f3shaj\u00f3ja. Fedezze fel az abszol\u00fat cs\u00facsot a PARD Pantera eX 640 modellel. Az  \u2264 14 mK-s p\u00e1ratlan \u00e9rz\u00e9kenys\u00e9gnek \u00e9s a forradalmi, 2560 \u00d7 2560 felbont\u00e1s\u00fa k\u00f6r alak\u00fa OLED kijelz\u0151nek k\u00f6sz\u00f6nhet\u0151en olyan r\u00e9szleteket l\u00e1that, amelyek kor\u00e1bban l\u00e1thatatlanok voltak. A robusztus alum\u00ednium\u00f6tv\u00f6zet h\u00e1z, az intuit\u00edv kezel\u00e9s \u00e9s a meghosszabb\u00edtott \u00fczemid\u0151 k\u00e9t akkumul\u00e1tornak (1 be\u00e9p\u00edtett \u00e9s 1 cser\u00e9lhet\u0151) k\u00f6sz\u00f6nhet\u0151en a Pantera eX 640-et minden vad\u00e1sz \u00e9s profi sz\u00e1m\u00e1ra az ultim\u00e1tum eszk\u00f6zz\u00e9 teszi. Kompromisszumok n\u00e9lk\u00fcli teljes\u00edtm\u00e9ny kompromisszumok n\u00e9lk\u00fcli eredm\u00e9nyek\u00e9rt.<\/p>","protected":false},"featured_media":21854,"template":"","meta":{"_gspb_post_css":""},"product_brand":[308],"product_cat":[21,144,329,326],"product_tag":[347,292,229,324,345],"class_list":{"0":"post-21834","1":"product","2":"type-product","3":"status-publish","4":"has-post-thumbnail","6":"product_brand-pard","7":"product_cat-optika","8":"product_cat-termovizie","9":"product_cat-termovizne-puskohlady","10":"product_cat-termovizne-zameriavace","11":"product_tag-laserovy-dialkomer","12":"product_tag-pantera","13":"product_tag-pard","14":"product_tag-puskohlad","15":"product_tag-termovizny-zameriavac","17":"first","18":"instock","19":"sale","20":"taxable","21":"shipping-taxable","22":"purchasable","23":"product-type-simple"},"ct_brands":[{"id":308,"name":"Pard","slug":"pard"}],"_links":{"self":[{"href":"https:\/\/zbranebudai.sk\/hu\/wp-json\/wp\/v2\/product\/21834","targetHints":{"allow":["GET"]}}],"collection":[{"href":"https:\/\/zbranebudai.sk\/hu\/wp-json\/wp\/v2\/product"}],"about":[{"href":"https:\/\/zbranebudai.sk\/hu\/wp-json\/wp\/v2\/types\/product"}],"wp:featuredmedia":[{"embeddable":true,"href":"https:\/\/zbranebudai.sk\/hu\/wp-json\/wp\/v2\/media\/21854"}],"wp:attachment":[{"href":"https:\/\/zbranebudai.sk\/hu\/wp-json\/wp\/v2\/media?parent=21834"}],"wp:term":[{"taxonomy":"product_brand","embeddable":true,"href":"https:\/\/zbranebudai.sk\/hu\/wp-json\/wp\/v2\/product_brand?post=21834"},{"taxonomy":"product_cat","embeddable":true,"href":"https:\/\/zbranebudai.sk\/hu\/wp-json\/wp\/v2\/product_cat?post=21834"},{"taxonomy":"product_tag","embeddable":true,"href":"https:\/\/zbranebudai.sk\/hu\/wp-json\/wp\/v2\/product_tag?post=21834"}],"curies":[{"name":"wp","href":"https:\/\/api.w.org\/{rel}","templated":true}]}}