{"id":21419,"date":"2026-02-14T15:26:12","date_gmt":"2026-02-14T13:26:12","guid":{"rendered":"https:\/\/zbranebudai.sk\/?post_type=product&#038;p=21419"},"modified":"2026-02-23T11:28:31","modified_gmt":"2026-02-23T09:28:31","slug":"pard-aceltarto-a-weaver-penge-szamara","status":"publish","type":"product","link":"https:\/\/zbranebudai.sk\/hu\/product\/pard-ocelova-montaz-pre-weaver-listu\/","title":{"rendered":"Pard ac\u00e9l szerel\u00e9k Weaver s\u00ednhez"},"content":{"rendered":"<p>A PARD ac\u00e9ltartoz\u00e9kai nagy stabilit\u00e1st \u00e9s tart\u00f3ss\u00e1got biztos\u00edtanak, \u00edgy m\u00e9g ig\u00e9nyes k\u00f6r\u00fclm\u00e9nyek k\u00f6z\u00f6tt is megb\u00edzhat\u00f3 teljes\u00edtm\u00e9nyt ny\u00fajtanak. A f\u0151 el\u0151ny\u00f6k k\u00f6z\u00e9 tartozik a gyors \u00f6sszeszerel\u00e9s \u00e9s sz\u00e9tszerel\u00e9s, amely lehet\u0151v\u00e9 teszi a k\u00f6nny\u0171 kezelhet\u0151s\u00e9get, \u00fajb\u00f3li felv\u00e9telek n\u00e9lk\u00fcl. Ez a szerelv\u00e9ny ide\u00e1lis azok sz\u00e1m\u00e1ra, akiknek rugalmas \u00e9s hat\u00e9kony megold\u00e1sra van sz\u00fcks\u00e9g\u00fck a l\u0151felszerel\u00e9s\u00fckh\u00f6z.<\/p>\n<p>Hossz a szor\u00edt\u00f3szerkezet k\u00f6z\u00e9ppontja k\u00f6z\u00f6tt: 100 mm<\/p>\n<p>Weaver b\u00e1zis hossza: 120 mm<\/p>\n<p><strong>Kompatibilit\u00e1s a PARD eszk\u00f6z\u00f6kkel:<\/strong><\/p>\n<ul>\n<li>NV008S \/ SP2 sorozat<\/li>\n<li>NV-SC4 sorozat<\/li>\n<li>OCELOT sorozat<\/li>\n<li>LANDSAT sorozat<\/li>\n<li>SA sorozat<\/li>\n<li>TA3x sorozat<\/li>\n<li>FT3x sorozat<\/li>\n<li>FD1 sorozat<\/li>\n<\/ul>","protected":false},"excerpt":{"rendered":"<p>A PARD Weaver s\u00ednhez val\u00f3 ac\u00e9l szerel\u00e9ke massz\u00edv \u00e9s tart\u00f3s, gyors fel- \u00e9s leszerel\u00e9ssel, ism\u00e9telt bel\u00f6v\u00e9s n\u00e9lk\u00fcl. A r\u00f6gz\u00edt\u0151mechanizmus k\u00f6z\u00e9pt\u00e1vols\u00e1ga 100 mm, a Weaver alap hossza 120 mm, \u00e9s kompatibilis a PARD NV008S\/SP2, NV-SC4, OCELOT, LANDSAT, SA, TA3x, FT3x \u00e9s FD1 sz\u00e9ri\u00e1kkal.<\/p>","protected":false},"featured_media":21485,"template":"","meta":{"_gspb_post_css":""},"product_brand":[],"product_cat":[2744],"product_tag":[381,229],"class_list":{"0":"post-21419","1":"product","2":"type-product","3":"status-publish","4":"has-post-thumbnail","6":"product_cat-montaz","7":"product_tag-montaz","8":"product_tag-pard","10":"first","11":"instock","12":"taxable","13":"shipping-taxable","14":"purchasable","15":"product-type-simple"},"ct_brands":[],"_links":{"self":[{"href":"https:\/\/zbranebudai.sk\/hu\/wp-json\/wp\/v2\/product\/21419","targetHints":{"allow":["GET"]}}],"collection":[{"href":"https:\/\/zbranebudai.sk\/hu\/wp-json\/wp\/v2\/product"}],"about":[{"href":"https:\/\/zbranebudai.sk\/hu\/wp-json\/wp\/v2\/types\/product"}],"wp:featuredmedia":[{"embeddable":true,"href":"https:\/\/zbranebudai.sk\/hu\/wp-json\/wp\/v2\/media\/21485"}],"wp:attachment":[{"href":"https:\/\/zbranebudai.sk\/hu\/wp-json\/wp\/v2\/media?parent=21419"}],"wp:term":[{"taxonomy":"product_brand","embeddable":true,"href":"https:\/\/zbranebudai.sk\/hu\/wp-json\/wp\/v2\/product_brand?post=21419"},{"taxonomy":"product_cat","embeddable":true,"href":"https:\/\/zbranebudai.sk\/hu\/wp-json\/wp\/v2\/product_cat?post=21419"},{"taxonomy":"product_tag","embeddable":true,"href":"https:\/\/zbranebudai.sk\/hu\/wp-json\/wp\/v2\/product_tag?post=21419"}],"curies":[{"name":"wp","href":"https:\/\/api.w.org\/{rel}","templated":true}]}}