{"id":21418,"date":"2026-02-14T15:26:12","date_gmt":"2026-02-14T13:26:12","guid":{"rendered":"https:\/\/zbranebudai.sk\/?post_type=product&#038;p=21418"},"modified":"2026-02-27T12:13:58","modified_gmt":"2026-02-27T10:13:58","slug":"pard-eredeti-akkumulator-21700","status":"publish","type":"product","link":"https:\/\/zbranebudai.sk\/hu\/product\/pard-originalna-bateria-21700\/","title":{"rendered":"Pard eredeti akkumul\u00e1tor 21700"},"content":{"rendered":"<p>Akkumul\u00e1tor a Pard TD32\/62 k\u00e9sz\u00fcl\u00e9khez.<\/p>","protected":false},"excerpt":{"rendered":"<p>Akkumul\u00e1tor a Pard TD32\/62 k\u00e9sz\u00fcl\u00e9khez.<\/p>","protected":false},"featured_media":21483,"template":"","meta":{"_gspb_post_css":""},"product_brand":[],"product_cat":[2747],"product_tag":[355,229],"class_list":{"0":"post-21418","1":"product","2":"type-product","3":"status-publish","4":"has-post-thumbnail","6":"product_cat-akumulatory","7":"product_tag-akumulator","8":"product_tag-pard","10":"first","11":"instock","12":"taxable","13":"shipping-taxable","14":"purchasable","15":"product-type-simple"},"ct_brands":[],"_links":{"self":[{"href":"https:\/\/zbranebudai.sk\/hu\/wp-json\/wp\/v2\/product\/21418","targetHints":{"allow":["GET"]}}],"collection":[{"href":"https:\/\/zbranebudai.sk\/hu\/wp-json\/wp\/v2\/product"}],"about":[{"href":"https:\/\/zbranebudai.sk\/hu\/wp-json\/wp\/v2\/types\/product"}],"wp:featuredmedia":[{"embeddable":true,"href":"https:\/\/zbranebudai.sk\/hu\/wp-json\/wp\/v2\/media\/21483"}],"wp:attachment":[{"href":"https:\/\/zbranebudai.sk\/hu\/wp-json\/wp\/v2\/media?parent=21418"}],"wp:term":[{"taxonomy":"product_brand","embeddable":true,"href":"https:\/\/zbranebudai.sk\/hu\/wp-json\/wp\/v2\/product_brand?post=21418"},{"taxonomy":"product_cat","embeddable":true,"href":"https:\/\/zbranebudai.sk\/hu\/wp-json\/wp\/v2\/product_cat?post=21418"},{"taxonomy":"product_tag","embeddable":true,"href":"https:\/\/zbranebudai.sk\/hu\/wp-json\/wp\/v2\/product_tag?post=21418"}],"curies":[{"name":"wp","href":"https:\/\/api.w.org\/{rel}","templated":true}]}}