{"id":21417,"date":"2026-02-14T15:26:12","date_gmt":"2026-02-14T13:26:12","guid":{"rendered":"https:\/\/zbranebudai.sk\/?post_type=product&#038;p=21417"},"modified":"2026-02-27T12:16:54","modified_gmt":"2026-02-27T10:16:54","slug":"pard-wombat-640-lrf-hokameras-kamera","status":"publish","type":"product","link":"https:\/\/zbranebudai.sk\/hu\/product\/pard-wombat-640-lrf-termovizna-kamera\/","title":{"rendered":"Pard WOMBAT 640 LRF h\u0151kamera"},"content":{"rendered":"<p data-start=\"74\" data-end=\"129\"><strong data-start=\"77\" data-end=\"129\">Pard WOMBAT 640 LRF h\u0151kamera - \u00daj korszak a h\u0151kamer\u00e1z\u00e1s ter\u00fclet\u00e9n<\/strong><\/p>\n<p data-start=\"131\" data-end=\"507\">A  bemutat\u00e1sa <strong data-start=\"144\" data-end=\"161\">PARD Wombat<\/strong> - Kompakt \u00e9s innovat\u00edv h\u0151kamer\u00e1s monokul\u00e1r, amely forradalmas\u00edtja a mobilit\u00e1st \u00e9s a k\u00e9pmin\u0151s\u00e9get. \u00dagy tervezt\u00e9k <strong data-start=\"284\" data-end=\"322\">A  oldalon.<\/strong> <strong data-start=\"284\" data-end=\"322\">a legig\u00e9nyesebb felhaszn\u00e1l\u00f3k<\/strong>, akik r\u00e9szletes k\u00e9peket \u00e9s maxim\u00e1lis rugalmass\u00e1got v\u00e1rnak el minden helyzetben - legyen sz\u00f3 vad\u00e1szatr\u00f3l, vadmegfigyel\u00e9sr\u0151l, biztons\u00e1gtechnik\u00e1r\u00f3l vagy ipari ellen\u0151rz\u00e9sekr\u0151l.<\/p>\n<p data-start=\"514\" data-end=\"554\"><strong data-start=\"518\" data-end=\"554\">A legmagasabb k\u00e9pmin\u0151s\u00e9g \u00e9s \u00e9rz\u00e9kenys\u00e9g<\/strong><\/p>\n<p data-start=\"555\" data-end=\"1094\"><strong data-start=\"557\" data-end=\"577\">Sz\u00edvvel<\/strong> <strong data-start=\"557\" data-end=\"577\">Wombat 640 <\/strong>nagyon \u00e9rz\u00e9keny, h\u0171t\u00e9s n\u00e9lk\u00fcli <strong data-start=\"613\" data-end=\"628\">VOx \u00e9rz\u00e9kel\u0151<\/strong> <strong data-start=\"631\" data-end=\"665\">640 \u00d7 512 k\u00e9ppont felbont\u00e1ssal<\/strong> a <strong data-start=\"669\" data-end=\"692\">pixelm\u00e9ret 12 \u03bcm<\/strong>.<br data-start=\"693\" data-end=\"696\" \/>A kiv\u00e1l\u00f3 k\u00e9pmin\u0151s\u00e9get biztos\u00edt\u00f3 legfontosabb param\u00e9ter <strong data-start=\"770\" data-end=\"802\">NETD (termikus \u00e9rz\u00e9kenys\u00e9g) \u2264 18 mK<\/strong>. Ez azt jelenti, hogy a Wombat 640 <strong data-start=\"840\" data-end=\"902\">ak\u00e1r 0,018 \u00b0C-os h\u0151m\u00e9rs\u00e9klet-k\u00fcl\u00f6nbs\u00e9geket is k\u00e9pes \u00e9rz\u00e9kelni<\/strong>, ami m\u00e9g kedvez\u0151tlen k\u00f6r\u00fclm\u00e9nyek k\u00f6z\u00f6tt (pl. es\u0151, k\u00f6d) is gazdagabb r\u00e9szleteket \u00e9s jobb felismer\u00e9st eredm\u00e9nyez. A k\u00e9pmegjelen\u00edt\u00e9s rendk\u00edv\u00fcl egyenletes <strong data-start=\"1035\" data-end=\"1072\">50 Hz-es k\u00e9pfriss\u00edt\u00e9si frekvenci\u00e1val<\/strong>.<\/p>\n<p data-start=\"1101\" data-end=\"1142\"><strong data-start=\"1105\" data-end=\"1142\">Rugalmas \u00e9s k\u00e9nyelmes megfigyel\u00e9s<\/strong><\/p>\n<p data-start=\"1143\" data-end=\"1555\">A PARD Wombat egyed\u00fcl\u00e1ll\u00f3an egyedi <strong data-start=\"1181\" data-end=\"1251\">270\u00b0-ban forgathat\u00f3 \u00e9s \u00f6sszecsukhat\u00f3 4,5 h\u00fcvelykes HD kijelz\u0151<\/strong> <strong data-start=\"1253\" data-end=\"1286\">1280\u00d7720 k\u00e9ppont felbont\u00e1ssal<\/strong>. Ez az innovat\u00edv kialak\u00edt\u00e1s lehet\u0151v\u00e9 teszi <strong data-start=\"1317\" data-end=\"1354\">t\u00f6bb sz\u00f6gb\u0151l t\u00f6rt\u00e9n\u0151 megtekint\u00e9s<\/strong>, <strong data-start=\"1317\" data-end=\"1354\">Mi<\/strong> jelent\u0151sen n\u00f6veli a k\u00e9nyelmet a hosszan tart\u00f3 n\u00e9z\u00e9s vagy az ig\u00e9nyesebb testhelyzetek eset\u00e9n. <strong data-start=\"1466\" data-end=\"1497\">Kompakt kialak\u00edt\u00e1s zsebm\u00e9retben<\/strong> k\u00e9nyelmes fog\u00e1st \u00e9s k\u00f6nny\u0171 kezelhet\u0151s\u00e9get biztos\u00edt.<\/p>\n<p data-start=\"1562\" data-end=\"1605\"><strong data-start=\"1566\" data-end=\"1605\">Pontoss\u00e1g a be\u00e9p\u00edtett t\u00e1vols\u00e1gm\u00e9r\u0151nek k\u00f6sz\u00f6nhet\u0151en<\/strong><\/p>\n<p data-start=\"1606\" data-end=\"1898\">A Wombat a k\u00f6vetkez\u0151 eszk\u00f6z\u00f6kkel van felszerelve <strong data-start=\"1615\" data-end=\"1672\">be\u00e9p\u00edtett l\u00e9zeres t\u00e1vols\u00e1gm\u00e9r\u0151 (LRF) 1000 m\u00e9teres hat\u00f3t\u00e1vols\u00e1ggal<\/strong>, amely <strong data-start=\"1694\" data-end=\"1742\">folyamatosan, val\u00f3s id\u0151ben m\u00e9ri a t\u00e1vols\u00e1got<\/strong>. Ez biztos\u00edtja az \u00d6n sz\u00e1m\u00e1ra <strong data-start=\"1750\" data-end=\"1781\">azonnali \u00e9s pontos adatok<\/strong> a c\u00e9lpontt\u00f3l val\u00f3 t\u00e1vols\u00e1got, ami felbecs\u00fclhetetlen\u00fcl fontos a vad\u00e1szati strat\u00e9gia megtervez\u00e9sekor vagy a prec\u00edzi\u00f3s c\u00e9lz\u00e1shoz.<\/p>\n<p data-start=\"1905\" data-end=\"1958\"><strong data-start=\"1909\" data-end=\"1958\">Intelligens funkci\u00f3k \u00e9s tart\u00f3s kialak\u00edt\u00e1s<\/strong><\/p>\n<p data-start=\"1959\" data-end=\"2593\">Monokul\u00e1ris aj\u00e1nlatok <strong data-start=\"1971\" data-end=\"1985\">6 megjelen\u00edt\u00e9si m\u00f3d<\/strong> (bele\u00e9rtve a kedvenc \u00fczemm\u00f3dokat <strong data-start=\"2011\" data-end=\"2031\">WT-HOT \u00e9s BK-HOT<\/strong>) a <strong data-start=\"2053\" data-end=\"2094\">3 jelenetprofil (v\u00e1ros \/ es\u0151 \/ erd\u0151)<\/strong>, hogy b\u00e1rmilyen k\u00f6rnyezetben a legjobb k\u00e9pet ny\u00fajtsa. <strong data-start=\"2149\" data-end=\"2170\">Jellemz\u0151<\/strong> <strong data-start=\"2149\" data-end=\"2170\">Forr\u00f3 p\u00e1lya<\/strong> seg\u00edt a mozg\u00f3 c\u00e9lpontok gyors \u00e9szlel\u00e9s\u00e9ben \u00e9s k\u00f6vet\u00e9s\u00e9ben. A <strong data-start=\"2231\" data-end=\"2253\">PIP (K\u00e9p a k\u00e9pben)<\/strong> k\u00f6vetheti a k\u00e9p k\u00f6zep\u00e9t <strong data-start=\"2281\" data-end=\"2299\">2\u00d7-es nagy\u00edt\u00e1ssal<\/strong>. <strong data-start=\"2315\" data-end=\"2334\">Be\u00e9p\u00edtett Wi-Fi<\/strong> lehet\u0151v\u00e9 teszi az okostelefonos csatlakoz\u00e1st, valamint az \u00e9l\u0151 k\u00e9pmegoszt\u00e1st \u00e9s t\u00e1vvez\u00e9rl\u00e9st a <strong data-start=\"2387\" data-end=\"2415\">alkalmaz\u00e1sok<\/strong> <strong data-start=\"2387\" data-end=\"2415\">PardVision2<\/strong>. A k\u00e9sz\u00fcl\u00e9k \u00e1ramell\u00e1t\u00e1sa <strong data-start=\"2496\" data-end=\"2552\" data-is-only-node=\"\">speci\u00e1lis 7000 mAh soft-pack akkumul\u00e1tor<\/strong> <strong data-start=\"2567\" data-end=\"2592\">ak\u00e1r 8 \u00f3r\u00e1s \u00fczemid\u0151vel<\/strong>.<\/p>\n<p data-start=\"2595\" data-end=\"2809\"><strong data-start=\"2597\" data-end=\"2676\">A Pard Wombat tart\u00f3s AL6061 alum\u00ednium\u00f6tv\u00f6zetb\u0151l \u00e9s kompozit anyagokb\u00f3l k\u00e9sz\u00fclt.<\/strong>, amelyek egy\u00fcttesen <strong data-start=\"2682\" data-end=\"2711\">-<\/strong> <strong data-start=\"2682\" data-end=\"2711\">t\u00f6bbr\u00e9teg\u0171 \u00fcveglencs\u00e9k<\/strong> hossz\u00fa \u00e9lettartamot \u00e9s megb\u00edzhat\u00f3s\u00e1got garant\u00e1lnak m\u00e9g a legnehezebb k\u00f6r\u00fclm\u00e9nyek k\u00f6z\u00f6tt is.<\/p>\n<table dir=\"ltr\" style=\"width: 937px\" border=\"1\" cellspacing=\"0\" cellpadding=\"0\" data-sheets-root=\"1\" data-sheets-baot=\"1\">\n<colgroup>\n<col width=\"172\" \/>\n<col width=\"37\" \/>\n<col width=\"101\" \/><\/colgroup>\n<tbody>\n<tr>\n<td style=\"width: 307.237px\">Param\u00e9terek<\/td>\n<td style=\"width: 290.825px\">\u00c9rt\u00e9k<\/td>\n<td style=\"width: 332.538px\">Comment<\/td>\n<\/tr>\n<tr>\n<td style=\"width: 307.237px\">Modell<\/td>\n<td style=\"width: 290.825px\">\n<div>\n<div>Wombat 640<\/div>\n<\/div>\n<\/td>\n<td style=\"width: 332.538px\"><\/td>\n<\/tr>\n<tr>\n<td style=\"width: 307.237px\">\u00c9rz\u00e9kel\u0151 t\u00edpusa<\/td>\n<td style=\"width: 290.825px\">\n<div>\n<div>F\u0171tetlen VOx (van\u00e1dium-oxid)<\/div>\n<\/div>\n<\/td>\n<td style=\"width: 332.538px\"><\/td>\n<\/tr>\n<tr>\n<td style=\"width: 307.237px\">\u00c9rz\u00e9kel\u0151 felbont\u00e1sa (pixel)<\/td>\n<td style=\"width: 290.825px\">640 \u00d7 512<\/td>\n<td style=\"width: 332.538px\">\n<div>\n<div>R\u00e9szletes h\u0151k\u00e9phez<\/div>\n<\/div>\n<\/td>\n<\/tr>\n<tr>\n<td style=\"width: 307.237px\">Pixel m\u00e9ret (\u00b5m)<\/td>\n<td style=\"width: 290.825px\">12 \u00d7 12<\/td>\n<td style=\"width: 332.538px\">\n<div>\n<div>Nagy felbont\u00e1s\u00fa szabv\u00e1ny<\/div>\n<\/div>\n<\/td>\n<\/tr>\n<tr>\n<td style=\"width: 307.237px\">NETD<\/td>\n<td style=\"width: 290.825px\">\u2264 18 mK (0,018 \u00b0C)<\/td>\n<td style=\"width: 332.538px\">\n<div>\n<div>Rendk\u00edv\u00fcl magas h\u0151\u00e9rz\u00e9kenys\u00e9g a r\u00e9szletek\u00e9rt<\/div>\n<\/div>\n<\/td>\n<\/tr>\n<tr>\n<td style=\"width: 307.237px\">Friss\u00edt\u00e9si sebess\u00e9g (Hz)<\/td>\n<td style=\"width: 290.825px\">50,00<\/td>\n<td style=\"width: 332.538px\">\n<div>\n<div>Megszak\u00edt\u00e1s n\u00e9lk\u00fcli k\u00e9pmegjelen\u00edt\u00e9s<\/div>\n<\/div>\n<\/td>\n<\/tr>\n<tr>\n<td style=\"width: 307.237px\">\u00c9rz\u00e9kel\u00e9si t\u00e1vols\u00e1g (m)<\/td>\n<td style=\"width: 290.825px\">1 800,00<\/td>\n<td style=\"width: 332.538px\">\n<div>\n<div>Emberi alakok \u00e9szlel\u00e9se<\/div>\n<\/div>\n<\/td>\n<\/tr>\n<tr>\n<td style=\"width: 307.237px\">Objekt\u00edv (mm)<\/td>\n<td style=\"width: 290.825px\">35,00<\/td>\n<td style=\"width: 332.538px\"><\/td>\n<\/tr>\n<tr>\n<td style=\"width: 307.237px\">Optikai nagy\u00edt\u00e1s (\u00d7)<\/td>\n<td style=\"width: 290.825px\">1,8\u00d7<\/td>\n<td style=\"width: 332.538px\"><\/td>\n<\/tr>\n<tr>\n<td style=\"width: 307.237px\">Digit\u00e1lis zoom (\u00d7)<\/td>\n<td style=\"width: 290.825px\">\n<div>\n<div>2 \/ 4 \/ 6 \/ 8<\/div>\n<\/div>\n<\/td>\n<td style=\"width: 332.538px\"><\/td>\n<\/tr>\n<tr>\n<td style=\"width: 307.237px\">Megjelen\u00edt\u00e9s t\u00edpusa<\/td>\n<td style=\"width: 290.825px\">LCD<\/td>\n<td style=\"width: 332.538px\"><\/td>\n<\/tr>\n<tr>\n<td style=\"width: 307.237px\">Kijelz\u0151 felbont\u00e1sa (pixel)<\/td>\n<td style=\"width: 290.825px\">1280 \u00d7 720<\/td>\n<td style=\"width: 332.538px\">Tiszta HD k\u00e9pmin\u0151s\u00e9g<\/td>\n<\/tr>\n<tr>\n<td style=\"width: 307.237px\">Forgathat\u00f3\/hajtogathat\u00f3 kijelz\u0151<\/td>\n<td style=\"width: 290.825px\">Igen, 270\u00b0<\/td>\n<td style=\"width: 332.538px\">\n<div>\n<div>Rugalmas \u00e9s k\u00e9nyelmes nyomon k\u00f6vet\u00e9s<\/div>\n<\/div>\n<\/td>\n<\/tr>\n<tr>\n<td style=\"width: 307.237px\">K\u00e9pm\u00f3dok<\/td>\n<td style=\"width: 290.825px\">6 (WT-HOT \/ BK-HOT \/ H-Light \/ RD-HOT \/ IN-HOT \/ SKY)<\/td>\n<td style=\"width: 332.538px\">\n<div>\n<div>A c\u00e9lkit\u0171z\u00e9sek kiemel\u00e9se<\/div>\n<\/div>\n<\/td>\n<\/tr>\n<tr>\n<td style=\"width: 307.237px\">Jelenet m\u00f3dok<\/td>\n<td style=\"width: 290.825px\">3 (v\u00e1ros \/ es\u0151 \/ erd\u0151)<\/td>\n<td style=\"width: 332.538px\">\n<div>\n<div>K\u00fcl\u00f6nb\u00f6z\u0151 k\u00f6rnyezetekhez<\/div>\n<\/div>\n<\/td>\n<\/tr>\n<tr>\n<td style=\"width: 307.237px\">L\u00e9zeres t\u00e1vols\u00e1gm\u00e9r\u0151 (LRF)<\/td>\n<td style=\"width: 290.825px\">Be\u00e9p\u00edtett, 1000 m<\/td>\n<td style=\"width: 332.538px\">\n<div>\n<div>Pontos t\u00e1vols\u00e1gm\u00e9r\u00e9s<\/div>\n<\/div>\n<\/td>\n<\/tr>\n<tr>\n<td style=\"width: 307.237px\">A f\u00e9nyk\u00e9pek\/vide\u00f3k felbont\u00e1sa (pixel)<\/td>\n<td style=\"width: 290.825px\">\n<div>\n<div>1280 \u00d7 720<\/div>\n<\/div>\n<\/td>\n<td style=\"width: 332.538px\"><\/td>\n<\/tr>\n<tr>\n<td style=\"width: 307.237px\">Hosting<\/td>\n<td style=\"width: 290.825px\">\n<div>\n<div>microSD k\u00e1rtya (max. 128 GB)<\/div>\n<\/div>\n<\/td>\n<td style=\"width: 332.538px\"><\/td>\n<\/tr>\n<tr>\n<td style=\"width: 307.237px\">Csatlakoz\u00f3k<\/td>\n<td style=\"width: 290.825px\">\n<div>\n<div>USB-C, HDMI, Wi-Fi<\/div>\n<\/div>\n<\/td>\n<td style=\"width: 332.538px\"><\/td>\n<\/tr>\n<tr>\n<td style=\"width: 307.237px\">T\u00e1mogatott alkalmaz\u00e1s<\/td>\n<td style=\"width: 290.825px\">PardVision2<\/td>\n<td style=\"width: 332.538px\">\n<div>\n<div>Telefonos kapcsolatfelv\u00e9tel<\/div>\n<\/div>\n<\/td>\n<\/tr>\n<tr>\n<td style=\"width: 307.237px\">Akkumul\u00e1tor t\u00edpusa<\/td>\n<td style=\"width: 290.825px\">Speci\u00e1lis soft-pack akkumul\u00e1tor<\/td>\n<td style=\"width: 332.538px\">7000 mAh<\/td>\n<\/tr>\n<tr>\n<td style=\"width: 307.237px\">M\u0171k\u00f6d\u00e9si id\u0151 (\u00f3r\u00e1k)<\/td>\n<td style=\"width: 290.825px\">\u2264 8<\/td>\n<td style=\"width: 332.538px\"><\/td>\n<\/tr>\n<tr>\n<td style=\"width: 307.237px\">A h\u00e1z anyaga<\/td>\n<td style=\"width: 290.825px\">AL6061 alum\u00ednium \u00e9s kompozit anyag<\/td>\n<td style=\"width: 332.538px\">\n<div>\n<div>Robusztus \u00e9s tart\u00f3s<\/div>\n<\/div>\n<\/td>\n<\/tr>\n<tr>\n<td style=\"width: 307.237px\">Lencse anyaga<\/td>\n<td style=\"width: 290.825px\">Teljes \u00fcveglencs\u00e9k t\u00f6bbr\u00e9teg\u0171 bevonattal<\/td>\n<td style=\"width: 332.538px\">\n<div>\n<div>Tiszta \u00e9s \u00e9les k\u00e9p<\/div>\n<\/div>\n<\/td>\n<\/tr>\n<tr>\n<td style=\"width: 307.237px\">M\u00e9retek LRF-fel (H \u00d7 Sz \u00d7 D, mm)<\/td>\n<td style=\"width: 290.825px\">55 \u00d7 80 \u00d7 150<\/td>\n<td style=\"width: 332.538px\">Kompakt m\u00e9ret<\/td>\n<\/tr>\n<tr>\n<td style=\"width: 307.237px\">T\u00f6meg (akkumul\u00e1torral, g)<\/td>\n<td style=\"width: 290.825px\">482,00<\/td>\n<td style=\"width: 332.538px\">\n<div>\n<div>K\u00f6nny\u0171 \u00e9s k\u00f6nnyen hordozhat\u00f3<\/div>\n<\/div>\n<\/td>\n<\/tr>\n<tr>\n<td style=\"width: 307.237px\">Egy\u00e9b jellemz\u0151k<\/td>\n<td style=\"width: 290.825px\">\n<div>\n<div>Hot Track, PIP, ir\u00e1nyt\u0171, automatikus felv\u00e9tel, ciklikus felv\u00e9tel, id\u0151b\u00e9lyegz\u0151, hangfelv\u00e9tel, firmware-friss\u00edt\u00e9s<\/div>\n<\/div>\n<\/td>\n<td style=\"width: 332.538px\"><\/td>\n<\/tr>\n<\/tbody>\n<\/table>","protected":false},"excerpt":{"rendered":"<p data-start=\"71\" data-end=\"128\"><strong data-start=\"75\" data-end=\"128\">R\u00e9szletek, amelyek megragadj\u00e1k a szemet!<\/strong><\/p>\n<p data-start=\"130\" data-end=\"404\">Fedezze fel a l\u00e1thatatlant <strong data-start=\"159\" data-end=\"200\">termikus monokul\u00e1rral<\/strong> <strong data-start=\"159\" data-end=\"200\">PARD Wombat 640<\/strong>. K\u00f6sz\u00f6n\u00f6m <strong data-start=\"206\" data-end=\"274\">\u00e1ll\u00e1sfoglal\u00e1s<\/strong> <strong data-start=\"206\" data-end=\"274\">640\u00d7512 \u00e9s rendk\u00edv\u00fcl \u00e9rz\u00e9keny \u00e9rz\u00e9kel\u0151 (NETD \u2264 18 mK)<\/strong> a legkisebb h\u0151m\u00e9rs\u00e9klet-k\u00fcl\u00f6nbs\u00e9geket is \u00e9rz\u00e9keli, \u00edgy olyan r\u00e9szleteket is l\u00e1that, amelyek kor\u00e1bban rejtve maradtak.<\/p>\n<p data-start=\"406\" data-end=\"652\"><strong data-start=\"408\" data-end=\"444\">Forgathat\u00f3 HD kijelz\u0151<\/strong> Sz\u00f6g <strong data-start=\"408\" data-end=\"444\">270\u00b0-os elford\u00edt\u00e1sok<\/strong> a <strong data-start=\"450\" data-end=\"472\">kompakt kialak\u00edt\u00e1s<\/strong> maxim\u00e1lis k\u00e9nyelmet \u00e9s rugalmass\u00e1got biztos\u00edtanak a megfigyel\u00e9s sor\u00e1n. <strong data-start=\"543\" data-end=\"608\">Integr\u00e1lt l\u00e9zeres t\u00e1vols\u00e1gm\u00e9r\u0151 1000 m\u00e9teres hat\u00f3t\u00e1vols\u00e1ggal<\/strong> azonnali \u00e9s pontos t\u00e1vols\u00e1gi adatokat szolg\u00e1ltat.<\/p>\n<p data-start=\"654\" data-end=\"751\" data-is-last-node=\"\" data-is-only-node=\"\"><strong data-start=\"654\" data-end=\"751\" data-is-last-node=\"\">Ide\u00e1lis vad\u00e1szathoz, vadmegfigyel\u00e9shez \u00e9s biztons\u00e1gi alkalmaz\u00e1sokhoz.<\/strong><\/p>","protected":false},"featured_media":21480,"template":"","meta":{"_gspb_post_css":""},"product_brand":[],"product_cat":[2749,2748],"product_tag":[347,229,2315,2734],"class_list":{"0":"post-21417","1":"product","2":"type-product","3":"status-publish","4":"has-post-thumbnail","6":"product_cat-laserove-dialkomery","7":"product_cat-termovizne-kamery","8":"product_tag-laserovy-dialkomer","9":"product_tag-pard","10":"product_tag-termovizna-kamera","11":"product_tag-wombat","13":"first","14":"instock","15":"taxable","16":"shipping-taxable","17":"purchasable","18":"product-type-simple"},"ct_brands":[],"_links":{"self":[{"href":"https:\/\/zbranebudai.sk\/hu\/wp-json\/wp\/v2\/product\/21417","targetHints":{"allow":["GET"]}}],"collection":[{"href":"https:\/\/zbranebudai.sk\/hu\/wp-json\/wp\/v2\/product"}],"about":[{"href":"https:\/\/zbranebudai.sk\/hu\/wp-json\/wp\/v2\/types\/product"}],"wp:featuredmedia":[{"embeddable":true,"href":"https:\/\/zbranebudai.sk\/hu\/wp-json\/wp\/v2\/media\/21480"}],"wp:attachment":[{"href":"https:\/\/zbranebudai.sk\/hu\/wp-json\/wp\/v2\/media?parent=21417"}],"wp:term":[{"taxonomy":"product_brand","embeddable":true,"href":"https:\/\/zbranebudai.sk\/hu\/wp-json\/wp\/v2\/product_brand?post=21417"},{"taxonomy":"product_cat","embeddable":true,"href":"https:\/\/zbranebudai.sk\/hu\/wp-json\/wp\/v2\/product_cat?post=21417"},{"taxonomy":"product_tag","embeddable":true,"href":"https:\/\/zbranebudai.sk\/hu\/wp-json\/wp\/v2\/product_tag?post=21417"}],"curies":[{"name":"wp","href":"https:\/\/api.w.org\/{rel}","templated":true}]}}