{"id":21416,"date":"2026-02-14T15:26:12","date_gmt":"2026-02-14T13:26:12","guid":{"rendered":"https:\/\/zbranebudai.sk\/?post_type=product&#038;p=21416"},"modified":"2026-02-27T12:10:49","modified_gmt":"2026-02-27T10:10:49","slug":"pard-ac-11-akciokamera","status":"publish","type":"product","link":"https:\/\/zbranebudai.sk\/hu\/product\/pard-ac-11-akcna-kamera\/","title":{"rendered":"Pard AC-11 akci\u00f3kamera"},"content":{"rendered":"<p><strong>Akci\u00f3kamera Pard AC-11<\/strong><\/p>\n<p data-start=\"79\" data-end=\"422\"><strong data-start=\"79\" data-end=\"132\">Soha t\u00f6bb\u00e9 nem hagysz ki egy l\u00f6v\u00e9st sem!<\/strong> K\u00f6sz\u00f6nhet\u0151en <strong data-start=\"162\" data-end=\"196\">automatikusra<\/strong><br data-start=\"132\" data-end=\"135\" \/><strong data-start=\"162\" data-end=\"196\">felt\u00f6lt\u00e9s<\/strong> visszar\u00fag\u00e1s-aktiv\u00e1lt <strong data-start=\"233\" data-end=\"279\">elindul<\/strong> PARD Akci\u00f3kamera <strong data-start=\"233\" data-end=\"279\">Felt\u00f6lt\u00e9s<\/strong> Pontosan <strong data-start=\"233\" data-end=\"279\">a t\u00fczel\u00e9s pillanat\u00e1ban<\/strong>. \u00c9lvezze a krist\u00e1lytiszta <strong data-start=\"306\" data-end=\"319\" data-is-only-node=\"\">4K vide\u00f3<\/strong> \u00e9s k\u00f6zeli felv\u00e9telek, amelyek <strong data-start=\"367\" data-end=\"422\">elviselni<\/strong> Tov\u00e1bb\u00e1 <strong data-start=\"367\" data-end=\"422\">a leger\u0151sebb visszar\u00fag\u00e1s (ak\u00e1r 6000 J).<\/strong><\/p>\n<p data-start=\"424\" data-end=\"592\"><strong data-start=\"426\" data-end=\"461\">Robusztus alum\u00ednium \u00e9s magn\u00e9zium test<\/strong> megb\u00edzhat\u00f3 t\u00e1rs minden k\u00f6r\u00fclm\u00e9nyek k\u00f6z\u00f6tt. K\u00f6sz\u00f6nhet\u0151en <strong data-start=\"505\" data-end=\"524\">be\u00e9p\u00edtett Wi-Fi<\/strong> k\u00f6nnyed\u00e9n megoszthatja tapasztalatait bar\u00e1taival.<\/p>\n<p data-start=\"71\" data-end=\"151\"><strong data-start=\"71\" data-end=\"151\">PARD Action - \u00edgy minden sikeres pillanatot \u00fajra \u00e9s \u00fajra \u00e1t\u00e9lhetsz!<\/strong><\/p>\n<p data-start=\"153\" data-end=\"386\">A Pard Action egy sport (vagy \u201eakci\u00f3\u201c) kamera, amelyet kifejezetten a l\u0151fegyverre, leggyakrabban a cs\u0151re szerelhet\u0151. F\u0151 c\u00e9lja a vad\u00e1szatr\u00f3l vagy l\u00f6v\u00e9szetr\u0151l k\u00e9sz\u00fclt vide\u00f3k r\u00f6gz\u00edt\u00e9se. <strong data-start=\"337\" data-end=\"376\">k\u00f6zvetlen\u00fcl a l\u0151fegyver szemsz\u00f6g\u00e9b\u0151l n\u00e9zve<\/strong>.<\/p>\n<p data-start=\"388\" data-end=\"423\"><strong>F\u0151bb jellemz\u0151k Pard Action:<\/strong><\/p>\n<ul data-start=\"425\" data-end=\"1591\">\n<li data-start=\"425\" data-end=\"564\">\n<p data-start=\"427\" data-end=\"564\"><strong data-start=\"427\" data-end=\"461\">Cs\u0151\/fegyver r\u00f6gz\u00edt\u00e9se:<\/strong><br data-start=\"461\" data-end=\"464\" \/>\u00dagy tervezt\u00e9k, hogy k\u00f6nnyen \u00e9s biztons\u00e1gosan r\u00f6gz\u00edthet\u0151 legyen a fegyver cs\u00f6v\u00e9hez vagy m\u00e1s r\u00e9sz\u00e9hez.<\/p>\n<\/li>\n<li data-start=\"566\" data-end=\"810\">\n<p data-start=\"568\" data-end=\"810\"><strong data-start=\"568\" data-end=\"601\">L\u00f6v\u00e9s aktiv\u00e1lt felv\u00e9tel:<\/strong><br data-start=\"601\" data-end=\"604\" \/>Gyakran rendelkezik olyan funkci\u00f3val, amely automatikusan elind\u00edtja a felv\u00e9telt, amikor a visszar\u00fag\u00e1s (l\u00f6v\u00e9s) \u00e9szlelhet\u0151. Ez lehet\u0151v\u00e9 teszi, hogy a legfontosabb pillanatokat akkor is meg\u00f6r\u00f6k\u00edtse, ha nem ind\u00edtja el manu\u00e1lisan a felv\u00e9telt.<\/p>\n<\/li>\n<li data-start=\"812\" data-end=\"946\">\n<p data-start=\"814\" data-end=\"946\"><strong data-start=\"814\" data-end=\"834\">Nagy felbont\u00e1s:<\/strong><br data-start=\"834\" data-end=\"837\" \/>\u00c1ltal\u00e1ban nagy felbont\u00e1sban - gyakran 4K-ban - r\u00f6gz\u00edti a r\u00e9szletes, kiv\u00e1l\u00f3 min\u0151s\u00e9g\u0171 vide\u00f3kat.<\/p>\n<\/li>\n<li data-start=\"948\" data-end=\"1104\">\n<p data-start=\"950\" data-end=\"1104\"><strong data-start=\"950\" data-end=\"974\">Visszar\u00fag\u00e1ssal szembeni ellen\u00e1ll\u00e1s:<\/strong><br data-start=\"974\" data-end=\"977\" \/>Robusztus fel\u00e9p\u00edt\u00e9s\u0171, \u00e9s \u00fagy tervezt\u00e9k, hogy ellen\u00e1lljon a szabv\u00e1nyos vad\u00e1szkaliberek er\u0151teljes visszar\u00fag\u00e1s\u00e1nak (gyakran ak\u00e1r 6000 J).<\/p>\n<\/li>\n<li data-start=\"1106\" data-end=\"1230\">\n<p data-start=\"1108\" data-end=\"1230\"><strong data-start=\"1108\" data-end=\"1128\">Sz\u00e9les l\u00e1t\u00f3sz\u00f6g:<\/strong><br data-start=\"1128\" data-end=\"1131\" \/>A legt\u00f6bbj\u00fck sz\u00e9les l\u00e1t\u00f3mez\u0151vel rendelkezik (pl. 120\u00b0), hogy a lehet\u0151 legt\u00f6bb akci\u00f3t r\u00f6gz\u00edthesse.<\/p>\n<\/li>\n<li data-start=\"1232\" data-end=\"1322\">\n<p data-start=\"1234\" data-end=\"1322\"><strong data-start=\"1234\" data-end=\"1254\">Robusztus fel\u00e9p\u00edt\u00e9s:<\/strong><br data-start=\"1254\" data-end=\"1257\" \/>Tart\u00f3s anyagokb\u00f3l, p\u00e9ld\u00e1ul alum\u00edniumb\u00f3l \u00e9s magn\u00e9ziumb\u00f3l k\u00e9sz\u00fclt.<\/p>\n<\/li>\n<li data-start=\"1324\" data-end=\"1445\">\n<p data-start=\"1326\" data-end=\"1445\"><strong data-start=\"1326\" data-end=\"1346\">Wi-Fi kapcsolat:<\/strong><br data-start=\"1346\" data-end=\"1349\" \/>Lehet\u0151v\u00e9 teszi a vide\u00f3k \u00e1tvitel\u00e9t telefonra vagy t\u00e1blag\u00e9pre, \u00e9s a felv\u00e9telek megoszt\u00e1s\u00e1t.<\/p>\n<\/li>\n<li data-start=\"1447\" data-end=\"1591\">\n<p data-start=\"1449\" data-end=\"1591\"><strong data-start=\"1449\" data-end=\"1470\">K\u00e9poptimaliz\u00e1l\u00e1s:<\/strong><br data-start=\"1470\" data-end=\"1473\" \/>Olyan funkci\u00f3kkal rendelkezhet, amelyek jav\u00edtj\u00e1k a k\u00e9pmin\u0151s\u00e9get gyenge f\u00e9nyviszonyok mellett (pl. felh\u0151s id\u0151j\u00e1r\u00e1s eset\u00e9n).<\/p>\n<\/li>\n<\/ul>","protected":false},"excerpt":{"rendered":"<p>Csatolja fel, c\u00e9lozzon, r\u00f6gz\u00edtsen! A PARD Action egy kifejezetten erre a c\u00e9lra tervezett akci\u00f3kamera, amely lehet\u0151v\u00e9 teszi, hogy minden l\u00e9legzetel\u00e1ll\u00edt\u00f3 pillanatot meg\u00f6r\u00f6k\u00edtsen a vad\u00e1szat vagy a l\u00f6v\u00e9szeti edz\u00e9s sor\u00e1n \u2013 k\u00f6zvetlen\u00fcl a fegyvere n\u00e9z\u0151pontj\u00e1b\u00f3l.<\/p>","protected":false},"featured_media":21475,"template":"","meta":{"_gspb_post_css":""},"product_brand":[],"product_cat":[2745],"product_tag":[2746,229],"class_list":{"0":"post-21416","1":"product","2":"type-product","3":"status-publish","4":"has-post-thumbnail","6":"product_cat-akcne-kamery","7":"product_tag-akcna-kamera","8":"product_tag-pard","10":"first","11":"instock","12":"taxable","13":"shipping-taxable","14":"purchasable","15":"product-type-simple"},"ct_brands":[],"_links":{"self":[{"href":"https:\/\/zbranebudai.sk\/hu\/wp-json\/wp\/v2\/product\/21416","targetHints":{"allow":["GET"]}}],"collection":[{"href":"https:\/\/zbranebudai.sk\/hu\/wp-json\/wp\/v2\/product"}],"about":[{"href":"https:\/\/zbranebudai.sk\/hu\/wp-json\/wp\/v2\/types\/product"}],"wp:featuredmedia":[{"embeddable":true,"href":"https:\/\/zbranebudai.sk\/hu\/wp-json\/wp\/v2\/media\/21475"}],"wp:attachment":[{"href":"https:\/\/zbranebudai.sk\/hu\/wp-json\/wp\/v2\/media?parent=21416"}],"wp:term":[{"taxonomy":"product_brand","embeddable":true,"href":"https:\/\/zbranebudai.sk\/hu\/wp-json\/wp\/v2\/product_brand?post=21416"},{"taxonomy":"product_cat","embeddable":true,"href":"https:\/\/zbranebudai.sk\/hu\/wp-json\/wp\/v2\/product_cat?post=21416"},{"taxonomy":"product_tag","embeddable":true,"href":"https:\/\/zbranebudai.sk\/hu\/wp-json\/wp\/v2\/product_tag?post=21416"}],"curies":[{"name":"wp","href":"https:\/\/api.w.org\/{rel}","templated":true}]}}