{"id":21415,"date":"2026-02-14T15:26:12","date_gmt":"2026-02-14T13:26:12","guid":{"rendered":"https:\/\/zbranebudai.sk\/?post_type=product&#038;p=21415"},"modified":"2026-02-27T12:33:20","modified_gmt":"2026-02-27T10:33:20","slug":"pard-akkumulatortolto","status":"publish","type":"product","link":"https:\/\/zbranebudai.sk\/hu\/product\/pard-nabijacka-baterii\/","title":{"rendered":"Pard akkumul\u00e1tort\u00f6lt\u0151"},"content":{"rendered":"<p data-start=\"28\" data-end=\"100\"><strong data-start=\"28\" data-end=\"100\">Intelligens akkumul\u00e1tort\u00f6lt\u0151 2 akkumul\u00e1torhoz a PARD-t\u00f3l.<\/strong><\/p>\n<p data-start=\"102\" data-end=\"151\"><strong data-start=\"102\" data-end=\"151\">Kompatibilis a k\u00f6vetkez\u0151 akkumul\u00e1tort\u00edpusokkal:<\/strong><\/p>\n<ul>\n<li data-start=\"155\" data-end=\"162\">18650<\/li>\n<li data-start=\"165\" data-end=\"172\">21700<\/li>\n<li data-start=\"175\" data-end=\"182\">26650<\/li>\n<li data-start=\"185\" data-end=\"192\">18 490<\/li>\n<li data-start=\"195\" data-end=\"202\">18350<\/li>\n<li data-start=\"205\" data-end=\"212\">17670<\/li>\n<li data-start=\"215\" data-end=\"222\">17 500<\/li>\n<li data-start=\"225\" data-end=\"232\">17335<\/li>\n<li data-start=\"235\" data-end=\"242\">16 340<\/li>\n<li data-start=\"245\" data-end=\"252\">14500<\/li>\n<li data-start=\"255\" data-end=\"262\">10440<\/li>\n<\/ul>","protected":false},"excerpt":{"rendered":"<p>PARD akkumul\u00e1tort\u00f6lt\u0151<\/p>","protected":false},"featured_media":21474,"template":"","meta":{"_gspb_post_css":""},"product_brand":[],"product_cat":[2750],"product_tag":[2751,229],"class_list":{"0":"post-21415","1":"product","2":"type-product","3":"status-publish","4":"has-post-thumbnail","6":"product_cat-nabijacky","7":"product_tag-nabijacka-baterii","8":"product_tag-pard","10":"first","11":"instock","12":"taxable","13":"shipping-taxable","14":"purchasable","15":"product-type-simple"},"ct_brands":[],"_links":{"self":[{"href":"https:\/\/zbranebudai.sk\/hu\/wp-json\/wp\/v2\/product\/21415","targetHints":{"allow":["GET"]}}],"collection":[{"href":"https:\/\/zbranebudai.sk\/hu\/wp-json\/wp\/v2\/product"}],"about":[{"href":"https:\/\/zbranebudai.sk\/hu\/wp-json\/wp\/v2\/types\/product"}],"wp:featuredmedia":[{"embeddable":true,"href":"https:\/\/zbranebudai.sk\/hu\/wp-json\/wp\/v2\/media\/21474"}],"wp:attachment":[{"href":"https:\/\/zbranebudai.sk\/hu\/wp-json\/wp\/v2\/media?parent=21415"}],"wp:term":[{"taxonomy":"product_brand","embeddable":true,"href":"https:\/\/zbranebudai.sk\/hu\/wp-json\/wp\/v2\/product_brand?post=21415"},{"taxonomy":"product_cat","embeddable":true,"href":"https:\/\/zbranebudai.sk\/hu\/wp-json\/wp\/v2\/product_cat?post=21415"},{"taxonomy":"product_tag","embeddable":true,"href":"https:\/\/zbranebudai.sk\/hu\/wp-json\/wp\/v2\/product_tag?post=21415"}],"curies":[{"name":"wp","href":"https:\/\/api.w.org\/{rel}","templated":true}]}}