{"id":21414,"date":"2026-02-14T15:26:12","date_gmt":"2026-02-14T13:26:12","guid":{"rendered":"https:\/\/zbranebudai.sk\/?post_type=product&#038;p=21414"},"modified":"2026-02-27T12:40:47","modified_gmt":"2026-02-27T10:40:47","slug":"pard-nv007sp-qd-57-mm-es-gyorscsatlakozo-adapter","status":"publish","type":"product","link":"https:\/\/zbranebudai.sk\/hu\/product\/pard-nv007sp-qd-57mm-rychlo-odnimatelny-adapter\/","title":{"rendered":"Pard NV007SP QD-57mm gyorskiold\u00e1s\u00fa adapter"},"content":{"rendered":"<p>Eredeti, 57 mm \u00e1tm\u00e9r\u0151j\u0171 r\u00f6gz\u00edt\u0151adapter h\u00e9zagol\u00f3gy\u0171r\u0171kkel a PARD NV007S \u00e9s NV007SP felcsatolhat\u00f3 \u00e9jjell\u00e1t\u00f3khoz.<\/p>","protected":false},"excerpt":{"rendered":"<p>57 mm \u00e1tm\u00e9r\u0151j\u0171 r\u00f6gz\u00edt\u0151adapter a PARD NV007 felcsatolhat\u00f3 \u00e9jjell\u00e1t\u00f3hoz.<\/p>","protected":false},"featured_media":21473,"template":"","meta":{"_gspb_post_css":""},"product_brand":[],"product_cat":[2752],"product_tag":[237,290,229],"class_list":{"0":"post-21414","1":"product","2":"type-product","3":"status-publish","4":"has-post-thumbnail","6":"product_cat-adapter-2","7":"product_tag-adapter","8":"product_tag-nv","9":"product_tag-pard","11":"first","12":"instock","13":"taxable","14":"shipping-taxable","15":"purchasable","16":"product-type-simple"},"ct_brands":[],"_links":{"self":[{"href":"https:\/\/zbranebudai.sk\/hu\/wp-json\/wp\/v2\/product\/21414","targetHints":{"allow":["GET"]}}],"collection":[{"href":"https:\/\/zbranebudai.sk\/hu\/wp-json\/wp\/v2\/product"}],"about":[{"href":"https:\/\/zbranebudai.sk\/hu\/wp-json\/wp\/v2\/types\/product"}],"wp:featuredmedia":[{"embeddable":true,"href":"https:\/\/zbranebudai.sk\/hu\/wp-json\/wp\/v2\/media\/21473"}],"wp:attachment":[{"href":"https:\/\/zbranebudai.sk\/hu\/wp-json\/wp\/v2\/media?parent=21414"}],"wp:term":[{"taxonomy":"product_brand","embeddable":true,"href":"https:\/\/zbranebudai.sk\/hu\/wp-json\/wp\/v2\/product_brand?post=21414"},{"taxonomy":"product_cat","embeddable":true,"href":"https:\/\/zbranebudai.sk\/hu\/wp-json\/wp\/v2\/product_cat?post=21414"},{"taxonomy":"product_tag","embeddable":true,"href":"https:\/\/zbranebudai.sk\/hu\/wp-json\/wp\/v2\/product_tag?post=21414"}],"curies":[{"name":"wp","href":"https:\/\/api.w.org\/{rel}","templated":true}]}}