{"id":21413,"date":"2026-02-14T15:26:11","date_gmt":"2026-02-14T13:26:11","guid":{"rendered":"https:\/\/zbranebudai.sk\/?post_type=product&#038;p=21413"},"modified":"2026-02-27T12:36:43","modified_gmt":"2026-02-27T10:36:43","slug":"pard-nv007v-nv007a-40-mm-es-eredeti-szerelesi-adapter","status":"publish","type":"product","link":"https:\/\/zbranebudai.sk\/hu\/product\/pard-nv007v-nv007a-40-mm-originalny-montazny-adapter\/","title":{"rendered":"Pard NV007V, NV007A 40mm-es eredeti r\u00f6gz\u00edt\u0151 adapter"},"content":{"rendered":"<p><strong>Pard NV007V, NV007A 40mm-es eredeti r\u00f6gz\u00edt\u0151 adapter<\/strong> Eredeti 40 mm \u00e1tm\u00e9r\u0151j\u0171, a Pard NV007V \u00e9s NV007A \u00e9jjell\u00e1t\u00f3 tart\u00f3hoz val\u00f3, a Pard technol\u00f3gia \u00e1ltal gy\u00e1rtott 40 mm \u00e1tm\u00e9r\u0151j\u0171 r\u00f6gz\u00edt\u0151 adapter.<\/p>","protected":false},"excerpt":{"rendered":"<p>Eredeti, 40 mm \u00e1tm\u00e9r\u0151j\u0171 r\u00f6gz\u00edt\u0151 adapter a Pard NV007V \u00e9s NV007A felcsavarhat\u00f3 \u00e9jjell\u00e1t\u00f3khoz, a Pard technology gy\u00e1rt\u00f3t\u00f3l.<\/p>","protected":false},"featured_media":21472,"template":"","meta":{"_gspb_post_css":""},"product_brand":[],"product_cat":[2752],"product_tag":[237,229],"class_list":{"0":"post-21413","1":"product","2":"type-product","3":"status-publish","4":"has-post-thumbnail","6":"product_cat-adapter-2","7":"product_tag-adapter","8":"product_tag-pard","10":"first","11":"instock","12":"sale","13":"taxable","14":"shipping-taxable","15":"purchasable","16":"product-type-simple"},"ct_brands":[],"_links":{"self":[{"href":"https:\/\/zbranebudai.sk\/hu\/wp-json\/wp\/v2\/product\/21413","targetHints":{"allow":["GET"]}}],"collection":[{"href":"https:\/\/zbranebudai.sk\/hu\/wp-json\/wp\/v2\/product"}],"about":[{"href":"https:\/\/zbranebudai.sk\/hu\/wp-json\/wp\/v2\/types\/product"}],"wp:featuredmedia":[{"embeddable":true,"href":"https:\/\/zbranebudai.sk\/hu\/wp-json\/wp\/v2\/media\/21472"}],"wp:attachment":[{"href":"https:\/\/zbranebudai.sk\/hu\/wp-json\/wp\/v2\/media?parent=21413"}],"wp:term":[{"taxonomy":"product_brand","embeddable":true,"href":"https:\/\/zbranebudai.sk\/hu\/wp-json\/wp\/v2\/product_brand?post=21413"},{"taxonomy":"product_cat","embeddable":true,"href":"https:\/\/zbranebudai.sk\/hu\/wp-json\/wp\/v2\/product_cat?post=21413"},{"taxonomy":"product_tag","embeddable":true,"href":"https:\/\/zbranebudai.sk\/hu\/wp-json\/wp\/v2\/product_tag?post=21413"}],"curies":[{"name":"wp","href":"https:\/\/api.w.org\/{rel}","templated":true}]}}